{"id":2301,"date":"2021-09-10T23:49:33","date_gmt":"2021-09-10T21:49:33","guid":{"rendered":"https:\/\/www.leaplytics.de\/?page_id=2301"},"modified":"2022-05-08T00:34:51","modified_gmt":"2022-05-07T22:34:51","slug":"zarzadzanie-projektami-niestandardowe-wizualizacje-microsoft-powerbi","status":"publish","type":"page","link":"https:\/\/www.leaplytics.de\/pl\/strona-glowna\/zarzadzanie-projektami-niestandardowe-wizualizacje-microsoft-powerbi\/","title":{"rendered":"Niestandardowe wizualizacje zarz\u0105dzania projektami dla Microsoft Power BI"},"content":{"rendered":"<p><strong>Wydajne i zwi\u0105zane z biznesem<\/strong> jest znakiem towarowym LeapLytics i warto\u015bci\u0105 dodan\u0105 naszych rozwi\u0105za\u0144.<\/p>\n<p>Nasze niestandardowe wizualizacje zarz\u0105dzania projektami dla Microsoft Power BI s\u0105 oficjalnie zatwierdzone przez Microsoft i zawieraj\u0105 Twoje indywidualne rozwi\u0105zania. Skorzystaj z r\u00f3\u017cnych mo\u017cliwo\u015bci, aby ulepszy\u0107 sw\u00f3j pulpit nawigacyjny i wdro\u017cy\u0107 swoje pomys\u0142y. Rozszerzenia maj\u0105 przejrzyst\u0105 struktur\u0119 i s\u0105 tworzone z my\u015bl\u0105 o u\u017cytkowniku, aby uczyni\u0107 je jak najbardziej intuicyjnymi, nie rezygnuj\u0105c z wa\u017cnych funkcji.<\/p>\n<p>Dlatego kompleksowa dokumentacja ze szczeg\u00f3\u0142owym opisem mo\u017cliwych przypadk\u00f3w u\u017cycia przyspiesza u\u017cycie i wdro\u017cenie.<\/p>\n<p>Poni\u017cej znajduj\u0105 si\u0119 dost\u0119pne wizualizacje i mo\u017cna zapozna\u0107 si\u0119 z ich funkcjonalno\u015bci\u0105, klikaj\u0105c na obrazki.<\/p>\n<p>\u00a0<\/p>\n\n\n<div class=\"wp-block-media-text alignwide is-stacked-on-mobile\" style=\"grid-template-columns:43% auto\"><figure class=\"wp-block-media-text__media\"><a href=\"https:\/\/www.leaplytics.de\/pl\/strona-glowna\/project-management-visuals-ms-powerbi\/wizualizacje-sygnalizacji-swietlnej-dla-power-bi\/\"><img loading=\"lazy\" decoding=\"async\" width=\"287\" height=\"300\" src=\"https:\/\/www.leaplytics.de\/wp-content\/uploads\/2021\/11\/TrafficLight300pixel.png\" alt=\"\" class=\"wp-image-2361 size-full\" srcset=\"https:\/\/www.leaplytics.de\/wp-content\/uploads\/2021\/11\/TrafficLight300pixel.png 287w, https:\/\/www.leaplytics.de\/wp-content\/uploads\/2021\/11\/TrafficLight300pixel-57x60.png 57w\" sizes=\"auto, (max-width: 287px) 100vw, 287px\" \/><\/a><\/figure><div class=\"wp-block-media-text__content\">\n<p class=\"has-large-font-size\">Niestandardowa wizualizacja sygnalizacji \u015bwietlnej<\/p>\n<\/div><\/div>\n\n\n\n<p><\/p>","protected":false},"excerpt":{"rendered":"<p>Wydajno\u015b\u0107 i powi\u0105zanie z biznesem to znak towarowy LeapLytics i warto\u015b\u0107 dodana naszych rozwi\u0105za\u0144.\u00a0<\/p>","protected":false},"author":1,"featured_media":0,"parent":111,"menu_order":0,"comment_status":"closed","ping_status":"closed","template":"","meta":{"footnotes":""},"class_list":["post-2301","page","type-page","status-publish","hentry","latest_post"],"_links":{"self":[{"href":"https:\/\/www.leaplytics.de\/pl\/wp-json\/wp\/v2\/pages\/2301","targetHints":{"allow":["GET"]}}],"collection":[{"href":"https:\/\/www.leaplytics.de\/pl\/wp-json\/wp\/v2\/pages"}],"about":[{"href":"https:\/\/www.leaplytics.de\/pl\/wp-json\/wp\/v2\/types\/page"}],"author":[{"embeddable":true,"href":"https:\/\/www.leaplytics.de\/pl\/wp-json\/wp\/v2\/users\/1"}],"replies":[{"embeddable":true,"href":"https:\/\/www.leaplytics.de\/pl\/wp-json\/wp\/v2\/comments?post=2301"}],"version-history":[{"count":0,"href":"https:\/\/www.leaplytics.de\/pl\/wp-json\/wp\/v2\/pages\/2301\/revisions"}],"up":[{"embeddable":true,"href":"https:\/\/www.leaplytics.de\/pl\/wp-json\/wp\/v2\/pages\/111"}],"wp:attachment":[{"href":"https:\/\/www.leaplytics.de\/pl\/wp-json\/wp\/v2\/media?parent=2301"}],"curies":[{"name":"wp","href":"https:\/\/api.w.org\/{rel}","templated":true}]}}