{"id":368,"date":"2020-10-20T21:17:49","date_gmt":"2020-10-20T19:17:49","guid":{"rendered":"https:\/\/www.leaplytics.de\/?page_id=368"},"modified":"2020-10-20T21:32:37","modified_gmt":"2020-10-20T19:32:37","slug":"odcisk","status":"publish","type":"page","link":"https:\/\/www.leaplytics.de\/pl\/odcisk\/","title":{"rendered":"Nadruk"},"content":{"rendered":"<p>Angaben gem\u00e4\u00df \u00a7 5 TMG<\/p><p>LeapLytics GmbH<br \/>Stefan Preusler &amp; Dominik Galsheimer<br \/>Teutonenweg 18<br \/>63128 Dietzenbach<br \/>Niemcy<br \/><\/p><p><b>Vertreten durch:<\/b> Stefan Preusler &amp; Dominik Galsheimer<br \/><\/p><p><b>Kontakt:<\/b><br\/>E-mail: <img decoding=\"async\" class=\"dsgvoaio_emailpng\" src=\"https:\/\/www.leaplytics.de\/wp-content\/dsgvo-all-in-one-wp-pro\/sserdaliame.png\"><br\/><\/p><p><b>Registereintrag:<\/b><br\/>Registergericht: Amtsgericht Offenbach am Main<br\/>Registernummer: HRB 53774<br\/><\/p><p><b>Umsatzsteuer-ID:<\/b> DE344747402<\/p><b>Haftungsausschluss<\/b><br \/><b>Haftung f\u00fcr Links:<\/b><p>Nasza oferta zawiera linki do zewn\u0119trznych stron internetowych, na kt\u00f3rych tre\u015bci nie mamy \u017cadnego wp\u0142ywu. W zwi\u0105zku z tym nie mo\u017cemy pobiera\u0107 \u017cadnych op\u0142at za te bezp\u0142atne tre\u015bci. W odniesieniu do tre\u015bci zawartych na podlinkowanych stronach w\u0142a\u015bciwy jest wy\u0142\u0105cznie ich administrator lub zleceniodawca. Podlinkowane strony zosta\u0142y z chwil\u0105 ich podlinkowania do odpowiednich przepis\u00f3w prawa. Rechtswidrige Inhalte waren zum Zeitpunkt der Verlinkung nicht erkennbar. Eine permanente inhaltliche Kontrolle der verlinkten Seiten ist jedoch ohne konkrete Anhaltspunkte einer Rechtsverletzung nicht zumutbar. W przypadku wyst\u0105pienia narusze\u0144 praw, b\u0119dziemy przekazywa\u0107 odpowiednie linki.<\/p><b>Haftung f\u00fcr Inhalt:<\/b><p>Nasze strony internetowe zosta\u0142y stworzone z wi\u0119kszym rozmachem. Ze wzgl\u0119du na bogactwo, kompletno\u015b\u0107 i aktualno\u015b\u0107 tre\u015bci nie ponosimy \u017cadnej odpowiedzialno\u015bci. Jako Diensteanbieter jeste\u015bmy zgodnie z \u00a7 7 Abs.1 TMG dla w\u0142asnych Inhalte na tych stronach zgodnie z allgemeinen Gesetzen verantwortlich. Zgodnie z \u00a7 8 i 10 TMG, jako Diensteanbieter nie jeste\u015bmy jednak zobowi\u0105zani do ujawniania przekazanych lub rozpowszechnionych informacji, ani do ujawniania Um\u00f3w, kt\u00f3re naruszaj\u0105 prawo. Niedopuszczalne s\u0105 jakiekolwiek dzia\u0142ania maj\u0105ce na celu wprowadzanie lub kontrolowanie wykorzystania informacji zgodnie z og\u00f3lnymi zasadami. Eine diesbez\u00fcgliche Haftung ist jedoch erst ab dem Zeitpunkt der Kenntnis einer konkreten Rechtsverletzung m\u00f6glich. W przypadku zaistnienia jakichkolwiek roszcze\u0144 z tytu\u0142u r\u0119kojmi, niniejsze informacje nie b\u0119d\u0105 brane pod uwag\u0119.<\/p><b>Urheberrecht<\/b><br \/><p>Die durch die Seitenbetreiber erstellten Inhalte und Werke auf diesen Seiten unterliegen dem deutschen Urheberrecht. Wszelkie przetwarzanie, opracowywanie, przekszta\u0142canie i jakakolwiek forma weryfikacji zgodnie z zasadami prawa autorskiego wymagaj\u0105 pisemnej zgody autora lub sprzedawcy. Pliki do pobrania i kopie na tej stronie s\u0105 przeznaczone wy\u0142\u0105cznie do prywatnego, niekomercyjnego u\u017cytku. W przypadku, gdy tre\u015bci na tej stronie nie zosta\u0142y utworzone przez Betreiber, nale\u017cy przestrzega\u0107 praw os\u00f3b trzecich. Inbesondere werden Inhalte Dritter als solche gekennzeichnet. Je\u015bli w zwi\u0105zku z tym nie b\u0119dziesz mie\u0107 pewno\u015bci co do naruszenia praw autorskich, otrzymasz od nas stosown\u0105 wskaz\u00f3wk\u0119. W przypadku wyst\u0105pienia narusze\u0144 praw b\u0119dziemy przekazywa\u0107 odpowiednie informacje.<\/p>","protected":false},"excerpt":{"rendered":"","protected":false},"author":1,"featured_media":0,"parent":0,"menu_order":0,"comment_status":"closed","ping_status":"closed","template":"","meta":{"footnotes":""},"class_list":["post-368","page","type-page","status-publish","hentry","latest_post"],"_links":{"self":[{"href":"https:\/\/www.leaplytics.de\/pl\/wp-json\/wp\/v2\/pages\/368","targetHints":{"allow":["GET"]}}],"collection":[{"href":"https:\/\/www.leaplytics.de\/pl\/wp-json\/wp\/v2\/pages"}],"about":[{"href":"https:\/\/www.leaplytics.de\/pl\/wp-json\/wp\/v2\/types\/page"}],"author":[{"embeddable":true,"href":"https:\/\/www.leaplytics.de\/pl\/wp-json\/wp\/v2\/users\/1"}],"replies":[{"embeddable":true,"href":"https:\/\/www.leaplytics.de\/pl\/wp-json\/wp\/v2\/comments?post=368"}],"version-history":[{"count":0,"href":"https:\/\/www.leaplytics.de\/pl\/wp-json\/wp\/v2\/pages\/368\/revisions"}],"wp:attachment":[{"href":"https:\/\/www.leaplytics.de\/pl\/wp-json\/wp\/v2\/media?parent=368"}],"curies":[{"name":"wp","href":"https:\/\/api.w.org\/{rel}","templated":true}]}}