{"id":699,"date":"2020-12-07T20:33:50","date_gmt":"2020-12-07T19:33:50","guid":{"rendered":"https:\/\/www.leaplytics.de\/?page_id=699"},"modified":"2024-11-04T10:02:48","modified_gmt":"2024-11-04T09:02:48","slug":"rozszerzenie-macierzy-ryzyka-dla-qliksense","status":"publish","type":"page","link":"https:\/\/www.leaplytics.de\/pl\/strona-glowna\/rozszerzenia-qlik-sense\/rozszerzenie-macierzy-ryzyka-dla-qliksense\/","title":{"rendered":"Rozszerzenie Risk Matrix dla Qlik Sense"},"content":{"rendered":"<p>Uzyskaj ostry wizualny widok swoich profili ryzyka dzi\u0119ki Risk Matrix \/ Heatmap dla Qlik Sense! Rozszerzenie to s\u0142u\u017cy do wizualizacji profili mierzonych za pomoc\u0105 macierzy dw\u00f3ch wska\u017anik\u00f3w KPI i r\u00f3\u017cnych kategorii. Jest w stanie wizualizowa\u0107 wiele wska\u017anik\u00f3w na pole. Mo\u017cesz dowolnie i dynamicznie wybiera\u0107 wszystkie wyra\u017cenia mi\u0119dzy macierz\u0105 3\u00d73 i 5\u00d75. R\u00f3\u017cne ustawienia, takie jak niestandardowe kolory, elastyczne obramowanie i ustawienia tekstu, dostosowuj\u0105 to rozszerzenie do potrzeb raportowania.<\/p>\n\n\n\n<div style=\"height:10px\" aria-hidden=\"true\" class=\"wp-block-spacer\"><\/div>\n\n\n<div class=\"wp-block-image\">\n<figure class=\"aligncenter size-large\"><img loading=\"lazy\" decoding=\"async\" width=\"1024\" height=\"576\" src=\"https:\/\/www.leaplytics.de\/wp-content\/uploads\/2022\/04\/First_Slice_Risk_Map_QlikSense_stone-1024x576.png\" alt=\"\" class=\"wp-image-6471\" srcset=\"https:\/\/www.leaplytics.de\/wp-content\/uploads\/2022\/04\/First_Slice_Risk_Map_QlikSense_stone-1024x576.png 1024w, https:\/\/www.leaplytics.de\/wp-content\/uploads\/2022\/04\/First_Slice_Risk_Map_QlikSense_stone-300x169.png 300w, https:\/\/www.leaplytics.de\/wp-content\/uploads\/2022\/04\/First_Slice_Risk_Map_QlikSense_stone-768x432.png 768w, https:\/\/www.leaplytics.de\/wp-content\/uploads\/2022\/04\/First_Slice_Risk_Map_QlikSense_stone-107x60.png 107w, https:\/\/www.leaplytics.de\/wp-content\/uploads\/2022\/04\/First_Slice_Risk_Map_QlikSense_stone.png 1140w\" sizes=\"auto, (max-width: 1024px) 100vw, 1024px\" \/><\/figure><\/div>\n\n\n<div style=\"height:100px\" aria-hidden=\"true\" class=\"wp-block-spacer\"><\/div>\n\n\n\n<h3 class=\"wp-block-heading has-text-align-center\">Pobierz teraz!<\/h3>\n\n\n\n<div style=\"height:50px\" aria-hidden=\"true\" class=\"wp-block-spacer\"><\/div>\n\n\n\n<div class=\"wp-block-columns alignwide is-layout-flex wp-container-core-columns-is-layout-1 wp-block-columns-is-layout-flex\">\n<div class=\"wp-block-column has-text-color has-background has-link-color wp-elements-dfea0d1df7d7210c16180380cb297c35 is-layout-flow wp-block-column-is-layout-flow\" style=\"color:#000000;background-color:#eeeeee;padding-top:2em;padding-right:2em;padding-bottom:2em;padding-left:2em\">\n<h2 class=\"wp-block-heading\" id=\"single\" style=\"font-size:40px\"><strong>Wersja BEZP\u0141ATNA<\/strong><\/h2>\n\n\n\n<div style=\"height:10px\" aria-hidden=\"true\" class=\"wp-block-spacer\"><\/div>\n\n\n\n<p class=\"has-normal-font-size\" style=\"line-height:1.5\">BEZP\u0141ATNA wersja LeapLytics - Risk Matrix jest dost\u0119pna za darmo przez cztery tygodnie na dowolnym serwerze i w dowolnej firmie. Sprawd\u017a ju\u017c teraz, czy nasze rozwi\u0105zanie spe\u0142nia Twoje wymagania.<\/p>\n\n\n\n<div style=\"height:10px\" aria-hidden=\"true\" class=\"wp-block-spacer\"><\/div>\n\n\n\n<hr class=\"wp-block-separator has-text-color has-css-opacity has-background is-style-wide\" style=\"background-color:#000000;color:#000000\"\/>\n\n\n\n<div style=\"height:10px\" aria-hidden=\"true\" class=\"wp-block-spacer\"><\/div>\n\n\n\n<p><i class=\"fas fa-check\"><\/i> Znak wodny usuni\u0119ty<\/p>\n\n\n\n<p><i class=\"fas fa-check\"><\/i> Indywidualny rozmiar siatki<\/p>\n\n\n\n<p><i class=\"fas fa-check\"><\/i> Schemat kolor\u00f3w zdefiniowany przez u\u017cytkownika<\/p>\n\n\n\n<p><i class=\"fas fa-check\"><\/i> Inwerter kolor\u00f3w<\/p>\n\n\n\n<p><i class=\"fas fa-check\"><\/i> Ustawienia granic<\/p>\n\n\n\n<p><i class=\"fas fa-check\"><\/i> Ustawienia osi<\/p>\n\n\n\n<p><i class=\"fas fa-check\"><\/i> Ustawienia wska\u017anika<\/p>\n\n\n\n<p><i class=\"fas fa-check\"><\/i> Ustawienia tekstu<\/p>\n\n\n\n<p><i class=\"fas fa-check\"><\/i> Ustawienia kolor\u00f3w<\/p>\n\n\n\n<p><i class=\"fas fa-check\"><\/i> Nawigacja i dzia\u0142ania<\/p>\n\n\n\n<p><i class=\"fas fa-check\"><\/i> Do druku*<\/p>\n\n\n\n<div class=\"wp-block-buttons alignfull is-horizontal is-content-justification-center is-layout-flex wp-container-core-buttons-is-layout-1 wp-block-buttons-is-layout-flex\">\n<div class=\"wp-block-button\"><a class=\"wp-block-button__link has-white-color has-text-color wp-element-button\" href=\"https:\/\/developer.qlik.com\/garden\/5fd6531adae7960011eb30ec\" target=\"_blank\" rel=\"noreferrer noopener\">Pobierz BEZP\u0141ATN\u0104 wersj\u0119<\/a><\/div>\n<\/div>\n<\/div>\n\n\n\n<div class=\"wp-block-column has-text-color has-background has-link-color wp-elements-6ae2b82b5852519cfb4d42d032a83f17 is-layout-flow wp-block-column-is-layout-flow\" style=\"color:#000000;background-color:#98bd00;padding-top:2em;padding-right:2em;padding-bottom:2em;padding-left:2em\">\n<h2 class=\"wp-block-heading\" id=\"family\" style=\"font-size:40px\"><strong>Wersja PRO<\/strong><\/h2>\n\n\n\n<div style=\"height:10px\" aria-hidden=\"true\" class=\"wp-block-spacer\"><\/div>\n\n\n\n<p class=\"has-normal-font-size\" style=\"line-height:1.5\">Wersja PRO LeapLytics - Risk Matrix uwalnia pe\u0142n\u0105 moc tej wizualizacji. Jedna licencja na serwer i firm\u0119 - jedna cena na rok.<\/p>\n\n\n\n<div style=\"height:10px\" aria-hidden=\"true\" class=\"wp-block-spacer\"><\/div>\n\n\n\n<hr class=\"wp-block-separator has-text-color has-black-color has-css-opacity has-black-background-color has-background is-style-wide\"\/>\n\n\n\n<div style=\"height:10px\" aria-hidden=\"true\" class=\"wp-block-spacer\"><\/div>\n\n\n\n<p><i class=\"fas fa-check\"><\/i>  Znak wodny usuni\u0119ty<\/p>\n\n\n\n<p><i class=\"fas fa-check\"><\/i>  Indywidualny rozmiar siatki<\/p>\n\n\n\n<p><i class=\"fas fa-check\"><\/i>  Schemat kolor\u00f3w zdefiniowany przez u\u017cytkownika<\/p>\n\n\n\n<p><i class=\"fas fa-check\"><\/i>  Inwerter kolor\u00f3w<\/p>\n\n\n\n<p><i class=\"fas fa-check\"><\/i>  Ustawienia granic<\/p>\n\n\n\n<p><i class=\"fas fa-check\"><\/i>  Ustawienia osi<\/p>\n\n\n\n<p><i class=\"fas fa-check\"><\/i>  Ustawienia wska\u017anika<\/p>\n\n\n\n<p><i class=\"fas fa-check\"><\/i>  Ustawienia tekstu<\/p>\n\n\n\n<p><i class=\"fas fa-check\"><\/i>  Ustawienia kolor\u00f3w<\/p>\n\n\n\n<p><i class=\"fas fa-check\"><\/i>  Nawigacja i dzia\u0142ania<\/p>\n\n\n\n<p><i class=\"fas fa-check\"><\/i>  Do druku*<\/p>\n\n\n\n<div class=\"wp-block-buttons alignfull is-horizontal is-content-justification-center is-layout-flex wp-container-core-buttons-is-layout-2 wp-block-buttons-is-layout-flex\">\n<div class=\"wp-block-button\"><a class=\"wp-block-button__link has-white-color has-text-color wp-element-button\" href=\"https:\/\/shop.leaplytics.de\/product\/power-bi-risk-heatmap\/\">Pobierz wersj\u0119 PRO<\/a><\/div>\n<\/div>\n<\/div>\n<\/div>\n\n\n\n<p>* zob. <a href=\"https:\/\/community.qlik.com\/t5\/Knowledge\/Qlik-Sense-Enterprise-SaaS-Third-party-extensions-cannot-be\/ta-p\/1755264\">Ograniczenia QlikSense <\/a><\/p>\n\n\n\n<div style=\"height:100px\" aria-hidden=\"true\" class=\"wp-block-spacer\"><\/div>\n\n\n\n<h3 class=\"wp-block-heading has-text-align-center\">Dokumentacja<\/h3>\n\n\n\n<div style=\"height:50px\" aria-hidden=\"true\" class=\"wp-block-spacer\"><\/div>\n\n\n<div class=\"_df_book df-lite\" id=\"df_726\"  _slug=\"risk-heatmap\" data-title=\"risk-heatmap\" wpoptions=\"true\" thumb=\"https:\/\/www.leaplytics.de\/wp-content\/uploads\/2020\/12\/Risk-Map-picture.jpg\" thumbtype=\"\" ><\/div><script class=\"df-shortcode-script\" nowprocket type=\"application\/javascript\">window.option_df_726 = {\"outline\":[],\"autoEnableOutline\":\"false\",\"autoEnableThumbnail\":\"false\",\"overwritePDFOutline\":\"false\",\"backgroundImage\":\"https:\\\/\\\/www.leaplytics.de\\\/wp-content\\\/uploads\\\/2020\\\/10\\\/mathew-schwartz-sb7RUrRMaC4-unsplash-scaled.jpg\",\"direction\":\"1\",\"pageSize\":\"0\",\"source\":\"https:\\\/\\\/www.leaplytics.de\\\/wp-content\\\/uploads\\\/2022\\\/02\\\/Risk-Heatmap-Qlik-Sense-User-Documentation_Pro_1.4.0.0.pdf\",\"wpOptions\":\"true\"}; if(window.DFLIP && window.DFLIP.parseBooks){window.DFLIP.parseBooks();}<\/script>\n\n\n\n<div style=\"height:50px\" aria-hidden=\"true\" class=\"wp-block-spacer\"><\/div>\n\n\n\n<div class=\"wp-block-buttons is-content-justification-center is-layout-flex wp-container-core-buttons-is-layout-3 wp-block-buttons-is-layout-flex\">\n<div class=\"wp-block-button\"><a class=\"wp-block-button__link wp-element-button\" href=\"https:\/\/www.leaplytics.de\/wp-content\/uploads\/2022\/02\/Risk-Heatmap-Qlik-Sense-User-Documentation_Pro_1.4.0.0.pdf\" target=\"_blank\" rel=\"noreferrer noopener\">Pobierz dokumentacj\u0119<\/a><\/div>\n<\/div>\n\n\n\n<div style=\"height:50px\" aria-hidden=\"true\" class=\"wp-block-spacer\"><\/div>\n\n\n\n<p>Subskrybuj tutaj, aby otrzymywa\u0107 ekskluzywne aktualizacje i wydania: <a href=\"https:\/\/www.leaplytics.de\/pl\/subscribe_product\/\">Subskrypcja<\/a><\/p>\n\n\n\n<hr class=\"wp-block-separator has-css-opacity is-style-default\"\/>\n\n\n\n<h2 class=\"wp-block-heading\" id=\"introduction-risk-heatmap-extension-for-qlik-sense\">Wprowadzenie Rozszerzenie Risk Matrix dla Qlik Sense<\/h2>\n\n\n\n<p>Uzyskaj ostry wizualny widok swoich profili ryzyka dzi\u0119ki Risk Matrix dla Qlik Sense! Rozszerzenie zosta\u0142o stworzone w celu wizualizacji profili, kt\u00f3re s\u0105 mierzone w macierzy dw\u00f3ch wska\u017anik\u00f3w KPI i r\u00f3\u017cnych kategorii. Jest w stanie wizualizowa\u0107 wiele wska\u017anik\u00f3w w ka\u017cdym polu. Mo\u017cesz dowolnie i dynamicznie wybiera\u0107 wszystkie wyra\u017cenia mi\u0119dzy macierz\u0105 3\u00d73 i 5\u00d75. R\u00f3\u017cne ustawienia, takie jak niestandardowe kolory, elastyczne obramowanie i ustawienia tekstu, dostosowuj\u0105 to rozszerzenie do potrzeb raportowania.<\/p>\n\n\n<div class=\"wp-block-image is-style-default\">\n<figure class=\"alignright size-full\"><img loading=\"lazy\" decoding=\"async\" width=\"912\" height=\"775\" src=\"https:\/\/www.leaplytics.de\/wp-content\/uploads\/2022\/02\/settings.gif\" alt=\"Mapa ryzyka dla Qlik Sense\" class=\"wp-image-3060\"\/><figcaption class=\"wp-element-caption\">Szeroki zakres opcji ustawie\u0144<\/figcaption><\/figure><\/div>\n\n\n<p>Rozszerzenie to mo\u017ce by\u0107 r\u00f3wnie\u017c wykorzystywane do monitorowania i wskazywania prog\u00f3w dla wszystkich rodzaj\u00f3w miar fizycznych, wska\u017anik\u00f3w jako\u015bci i og\u00f3lnie rozbie\u017cno\u015bci. Dzi\u0119ki temu mo\u017ce by\u0107 stosowane w szerokiej liczbie przypadk\u00f3w u\u017cycia, kt\u00f3re wyst\u0119puj\u0105 w r\u00f3\u017cnych firmach. Poni\u017csza lista przedstawia wyb\u00f3r mo\u017cliwych przypadk\u00f3w u\u017cycia, kt\u00f3re zosta\u0142y ju\u017c wdro\u017cone:<\/p>\n\n\n\n<p><strong>Zarz\u0105dzanie projektami<\/strong>: Wizualizacja profili ryzyka i mo\u017cliwo\u015bci dla projektu, programu lub portfela.<\/p>\n\n\n\n<p><strong>IT<\/strong>: Wskazuje aplikacje, kt\u00f3re znajduj\u0105 si\u0119 w zielonym, \u017c\u00f3\u0142tym lub czerwonym obszarze stanu (wydajno\u015b\u0107, zdrowie).<\/p>\n\n\n\n<hr class=\"wp-block-separator has-css-opacity\"\/>\n\n\n\n<h3 class=\"wp-block-heading\" id=\"getting-started-with-our-risk-heatmap-for-qlik-sense\">Pierwsze kroki z nasz\u0105 matryc\u0105 ryzyka dla Qlik Sense<\/h3>\n\n\n<p>Otwarty <a href=\"https:\/\/www.qlik.com\/de-de\/products\/qlik-sense\" target=\"_blank\" rel=\"noopener\">Qlik Sense<\/a> i odpowiedni\u0105 aplikacj\u0119, w kt\u00f3rej chcesz u\u017cy\u0107 rozszerzenia \"Risk Matrix\". Otw\u00f3rz arkusz w trybie edycji, a rozszerzenie znajdziesz w sekcji \"Obiekty niestandardowe\". Przeci\u0105gnij i upu\u015b\u0107 rozszerzenie do dowolnego obszaru na pulpicie nawigacyjnym (<em>Wygl\u0105d rozszerzenia mo\u017cna zmieni\u0107 p\u00f3\u017aniej w ustawieniach zaawansowanych).<\/em><\/p>\n\n<div class=\"wp-block-image\">\n<figure class=\"alignright size-full\"><img decoding=\"async\" src=\"https:\/\/www.leaplytics.de\/wp-content\/uploads\/2022\/02\/drag-drop.gif\" alt=\"Ustawienia pocz\u0105tkowe i konfiguracja mapy ryzyka Qlik Sense\" class=\"wp-image-3060\"\/><figcaption class=\"wp-element-caption\">Szeroki zakres opcji ustawie\u0144<\/figcaption><\/figure><\/div>\n\n<p>Po umieszczeniu instancji rozszerzenia na pulpicie nawigacyjnym, po prawej stronie pojawi si\u0119 nast\u0119puj\u0105cy panel w\u0142a\u015bciwo\u015bci. Panel w\u0142a\u015bciwo\u015bci jest podzielony na nast\u0119puj\u0105ce sekcje:\u00a0 \u00a0 \u00a0 \u00a0 \u00a0 \u00a0 \u00a0 \u00a0 \u00a0 \u00a0 \u00a0 \u00a0 \u00a0 \u00a0 \u00a0 \u00a0 \u00a0 \u00a0 \u00a0 \u00a0 \u00a0 \u00a0 \u00a0 \u00a0 \u00a0 \u00a0 \u00a0 \u00a0 \u00a0 \u00a0 \u00a0 \u00a0 \u00a0 \u00a0 \u00a0 \u00a0 \u00a0 \u00a0 \u00a0 \u00a0 \u00a0 \u00a0 \u00a0 \u00a0 \u00a0 \u00a0 \u00a0\u00a0<\/p>\n<ul>\n<li>\u015arodki<\/li>\n<li>Wymiary<\/li>\n<li>Zakresy (og\u00f3lny uk\u0142ad matrycy)<\/li>\n<li>Ustawienia siatki (wszystko wewn\u0105trz matrycy)<\/li>\n<li>Ustawienia osi (wszystko wok\u00f3\u0142 matrycy)<\/li>\n<li>Ustawienia wska\u017anika (wszystko dotycz\u0105ce zawarto\u015bci matrycy)<\/li>\n<li>O \u00a0\u00a0\u00a0\u00a0\u00a0\u00a0\u00a0\u00a0\u00a0\u00a0\u00a0\u00a0\u00a0\u00a0 \u00a0\u00a0\u00a0\u00a0\u00a0\u00a0\u00a0\u00a0\u00a0\u00a0\u00a0\u00a0\u00a0\u00a0\u00a0\u00a0\u00a0\u00a0\u00a0\u00a0\u00a0\u00a0\u00a0\u00a0\u00a0\u00a0\u00a0\u00a0\u00a0<\/li>\n<\/ul>\n<p>Poni\u017cej dowiesz si\u0119, jak korzysta\u0107 z rozszerzenia LeapLytics \"Risk Matrix\" i jak dostosowa\u0107 je do swoich potrzeb poprzez prawid\u0142owe u\u017cycie w\u0142a\u015bciwo\u015bci.\u00a0 \u00a0<\/p>\n\n\n<hr class=\"wp-block-separator has-css-opacity\"\/>\n\n\n\n<h3 class=\"wp-block-heading\" id=\"measures\">\u015arodki<\/h3>\n\n\n<div class=\"wp-block-image\">\n<figure class=\"alignright size-large is-resized\"><img loading=\"lazy\" decoding=\"async\" width=\"245\" height=\"329\" src=\"https:\/\/www.leaplytics.de\/wp-content\/uploads\/2020\/11\/measures.png\" alt=\"Opis miary dla mapy ryzyka Qlik Sense\" class=\"wp-image-512\" style=\"width:236px;height:317px\" srcset=\"https:\/\/www.leaplytics.de\/wp-content\/uploads\/2020\/11\/measures.png 245w, https:\/\/www.leaplytics.de\/wp-content\/uploads\/2020\/11\/measures-223x300.png 223w, https:\/\/www.leaplytics.de\/wp-content\/uploads\/2020\/11\/measures-45x60.png 45w\" sizes=\"auto, (max-width: 245px) 100vw, 245px\" \/><\/figure><\/div>\n\n<p>Miara definiuje warto\u015b\u0107 dla odpowiednich dw\u00f3ch wska\u017anik\u00f3w KPI macierzy. Pierwszy wska\u017anik KPI definiuje wska\u017anik KPI osi X, a drugi wska\u017anik KPI definiuje wska\u017anik KPI osi Y. Mo\u017cna je prze\u0142\u0105cza\u0107 indywidualnie. Macierz oczekuje warto\u015bci w zakresie od 1 do 5 (macierz 5-polowa) lub od 1 do 3 (macierz 3-polowa). Mo\u017cliwe s\u0105 r\u00f3wnie\u017c warto\u015bci dziesi\u0119tne, je\u015bli s\u0105 przydatne. Warto\u015bci mog\u0105 by\u0107 pobierane bezpo\u015brednio z modelu danych, je\u015bli system wst\u0119pny ju\u017c przechwytuje i oblicza zakres. Je\u015bli model danych zawiera dowolny rodzaj jednostek, kategorie mog\u0105 by\u0107 tworzone indywidualnie w ramach formularzy.<\/p>\n<p>Mo\u017cna doda\u0107 taki \u015brodek:<\/p>\n<ul>\n<li>Kliknij przycisk \"Dodaj miar\u0119\" w panelu w\u0142a\u015bciwo\u015bci w sekcji \"Miara\" lub klikaj\u0105c przycisk \"Dodaj miar\u0119\" w oknie rozszerzenia na pulpicie nawigacyjnym.<\/li>\n<li>Wybierz miar\u0119 z listy rozwijanej i kliknij j\u0105.<\/li>\n<li>(Opcjonalnie): Wybierz odpowiedni\u0105 dla swoich potrzeb agregacj\u0119 (Sum, Avg, Min, Max itp.) lub zdefiniuj indywidualn\u0105 formu\u0142\u0119.<\/li>\n<\/ul>\n<p>Podczas korzystania z indywidualnych formu\u0142, poni\u017csze przyk\u0142ady mog\u0105 by\u0107 traktowane jako wskaz\u00f3wki:<\/p>\n\n\n<figure class=\"wp-block-image size-large\"><img loading=\"lazy\" decoding=\"async\" width=\"744\" height=\"255\" src=\"https:\/\/www.leaplytics.de\/wp-content\/uploads\/2020\/12\/heatmap_use_cases.png\" alt=\"\" class=\"wp-image-749\" srcset=\"https:\/\/www.leaplytics.de\/wp-content\/uploads\/2020\/12\/heatmap_use_cases.png 744w, https:\/\/www.leaplytics.de\/wp-content\/uploads\/2020\/12\/heatmap_use_cases-600x206.png 600w, https:\/\/www.leaplytics.de\/wp-content\/uploads\/2020\/12\/heatmap_use_cases-300x103.png 300w, https:\/\/www.leaplytics.de\/wp-content\/uploads\/2020\/12\/heatmap_use_cases-175x60.png 175w\" sizes=\"auto, (max-width: 744px) 100vw, 744px\" \/><\/figure>\n\n\n\n<hr class=\"wp-block-separator has-css-opacity\"\/>\n\n\n\n<h3 class=\"wp-block-heading\" id=\"dimensions\">Wymiary<\/h3>\n\n\n<p>U\u017cyj wymiaru, aby nada\u0107 wska\u017anikom rzucaj\u0105c\u0105 si\u0119 w oczy nazw\u0119. Mo\u017ce to by\u0107 np. identyfikator lub kr\u00f3tka nazwa (1-2 s\u0142owa). D\u0142u\u017csze nazwy lub opisy nie s\u0105 zalecane, poniewa\u017c przestrze\u0144 samej macierzy jest ograniczona.<\/p>\n\n\n<hr class=\"wp-block-separator has-css-opacity\"\/>\n\n\n\n<h3 class=\"wp-block-heading\" id=\"advanced-settings\">Ustawienia zaawansowane<\/h3>\n\n\n\n<p>W ustawieniach matrycy mo\u017cna dokona\u0107 kilku wybor\u00f3w.<\/p>\n\n\n\n<p><strong>Ustawienia matrycy: <\/strong>Po pierwsze, mo\u017cna ustali\u0107 wsp\u00f3\u0142czynnik proporcji. Dzi\u0119ki temu wizualizacja b\u0119dzie kwadratowa. Ponadto mo\u017cna indywidualnie ustawi\u0107 rozmiar kierunku x i y za pomoc\u0105 suwaka. Je\u015bli twoje dane wykraczaj\u0105 poza te zakresy, otrzymasz wizualn\u0105 podpowied\u017a w rozszerzeniu! Ponadto mo\u017cna odwr\u00f3ci\u0107 kolory za pomoc\u0105 jednego klikni\u0119cia. Wreszcie, mo\u017cna zdefiniowa\u0107 szeroko\u015b\u0107 obramowania lub ca\u0142kowicie je wy\u0142\u0105czy\u0107.<\/p>\n\n\n\n<p><strong>Ustawienia siatki<\/strong>: U\u017cyj ustawie\u0144 siatki, aby skonfigurowa\u0107 sam\u0105 matryc\u0119, np. rozmiar lub konfiguracj\u0119 granic. Mo\u017cna r\u00f3wnie\u017c odwr\u00f3ci\u0107 kodowanie kolorami, tak aby wy\u017csza kategoria mia\u0142a kolor \"zielony\", a ni\u017csza kategoria zmienia\u0142a kolor na czerwony. Mo\u017cliwe jest r\u00f3wnie\u017c wy\u0142\u0105czenie tabeli ze szczeg\u00f3\u0142owymi warto\u015bciami.<\/p>\n\n\n\n<p><strong>Ustawienia osi:<\/strong> Ustawienia osi pozwalaj\u0105 skonfigurowa\u0107 ramk\u0119 zgodnie z w\u0142asnymi potrzebami. Mo\u017cesz zdecydowa\u0107 o wy\u0142\u0105czeniu tekst\u00f3w, osi lub wskazania wysokiego\/niskiego.<\/p>\n\n\n\n<p><strong>Ustawienia wska\u017anika:<\/strong> U\u017cyj ustawie\u0144 wska\u017anik\u00f3w, aby zmieni\u0107 rozmiar i wygl\u0105d wska\u017anik\u00f3w w siatce.<\/p>\n\n\n<div class=\"wp-block-image\">\n<figure class=\"aligncenter size-full\"><img loading=\"lazy\" decoding=\"async\" width=\"912\" height=\"775\" src=\"https:\/\/www.leaplytics.de\/wp-content\/uploads\/2022\/02\/settings.gif\" alt=\"R\u00f3\u017cne ustawienia mapy ryzyka Qlik Sense\" class=\"wp-image-3060\"\/><\/figure><\/div>\n\n\n<hr class=\"wp-block-separator has-css-opacity\"\/>\n\n\n\n<h3 class=\"wp-block-heading\" id=\"navigation-action\">Nawigacja i dzia\u0142anie<\/h3>\n\n\n\n<p>Do rozszerzenia mo\u017cna zastosowa\u0107 Nawigacj\u0119 i akcje, aby przechodzi\u0107 do arkuszy Qlik Sense, stron internetowych itp. Akcje mo\u017cna aktywowa\u0107 za pomoc\u0105 odpowiedniego przycisku. \"Matryca ryzyka\" obs\u0142uguje dwa r\u00f3\u017cne typy nawigacji:<\/p>\n\n\n\n<ul class=\"wp-block-list\">\n<li><strong>Przycisk:<\/strong> Wybierz opcj\u0119 \"Przycisk\", aby doda\u0107 przycisk pod ikon\u0105 sygnalizacji \u015bwietlnej. Nazw\u0119 przycisku mo\u017cna zmieni\u0107 za pomoc\u0105 pola \"Tekst przycisku\". Wprowad\u017a adres URL witryny internetowej lub arkusza Qlik Sense, do kt\u00f3rego chcesz przej\u015b\u0107*. Adres URL mo\u017cna otworzy\u0107 w tym samym oknie lub w osobnej karcie, korzystaj\u0105c z pola wyboru \"Otw\u00f3rz w tym samym oknie\".<\/li>\n<\/ul>\n\n\n\n<ul class=\"wp-block-list\">\n<li><strong>Obiekt:<\/strong> Alternatywnie mo\u017cna wybra\u0107 opcj\u0119 \"Obiekt\", aby ca\u0142y obiekt by\u0142 klikalny (<em>Pole \"Tekst przycisku\" zostanie ukryte<\/em>). Wprowad\u017a adres URL witryny internetowej lub arkusza Qlik Sense, do kt\u00f3rego chcesz przej\u015b\u0107*. Adres URL mo\u017cna otworzy\u0107 w tym samym oknie lub w osobnej karcie, korzystaj\u0105c z pola wyboru \"Otw\u00f3rz w tym samym oknie\".<\/li>\n<\/ul>\n\n\n\n<p>*Adresy URL zawsze musz\u0105 zaczyna\u0107 si\u0119 od \"http:\/\/www.\" lub \"https:\/\/www.\".<\/p>\n\n\n<div class=\"wp-block-image\">\n<figure class=\"aligncenter size-large\"><img loading=\"lazy\" decoding=\"async\" width=\"246\" height=\"464\" src=\"https:\/\/www.leaplytics.de\/wp-content\/uploads\/2021\/04\/Milestone_navigation-1.jpg\" alt=\"Ustawienia nawigacji i akcji dla mapy ryzyka Qlik Sense\" class=\"wp-image-1739\" srcset=\"https:\/\/www.leaplytics.de\/wp-content\/uploads\/2021\/04\/Milestone_navigation-1.jpg 246w, https:\/\/www.leaplytics.de\/wp-content\/uploads\/2021\/04\/Milestone_navigation-1-159x300.jpg 159w, https:\/\/www.leaplytics.de\/wp-content\/uploads\/2021\/04\/Milestone_navigation-1-32x60.jpg 32w\" sizes=\"auto, (max-width: 246px) 100vw, 246px\" \/><\/figure><\/div>\n\n\n<hr class=\"wp-block-separator has-css-opacity\"\/>\n\n\n<h3>Informacje o naszej matrycy ryzyka dla Qlik Sense<\/h3>\n\n\n<\/p>\n<p>To rozszerzenie Qlik Sense zosta\u0142o opracowane przez <a href=\"https:\/\/www.leaplytics.de\/pl\/\">LeapLytics<\/a>. Sekcja Informacje zawiera informacje dotycz\u0105ce tego rozszerzenia.<\/p>\n<p>\n\n\n\n<\/p>\n<p><strong>Wersja:<\/strong> Pokazuje zainstalowan\u0105 wersj\u0119 tego rozszerzenia<\/p>\n<p>\n\n\n\n<\/p>\n<p><strong>Licencja wa\u017cna do:<\/strong> Pokazuje dat\u0119 wyga\u015bni\u0119cia licencji<\/p>\n<p>\n\n\n\n<\/p>\n<p><strong>Licencja wa\u017cna na serwerze:<\/strong> Pokazuje, na kt\u00f3rym ID serwera mo\u017cna u\u017cy\u0107 tego rozszerzenia.\n\n\n\n<hr class=\"wp-block-separator has-css-opacity\"\/>\n\n\n<h3>Historia wersji<\/h3>\n\n\n<figure class=\"wp-block-table is-style-stripes\"><table><tbody><tr><td class=\"has-text-align-center\" data-align=\"center\"><strong>Wersja<\/strong><\/td><td class=\"has-text-align-center\" data-align=\"center\"><strong>Data<\/strong><\/td><td class=\"has-text-align-left\" data-align=\"left\"><strong>Tre\u015b\u0107<\/strong><\/td><\/tr><tr><td class=\"has-text-align-center\" data-align=\"center\">1.4<\/td><td class=\"has-text-align-center\" data-align=\"center\">14.02.2022<\/td><td class=\"has-text-align-left\" data-align=\"left\">Nowy interfejs API<\/td><\/tr><tr><td class=\"has-text-align-center\" data-align=\"center\">1.3<\/td><td class=\"has-text-align-center\" data-align=\"center\">13.12.2021<\/td><td class=\"has-text-align-left\" data-align=\"left\">Aktualizacja matrycy ryzyka<\/td><\/tr><tr><td class=\"has-text-align-center\" data-align=\"center\">1.2<\/td><td class=\"has-text-align-center\" data-align=\"center\">26.04.2021<\/td><td class=\"has-text-align-left\" data-align=\"left\">Dodano nawigacj\u0119 i akcje,<br>Obs\u0142uga ponad 9 zagro\u017ce\u0144<br>Przewijana tabela wska\u017anik\u00f3w<\/td><\/tr><tr><td class=\"has-text-align-center\" data-align=\"center\">1.1<\/td><td class=\"has-text-align-center\" data-align=\"center\">28.01.2021<\/td><td class=\"has-text-align-left\" data-align=\"left\">Subskrypcja<br>funkcjonalno\u015b\u0107 dla<br>aktualizacje wydania &amp;<br>panel ulepszonych w\u0142a\u015bciwo\u015bci<\/td><\/tr><tr><td class=\"has-text-align-center\" data-align=\"center\">1.0<\/td><td class=\"has-text-align-center\" data-align=\"center\">13.11.2020<\/td><td class=\"has-text-align-left\" data-align=\"left\">Wersja pocz\u0105tkowa<\/td><\/tr><\/tbody><\/table><\/figure>\n\n\n\n<hr class=\"wp-block-separator has-css-opacity\"\/>\n\n\n\n<p><\/p>\n\n\n\n<div class=\"wp-block-columns are-vertically-aligned-center is-layout-flex wp-container-core-columns-is-layout-2 wp-block-columns-is-layout-flex\">\n<div class=\"wp-block-column is-vertically-aligned-center is-layout-flow wp-block-column-is-layout-flow\" style=\"flex-basis:100%\">\n<p><\/p>\n<\/div>\n<\/div>\n\n\n\n<p><\/p>","protected":false},"excerpt":{"rendered":"<p>Uzyskaj ostry wizualny widok swoich profili ryzyka dzi\u0119ki Risk Heatmap dla QilkSense! Rozszerzenie zosta\u0142o stworzone w celu wizualizacji profili, kt\u00f3re s\u0105 mierzone w macierzy dw\u00f3ch wska\u017anik\u00f3w KPI i r\u00f3\u017cnych kategorii. Jest w stanie wizualizowa\u0107 wiele wska\u017anik\u00f3w (do 4 w wersji darmowej) na pole. R\u00f3\u017cne ustawienia, takie jak \u0142atwe prze\u0142\u0105czanie mi\u0119dzy matryc\u0105 3 \u00d7 3 i 5 \u00d7 5 p\u00f3l, ustawienia obramowania i tekstu, dostosowuj\u0105 to rozszerzenie do potrzeb raportowania. <\/p>\n<p>Rozszerzenie to mo\u017ce by\u0107 r\u00f3wnie\u017c wykorzystywane do monitorowania i wskazywania prog\u00f3w dla wszystkich rodzaj\u00f3w miar fizycznych, wska\u017anik\u00f3w jako\u015bci i og\u00f3lnie rozbie\u017cno\u015bci. Dzi\u0119ki temu mo\u017ce by\u0107 stosowane w szerokiej liczbie przypadk\u00f3w u\u017cycia, kt\u00f3re wyst\u0119puj\u0105 w r\u00f3\u017cnych firmach.<\/p>","protected":false},"author":1,"featured_media":0,"parent":227,"menu_order":1,"comment_status":"closed","ping_status":"closed","template":"","meta":{"footnotes":""},"class_list":["post-699","page","type-page","status-publish","hentry","latest_post"],"_links":{"self":[{"href":"https:\/\/www.leaplytics.de\/pl\/wp-json\/wp\/v2\/pages\/699","targetHints":{"allow":["GET"]}}],"collection":[{"href":"https:\/\/www.leaplytics.de\/pl\/wp-json\/wp\/v2\/pages"}],"about":[{"href":"https:\/\/www.leaplytics.de\/pl\/wp-json\/wp\/v2\/types\/page"}],"author":[{"embeddable":true,"href":"https:\/\/www.leaplytics.de\/pl\/wp-json\/wp\/v2\/users\/1"}],"replies":[{"embeddable":true,"href":"https:\/\/www.leaplytics.de\/pl\/wp-json\/wp\/v2\/comments?post=699"}],"version-history":[{"count":5,"href":"https:\/\/www.leaplytics.de\/pl\/wp-json\/wp\/v2\/pages\/699\/revisions"}],"predecessor-version":[{"id":13676,"href":"https:\/\/www.leaplytics.de\/pl\/wp-json\/wp\/v2\/pages\/699\/revisions\/13676"}],"up":[{"embeddable":true,"href":"https:\/\/www.leaplytics.de\/pl\/wp-json\/wp\/v2\/pages\/227"}],"wp:attachment":[{"href":"https:\/\/www.leaplytics.de\/pl\/wp-json\/wp\/v2\/media?parent=699"}],"curies":[{"name":"wp","href":"https:\/\/api.w.org\/{rel}","templated":true}]}}