{"id":799,"date":"2021-01-04T21:52:31","date_gmt":"2021-01-04T20:52:31","guid":{"rendered":"https:\/\/www.leaplytics.de\/?page_id=799"},"modified":"2024-11-04T09:23:33","modified_gmt":"2024-11-04T08:23:33","slug":"pulpit-zarzadzania-projektami-qlik-sense","status":"publish","type":"page","link":"https:\/\/www.leaplytics.de\/pl\/strona-glowna\/pulpit-zarzadzania-projektami-qlik-sense\/","title":{"rendered":"Pulpit nawigacyjny zarz\u0105dzania projektami Qlik Sense"},"content":{"rendered":"<h2 class=\"wp-block-heading\" id=\"dashboard\">Pulpit nawigacyjny<\/h2>\n\n\n\n<p>Project Management Dashboard Qlik Sense kieruje si\u0119 prost\u0105 zasad\u0105: <strong>wy\u015bwietlanie odpowiednich informacji o projekcie w odpowiedniej agregacji osobom odpowiedzialnym za jeden rzut oka, umo\u017cliwiaj\u0105c im podejmowanie w\u0142a\u015bciwych decyzji<\/strong>. <\/p>\n\n\n\n<p>W \u015brodowisku projektowym istniej\u0105 r\u00f3\u017cni interesariusze, kt\u00f3rzy maj\u0105 r\u00f3\u017cne wymagania dotycz\u0105ce informacji, a ka\u017cdy z nich ma inny poziom szczeg\u00f3\u0142owo\u015bci. Poni\u017csze przyk\u0142ady pokazuj\u0105 najcz\u0119stsze dwa przeciwie\u0144stwa.  <\/p>\n\n\n\n<p><strong>Poziom portfela:<\/strong> Istniej\u0105 mened\u017cerowie portfela, kt\u00f3rzy musz\u0105 upewni\u0107 si\u0119, \u017ce w\u0142a\u015bciwe projekty s\u0105 traktowane priorytetowo z odpowiednimi zasobami. Nale\u017cy zidentyfikowa\u0107 w\u0105skie gard\u0142a i zarz\u0105dza\u0107 projektami.<\/p>\n\n\n\n<p><strong>Poziom projektu: <\/strong>Kierownicy projekt\u00f3w musz\u0105 uzyska\u0107 najni\u017cszy poziom informacji, aby mie\u0107 pod r\u0119k\u0105 wszystkie zmienne steruj\u0105ce. Z drugiej strony sponsorzy, cz\u0142onkowie komisji rewizyjnej i dyrektorzy generalni musz\u0105 otrzymywa\u0107 istotne informacje, aby podejmowa\u0107 w\u0142a\u015bciwe decyzje w ramach nadrz\u0119dnego sterowania projektem.<\/p>\n\n\n\n<p>LeapLytics Advanced Project Management Reporting zapewnia, \u017ce wszystkie wymagania dotycz\u0105ce raportowania s\u0105 mo\u017cliwe, bez wzgl\u0119du na rodzaj interesariusza lub poziom agregacji. Dzi\u0119ki zintegrowanemu procesowi informacyjnemu wszystkie informacje s\u0105 gromadzone na najni\u017cszym poziomie i agregowane zgodnie z potrzebami wszystkich mo\u017cliwych odbiorc\u00f3w.<\/p>\n\n\n\n<p>Oto dwa przyk\u0142ady raportowania statusu projektu, kt\u00f3re mo\u017cna zrealizowa\u0107 za pomoc\u0105 naszego pakietu LeapLytics Extension Suite dla QlikSense. Dashboardy wykorzystuj\u0105 bazowy model danych, kt\u00f3ry jest zgodny ze standardowymi zasadami PMI dla zarz\u0105dzania projektami. Dzi\u0119ki temu projekty w ca\u0142ym przedsi\u0119biorstwie mog\u0105 by\u0107 raportowane w zharmonizowany, wydajny i przyjazny dla u\u017cytkownika spos\u00f3b.<\/p>\n\n\n\n<h2 class=\"wp-block-heading\" id=\"project-status-report-qlik-sense\">Raport o stanie projektu Qlik Sense<\/h2>\n\n\n\n<p>Podstawowy raport o stanie projektu jest jednym z przyk\u0142ad\u00f3w Project Management Dashboard Qlik Sense i pozwala u\u017cytkownikowi wybra\u0107 dedykowany projekt oraz dat\u0119 raportowania. Otrzymuje on wszystkie niezb\u0119dne informacje przedstawione w uk\u0142adzie trzech kolumn z odpowiednimi danymi g\u0142\u00f3wnymi w nag\u0142\u00f3wku. G\u0142\u00f3wne funkcje to <a href=\"https:\/\/www.leaplytics.de\/pl\/extensions\/traffic-light\/\">Sygnalizacja \u015bwietlna<\/a> i <a href=\"https:\/\/www.leaplytics.de\/pl\/extensions\/rozszerzenie-mapy-cieplnej-ryzyka-dla-qliksense\/\">Matryca ryzyka<\/a>.<\/p>\n\n\n\n<figure class=\"wp-block-image size-large\"><img loading=\"lazy\" decoding=\"async\" width=\"1024\" height=\"600\" src=\"https:\/\/www.leaplytics.de\/wp-content\/uploads\/2021\/11\/Laptop-with-Dashboard-Page2-1024x600.png\" alt=\"\" class=\"wp-image-2407\" srcset=\"https:\/\/www.leaplytics.de\/wp-content\/uploads\/2021\/11\/Laptop-with-Dashboard-Page2-1024x600.png 1024w, https:\/\/www.leaplytics.de\/wp-content\/uploads\/2021\/11\/Laptop-with-Dashboard-Page2-300x176.png 300w, https:\/\/www.leaplytics.de\/wp-content\/uploads\/2021\/11\/Laptop-with-Dashboard-Page2-768x450.png 768w, https:\/\/www.leaplytics.de\/wp-content\/uploads\/2021\/11\/Laptop-with-Dashboard-Page2-1536x901.png 1536w, https:\/\/www.leaplytics.de\/wp-content\/uploads\/2021\/11\/Laptop-with-Dashboard-Page2-2048x1201.png 2048w, https:\/\/www.leaplytics.de\/wp-content\/uploads\/2021\/11\/Laptop-with-Dashboard-Page2-102x60.png 102w\" sizes=\"auto, (max-width: 1024px) 100vw, 1024px\" \/><figcaption class=\"wp-element-caption\">Pulpit nawigacyjny zarz\u0105dzania projektami Qlik Sense<\/figcaption><\/figure>\n\n\n\n<p>Wariant podstawowego raportu o stanie projektu zmienia uk\u0142ad na widok poziomy i dodaje widok kamieni milowych jako g\u0142\u00f3wn\u0105 funkcj\u0119, aby uzyska\u0107 przegl\u0105d odpowiednich kamieni milowych i ich docelowego osi\u0105gni\u0119cia.<\/p>\n\n\n\n<figure class=\"wp-block-image size-large\"><img loading=\"lazy\" decoding=\"async\" width=\"1024\" height=\"602\" src=\"https:\/\/www.leaplytics.de\/wp-content\/uploads\/2021\/11\/Laptop-with-Dashboard-Page3-1024x602.png\" alt=\"\" class=\"wp-image-2408\" srcset=\"https:\/\/www.leaplytics.de\/wp-content\/uploads\/2021\/11\/Laptop-with-Dashboard-Page3-1024x602.png 1024w, https:\/\/www.leaplytics.de\/wp-content\/uploads\/2021\/11\/Laptop-with-Dashboard-Page3-300x176.png 300w, https:\/\/www.leaplytics.de\/wp-content\/uploads\/2021\/11\/Laptop-with-Dashboard-Page3-768x451.png 768w, https:\/\/www.leaplytics.de\/wp-content\/uploads\/2021\/11\/Laptop-with-Dashboard-Page3-1536x903.png 1536w, https:\/\/www.leaplytics.de\/wp-content\/uploads\/2021\/11\/Laptop-with-Dashboard-Page3-2048x1204.png 2048w, https:\/\/www.leaplytics.de\/wp-content\/uploads\/2021\/11\/Laptop-with-Dashboard-Page3-102x60.png 102w\" sizes=\"auto, (max-width: 1024px) 100vw, 1024px\" \/><figcaption class=\"wp-element-caption\">Pulpit nawigacyjny zarz\u0105dzania projektami Qlik Sense<\/figcaption><\/figure>\n\n\n\n<p>Nasze rozszerzenie mo\u017ce by\u0107 r\u00f3wnie\u017c u\u017cywane w nadrz\u0119dnych panelach portfolio.<\/p>\n\n\n\n<figure class=\"wp-block-image size-large\"><img loading=\"lazy\" decoding=\"async\" width=\"1024\" height=\"599\" src=\"https:\/\/www.leaplytics.de\/wp-content\/uploads\/2021\/11\/Laptop-with-Dashboard-Page1-1024x599.png\" alt=\"\" class=\"wp-image-2406\" srcset=\"https:\/\/www.leaplytics.de\/wp-content\/uploads\/2021\/11\/Laptop-with-Dashboard-Page1-1024x599.png 1024w, https:\/\/www.leaplytics.de\/wp-content\/uploads\/2021\/11\/Laptop-with-Dashboard-Page1-300x175.png 300w, https:\/\/www.leaplytics.de\/wp-content\/uploads\/2021\/11\/Laptop-with-Dashboard-Page1-768x449.png 768w, https:\/\/www.leaplytics.de\/wp-content\/uploads\/2021\/11\/Laptop-with-Dashboard-Page1-1536x898.png 1536w, https:\/\/www.leaplytics.de\/wp-content\/uploads\/2021\/11\/Laptop-with-Dashboard-Page1-2048x1198.png 2048w, https:\/\/www.leaplytics.de\/wp-content\/uploads\/2021\/11\/Laptop-with-Dashboard-Page1-103x60.png 103w\" sizes=\"auto, (max-width: 1024px) 100vw, 1024px\" \/><figcaption class=\"wp-element-caption\">Pulpit nawigacyjny portfela projekt\u00f3w Qlik Sense<\/figcaption><\/figure>\n\n\n\n<p>Je\u015bli jeste\u015b ciekawy, co to oznacza dla Twojego \u015brodowiska zarz\u0105dzania projektami, z przyjemno\u015bci\u0105 um\u00f3wimy si\u0119 z Tob\u0105 na rozmow\u0119 telefoniczn\u0105. W takim przypadku lub je\u015bli masz pytania dotycz\u0105ce szczeg\u00f3\u0142\u00f3w, wdro\u017cenia i informacji o cenach, daj nam zna\u0107, a my skontaktujemy si\u0119 z Tob\u0105 w kr\u00f3tkim czasie:<\/p>\n\n\n<div class=\"wpforms-container wpforms-container-full\" id=\"wpforms-10645\"><form id=\"wpforms-form-10645\" class=\"wpforms-validate wpforms-form wpforms-ajax-form\" data-formid=\"10645\" method=\"post\" enctype=\"multipart\/form-data\" action=\"\/pl\/wp-json\/wp\/v2\/pages\/799\" data-token=\"8021b6815198f418c9ebb1b0452af199\" data-token-time=\"1775976250\" data-trp-original-action=\"\/pl\/wp-json\/wp\/v2\/pages\/799\"><noscript class=\"wpforms-error-noscript\">Aby wype\u0142ni\u0107 ten formularz, w\u0142\u0105cz obs\u0142ug\u0119 JavaScript w przegl\u0105darce.<\/noscript><div class=\"wpforms-field-container\"><div id=\"wpforms-10645-field_0-container\" class=\"wpforms-field wpforms-field-name\" data-field-id=\"0\"><label class=\"wpforms-field-label\">Nazwa <span class=\"wpforms-required-label\">*<\/span><\/label><div class=\"wpforms-field-row wpforms-field-medium\"><div class=\"wpforms-field-row-block wpforms-first wpforms-one-half\"><input type=\"text\" id=\"wpforms-10645-field_0\" class=\"wpforms-field-name-first wpforms-field-required\" name=\"wpforms[fields][0][first]\" required><label for=\"wpforms-10645-field_0\" class=\"wpforms-field-sublabel after\">Imi\u0119<\/label><\/div><div class=\"wpforms-field-row-block wpforms-one-half\"><input type=\"text\" id=\"wpforms-10645-field_0-last\" class=\"wpforms-field-name-last wpforms-field-required\" name=\"wpforms[fields][0][last]\" required><label for=\"wpforms-10645-field_0-last\" class=\"wpforms-field-sublabel after\">Nazwisko<\/label><\/div><\/div><\/div><div id=\"wpforms-10645-field_1-container\" class=\"wpforms-field wpforms-field-email\" data-field-id=\"1\"><label class=\"wpforms-field-label\" for=\"wpforms-10645-field_1\">E-mail <span class=\"wpforms-required-label\">*<\/span><\/label><input type=\"email\" id=\"wpforms-10645-field_1\" class=\"wpforms-field-medium wpforms-field-required\" data-rule-restricted-email=\"1\" name=\"wpforms[fields][1]\" spellcheck=\"false\" required><\/div><div id=\"wpforms-10645-field_3-container\" class=\"wpforms-field wpforms-field-text\" data-field-id=\"3\"><label class=\"wpforms-field-label\" for=\"wpforms-10645-field_3\">Firma <span class=\"wpforms-required-label\">*<\/span><\/label><input type=\"text\" id=\"wpforms-10645-field_3\" class=\"wpforms-field-medium wpforms-field-required\" name=\"wpforms[fields][3]\" required><\/div><div id=\"wpforms-10645-field_2-container\" class=\"wpforms-field wpforms-field-textarea\" data-field-id=\"2\"><label class=\"wpforms-field-label\" for=\"wpforms-10645-field_2\">Komentarz lub wiadomo\u015b\u0107<\/label><textarea id=\"wpforms-10645-field_2\" class=\"wpforms-field-medium\" name=\"wpforms[fields][2]\" ><\/textarea><\/div><div id=\"wpforms-10645-field_4-container\" class=\"wpforms-field wpforms-field-gdpr-checkbox\" data-field-id=\"4\"><label class=\"wpforms-field-label\">Umowa RODO <span class=\"wpforms-required-label\">*<\/span><\/label><ul id=\"wpforms-10645-field_4\" class=\"wpforms-field-required\"><li class=\"choice-1\"><input type=\"checkbox\" id=\"wpforms-10645-field_4_1\" name=\"wpforms[fields][4][]\" value=\"I consent to having this website store my submitted information so they can respond to my inquiry.\" required><label class=\"wpforms-field-label-inline\" for=\"wpforms-10645-field_4_1\">Wyra\u017cam zgod\u0119 na przechowywanie przez t\u0119 witryn\u0119 przes\u0142anych przeze mnie informacji w celu udzielenia odpowiedzi na moje zapytanie.<\/label><\/li><\/ul><\/div><\/div><!-- .wpforms-field-container --><div class=\"wpforms-recaptcha-container wpforms-is-recaptcha wpforms-is-recaptcha-type-v3\" ><input type=\"hidden\" name=\"wpforms[recaptcha]\" value=\"\"><\/div><div class=\"wpforms-submit-container\" ><input type=\"hidden\" name=\"wpforms[id]\" value=\"10645\"><input type=\"hidden\" name=\"page_title\" value=\"\"><input type=\"hidden\" name=\"page_url\" value=\"https:\/\/www.leaplytics.de\/pl\/wp-json\/wp\/v2\/pages\/799\"><input type=\"hidden\" name=\"url_referer\" value=\"\"><button type=\"submit\" name=\"wpforms[submit]\" id=\"wpforms-submit-10645\" class=\"wpforms-submit\" data-alt-text=\"Sending...\" data-submit-text=\"Submit\" aria-live=\"assertive\" value=\"wpforms-submit\">Prze\u015blij<\/button><img loading=\"lazy\" decoding=\"async\" src=\"https:\/\/www.leaplytics.de\/wp-content\/plugins\/wpforms-lite\/assets\/images\/submit-spin.svg\" class=\"wpforms-submit-spinner\" style=\"display: none;\" width=\"26\" height=\"26\" alt=\"Wczytywanie\"><\/div><input type=\"hidden\" name=\"trp-form-language\" value=\"pl\"\/><\/form><\/div>  <!-- .wpforms-container -->","protected":false},"excerpt":{"rendered":"<p>Dashboard Project Management Dashboard Qlik Sense kieruje si\u0119 prost\u0105 zasad\u0105: pokazuj w\u0142a\u015bciwe informacje o projekcie we w\u0142a\u015bciwej agregacji osobom odpowiedzialnym za jeden rzut oka, umo\u017cliwiaj\u0105c im podejmowanie w\u0142a\u015bciwych decyzji. W \u015brodowisku projektowym istniej\u0105 r\u00f3\u017cni interesariusze, kt\u00f3rzy maj\u0105 r\u00f3\u017cne wymagania dotycz\u0105ce informacji, a ka\u017cdy z nich ma inny poziom szczeg\u00f3\u0142owo\u015bci. ... <\/p>","protected":false},"author":1,"featured_media":0,"parent":111,"menu_order":0,"comment_status":"closed","ping_status":"closed","template":"","meta":{"footnotes":""},"class_list":["post-799","page","type-page","status-publish","hentry","latest_post"],"_links":{"self":[{"href":"https:\/\/www.leaplytics.de\/pl\/wp-json\/wp\/v2\/pages\/799","targetHints":{"allow":["GET"]}}],"collection":[{"href":"https:\/\/www.leaplytics.de\/pl\/wp-json\/wp\/v2\/pages"}],"about":[{"href":"https:\/\/www.leaplytics.de\/pl\/wp-json\/wp\/v2\/types\/page"}],"author":[{"embeddable":true,"href":"https:\/\/www.leaplytics.de\/pl\/wp-json\/wp\/v2\/users\/1"}],"replies":[{"embeddable":true,"href":"https:\/\/www.leaplytics.de\/pl\/wp-json\/wp\/v2\/comments?post=799"}],"version-history":[{"count":3,"href":"https:\/\/www.leaplytics.de\/pl\/wp-json\/wp\/v2\/pages\/799\/revisions"}],"predecessor-version":[{"id":13668,"href":"https:\/\/www.leaplytics.de\/pl\/wp-json\/wp\/v2\/pages\/799\/revisions\/13668"}],"up":[{"embeddable":true,"href":"https:\/\/www.leaplytics.de\/pl\/wp-json\/wp\/v2\/pages\/111"}],"wp:attachment":[{"href":"https:\/\/www.leaplytics.de\/pl\/wp-json\/wp\/v2\/media?parent=799"}],"curies":[{"name":"wp","href":"https:\/\/api.w.org\/{rel}","templated":true}]}}