{"id":8471,"date":"2022-06-07T22:47:30","date_gmt":"2022-06-07T20:47:30","guid":{"rendered":"https:\/\/www.leaplytics.de\/?page_id=8471"},"modified":"2022-06-08T11:19:35","modified_gmt":"2022-06-08T09:19:35","slug":"jak-aktywowac-licencje-microsoft-power-bi","status":"publish","type":"page","link":"https:\/\/www.leaplytics.de\/pl\/jak-aktywowac-licencje-microsoft-power-bi\/","title":{"rendered":"Jak aktywowa\u0107 licencj\u0119 w us\u0142udze Microsoft Power BI"},"content":{"rendered":"<p>Otrzyma\u0142e\u015b klucz licencyjny i chcesz rozpocz\u0105\u0107 gr\u0119. Ale gdzie nale\u017cy go w\u0142o\u017cy\u0107? Wyja\u015bnimy to tutaj.<\/p>\n\n\n\n<h2 class=\"wp-block-heading\">Power BI Web<\/h2>\n\n\n\n<div class=\"wp-block-columns is-layout-flex wp-container-core-columns-is-layout-1 wp-block-columns-is-layout-flex\">\n<div class=\"wp-block-column is-layout-flow wp-block-column-is-layout-flow\">\n<p>W trybie edytora najpierw kliknij nasz\u0105 wizualizacj\u0119. Opcje ustawie\u0144 naszej wizualizacji zostan\u0105 otwarte na pasku bocznym. Klikamy na \"Format\". Jest to druga ikona od lewej. Wygl\u0105da ona jak p\u0119dzel.<\/p>\n<\/div>\n\n\n\n<div class=\"wp-block-column is-layout-flow wp-block-column-is-layout-flow\">\n<figure class=\"wp-block-gallery has-nested-images columns-default is-cropped wp-block-gallery-1 is-layout-flex wp-block-gallery-is-layout-flex\">\n<figure class=\"wp-block-image size-large\"><img loading=\"lazy\" decoding=\"async\" width=\"322\" height=\"357\" src=\"https:\/\/www.leaplytics.de\/wp-content\/uploads\/2022\/06\/grafik.png\" alt=\"\" class=\"wp-image-8472\" srcset=\"https:\/\/www.leaplytics.de\/wp-content\/uploads\/2022\/06\/grafik.png 322w, https:\/\/www.leaplytics.de\/wp-content\/uploads\/2022\/06\/grafik-271x300.png 271w, https:\/\/www.leaplytics.de\/wp-content\/uploads\/2022\/06\/grafik-54x60.png 54w\" sizes=\"auto, (max-width: 322px) 100vw, 322px\" \/><\/figure>\n<\/figure>\n<\/div>\n<\/div>\n\n\n\n<div class=\"wp-block-columns is-layout-flex wp-container-core-columns-is-layout-2 wp-block-columns-is-layout-flex\">\n<div class=\"wp-block-column is-layout-flow wp-block-column-is-layout-flow\">\n<figure class=\"wp-block-image size-full\"><img loading=\"lazy\" decoding=\"async\" width=\"314\" height=\"636\" src=\"https:\/\/www.leaplytics.de\/wp-content\/uploads\/2022\/06\/grafik-1.png\" alt=\"\" class=\"wp-image-8476\" srcset=\"https:\/\/www.leaplytics.de\/wp-content\/uploads\/2022\/06\/grafik-1.png 314w, https:\/\/www.leaplytics.de\/wp-content\/uploads\/2022\/06\/grafik-1-148x300.png 148w, https:\/\/www.leaplytics.de\/wp-content\/uploads\/2022\/06\/grafik-1-30x60.png 30w\" sizes=\"auto, (max-width: 314px) 100vw, 314px\" \/><\/figure>\n<\/div>\n\n\n\n<div class=\"wp-block-column is-layout-flow wp-block-column-is-layout-flow\">\n<p>Zobaczysz teraz kilka rozwijanych menu. Jedno z nich ma etykiet\u0119 \"Licencja\". Po jej klikni\u0119ciu pojawi si\u0119 pole tekstowe, w kt\u00f3rym mo\u017cna wprowadzi\u0107 licencj\u0119.<\/p>\n\n\n\n<p>Gotowe! Licencja zosta\u0142a aktywowana, a wszystkie ograniczenia znikn\u0119\u0142y. Mo\u017cesz zacz\u0105\u0107 ju\u017c teraz!<\/p>\n<\/div>\n<\/div>\n\n\n\n<h2 class=\"wp-block-heading\">Power BI Desktop<\/h2>\n\n\n\n<div class=\"wp-block-columns is-layout-flex wp-container-core-columns-is-layout-3 wp-block-columns-is-layout-flex\">\n<div class=\"wp-block-column is-layout-flow wp-block-column-is-layout-flow\">\n<p>W trybie edytora najpierw kliknij nasz\u0105 wizualizacj\u0119. Opcje ustawie\u0144 naszej wizualizacji zostan\u0105 otwarte na pasku bocznym. Kliknij opcj\u0119 \"Formatuj wizualizacj\u0119\". Jest to druga ikona od lewej. Wygl\u0105da ona jak wykres s\u0142upkowy z p\u0119dzlem.<\/p>\n<\/div>\n\n\n\n<div class=\"wp-block-column is-layout-flow wp-block-column-is-layout-flow\">\n<figure class=\"wp-block-image size-full\"><img loading=\"lazy\" decoding=\"async\" width=\"301\" height=\"348\" src=\"https:\/\/www.leaplytics.de\/wp-content\/uploads\/2022\/06\/grafik-2.png\" alt=\"\" class=\"wp-image-8477\" srcset=\"https:\/\/www.leaplytics.de\/wp-content\/uploads\/2022\/06\/grafik-2.png 301w, https:\/\/www.leaplytics.de\/wp-content\/uploads\/2022\/06\/grafik-2-259x300.png 259w, https:\/\/www.leaplytics.de\/wp-content\/uploads\/2022\/06\/grafik-2-52x60.png 52w\" sizes=\"auto, (max-width: 301px) 100vw, 301px\" \/><\/figure>\n<\/div>\n<\/div>\n\n\n\n<div class=\"wp-block-columns is-layout-flex wp-container-core-columns-is-layout-4 wp-block-columns-is-layout-flex\">\n<div class=\"wp-block-column is-layout-flow wp-block-column-is-layout-flow\">\n<figure class=\"wp-block-image size-full\"><img loading=\"lazy\" decoding=\"async\" width=\"252\" height=\"410\" src=\"https:\/\/www.leaplytics.de\/wp-content\/uploads\/2022\/06\/grafik-3.png\" alt=\"\" class=\"wp-image-8478\" srcset=\"https:\/\/www.leaplytics.de\/wp-content\/uploads\/2022\/06\/grafik-3.png 252w, https:\/\/www.leaplytics.de\/wp-content\/uploads\/2022\/06\/grafik-3-184x300.png 184w, https:\/\/www.leaplytics.de\/wp-content\/uploads\/2022\/06\/grafik-3-37x60.png 37w\" sizes=\"auto, (max-width: 252px) 100vw, 252px\" \/><\/figure>\n<\/div>\n\n\n\n<div class=\"wp-block-column is-layout-flow wp-block-column-is-layout-flow\">\n<p>Zobaczysz teraz kilka rozwijanych menu. Jedno z nich ma etykiet\u0119 \"Licencja\". Po jej klikni\u0119ciu pojawi si\u0119 pole tekstowe, w kt\u00f3rym mo\u017cna wprowadzi\u0107 licencj\u0119.<\/p>\n\n\n\n<p>Gotowe! Licencja zosta\u0142a aktywowana, a wszystkie ograniczenia znikn\u0119\u0142y.<\/p>\n<\/div>\n<\/div>","protected":false},"excerpt":{"rendered":"<p>Otrzyma\u0142e\u015b klucz licencyjny i chcesz rozpocz\u0105\u0107 gr\u0119. Ale gdzie nale\u017cy go w\u0142o\u017cy\u0107? Wyja\u015bnimy to tutaj. Power BI Web W trybie edytora najpierw kliknij nasz\u0105 wizualizacj\u0119. Na pasku bocznym otworz\u0105 si\u0119 opcje ustawie\u0144 naszej wizualizacji. Klikamy na \"Format\". Jest to druga ... <\/p>","protected":false},"author":2,"featured_media":0,"parent":0,"menu_order":0,"comment_status":"closed","ping_status":"closed","template":"","meta":{"footnotes":""},"class_list":["post-8471","page","type-page","status-publish","hentry","latest_post"],"_links":{"self":[{"href":"https:\/\/www.leaplytics.de\/pl\/wp-json\/wp\/v2\/pages\/8471","targetHints":{"allow":["GET"]}}],"collection":[{"href":"https:\/\/www.leaplytics.de\/pl\/wp-json\/wp\/v2\/pages"}],"about":[{"href":"https:\/\/www.leaplytics.de\/pl\/wp-json\/wp\/v2\/types\/page"}],"author":[{"embeddable":true,"href":"https:\/\/www.leaplytics.de\/pl\/wp-json\/wp\/v2\/users\/2"}],"replies":[{"embeddable":true,"href":"https:\/\/www.leaplytics.de\/pl\/wp-json\/wp\/v2\/comments?post=8471"}],"version-history":[{"count":0,"href":"https:\/\/www.leaplytics.de\/pl\/wp-json\/wp\/v2\/pages\/8471\/revisions"}],"wp:attachment":[{"href":"https:\/\/www.leaplytics.de\/pl\/wp-json\/wp\/v2\/media?parent=8471"}],"curies":[{"name":"wp","href":"https:\/\/api.w.org\/{rel}","templated":true}]}}