{"id":8499,"date":"2022-06-13T21:38:40","date_gmt":"2022-06-13T19:38:40","guid":{"rendered":"https:\/\/www.leaplytics.de\/?page_id=8499"},"modified":"2024-10-29T11:53:22","modified_gmt":"2024-10-29T10:53:22","slug":"dyskretyzacja-macierzy-ryzyka-heatmap-power-bi","status":"publish","type":"page","link":"https:\/\/www.leaplytics.de\/pl\/dyskretyzacja-macierzy-ryzyka-heatmap-power-bi\/","title":{"rendered":"Dyskretyzacja i transformacja"},"content":{"rendered":"<p>Nasza mapa ryzyka \/ matryca wymaga warto\u015bci od 1 do 10, ale co zrobi\u0107, je\u015bli dane s\u0105 ci\u0105g\u0142e i nie mieszcz\u0105 si\u0119 w tym przedziale? Lub je\u015bli wyra\u017cenia ryzyka sk\u0142adaj\u0105 si\u0119 ze s\u0142\u00f3w? Poni\u017cej znajduj\u0105 si\u0119 cztery rozwi\u0105zania z binningiem, kwintylami, niestandardowymi progami i mapowaniem s\u0142\u00f3w na liczby.<\/p>\n\n\n\n<h2 class=\"wp-block-heading\" id=\"binning\">Binning<\/h2>\n\n\n\n<p>W tym rozwi\u0105zaniu wszystkie warto\u015bci ci\u0105g\u0142e w zestawie danych s\u0105 podzielone na pi\u0119\u0107 przedzia\u0142\u00f3w. Nale\u017cy pami\u0119ta\u0107, \u017ce rozmiar pojemnika jest zawsze taki sam.<\/p>\n\n\n\n<p><em>Przyk\u0142ad: Warto\u015bci u\u017cytkownika mieszcz\u0105 si\u0119 w zakresie od 0 do 100: Utworzone zostan\u0105 nast\u0119puj\u0105ce pojemniki:<\/em><\/p>\n\n\n\n<ul class=\"wp-block-list\">\n<li><em>0 do 20<\/em><\/li>\n\n\n\n<li><em>21 do 40<\/em><\/li>\n\n\n\n<li><em>41 do 60<\/em><\/li>\n\n\n\n<li><em>61 do 80<\/em><\/li>\n\n\n\n<li><em>81 do 100<\/em><\/li>\n<\/ul>\n\n\n\n<p><em><strong>Nie uwzgl\u0119dnia to zatem ilo\u015bci zagro\u017ce\u0144 w poszczeg\u00f3lnych pojemnikach.<\/strong> Zakresy danych s\u0105 podzielone r\u00f3wno.<\/em><\/p>\n\n\n\n<div class=\"wp-block-columns is-layout-flex wp-container-core-columns-is-layout-1 wp-block-columns-is-layout-flex\">\n<div class=\"wp-block-column is-layout-flow wp-block-column-is-layout-flow\" style=\"flex-basis:66.66%\">\n<figure class=\"wp-block-image size-full\"><img loading=\"lazy\" decoding=\"async\" width=\"400\" height=\"606\" src=\"https:\/\/www.leaplytics.de\/wp-content\/uploads\/2022\/06\/grafik-4.png\" alt=\"\" class=\"wp-image-8500\" srcset=\"https:\/\/www.leaplytics.de\/wp-content\/uploads\/2022\/06\/grafik-4.png 400w, https:\/\/www.leaplytics.de\/wp-content\/uploads\/2022\/06\/grafik-4-198x300.png 198w, https:\/\/www.leaplytics.de\/wp-content\/uploads\/2022\/06\/grafik-4-40x60.png 40w\" sizes=\"auto, (max-width: 400px) 100vw, 400px\" \/><\/figure>\n<\/div>\n\n\n\n<div class=\"wp-block-column is-layout-flow wp-block-column-is-layout-flow\" style=\"flex-basis:33.33%\">\n<p>Na pasku bocznym kliknij prawym przyciskiem myszy pole, kt\u00f3re chcesz przekszta\u0142ci\u0107. W naszym przyk\u0142adzie jest to pole \"Impact Example\".<\/p>\n\n\n\n<p>Nast\u0119pnie kliknij \"Nowa grupa\" lewym przyciskiem myszy. Otworzy si\u0119 okno \"Grupy\".<\/p>\n<\/div>\n<\/div>\n\n\n\n<div class=\"wp-block-columns is-layout-flex wp-container-core-columns-is-layout-2 wp-block-columns-is-layout-flex\">\n<div class=\"wp-block-column is-layout-flow wp-block-column-is-layout-flow\" style=\"flex-basis:33.33%\">\n<p>Tutaj nale\u017cy wybra\u0107 opcj\u0119 \"Number of bins\" (Liczba pojemnik\u00f3w) dla \"Bin type\" (Typ pojemnika). W lewym dolnym rogu nale\u017cy wprowadzi\u0107 warto\u015b\u0107 \"10\" jako \"Liczba pojemnik\u00f3w\". Nast\u0119pnie automatycznie obliczana jest szeroko\u015b\u0107 pojemnik\u00f3w w sekcji \"Rozmiar pojemnika\".<\/p>\n\n\n\n<p>Na koniec kliknij \"OK\".<\/p>\n<\/div>\n\n\n\n<div class=\"wp-block-column is-layout-flow wp-block-column-is-layout-flow\" style=\"flex-basis:66.66%\">\n<figure class=\"wp-block-image size-full\"><img loading=\"lazy\" decoding=\"async\" width=\"806\" height=\"635\" src=\"https:\/\/www.leaplytics.de\/wp-content\/uploads\/2022\/06\/grafik-5.png\" alt=\"\" class=\"wp-image-8501\" srcset=\"https:\/\/www.leaplytics.de\/wp-content\/uploads\/2022\/06\/grafik-5.png 806w, https:\/\/www.leaplytics.de\/wp-content\/uploads\/2022\/06\/grafik-5-300x236.png 300w, https:\/\/www.leaplytics.de\/wp-content\/uploads\/2022\/06\/grafik-5-768x605.png 768w, https:\/\/www.leaplytics.de\/wp-content\/uploads\/2022\/06\/grafik-5-76x60.png 76w\" sizes=\"auto, (max-width: 806px) 100vw, 806px\" \/><\/figure>\n<\/div>\n<\/div>\n\n\n\n<div class=\"wp-block-columns is-layout-flex wp-container-core-columns-is-layout-3 wp-block-columns-is-layout-flex\">\n<div class=\"wp-block-column is-layout-flow wp-block-column-is-layout-flow\" style=\"flex-basis:66.66%\">\n<figure class=\"wp-block-image size-full\"><img loading=\"lazy\" decoding=\"async\" width=\"402\" height=\"664\" src=\"https:\/\/www.leaplytics.de\/wp-content\/uploads\/2022\/06\/grafik-6.png\" alt=\"\" class=\"wp-image-8503\" srcset=\"https:\/\/www.leaplytics.de\/wp-content\/uploads\/2022\/06\/grafik-6.png 402w, https:\/\/www.leaplytics.de\/wp-content\/uploads\/2022\/06\/grafik-6-182x300.png 182w, https:\/\/www.leaplytics.de\/wp-content\/uploads\/2022\/06\/grafik-6-36x60.png 36w\" sizes=\"auto, (max-width: 402px) 100vw, 402px\" \/><\/figure>\n<\/div>\n\n\n\n<div class=\"wp-block-column is-layout-flow wp-block-column-is-layout-flow\" style=\"flex-basis:33.33%\">\n<p>W ostatnim kroku nale\u017cy ponownie klikn\u0105\u0107 nowo utworzone pole na pasku bocznym.<\/p>\n\n\n\n<p>Teraz ponownie pojawi si\u0119 okno \"Grupy\".<\/p>\n<\/div>\n<\/div>\n\n\n\n<div class=\"wp-block-columns is-layout-flex wp-container-core-columns-is-layout-4 wp-block-columns-is-layout-flex\">\n<div class=\"wp-block-column is-layout-flow wp-block-column-is-layout-flow\" style=\"flex-basis:33.33%\">\n<p>Tutaj nale\u017cy wybra\u0107 typ grupy \"Lista\" zamiast \"Kosz\". Niezgrupowane warto\u015bci pojawi\u0105 si\u0119 w lewym polu.<\/p>\n\n\n\n<p>Teraz nale\u017cy rozpocz\u0105\u0107 i wybra\u0107 ka\u017cd\u0105 warto\u015b\u0107, a nast\u0119pnie przenie\u015b\u0107 j\u0105 do prawej kolumny za pomoc\u0105 przycisku \"Grupuj\".<\/p>\n<\/div>\n\n\n\n<div class=\"wp-block-column is-layout-flow wp-block-column-is-layout-flow\" style=\"flex-basis:66.66%\">\n<figure class=\"wp-block-image size-full\"><img loading=\"lazy\" decoding=\"async\" width=\"796\" height=\"631\" src=\"https:\/\/www.leaplytics.de\/wp-content\/uploads\/2022\/06\/grafik-7.png\" alt=\"\" class=\"wp-image-8504\" srcset=\"https:\/\/www.leaplytics.de\/wp-content\/uploads\/2022\/06\/grafik-7.png 796w, https:\/\/www.leaplytics.de\/wp-content\/uploads\/2022\/06\/grafik-7-300x238.png 300w, https:\/\/www.leaplytics.de\/wp-content\/uploads\/2022\/06\/grafik-7-768x609.png 768w, https:\/\/www.leaplytics.de\/wp-content\/uploads\/2022\/06\/grafik-7-76x60.png 76w\" sizes=\"auto, (max-width: 796px) 100vw, 796px\" \/><\/figure>\n<\/div>\n<\/div>\n\n\n\n<div class=\"wp-block-columns is-layout-flex wp-container-core-columns-is-layout-5 wp-block-columns-is-layout-flex\">\n<div class=\"wp-block-column is-layout-flow wp-block-column-is-layout-flow\" style=\"flex-basis:66.66%\">\n<figure class=\"wp-block-image size-full\"><img loading=\"lazy\" decoding=\"async\" width=\"797\" height=\"631\" src=\"https:\/\/www.leaplytics.de\/wp-content\/uploads\/2022\/06\/grafik-8.png\" alt=\"\" class=\"wp-image-8505\" srcset=\"https:\/\/www.leaplytics.de\/wp-content\/uploads\/2022\/06\/grafik-8.png 797w, https:\/\/www.leaplytics.de\/wp-content\/uploads\/2022\/06\/grafik-8-300x238.png 300w, https:\/\/www.leaplytics.de\/wp-content\/uploads\/2022\/06\/grafik-8-768x608.png 768w, https:\/\/www.leaplytics.de\/wp-content\/uploads\/2022\/06\/grafik-8-76x60.png 76w\" sizes=\"auto, (max-width: 797px) 100vw, 797px\" \/><\/figure>\n<\/div>\n\n\n\n<div class=\"wp-block-column is-layout-flow wp-block-column-is-layout-flow\" style=\"flex-basis:33.33%\">\n<p>Prawie gotowe! Teraz nale\u017cy przypisa\u0107 warto\u015bci od 1 do 10 do dziesi\u0119ciu warto\u015bci, klikaj\u0105c dwukrotnie ka\u017cd\u0105 supergrup\u0119 i wstawiaj\u0105c warto\u015bci. Na koniec kliknij przycisk \"OK\".<\/p>\n<\/div>\n<\/div>\n\n\n\n<div class=\"wp-block-columns is-layout-flex wp-container-core-columns-is-layout-6 wp-block-columns-is-layout-flex\">\n<div class=\"wp-block-column is-layout-flow wp-block-column-is-layout-flow\" style=\"flex-basis:33.33%\">\n<p>Gotowe! Dane zosta\u0142y przekszta\u0142cone i mo\u017cna je teraz przeci\u0105gn\u0105\u0107 na o\u015b w naszej matrycy ryzyka.<\/p>\n<\/div>\n\n\n\n<div class=\"wp-block-column is-layout-flow wp-block-column-is-layout-flow\" style=\"flex-basis:66.66%\">\n<figure class=\"wp-block-image size-full\"><img loading=\"lazy\" decoding=\"async\" width=\"416\" height=\"634\" src=\"https:\/\/www.leaplytics.de\/wp-content\/uploads\/2022\/06\/grafik-9.png\" alt=\"\" class=\"wp-image-8506\" srcset=\"https:\/\/www.leaplytics.de\/wp-content\/uploads\/2022\/06\/grafik-9.png 416w, https:\/\/www.leaplytics.de\/wp-content\/uploads\/2022\/06\/grafik-9-197x300.png 197w, https:\/\/www.leaplytics.de\/wp-content\/uploads\/2022\/06\/grafik-9-39x60.png 39w\" sizes=\"auto, (max-width: 416px) 100vw, 416px\" \/><\/figure>\n<\/div>\n<\/div>\n\n\n\n<h2 class=\"wp-block-heading\" id=\"quintiles\">Kwintyle<\/h2>\n\n\n\n<div class=\"wp-block-columns is-layout-flex wp-container-core-columns-is-layout-7 wp-block-columns-is-layout-flex\">\n<div class=\"wp-block-column is-layout-flow wp-block-column-is-layout-flow\" style=\"flex-basis:66.66%\">\n<figure class=\"wp-block-image size-full\"><img loading=\"lazy\" decoding=\"async\" width=\"393\" height=\"677\" src=\"https:\/\/www.leaplytics.de\/wp-content\/uploads\/2022\/06\/grafik-11.png\" alt=\"\" class=\"wp-image-8541\" srcset=\"https:\/\/www.leaplytics.de\/wp-content\/uploads\/2022\/06\/grafik-11.png 393w, https:\/\/www.leaplytics.de\/wp-content\/uploads\/2022\/06\/grafik-11-174x300.png 174w, https:\/\/www.leaplytics.de\/wp-content\/uploads\/2022\/06\/grafik-11-35x60.png 35w\" sizes=\"auto, (max-width: 393px) 100vw, 393px\" \/><\/figure>\n<\/div>\n\n\n\n<div class=\"wp-block-column is-layout-flow wp-block-column-is-layout-flow\" style=\"flex-basis:33.33%\">\n<p>Najpierw ponownie klikamy prawym przyciskiem myszy pole, kt\u00f3re chcemy zdyskretyzowa\u0107. W naszym przyk\u0142adzie jest to \"Impact Example\". Nast\u0119pnie wybieramy opcj\u0119 \"Nowa miara\". Nad pulpitem nawigacyjnym otworzy si\u0119 edytor DAX.<\/p>\n<\/div>\n<\/div>\n\n\n\n<p>Teraz dodajemy nast\u0119puj\u0105cy kod, dostosowany do tabeli i \u017c\u0105danej kolumny w zestawie danych. Wa\u017cne - jest to przyk\u0142ad dla kwintyli. W razie potrzeby mo\u017cna go dostosowa\u0107 do percentyli:<\/p>\n\n\n\n<pre class=\"wp-block-code\"><code>Quantile =\nvar FirstQuantile = CALCULATE(PERCENTILE.INC(Table[Column], .2), ALL(Table[Column]))\nvar SecondQuantile = CALCULATE(PERCENTILE.INC(Table[Column], .4), ALL(Table[Column]))\nvar ThirdQuantile = CALCULATE(PERCENTILE.INC(Table[Column], .6), ALL(Table[Column]))\nvar FourthQuantile = CALCULATE(PERCENTILE.INC(Table[Column], .8), ALL(Table[Column]))\nvar ThisVal = Min(Table[Column])\nreturn\nIF(HASONEVALUE(Table[Column]),\n\t\tIF(ThisVal  FirstQuantile &amp;&amp; ThisVal  SecondQuantile &amp;&amp; ThisVal  ThirdQuantile &amp;&amp; ThisVal &lt;= FourthQuantile, 4,\n\t\t\t\t5)\n\t\t\t)\n\t\t)\n) )<\/code><\/pre>\n\n\n\n<div class=\"wp-block-columns is-layout-flex wp-container-core-columns-is-layout-8 wp-block-columns-is-layout-flex\">\n<div class=\"wp-block-column is-layout-flow wp-block-column-is-layout-flow\" style=\"flex-basis:33.33%\">\n<p>Gotowe! W ten spos\u00f3b zdyskretyzowali\u015bmy i uzyskali\u015bmy warto\u015bci od 1 do 5. Mo\u017cemy teraz u\u017cy\u0107 tego pola w naszej macierzy ryzyka!<\/p>\n<\/div>\n\n\n\n<div class=\"wp-block-column is-layout-flow wp-block-column-is-layout-flow\" style=\"flex-basis:66.66%\">\n<figure class=\"wp-block-image size-full\"><img loading=\"lazy\" decoding=\"async\" width=\"244\" height=\"493\" src=\"https:\/\/www.leaplytics.de\/wp-content\/uploads\/2022\/06\/grafik-12.png\" alt=\"\" class=\"wp-image-8542\" srcset=\"https:\/\/www.leaplytics.de\/wp-content\/uploads\/2022\/06\/grafik-12.png 244w, https:\/\/www.leaplytics.de\/wp-content\/uploads\/2022\/06\/grafik-12-148x300.png 148w, https:\/\/www.leaplytics.de\/wp-content\/uploads\/2022\/06\/grafik-12-30x60.png 30w\" sizes=\"auto, (max-width: 244px) 100vw, 244px\" \/><\/figure>\n<\/div>\n<\/div>\n\n\n\n<h2 class=\"wp-block-heading\" id=\"custom-thresholds\">Progi niestandardowe<\/h2>\n\n\n\n<div class=\"wp-block-columns is-layout-flex wp-container-core-columns-is-layout-9 wp-block-columns-is-layout-flex\">\n<div class=\"wp-block-column is-layout-flow wp-block-column-is-layout-flow\" style=\"flex-basis:66.66%\">\n<figure class=\"wp-block-image size-full\"><img loading=\"lazy\" decoding=\"async\" width=\"393\" height=\"677\" src=\"https:\/\/www.leaplytics.de\/wp-content\/uploads\/2022\/06\/grafik-11.png\" alt=\"\" class=\"wp-image-8541\" srcset=\"https:\/\/www.leaplytics.de\/wp-content\/uploads\/2022\/06\/grafik-11.png 393w, https:\/\/www.leaplytics.de\/wp-content\/uploads\/2022\/06\/grafik-11-174x300.png 174w, https:\/\/www.leaplytics.de\/wp-content\/uploads\/2022\/06\/grafik-11-35x60.png 35w\" sizes=\"auto, (max-width: 393px) 100vw, 393px\" \/><\/figure>\n<\/div>\n\n\n\n<div class=\"wp-block-column is-layout-flow wp-block-column-is-layout-flow\" style=\"flex-basis:33.33%\">\n<p>Najpierw ponownie klikamy prawym przyciskiem myszy pole, kt\u00f3re chcemy zdyskretyzowa\u0107. W naszym przyk\u0142adzie jest to \"Impact Example\". Nast\u0119pnie wybieramy opcj\u0119 \"Nowa miara\". Nad pulpitem nawigacyjnym otworzy si\u0119 edytor DAX.<\/p>\n<\/div>\n<\/div>\n\n\n\n<p>Teraz dodajemy nast\u0119puj\u0105cy kod, dostosowany do tabeli i \u017c\u0105danej kolumny w zestawie danych:<\/p>\n\n\n\n<pre class=\"wp-block-code\"><code>Custom_Thresholds =\nvar FirstThreshold = your_first_threshold_value_here\nvar SecondThreshold = your_second_threshold_value_here\nvar ThirdThreshold = your_third_threshold_value_here\nvar FourthThreshold = your_fourth_threshold_value_here\nvar ThisVal = Min(Table[Column])\nreturn\nIF(HASONEVALUE(Table[Column]),\n\t\tIF(ThisVal  FirstThreshold &amp;&amp; ThisVal  SecondThreshold &amp;&amp; ThisVal  ThirdThreshold &amp;&amp; ThisVal &lt;= FourthThreshold, 4,\n\t\t\t\t5)\n\t\t\t)\n\t\t)\n) )<\/code><\/pre>\n\n\n\n<h2 class=\"wp-block-heading\" id=\"words-to-numbers\">S\u0142owa na liczby<\/h2>\n\n\n\n<div class=\"wp-block-columns is-layout-flex wp-container-core-columns-is-layout-10 wp-block-columns-is-layout-flex\">\n<div class=\"wp-block-column is-layout-flow wp-block-column-is-layout-flow\" style=\"flex-basis:66.66%\">\n<figure class=\"wp-block-image size-full\"><img loading=\"lazy\" decoding=\"async\" width=\"627\" height=\"439\" src=\"https:\/\/www.leaplytics.de\/wp-content\/uploads\/2022\/06\/grafik-17.png\" alt=\"\" class=\"wp-image-8963\" srcset=\"https:\/\/www.leaplytics.de\/wp-content\/uploads\/2022\/06\/grafik-17.png 627w, https:\/\/www.leaplytics.de\/wp-content\/uploads\/2022\/06\/grafik-17-300x210.png 300w, https:\/\/www.leaplytics.de\/wp-content\/uploads\/2022\/06\/grafik-17-86x60.png 86w\" sizes=\"auto, (max-width: 627px) 100vw, 627px\" \/><\/figure>\n<\/div>\n\n\n\n<div class=\"wp-block-column is-layout-flow wp-block-column-is-layout-flow\" style=\"flex-basis:33.33%\">\n<p>Najpierw kliknij \"Przekszta\u0142\u0107 dane\" w menu. Spowoduje to otwarcie Power Query Editor.<\/p>\n<\/div>\n<\/div>\n\n\n\n<div class=\"wp-block-columns is-layout-flex wp-container-core-columns-is-layout-11 wp-block-columns-is-layout-flex\">\n<div class=\"wp-block-column is-layout-flow wp-block-column-is-layout-flow\" style=\"flex-basis:33.33%\">\n<p>Wybierz kolumn\u0119, kt\u00f3r\u0105 chcesz przekszta\u0142ci\u0107. W tym przyk\u0142adzie jest to kolumna \"Probability Text\". Nast\u0119pnie kliknij \"Kolumna z przyk\u0142ad\u00f3w\" w lewym g\u00f3rnym rogu i wybierz \"Z zaznaczenia\".<\/p>\n<\/div>\n\n\n\n<div class=\"wp-block-column is-layout-flow wp-block-column-is-layout-flow\" style=\"flex-basis:66.66%\">\n<figure class=\"wp-block-image size-full\"><img loading=\"lazy\" decoding=\"async\" width=\"627\" height=\"268\" src=\"https:\/\/www.leaplytics.de\/wp-content\/uploads\/2022\/06\/grafik-18.png\" alt=\"\" class=\"wp-image-8964\" srcset=\"https:\/\/www.leaplytics.de\/wp-content\/uploads\/2022\/06\/grafik-18.png 627w, https:\/\/www.leaplytics.de\/wp-content\/uploads\/2022\/06\/grafik-18-300x128.png 300w, https:\/\/www.leaplytics.de\/wp-content\/uploads\/2022\/06\/grafik-18-140x60.png 140w\" sizes=\"auto, (max-width: 627px) 100vw, 627px\" \/><\/figure>\n<\/div>\n<\/div>\n\n\n\n<div class=\"wp-block-columns is-layout-flex wp-container-core-columns-is-layout-12 wp-block-columns-is-layout-flex\">\n<div class=\"wp-block-column is-layout-flow wp-block-column-is-layout-flow\" style=\"flex-basis:66.66%\">\n<figure class=\"wp-block-image size-full\"><img loading=\"lazy\" decoding=\"async\" width=\"627\" height=\"268\" src=\"https:\/\/www.leaplytics.de\/wp-content\/uploads\/2022\/06\/grafik-19.png\" alt=\"\" class=\"wp-image-8965\" srcset=\"https:\/\/www.leaplytics.de\/wp-content\/uploads\/2022\/06\/grafik-19.png 627w, https:\/\/www.leaplytics.de\/wp-content\/uploads\/2022\/06\/grafik-19-300x128.png 300w, https:\/\/www.leaplytics.de\/wp-content\/uploads\/2022\/06\/grafik-19-140x60.png 140w\" sizes=\"auto, (max-width: 627px) 100vw, 627px\" \/><\/figure>\n<\/div>\n\n\n\n<div class=\"wp-block-column is-layout-flow wp-block-column-is-layout-flow\" style=\"flex-basis:33.33%\">\n<p>Zostanie dodana nowa kolumna. Kliknij pierwsz\u0105 kom\u00f3rk\u0119 nowej kolumny i wstaw \u017c\u0105dan\u0105 warto\u015b\u0107 liczbow\u0105. W naszym przyk\u0142adzie \"Remote\" (najni\u017csze wyra\u017cenie) odpowiada warto\u015bci \"1\".&nbsp; <em><strong>Nie trzeba zmienia\u0107 wszystkich warto\u015bci indywidualnie. Power BI rozpoznaje liczby i automatycznie mapuje je wed\u0142ug <\/strong><\/em><strong>dwa<\/strong><em><strong> przyk\u0142ady.<\/strong><\/em><\/p>\n<\/div>\n<\/div>\n\n\n\n<div class=\"wp-block-columns is-layout-flex wp-container-core-columns-is-layout-13 wp-block-columns-is-layout-flex\">\n<div class=\"wp-block-column is-layout-flow wp-block-column-is-layout-flow\" style=\"flex-basis:33.33%\">\n<p>Czynno\u015b\u0107 t\u0119 nale\u017cy powt\u00f3rzy\u0107 dla ka\u017cdego wyra\u017cenia w zestawie danych...<\/p>\n<\/div>\n\n\n\n<div class=\"wp-block-column is-layout-flow wp-block-column-is-layout-flow\" style=\"flex-basis:66.66%\">\n<figure class=\"wp-block-image size-full\"><img loading=\"lazy\" decoding=\"async\" width=\"627\" height=\"317\" src=\"https:\/\/www.leaplytics.de\/wp-content\/uploads\/2022\/06\/grafik-20.png\" alt=\"\" class=\"wp-image-8966\" srcset=\"https:\/\/www.leaplytics.de\/wp-content\/uploads\/2022\/06\/grafik-20.png 627w, https:\/\/www.leaplytics.de\/wp-content\/uploads\/2022\/06\/grafik-20-300x152.png 300w, https:\/\/www.leaplytics.de\/wp-content\/uploads\/2022\/06\/grafik-20-119x60.png 119w\" sizes=\"auto, (max-width: 627px) 100vw, 627px\" \/><\/figure>\n<\/div>\n<\/div>\n\n\n\n<div class=\"wp-block-columns is-layout-flex wp-container-core-columns-is-layout-14 wp-block-columns-is-layout-flex\">\n<div class=\"wp-block-column is-layout-flow wp-block-column-is-layout-flow\" style=\"flex-basis:66.66%\">\n<figure class=\"wp-block-image size-full\"><img loading=\"lazy\" decoding=\"async\" width=\"627\" height=\"315\" src=\"https:\/\/www.leaplytics.de\/wp-content\/uploads\/2022\/06\/grafik-21.png\" alt=\"\" class=\"wp-image-8969\" srcset=\"https:\/\/www.leaplytics.de\/wp-content\/uploads\/2022\/06\/grafik-21.png 627w, https:\/\/www.leaplytics.de\/wp-content\/uploads\/2022\/06\/grafik-21-300x151.png 300w, https:\/\/www.leaplytics.de\/wp-content\/uploads\/2022\/06\/grafik-21-119x60.png 119w\" sizes=\"auto, (max-width: 627px) 100vw, 627px\" \/><\/figure>\n<\/div>\n\n\n\n<div class=\"wp-block-column is-layout-flow wp-block-column-is-layout-flow\" style=\"flex-basis:33.33%\">\n<p>Po zmapowaniu ostatniego wyra\u017cenia kliknij przycisk \"OK\" . I gotowe: Przekszta\u0142cona kolumna dla \"Prawdopodobie\u0144stwa\". Powtarzamy to samo z kolumn\u0105 \"Wp\u0142yw\" i mamy wymagany format danych. Wybrali\u015bmy logik\u0119 od 1 do 10, poniewa\u017c ka\u017cdy ma inne sformu\u0142owanie dla pi\u0119ciu kategorii.<\/p>\n<\/div>\n<\/div>","protected":false},"excerpt":{"rendered":"<p>Our Risk Heatmap \/ Matrix requires 1 to 10 as values, but what to do if your data is continuous and not in this interval? Or if the expressions of your risks consist of words? Below are four solutions with binning, quintiles, custom thresholds and words to numbers mapping. Binning In this solution approach, all &hellip; <\/p>","protected":false},"author":2,"featured_media":0,"parent":0,"menu_order":0,"comment_status":"closed","ping_status":"closed","template":"","meta":{"footnotes":""},"class_list":["post-8499","page","type-page","status-publish","hentry","latest_post"],"_links":{"self":[{"href":"https:\/\/www.leaplytics.de\/pl\/wp-json\/wp\/v2\/pages\/8499","targetHints":{"allow":["GET"]}}],"collection":[{"href":"https:\/\/www.leaplytics.de\/pl\/wp-json\/wp\/v2\/pages"}],"about":[{"href":"https:\/\/www.leaplytics.de\/pl\/wp-json\/wp\/v2\/types\/page"}],"author":[{"embeddable":true,"href":"https:\/\/www.leaplytics.de\/pl\/wp-json\/wp\/v2\/users\/2"}],"replies":[{"embeddable":true,"href":"https:\/\/www.leaplytics.de\/pl\/wp-json\/wp\/v2\/comments?post=8499"}],"version-history":[{"count":2,"href":"https:\/\/www.leaplytics.de\/pl\/wp-json\/wp\/v2\/pages\/8499\/revisions"}],"predecessor-version":[{"id":13647,"href":"https:\/\/www.leaplytics.de\/pl\/wp-json\/wp\/v2\/pages\/8499\/revisions\/13647"}],"wp:attachment":[{"href":"https:\/\/www.leaplytics.de\/pl\/wp-json\/wp\/v2\/media?parent=8499"}],"curies":[{"name":"wp","href":"https:\/\/api.w.org\/{rel}","templated":true}]}}