{"id":9171,"date":"2022-07-25T14:37:58","date_gmt":"2022-07-25T12:37:58","guid":{"rendered":"https:\/\/www.leaplytics.de\/?page_id=9171"},"modified":"2025-12-11T17:22:50","modified_gmt":"2025-12-11T16:22:50","slug":"rozpoczecie-pracy-macierz-mapy-ryzyka-power-bi","status":"publish","type":"page","link":"https:\/\/www.leaplytics.de\/pl\/rozpoczecie-pracy-macierz-mapy-ryzyka-power-bi\/","title":{"rendered":"Pierwsze kroki - matryca ryzyka \/ mapa ryzyka"},"content":{"rendered":"<h3 class=\"wp-block-heading\">Najszybsza droga do sukcesu<\/h3>\n\n\n\n<p>To proste. Czy jeste\u015b zainteresowany nasz\u0105 matryc\u0105 ryzyka? Tutaj dzielimy si\u0119 z Tob\u0105 wszystkim, czego potrzebujesz, aby zacz\u0105\u0107 tak szybko, jak to mo\u017cliwe. Najpierw poznasz wymagania dotycz\u0105ce danych. Nast\u0119pnie przedstawiamy przegl\u0105d wszystkich funkcji Matrycy Ryzyka wraz z kr\u00f3tkimi filmami na YouTube.<\/p>\n\n\n\n<h3 class=\"wp-block-heading\">Jak przygotowa\u0107 dane<\/h3>\n\n\n\n<div class=\"wp-block-columns is-layout-flex wp-container-core-columns-is-layout-1 wp-block-columns-is-layout-flex\">\n<div class=\"wp-block-column is-layout-flow wp-block-column-is-layout-flow\" style=\"flex-basis:66.66%\">\n<figure class=\"wp-block-image size-large\"><img loading=\"lazy\" decoding=\"async\" width=\"1024\" height=\"434\" src=\"https:\/\/www.leaplytics.de\/wp-content\/uploads\/2022\/07\/grafik-12-1024x434.png\" alt=\"\" class=\"wp-image-9172\" srcset=\"https:\/\/www.leaplytics.de\/wp-content\/uploads\/2022\/07\/grafik-12-1024x434.png 1024w, https:\/\/www.leaplytics.de\/wp-content\/uploads\/2022\/07\/grafik-12-300x127.png 300w, https:\/\/www.leaplytics.de\/wp-content\/uploads\/2022\/07\/grafik-12-768x325.png 768w, https:\/\/www.leaplytics.de\/wp-content\/uploads\/2022\/07\/grafik-12-142x60.png 142w, https:\/\/www.leaplytics.de\/wp-content\/uploads\/2022\/07\/grafik-12.png 1074w\" sizes=\"auto, (max-width: 1024px) 100vw, 1024px\" \/><\/figure>\n<\/div>\n\n\n\n<div class=\"wp-block-column is-layout-flow wp-block-column-is-layout-flow\" style=\"flex-basis:33.33%\">\n<p>Nasza matryca ryzyka wymaga liczb ca\u0142kowitych w zakresie od 1 do 10 dla dw\u00f3ch mo\u017cliwych wymiar\u00f3w.<\/p>\n\n\n\n<p>Je\u015bli tak nie jest w przypadku Twoich danych, stworzyli\u015bmy opcj\u0119 <a href=\"https:\/\/www.leaplytics.de\/pl\/dyskretyzacja-macierzy-ryzyka-heatmap-power-bi\/\">podstrona z instrukcjami przekszta\u0142cania ci\u0105g\u00f3w i innych warto\u015bci liczbowych<\/a>.<\/p>\n\n\n\n<figure class=\"wp-block-embed is-type-wp-embed is-provider-leaplytics wp-block-embed-leaplytics\"><div class=\"wp-block-embed__wrapper\">\n<blockquote class=\"wp-embedded-content\" data-secret=\"7mXanV1i1h\"><a href=\"https:\/\/www.leaplytics.de\/pl\/dyskretyzacja-macierzy-ryzyka-heatmap-power-bi\/\">Dyskretyzacja i transformacja<\/a><\/blockquote><iframe loading=\"lazy\" class=\"wp-embedded-content\" sandbox=\"allow-scripts\" security=\"restricted\" style=\"position: absolute; visibility: hidden;\" title=\"&quot;Dyskretyzacja i transformacja&quot; - LeapLytics\" src=\"https:\/\/www.leaplytics.de\/discretization-for-risk-heatmap-matrix-power-bi\/embed\/#?secret=kmJhx9MjAJ#?secret=7mXanV1i1h\" data-secret=\"7mXanV1i1h\" width=\"600\" height=\"338\" frameborder=\"0\" marginwidth=\"0\" marginheight=\"0\" scrolling=\"no\"><\/iframe>\n<\/div><\/figure>\n<\/div>\n<\/div>\n\n\n\n<h3 class=\"wp-block-heading has-text-align-left\">Pobierz Visual<\/h3>\n\n\n\n<figure class=\"wp-block-embed is-type-video is-provider-youtube wp-block-embed-youtube wp-embed-aspect-16-9 wp-has-aspect-ratio\"><div class=\"wp-block-embed__wrapper\">\n<iframe loading=\"lazy\" title=\"Pobierz samouczek - Macierz ryzyka LeapLytics dla Power BI\" width=\"770\" height=\"433\" src=\"https:\/\/www.youtube.com\/embed\/_n9x8k2_gMY?feature=oembed\" frameborder=\"0\" allow=\"accelerometer; autoplay; clipboard-write; encrypted-media; gyroscope; picture-in-picture; web-share\" referrerpolicy=\"strict-origin-when-cross-origin\" allowfullscreen><\/iframe>\n<\/div><figcaption class=\"wp-element-caption\">W tym kr\u00f3tkim filmie pokazujemy, jak pobra\u0107 wizualizacj\u0119 z Microsoft AppSource do raportowania.<\/figcaption><\/figure>\n\n\n\n<h3 class=\"wp-block-heading has-text-align-left\">\u0141adowanie danych i licencja<\/h3>\n\n\n\n<figure class=\"wp-block-embed aligncenter is-type-video is-provider-youtube wp-block-embed-youtube wp-embed-aspect-16-9 wp-has-aspect-ratio\"><div class=\"wp-block-embed__wrapper\">\n<iframe loading=\"lazy\" title=\"Importowanie danych i aktywacja licencji - matryca ryzyka LeapLytics dla Power BI\" width=\"770\" height=\"433\" src=\"https:\/\/www.youtube.com\/embed\/nK7rkWzEH74?start=26&#038;feature=oembed\" frameborder=\"0\" allow=\"accelerometer; autoplay; clipboard-write; encrypted-media; gyroscope; picture-in-picture; web-share\" referrerpolicy=\"strict-origin-when-cross-origin\" allowfullscreen><\/iframe>\n<\/div><\/figure>\n\n\n<div class=\"wp-block-image\">\n<figure class=\"aligncenter size-full\"><img loading=\"lazy\" decoding=\"async\" width=\"1024\" height=\"453\" src=\"https:\/\/www.leaplytics.de\/wp-content\/uploads\/2025\/12\/grafik.png\" alt=\"\" class=\"wp-image-14315\" srcset=\"https:\/\/www.leaplytics.de\/wp-content\/uploads\/2025\/12\/grafik.png 1024w, https:\/\/www.leaplytics.de\/wp-content\/uploads\/2025\/12\/grafik-300x133.png 300w, https:\/\/www.leaplytics.de\/wp-content\/uploads\/2025\/12\/grafik-768x340.png 768w, https:\/\/www.leaplytics.de\/wp-content\/uploads\/2025\/12\/grafik-18x8.png 18w, https:\/\/www.leaplytics.de\/wp-content\/uploads\/2025\/12\/grafik-136x60.png 136w\" sizes=\"auto, (max-width: 1024px) 100vw, 1024px\" \/><\/figure><\/div>\n\n\n<div class=\"wp-block-columns is-layout-flex wp-container-core-columns-is-layout-2 wp-block-columns-is-layout-flex\">\n<div class=\"wp-block-column is-layout-flow wp-block-column-is-layout-flow\" style=\"flex-basis:33.33%\">\n<p>Po przygotowaniu danych i przekonwertowaniu wyra\u017cenia ryzyka na zakres warto\u015bci od 1 do 10 mo\u017cna teraz po\u0142\u0105czy\u0107 dane z wizualizacj\u0105.<\/p>\n\n\n\n<p>Pocz\u0105tkowo wymagane s\u0105 trzy pola:<\/p>\n\n\n\n<ul class=\"wp-block-list\">\n<li>Identyfikator ryzyka (etykieta, kt\u00f3r\u0105 ryzyko otrzymuje w matrycy)<\/li>\n\n\n\n<li>O\u015b pozioma (wymiar, kt\u00f3ry ma by\u0107 wykre\u015blony na osi poziomej)<\/li>\n\n\n\n<li>O\u015b pionowa (wymiar pionowy)<\/li>\n<\/ul>\n\n\n\n<p>Unikaj agregacji \"Count\", \"Count (distinct)\", \"Standard deviation\", \"Variance\" i \"Median\" dla osi, poniewa\u017c generuj\u0105 one tylko ca\u0142kowit\u0105 liczb\u0119 kluczow\u0105!<\/p>\n<\/div>\n\n\n\n<div class=\"wp-block-column is-layout-flow wp-block-column-is-layout-flow\" style=\"flex-basis:66.66%\"><div class=\"wp-block-image\">\n<figure class=\"aligncenter size-full\"><img loading=\"lazy\" decoding=\"async\" width=\"185\" height=\"529\" src=\"https:\/\/www.leaplytics.de\/wp-content\/uploads\/2022\/08\/grafik-13.png\" alt=\"\" class=\"wp-image-9406\" srcset=\"https:\/\/www.leaplytics.de\/wp-content\/uploads\/2022\/08\/grafik-13.png 185w, https:\/\/www.leaplytics.de\/wp-content\/uploads\/2022\/08\/grafik-13-105x300.png 105w, https:\/\/www.leaplytics.de\/wp-content\/uploads\/2022\/08\/grafik-13-21x60.png 21w\" sizes=\"auto, (max-width: 185px) 100vw, 185px\" \/><\/figure><\/div><\/div>\n<\/div>\n\n\n\n<h4 class=\"wp-block-heading\">Kolory niestandardowe<\/h4>\n\n\n\n<p>W systemie Windows wystarczy przytrzyma\u0107 klawisz <strong>ALT<\/strong> i kliknij kafelek lewym przyciskiem myszy. Gdy to zrobisz, pojawi si\u0119 tryb edycji kolor\u00f3w.<\/p>\n\n\n\n<figure class=\"wp-block-image size-full\"><img loading=\"lazy\" decoding=\"async\" width=\"383\" height=\"328\" src=\"https:\/\/www.leaplytics.de\/wp-content\/uploads\/2025\/10\/grafik-1.png\" alt=\"\" class=\"wp-image-14039\" srcset=\"https:\/\/www.leaplytics.de\/wp-content\/uploads\/2025\/10\/grafik-1.png 383w, https:\/\/www.leaplytics.de\/wp-content\/uploads\/2025\/10\/grafik-1-300x257.png 300w, https:\/\/www.leaplytics.de\/wp-content\/uploads\/2025\/10\/grafik-1-14x12.png 14w, https:\/\/www.leaplytics.de\/wp-content\/uploads\/2025\/10\/grafik-1-70x60.png 70w\" sizes=\"auto, (max-width: 383px) 100vw, 383px\" \/><\/figure>\n\n\n\n<p> Kliknij kolorowy prostok\u0105t i wybierz preferowany kolor. Po wybraniu kliknij <strong>\"Zastosuj\".<\/strong><\/p>\n\n\n\n<div style=\"height:27px\" aria-hidden=\"true\" class=\"wp-block-spacer\"><\/div>\n\n\n\n<h4 class=\"wp-block-heading\">Ustawienia siatki<\/h4>\n\n\n\n<figure class=\"wp-block-embed is-type-video is-provider-youtube wp-block-embed-youtube wp-embed-aspect-16-9 wp-has-aspect-ratio\"><div class=\"wp-block-embed__wrapper\">\n<iframe loading=\"lazy\" title=\"Ustawienia siatki - Macierz ryzyka LeapLytics dla Power BI\" width=\"770\" height=\"433\" src=\"https:\/\/www.youtube.com\/embed\/oqx7gLN2kMs?feature=oembed\" frameborder=\"0\" allow=\"accelerometer; autoplay; clipboard-write; encrypted-media; gyroscope; picture-in-picture; web-share\" referrerpolicy=\"strict-origin-when-cross-origin\" allowfullscreen><\/iframe>\n<\/div><figcaption class=\"wp-element-caption\">To nasz film instrukta\u017cowy dotycz\u0105cy dostosowywania ustawie\u0144 siatki do w\u0142asnych potrzeb.<\/figcaption><\/figure>\n\n\n\n<h4 class=\"wp-block-heading\">Ustawienia osi<\/h4>\n\n\n\n<figure class=\"wp-block-embed is-type-video is-provider-youtube wp-block-embed-youtube wp-embed-aspect-16-9 wp-has-aspect-ratio\"><div class=\"wp-block-embed__wrapper\">\n<iframe loading=\"lazy\" title=\"Ustawienia osi - matryca ryzyka LeapLytics dla Power BI\" width=\"770\" height=\"433\" src=\"https:\/\/www.youtube.com\/embed\/0-rcR5c84_k?feature=oembed\" frameborder=\"0\" allow=\"accelerometer; autoplay; clipboard-write; encrypted-media; gyroscope; picture-in-picture; web-share\" referrerpolicy=\"strict-origin-when-cross-origin\" allowfullscreen><\/iframe>\n<\/div><figcaption class=\"wp-element-caption\">W tym kr\u00f3tkim filmie przedstawiamy r\u00f3\u017cne ustawienia osi.<\/figcaption><\/figure>\n\n\n\n<div style=\"height:27px\" aria-hidden=\"true\" class=\"wp-block-spacer\"><\/div>\n\n\n\n<h4 class=\"wp-block-heading\">Ustawienia wska\u017anika<\/h4>\n\n\n\n<figure class=\"wp-block-embed is-type-video is-provider-youtube wp-block-embed-youtube wp-embed-aspect-16-9 wp-has-aspect-ratio\"><div class=\"wp-block-embed__wrapper\">\n<iframe loading=\"lazy\" title=\"Ustawienia wska\u017anika - Macierz ryzyka LeapLytics dla Power BI\" width=\"770\" height=\"433\" src=\"https:\/\/www.youtube.com\/embed\/pv5HGyIsiK0?feature=oembed\" frameborder=\"0\" allow=\"accelerometer; autoplay; clipboard-write; encrypted-media; gyroscope; picture-in-picture; web-share\" referrerpolicy=\"strict-origin-when-cross-origin\" allowfullscreen><\/iframe>\n<\/div><figcaption class=\"wp-element-caption\">Ciekawi Ci\u0119, jakie mo\u017cliwo\u015bci daj\u0105 nasze r\u00f3\u017cne ustawienia wska\u017anik\u00f3w? Obejrzyj nasz film, aby dowiedzie\u0107 si\u0119 wi\u0119cej.<\/figcaption><\/figure>\n\n\n\n<div style=\"height:27px\" aria-hidden=\"true\" class=\"wp-block-spacer\"><\/div>\n\n\n\n<h4 class=\"wp-block-heading\">Formatowanie warunkowe<\/h4>\n\n\n\n<figure class=\"wp-block-embed is-type-video is-provider-youtube wp-block-embed-youtube wp-embed-aspect-16-9 wp-has-aspect-ratio\"><div class=\"wp-block-embed__wrapper\">\n<iframe loading=\"lazy\" title=\"Formatowanie warunkowe wska\u017anik\u00f3w - macierz ryzyka LeapLytics dla Power BI\" width=\"770\" height=\"433\" src=\"https:\/\/www.youtube.com\/embed\/2MNtkeeb6ZI?feature=oembed\" frameborder=\"0\" allow=\"accelerometer; autoplay; clipboard-write; encrypted-media; gyroscope; picture-in-picture; web-share\" referrerpolicy=\"strict-origin-when-cross-origin\" allowfullscreen><\/iframe>\n<\/div><figcaption class=\"wp-element-caption\">Chcesz doda\u0107 dodatkowy wymiar do swojej macierzy ryzyka? W takim razie ten film jest w\u0142a\u015bnie dla Ciebie!<\/figcaption><\/figure>\n\n\n\n<div style=\"height:27px\" aria-hidden=\"true\" class=\"wp-block-spacer\"><\/div>\n\n\n\n<h4 class=\"wp-block-heading\">Podpowiedzi<\/h4>\n\n\n\n<figure class=\"wp-block-embed is-type-video is-provider-youtube wp-block-embed-youtube wp-embed-aspect-16-9 wp-has-aspect-ratio\"><div class=\"wp-block-embed__wrapper\">\n<iframe loading=\"lazy\" title=\"Opcja podpowiedzi - matryca ryzyka LeapLytics dla Power BI\" width=\"770\" height=\"433\" src=\"https:\/\/www.youtube.com\/embed\/HsGGM3QmWuU?feature=oembed\" frameborder=\"0\" allow=\"accelerometer; autoplay; clipboard-write; encrypted-media; gyroscope; picture-in-picture; web-share\" referrerpolicy=\"strict-origin-when-cross-origin\" allowfullscreen><\/iframe>\n<\/div><figcaption class=\"wp-element-caption\">W tym filmie pokazujemy, jak u\u017cywa\u0107 zar\u00f3wno standardowych podpowiedzi, jak i podpowiedzi na kanwie. Zapewnia to wi\u0119cej informacji o ryzyku po najechaniu kursorem myszy.<\/figcaption><\/figure>\n\n\n\n<div style=\"height:27px\" aria-hidden=\"true\" class=\"wp-block-spacer\"><\/div>\n\n\n\n<h4 class=\"wp-block-heading\">Drillthrough<\/h4>\n\n\n\n<figure class=\"wp-block-embed is-type-video is-provider-youtube wp-block-embed-youtube wp-embed-aspect-16-9 wp-has-aspect-ratio\"><div class=\"wp-block-embed__wrapper\">\n<iframe loading=\"lazy\" title=\"Opcja dr\u0105\u017cenia - matryca ryzyka LeapLytics dla Power BI\" width=\"770\" height=\"433\" src=\"https:\/\/www.youtube.com\/embed\/0Kp7p_2AuSI?list=PLILJBdWmJP3Jegh_31AsIIaf5Y7mxjq4H\" frameborder=\"0\" allow=\"accelerometer; autoplay; clipboard-write; encrypted-media; gyroscope; picture-in-picture; web-share\" referrerpolicy=\"strict-origin-when-cross-origin\" allowfullscreen><\/iframe>\n<\/div><figcaption class=\"wp-element-caption\">Je\u015bli chcesz zag\u0142\u0119bi\u0107 si\u0119 w konkretne ryzyko za pomoc\u0105 matrycy ryzyka, to jest to dla Ciebie.<\/figcaption><\/figure>\n\n\n\n<div style=\"height:27px\" aria-hidden=\"true\" class=\"wp-block-spacer\"><\/div>\n\n\n\n<h4 class=\"wp-block-heading\">Historia lub ryzyko nieod\u0142\u0105czne\/indywidualne<\/h4>\n\n\n\n<figure class=\"wp-block-embed is-type-video is-provider-youtube wp-block-embed-youtube wp-embed-aspect-16-9 wp-has-aspect-ratio\"><div class=\"wp-block-embed__wrapper\">\n<iframe loading=\"lazy\" title=\"Risk Progress - matryca ryzyka LeapLytics dla Power BI\" width=\"770\" height=\"433\" src=\"https:\/\/www.youtube.com\/embed\/LrpK0XZtXrM?feature=oembed\" frameborder=\"0\" allow=\"accelerometer; autoplay; clipboard-write; encrypted-media; gyroscope; picture-in-picture; web-share\" referrerpolicy=\"strict-origin-when-cross-origin\" allowfullscreen><\/iframe>\n<\/div><figcaption class=\"wp-element-caption\">Wreszcie przedstawiamy funkcj\u0119 historii w naszej matrycy ryzyka!<\/figcaption><\/figure>\n\n\n\n<div style=\"height:27px\" aria-hidden=\"true\" class=\"wp-block-spacer\"><\/div>\n\n\n\n<p>Teraz jeste\u015b gotowy do korzystania z naszej mapy ryzyka i ulepszenia raportowania! Poni\u017cej zamie\u015bcili\u015bmy bardziej szczeg\u00f3\u0142owe instrukcje dotycz\u0105ce wszystkich dalszych dostosowa\u0144:<\/p>\n\n\n\n<figure class=\"wp-block-embed is-type-wp-embed is-provider-leaplytics wp-block-embed-leaplytics\"><div class=\"wp-block-embed__wrapper\">\n<blockquote class=\"wp-embedded-content\" data-secret=\"pgdTKCl3D2\"><a href=\"https:\/\/www.leaplytics.de\/pl\/nakladajacy-sie-tekst-dla-macierzy-ryzyka-heatmap-power-bi\/\">Nak\u0142adaj\u0105cy si\u0119 tekst<\/a><\/blockquote><iframe loading=\"lazy\" class=\"wp-embedded-content\" sandbox=\"allow-scripts\" security=\"restricted\" style=\"position: absolute; visibility: hidden;\" title=\"&quot;Nak\u0142adaj\u0105cy si\u0119 tekst&quot; - LeapLytics\" src=\"https:\/\/www.leaplytics.de\/overlapping-text-for-risk-heatmap-matrix-power-bi\/embed\/#?secret=MOdhCvhh48#?secret=pgdTKCl3D2\" data-secret=\"pgdTKCl3D2\" width=\"600\" height=\"338\" frameborder=\"0\" marginwidth=\"0\" marginheight=\"0\" scrolling=\"no\"><\/iframe>\n<\/div><\/figure>\n\n\n\n<figure class=\"wp-block-embed is-type-wp-embed is-provider-leaplytics wp-block-embed-leaplytics\"><div class=\"wp-block-embed__wrapper\">\n<blockquote class=\"wp-embedded-content\" data-secret=\"K6ho5QUDYx\"><a href=\"https:\/\/www.leaplytics.de\/pl\/jak-aktywowac-licencje-microsoft-power-bi\/\">Jak aktywowa\u0107 licencj\u0119 w us\u0142udze Microsoft Power BI<\/a><\/blockquote><iframe loading=\"lazy\" class=\"wp-embedded-content\" sandbox=\"allow-scripts\" security=\"restricted\" style=\"position: absolute; visibility: hidden;\" title=\"&quot;Jak aktywowa\u0107 licencj\u0119 w Microsoft Power BI&quot; - LeapLytics\" src=\"https:\/\/www.leaplytics.de\/how-to-activate-license-microsoft-power-bi\/embed\/#?secret=7RloTinAc5#?secret=K6ho5QUDYx\" data-secret=\"K6ho5QUDYx\" width=\"600\" height=\"338\" frameborder=\"0\" marginwidth=\"0\" marginheight=\"0\" scrolling=\"no\"><\/iframe>\n<\/div><\/figure>\n\n\n\n<p><\/p>","protected":false},"excerpt":{"rendered":"<p>Najszybsza droga do sukcesu To proste. Czy jeste\u015b zainteresowany nasz\u0105 matryc\u0105 ryzyka? Tutaj dzielimy si\u0119 z Tob\u0105 wszystkim, czego potrzebujesz, aby zacz\u0105\u0107 tak szybko, jak to mo\u017cliwe. Najpierw poznasz wymagania dotycz\u0105ce danych. Po tym nast\u0119puje przegl\u0105d wszystkich funkcji Matrycy Ryzyka z kr\u00f3tkimi filmami na YouTube ... <\/p>","protected":false},"author":2,"featured_media":0,"parent":0,"menu_order":0,"comment_status":"closed","ping_status":"closed","template":"","meta":{"footnotes":""},"class_list":["post-9171","page","type-page","status-publish","hentry","latest_post"],"_links":{"self":[{"href":"https:\/\/www.leaplytics.de\/pl\/wp-json\/wp\/v2\/pages\/9171","targetHints":{"allow":["GET"]}}],"collection":[{"href":"https:\/\/www.leaplytics.de\/pl\/wp-json\/wp\/v2\/pages"}],"about":[{"href":"https:\/\/www.leaplytics.de\/pl\/wp-json\/wp\/v2\/types\/page"}],"author":[{"embeddable":true,"href":"https:\/\/www.leaplytics.de\/pl\/wp-json\/wp\/v2\/users\/2"}],"replies":[{"embeddable":true,"href":"https:\/\/www.leaplytics.de\/pl\/wp-json\/wp\/v2\/comments?post=9171"}],"version-history":[{"count":33,"href":"https:\/\/www.leaplytics.de\/pl\/wp-json\/wp\/v2\/pages\/9171\/revisions"}],"predecessor-version":[{"id":14317,"href":"https:\/\/www.leaplytics.de\/pl\/wp-json\/wp\/v2\/pages\/9171\/revisions\/14317"}],"wp:attachment":[{"href":"https:\/\/www.leaplytics.de\/pl\/wp-json\/wp\/v2\/media?parent=9171"}],"curies":[{"name":"wp","href":"https:\/\/api.w.org\/{rel}","templated":true}]}}