{"id":9298,"date":"2022-08-01T18:12:55","date_gmt":"2022-08-01T16:12:55","guid":{"rendered":"https:\/\/www.leaplytics.de\/?page_id=9298"},"modified":"2024-10-29T10:26:15","modified_gmt":"2024-10-29T09:26:15","slug":"rozpoczecie-pracy-zasilanie-sygnalizacji-swietlnej-bi","status":"publish","type":"page","link":"https:\/\/www.leaplytics.de\/pl\/rozpoczecie-pracy-zasilanie-sygnalizacji-swietlnej-bi\/","title":{"rendered":"Pierwsze kroki - sygnalizacja \u015bwietlna"},"content":{"rendered":"<p>W\u0142a\u015bnie dowiedzia\u0142e\u015b si\u0119 o wizualizacji Traffic Light w Power BI i zastanawiasz si\u0119, jakie s\u0105 kolejne kroki?<\/p>\n\n\n\n<p>W takim razie trafi\u0142e\u015b we w\u0142a\u015bciwe miejsce! W naszym przewodniku krok po kroku, wspieranym przez nasze samouczki wideo, przeprowadzimy Ci\u0119 przez konfiguracj\u0119 i dostosowanie naszej wizualizacji.<\/p>\n\n\n\n<div style=\"height:40px\" aria-hidden=\"true\" class=\"wp-block-spacer\"><\/div>\n\n\n\n<h3 class=\"wp-block-heading\">1. Pobierz wizualizacj\u0119<\/h3>\n\n\n\n<figure class=\"wp-block-embed is-type-video is-provider-youtube wp-block-embed-youtube wp-embed-aspect-16-9 wp-has-aspect-ratio\"><div class=\"wp-block-embed__wrapper\">\n<iframe loading=\"lazy\" title=\"Pobierz samouczek - LeapLytics Traffic Light dla Power BI\" width=\"770\" height=\"433\" src=\"https:\/\/www.youtube.com\/embed\/_u8gc4RcyO0?feature=oembed\" frameborder=\"0\" allow=\"accelerometer; autoplay; clipboard-write; encrypted-media; gyroscope; picture-in-picture; web-share\" referrerpolicy=\"strict-origin-when-cross-origin\" allowfullscreen><\/iframe>\n<\/div><figcaption class=\"wp-element-caption\">Pierwszym krokiem jest oczywi\u015bcie pobranie wizualizacji Traffic Light z Microsoft AppSource. W naszym filmie wyja\u015bniamy ca\u0142y proces pobierania w ci\u0105gu 1 minuty.<\/figcaption><\/figure>\n\n\n\n<div style=\"height:40px\" aria-hidden=\"true\" class=\"wp-block-spacer\"><\/div>\n\n\n\n<h3 class=\"wp-block-heading\">2. Przygotowanie danych<\/h3>\n\n\n\n<div class=\"wp-block-columns is-layout-flex wp-container-core-columns-is-layout-1 wp-block-columns-is-layout-flex\">\n<div class=\"wp-block-column is-layout-flow wp-block-column-is-layout-flow\"><div class=\"wp-block-image\">\n<figure class=\"alignleft size-full is-resized\"><img loading=\"lazy\" decoding=\"async\" width=\"2285\" height=\"1538\" src=\"https:\/\/www.leaplytics.de\/wp-content\/uploads\/2024\/08\/data-preparation.png\" alt=\"\" class=\"wp-image-13550\" style=\"width:389px;height:auto\" srcset=\"https:\/\/www.leaplytics.de\/wp-content\/uploads\/2024\/08\/data-preparation.png 2285w, https:\/\/www.leaplytics.de\/wp-content\/uploads\/2024\/08\/data-preparation-300x202.png 300w, https:\/\/www.leaplytics.de\/wp-content\/uploads\/2024\/08\/data-preparation-1024x689.png 1024w, https:\/\/www.leaplytics.de\/wp-content\/uploads\/2024\/08\/data-preparation-768x517.png 768w, https:\/\/www.leaplytics.de\/wp-content\/uploads\/2024\/08\/data-preparation-1536x1034.png 1536w, https:\/\/www.leaplytics.de\/wp-content\/uploads\/2024\/08\/data-preparation-2048x1378.png 2048w, https:\/\/www.leaplytics.de\/wp-content\/uploads\/2024\/08\/data-preparation-89x60.png 89w\" sizes=\"auto, (max-width: 2285px) 100vw, 2285px\" \/><\/figure><\/div><\/div>\n\n\n\n<div class=\"wp-block-column is-layout-flow wp-block-column-is-layout-flow\">\n<p>Nasz Traffic Light wymaga warto\u015bci liczbowych, procentowych lub czasowych (np. daty), aby ustawi\u0107 zakresy dla ka\u017cdego koloru \u015bwiat\u0142a.<\/p>\n\n\n\n<p>Upewnij si\u0119, \u017ce dostosowa\u0142e\u015b interesuj\u0105ce Ci\u0119 dane do jednego z obs\u0142ugiwanych format\u00f3w danych.<\/p>\n<\/div>\n<\/div>\n\n\n\n<div style=\"height:40px\" aria-hidden=\"true\" class=\"wp-block-spacer\"><\/div>\n\n\n\n<h3 class=\"wp-block-heading\">3. Import danych i licencji<\/h3>\n\n\n\n<figure class=\"wp-block-embed is-type-video is-provider-youtube wp-block-embed-youtube wp-embed-aspect-16-9 wp-has-aspect-ratio\"><div class=\"wp-block-embed__wrapper\">\n<iframe loading=\"lazy\" title=\"Import danych i aktywacja licencji - LeapLytics Traffic Light for Power BI\" width=\"770\" height=\"433\" src=\"https:\/\/www.youtube.com\/embed\/S1HhF9H03K0?feature=oembed\" frameborder=\"0\" allow=\"accelerometer; autoplay; clipboard-write; encrypted-media; gyroscope; picture-in-picture; web-share\" referrerpolicy=\"strict-origin-when-cross-origin\" allowfullscreen><\/iframe>\n<\/div><figcaption class=\"wp-element-caption\">Po przygotowaniu danych nadszed\u0142 czas, aby zaimportowa\u0107 je do Power BI. W tym filmie pomagamy zaimportowa\u0107 dane i aktywowa\u0107 kod licencyjny.<\/figcaption><\/figure>\n\n\n<div class=\"wp-block-image\">\n<figure class=\"alignleft size-full is-resized\"><img loading=\"lazy\" decoding=\"async\" width=\"964\" height=\"1875\" src=\"https:\/\/www.leaplytics.de\/wp-content\/uploads\/2024\/08\/datalicense.png\" alt=\"\" class=\"wp-image-13551\" style=\"width:204px;height:auto\" srcset=\"https:\/\/www.leaplytics.de\/wp-content\/uploads\/2024\/08\/datalicense.png 964w, https:\/\/www.leaplytics.de\/wp-content\/uploads\/2024\/08\/datalicense-154x300.png 154w, https:\/\/www.leaplytics.de\/wp-content\/uploads\/2024\/08\/datalicense-526x1024.png 526w, https:\/\/www.leaplytics.de\/wp-content\/uploads\/2024\/08\/datalicense-768x1494.png 768w, https:\/\/www.leaplytics.de\/wp-content\/uploads\/2024\/08\/datalicense-790x1536.png 790w, https:\/\/www.leaplytics.de\/wp-content\/uploads\/2024\/08\/datalicense-31x60.png 31w\" sizes=\"auto, (max-width: 964px) 100vw, 964px\" \/><\/figure><\/div>\n\n\n<p>Aby zaimportowa\u0107 dane, kliknij \"Pobierz dane\" w panelu danych i wybierz odpowiednie \u017ar\u00f3d\u0142o danych, na przyk\u0142ad skoroszyt programu Excel.<\/p>\n\n\n\n<p><\/p>\n\n\n\n<p>W kolejnym kroku wybierz wizualizacj\u0119 z listy wizualizacji, aby doda\u0107 j\u0105 do raportu Power BI. Nast\u0119pnie kliknij opcj\u0119 \"Formatuj wizualizacj\u0119\" w obszarze wizualizacji i wybierz sekcj\u0119 \"Licencja\".<\/p>\n\n\n\n<p>Tutaj mo\u017cna po prostu wstawi\u0107 kod licencji za pomoc\u0105 kombinacji klawiszy CTRL + V.<\/p>\n\n\n\n<div style=\"height:40px\" aria-hidden=\"true\" class=\"wp-block-spacer\"><\/div>\n\n\n\n<h3 class=\"wp-block-heading\">4. Konfiguracja wizualna<\/h3>\n\n\n\n<figure class=\"wp-block-embed is-type-video is-provider-youtube wp-block-embed-youtube wp-embed-aspect-16-9 wp-has-aspect-ratio\"><div class=\"wp-block-embed__wrapper\">\n<iframe loading=\"lazy\" title=\"Konfiguracja wizualna - LeapLytics Traffic Light dla Power BI\" width=\"770\" height=\"433\" src=\"https:\/\/www.youtube.com\/embed\/rY4INTDBFAA?feature=oembed\" frameborder=\"0\" allow=\"accelerometer; autoplay; clipboard-write; encrypted-media; gyroscope; picture-in-picture; web-share\" referrerpolicy=\"strict-origin-when-cross-origin\" allowfullscreen><\/iframe>\n<\/div><figcaption class=\"wp-element-caption\">Nast\u0119pnie musimy doda\u0107 nasze dane do wizualizacji. Poni\u017cej przedstawiamy krok po kroku, jak doda\u0107 dane do wizualizacji i jak odpowiednio zdefiniowa\u0107 zakresy danych.<\/figcaption><\/figure>\n\n\n\n<div class=\"wp-block-columns is-layout-flex wp-container-core-columns-is-layout-2 wp-block-columns-is-layout-flex\">\n<div class=\"wp-block-column is-layout-flow wp-block-column-is-layout-flow\" style=\"flex-basis:33.33%\"><div class=\"wp-block-image\">\n<figure class=\"alignleft size-full is-resized\"><img loading=\"lazy\" decoding=\"async\" width=\"1019\" height=\"1675\" src=\"https:\/\/www.leaplytics.de\/wp-content\/uploads\/2024\/08\/measure.png\" alt=\"\" class=\"wp-image-13554\" style=\"width:204px;height:auto\" srcset=\"https:\/\/www.leaplytics.de\/wp-content\/uploads\/2024\/08\/measure.png 1019w, https:\/\/www.leaplytics.de\/wp-content\/uploads\/2024\/08\/measure-183x300.png 183w, https:\/\/www.leaplytics.de\/wp-content\/uploads\/2024\/08\/measure-623x1024.png 623w, https:\/\/www.leaplytics.de\/wp-content\/uploads\/2024\/08\/measure-768x1262.png 768w, https:\/\/www.leaplytics.de\/wp-content\/uploads\/2024\/08\/measure-934x1536.png 934w, https:\/\/www.leaplytics.de\/wp-content\/uploads\/2024\/08\/measure-37x60.png 37w\" sizes=\"auto, (max-width: 1019px) 100vw, 1019px\" \/><\/figure><\/div><\/div>\n\n\n\n<div class=\"wp-block-column is-layout-flow wp-block-column-is-layout-flow\" style=\"flex-basis:66.66%\">\n<p>Wybierz interesuj\u0105c\u0105 Ci\u0119 miar\u0119 z sekcji \"Dane\", klikaj\u0105c j\u0105 lub przeci\u0105gaj\u0105c na pole \"Miara\" w wizualizacji.<\/p>\n\n\n\n<p><strong>Opcjonalnie: <\/strong>Klikaj\u0105c list\u0119 rozwijan\u0105, mo\u017cna wybra\u0107 agregacj\u0119 odpowiedni\u0105 do potrzeb (Suma, \u015arednia itp.).<\/p>\n\n\n\n<p>Podczas korzystania z format\u00f3w czasu nale\u017cy upewni\u0107 si\u0119, \u017ce format jest ustawiony zgodnie z formatem wybranej miary.<\/p>\n<\/div>\n<\/div>\n\n\n\n<div style=\"height:40px\" aria-hidden=\"true\" class=\"wp-block-spacer\"><\/div>\n\n\n\n<h3 class=\"wp-block-heading\">5. Ustawianie zakres\u00f3w<\/h3>\n\n\n<div class=\"wp-block-image\">\n<figure class=\"alignleft size-full\"><img loading=\"lazy\" decoding=\"async\" width=\"185\" height=\"377\" src=\"https:\/\/www.leaplytics.de\/wp-content\/uploads\/2024\/08\/ranges.png\" alt=\"\" class=\"wp-image-13553\" srcset=\"https:\/\/www.leaplytics.de\/wp-content\/uploads\/2024\/08\/ranges.png 185w, https:\/\/www.leaplytics.de\/wp-content\/uploads\/2024\/08\/ranges-147x300.png 147w, https:\/\/www.leaplytics.de\/wp-content\/uploads\/2024\/08\/ranges-29x60.png 29w\" sizes=\"auto, (max-width: 185px) 100vw, 185px\" \/><\/figure><\/div>\n\n\n<p>Nast\u0119pnie, aby wizualizacja \"Sygnalizacja \u015bwietlna\" dzia\u0142a\u0142a prawid\u0142owo, nale\u017cy zdefiniowa\u0107 zakresy wy\u015bwietlania kolor\u00f3w \u015bwiate\u0142. W sekcji \"Zakresy\" w sekcji \"Utw\u00f3rz wizualizacj\u0119\" mo\u017cna zdefiniowa\u0107 minimalne i maksymalne warto\u015bci dla odpowiedniego koloru*.<\/p>\n\n\n\n<p>Po wybraniu miary daty lub interwa\u0142u w sekcji miary nale\u017cy zdefiniowa\u0107 zakresy zgodnie z wybranym formatem czasu w sekcji formatu czasu.<\/p>\n\n\n\n<p><em>*\u017b\u00f3\u0142te minimum i \u017c\u00f3\u0142te maksimum s\u0105 nieaktywne, je\u015bli wybrano opcj\u0119 \"System dw\u00f3ch \u015bwiate\u0142\".<\/em><\/p>\n\n\n\n<div style=\"height:40px\" aria-hidden=\"true\" class=\"wp-block-spacer\"><\/div>\n\n\n\n<h3 class=\"wp-block-heading\">6. Dostosuj sw\u00f3j ulubiony projekt<\/h3>\n\n\n\n<figure class=\"wp-block-embed is-type-video is-provider-youtube wp-block-embed-youtube wp-embed-aspect-16-9 wp-has-aspect-ratio\"><div class=\"wp-block-embed__wrapper\">\n<iframe loading=\"lazy\" title=\"Niestandardowe ustawienia projektu - LeapLytics Traffic Light dla Power BI\" width=\"770\" height=\"433\" src=\"https:\/\/www.youtube.com\/embed\/GpFtfzbQ_OE?feature=oembed\" frameborder=\"0\" allow=\"accelerometer; autoplay; clipboard-write; encrypted-media; gyroscope; picture-in-picture; web-share\" referrerpolicy=\"strict-origin-when-cross-origin\" allowfullscreen><\/iframe>\n<\/div><figcaption class=\"wp-element-caption\">Nasza wizualizacja oferuje szeroki zakres opcji dostosowywania. Zapoznaj si\u0119 z naszym samouczkiem wideo powy\u017cej, aby dowiedzie\u0107 si\u0119, jak dostosowa\u0107 Traffic Light do swoich indywidualnych preferencji.<\/figcaption><\/figure>\n\n\n<div class=\"wp-block-image\">\n<figure class=\"alignleft size-full is-resized\"><img loading=\"lazy\" decoding=\"async\" width=\"538\" height=\"1697\" src=\"https:\/\/www.leaplytics.de\/wp-content\/uploads\/2024\/08\/formats.png\" alt=\"\" class=\"wp-image-13552\" style=\"width:198px;height:auto\" srcset=\"https:\/\/www.leaplytics.de\/wp-content\/uploads\/2024\/08\/formats.png 538w, https:\/\/www.leaplytics.de\/wp-content\/uploads\/2024\/08\/formats-95x300.png 95w, https:\/\/www.leaplytics.de\/wp-content\/uploads\/2024\/08\/formats-325x1024.png 325w, https:\/\/www.leaplytics.de\/wp-content\/uploads\/2024\/08\/formats-487x1536.png 487w, https:\/\/www.leaplytics.de\/wp-content\/uploads\/2024\/08\/formats-19x60.png 19w\" sizes=\"auto, (max-width: 538px) 100vw, 538px\" \/><\/figure><\/div>\n\n\n<p>W ostatnim kroku mo\u017cemy dostosowa\u0107 wizualizacj\u0119 do indywidualnego projektu. Po klikni\u0119ciu opcji \"Formatuj wizualizacj\u0119\" w obszarze wizualizacji, wy\u015bwietli si\u0119 nast\u0119puj\u0105cy panel.<\/p>\n\n\n\n<p>Tutaj mo\u017cesz dostosowa\u0107 wszystkie opcje formatowania, wybieraj\u0105c sw\u00f3j ulubiony projekt. <\/p>\n\n\n\n<p>Instrukcje dotycz\u0105ce ka\u017cdej opcji formatowania mo\u017cna znale\u017a\u0107 w naszym samouczku wideo powy\u017cej.<\/p>\n\n\n\n<div style=\"height:40px\" aria-hidden=\"true\" class=\"wp-block-spacer\"><\/div>\n\n\n\n<p>Doskonale, jeste\u015b teraz gotowy do korzystania z naszego Traffic Light i usprawnienia raportowania!<\/p>\n\n\n\n<div style=\"height:40px\" aria-hidden=\"true\" class=\"wp-block-spacer\"><\/div>\n\n\n\n<div class=\"wp-block-buttons is-layout-flex wp-block-buttons-is-layout-flex\">\n<div class=\"wp-block-button\"><a class=\"wp-block-button__link has-background wp-element-button\" href=\"https:\/\/www.leaplytics.de\/pl\/strona-glowna\/zarzadzanie-projektami-niestandardowe-wizualizacje-microsoft-powerbi\/niestandardowa-wizualizacja-mapy-ryzyka-dla-power-bi\/\" style=\"background-color:#44546a\">Chcesz jeszcze bardziej podnie\u015b\u0107 poziom raportowania? Sprawd\u017a nasz\u0105 matryc\u0119 ryzyka dla Power BI!<\/a><\/div>\n<\/div>","protected":false},"excerpt":{"rendered":"<p>W\u0142a\u015bnie dowiedzia\u0142e\u015b si\u0119 o wizualizacji Traffic Light w Power BI i zastanawiasz si\u0119, jakie s\u0105 kolejne kroki? W takim razie trafi\u0142e\u015b we w\u0142a\u015bciwe miejsce! W naszym przewodniku krok po kroku, wspieranym przez nasze samouczki wideo, przeprowadzimy Ci\u0119 przez konfiguracj\u0119 i dostosowywanie naszej wizualizacji. 1. Pobierz wizualizacj\u0119 2. Przygotuj ... <\/p>","protected":false},"author":2,"featured_media":0,"parent":0,"menu_order":0,"comment_status":"closed","ping_status":"closed","template":"","meta":{"footnotes":""},"class_list":["post-9298","page","type-page","status-publish","hentry","latest_post"],"_links":{"self":[{"href":"https:\/\/www.leaplytics.de\/pl\/wp-json\/wp\/v2\/pages\/9298","targetHints":{"allow":["GET"]}}],"collection":[{"href":"https:\/\/www.leaplytics.de\/pl\/wp-json\/wp\/v2\/pages"}],"about":[{"href":"https:\/\/www.leaplytics.de\/pl\/wp-json\/wp\/v2\/types\/page"}],"author":[{"embeddable":true,"href":"https:\/\/www.leaplytics.de\/pl\/wp-json\/wp\/v2\/users\/2"}],"replies":[{"embeddable":true,"href":"https:\/\/www.leaplytics.de\/pl\/wp-json\/wp\/v2\/comments?post=9298"}],"version-history":[{"count":11,"href":"https:\/\/www.leaplytics.de\/pl\/wp-json\/wp\/v2\/pages\/9298\/revisions"}],"predecessor-version":[{"id":13635,"href":"https:\/\/www.leaplytics.de\/pl\/wp-json\/wp\/v2\/pages\/9298\/revisions\/13635"}],"wp:attachment":[{"href":"https:\/\/www.leaplytics.de\/pl\/wp-json\/wp\/v2\/media?parent=9298"}],"curies":[{"name":"wp","href":"https:\/\/api.w.org\/{rel}","templated":true}]}}