{"id":9336,"date":"2022-08-01T20:19:06","date_gmt":"2022-08-01T18:19:06","guid":{"rendered":"https:\/\/www.leaplytics.de\/?page_id=9336"},"modified":"2022-08-01T20:19:06","modified_gmt":"2022-08-01T18:19:06","slug":"opcje-formatu-sygnalizacja-swietlna-zasilanie-bi","status":"publish","type":"page","link":"https:\/\/www.leaplytics.de\/pl\/opcje-formatu-sygnalizacja-swietlna-zasilanie-bi\/","title":{"rendered":"Opcje formatu - Sygnalizacja \u015bwietlna"},"content":{"rendered":"<h3 class=\"wp-block-heading\">1. Format czasu<\/h3>\n\n\n<div class=\"wp-block-image\">\n<figure class=\"alignleft size-full\"><img loading=\"lazy\" decoding=\"async\" width=\"197\" height=\"238\" src=\"https:\/\/www.leaplytics.de\/wp-content\/uploads\/2022\/08\/grafik-7.png\" alt=\"\" class=\"wp-image-9337\" srcset=\"https:\/\/www.leaplytics.de\/wp-content\/uploads\/2022\/08\/grafik-7.png 197w, https:\/\/www.leaplytics.de\/wp-content\/uploads\/2022\/08\/grafik-7-50x60.png 50w\" sizes=\"auto, (max-width: 197px) 100vw, 197px\" \/><\/figure><\/div>\n\n\n<p>Sekcja \"Format czasu\" jest sekcj\u0105 opcjonaln\u0105. W tej sekcji mo\u017cna wybra\u0107 format czasu lub interwa\u0142u, kt\u00f3ry jest u\u017cywany do obliczania zakres\u00f3w i tekstu wyj\u015bciowego obok symbolu sygnalizacji \u015bwietlnej. Upewnij si\u0119, \u017ce format czasu zosta\u0142 wybrany zgodnie z polami wprowadzania zakresu.<\/p>\n\n\n\n<div style=\"height:16px\" aria-hidden=\"true\" class=\"wp-block-spacer\"><\/div>\n\n\n\n<h3 class=\"wp-block-heading\">2. System o\u015bwietlenia<\/h3>\n\n\n<div class=\"wp-block-image\">\n<figure class=\"alignleft size-full\"><img loading=\"lazy\" decoding=\"async\" width=\"199\" height=\"187\" src=\"https:\/\/www.leaplytics.de\/wp-content\/uploads\/2022\/08\/grafik-8.png\" alt=\"\" class=\"wp-image-9338\" srcset=\"https:\/\/www.leaplytics.de\/wp-content\/uploads\/2022\/08\/grafik-8.png 199w, https:\/\/www.leaplytics.de\/wp-content\/uploads\/2022\/08\/grafik-8-64x60.png 64w\" sizes=\"auto, (max-width: 199px) 100vw, 199px\" \/><\/figure><\/div>\n\n\n<p>W sekcji \"System o\u015bwietlenia\" mo\u017cna wybra\u0107 system z jednym, dwoma lub trzema \u015bwiat\u0142ami.<\/p>\n\n\n\n<p><strong>System trzech \u015bwiate\u0142:<\/strong> Zielony, \u017c\u00f3\u0142ty i czerwony maj\u0105 swoje w\u0142asne okr\u0119gi.<\/p>\n\n\n\n<p><strong>System dw\u00f3ch \u015bwiate\u0142:<\/strong> Zielone i czerwone maj\u0105 swoje w\u0142asne okr\u0119gi. \u017b\u00f3\u0142te \u015bwiat\u0142o nie jest obs\u0142ugiwane.<\/p>\n\n\n\n<p><strong>System jednego \u015bwiat\u0142a:<\/strong> Zielony, \u017c\u00f3\u0142ty i czerwony maj\u0105 ten sam okr\u0105g.<\/p>\n\n\n\n<div style=\"height:0px\" aria-hidden=\"true\" class=\"wp-block-spacer\"><\/div>\n\n\n\n<h3 class=\"wp-block-heading\">3. Wyr\u00f3wnanie<\/h3>\n\n\n<div class=\"wp-block-image\">\n<figure class=\"alignleft size-full\"><img loading=\"lazy\" decoding=\"async\" width=\"198\" height=\"167\" src=\"https:\/\/www.leaplytics.de\/wp-content\/uploads\/2022\/08\/grafik-9.png\" alt=\"\" class=\"wp-image-9339\" srcset=\"https:\/\/www.leaplytics.de\/wp-content\/uploads\/2022\/08\/grafik-9.png 198w, https:\/\/www.leaplytics.de\/wp-content\/uploads\/2022\/08\/grafik-9-71x60.png 71w\" sizes=\"auto, (max-width: 198px) 100vw, 198px\" \/><\/figure><\/div>\n\n\n<p>W sekcji \"Wyr\u00f3wnanie\" mo\u017cna wybra\u0107 pionowe lub poziome wyr\u00f3wnanie wizualizacji sygnalizacji \u015bwietlnej. Wszystkie istniej\u0105ce ustawienia s\u0105 dost\u0119pne dla obu wyr\u00f3wna\u0144.<\/p>\n\n\n\n<div style=\"height:0px\" aria-hidden=\"true\" class=\"wp-block-spacer\"><\/div>\n\n\n\n<h3 class=\"wp-block-heading\">4. Ustawienia granic<\/h3>\n\n\n<div class=\"wp-block-image\">\n<figure class=\"alignleft size-full\"><img loading=\"lazy\" decoding=\"async\" width=\"198\" height=\"211\" src=\"https:\/\/www.leaplytics.de\/wp-content\/uploads\/2022\/08\/grafik-10.png\" alt=\"\" class=\"wp-image-9344\" srcset=\"https:\/\/www.leaplytics.de\/wp-content\/uploads\/2022\/08\/grafik-10.png 198w, https:\/\/www.leaplytics.de\/wp-content\/uploads\/2022\/08\/grafik-10-56x60.png 56w\" sizes=\"auto, (max-width: 198px) 100vw, 198px\" \/><\/figure><\/div>\n\n\n<p>W sekcji \"Ustawienia obramowania\" mo\u017cna zmieni\u0107 widoczno\u015b\u0107 zewn\u0119trznego obramowania sygnalizacji \u015bwietlnej, a tak\u017ce wewn\u0119trznych odcieni \u015bwiate\u0142.<\/p>\n\n\n\n<div style=\"height:0px\" aria-hidden=\"true\" class=\"wp-block-spacer\"><\/div>\n\n\n\n<h3 class=\"wp-block-heading\">5. Ustawienia tekstu<\/h3>\n\n\n<div class=\"wp-block-image\">\n<figure class=\"alignleft size-full\"><img loading=\"lazy\" decoding=\"async\" width=\"196\" height=\"403\" src=\"https:\/\/www.leaplytics.de\/wp-content\/uploads\/2022\/08\/grafik-11.png\" alt=\"\" class=\"wp-image-9346\" srcset=\"https:\/\/www.leaplytics.de\/wp-content\/uploads\/2022\/08\/grafik-11.png 196w, https:\/\/www.leaplytics.de\/wp-content\/uploads\/2022\/08\/grafik-11-146x300.png 146w, https:\/\/www.leaplytics.de\/wp-content\/uploads\/2022\/08\/grafik-11-29x60.png 29w\" sizes=\"auto, (max-width: 196px) 100vw, 196px\" \/><\/figure><\/div>\n\n\n<p>Ta wizualizacja sygnalizacji \u015bwietlnej oferuje szeroki zakres ustawie\u0144 tekstu. Mo\u017cna w\u0142\u0105cza\u0107 i wy\u0142\u0105cza\u0107 element tekstowy, kt\u00f3ry jest wy\u015bwietlany w tym samym oknie co sygnalizacja \u015bwietlna. Gdy tekst jest widoczny, mo\u017cna zmieni\u0107 styl tekstu, rozmiar tekstu, po\u0142o\u017cenie tekstu i rodzin\u0119 czcionek, zgodnie z indywidualnymi potrzebami<\/p>\n\n\n\n<div style=\"height:0px\" aria-hidden=\"true\" class=\"wp-block-spacer\"><\/div>\n\n\n\n<h3 class=\"wp-block-heading\">6. Ustawienia kolor\u00f3w<\/h3>\n\n\n<div class=\"wp-block-image\">\n<figure class=\"alignleft size-full\"><img loading=\"lazy\" decoding=\"async\" width=\"198\" height=\"482\" src=\"https:\/\/www.leaplytics.de\/wp-content\/uploads\/2022\/08\/grafik-12.png\" alt=\"\" class=\"wp-image-9349\" srcset=\"https:\/\/www.leaplytics.de\/wp-content\/uploads\/2022\/08\/grafik-12.png 198w, https:\/\/www.leaplytics.de\/wp-content\/uploads\/2022\/08\/grafik-12-123x300.png 123w, https:\/\/www.leaplytics.de\/wp-content\/uploads\/2022\/08\/grafik-12-25x60.png 25w\" sizes=\"auto, (max-width: 198px) 100vw, 198px\" \/><\/figure><\/div>\n\n\n<p>W sekcji \"Ustawienia kolor\u00f3w\" mo\u017cna zmieni\u0107 kolor ka\u017cdej cz\u0119\u015bci tej wizualizacji. Wystarczy klikn\u0105\u0107 list\u0119 rozwijan\u0105 i wybra\u0107 kolor spo\u015br\u00f3d wst\u0119pnie zdefiniowanych kolor\u00f3w motywu lub u\u017cy\u0107 kod\u00f3w rgb i heksadecymalnych, aby samodzielnie zdefiniowa\u0107 kolor<\/p>","protected":false},"excerpt":{"rendered":"<p>1. Format czasu Sekcja \"Format czasu\" jest sekcj\u0105 opcjonaln\u0105. W tej sekcji mo\u017cna wybra\u0107 format czasu lub interwa\u0142u, kt\u00f3ry jest u\u017cywany do obliczania zakres\u00f3w i tekstu wyj\u015bciowego obok symbolu sygnalizacji \u015bwietlnej. Upewnij si\u0119, \u017ce format czasu zosta\u0142 wybrany zgodnie z polami wprowadzania zakresu. 2. \u015awiat\u0142a ... <\/p>","protected":false},"author":2,"featured_media":0,"parent":0,"menu_order":0,"comment_status":"closed","ping_status":"closed","template":"","meta":{"footnotes":""},"class_list":["post-9336","page","type-page","status-publish","hentry","latest_post"],"_links":{"self":[{"href":"https:\/\/www.leaplytics.de\/pl\/wp-json\/wp\/v2\/pages\/9336","targetHints":{"allow":["GET"]}}],"collection":[{"href":"https:\/\/www.leaplytics.de\/pl\/wp-json\/wp\/v2\/pages"}],"about":[{"href":"https:\/\/www.leaplytics.de\/pl\/wp-json\/wp\/v2\/types\/page"}],"author":[{"embeddable":true,"href":"https:\/\/www.leaplytics.de\/pl\/wp-json\/wp\/v2\/users\/2"}],"replies":[{"embeddable":true,"href":"https:\/\/www.leaplytics.de\/pl\/wp-json\/wp\/v2\/comments?post=9336"}],"version-history":[{"count":0,"href":"https:\/\/www.leaplytics.de\/pl\/wp-json\/wp\/v2\/pages\/9336\/revisions"}],"wp:attachment":[{"href":"https:\/\/www.leaplytics.de\/pl\/wp-json\/wp\/v2\/media?parent=9336"}],"curies":[{"name":"wp","href":"https:\/\/api.w.org\/{rel}","templated":true}]}}