{"id":9526,"date":"2022-09-08T20:29:04","date_gmt":"2022-09-08T18:29:04","guid":{"rendered":"https:\/\/www.leaplytics.de\/?page_id=9526"},"modified":"2024-05-21T13:00:58","modified_gmt":"2024-05-21T11:00:58","slug":"macierz-ryzyka-heatmap-power-bi-trial","status":"publish","type":"page","link":"https:\/\/www.leaplytics.de\/pl\/macierz-ryzyka-heatmap-power-bi-trial\/","title":{"rendered":"Power BI Risk Matrix \/ Heatmap - Wypr\u00f3buj teraz!"},"content":{"rendered":"<h3 class=\"wp-block-heading\">Brakuj\u0105cy element uk\u0142adanki do zarz\u0105dzania ryzykiem<\/h3>\n\n\n\n<figure class=\"wp-block-image size-full\"><img loading=\"lazy\" decoding=\"async\" width=\"152\" height=\"37\" src=\"https:\/\/www.leaplytics.de\/wp-content\/uploads\/2022\/05\/PBI-Certified.png\" alt=\"\" class=\"wp-image-8358\" srcset=\"https:\/\/www.leaplytics.de\/wp-content\/uploads\/2022\/05\/PBI-Certified.png 152w, https:\/\/www.leaplytics.de\/wp-content\/uploads\/2022\/05\/PBI-Certified-150x37.png 150w\" sizes=\"auto, (max-width: 152px) 100vw, 152px\" \/><\/figure>\n\n\n\n<p>To proste: wype\u0142nij poni\u017cszy formularz, a my wy\u015blemy ci bezp\u0142atn\u0105 czterotygodniow\u0105 licencj\u0119 pr\u00f3bn\u0105.<\/p>\n\n\n<div class=\"wpforms-container wpforms-container-full\" id=\"wpforms-10592\"><form id=\"wpforms-form-10592\" class=\"wpforms-validate wpforms-form wpforms-ajax-form\" data-formid=\"10592\" method=\"post\" enctype=\"multipart\/form-data\" action=\"\/pl\/wp-json\/wp\/v2\/pages\/9526\" data-token=\"93e31137e329d7940839fcaafb5f94cb\" data-token-time=\"1776963662\" data-trp-original-action=\"\/pl\/wp-json\/wp\/v2\/pages\/9526\"><noscript class=\"wpforms-error-noscript\">Aby wype\u0142ni\u0107 ten formularz, w\u0142\u0105cz obs\u0142ug\u0119 JavaScript w przegl\u0105darce.<\/noscript><div class=\"wpforms-field-container\"><div id=\"wpforms-10592-field_0-container\" class=\"wpforms-field wpforms-field-name\" data-field-id=\"0\"><label class=\"wpforms-field-label\">Nazwa <span class=\"wpforms-required-label\">*<\/span><\/label><div class=\"wpforms-field-row wpforms-field-medium\"><div class=\"wpforms-field-row-block wpforms-first wpforms-one-half\"><input type=\"text\" id=\"wpforms-10592-field_0\" class=\"wpforms-field-name-first wpforms-field-required\" name=\"wpforms[fields][0][first]\" required><label for=\"wpforms-10592-field_0\" class=\"wpforms-field-sublabel after\">Imi\u0119<\/label><\/div><div class=\"wpforms-field-row-block wpforms-one-half\"><input type=\"text\" id=\"wpforms-10592-field_0-last\" class=\"wpforms-field-name-last wpforms-field-required\" name=\"wpforms[fields][0][last]\" required><label for=\"wpforms-10592-field_0-last\" class=\"wpforms-field-sublabel after\">Nazwisko<\/label><\/div><\/div><\/div><div id=\"wpforms-10592-field_1-container\" class=\"wpforms-field wpforms-field-email\" data-field-id=\"1\"><label class=\"wpforms-field-label\" for=\"wpforms-10592-field_1\">Biznesowy adres e-mail <span class=\"wpforms-required-label\">*<\/span><\/label><input type=\"email\" id=\"wpforms-10592-field_1\" class=\"wpforms-field-medium wpforms-field-required\" data-rule-restricted-email=\"1\" name=\"wpforms[fields][1]\" spellcheck=\"false\" required><\/div><div id=\"wpforms-10592-field_4-container\" class=\"wpforms-field wpforms-field-text\" data-field-id=\"4\"><label class=\"wpforms-field-label\" for=\"wpforms-10592-field_4\">Firma <span class=\"wpforms-required-label\">*<\/span><\/label><input type=\"text\" id=\"wpforms-10592-field_4\" class=\"wpforms-field-medium wpforms-field-required\" name=\"wpforms[fields][4]\" required><\/div><div id=\"wpforms-10592-field_3-container\" class=\"wpforms-field wpforms-field-gdpr-checkbox\" data-field-id=\"3\"><label class=\"wpforms-field-label\">Umowa RODO <span class=\"wpforms-required-label\">*<\/span><\/label><ul id=\"wpforms-10592-field_3\" class=\"wpforms-field-required\"><li class=\"choice-1\"><input type=\"checkbox\" id=\"wpforms-10592-field_3_1\" name=\"wpforms[fields][3][]\" value=\"I consent to having this website store my submitted information so they can respond to my inquiry.\" required><label class=\"wpforms-field-label-inline\" for=\"wpforms-10592-field_3_1\">Wyra\u017cam zgod\u0119 na przechowywanie przez t\u0119 witryn\u0119 przes\u0142anych przeze mnie informacji w celu udzielenia odpowiedzi na moje zapytanie.<\/label><\/li><\/ul><\/div><\/div><!-- .wpforms-field-container --><div class=\"wpforms-recaptcha-container wpforms-is-recaptcha wpforms-is-recaptcha-type-v3\" ><input type=\"hidden\" name=\"wpforms[recaptcha]\" value=\"\"><\/div><div class=\"wpforms-submit-container\" ><input type=\"hidden\" name=\"wpforms[id]\" value=\"10592\"><input type=\"hidden\" name=\"page_title\" value=\"\"><input type=\"hidden\" name=\"page_url\" value=\"https:\/\/www.leaplytics.de\/pl\/wp-json\/wp\/v2\/pages\/9526\"><input type=\"hidden\" name=\"url_referer\" value=\"\"><button type=\"submit\" name=\"wpforms[submit]\" id=\"wpforms-submit-10592\" class=\"wpforms-submit\" data-alt-text=\"Sending...\" data-submit-text=\"Submit\" aria-live=\"assertive\" value=\"wpforms-submit\">Prze\u015blij<\/button><img loading=\"lazy\" decoding=\"async\" src=\"https:\/\/www.leaplytics.de\/wp-content\/plugins\/wpforms-lite\/assets\/images\/submit-spin.svg\" class=\"wpforms-submit-spinner\" style=\"display: none;\" width=\"26\" height=\"26\" alt=\"Wczytywanie\"><\/div><input type=\"hidden\" name=\"trp-form-language\" value=\"pl\"\/><\/form><\/div>  <!-- .wpforms-container -->\n\n\n\n<div style=\"height:27px\" aria-hidden=\"true\" class=\"wp-block-spacer\"><\/div>\n\n\n\n<h3 class=\"wp-block-heading\">Zaufany przez:<\/h3>\n\n\n<div class=\"wp-block-image\">\n<figure class=\"aligncenter size-medium is-resized\"><a href=\"https:\/\/www.railbaltica.org\/\" target=\"_blank\" rel=\"noreferrer noopener nofollow\"><img loading=\"lazy\" decoding=\"async\" width=\"300\" height=\"225\" src=\"https:\/\/www.leaplytics.de\/wp-content\/uploads\/2024\/05\/rb-logo-300x225.png\" alt=\"\" class=\"wp-image-13461\" style=\"width:300px\" srcset=\"https:\/\/www.leaplytics.de\/wp-content\/uploads\/2024\/05\/rb-logo-300x225.png 300w, https:\/\/www.leaplytics.de\/wp-content\/uploads\/2024\/05\/rb-logo-1024x768.png 1024w, https:\/\/www.leaplytics.de\/wp-content\/uploads\/2024\/05\/rb-logo-768x576.png 768w, https:\/\/www.leaplytics.de\/wp-content\/uploads\/2024\/05\/rb-logo-80x60.png 80w, https:\/\/www.leaplytics.de\/wp-content\/uploads\/2024\/05\/rb-logo.png 1200w\" sizes=\"auto, (max-width: 300px) 100vw, 300px\" \/><\/a><\/figure><\/div>\n\n\n<p><em>\"Doskona\u0142e narz\u0119dzie do wizualizacji i zapewnienia ca\u0142o\u015bciowego przegl\u0105du portfela ryzyka. Mo\u017cliwo\u015b\u0107 dostosowania kolor\u00f3w, prog\u00f3w i matrycy ryzyka jest idealna - \u0142atwa w konfiguracji i zapewnia mo\u017cliwo\u015b\u0107 korzystania z rozwi\u0105zania dla r\u00f3\u017cnych poziom\u00f3w ryzyka - przedsi\u0119biorstwa, projektu, programu itp. Nowa funkcja wizualizacji zmian w poszczeg\u00f3lnych pozycjach ryzyka na mapie cieplnej jest idealna do raportowania, poniewa\u017c dok\u0142adna zmiana prawdopodobie\u0144stwa lub wp\u0142ywu jest wyra\u017anie zrozumia\u0142a nawet dla os\u00f3b nieb\u0119d\u0105cych profesjonalistami w zarz\u0105dzaniu ryzykiem, umo\u017cliwiaj\u0105c im \u015bledzenie zmian\".<\/em> <a href=\"https:\/\/www.railbaltica.org\/\" target=\"_blank\" rel=\"noreferrer noopener nofollow\">Rail Baltica<\/a><\/p>\n\n\n\n<h3 class=\"wp-block-heading\">List od dyrektora generalnego<\/h3>\n\n\n\n<blockquote class=\"wp-block-quote is-layout-flow wp-block-quote-is-layout-flow\">\n<div class=\"wp-block-columns is-layout-flex wp-container-core-columns-is-layout-1 wp-block-columns-is-layout-flex\">\n<div class=\"wp-block-column is-layout-flow wp-block-column-is-layout-flow\" style=\"flex-basis:100%\">\n<h3 class=\"wp-block-heading has-text-align-left\"><img loading=\"lazy\" decoding=\"async\" width=\"150\" height=\"150\" class=\"wp-image-10452\" style=\"width: 150px;\" src=\"https:\/\/www.leaplytics.de\/wp-content\/uploads\/2023\/01\/stefan-profile.png\" alt=\"\" srcset=\"https:\/\/www.leaplytics.de\/wp-content\/uploads\/2023\/01\/stefan-profile.png 612w, https:\/\/www.leaplytics.de\/wp-content\/uploads\/2023\/01\/stefan-profile-300x300.png 300w, https:\/\/www.leaplytics.de\/wp-content\/uploads\/2023\/01\/stefan-profile-150x150.png 150w, https:\/\/www.leaplytics.de\/wp-content\/uploads\/2023\/01\/stefan-profile-370x370.png 370w, https:\/\/www.leaplytics.de\/wp-content\/uploads\/2023\/01\/stefan-profile-60x60.png 60w\" sizes=\"auto, (max-width: 150px) 100vw, 150px\" \/>Nasze rozwi\u0105zanie dla profesjonalist\u00f3w<\/h3>\n<\/div>\n<\/div>\n\n\n\n<p class=\"has-text-align-left\">Hej wszystkim-<br><br>Jestem Stefan, CEO w LeapLytics.<br><br>Jest to matryca ryzyka, kt\u00f3rej sami zawsze szukali\u015bmy. A teraz chcemy podzieli\u0107 si\u0119 ni\u0105 z wami.<br><br>Wspaniale jest mie\u0107 matryc\u0119 ryzyka, kt\u00f3ra pomaga zrozumie\u0107 zagro\u017cenia i szanse. Wcze\u015bniej bowiem zagro\u017cenia, kt\u00f3rych si\u0119 nie spodziewa\u0142e\u015b, pochodzi\u0142y ze \u017ar\u00f3de\u0142, kt\u00f3rych nie dostrzega\u0142e\u015b. Straci\u0142e\u015b kontrol\u0119 nad zrozumieniem krajobrazu ryzyka. Lawina danych za\u015bmieca\u0142a wszystko.<\/p>\n\n\n\n<p class=\"has-text-align-left\"><br>Tutaj mo\u017cemy Ci pom\u00f3c. Prace nad Matryc\u0105 Ryzyka rozpocz\u0119li\u015bmy w 2020 roku. Od tego czasu dodali\u015bmy wiele nowych funkcji. Skupili\u015bmy si\u0119 przy tym na u\u017cytkownikach. Formatowanie warunkowe by\u0142o pomys\u0142em w\u0142oskiej firmy. Pro\u015bba o prezentacj\u0119 ryzyka w oparciu o czas pochodzi\u0142a od klienta z Australii. Jeste\u015bmy dumni z naszej spo\u0142eczno\u015bci klient\u00f3w. Ale tak\u017ce to, co nap\u0119dza nas do ulepszania naszej matrycy ryzyka.<br><br>Matryca ryzyka nie powinna by\u0107 ci\u0119\u017carem. Co\u015b, z czym nie nad\u0105\u017casz. Czym\u015b, co si\u0119 usuwa, a nie piel\u0119gnuje. Zamiast si\u0119 ni\u0105 zachwyca\u0107, trzeba sobie z ni\u0105 radzi\u0107. Zamiast tego powinny by\u0107 niezawodne. I pouczaj\u0105ce. Powinny u\u0142atwia\u0107 Tobie i Twoim zespo\u0142om dostosowanie dzia\u0142a\u0144. Aby\u015b m\u00f3g\u0142 si\u0119 rozwija\u0107.<br><br>Dobra wiadomo\u015b\u0107: magia wci\u0105\u017c istnieje. Jest zas\u0142oni\u0119ta - pogrzebana pod ba\u0142aganem obej\u015b\u0107 i niezadowalaj\u0105cych rozwi\u0105za\u0144. Twoja deska rozdzielcza zas\u0142uguje na odkurzenie. Na renowacj\u0119. Zmodernizowany pod k\u0105tem dzisiejszego sposobu zarz\u0105dzania ryzykiem. Zrobili\u015bmy to dzi\u0119ki naszemu rozwi\u0105zaniu Risk Matrix. To przer\u00f3bka, przemy\u015blenie, uproszczenie i ponowne wprowadzenie zarz\u0105dzania ryzykiem.<br><br>Nowy pocz\u0105tek, tak jak powinno by\u0107.<\/p>\n\n\n\n<p><br>Mi\u0142ego dnia,<br>Stefan<br><br>Wsp\u00f3\u0142za\u0142o\u017cyciel i dyrektor generalny, LeapLytics GmbH<\/p>\n<\/blockquote>\n\n\n<div class=\"wp-block-image\">\n<figure class=\"aligncenter size-large\"><img loading=\"lazy\" decoding=\"async\" width=\"1024\" height=\"576\" src=\"https:\/\/www.leaplytics.de\/wp-content\/uploads\/2022\/04\/First_Slice_Risk_Map_PowerBI-1024x576.png\" alt=\"\" class=\"wp-image-6585\" srcset=\"https:\/\/www.leaplytics.de\/wp-content\/uploads\/2022\/04\/First_Slice_Risk_Map_PowerBI-1024x576.png 1024w, https:\/\/www.leaplytics.de\/wp-content\/uploads\/2022\/04\/First_Slice_Risk_Map_PowerBI-300x169.png 300w, https:\/\/www.leaplytics.de\/wp-content\/uploads\/2022\/04\/First_Slice_Risk_Map_PowerBI-768x432.png 768w, https:\/\/www.leaplytics.de\/wp-content\/uploads\/2022\/04\/First_Slice_Risk_Map_PowerBI-107x60.png 107w, https:\/\/www.leaplytics.de\/wp-content\/uploads\/2022\/04\/First_Slice_Risk_Map_PowerBI.png 1140w\" sizes=\"auto, (max-width: 1024px) 100vw, 1024px\" \/><\/figure><\/div>\n\n\n<div style=\"height:29px\" aria-hidden=\"true\" class=\"wp-block-spacer\"><\/div>\n\n\n\n<blockquote class=\"wp-block-quote has-text-align-left is-layout-flow wp-block-quote-is-layout-flow\">\n<p>Absolutnie warto<\/p>\n<cite>\"Wszystko, co chcieli\u015bmy osi\u0105gn\u0105\u0107 dzi\u0119ki matrycy ryzyka, mogli\u015bmy wdro\u017cy\u0107 dzi\u0119ki tej wizualizacji. Absolutnie warto.\" - <a href=\"https:\/\/appsource.microsoft.com\/en-us\/product\/power-bi-visuals\/leaplyticsgmbh1633373694058.leaplytics_risk_heatmap?tab=Reviews\" target=\"_blank\" rel=\"noreferrer noopener\">Ocena Microsoft AppSource Review: <img loading=\"lazy\" decoding=\"async\" width=\"89\" height=\"14\" class=\"wp-image-13274\" style=\"width: 89px;\" src=\"https:\/\/www.leaplytics.de\/wp-content\/uploads\/2024\/04\/stars.png\" alt=\"\"><\/a><\/cite><\/blockquote>\n\n\n\n<h3 class=\"wp-block-heading\">Co otrzymam?<\/h3>\n\n\n\n<i class=\"fa-solid fa-key\"><\/i> Czterotygodniowy okres pr\u00f3bny <b>Klucz licencyjny<\/b>\n<br><br>\n<i class=\"fa-solid fa-eye\"><\/i> Konfiguracja wizualna <b>Samouczek<\/b>\n<br><br>\n<i class=\"fas fa-directions\"><\/i> <b>\"How-To<\/b> Przewodniki na YouTube\n<br><br>\n<i class=\"fa-solid fa-question\"><\/i> Cz\u0119sto zadawane pytania (<b>Najcz\u0119\u015bciej zadawane pytania<\/b>)\n\n\n\n<div style=\"height:29px\" aria-hidden=\"true\" class=\"wp-block-spacer\"><\/div>\n\n\n\n<h3 class=\"wp-block-heading\">Dlaczego warto przetestowa\u0107 wizualizacj\u0119?<\/h3>\n\n\n\n<p>Nasza matryca ryzyka LeapLytics jest <strong>tylko<\/strong> Matryca ryzyka zdolna do renderowania ka\u017cdego ryzyka jako indywidualnej jednostki. Oferuje klikaln\u0105 funkcjonalno\u015b\u0107 i umo\u017cliwia wy\u015bwietlenie szczeg\u00f3\u0142owej analizy za pomoc\u0105 podpowiedzi. Co wi\u0119cej, jest to jedyny element wizualny w Power BI, kt\u00f3ry umo\u017cliwia u\u017cytkownikom dost\u0119p do szczeg\u00f3\u0142owych informacji o ryzyku poprzez proste dr\u0105\u017cenie okre\u015blonego ryzyka.<\/p>\n\n\n\n<ul class=\"wp-block-list\">\n<li><strong>Brak subskrypcji<\/strong>: Po prostu pozw\u00f3l mu wygasn\u0105\u0107. <strong>Nie pobieramy \u017cadnych op\u0142at.<\/strong><\/li>\n<\/ul>\n\n\n\n<figure class=\"wp-block-embed is-type-video is-provider-youtube wp-block-embed-youtube wp-embed-aspect-16-9 wp-has-aspect-ratio\"><div class=\"wp-block-embed__wrapper\" align=\"center\">\n<iframe loading=\"lazy\" title=\"Macierz ryzyka Power BI \/ mapa cieplna LeapLytics Visual\" width=\"770\" height=\"433\" src=\"https:\/\/www.youtube.com\/embed\/SsN0lgNJX6A?feature=oembed\" frameborder=\"0\" allow=\"accelerometer; autoplay; clipboard-write; encrypted-media; gyroscope; picture-in-picture; web-share\" referrerpolicy=\"strict-origin-when-cross-origin\" allowfullscreen><\/iframe>\n<\/div><\/figure>\n\n\n\n<div style=\"height:55px\" aria-hidden=\"true\" class=\"wp-block-spacer\"><\/div>\n\n\n\n<blockquote class=\"wp-block-quote is-layout-flow wp-block-quote-is-layout-flow\">\n<p>Dzia\u0142a dok\u0142adnie tak, jak oczekiwano i reklamowano.<\/p>\n\n\n\n<h3 class=\"wp-block-heading\"><\/h3>\n<cite>\"Kupi\u0142em licencj\u0119 na t\u0119 aplikacj\u0119 prawie 9 miesi\u0119cy temu, zainstalowa\u0142em j\u0105 w kilku raportach u\u017cywanych przez setki ludzi na ca\u0142ym \u015bwiecie i otrzyma\u0142em tylko pozytywne opinie od u\u017cytkownik\u00f3w.\" - <a href=\"https:\/\/appsource.microsoft.com\/en-us\/product\/power-bi-visuals\/leaplyticsgmbh1633373694058.leaplytics_risk_heatmap?tab=Reviews\" target=\"_blank\" rel=\"noreferrer noopener\">Ocena Microsoft AppSource Review: <img loading=\"lazy\" decoding=\"async\" width=\"89\" height=\"14\" class=\"wp-image-13274\" style=\"width: 89px;\" src=\"https:\/\/www.leaplytics.de\/wp-content\/uploads\/2024\/04\/stars.png\" alt=\"\"><\/a><\/cite><\/blockquote>\n\n\n\n<p>Zainteresowany? W ci\u0105gu pi\u0119ciu minut otrzymasz wiadomo\u015b\u0107 e-mail z czterotygodniow\u0105 osobist\u0105 licencj\u0105 pr\u00f3bn\u0105.<\/p>\n\n\n<div class=\"wpforms-container wpforms-container-full\" id=\"wpforms-10592\"><form id=\"wpforms-form-10592\" class=\"wpforms-validate wpforms-form wpforms-ajax-form\" data-formid=\"10592\" method=\"post\" enctype=\"multipart\/form-data\" action=\"\/pl\/wp-json\/wp\/v2\/pages\/9526\" data-token=\"93e31137e329d7940839fcaafb5f94cb\" data-token-time=\"1776963662\" data-trp-original-action=\"\/pl\/wp-json\/wp\/v2\/pages\/9526\"><noscript class=\"wpforms-error-noscript\">Aby wype\u0142ni\u0107 ten formularz, w\u0142\u0105cz obs\u0142ug\u0119 JavaScript w przegl\u0105darce.<\/noscript><div class=\"wpforms-field-container\"><div id=\"wpforms-10592-field_0-container\" class=\"wpforms-field wpforms-field-name\" data-field-id=\"0\"><label class=\"wpforms-field-label\">Nazwa <span class=\"wpforms-required-label\">*<\/span><\/label><div class=\"wpforms-field-row wpforms-field-medium\"><div class=\"wpforms-field-row-block wpforms-first wpforms-one-half\"><input type=\"text\" id=\"wpforms-10592-field_0\" class=\"wpforms-field-name-first wpforms-field-required\" name=\"wpforms[fields][0][first]\" required><label for=\"wpforms-10592-field_0\" class=\"wpforms-field-sublabel after\">Imi\u0119<\/label><\/div><div class=\"wpforms-field-row-block wpforms-one-half\"><input type=\"text\" id=\"wpforms-10592-field_0-last\" class=\"wpforms-field-name-last wpforms-field-required\" name=\"wpforms[fields][0][last]\" required><label for=\"wpforms-10592-field_0-last\" class=\"wpforms-field-sublabel after\">Nazwisko<\/label><\/div><\/div><\/div><div id=\"wpforms-10592-field_1-container\" class=\"wpforms-field wpforms-field-email\" data-field-id=\"1\"><label class=\"wpforms-field-label\" for=\"wpforms-10592-field_1\">Biznesowy adres e-mail <span class=\"wpforms-required-label\">*<\/span><\/label><input type=\"email\" id=\"wpforms-10592-field_1\" class=\"wpforms-field-medium wpforms-field-required\" data-rule-restricted-email=\"1\" name=\"wpforms[fields][1]\" spellcheck=\"false\" required><\/div><div id=\"wpforms-10592-field_4-container\" class=\"wpforms-field wpforms-field-text\" data-field-id=\"4\"><label class=\"wpforms-field-label\" for=\"wpforms-10592-field_4\">Firma <span class=\"wpforms-required-label\">*<\/span><\/label><input type=\"text\" id=\"wpforms-10592-field_4\" class=\"wpforms-field-medium wpforms-field-required\" name=\"wpforms[fields][4]\" required><\/div><div id=\"wpforms-10592-field_3-container\" class=\"wpforms-field wpforms-field-gdpr-checkbox\" data-field-id=\"3\"><label class=\"wpforms-field-label\">Umowa RODO <span class=\"wpforms-required-label\">*<\/span><\/label><ul id=\"wpforms-10592-field_3\" class=\"wpforms-field-required\"><li class=\"choice-1\"><input type=\"checkbox\" id=\"wpforms-10592-field_3_1\" name=\"wpforms[fields][3][]\" value=\"I consent to having this website store my submitted information so they can respond to my inquiry.\" required><label class=\"wpforms-field-label-inline\" for=\"wpforms-10592-field_3_1\">Wyra\u017cam zgod\u0119 na przechowywanie przez t\u0119 witryn\u0119 przes\u0142anych przeze mnie informacji w celu udzielenia odpowiedzi na moje zapytanie.<\/label><\/li><\/ul><\/div><\/div><!-- .wpforms-field-container --><div class=\"wpforms-recaptcha-container wpforms-is-recaptcha wpforms-is-recaptcha-type-v3\" ><input type=\"hidden\" name=\"wpforms[recaptcha]\" value=\"\"><\/div><div class=\"wpforms-submit-container\" ><input type=\"hidden\" name=\"wpforms[id]\" value=\"10592\"><input type=\"hidden\" name=\"page_title\" value=\"\"><input type=\"hidden\" name=\"page_url\" value=\"https:\/\/www.leaplytics.de\/pl\/wp-json\/wp\/v2\/pages\/9526\"><input type=\"hidden\" name=\"url_referer\" value=\"\"><button type=\"submit\" name=\"wpforms[submit]\" id=\"wpforms-submit-10592\" class=\"wpforms-submit\" data-alt-text=\"Sending...\" data-submit-text=\"Submit\" aria-live=\"assertive\" value=\"wpforms-submit\">Prze\u015blij<\/button><img loading=\"lazy\" decoding=\"async\" src=\"https:\/\/www.leaplytics.de\/wp-content\/plugins\/wpforms-lite\/assets\/images\/submit-spin.svg\" class=\"wpforms-submit-spinner\" style=\"display: none;\" width=\"26\" height=\"26\" alt=\"Wczytywanie\"><\/div><input type=\"hidden\" name=\"trp-form-language\" value=\"pl\"\/><\/form><\/div>  <!-- .wpforms-container -->","protected":false},"excerpt":{"rendered":"<p>Brakuj\u0105cy element uk\u0142adanki do zarz\u0105dzania ryzykiem To proste: wype\u0142nij poni\u017cszy formularz, a my wy\u015blemy Ci bezp\u0142atn\u0105 czterotygodniow\u0105 licencj\u0119 pr\u00f3bn\u0105. Zaufani: \"Doskona\u0142e narz\u0119dzie do wizualizacji i zapewnienia ca\u0142o\u015bciowego przegl\u0105du portfela ryzyka. Mo\u017cliwo\u015b\u0107 dostosowania kolor\u00f3w, prog\u00f3w i matrycy ryzyka jest idealna - \u0142atwa do skonfigurowania ... <\/p>","protected":false},"author":2,"featured_media":0,"parent":0,"menu_order":0,"comment_status":"closed","ping_status":"closed","template":"","meta":{"footnotes":""},"class_list":["post-9526","page","type-page","status-publish","hentry","latest_post"],"_links":{"self":[{"href":"https:\/\/www.leaplytics.de\/pl\/wp-json\/wp\/v2\/pages\/9526","targetHints":{"allow":["GET"]}}],"collection":[{"href":"https:\/\/www.leaplytics.de\/pl\/wp-json\/wp\/v2\/pages"}],"about":[{"href":"https:\/\/www.leaplytics.de\/pl\/wp-json\/wp\/v2\/types\/page"}],"author":[{"embeddable":true,"href":"https:\/\/www.leaplytics.de\/pl\/wp-json\/wp\/v2\/users\/2"}],"replies":[{"embeddable":true,"href":"https:\/\/www.leaplytics.de\/pl\/wp-json\/wp\/v2\/comments?post=9526"}],"version-history":[{"count":51,"href":"https:\/\/www.leaplytics.de\/pl\/wp-json\/wp\/v2\/pages\/9526\/revisions"}],"predecessor-version":[{"id":13475,"href":"https:\/\/www.leaplytics.de\/pl\/wp-json\/wp\/v2\/pages\/9526\/revisions\/13475"}],"wp:attachment":[{"href":"https:\/\/www.leaplytics.de\/pl\/wp-json\/wp\/v2\/media?parent=9526"}],"curies":[{"name":"wp","href":"https:\/\/api.w.org\/{rel}","templated":true}]}}