{"id":11629,"date":"2023-05-12T23:15:22","date_gmt":"2023-05-12T21:15:22","guid":{"rendered":"https:\/\/www.leaplytics.de\/?page_id=11629"},"modified":"2024-04-12T21:40:36","modified_gmt":"2024-04-12T19:40:36","slug":"programa-de-parceria","status":"publish","type":"page","link":"https:\/\/www.leaplytics.de\/pt\/programa-de-parceria\/","title":{"rendered":"Programa de parceiros"},"content":{"rendered":"<h4 class=\"wp-block-heading\">O nosso programa de parceria\/revenda<\/h4>\n\n\n\n<p>Torne-se um parceiro da LeapLytics. Distribua licen\u00e7as por conta pr\u00f3pria para permitir aos seus clientes um \u00fanico ponto de contacto com as principais solu\u00e7\u00f5es de BI. Oferecemos descontos e comiss\u00f5es relevantes se distribuir e\/ou vender as licen\u00e7as por si pr\u00f3prio ou atrav\u00e9s dos nossos canais de distribui\u00e7\u00e3o. Al\u00e9m disso, tamb\u00e9m pode incluir os nossos produtos na sua oferta de servi\u00e7os como uma op\u00e7\u00e3o de revenda.<\/p>\n\n\n<div class=\"wp-block-image\">\n<figure class=\"aligncenter size-large\"><img loading=\"lazy\" decoding=\"async\" width=\"1024\" height=\"683\" src=\"https:\/\/www.leaplytics.de\/wp-content\/uploads\/2020\/10\/scott-graham-OQMZwNd3ThU-unsplash-1024x683.jpg\" alt=\"\" class=\"wp-image-253\" srcset=\"https:\/\/www.leaplytics.de\/wp-content\/uploads\/2020\/10\/scott-graham-OQMZwNd3ThU-unsplash-1024x683.jpg 1024w, https:\/\/www.leaplytics.de\/wp-content\/uploads\/2020\/10\/scott-graham-OQMZwNd3ThU-unsplash-scaled-600x401.jpg 600w, https:\/\/www.leaplytics.de\/wp-content\/uploads\/2020\/10\/scott-graham-OQMZwNd3ThU-unsplash-300x200.jpg 300w, https:\/\/www.leaplytics.de\/wp-content\/uploads\/2020\/10\/scott-graham-OQMZwNd3ThU-unsplash-768x513.jpg 768w, https:\/\/www.leaplytics.de\/wp-content\/uploads\/2020\/10\/scott-graham-OQMZwNd3ThU-unsplash-1536x1025.jpg 1536w, https:\/\/www.leaplytics.de\/wp-content\/uploads\/2020\/10\/scott-graham-OQMZwNd3ThU-unsplash-2048x1367.jpg 2048w, https:\/\/www.leaplytics.de\/wp-content\/uploads\/2020\/10\/scott-graham-OQMZwNd3ThU-unsplash-90x60.jpg 90w\" sizes=\"auto, (max-width: 1024px) 100vw, 1024px\" \/><\/figure><\/div>\n\n\n<div style=\"height:19px\" aria-hidden=\"true\" class=\"wp-block-spacer\"><\/div>\n\n\n\n<p>Como parceiro, obt\u00e9m as informa\u00e7\u00f5es mais recentes sobre os lan\u00e7amentos, bem como informa\u00e7\u00f5es aprofundadas sobre o pipeline de desenvolvimento. Desta forma, est\u00e1 \u00e0 frente do mercado e pode prestar um servi\u00e7o excecional aos seus clientes. Al\u00e9m disso, tamb\u00e9m pode participar ativamente no nosso processo de desenvolvimento para moldar o futuro dos visuais.<\/p>\n\n\n\n<h4 class=\"wp-block-heading\">Pronto para ser nosso parceiro?<\/h4>\n\n\n\n<p>Registe-se agora no nosso Programa de Parceria\/Revendedor preenchendo o formul\u00e1rio abaixo. Entraremos em contacto consigo para discutir a oferta e os seus benef\u00edcios. Mal podemos esperar para saber mais sobre o seu neg\u00f3cio e explorar as possibilidades interessantes de uma parceria de sucesso!<\/p>\n\n\n<div class=\"wpforms-container wpforms-container-full\" id=\"wpforms-11630\"><form id=\"wpforms-form-11630\" class=\"wpforms-validate wpforms-form wpforms-ajax-form\" data-formid=\"11630\" method=\"post\" enctype=\"multipart\/form-data\" action=\"\/pt\/wp-json\/wp\/v2\/pages\/11629\" data-token=\"83a2090e9e48df855c215049ad37212a\" data-token-time=\"1777616014\" data-trp-original-action=\"\/pt\/wp-json\/wp\/v2\/pages\/11629\"><div class=\"wpforms-head-container\"><div class=\"wpforms-title\">Pedido de parceria<\/div><\/div><noscript class=\"wpforms-error-noscript\">Active o JavaScript no seu browser para preencher este formul\u00e1rio.<\/noscript><div class=\"wpforms-field-container\"><div id=\"wpforms-11630-field_0-container\" class=\"wpforms-field wpforms-field-name\" data-field-id=\"0\"><label class=\"wpforms-field-label\">Nome <span class=\"wpforms-required-label\">*<\/span><\/label><div class=\"wpforms-field-row wpforms-field-medium\"><div class=\"wpforms-field-row-block wpforms-first wpforms-one-half\"><input type=\"text\" id=\"wpforms-11630-field_0\" class=\"wpforms-field-name-first wpforms-field-required\" name=\"wpforms[fields][0][first]\" required><label for=\"wpforms-11630-field_0\" class=\"wpforms-field-sublabel after\">Primeiro<\/label><\/div><div class=\"wpforms-field-row-block wpforms-one-half\"><input type=\"text\" id=\"wpforms-11630-field_0-last\" class=\"wpforms-field-name-last wpforms-field-required\" name=\"wpforms[fields][0][last]\" required><label for=\"wpforms-11630-field_0-last\" class=\"wpforms-field-sublabel after\">\u00daltimo<\/label><\/div><\/div><\/div><div id=\"wpforms-11630-field_1-container\" class=\"wpforms-field wpforms-field-email\" data-field-id=\"1\"><label class=\"wpforms-field-label\" for=\"wpforms-11630-field_1\">Correio eletr\u00f3nico <span class=\"wpforms-required-label\">*<\/span><\/label><input type=\"email\" id=\"wpforms-11630-field_1\" class=\"wpforms-field-medium wpforms-field-required\" data-rule-restricted-email=\"1\" name=\"wpforms[fields][1]\" spellcheck=\"false\" required><\/div><div id=\"wpforms-11630-field_4-container\" class=\"wpforms-field wpforms-field-text\" data-field-id=\"4\"><label class=\"wpforms-field-label\" for=\"wpforms-11630-field_4\">Empresa <span class=\"wpforms-required-label\">*<\/span><\/label><input type=\"text\" id=\"wpforms-11630-field_4\" class=\"wpforms-field-medium wpforms-field-required\" name=\"wpforms[fields][4]\" required><\/div><div id=\"wpforms-11630-field_3-container\" class=\"wpforms-field wpforms-field-gdpr-checkbox\" data-field-id=\"3\"><label class=\"wpforms-field-label\">Acordo RGPD <span class=\"wpforms-required-label\">*<\/span><\/label><ul id=\"wpforms-11630-field_3\" class=\"wpforms-field-required\"><li class=\"choice-1\"><input type=\"checkbox\" id=\"wpforms-11630-field_3_1\" name=\"wpforms[fields][3][]\" value=\"I consent to having this website store my submitted information so they can respond to my inquiry.\" required><label class=\"wpforms-field-label-inline\" for=\"wpforms-11630-field_3_1\">Autorizo que este s\u00edtio Web guarde as informa\u00e7\u00f5es que enviei para poder responder ao meu pedido.<\/label><\/li><\/ul><\/div><\/div><!-- .wpforms-field-container --><div class=\"wpforms-recaptcha-container wpforms-is-recaptcha wpforms-is-recaptcha-type-v3\" ><input type=\"hidden\" name=\"wpforms[recaptcha]\" value=\"\"><\/div><div class=\"wpforms-submit-container\" ><input type=\"hidden\" name=\"wpforms[id]\" value=\"11630\"><input type=\"hidden\" name=\"page_title\" value=\"\"><input type=\"hidden\" name=\"page_url\" value=\"https:\/\/www.leaplytics.de\/pt\/wp-json\/wp\/v2\/pages\/11629\"><input type=\"hidden\" name=\"url_referer\" value=\"\"><button type=\"submit\" name=\"wpforms[submit]\" id=\"wpforms-submit-11630\" class=\"wpforms-submit\" data-alt-text=\"Sending...\" data-submit-text=\"Submit\" aria-live=\"assertive\" value=\"wpforms-submit\">Enviar<\/button><img loading=\"lazy\" decoding=\"async\" src=\"https:\/\/www.leaplytics.de\/wp-content\/plugins\/wpforms-lite\/assets\/images\/submit-spin.svg\" class=\"wpforms-submit-spinner\" style=\"display: none;\" width=\"26\" height=\"26\" alt=\"Carregamento\"><\/div><input type=\"hidden\" name=\"trp-form-language\" value=\"pt\"\/><\/form><\/div>  <!-- .wpforms-container -->","protected":false},"excerpt":{"rendered":"<p>O nosso Programa de Parceria\/Revenda Torne-se um parceiro da LeapLytics. Distribua licen\u00e7as por si pr\u00f3prio de forma a permitir aos seus clientes um ponto de contacto \u00fanico com solu\u00e7\u00f5es de BI l\u00edderes. Oferecemos descontos e comiss\u00f5es relevantes se distribuir e\/ou vender as licen\u00e7as por si pr\u00f3prio ou atrav\u00e9s dos nossos canais de distribui\u00e7\u00e3o. Para al\u00e9m disso, tamb\u00e9m lhe \u00e9 permitido ... <\/p>","protected":false},"author":2,"featured_media":0,"parent":0,"menu_order":0,"comment_status":"closed","ping_status":"closed","template":"","meta":{"footnotes":""},"class_list":["post-11629","page","type-page","status-publish","hentry","latest_post"],"_links":{"self":[{"href":"https:\/\/www.leaplytics.de\/pt\/wp-json\/wp\/v2\/pages\/11629","targetHints":{"allow":["GET"]}}],"collection":[{"href":"https:\/\/www.leaplytics.de\/pt\/wp-json\/wp\/v2\/pages"}],"about":[{"href":"https:\/\/www.leaplytics.de\/pt\/wp-json\/wp\/v2\/types\/page"}],"author":[{"embeddable":true,"href":"https:\/\/www.leaplytics.de\/pt\/wp-json\/wp\/v2\/users\/2"}],"replies":[{"embeddable":true,"href":"https:\/\/www.leaplytics.de\/pt\/wp-json\/wp\/v2\/comments?post=11629"}],"version-history":[{"count":5,"href":"https:\/\/www.leaplytics.de\/pt\/wp-json\/wp\/v2\/pages\/11629\/revisions"}],"predecessor-version":[{"id":13369,"href":"https:\/\/www.leaplytics.de\/pt\/wp-json\/wp\/v2\/pages\/11629\/revisions\/13369"}],"wp:attachment":[{"href":"https:\/\/www.leaplytics.de\/pt\/wp-json\/wp\/v2\/media?parent=11629"}],"curies":[{"name":"wp","href":"https:\/\/api.w.org\/{rel}","templated":true}]}}