{"id":11926,"date":"2023-07-18T10:22:34","date_gmt":"2023-07-18T08:22:34","guid":{"rendered":"https:\/\/www.leaplytics.de\/?page_id=11926"},"modified":"2024-10-29T12:39:50","modified_gmt":"2024-10-29T11:39:50","slug":"visualizador-markdown-para-power-bi","status":"publish","type":"page","link":"https:\/\/www.leaplytics.de\/pt\/visualizador-markdown-para-power-bi\/","title":{"rendered":"Visualizador Markdown para Power BI"},"content":{"rendered":"<p>Apresentamos o Visual Personalizado Markdown-to-HTML para o Power BI: conte a hist\u00f3ria dos seus dados com um editor de texto completo no seu dashboard de dados! Eleve a informa\u00e7\u00e3o relevante atrav\u00e9s de texto formatado na sua experi\u00eancia de visualiza\u00e7\u00e3o de dados!<\/p>\n\n\n\n<p>Estamos entusiasmados por apresentar uma solu\u00e7\u00e3o revolucion\u00e1ria que permite aos utilizadores do Power BI integrarem perfeitamente texto formatado nos seus relat\u00f3rios e dashboards.<\/p>\n\n\n\n<h3 class=\"wp-block-heading has-text-align-left\">Benef\u00edcios<\/h3>\n\n\n\n<h5 class=\"wp-block-heading\">Liberte o poder do Markdown<\/h5>\n\n\n\n<p>A linguagem de marca\u00e7\u00e3o amplamente adoptada, com capacidades de formata\u00e7\u00e3o de texto simples e expressivas, permite-lhe criar cabe\u00e7alhos, listas, liga\u00e7\u00f5es e outros elementos de texto formatados diretamente a seguir \u00e0s suas visualiza\u00e7\u00f5es de dados!<\/p>\n\n\n\n<h5 class=\"wp-block-heading\">Criar narrativas visuais convincentes<\/h5>\n\n\n\n<p>O visual personalizado Markdown-to-HTML permite-lhe criar narrativas cativantes na sua hist\u00f3ria de dados, combinando na perfei\u00e7\u00e3o texto formatado com as suas visualiza\u00e7\u00f5es. Pode fornecer explica\u00e7\u00f5es detalhadas, informa\u00e7\u00f5es e documenta\u00e7\u00e3o de apoio juntamente com os seus dados, aumentando a clareza e o impacto da sua mensagem.<\/p>\n\n\n\n<h5 class=\"wp-block-heading\">Integra\u00e7\u00e3o simplificada<\/h5>\n\n\n\n<p>O nosso visual personalizado integra-se perfeitamente no seu ambiente Power BI, garantindo uma experi\u00eancia f\u00e1cil de utilizar. Basta introduzir o seu c\u00f3digo Markdown ou ligar-se a uma fonte de dados que contenha conte\u00fado Markdown, e o nosso visual trata do resto.<\/p>\n\n\n\n<h5 class=\"wp-block-heading\">Personalizar para combinar com o seu estilo<\/h5>\n\n\n\n<p>O nosso visual personalizado Markdown-to-HTML oferece amplas op\u00e7\u00f5es de personaliza\u00e7\u00e3o para incorporar a identidade exclusiva da sua marca. Adapte a apar\u00eancia do visual, como tipos de letra, cores e fundos, para se alinhar com a sua marca ou tema de relat\u00f3rio, de modo a apresentar de forma coesa e profissional a identidade da sua organiza\u00e7\u00e3o.<\/p>\n\n\n\n<h5 class=\"wp-block-heading\">Promover a colabora\u00e7\u00e3o e a partilha de conhecimentos<\/h5>\n\n\n\n<p>Promova a colabora\u00e7\u00e3o, a partilha de conhecimentos e fluxos de trabalho simplificados na sua organiza\u00e7\u00e3o com este formato popular de colabora\u00e7\u00e3o e partilha de conhecimentos.<\/p>\n\n\n\n<p>Melhore o seu jogo de visualiza\u00e7\u00e3o de dados com o nosso visual personalizado Markdown-to-HTML para Power BI. Apresente os seus insights e an\u00e1lises de uma forma visualmente impressionante e envolvente que cativa o seu p\u00fablico. Quer seja um analista de dados, um profissional de neg\u00f3cios ou um executivo, este visual foi concebido para o ajudar a comunicar ideias complexas sem esfor\u00e7o e a causar um impacto duradouro.<\/p>\n\n\n\n<p>Pronto para transformar os seus relat\u00f3rios e dashboards do Power BI? Transfira hoje o nosso Visual Personalizado Markdown-to-HTML e desbloqueie um mundo de possibilidades de formata\u00e7\u00e3o de texto din\u00e2mico.<\/p>\n\n\n\n<p><em>D\u00ea poder \u00e0s suas apresenta\u00e7\u00f5es de dados com a combina\u00e7\u00e3o perfeita de est\u00e9tica visual e conte\u00fado informativo. Experimente o futuro da narrativa de dados com o Markdown e o Power BI.<\/em><\/p>\n\n\n\n<p><\/p>\n\n\n\n<h3 class=\"wp-block-heading\">Solicite sua licen\u00e7a de teste<\/h3>\n\n\n<div class=\"wpforms-container wpforms-container-full\" id=\"wpforms-11888\"><form id=\"wpforms-form-11888\" class=\"wpforms-validate wpforms-form wpforms-ajax-form\" data-formid=\"11888\" method=\"post\" enctype=\"multipart\/form-data\" action=\"\/pt\/wp-json\/wp\/v2\/pages\/11926\" data-token=\"e5da1159517e09abac0c70b767cdc9bf\" data-token-time=\"1776201820\" data-trp-original-action=\"\/pt\/wp-json\/wp\/v2\/pages\/11926\"><noscript class=\"wpforms-error-noscript\">Active o JavaScript no seu browser para preencher este formul\u00e1rio.<\/noscript><div class=\"wpforms-field-container\"><div id=\"wpforms-11888-field_0-container\" class=\"wpforms-field wpforms-field-name\" data-field-id=\"0\"><label class=\"wpforms-field-label\">Nome <span class=\"wpforms-required-label\">*<\/span><\/label><div class=\"wpforms-field-row wpforms-field-medium\"><div class=\"wpforms-field-row-block wpforms-first wpforms-one-half\"><input type=\"text\" id=\"wpforms-11888-field_0\" class=\"wpforms-field-name-first wpforms-field-required\" name=\"wpforms[fields][0][first]\" required><label for=\"wpforms-11888-field_0\" class=\"wpforms-field-sublabel after\">Primeiro<\/label><\/div><div class=\"wpforms-field-row-block wpforms-one-half\"><input type=\"text\" id=\"wpforms-11888-field_0-last\" class=\"wpforms-field-name-last wpforms-field-required\" name=\"wpforms[fields][0][last]\" required><label for=\"wpforms-11888-field_0-last\" class=\"wpforms-field-sublabel after\">\u00daltimo<\/label><\/div><\/div><\/div><div id=\"wpforms-11888-field_1-container\" class=\"wpforms-field wpforms-field-email\" data-field-id=\"1\"><label class=\"wpforms-field-label\" for=\"wpforms-11888-field_1\">E-mail comercial <span class=\"wpforms-required-label\">*<\/span><\/label><input type=\"email\" id=\"wpforms-11888-field_1\" class=\"wpforms-field-medium wpforms-field-required\" data-rule-restricted-email=\"1\" name=\"wpforms[fields][1]\" spellcheck=\"false\" required><\/div><div id=\"wpforms-11888-field_4-container\" class=\"wpforms-field wpforms-field-text\" data-field-id=\"4\"><label class=\"wpforms-field-label\" for=\"wpforms-11888-field_4\">Empresa <span class=\"wpforms-required-label\">*<\/span><\/label><input type=\"text\" id=\"wpforms-11888-field_4\" class=\"wpforms-field-medium wpforms-field-required\" name=\"wpforms[fields][4]\" required><\/div><div id=\"wpforms-11888-field_3-container\" class=\"wpforms-field wpforms-field-gdpr-checkbox\" data-field-id=\"3\"><label class=\"wpforms-field-label\">Acordo RGPD <span class=\"wpforms-required-label\">*<\/span><\/label><ul id=\"wpforms-11888-field_3\" class=\"wpforms-field-required\"><li class=\"choice-1\"><input type=\"checkbox\" id=\"wpforms-11888-field_3_1\" name=\"wpforms[fields][3][]\" value=\"I consent to having this website store my submitted information so they can respond to my inquiry.\" required><label class=\"wpforms-field-label-inline\" for=\"wpforms-11888-field_3_1\">Autorizo que este s\u00edtio Web guarde as informa\u00e7\u00f5es que enviei para poder responder ao meu pedido.<\/label><\/li><\/ul><\/div><\/div><!-- .wpforms-field-container --><div class=\"wpforms-recaptcha-container wpforms-is-recaptcha wpforms-is-recaptcha-type-v3\" ><input type=\"hidden\" name=\"wpforms[recaptcha]\" value=\"\"><\/div><div class=\"wpforms-submit-container\" ><input type=\"hidden\" name=\"wpforms[id]\" value=\"11888\"><input type=\"hidden\" name=\"page_title\" value=\"\"><input type=\"hidden\" name=\"page_url\" value=\"https:\/\/www.leaplytics.de\/pt\/wp-json\/wp\/v2\/pages\/11926\"><input type=\"hidden\" name=\"url_referer\" value=\"\"><button type=\"submit\" name=\"wpforms[submit]\" id=\"wpforms-submit-11888\" class=\"wpforms-submit\" data-alt-text=\"Sending...\" data-submit-text=\"Submit\" aria-live=\"assertive\" value=\"wpforms-submit\">Enviar<\/button><img loading=\"lazy\" decoding=\"async\" src=\"https:\/\/www.leaplytics.de\/wp-content\/plugins\/wpforms-lite\/assets\/images\/submit-spin.svg\" class=\"wpforms-submit-spinner\" style=\"display: none;\" width=\"26\" height=\"26\" alt=\"Carregamento\"><\/div><input type=\"hidden\" name=\"trp-form-language\" value=\"pt\"\/><\/form><\/div>  <!-- .wpforms-container -->\n\n\n\n<div style=\"height:50px\" aria-hidden=\"true\" class=\"wp-block-spacer\"><\/div>\n\n\n\n<h3 class=\"wp-block-heading has-text-align-left\" id=\"tutorial\">Come\u00e7ar a trabalhar<\/h3>\n\n\n\n<p><em>Como \u00e9 que posso come\u00e7ar?<\/em> Solicite uma licen\u00e7a de teste acima. E quando receber um c\u00f3digo de licen\u00e7a? Basta clicar abaixo para iniciar o nosso tutorial.<\/p>\n\n\n\n<figure class=\"wp-block-embed is-type-wp-embed is-provider-leaplytics wp-block-embed-leaplytics\"><div class=\"wp-block-embed__wrapper\">\n<blockquote class=\"wp-embedded-content\" data-secret=\"IL8vEweSWi\"><a href=\"https:\/\/www.leaplytics.de\/pt\/introducao-visualizador-markdown-power-bi\/\">Introdu\u00e7\u00e3o - Visualizador Markdown<\/a><\/blockquote><iframe loading=\"lazy\" class=\"wp-embedded-content\" sandbox=\"allow-scripts\" security=\"restricted\" style=\"position: absolute; clip: rect(1px, 1px, 1px, 1px);\" title=\"&quot;Introdu\u00e7\u00e3o - Visualizador de Markdown&quot; - LeapLytics\" src=\"https:\/\/www.leaplytics.de\/getting-started-markdown-viewer-power-bi\/embed\/#?secret=huMdA44Ho4#?secret=IL8vEweSWi\" data-secret=\"IL8vEweSWi\" width=\"600\" height=\"338\" frameborder=\"0\" marginwidth=\"0\" marginheight=\"0\" scrolling=\"no\"><\/iframe>\n<\/div><\/figure>","protected":false},"excerpt":{"rendered":"<p>Apresentamos o Visual Personalizado Markdown-to-HTML para o Power BI: conte a hist\u00f3ria dos seus dados com um editor de texto completo no seu dashboard de dados! Eleve a informa\u00e7\u00e3o relevante atrav\u00e9s de texto formatado na sua experi\u00eancia de visualiza\u00e7\u00e3o de dados! Estamos entusiasmados por apresentar uma solu\u00e7\u00e3o revolucion\u00e1ria que permite aos utilizadores do Power BI integrarem perfeitamente texto formatado nos seus relat\u00f3rios e ... <\/p>","protected":false},"author":2,"featured_media":0,"parent":0,"menu_order":0,"comment_status":"closed","ping_status":"closed","template":"","meta":{"footnotes":""},"class_list":["post-11926","page","type-page","status-publish","hentry","latest_post"],"_links":{"self":[{"href":"https:\/\/www.leaplytics.de\/pt\/wp-json\/wp\/v2\/pages\/11926","targetHints":{"allow":["GET"]}}],"collection":[{"href":"https:\/\/www.leaplytics.de\/pt\/wp-json\/wp\/v2\/pages"}],"about":[{"href":"https:\/\/www.leaplytics.de\/pt\/wp-json\/wp\/v2\/types\/page"}],"author":[{"embeddable":true,"href":"https:\/\/www.leaplytics.de\/pt\/wp-json\/wp\/v2\/users\/2"}],"replies":[{"embeddable":true,"href":"https:\/\/www.leaplytics.de\/pt\/wp-json\/wp\/v2\/comments?post=11926"}],"version-history":[{"count":3,"href":"https:\/\/www.leaplytics.de\/pt\/wp-json\/wp\/v2\/pages\/11926\/revisions"}],"predecessor-version":[{"id":13652,"href":"https:\/\/www.leaplytics.de\/pt\/wp-json\/wp\/v2\/pages\/11926\/revisions\/13652"}],"wp:attachment":[{"href":"https:\/\/www.leaplytics.de\/pt\/wp-json\/wp\/v2\/media?parent=11926"}],"curies":[{"name":"wp","href":"https:\/\/api.w.org\/{rel}","templated":true}]}}