{"id":12086,"date":"2023-08-02T17:05:19","date_gmt":"2023-08-02T15:05:19","guid":{"rendered":"https:\/\/www.leaplytics.de\/?page_id=12086"},"modified":"2023-08-06T14:32:15","modified_gmt":"2023-08-06T12:32:15","slug":"migracao-do-qlikview-para-o-power-bi","status":"publish","type":"page","link":"https:\/\/www.leaplytics.de\/pt\/migracao-do-qlikview-para-o-power-bi\/","title":{"rendered":"Migra\u00e7\u00e3o de QlikView a Power BI - Nosso enfoque"},"content":{"rendered":"<p>Atualmente est\u00e1 a utilizar QlikView mas est\u00e1 a considerar uma mudan\u00e7a para Power BI?  Na LeapLytics, somos especialistas em fornecer servi\u00e7os de migra\u00e7\u00e3o especializados para o ajudar a fazer uma transi\u00e7\u00e3o perfeita do QlikView para o Power BI. A nossa equipa de profissionais qualificados tem uma vasta experi\u00eancia em lidar com este tipo de migra\u00e7\u00f5es, garantindo um processo suave e eficiente para a sua organiza\u00e7\u00e3o.<\/p>\n\n\n\n<h3 class=\"wp-block-heading\"><strong>Porqu\u00ea migrar de QlikView para Power BI?<\/strong><\/h3>\n\n\n\n<p>\u00c0 medida que as tecnologias de business intelligence continuam a evoluir, as organiza\u00e7\u00f5es consideram muitas vezes vantajoso atualizar para plataformas mais modernas e robustas como o Power BI. Aqui est\u00e3o algumas raz\u00f5es convincentes para considerar a migra\u00e7\u00e3o de QlikView para Power BI:<\/p>\n\n\n\n<ol class=\"wp-block-list\">\n<li><strong>Visualiza\u00e7\u00e3o de dados melhorada:<\/strong> O Power BI oferece uma vasta gama de op\u00e7\u00f5es de visualiza\u00e7\u00e3o, permitindo-lhe apresentar dados de formas mais perspicazes e interactivas, capacitando os seus decisores com melhores conhecimentos.<\/li>\n\n\n\n<li><strong>Integra\u00e7\u00e3o com o ecossistema Microsoft:<\/strong> Se a sua organiza\u00e7\u00e3o j\u00e1 utiliza ferramentas da Microsoft como o Excel, SharePoint ou Office 365, o Power BI integra-se perfeitamente com estas plataformas, simplificando o seu fluxo de trabalho.<\/li>\n\n\n\n<li><strong>Escalabilidade e desempenho:<\/strong> \u00c0 medida que as suas necessidades de dados aumentam, o Power BI pode lidar com grandes conjuntos de dados e consultas complexas com uma efici\u00eancia e velocidade not\u00e1veis.<\/li>\n\n\n\n<li><strong>Capacidades de nuvem:<\/strong> Com as capacidades de nuvem do Power BI, pode facilmente partilhar relat\u00f3rios e colaborar com colegas, garantindo o acesso em tempo real a informa\u00e7\u00f5es cr\u00edticas.<\/li>\n\n\n\n<li><strong>Actualiza\u00e7\u00f5es e suporte regulares:<\/strong> O Power BI recebe actualiza\u00e7\u00f5es e melhorias frequentes da Microsoft, garantindo que tem acesso \u00e0s funcionalidades e melhorias mais recentes.<\/li>\n<\/ol>\n\n\n\n<h3 class=\"wp-block-heading\"><strong>Considera\u00e7\u00f5es para uma migra\u00e7\u00e3o bem-sucedida de QlikView para Power BI<\/strong><\/h3>\n\n\n\n<p>A migra\u00e7\u00e3o de uma plataforma de Business Intelligence para outra pode ser uma tarefa complexa. Para garantir uma migra\u00e7\u00e3o bem-sucedida, \u00e9 essencial abordar as seguintes considera\u00e7\u00f5es-chave:<\/p>\n\n\n\n<ol class=\"wp-block-list\">\n<li><strong>Avalia\u00e7\u00e3o dos dados:<\/strong> Analisar os dados QlikView existentes para determinar a sua estrutura, qualidade e relev\u00e2ncia para a migra\u00e7\u00e3o. Identificar poss\u00edveis requisitos de limpeza e transforma\u00e7\u00e3o de dados.<\/li>\n\n\n\n<li><strong>Mapeamento de reposit\u00f3rios, relat\u00f3rios e pain\u00e9is de controlo:<\/strong> Compreender minuciosamente os seus actuais reposit\u00f3rios, relat\u00f3rios e dashboards de QlikView. Crie um plano de mapeamento para replicar essas visualiza\u00e7\u00f5es no Power BI, aproveitando seus recursos exclusivos.<\/li>\n\n\n\n<li><strong>Modela\u00e7\u00e3o de dados no Power BI:<\/strong> Conceba um modelo de dados eficiente no Power BI que se alinhe com os seus requisitos empresariais e optimize o desempenho.<\/li>\n\n\n\n<li><strong>Seguran\u00e7a e permiss\u00f5es:<\/strong> Definir fun\u00e7\u00f5es e permiss\u00f5es de seguran\u00e7a no Power BI para garantir que o acesso aos dados \u00e9 gerido e restringido de forma adequada.<\/li>\n\n\n\n<li><strong>Forma\u00e7\u00e3o e ado\u00e7\u00e3o de utilizadores:<\/strong> Prepare a sua equipa para a migra\u00e7\u00e3o, fornecendo forma\u00e7\u00e3o abrangente sobre as carater\u00edsticas e funcionalidades do Power BI.<\/li>\n\n\n\n<li><strong>Testes e garantia de qualidade:<\/strong> Efetuar testes rigorosos para identificar e resolver quaisquer problemas antes de colocar a solu\u00e7\u00e3o em funcionamento.<\/li>\n\n\n\n<li><strong>Suporte p\u00f3s-migra\u00e7\u00e3o:<\/strong> Ofere\u00e7a suporte cont\u00ednuo para resolver quaisquer desafios p\u00f3s-migra\u00e7\u00e3o e ajude os utilizadores a adotar totalmente as capacidades do Power BI.<\/li>\n<\/ol>\n\n\n\n<h3 class=\"wp-block-heading\"><strong>Porqu\u00ea LeapLytics para a sua migra\u00e7\u00e3o de QlikView a Power BI?<\/strong><\/h3>\n\n\n\n<p>Na LeapLytics, orgulhamo-nos da nossa abordagem centrada no cliente e do nosso profundo conhecimento do QlikView e do Power BI. A nossa equipa de especialistas possui as compet\u00eancias e os conhecimentos necess\u00e1rios para navegar no processo de migra\u00e7\u00e3o sem problemas, garantindo o m\u00ednimo de interrup\u00e7\u00f5es nas suas opera\u00e7\u00f5es comerciais. Quando nos escolhe, beneficia de:<\/p>\n\n\n\n<ul class=\"wp-block-list\">\n<li><strong>Experi\u00eancia e conhecimentos especializados:<\/strong> Os nossos profissionais experientes executaram com sucesso numerosas migra\u00e7\u00f5es de QlikView para Power BI, o que os torna aptos a lidar com quaisquer complexidades que possam surgir.<\/li>\n\n\n\n<li><strong>Solu\u00e7\u00f5es \u00e0 medida:<\/strong> Entendemos que as necessidades de cada organiza\u00e7\u00e3o s\u00e3o \u00fanicas. Por isso, oferecemos estrat\u00e9gias de migra\u00e7\u00e3o personalizadas que se alinham com os seus requisitos espec\u00edficos.<\/li>\n\n\n\n<li><strong>Seguran\u00e7a dos dados:<\/strong> Damos prioridade \u00e0 seguran\u00e7a das suas informa\u00e7\u00f5es sens\u00edveis e seguimos as melhores pr\u00e1ticas do sector para proteger os seus dados durante e ap\u00f3s a migra\u00e7\u00e3o.<\/li>\n\n\n\n<li><strong>Apoio cont\u00ednuo:<\/strong> O nosso compromisso com o seu sucesso estende-se para al\u00e9m do processo de migra\u00e7\u00e3o. Fornecemos suporte cont\u00ednuo para resolver quaisquer preocupa\u00e7\u00f5es e ajudar na ado\u00e7\u00e3o do Power BI.<\/li>\n<\/ul>\n\n\n\n<p>A LeapLytics \u00e9 o seu parceiro de confian\u00e7a para fazer a mudan\u00e7a do QlikView para o Power BI t\u00e3o perfeita quanto poss\u00edvel. Contacte-nos hoje para saber mais sobre os nossos servi\u00e7os de migra\u00e7\u00e3o e dar o primeiro passo para desbloquear o verdadeiro potencial dos seus dados.<\/p>\n\n\n\n<h4 class=\"wp-block-heading\"><strong>Contacte-nos hoje<\/strong><\/h4>\n\n\n\n<p>Tem alguma d\u00favida sobre a migra\u00e7\u00e3o de QlikView para Power BI ou est\u00e1 interessado nos nossos servi\u00e7os? N\u00e3o hesite em contactar-nos para uma consulta. Estamos aqui para o ajudar a fazer uma transi\u00e7\u00e3o suave e bem sucedida para Power BI. Entre em contacto com os nossos especialistas e <a href=\"https:\/\/www.leaplytics.de\/pt\/contacto\/\"><strong>enviar-nos uma mensagem<\/strong><\/a>.<\/p>\n\n\n\n<p>(<em>N\u00e3o hesite em contactar-nos, mesmo que necessite de orienta\u00e7\u00e3o sobre um aspeto diferente da intelig\u00eancia empresarial, da an\u00e1lise de dados ou da visualiza\u00e7\u00e3o. A nossa equipa est\u00e1 bem equipada para o ajudar em v\u00e1rios empreendimentos relacionados com dados.<\/em>)<\/p>","protected":false},"excerpt":{"rendered":"<p>Atualmente utiliza QlikView mas est\u00e1 a considerar a mudan\u00e7a para Power BI? Na LeapLytics, especializamo-nos em fornecer servi\u00e7os de migra\u00e7\u00e3o especializados para o ajudar a fazer uma transi\u00e7\u00e3o perfeita do QlikView para o Power BI. A nossa equipa de profissionais qualificados tem uma vasta experi\u00eancia em lidar com este tipo de migra\u00e7\u00f5es, garantindo um processo suave e eficiente para a sua organiza\u00e7\u00e3o. Porqu\u00ea migrar de ... <\/p>","protected":false},"author":2,"featured_media":0,"parent":0,"menu_order":0,"comment_status":"closed","ping_status":"closed","template":"","meta":{"footnotes":""},"class_list":["post-12086","page","type-page","status-publish","hentry","latest_post"],"_links":{"self":[{"href":"https:\/\/www.leaplytics.de\/pt\/wp-json\/wp\/v2\/pages\/12086","targetHints":{"allow":["GET"]}}],"collection":[{"href":"https:\/\/www.leaplytics.de\/pt\/wp-json\/wp\/v2\/pages"}],"about":[{"href":"https:\/\/www.leaplytics.de\/pt\/wp-json\/wp\/v2\/types\/page"}],"author":[{"embeddable":true,"href":"https:\/\/www.leaplytics.de\/pt\/wp-json\/wp\/v2\/users\/2"}],"replies":[{"embeddable":true,"href":"https:\/\/www.leaplytics.de\/pt\/wp-json\/wp\/v2\/comments?post=12086"}],"version-history":[{"count":0,"href":"https:\/\/www.leaplytics.de\/pt\/wp-json\/wp\/v2\/pages\/12086\/revisions"}],"wp:attachment":[{"href":"https:\/\/www.leaplytics.de\/pt\/wp-json\/wp\/v2\/media?parent=12086"}],"curies":[{"name":"wp","href":"https:\/\/api.w.org\/{rel}","templated":true}]}}