{"id":12944,"date":"2023-12-18T23:03:40","date_gmt":"2023-12-18T22:03:40","guid":{"rendered":"https:\/\/www.leaplytics.de\/?page_id=12944"},"modified":"2023-12-18T23:03:40","modified_gmt":"2023-12-18T22:03:40","slug":"gestao-de-riscos-da-ehs-power-bi-para-as-industrias-mineira-e-petrolifera","status":"publish","type":"page","link":"https:\/\/www.leaplytics.de\/pt\/gestao-de-riscos-da-ehs-power-bi-para-as-industrias-mineira-e-petrolifera\/","title":{"rendered":"Power BI de Gest\u00e3o de Riscos EHS para as Ind\u00fastrias Mineira e Petrol\u00edfera"},"content":{"rendered":"<h3 class=\"wp-block-heading\">Introdu\u00e7\u00e3o<\/h3>\n\n\n\n<p>Ind\u00fastrias como a mineira e a petrol\u00edfera s\u00e3o cruciais para a economia global, fornecendo recursos e energia. No entanto, enfrentam desafios em termos de riscos ambientais, de sa\u00fade e de seguran\u00e7a (EHS). Atualmente, as empresas consideram que uma gest\u00e3o s\u00f3lida dos riscos de EHS \u00e9 fundamental para o sucesso. Este artigo analisa a forma como a nossa Matriz de Riscos do Power BI pode melhorar a gest\u00e3o de riscos EHS.<\/p>\n\n\n\n<h3 class=\"wp-block-heading\"><strong>Compreender a gest\u00e3o dos riscos EHS<\/strong><\/h3>\n\n\n\n<p>No sector mineiro e petrol\u00edfero, as principais preocupa\u00e7\u00f5es s\u00e3o os riscos ambientais, de sa\u00fade e de seguran\u00e7a. Estes incluem a perturba\u00e7\u00e3o do habitat, polui\u00e7\u00e3o, acidentes e quest\u00f5es legais. Uma gest\u00e3o rigorosa dos riscos EHS \u00e9 vital para opera\u00e7\u00f5es sustent\u00e1veis e bem sucedidas.<\/p>\n\n\n\n<h3 class=\"wp-block-heading\"><strong>Matriz de risco do Power BI<\/strong><\/h3>\n\n\n\n<p>A Matriz de Riscos \u00e9 uma ferramenta s\u00f3lida para lidar com os riscos de EHS com o Power BI. Veja como ela ajuda:<\/p>\n\n\n\n<ol class=\"wp-block-list\">\n<li><strong>Identifica\u00e7\u00e3o de riscos:<\/strong> Recolhe dados para detetar riscos de seguran\u00e7a, conformidade ou sa\u00fade.<\/li>\n\n\n\n<li><strong>Visualiza\u00e7\u00e3o:<\/strong> Categoriza os riscos, ajudando os decisores a ver as quest\u00f5es urgentes.<\/li>\n\n\n\n<li><strong>Monitoriza\u00e7\u00e3o do desempenho:<\/strong> Mant\u00e9m os dados EHS actualizados para uma gest\u00e3o proactiva dos riscos.<\/li>\n\n\n\n<li><strong>Pain\u00e9is interactivos: <\/strong>Apresentar m\u00e9tricas de risco, incidentes e tend\u00eancias em tempo real para facilitar o acompanhamento do desempenho.<\/li>\n<\/ol>\n\n\n\n<div class=\"wp-block-buttons is-layout-flex wp-block-buttons-is-layout-flex\" id=\"https:\/\/www.leaplytics.de\/frontpage\/project-management-custom-visuals-microsoft-powerbi\/risk-heatmap-custom-visual-for-power-bi\/\">\n<div class=\"wp-block-button has-custom-width wp-block-button__width-75 has-custom-font-size is-style-fill\" style=\"font-size:18px\"><a class=\"wp-block-button__link has-background wp-element-button\" href=\"https:\/\/www.leaplytics.de\/pt\/pagina-inicial\/gestao-de-projectos-visuais-personalizados-microsoft-powerbi\/mapa-de-calor-de-risco-visual-personalizado-para-power-bi\/\" style=\"background-color:#22316d\" rel=\"https:\/\/www.leaplytics.de\/frontpage\/project-management-custom-visuals-microsoft-powerbi\/risk-heatmap-custom-visual-for-power-bi\/\">Veja a nossa \"Matriz de Risco\" visual personalizada para o Power BI aqui!<\/a><\/div>\n<\/div>\n\n\n\n<p><\/p>\n\n\n\n<h3 class=\"wp-block-heading\"><strong>Aumentar o desempenho atrav\u00e9s da gest\u00e3o de riscos de EHS<\/strong><\/h3>\n\n\n\n<p>Uma gest\u00e3o eficaz dos riscos de sa\u00fade e seguran\u00e7a no trabalho melhora o desempenho:<\/p>\n\n\n\n<ul class=\"wp-block-list\">\n<li><strong>Efici\u00eancia operacional:<\/strong> Reduz os acidentes, as falhas de equipamento e os incidentes ambientais. Isto melhora a efici\u00eancia e reduz o tempo de inatividade.<\/li>\n\n\n\n<li><strong>Poupan\u00e7a de custos:<\/strong> Minimiza os incidentes, reduzindo as coimas, as taxas legais e os custos de limpeza.<\/li>\n\n\n\n<li><strong>Sustentabilidade e reputa\u00e7\u00e3o:<\/strong> Demonstra um compromisso com a sustentabilidade. Este facto melhora a reputa\u00e7\u00e3o e atrai investidores e clientes.<\/li>\n\n\n\n<li><strong>Conformidade:<\/strong> Segue as regras EHS, mantendo uma boa rela\u00e7\u00e3o com os reguladores e evitando san\u00e7\u00f5es.<\/li>\n\n\n\n<li><strong>Bem-estar dos trabalhadores:<\/strong> D\u00e1 prioridade \u00e0 seguran\u00e7a e \u00e0 sa\u00fade do empregador. Assim, melhora a motiva\u00e7\u00e3o e a produtividade, reduzindo a rotatividade e o absentismo.<\/li>\n<\/ul>\n\n\n\n<h3 class=\"wp-block-heading\"><strong>Conclus\u00e3o<\/strong><\/h3>\n\n\n\n<p>A gest\u00e3o de riscos EHS \u00e9 vital para opera\u00e7\u00f5es excelentes. A nossa Matriz de Riscos no Power BI \u00e9 uma \u00f3ptima ferramenta para gerir os riscos de forma eficaz. A gest\u00e3o de riscos EHS ajuda as empresas a ter um melhor desempenho e a reduzir custos. Tamb\u00e9m as ajuda a cumprir os regulamentos e a criar uma cultura de sustentabilidade e seguran\u00e7a. Perante os desafios actuais, a gest\u00e3o de riscos EHS atrav\u00e9s do Power BI \u00e9 a chave para o sucesso.<\/p>","protected":false},"excerpt":{"rendered":"<p>Introdu\u00e7\u00e3o Ind\u00fastrias como a mineira e a petrol\u00edfera s\u00e3o cruciais para a economia global, fornecendo recursos e energia. No entanto, enfrentam desafios em termos de riscos ambientais, de sa\u00fade e de seguran\u00e7a (EHS). Atualmente, as empresas consideram que uma gest\u00e3o s\u00f3lida dos riscos EHS \u00e9 fundamental para o sucesso. Este artigo analisa a forma como a nossa Matriz de Riscos Power BI pode melhorar a gest\u00e3o de riscos EHS. Compreender o risco EHS ... <\/p>","protected":false},"author":55,"featured_media":12952,"parent":0,"menu_order":0,"comment_status":"closed","ping_status":"closed","template":"","meta":{"footnotes":""},"class_list":["post-12944","page","type-page","status-publish","has-post-thumbnail","hentry","latest_post"],"_links":{"self":[{"href":"https:\/\/www.leaplytics.de\/pt\/wp-json\/wp\/v2\/pages\/12944","targetHints":{"allow":["GET"]}}],"collection":[{"href":"https:\/\/www.leaplytics.de\/pt\/wp-json\/wp\/v2\/pages"}],"about":[{"href":"https:\/\/www.leaplytics.de\/pt\/wp-json\/wp\/v2\/types\/page"}],"author":[{"embeddable":true,"href":"https:\/\/www.leaplytics.de\/pt\/wp-json\/wp\/v2\/users\/55"}],"replies":[{"embeddable":true,"href":"https:\/\/www.leaplytics.de\/pt\/wp-json\/wp\/v2\/comments?post=12944"}],"version-history":[{"count":0,"href":"https:\/\/www.leaplytics.de\/pt\/wp-json\/wp\/v2\/pages\/12944\/revisions"}],"wp:featuredmedia":[{"embeddable":true,"href":"https:\/\/www.leaplytics.de\/pt\/wp-json\/wp\/v2\/media\/12952"}],"wp:attachment":[{"href":"https:\/\/www.leaplytics.de\/pt\/wp-json\/wp\/v2\/media?parent=12944"}],"curies":[{"name":"wp","href":"https:\/\/api.w.org\/{rel}","templated":true}]}}