{"id":13004,"date":"2023-12-18T23:06:58","date_gmt":"2023-12-18T22:06:58","guid":{"rendered":"https:\/\/www.leaplytics.de\/?page_id=13004"},"modified":"2024-04-09T20:48:32","modified_gmt":"2024-04-09T18:48:32","slug":"topicos-de-power-bi","status":"publish","type":"page","link":"https:\/\/www.leaplytics.de\/pt\/topicos-de-power-bi\/","title":{"rendered":"T\u00f3picos do Power BI"},"content":{"rendered":"<p><a href=\"https:\/\/www.leaplytics.de\/pt\/gestao-de-riscos-da-ehs-power-bi-para-as-industrias-mineira-e-petrolifera\/\">Gest\u00e3o de Riscos EHS no Power BI<\/a><\/p>\n\n\n\n<p><a href=\"https:\/\/www.leaplytics.de\/pt\/identificacao-de-perigos-de-biocombustao-de-energia-nos-sectores-da-aviacao-e-do-transporte-de-cruzeiros\/\">Identifica\u00e7\u00e3o de perigos nos sectores da avia\u00e7\u00e3o, dos cruzeiros e dos transportes no Power BI<\/a><\/p>\n\n\n\n<p><a href=\"https:\/\/www.leaplytics.de\/pt\/matriz-de-risco-osha-na-biotecnologia\/\">Matriz de risco OSHA no Power BI<\/a><\/p>\n\n\n\n<p><a href=\"https:\/\/www.leaplytics.de\/pt\/matriz-de-risco-esg-com-microsoft-power-bi\/\">Matriz de risco ESG no Power BI<\/a><\/p>\n\n\n\n<p><a href=\"https:\/\/www.leaplytics.de\/pt\/gestao-da-garantia-de-qualidade-dos-fornecedores-com-power-bi\/\">Garantia de qualidade\/gest\u00e3o de fornecedores com o Power BI<\/a><\/p>\n\n\n\n<p><a href=\"https:\/\/www.leaplytics.de\/pt\/gestao-do-risco-de-ciberseguranca-da-biotecnologia\/\">Power BI: Gest\u00e3o do Risco de Ciberseguran\u00e7a<\/a><\/p>\n\n\n\n<p><a href=\"https:\/\/www.leaplytics.de\/pt\/gestao-do-risco-financeiro-da-power-bi\/\">Power BI: Gest\u00e3o do Risco Financeiro no Setor dos Servi\u00e7os Financeiros<\/a><\/p>\n\n\n\n<p><a href=\"https:\/\/www.leaplytics.de\/pt\/deixe-a-power-bi-dar-um-salto-na-sua-gestao-de-projectos\/\">Deixe o Power BI dar um salto na sua Gest\u00e3o de Projectos<\/a><\/p>\n\n\n\n<p><a href=\"https:\/\/www.leaplytics.de\/pt\/visualizador-de-texto-para-power-bi\/\">Visualiza\u00e7\u00f5es do Visualizador de Texto para o Power BI<\/a><\/p>\n\n\n\n<p><a href=\"https:\/\/www.leaplytics.de\/pt\/matriz-de-oportunidades-para-a-biotecnologia\/\">Matriz de oportunidades para o Power BI<\/a><\/p>","protected":false},"excerpt":{"rendered":"<p>Gest\u00e3o de Riscos EHS no Power BI Identifica\u00e7\u00e3o de Perigos nas Ind\u00fastrias de Avia\u00e7\u00e3o, Cruzeiros e Transportes no Power BI Matriz de Riscos OSHA no Power BI Matriz de Riscos ESG no Power BI Garantia \/ Gest\u00e3o da Qualidade de Fornecedores com o Power BI Power BI: Gest\u00e3o de Riscos de Ciberseguran\u00e7a Power BI: Gest\u00e3o de Riscos Financeiros no Setor dos Servi\u00e7os Financeiros Let Power BI ... <\/p>","protected":false},"author":2,"featured_media":0,"parent":0,"menu_order":0,"comment_status":"closed","ping_status":"closed","template":"","meta":{"footnotes":""},"class_list":["post-13004","page","type-page","status-publish","hentry","latest_post"],"_links":{"self":[{"href":"https:\/\/www.leaplytics.de\/pt\/wp-json\/wp\/v2\/pages\/13004","targetHints":{"allow":["GET"]}}],"collection":[{"href":"https:\/\/www.leaplytics.de\/pt\/wp-json\/wp\/v2\/pages"}],"about":[{"href":"https:\/\/www.leaplytics.de\/pt\/wp-json\/wp\/v2\/types\/page"}],"author":[{"embeddable":true,"href":"https:\/\/www.leaplytics.de\/pt\/wp-json\/wp\/v2\/users\/2"}],"replies":[{"embeddable":true,"href":"https:\/\/www.leaplytics.de\/pt\/wp-json\/wp\/v2\/comments?post=13004"}],"version-history":[{"count":4,"href":"https:\/\/www.leaplytics.de\/pt\/wp-json\/wp\/v2\/pages\/13004\/revisions"}],"predecessor-version":[{"id":13338,"href":"https:\/\/www.leaplytics.de\/pt\/wp-json\/wp\/v2\/pages\/13004\/revisions\/13338"}],"wp:attachment":[{"href":"https:\/\/www.leaplytics.de\/pt\/wp-json\/wp\/v2\/media?parent=13004"}],"curies":[{"name":"wp","href":"https:\/\/api.w.org\/{rel}","templated":true}]}}