{"id":13130,"date":"2024-02-19T14:11:39","date_gmt":"2024-02-19T13:11:39","guid":{"rendered":"https:\/\/www.leaplytics.de\/?page_id=13130"},"modified":"2024-02-20T10:03:59","modified_gmt":"2024-02-20T09:03:59","slug":"deixe-a-power-bi-dar-um-salto-na-sua-gestao-de-projectos","status":"publish","type":"page","link":"https:\/\/www.leaplytics.de\/pt\/deixe-a-power-bi-dar-um-salto-na-sua-gestao-de-projectos\/","title":{"rendered":"Deixe o Power BI dar um salto na sua Gest\u00e3o de Projectos"},"content":{"rendered":"<p>No cen\u00e1rio din\u00e2mico da gest\u00e3o de projectos, em que a precis\u00e3o e a previs\u00e3o s\u00e3o fundamentais, o aproveitamento da tecnologia \u00e9 crucial. O Microsoft Power BI surgiu como um fator de mudan\u00e7a. O Power BI oferece aos gestores de projectos uma plataforma din\u00e2mica para melhorar os seus processos de tomada de decis\u00e3o.<\/p>\n\n\n\n<p>Neste guia abrangente, vamos explorar como o Power BI pode melhorar cada fase<sup>1 <\/sup>da gest\u00e3o de projectos. Falamos sobre os aspectos fundamentais de um painel de controlo de gest\u00e3o de projectos poderoso.<\/p>\n\n\n\n<h3 class=\"wp-block-heading\" style=\"font-size:30px\">Fase de planeamento do projeto<\/h3>\n\n\n\n<p class=\"has-medium-font-size\">1. <strong>Definir o problema real:<\/strong><\/p>\n\n\n\n<p>Antes de mergulhar no projeto, \u00e9 crucial identificar o problema que est\u00e1 a tentar resolver. O Power BI ajuda-o a analisar dados hist\u00f3ricos, a identificar padr\u00f5es e a descobrir problemas subjacentes. Visualize os factores de sucesso e fracasso de projectos anteriores para tomar decis\u00f5es informadas.<\/p>\n\n\n\n<p class=\"has-medium-font-size\">2. <strong>Identificar as partes interessadas:<\/strong><\/p>\n\n\n\n<p>As capacidades do Power BI estendem-se \u00e0 gest\u00e3o das partes interessadas. Crie imagens que realcem as v\u00e1rias fun\u00e7\u00f5es ou indiv\u00edduos afectados pelo projeto. Utilize organogramas interactivos para mostrar as suas contribui\u00e7\u00f5es e expectativas. Assim, asseguramos o alinhamento desde o in\u00edcio.<\/p>\n\n\n\n<p class=\"has-medium-font-size\">3. <strong>Definir os objectivos do projeto:<\/strong><\/p>\n\n\n\n<p>A defini\u00e7\u00e3o de objectivos expl\u00edcitos e ger\u00edveis \u00e9 um desafio. As expectativas e objectivos dos intervenientes tamb\u00e9m podem mudar durante o projeto. A flexibilidade do Power BI permite-lhe adaptar os objectivos \u00e0 medida que recolhe mais informa\u00e7\u00f5es. Por exemplo, crie visuais que actualizam os objectivos com base em dados em tempo real.<\/p>\n\n\n\n<p class=\"has-medium-font-size\">4. <strong>Determinar o \u00e2mbito, os recursos e as principais tarefas:<\/strong><\/p>\n\n\n\n<p>Visualize o \u00e2mbito e as tarefas do projeto, estime os prazos e os custos. Isto ajuda a garantir que tem uma compreens\u00e3o clara dos requisitos de recursos. Utilize o Power BI para dividir actividades complexas com uma Estrutura Anal\u00edtica do Trabalho (EAP).<\/p>\n\n\n\n<p class=\"has-medium-font-size\">5. <strong>Preparar-se para compromissos:<\/strong><\/p>\n\n\n\n<p>O Power BI ajuda a estabelecer um equil\u00edbrio entre tempo, custo e qualidade. Integre os seus dados para criar imagens que mostrem como as varia\u00e7\u00f5es nestas vari\u00e1veis afectam os resultados do projeto. Esta transpar\u00eancia facilita a tomada de decis\u00f5es informadas e o alinhamento das partes interessadas.<\/p>\n\n\n\n<h3 class=\"wp-block-heading\" style=\"font-size:30px\">Fase de constru\u00e7\u00e3o do projeto<\/h3>\n\n\n\n<p class=\"has-medium-font-size\">6. <strong>Re\u00fana a sua equipa:<\/strong><\/p>\n\n\n\n<p>Utilize o Power BI para avaliar as compet\u00eancias necess\u00e1rias e visualizar a composi\u00e7\u00e3o da equipa. Utilize imagens para identificar lacunas de compet\u00eancias, planear a forma\u00e7\u00e3o e equipar a sua equipa para o sucesso.<\/p>\n\n\n\n<p class=\"has-medium-font-size\">7. <strong>Atribui\u00e7\u00f5es de planos:<\/strong><\/p>\n\n\n\n<p>Criar imagens que facilitem a comunica\u00e7\u00e3o transparente dentro da equipa. Visualize tarefas, compet\u00eancias necess\u00e1rias e conjuntos de compet\u00eancias individuais, assegurando uma din\u00e2mica de equipa coesa.<\/p>\n\n\n\n<p class=\"has-medium-font-size\">8. <strong>Criar o calend\u00e1rio:<\/strong><\/p>\n\n\n\n<p>As capacidades do Power BI estendem-se ao agendamento de projectos atrav\u00e9s de gr\u00e1ficos de Gantt. Desenvolva visuais que ilustram linhas de tempo, identifique caminhos cr\u00edticos e alinhe com prazos fixos. Mantenha um calend\u00e1rio realista dentro dos limites.<\/p>\n\n\n\n<p class=\"has-medium-font-size\">9. <strong>Realizar uma reuni\u00e3o de lan\u00e7amento:<\/strong><\/p>\n\n\n\n<p>A maioria dos elementos visuais do Power BI s\u00e3o export\u00e1veis para o MS PowerPoint. Durante a reuni\u00e3o inicial, utilize os elementos visuais do Power BI para explicar o plano, os objectivos e o calend\u00e1rio do projeto. Incentive os membros da equipa a darem o seu contributo, promovendo a colabora\u00e7\u00e3o e a compreens\u00e3o partilhada.<\/p>\n\n\n\n<p class=\"has-medium-font-size\">10. <strong>Elaborar um or\u00e7amento:<\/strong><\/p>\n\n\n\n<p>Utilize o Power BI para criar um or\u00e7amento abrangente. Visualize os custos em todas as categorias, procure a opini\u00e3o das partes interessadas e mantenha a flexibilidade dentro das limita\u00e7\u00f5es or\u00e7amentais.<\/p>\n\n\n\n<h3 class=\"wp-block-heading\" style=\"font-size:30px\">Fase de implementa\u00e7\u00e3o do projeto<\/h3>\n\n\n\n<p class=\"has-medium-font-size\">11. <strong>Acompanhar e controlar o processo e o or\u00e7amento:<\/strong><\/p>\n\n\n\n<p>Instale elementos visuais de monitoriza\u00e7\u00e3o de projectos no Power BI, como a nossa Matriz de Riscos do Power BI. A visualiza\u00e7\u00e3o dos riscos juntamente com o progresso do projeto permite uma vis\u00e3o hol\u00edstica dos potenciais desafios. Veja como:<\/p>\n\n\n\n<p><strong>Avalia\u00e7\u00e3o do impacto do risco e da probabilidade:<\/strong> A Matriz de Riscos para o Power BI ajuda a avaliar o impacto e a probabilidade de cada risco. Utilize c\u00e9lulas com c\u00f3digos de cores para representar a gravidade dos riscos. Isso permite a r\u00e1pida identifica\u00e7\u00e3o de \u00e1reas de alto impacto.<\/p>\n\n\n\n<p><strong>Controlo or\u00e7amental em tempo real:<\/strong> Combine visuais de controlo or\u00e7amental com a Matriz de Riscos. Atribua implica\u00e7\u00f5es or\u00e7amentais a cada risco identificado, fornecendo uma vis\u00e3o global dos potenciais impactos financeiros. \u00c0 medida que os riscos evoluem, as visualiza\u00e7\u00f5es or\u00e7amentais s\u00e3o actualizadas em tempo real, garantindo um acompanhamento financeiro preciso.<\/p>\n\n\n\n<p><strong>Perfura\u00e7\u00e3o para an\u00e1lise pormenorizada:<\/strong> Fa\u00e7a avan\u00e7ar a Matriz de Riscos atrav\u00e9s de funcionalidades de pesquisa. O aprofundamento de um risco espec\u00edfico pode incluir uma an\u00e1lise detalhada, mostrando as implica\u00e7\u00f5es financeiras relevantes e as estrat\u00e9gias de mitiga\u00e7\u00e3o necess\u00e1rias.<\/p>\n\n\n\n<div class=\"wp-block-buttons is-layout-flex wp-block-buttons-is-layout-flex\">\n<div class=\"wp-block-button has-custom-font-size\" style=\"font-size:18px\"><a class=\"wp-block-button__link has-background wp-element-button\" href=\"https:\/\/www.leaplytics.de\/pt\/pagina-inicial\/gestao-de-projectos-visuais-personalizados-microsoft-powerbi\/mapa-de-calor-de-risco-visual-personalizado-para-power-bi\/\" style=\"background-color:#22316d\">Veja a nossa \"Matriz de Risco\" visual personalizada para o Power BI aqui!<\/a><\/div>\n<\/div>\n\n\n\n<p><\/p>\n\n\n\n<p class=\"has-medium-font-size\">12. <strong>Resposta flex\u00edvel \u00e0s mudan\u00e7as:<\/strong><\/p>\n\n\n\n<p>As capacidades de dados em tempo real do Power BI permitem-lhe responder prontamente \u00e0s mudan\u00e7as. Visualize os dados para identificar potenciais problemas, permitindo uma tomada de decis\u00e3o proactiva e correc\u00e7\u00f5es de curso.<\/p>\n\n\n\n<p class=\"has-medium-font-size\">13. <strong>Relat\u00f3rio de progresso:<\/strong><\/p>\n\n\n\n<p>Crie imagens para as partes interessadas para fornecer actualiza\u00e7\u00f5es regulares e relat\u00f3rios de estado. A exporta\u00e7\u00e3o de imagens para o PowerPoint facilitar\u00e1 as reuni\u00f5es de estado regulares. O Power BI permite-lhe personalizar relat\u00f3rios com base nas prefer\u00eancias das partes interessadas, promovendo a transpar\u00eancia e a confian\u00e7a.<\/p>\n\n\n\n<p class=\"has-medium-font-size\">14. <strong>Realizar reuni\u00f5es de equipa semanais:<\/strong><\/p>\n\n\n\n<p>Utilize o Power BI para estruturar reuni\u00f5es de equipa em torno de m\u00e9tricas chave. Visualize dados de desempenho, discuta objectivos n\u00e3o atingidos e celebre os sucessos. A ferramenta ajuda a manter o foco nas actividades essenciais e mant\u00e9m a equipa alinhada.<\/p>\n\n\n\n<p class=\"has-medium-font-size\">15. <strong>Gerir problemas:<\/strong><\/p>\n\n\n\n<p>Os visuais do Power BI podem ajudar a identificar e gerir problemas emergentes. Observe a din\u00e2mica da equipa e as m\u00e9tricas do projeto para resolver problemas antes que estes se agravem. Aqui, a Matriz de Riscos ajuda a seguir e a abordar os riscos para evitar resultados adversos.<\/p>\n\n\n\n<h3 class=\"wp-block-heading\" style=\"font-size:30px\">Fase de encerramento do projeto<\/h3>\n\n\n\n<p class=\"has-medium-font-size\">16. <strong>Avaliar o desempenho do projeto:<\/strong><\/p>\n\n\n\n<p>Utilize o Power BI para comparar o progresso do projeto com o \u00e2mbito inicialmente definido. Visualize as m\u00e9tricas de desempenho para iniciar discuss\u00f5es com as partes interessadas sobre a conclus\u00e3o e o sucesso do projeto. Al\u00e9m disso, compare as m\u00e9tricas do projeto com os sucessos ou fracassos de projectos anteriores.<\/p>\n\n\n\n<p class=\"has-medium-font-size\">17. <strong>Fechar o projeto:<\/strong><\/p>\n\n\n\n<p>Visualize os passos envolvidos na conclus\u00e3o do projeto. O Power BI ajuda a documentar e a comunicar os processos de encerramento do projeto. Assim, garantimos uma transi\u00e7\u00e3o suave dos resultados.<\/p>\n\n\n\n<h3 class=\"wp-block-heading\" style=\"font-size:30px\">Relat\u00f3rio<\/h3>\n\n\n\n<p>Integre o Power BI em cada fase do projeto para criar um painel de controlo de projeto abrangente e din\u00e2mico. Nem todos os elementos visuais s\u00e3o obrigat\u00f3rios, mas a aplica\u00e7\u00e3o do Power BI ir\u00e1 ajud\u00e1-lo a manter-se no topo do seu projeto em todas as fases. Capacite a sua equipa com informa\u00e7\u00f5es acion\u00e1veis, promova a colabora\u00e7\u00e3o e navegue pelas complexidades da gest\u00e3o de projectos. O sucesso do projeto j\u00e1 n\u00e3o \u00e9 apenas um objetivo, com o Power BI \u00e9 uma viagem visualizada.<\/p>\n\n\n\n<p><\/p>\n\n\n\n<hr class=\"wp-block-separator has-alpha-channel-opacity\"\/>\n\n\n\n<p class=\"has-small-font-size\"><sup>1<\/sup> As fases do projeto neste artigo baseiam-se no artigo seguinte: <a href=\"https:\/\/hbr.org\/2016\/11\/the-four-phases-of-project-management\">Harvard Business Review. (2016, 3 de novembro). <em>As quatro fases da gest\u00e3o de projectos<\/em>.<\/a><\/p>","protected":false},"excerpt":{"rendered":"<p>No cen\u00e1rio din\u00e2mico da gest\u00e3o de projectos, em que a precis\u00e3o e a previs\u00e3o s\u00e3o fundamentais, o aproveitamento da tecnologia \u00e9 crucial. O Microsoft Power BI surgiu como um fator de mudan\u00e7a. O Power BI oferece aos gestores de projectos uma plataforma din\u00e2mica para melhorar os seus processos de tomada de decis\u00e3o. Neste guia completo, vamos explorar a forma como o Power BI pode elevar o n\u00edvel de cada fase1 do projeto ... <\/p>","protected":false},"author":55,"featured_media":13133,"parent":0,"menu_order":0,"comment_status":"closed","ping_status":"closed","template":"","meta":{"footnotes":"[]"},"class_list":["post-13130","page","type-page","status-publish","has-post-thumbnail","hentry","latest_post"],"_links":{"self":[{"href":"https:\/\/www.leaplytics.de\/pt\/wp-json\/wp\/v2\/pages\/13130","targetHints":{"allow":["GET"]}}],"collection":[{"href":"https:\/\/www.leaplytics.de\/pt\/wp-json\/wp\/v2\/pages"}],"about":[{"href":"https:\/\/www.leaplytics.de\/pt\/wp-json\/wp\/v2\/types\/page"}],"author":[{"embeddable":true,"href":"https:\/\/www.leaplytics.de\/pt\/wp-json\/wp\/v2\/users\/55"}],"replies":[{"embeddable":true,"href":"https:\/\/www.leaplytics.de\/pt\/wp-json\/wp\/v2\/comments?post=13130"}],"version-history":[{"count":7,"href":"https:\/\/www.leaplytics.de\/pt\/wp-json\/wp\/v2\/pages\/13130\/revisions"}],"predecessor-version":[{"id":13144,"href":"https:\/\/www.leaplytics.de\/pt\/wp-json\/wp\/v2\/pages\/13130\/revisions\/13144"}],"wp:featuredmedia":[{"embeddable":true,"href":"https:\/\/www.leaplytics.de\/pt\/wp-json\/wp\/v2\/media\/13133"}],"wp:attachment":[{"href":"https:\/\/www.leaplytics.de\/pt\/wp-json\/wp\/v2\/media?parent=13130"}],"curies":[{"name":"wp","href":"https:\/\/api.w.org\/{rel}","templated":true}]}}