{"id":13321,"date":"2024-04-09T20:47:19","date_gmt":"2024-04-09T18:47:19","guid":{"rendered":"https:\/\/www.leaplytics.de\/?page_id=13321"},"modified":"2024-04-17T15:17:27","modified_gmt":"2024-04-17T13:17:27","slug":"matriz-de-oportunidades-para-a-biotecnologia","status":"publish","type":"page","link":"https:\/\/www.leaplytics.de\/pt\/matriz-de-oportunidades-para-a-biotecnologia\/","title":{"rendered":"Matriz de Oportunidades para o Power BI - Aproveite para desbloquear a sua vantagem competitiva"},"content":{"rendered":"<p>Para os gestores de projectos e de riscos, o aproveitamento das oportunidades \u00e9 t\u00e3o crucial como a mitiga\u00e7\u00e3o dos riscos. Ao adaptar a nossa matriz de riscos para o Power BI, podemos convert\u00ea-la numa matriz de oportunidades. Esta abordagem permite identificar e capitalizar as oportunidades que geram vantagens competitivas.<\/p>\n\n\n\n<figure class=\"wp-block-embed is-type-video is-provider-youtube wp-block-embed-youtube wp-embed-aspect-16-9 wp-has-aspect-ratio\"><div class=\"wp-block-embed__wrapper\">\n<iframe loading=\"lazy\" title=\"Matriz de oportunidades para o Power BI - LeapLytics\" width=\"770\" height=\"433\" src=\"https:\/\/www.youtube.com\/embed\/VzEAOzIjrZY?feature=oembed\" frameborder=\"0\" allow=\"accelerometer; autoplay; clipboard-write; encrypted-media; gyroscope; picture-in-picture; web-share\" referrerpolicy=\"strict-origin-when-cross-origin\" allowfullscreen><\/iframe>\n<\/div><figcaption class=\"wp-element-caption\">No nosso v\u00eddeo do YouTube, mostramos como configurar uma Matriz de Oportunidades no Power BI.<\/figcaption><\/figure>\n\n\n\n<h3 class=\"wp-block-heading has-medium-font-size\"><strong>Porque \u00e9 que a gest\u00e3o de oportunidades \u00e9 importante<\/strong><\/h3>\n\n\n\n<p>A gest\u00e3o de oportunidades \u00e9 essencial para as empresas que procuram um crescimento sustent\u00e1vel e uma vantagem competitiva. Trata-se de identificar e aproveitar oportunidades. As organiza\u00e7\u00f5es podem tirar partido das tend\u00eancias do mercado, da inova\u00e7\u00e3o e das tecnologias emergentes. Tamb\u00e9m permite a melhoria cont\u00ednua da qualidade dos produtos e servi\u00e7os. Al\u00e9m disso, uma gest\u00e3o eficaz das oportunidades permite \u00e0s empresas manterem-se \u00e0 frente da concorr\u00eancia. Adaptar-se \u00e0 evolu\u00e7\u00e3o das necessidades e prefer\u00eancias dos clientes \u00e9 crucial.<\/p>\n\n\n\n<h3 class=\"wp-block-heading has-medium-font-size\"><strong>Identifica\u00e7\u00e3o de oportunidades a partir de v\u00e1rias fontes<\/strong><\/h3>\n\n\n\n<p>Para identificar oportunidades, temos de explorar todas as fontes que conhecemos.<\/p>\n\n\n\n<div class=\"wp-block-columns is-layout-flex wp-container-core-columns-is-layout-1 wp-block-columns-is-layout-flex\">\n<div class=\"wp-block-column is-layout-flow wp-block-column-is-layout-flow\" style=\"flex-basis:2%\">\n<p><strong>1.<\/strong><\/p>\n<\/div>\n\n\n\n<div class=\"wp-block-column is-layout-flow wp-block-column-is-layout-flow\" style=\"flex-basis:98%\">\n<p><strong>Avalie o seu cen\u00e1rio competitivo:<\/strong> A avalia\u00e7\u00e3o do ambiente empresarial consiste em analisar os pontos fortes e fracos da concorr\u00eancia, o seu posicionamento no mercado e as suas estrat\u00e9gias. O benchmarking ou uma an\u00e1lise SWOT podem ser ferramentas poderosas. A obten\u00e7\u00e3o de informa\u00e7\u00f5es sobre as melhores pr\u00e1ticas da concorr\u00eancia pode revelar potenciais oportunidades.<\/p>\n<\/div>\n<\/div>\n\n\n\n<div class=\"wp-block-columns is-layout-flex wp-container-core-columns-is-layout-2 wp-block-columns-is-layout-flex\">\n<div class=\"wp-block-column is-layout-flow wp-block-column-is-layout-flow\" style=\"flex-basis:2%\">\n<p><strong>2.<\/strong><\/p>\n<\/div>\n\n\n\n<div class=\"wp-block-column is-layout-flow wp-block-column-is-layout-flow\" style=\"flex-basis:98%\">\n<p><strong>Compreender antecipadamente as necessidades dos clientes: <\/strong>Mantenha-se atento \u00e0s tend\u00eancias do mercado, ao comportamento dos consumidores e \u00e0s prefer\u00eancias emergentes. A pesquisa de mercado, o feedback dos clientes e a an\u00e1lise dos padr\u00f5es de compra ajudam a antecipar as necessidades dos clientes.<\/p>\n<\/div>\n<\/div>\n\n\n\n<div class=\"wp-block-columns is-layout-flex wp-container-core-columns-is-layout-3 wp-block-columns-is-layout-flex\">\n<div class=\"wp-block-column is-layout-flow wp-block-column-is-layout-flow\" style=\"flex-basis:2%\">\n<p><strong>3.<\/strong><\/p>\n<\/div>\n\n\n\n<div class=\"wp-block-column is-layout-flow wp-block-column-is-layout-flow\" style=\"flex-basis:98%\">\n<p><strong>Incentivar a inova\u00e7\u00e3o e instalar pr\u00e1ticas de partilha de conhecimentos:<\/strong> Fomentar uma cultura de inova\u00e7\u00e3o e criatividade. Reunir pessoas de diferentes segmentos pode ser um importante motor de partilha de conhecimentos. Isto pode levar a ideias mais inovadoras atrav\u00e9s de um pensamento inovador.<\/p>\n<\/div>\n<\/div>\n\n\n\n<div class=\"wp-block-columns is-layout-flex wp-container-core-columns-is-layout-4 wp-block-columns-is-layout-flex\">\n<div class=\"wp-block-column is-layout-flow wp-block-column-is-layout-flow\" style=\"flex-basis:2%\">\n<p><strong>4.<\/strong><\/p>\n<\/div>\n\n\n\n<div class=\"wp-block-column is-layout-flow wp-block-column-is-layout-flow\" style=\"flex-basis:98%\">\n<p><strong>Identificar a folga e encontrar as causas principais:<\/strong> A folga refere-se a recursos, processos ou capacidades subutilizados numa organiza\u00e7\u00e3o. O objetivo \u00e9 identificar as \u00e1reas de folga e investigar as causas que est\u00e3o na sua origem. Desta forma, \u00e9 poss\u00edvel descobrir oportunidades ocultas de otimiza\u00e7\u00e3o e melhoria. As auditorias de processos e o feedback dos colaboradores podem servir como estrat\u00e9gias de identifica\u00e7\u00e3o.<\/p>\n<\/div>\n<\/div>\n\n\n\n<div class=\"wp-block-columns is-layout-flex wp-container-core-columns-is-layout-5 wp-block-columns-is-layout-flex\">\n<div class=\"wp-block-column is-layout-flow wp-block-column-is-layout-flow\" style=\"flex-basis:2%\">\n<p><strong>5.<\/strong><\/p>\n<\/div>\n\n\n\n<div class=\"wp-block-column is-layout-flow wp-block-column-is-layout-flow\" style=\"flex-basis:98%\">\n<p><strong>N\u00e3o se esque\u00e7a dos seus riscos, eles podem cobrir oportunidades: <\/strong>Os riscos s\u00e3o normalmente vistos como potenciais amea\u00e7as \u00e0s actividades empresariais. Mas tamb\u00e9m podem revelar oportunidades ocultas. Ao analisar e gerir os riscos, considere a possibilidade de transformar alguns deles em oportunidades. Por exemplo, amea\u00e7as fixas \u00e0 ciberseguran\u00e7a podem levar a uma maior confian\u00e7a e lealdade dos clientes.<\/p>\n<\/div>\n<\/div>\n\n\n\n<div class=\"wp-block-columns is-layout-flex wp-container-core-columns-is-layout-6 wp-block-columns-is-layout-flex\">\n<div class=\"wp-block-column is-layout-flow wp-block-column-is-layout-flow\" style=\"flex-basis:2%\">\n<p><strong>6.<\/strong><\/p>\n<\/div>\n\n\n\n<div class=\"wp-block-column is-layout-flow wp-block-column-is-layout-flow\" style=\"flex-basis:98%\">\n<p><strong>Torne-se o pioneiro sustent\u00e1vel do seu sector:<\/strong> A ado\u00e7\u00e3o da sustentabilidade pode abrir novas oportunidades de inova\u00e7\u00e3o, poupan\u00e7a de custos e diferencia\u00e7\u00e3o. Identifique formas de reduzir as suas emiss\u00f5es e otimizar a utiliza\u00e7\u00e3o de recursos. O resultado ser\u00e1 a redu\u00e7\u00e3o de custos, a fidelidade do cliente e uma melhor reputa\u00e7\u00e3o da marca.<\/p>\n<\/div>\n<\/div>\n\n\n\n<h3 class=\"wp-block-heading has-medium-font-size\"><strong>Benef\u00edcios da gest\u00e3o de oportunidades<\/strong><\/h3>\n\n\n\n<p>Uma gest\u00e3o eficaz das oportunidades oferece muitas vantagens. Incluindo maior rentabilidade, melhor posicionamento no mercado, maior satisfa\u00e7\u00e3o do cliente e crescimento sustent\u00e1vel da empresa. Ao identificar e explorar as oportunidades de forma proactiva, as organiza\u00e7\u00f5es podem promover a inova\u00e7\u00e3o. Promovem uma cultura de melhoria cont\u00ednua e maximizam a sua vantagem competitiva.<\/p>\n\n\n\n<h3 class=\"wp-block-heading has-medium-font-size\"><strong>Compreender a Matriz de Oportunidades<\/strong><\/h3>\n\n\n\n<p>Na sua ess\u00eancia, a Matriz de Oportunidades reflecte a conhecida Matriz de Riscos. Avaliar as oportunidades potenciais no que respeita \u00e0 sua probabilidade e impacto. A matriz facilita a dete\u00e7\u00e3o, avalia\u00e7\u00e3o e gest\u00e3o de oportunidades. Orientar as organiza\u00e7\u00f5es para um melhor desempenho e crescimento \u00e9 a principal prioridade.<\/p>\n\n\n\n<div class=\"wp-block-columns is-layout-flex wp-container-core-columns-is-layout-7 wp-block-columns-is-layout-flex\">\n<div class=\"wp-block-column is-vertically-aligned-center is-layout-flow wp-block-column-is-layout-flow\" style=\"flex-basis:150px\">\n<figure class=\"wp-block-image size-full is-resized\"><img loading=\"lazy\" decoding=\"async\" width=\"255\" height=\"259\" src=\"https:\/\/www.leaplytics.de\/wp-content\/uploads\/2024\/04\/Bild3.jpg\" alt=\"\" class=\"wp-image-13324\" style=\"width:100px\" srcset=\"https:\/\/www.leaplytics.de\/wp-content\/uploads\/2024\/04\/Bild3.jpg 255w, https:\/\/www.leaplytics.de\/wp-content\/uploads\/2024\/04\/Bild3-59x60.jpg 59w\" sizes=\"auto, (max-width: 255px) 100vw, 255px\" \/><\/figure>\n<\/div>\n\n\n\n<div class=\"wp-block-column is-layout-flow wp-block-column-is-layout-flow\" style=\"flex-basis:66.66%\">\n<p><strong>Op\u00e7\u00e3o de dica de ferramenta atrav\u00e9s de passar o rato<\/strong><\/p>\n\n\n\n<p>Passar o rato sobre os pontos de dados revela informa\u00e7\u00f5es pormenorizadas. Permite aos utilizadores aprofundar oportunidades espec\u00edficas. Esta funcionalidade melhora a tomada de decis\u00f5es, fornecendo informa\u00e7\u00f5es abrangentes num relance.<\/p>\n<\/div>\n<\/div>\n\n\n\n<div class=\"wp-block-columns is-layout-flex wp-container-core-columns-is-layout-8 wp-block-columns-is-layout-flex\">\n<div class=\"wp-block-column is-vertically-aligned-center is-layout-flow wp-block-column-is-layout-flow\" style=\"flex-basis:150px\">\n<figure class=\"wp-block-image size-large is-resized\"><img loading=\"lazy\" decoding=\"async\" width=\"1024\" height=\"1024\" src=\"https:\/\/www.leaplytics.de\/wp-content\/uploads\/2022\/06\/Indicator-Settings-1024x1024.png\" alt=\"\" class=\"wp-image-8461\" style=\"width:128px;height:auto\" srcset=\"https:\/\/www.leaplytics.de\/wp-content\/uploads\/2022\/06\/Indicator-Settings-1024x1024.png 1024w, https:\/\/www.leaplytics.de\/wp-content\/uploads\/2022\/06\/Indicator-Settings-300x300.png 300w, https:\/\/www.leaplytics.de\/wp-content\/uploads\/2022\/06\/Indicator-Settings-150x150.png 150w, https:\/\/www.leaplytics.de\/wp-content\/uploads\/2022\/06\/Indicator-Settings-768x768.png 768w, https:\/\/www.leaplytics.de\/wp-content\/uploads\/2022\/06\/Indicator-Settings-1536x1536.png 1536w, https:\/\/www.leaplytics.de\/wp-content\/uploads\/2022\/06\/Indicator-Settings-370x370.png 370w, https:\/\/www.leaplytics.de\/wp-content\/uploads\/2022\/06\/Indicator-Settings-60x60.png 60w, https:\/\/www.leaplytics.de\/wp-content\/uploads\/2022\/06\/Indicator-Settings.png 1854w\" sizes=\"auto, (max-width: 1024px) 100vw, 1024px\" \/><\/figure>\n<\/div>\n\n\n\n<div class=\"wp-block-column is-layout-flow wp-block-column-is-layout-flow\">\n<p class=\"has-medium-font-size\"><strong>Formata\u00e7\u00e3o condicional<\/strong><\/p>\n\n\n\n<p>Utilize regras de formata\u00e7\u00e3o condicional para destacar oportunidades significativas com base em crit\u00e9rios predefinidos. Esta funcionalidade aumenta a visibilidade e d\u00e1 prioridade a informa\u00e7\u00f5es acion\u00e1veis para planeamento e execu\u00e7\u00e3o estrat\u00e9gicos. Al\u00e9m disso, a formata\u00e7\u00e3o condicional pode ampliar a matriz por outra dimens\u00e3o. Por exemplo, avaliando a viabilidade de cada oportunidade atrav\u00e9s de c\u00f3digos de cores. Diferentes tonalidades de cor podem representar diferentes n\u00edveis de viabilidade. Proporcionando \u00e0s partes interessadas informa\u00e7\u00f5es valiosas sobre a viabilidade de cada oportunidade.<\/p>\n<\/div>\n<\/div>\n\n\n\n<div class=\"wp-block-columns is-layout-flex wp-container-core-columns-is-layout-9 wp-block-columns-is-layout-flex\">\n<div class=\"wp-block-column is-vertically-aligned-center is-layout-flow wp-block-column-is-layout-flow\" style=\"flex-basis:150px\">\n<figure class=\"wp-block-image size-full is-resized\"><img loading=\"lazy\" decoding=\"async\" width=\"355\" height=\"218\" src=\"https:\/\/www.leaplytics.de\/wp-content\/uploads\/2024\/04\/Bild2.jpg\" alt=\"\" class=\"wp-image-13323\" style=\"width:128px\" srcset=\"https:\/\/www.leaplytics.de\/wp-content\/uploads\/2024\/04\/Bild2.jpg 355w, https:\/\/www.leaplytics.de\/wp-content\/uploads\/2024\/04\/Bild2-300x184.jpg 300w, https:\/\/www.leaplytics.de\/wp-content\/uploads\/2024\/04\/Bild2-98x60.jpg 98w\" sizes=\"auto, (max-width: 355px) 100vw, 355px\" \/><\/figure>\n<\/div>\n\n\n\n<div class=\"wp-block-column is-layout-flow wp-block-column-is-layout-flow\" style=\"flex-basis:66.66%\">\n<p><strong>Op\u00e7\u00e3o de pesquisa para obter mais informa\u00e7\u00f5es<\/strong><\/p>\n\n\n\n<p>Navegue atrav\u00e9s de camadas de dados com a funcionalidade de pesquisa. Permite aos utilizadores explorar os factores subjacentes que influenciam cada oportunidade. Esta capacidade de aprofundamento promove uma compreens\u00e3o completa dos potenciais factores e implica\u00e7\u00f5es.<\/p>\n<\/div>\n<\/div>\n\n\n\n<div class=\"wp-block-columns is-layout-flex wp-container-core-columns-is-layout-10 wp-block-columns-is-layout-flex\">\n<div class=\"wp-block-column is-vertically-aligned-center is-layout-flow wp-block-column-is-layout-flow\" style=\"flex-basis:150px\">\n<figure class=\"wp-block-image size-large is-resized\"><img loading=\"lazy\" decoding=\"async\" width=\"1024\" height=\"1024\" src=\"https:\/\/www.leaplytics.de\/wp-content\/uploads\/2022\/05\/Color-Settings-1024x1024.png\" alt=\"\" class=\"wp-image-7710\" style=\"width:128px\" srcset=\"https:\/\/www.leaplytics.de\/wp-content\/uploads\/2022\/05\/Color-Settings-1024x1024.png 1024w, https:\/\/www.leaplytics.de\/wp-content\/uploads\/2022\/05\/Color-Settings-300x300.png 300w, https:\/\/www.leaplytics.de\/wp-content\/uploads\/2022\/05\/Color-Settings-150x150.png 150w, https:\/\/www.leaplytics.de\/wp-content\/uploads\/2022\/05\/Color-Settings-768x768.png 768w, https:\/\/www.leaplytics.de\/wp-content\/uploads\/2022\/05\/Color-Settings-1536x1536.png 1536w, https:\/\/www.leaplytics.de\/wp-content\/uploads\/2022\/05\/Color-Settings-2048x2048.png 2048w, https:\/\/www.leaplytics.de\/wp-content\/uploads\/2022\/05\/Color-Settings-370x370.png 370w, https:\/\/www.leaplytics.de\/wp-content\/uploads\/2022\/05\/Color-Settings-60x60.png 60w, https:\/\/www.leaplytics.de\/wp-content\/uploads\/2022\/05\/Color-Settings-600x600.png 600w, https:\/\/www.leaplytics.de\/wp-content\/uploads\/2022\/05\/Color-Settings-100x100.png 100w\" sizes=\"auto, (max-width: 1024px) 100vw, 1024px\" \/><\/figure>\n<\/div>\n\n\n\n<div class=\"wp-block-column is-layout-flow wp-block-column-is-layout-flow\" style=\"flex-basis:66.66%\">\n<p><strong>Design de cores personalizado<\/strong><\/p>\n\n\n\n<p>Personalize a matriz com esquemas de cores personalizados. Isto ajuda \u00e0 clareza e permite a personaliza\u00e7\u00e3o de acordo com os requisitos individuais.<\/p>\n<\/div>\n<\/div>\n\n\n\n<div class=\"wp-block-columns is-layout-flex wp-container-core-columns-is-layout-11 wp-block-columns-is-layout-flex\">\n<div class=\"wp-block-column is-vertically-aligned-center is-layout-flow wp-block-column-is-layout-flow\" style=\"flex-basis:150px\">\n<figure class=\"wp-block-image size-large\"><img loading=\"lazy\" decoding=\"async\" width=\"1024\" height=\"1018\" src=\"https:\/\/www.leaplytics.de\/wp-content\/uploads\/2022\/06\/Axis-Settings-1024x1018.png\" alt=\"\" class=\"wp-image-8460\" srcset=\"https:\/\/www.leaplytics.de\/wp-content\/uploads\/2022\/06\/Axis-Settings-1024x1018.png 1024w, https:\/\/www.leaplytics.de\/wp-content\/uploads\/2022\/06\/Axis-Settings-300x298.png 300w, https:\/\/www.leaplytics.de\/wp-content\/uploads\/2022\/06\/Axis-Settings-150x150.png 150w, https:\/\/www.leaplytics.de\/wp-content\/uploads\/2022\/06\/Axis-Settings-768x763.png 768w, https:\/\/www.leaplytics.de\/wp-content\/uploads\/2022\/06\/Axis-Settings-1536x1527.png 1536w, https:\/\/www.leaplytics.de\/wp-content\/uploads\/2022\/06\/Axis-Settings-60x60.png 60w, https:\/\/www.leaplytics.de\/wp-content\/uploads\/2022\/06\/Axis-Settings.png 1827w\" sizes=\"auto, (max-width: 1024px) 100vw, 1024px\" \/><\/figure>\n<\/div>\n\n\n\n<div class=\"wp-block-column is-layout-flow wp-block-column-is-layout-flow\" style=\"flex-basis:66.66%\">\n<p><strong>Defini\u00e7\u00f5es personaliz\u00e1veis de grelha, eixo e indicador<\/strong><\/p>\n\n\n\n<p>Adaptar o layout da matriz para atender \u00e0s prefer\u00eancias organizacionais e aos requisitos espec\u00edficos do projeto. Ajuste as linhas de grade, os r\u00f3tulos dos eixos e os marcadores de indicadores para otimizar a legibilidade e a clareza.<\/p>\n<\/div>\n<\/div>\n\n\n\n<div class=\"wp-block-buttons is-layout-flex wp-block-buttons-is-layout-flex\">\n<div class=\"wp-block-button has-custom-font-size\" style=\"font-size:18px\"><a class=\"wp-block-button__link has-background wp-element-button\" href=\"https:\/\/www.leaplytics.de\/pt\/pagina-inicial\/gestao-de-projectos-visuais-personalizados-microsoft-powerbi\/mapa-de-calor-de-risco-visual-personalizado-para-power-bi\/\" style=\"background-color:#22316d\">Clique aqui para aceder \u00e0 nossa \"Matriz de Risco\" visual personalizada para o Power BI!<\/a><\/div>\n<\/div>\n\n\n\n<figure class=\"wp-block-image size-full\"><img loading=\"lazy\" decoding=\"async\" width=\"152\" height=\"37\" src=\"https:\/\/www.leaplytics.de\/wp-content\/uploads\/2022\/05\/PBI-Certified.png\" alt=\"\" class=\"wp-image-8358\" srcset=\"https:\/\/www.leaplytics.de\/wp-content\/uploads\/2022\/05\/PBI-Certified.png 152w, https:\/\/www.leaplytics.de\/wp-content\/uploads\/2022\/05\/PBI-Certified-150x37.png 150w\" sizes=\"auto, (max-width: 152px) 100vw, 152px\" \/><\/figure>\n\n\n\n<p><\/p>\n\n\n\n<h3 class=\"wp-block-heading has-medium-font-size\"><strong>Desbloquear a vantagem competitiva<\/strong><\/h3>\n\n\n\n<p>As empresas ganham uma vantagem estrat\u00e9gica no mercado atual utilizando a Matriz de Oportunidades. A identifica\u00e7\u00e3o e gest\u00e3o proactiva de oportunidades impulsiona a inova\u00e7\u00e3o, o crescimento e a vantagem sustent\u00e1vel. A Matriz de Oportunidades do Power BI permite \u00e0s empresas gerir oportunidades com funcionalidades intuitivas.<\/p>\n\n\n\n<h3 class=\"wp-block-heading has-medium-font-size\"><strong>Conclus\u00e3o<\/strong><\/h3>\n\n\n\n<p>A Matriz de Oportunidades \u00e9 uma ferramenta poderosa para a tomada de decis\u00f5es estrat\u00e9gicas. Arma as organiza\u00e7\u00f5es para alcan\u00e7ar uma vantagem competitiva sustent\u00e1vel. Com carater\u00edsticas robustas, equipa as organiza\u00e7\u00f5es para prosperarem num mercado competitivo. Abrace-a para o crescimento e a inova\u00e7\u00e3o, desbloqueando o potencial oculto.<\/p>","protected":false},"excerpt":{"rendered":"<p>Para os gestores de projectos e de riscos, o aproveitamento das oportunidades \u00e9 t\u00e3o crucial como a mitiga\u00e7\u00e3o dos riscos. Ao adaptar a nossa matriz de riscos para o Power BI, podemos convert\u00ea-la numa matriz de oportunidades. Esta abordagem permite identificar e capitalizar as oportunidades que geram vantagens competitivas. Porque \u00e9 que a gest\u00e3o de oportunidades \u00e9 importante A gest\u00e3o de oportunidades \u00e9 essencial para as empresas que procuram ... <\/p>","protected":false},"author":55,"featured_media":13426,"parent":0,"menu_order":0,"comment_status":"closed","ping_status":"closed","template":"","meta":{"footnotes":""},"class_list":["post-13321","page","type-page","status-publish","has-post-thumbnail","hentry","latest_post"],"_links":{"self":[{"href":"https:\/\/www.leaplytics.de\/pt\/wp-json\/wp\/v2\/pages\/13321","targetHints":{"allow":["GET"]}}],"collection":[{"href":"https:\/\/www.leaplytics.de\/pt\/wp-json\/wp\/v2\/pages"}],"about":[{"href":"https:\/\/www.leaplytics.de\/pt\/wp-json\/wp\/v2\/types\/page"}],"author":[{"embeddable":true,"href":"https:\/\/www.leaplytics.de\/pt\/wp-json\/wp\/v2\/users\/55"}],"replies":[{"embeddable":true,"href":"https:\/\/www.leaplytics.de\/pt\/wp-json\/wp\/v2\/comments?post=13321"}],"version-history":[{"count":11,"href":"https:\/\/www.leaplytics.de\/pt\/wp-json\/wp\/v2\/pages\/13321\/revisions"}],"predecessor-version":[{"id":13424,"href":"https:\/\/www.leaplytics.de\/pt\/wp-json\/wp\/v2\/pages\/13321\/revisions\/13424"}],"wp:featuredmedia":[{"embeddable":true,"href":"https:\/\/www.leaplytics.de\/pt\/wp-json\/wp\/v2\/media\/13426"}],"wp:attachment":[{"href":"https:\/\/www.leaplytics.de\/pt\/wp-json\/wp\/v2\/media?parent=13321"}],"curies":[{"name":"wp","href":"https:\/\/api.w.org\/{rel}","templated":true}]}}