{"id":13717,"date":"2025-05-12T15:34:59","date_gmt":"2025-05-12T13:34:59","guid":{"rendered":"https:\/\/www.leaplytics.de\/?page_id=13717"},"modified":"2025-05-12T15:35:01","modified_gmt":"2025-05-12T13:35:01","slug":"testemunhos","status":"publish","type":"page","link":"https:\/\/www.leaplytics.de\/pt\/testemunhos\/","title":{"rendered":"Testemunhos"},"content":{"rendered":"<p><em>&#8220;<strong>H\u00e1 mais de um ano que utilizamos o visual LeapLytics Risk Matrix \/ Heatmap no Power BI.<\/strong><br>Tornou-se uma ferramenta indispens\u00e1vel para a nossa equipa. O seu design intuitivo e as suas carater\u00edsticas personaliz\u00e1veis permitem-nos visualizar e dar prioridade aos riscos de forma eficaz, permitindo-nos concentrarmo-nos nas \u00e1reas mais cr\u00edticas. A capacidade de adaptar a matriz \u00e0s nossas necessidades espec\u00edficas melhorou significativamente os nossos processos de avalia\u00e7\u00e3o de riscos. Recomendo vivamente este plugin a qualquer equipa que pretenda melhorar as suas capacidades de gest\u00e3o de risco no Power BI.\"<\/em> (An\u00f3nimo)<\/p>\n\n\n\n<p><em>&#8220;<strong>Mudan\u00e7a de jogo<\/strong> - Esta aplica\u00e7\u00e3o poupou centenas de horas de desenvolvimento, horas de resolu\u00e7\u00e3o de problemas e quaisquer outras dores de cabe\u00e7a que acompanham a constru\u00e7\u00e3o de uma aplica\u00e7\u00e3o a partir do zero. Esta aplica\u00e7\u00e3o foi super f\u00e1cil de ligar a uma aplica\u00e7\u00e3o que est\u00e1vamos a construir e \u00e9 tamb\u00e9m visualmente apelativa e f\u00e1cil de utilizar. Recomendo vivamente a qualquer pessoa que queira poupar horas de desenvolvimento e tempo para obter algo que j\u00e1 foi testado em combate!\"<\/em> (An\u00f3nimo)<\/p>\n\n\n\n<p><em>\"O visual da Matriz de Risco na plataforma Power BI tem sido utilizado como um <strong>ferramenta estrat\u00e9gica<\/strong> para a gest\u00e3o das actividades cr\u00edticas de manuten\u00e7\u00e3o, proporcionando uma visualiza\u00e7\u00e3o r\u00e1pida e eficaz dos riscos associados a cada ativo. A matriz mapeia visualmente a criticidade do ativo com base no seu n\u00edvel de impacto e probabilidade de falha, apoiando diretamente a prioriza\u00e7\u00e3o de ac\u00e7\u00f5es corretivas e preventivas. <br>Esta funcionalidade ajuda a identificar os itens de manuten\u00e7\u00e3o com maior relev\u00e2ncia operacional, contribuindo para uma gest\u00e3o mais assertiva de recursos, equipas e prazos, especialmente em cen\u00e1rios complexos como paragens ou interven\u00e7\u00f5es de emerg\u00eancia. Al\u00e9m disso, sua interface interativa e customiz\u00e1vel permite atualiza\u00e7\u00f5es e simula\u00e7\u00f5es em tempo real, tornando o processo de tomada de decis\u00e3o mais r\u00e1pido e baseado em dados.<br>A utiliza\u00e7\u00e3o deste visual tamb\u00e9m refor\u00e7a a governa\u00e7\u00e3o da manuten\u00e7\u00e3o baseada no risco, alinhando os esfor\u00e7os t\u00e9cnicos com os objectivos estrat\u00e9gicos da organiza\u00e7\u00e3o para a fiabilidade e disponibilidade dos activos.\"<\/em> (CENIBRA)<\/p>\n\n\n\n<p><em>&#8220;<strong>Visual fant\u00e1stico<\/strong> - Tenho estado a experimentar este visual para v\u00e1rios relat\u00f3rios e \u00e9 t\u00e3o f\u00e1cil de utilizar, mas t\u00e3o poderoso. A representa\u00e7\u00e3o visual dos riscos nesta matriz poupou-me in\u00fameras horas, uma vez que posso direcionar a minha aten\u00e7\u00e3o para as sec\u00e7\u00f5es que est\u00e3o assinaladas como de elevado impacto. A Leaplytics tamb\u00e9m responde muito bem por correio eletr\u00f3nico. Recomendo vivamente este plug-in da Leaplytics.\"<\/em> (An\u00f3nimo)<\/p>\n\n\n\n<p><em>&#8220;<strong>Costumava gostar de heatmaps, agora adoro-os<\/strong> - Muitas vezes tive problemas ao tentar criar um mapa de calor. Este tem um forte poder narrativo e \u00e9 muito f\u00e1cil de utilizar.\"<\/em> (Raphael de Taranto)<\/p>\n\n\n\n<p><em>&#8220;<strong>Excelente aplica\u00e7\u00e3o<\/strong> - Esta \u00e9 uma aplica\u00e7\u00e3o obrigat\u00f3ria se trabalha com riscos. \u00c9 f\u00e1cil de instalar e altamente configur\u00e1vel para se adaptar \u00e0s suas necessidades.\"<\/em> (Roy Varghese)<\/p>\n\n\n\n<p><em>&#8220;<strong>Excelente painel de controlo para relat\u00f3rios de risco<\/strong> - O dashboard fornece um excelente visual dos riscos e n\u00f3s o incorporamos em muitos dashboards de relat\u00f3rios de riscos empresariais. A LeapLytics continua a melhorar as funcionalidades do dashboard, incluindo a possibilidade de codificar por cores os pontos. Recomendo vivamente este plug-in da aplica\u00e7\u00e3o de mapa de calor de riscos para melhorar os dashboards do Power BI. A capacidade de resposta \u00e0s quest\u00f5es e o apoio tamb\u00e9m s\u00e3o uma vantagem.\"<\/em> (Becky Sterrett)<\/p>\n\n\n\n<p><em>&#8220;<strong>Mapa de calor de grande risco<\/strong> - A ferramenta de mapa de calor dos riscos tem sido muito \u00fatil para comunicar os riscos da empresa e os n\u00edveis de risco \u00e0s partes interessadas. \u00c9 f\u00e1cil de utilizar e tem um bom aspeto visual.\"<\/em> (An\u00f3nimo)<\/p>\n\n\n\n<p class=\"has-text-align-left\"><em>&#8220;<strong>Esta ferramenta \u00e9 de f\u00e1cil utiliza\u00e7\u00e3o<\/strong> e apresenta eficazmente as classifica\u00e7\u00f5es de risco num formato claro e facilmente compreens\u00edvel\".<\/em> (Scott Nicol)<\/p>\n\n\n\n<p><em>&#8220;<strong>\u00d3ptima ferramenta<\/strong> - Esta ferramenta tem sido fundamental no nosso esfor\u00e7o cont\u00ednuo para otimizar o nosso processo de classifica\u00e7\u00e3o de riscos. Proporciona um \u00f3timo visual para avaliar rapidamente o perfil de risco.\"<\/em> (An\u00f3nimo)<\/p>\n\n\n\n<p><em>&#8220;<strong>Matriz de risco<\/strong> - Fiquei muito satisfeito por encontrar esta ferramenta e pela forma como tem funcionado do ponto de vista da Gest\u00e3o de Riscos \/ elabora\u00e7\u00e3o de relat\u00f3rios - \u00e9 uma \u00f3ptima forma de visualizar e analisar os registos de riscos, centrando-se nos riscos principais \/ elevados. A equipa tamb\u00e9m tem sido fant\u00e1stica, prestando apoio e colaborando comigo na forma como a utilizo e como a posso melhorar.\"<\/em> (An\u00f3nimo)<\/p>\n\n\n\n<p><em>&#8220;<strong>Funciona exatamente como esperado e anunciado.<\/strong> - Adquiri uma licen\u00e7a para esta aplica\u00e7\u00e3o h\u00e1 cerca de 9 meses, instalei-a em v\u00e1rios relat\u00f3rios que est\u00e3o a ser utilizados por centenas de pessoas em todo o mundo e s\u00f3 tive feedback positivo dos utilizadores.\"<\/em> (Pequeno, Roy)<\/p>\n\n\n\n<p><em>&#8220;<strong>Uma \u00f3ptima ferramenta para visualizar o historial da sua matriz de risco<\/strong> - Uma das melhores ferramentas especiais para gerir o registo da matriz de risco e apresent\u00e1-lo de forma profissional Concebi esta ferramenta e apresentei-a \u00e0 dire\u00e7\u00e3o 1- Excelente design 2- Flexibilidade 3- F\u00e1cil de utilizar 4- Recomendo que tire partido dela Na verdade, era isto que eu procurava Obrigado, Stefan Preusler Obrigado, equipa LeapLytics GmbH\"<\/em> (\u0645\u062d\u064a\u064a \u0627\u0644\u062f\u064a\u0646)<\/p>\n\n\n\n<p><em>&#8220;<strong>Vale mesmo a pena<\/strong> - Tudo o que quer\u00edamos alcan\u00e7ar com uma matriz de risco, conseguimos implementar com esta visualiza\u00e7\u00e3o. Valeu mesmo a pena\".<\/em> (An\u00f3nimo)<\/p>\n\n\n\n<p><em>&#8220;<strong>\u00d3ptima solu\u00e7\u00e3o para os auditores!<\/strong> - O objeto visual responde perfeitamente \u00e0s exig\u00eancias e requisitos de uma matriz de risco para auditores\" (David L\u00f3pez Morales)<\/em><\/p>\n\n\n\n<p><em>&#8220;<strong>Bom aspeto visual<\/strong> para apoiar as conversas sobre riscos\".<\/em> (Elleke Bosworth)<\/p>\n\n\n\n<p><em>&#8220;<strong>\u00d3ptima imagem<\/strong> - Estava \u00e0 procura de uma solu\u00e7\u00e3o funcional para visualizar os meus riscos. Este visual funciona muito bem para mim e est\u00e1 pronto a utilizar em poucos minutos. A interatividade funciona bem e d\u00e1 a sensa\u00e7\u00e3o de ser \"real\".\"<\/em> (An\u00f3nimo)<\/p>\n\n\n\n<p><em>&#8220;<strong>Ferramenta visual de grande risco<\/strong> - Ferramenta fant\u00e1stica para visualizar o mapa de calor dos riscos, muito eficaz e de f\u00e1cil acesso\"<\/em> (An\u00f3nimo)<\/p>\n\n\n\n<p><em>&#8220;<strong>Ferramenta indispens\u00e1vel para a gest\u00e3o de riscos<\/strong> - Esta ferramenta \u00e9 de f\u00e1cil utiliza\u00e7\u00e3o e apresenta eficazmente as classifica\u00e7\u00f5es de risco num formato claro e facilmente compreens\u00edvel.\"<\/em> (An\u00f3nimo)<\/p>\n\n\n\n<p><em>&#8220;<strong>Ferramenta de gest\u00e3o de riscos muito \u00fatil<\/strong> - Considero o Mapa de Riscos muito \u00fatil no nosso processo de gest\u00e3o de riscos. Ajuda a visualizar o risco de uma forma f\u00e1cil e compreens\u00edvel, tanto para a dire\u00e7\u00e3o como para o resto da empresa. Tamb\u00e9m \u00e9 f\u00e1cil de utilizar e rapidamente se percebe como funcionam as defini\u00e7\u00f5es.\"<\/em> (An\u00f3nimo)<\/p>\n\n\n\n<p><em>&#8220;<strong>Excelente complemento!<\/strong> - Temos vindo a utilizar o mapa de calor LeapLytics desde h\u00e1 um ano. \u00c9 f\u00e1cil de utilizar, tem uma boa rela\u00e7\u00e3o qualidade\/pre\u00e7o e o visual fica \u00f3timo no nosso painel de riscos.\"<\/em> (An\u00f3nimo)<\/p>\n\n\n\n<p><em>&#8220;<strong>Perfeito<\/strong> - \u00c9 muito bom, vers\u00e1til e pr\u00e1tico\".<\/em> (Cynthia Mercedes Anaya Manrique)<\/p>\n\n\n\n<p><em>&#8220;<strong>\u00d3ptima imagem e resposta<\/strong> - D\u00e1-nos a imagem de que precis\u00e1vamos e a resposta \u00e0s nossas perguntas foi r\u00e1pida e \u00fatil.\"<\/em> (An\u00f3nimo)<\/p>\n\n\n\n<p><em>&#8220;<strong>S\u00f3lido <\/strong>- Visual s\u00f3lido\"<\/em> (An\u00f3nimo)<\/p>","protected":false},"excerpt":{"rendered":"<p>\"H\u00e1 mais de um ano que utilizamos o LeapLytics Risk Matrix \/ Heatmap visual no Power BI, que se tornou uma ferramenta indispens\u00e1vel para a nossa equipa. O seu design intuitivo e as suas carater\u00edsticas personaliz\u00e1veis permitem-nos visualizar e dar prioridade aos riscos de forma eficaz, permitindo-nos concentrar nas \u00e1reas mais cr\u00edticas. A capacidade de personalizar a matriz ... <\/p>","protected":false},"author":2,"featured_media":0,"parent":0,"menu_order":0,"comment_status":"closed","ping_status":"closed","template":"","meta":{"footnotes":""},"class_list":["post-13717","page","type-page","status-publish","hentry","latest_post"],"_links":{"self":[{"href":"https:\/\/www.leaplytics.de\/pt\/wp-json\/wp\/v2\/pages\/13717","targetHints":{"allow":["GET"]}}],"collection":[{"href":"https:\/\/www.leaplytics.de\/pt\/wp-json\/wp\/v2\/pages"}],"about":[{"href":"https:\/\/www.leaplytics.de\/pt\/wp-json\/wp\/v2\/types\/page"}],"author":[{"embeddable":true,"href":"https:\/\/www.leaplytics.de\/pt\/wp-json\/wp\/v2\/users\/2"}],"replies":[{"embeddable":true,"href":"https:\/\/www.leaplytics.de\/pt\/wp-json\/wp\/v2\/comments?post=13717"}],"version-history":[{"count":5,"href":"https:\/\/www.leaplytics.de\/pt\/wp-json\/wp\/v2\/pages\/13717\/revisions"}],"predecessor-version":[{"id":13725,"href":"https:\/\/www.leaplytics.de\/pt\/wp-json\/wp\/v2\/pages\/13717\/revisions\/13725"}],"wp:attachment":[{"href":"https:\/\/www.leaplytics.de\/pt\/wp-json\/wp\/v2\/media?parent=13717"}],"curies":[{"name":"wp","href":"https:\/\/api.w.org\/{rel}","templated":true}]}}