{"id":13808,"date":"2025-07-14T10:32:30","date_gmt":"2025-07-14T08:32:30","guid":{"rendered":"https:\/\/www.leaplytics.de\/?page_id=13808"},"modified":"2025-07-14T10:32:31","modified_gmt":"2025-07-14T08:32:31","slug":"gantt-leaplytics-power-bi","status":"publish","type":"page","link":"https:\/\/www.leaplytics.de\/pt\/gantt-leaplytics-power-bi\/","title":{"rendered":"Gantt LeapLytics - Power BI"},"content":{"rendered":"<p>\u00c9 simples. Damos-lhe a possibilidade de dar vida \u00e0s linhas de tempo e aos calend\u00e1rios dos seus projectos diretamente no Power BI. O nosso gr\u00e1fico de Gantt Leaplytics transforma dados de projectos complexos em visualiza\u00e7\u00f5es de linhas de tempo profissionais, interactivas e abrangentes. Exiba os calend\u00e1rios de projectos do Microsoft Project, primavera P6, Jira, Asana e Azure DevOps exatamente como pretendido.<\/p>\n<blockquote>\n<p>\"Finalmente, um gr\u00e1fico de Gantt que realmente funciona no Power BI! Poder apresentar as linhas de tempo dos nossos projectos com depend\u00eancias e acompanhamento do progresso diretamente nos nossos dashboards executivos, em vez de capturas de ecr\u00e3 est\u00e1ticas, transformou as nossas apresenta\u00e7\u00f5es de projectos.\"<br \/>- <strong>Johnson M., Gestor de Business Intelligence<\/strong> <em>(Setor da constru\u00e7\u00e3o)<\/em><\/p>\n<\/blockquote>\n<h2 id=\"what-s-in-it-for-you-\">O que \u00e9 que ganha com isso?<\/h2>\n<p>Desbloqueie a visualiza\u00e7\u00e3o profissional de projectos para os seus dashboards do Power BI:<\/p>\n<p><strong>Visualize os projectos de uma forma bonita:<\/strong> Transforme os dados brutos de projectos do Microsoft Project, primavera P6, Jira, Asana e Azure DevOps em gr\u00e1ficos de Gantt profissionalmente renderizados.<\/p>\n<p><strong>Eliminar o trabalho manual:<\/strong> Chega de exportar capturas de ecr\u00e3 ou de criar manualmente gr\u00e1ficos de cronologia. Os seus dados de projeto existentes s\u00e3o apresentados como gr\u00e1ficos de Gantt interactivos.<\/p>\n<p><strong>Impressionar as partes interessadas:<\/strong> Apresentar pain\u00e9is de controlo de projectos profissionais que mantenham a credibilidade em reuni\u00f5es executivas e apresenta\u00e7\u00f5es \u00e0s partes interessadas.<\/p>\n<p><strong>Poupe tempo:<\/strong> Deixe de gastar horas na cria\u00e7\u00e3o manual de linhas de tempo. Ligue os dados do seu projeto e veja as listas de tarefas transformarem-se em visualiza\u00e7\u00f5es Gantt abrangentes.<\/p>\n<blockquote>\n<p>\"Costum\u00e1vamos passar 12 horas por semana a criar relat\u00f3rios de cronologia a partir das nossas ferramentas de gest\u00e3o de projectos. Agora, tudo \u00e9 apresentado automaticamente como belos gr\u00e1ficos de Gantt interactivos. Os nossos relat\u00f3rios de estado do projeto voltaram a ter um aspeto profissional.\"<br \/>- <strong>Rodriguez A., Diretor de An\u00e1lise<\/strong> <em>(Tecnologia dos cuidados de sa\u00fade)<\/em><\/p>\n<\/blockquote>\n<h2 id=\"how-you-can-benefit\">Como pode beneficiar<\/h2>\n<p>Utilizadores que adoptaram o nosso relat\u00f3rio visual Leaplytics Gantt Chart:<\/p>\n<p><strong>Elimina\u00e7\u00e3o de pesadelos na linha do tempo:<\/strong> Acabou-se a cria\u00e7\u00e3o manual de gr\u00e1ficos ou as capturas de ecr\u00e3 de linhas de tempo est\u00e1ticas nas apresenta\u00e7\u00f5es.<\/p>\n<p><strong>Aumento da ado\u00e7\u00e3o de pain\u00e9is de controlo:<\/strong> As partes interessadas envolvem-se mais com gr\u00e1ficos de Gantt interactivos que podem explorar e compreender.<\/p>\n<p><strong>Aumento da credibilidade profissional:<\/strong> As apresenta\u00e7\u00f5es executivas t\u00eam um aspeto elegante e mant\u00eam a sua reputa\u00e7\u00e3o de profissional de dados.<\/p>\n<p><strong>Vistas unificadas do projeto:<\/strong> Apresentar dados de projectos de v\u00e1rias plataformas empresariais num gr\u00e1fico de Gantt do Power BI coeso e interativo.<\/p>\n<h2 id=\"key-features\">Carater\u00edsticas principais<\/h2>\n<p><strong>Suporte multiplataforma:<\/strong> Suporta Microsoft Project, primavera P6, Jira, Asana, Azure DevOps e quaisquer dados tabulares de projectos.<\/p>\n<p><strong>Motor de linha de tempo avan\u00e7ado:<\/strong><\/p>\n<ul>\n<li>Posicionamento inteligente de tarefas e escalonamento de datas<\/li>\n<li>Gest\u00e3o hier\u00e1rquica inteligente de tarefas para projectos complexos<\/li>\n<\/ul>\n<p><strong>Visualiza\u00e7\u00e3o profissional de projectos:<\/strong> <\/p>\n<ul>\n<li>Apresenta barras de tarefas, depend\u00eancias, marcos e acompanhamento de progresso adequados que respeitam os temas do Power BI<\/li>\n<li>Navega\u00e7\u00e3o interactiva na linha de tempo com capacidades de zoom e panor\u00e2mica<\/li>\n<\/ul>\n<p><strong>Carater\u00edsticas do projeto empresarial:<\/strong><\/p>\n<ul>\n<li>Depend\u00eancias de tarefas com setas de rela\u00e7\u00e3o<\/li>\n<li>Acompanhamento dos progressos e estado de conclus\u00e3o<\/li>\n<li>Visualiza\u00e7\u00e3o da atribui\u00e7\u00e3o de recursos<\/li>\n<li>An\u00e1lise do caminho cr\u00edtico<\/li>\n<\/ul>\n<p><strong>Desempenho optimizado:<\/strong> Renderiza\u00e7\u00e3o eficiente para grandes conjuntos de dados de projectos com mais de 1000 tarefas e redes de depend\u00eancia complexas.<\/p>\n<p><strong>Integra\u00e7\u00e3o perfeita com o Power BI:<\/strong> Funciona como qualquer outro visual do Power BI, respeitando filtros, separadores e filtragem cruzada.<\/p>\n<p><strong>Configura\u00e7\u00e3o intuitiva:<\/strong> Painel de formato simples com selec\u00e7\u00f5es pendentes para campos de tarefas, datas e op\u00e7\u00f5es de visualiza\u00e7\u00e3o.<\/p>\n<p><strong>Pronto para a empresa:<\/strong> Sistema de licenciamento robusto concebido para implementa\u00e7\u00e3o empresarial com funcionalidades avan\u00e7adas de gest\u00e3o de projectos.<\/p>\n<h2 id=\"your-team-will-thank-you\">A sua equipa vai agradecer-lhe<\/h2>\n<p><em>Cansado de capturas de ecr\u00e3 est\u00e1ticas de projectos em apresenta\u00e7\u00f5es para executivos?<\/em> Alguma vez teve dificuldade em explicar o estado do projeto utilizando relat\u00f3rios de tabela aborrecidos quando os seus intervenientes precisam de ver as linhas de tempo? O nosso gr\u00e1fico de Gantt Leaplytics fornece a solu\u00e7\u00e3o de que estava \u00e0 espera. \u00c9 o visual que n\u00f3s, como profissionais de gest\u00e3o de projectos, sempre desej\u00e1mos que existisse quando tentamos comunicar eficazmente o estado do projeto.<\/p>\n<blockquote>\n<p>\"A possibilidade de apresentar os sprints do Azure DevOps e as depend\u00eancias do projeto com uma visualiza\u00e7\u00e3o Gantt adequada revolucionou a forma como apresentamos o estado do projeto aos executivos. A linha do tempo \u00e9 interativa e a configura\u00e7\u00e3o foi incrivelmente f\u00e1cil.\"<br \/>- <strong>Chen L., Analista de dados principal<\/strong> <em>(Desenvolvimento de software)<\/em><\/p>\n<\/blockquote>\n<h2 id=\"letter-from-the-ceo\">Carta do Diretor Executivo<\/h2>\n<p>Ol\u00e1 a todos.<\/p>\n<p>O meu nome \u00e9 Stefan, Diretor Executivo da LeapLytics.<\/p>\n<p>A visualiza\u00e7\u00e3o de projectos no Power BI tem sido um problema persistente durante anos. As organiza\u00e7\u00f5es investem fortemente em plataformas como o Microsoft Project, primavera P6, Jira e Azure DevOps para gerir cronogramas e depend\u00eancias de projectos complexos. Mas quando esses dados de projeto entram no Power BI, tornam-se tabelas ileg\u00edveis ou requerem a cria\u00e7\u00e3o manual de gr\u00e1ficos.<\/p>\n<p>Esta desconex\u00e3o entre ferramentas sofisticadas de gest\u00e3o de projectos e relat\u00f3rios b\u00e1sicos de projectos do Power BI tem frustrado in\u00fameros gestores de projectos em apresenta\u00e7\u00f5es executivas. Esta situa\u00e7\u00e3o mina a credibilidade e torna as valiosas informa\u00e7\u00f5es sobre o projeto praticamente invis\u00edveis nos pain\u00e9is de controlo.<\/p>\n<p>Os visuais tradicionais de BI simplesmente n\u00e3o foram concebidos para a realidade complexa da gest\u00e3o de projectos moderna, onde as tarefas t\u00eam depend\u00eancias, acompanhamento do progresso, atribui\u00e7\u00e3o de recursos e restri\u00e7\u00f5es de prazos. \u00c9 a\u00ed que come\u00e7a a frustra\u00e7\u00e3o.<\/p>\n<p>O nosso Leaplytics Gantt Chart visual para Power BI resolve este problema fundamental. Acreditamos que os dados do seu projeto devem ser comunicados de forma clara e profissional em todo o lado, incluindo nos dashboards do Power BI.<\/p>\n<p>Trata-se de preservar o investimento que fez no planeamento sofisticado de projectos e apresent\u00e1-lo com a clareza visual que os seus intervenientes esperam. Concebemos este visual para lidar com a complexidade dos dados reais do projeto, mantendo a configura\u00e7\u00e3o simples.<\/p>\n<p>Esta \u00e9 a nossa contribui\u00e7\u00e3o para eliminar o pesadelo da visualiza\u00e7\u00e3o de projectos que tem atormentado os utilizadores do Power BI durante demasiado tempo.<\/p>\n<p>Com os melhores cumprimentos,<br \/><strong>Stefan Preusler<\/strong><br \/>Cofundador e Diretor Executivo, LeapLytics GmbH<\/p>\n<hr>\n<h2 id=\"ready-to-transform-your-project-visualization-\">Pronto para transformar a visualiza\u00e7\u00e3o do seu projeto?<\/h2>\n<p><a href=\"https:\/\/www.leaplytics.de\/pt\/\"><strong>Solicitar uma licen\u00e7a de teste<\/strong><\/a><\/p>\n<h2 id=\"getting-started\">Come\u00e7ar a trabalhar<\/h2>\n<p>Recebeu a sua licen\u00e7a ou quer apenas saber mais?<br \/>Clique abaixo para aceder ao nosso guia completo:<\/p>\n<p><a href=\"https:\/\/www.leaplytics.de\/pt\/getting-started-gantt-chart-power-bi\/?utm_source=extension&amp;utm_medium=power-bi&amp;utm_campaign=gantt-chart\"><strong>Introdu\u00e7\u00e3o - Gr\u00e1fico de Gantt Visual do Leaplytics para Power BI<\/strong><\/a><\/p>\n<hr>\n<p><em>Transforme os dados do seu projeto em visualiza\u00e7\u00f5es profissionais de linhas de tempo que os intervenientes realmente compreendem.<\/em> <\/p>","protected":false},"excerpt":{"rendered":"<p>\u00c9 simples. Damos-lhe a possibilidade de dar vida \u00e0s linhas de tempo e aos calend\u00e1rios dos seus projectos diretamente no Power BI. O nosso gr\u00e1fico de Gantt Leaplytics transforma dados de projectos complexos em visualiza\u00e7\u00f5es de linhas de tempo profissionais, interactivas e abrangentes. Exiba cronogramas de projetos do Microsoft Project, primavera P6, Jira, Asana e Azure DevOps exatamente como pretendido. \"Finalmente, um gr\u00e1fico de Gantt que ... <\/p>","protected":false},"author":2,"featured_media":0,"parent":0,"menu_order":0,"comment_status":"closed","ping_status":"closed","template":"","meta":{"footnotes":""},"class_list":["post-13808","page","type-page","status-publish","hentry","latest_post"],"_links":{"self":[{"href":"https:\/\/www.leaplytics.de\/pt\/wp-json\/wp\/v2\/pages\/13808","targetHints":{"allow":["GET"]}}],"collection":[{"href":"https:\/\/www.leaplytics.de\/pt\/wp-json\/wp\/v2\/pages"}],"about":[{"href":"https:\/\/www.leaplytics.de\/pt\/wp-json\/wp\/v2\/types\/page"}],"author":[{"embeddable":true,"href":"https:\/\/www.leaplytics.de\/pt\/wp-json\/wp\/v2\/users\/2"}],"replies":[{"embeddable":true,"href":"https:\/\/www.leaplytics.de\/pt\/wp-json\/wp\/v2\/comments?post=13808"}],"version-history":[{"count":1,"href":"https:\/\/www.leaplytics.de\/pt\/wp-json\/wp\/v2\/pages\/13808\/revisions"}],"predecessor-version":[{"id":13809,"href":"https:\/\/www.leaplytics.de\/pt\/wp-json\/wp\/v2\/pages\/13808\/revisions\/13809"}],"wp:attachment":[{"href":"https:\/\/www.leaplytics.de\/pt\/wp-json\/wp\/v2\/media?parent=13808"}],"curies":[{"name":"wp","href":"https:\/\/api.w.org\/{rel}","templated":true}]}}