{"id":13813,"date":"2025-07-14T10:52:57","date_gmt":"2025-07-14T08:52:57","guid":{"rendered":"https:\/\/www.leaplytics.de\/?page_id=13813"},"modified":"2025-11-08T21:23:14","modified_gmt":"2025-11-08T20:23:14","slug":"introducao-a-gantt","status":"publish","type":"page","link":"https:\/\/www.leaplytics.de\/pt\/introducao-a-gantt\/","title":{"rendered":"Introdu\u00e7\u00e3o - Gantt"},"content":{"rendered":"<p><a href=\"#minimum-requirement\">Requisitos m\u00ednimos<\/a> | <a href=\"#license\">Licen\u00e7a<\/a> |\u00a0<a href=\"#features\">Carater\u00edsticas<\/a> | <a href=\"#zoom-pan\">Zoom e panor\u00e2mica<\/a> | <a href=\"#filter\">Filtro<\/a> | <a href=\"#troubleshooting\">Resolu\u00e7\u00e3o de problemas<\/a><\/p>\n\n<p>As equipas de todas as ind\u00fastrias utilizam o Gr\u00e1fico de Gantt do LeapLytics para visualizar linhas de tempo de projectos, depend\u00eancias, marcos, hierarquias e aloca\u00e7\u00f5es de recursos diretamente no Power BI. O visual \u00e9 r\u00e1pido e foi criado para relat\u00f3rios de n\u00edvel empresarial. Com carater\u00edsticas como zoom din\u00e2mico, visualiza\u00e7\u00e3o do caminho cr\u00edtico, estilo de linha de tempo personaliz\u00e1vel, setas de depend\u00eancia, tipos de marcos, linhas de base e suporte completo de hierarquia, os utilizadores obt\u00eam uma vis\u00e3o geral imediata e fi\u00e1vel de cada projeto.<\/p>\n\n<p><div class=\"wp-block-image\">\n<figure class=\"aligncenter size-large\"><img loading=\"lazy\" decoding=\"async\" width=\"1024\" height=\"466\" src=\"https:\/\/www.leaplytics.de\/wp-content\/uploads\/2025\/11\/resource-1024x466.png\" alt=\"\" class=\"wp-image-14108\" srcset=\"https:\/\/www.leaplytics.de\/wp-content\/uploads\/2025\/11\/resource-1024x466.png 1024w, https:\/\/www.leaplytics.de\/wp-content\/uploads\/2025\/11\/resource-300x137.png 300w, https:\/\/www.leaplytics.de\/wp-content\/uploads\/2025\/11\/resource-768x350.png 768w, https:\/\/www.leaplytics.de\/wp-content\/uploads\/2025\/11\/resource-18x8.png 18w, https:\/\/www.leaplytics.de\/wp-content\/uploads\/2025\/11\/resource-132x60.png 132w, https:\/\/www.leaplytics.de\/wp-content\/uploads\/2025\/11\/resource.png 1463w\" sizes=\"auto, (max-width: 1024px) 100vw, 1024px\" \/><\/figure><\/div><\/p>\n\n<p>Se os dados do seu projeto estiverem dispon\u00edveis, pode configurar e operacionalizar totalmente o Gr\u00e1fico de Gantt do LeapLytics em <strong>menos de 5 minutos<\/strong>. Ter\u00e1 um Gantt funcional, incluindo tarefas, datas, depend\u00eancias, marcos e formata\u00e7\u00e3o - pronto para apresenta\u00e7\u00e3o, an\u00e1lise e relat\u00f3rio das partes interessadas.<\/p>\n\n\n\n<h3 class=\"wp-block-heading\" id=\"enhanced-data-model-structure\">Requisitos m\u00ednimos<\/h3>\n\n\n<p><div class=\"wp-block-image\">\n<figure class=\"aligncenter size-large\"><img decoding=\"async\" src=\"https:\/\/www.leaplytics.de\/wp-content\/uploads\/2025\/11\/minimum-requirement-arrows.png\" alt=\"\" class=\"wp-image-14108\"\/><\/figure><\/div><\/p>\n\n\n<blockquote class=\"wp-block-quote is-layout-flow wp-block-quote-is-layout-flow\">\n<p><strong>\u26a0\ufe0f Importante:<\/strong> Os seus dados devem seguir uma estrutura tabular em que cada linha representa uma tarefa e as colunas cont\u00eam as propriedades da tarefa.<\/p>\n<\/blockquote>\n\n\n<p>O visual requer apenas um conjunto m\u00ednimo de campos para produzir uma linha cronol\u00f3gica totalmente funcional.  Cada tarefa deve incluir um \u00fanico <strong>ID da tarefa<\/strong>, uma leitura <strong>Nome da tarefa<\/strong>e um par de datas que definem a sua dura\u00e7\u00e3o.\nEstas datas podem ser <strong>Planeado<\/strong>, <strong>Atual<\/strong>, ou <strong>Estimativa<\/strong>-O visual detecta automaticamente o tipo de dados que fornece e ajusta a linha de tempo em conformidade. Com esta flexibilidade, o Gantt pode representar calend\u00e1rios simples apenas de planeamento, calend\u00e1rios completos <strong>plano-versus-atual<\/strong> compara\u00e7\u00f5es, ou cen\u00e1rios avan\u00e7ados que combinam <strong>planeado<\/strong>, <strong>atual<\/strong>e <strong>estimado<\/strong> linhas de tempo em paralelo.<\/p>\n\n<p><div class=\"wp-block-image\">\n<figure class=\"aligncenter size-large\"><img decoding=\"async\" src=\"https:\/\/www.leaplytics.de\/wp-content\/uploads\/2025\/11\/minimum-requirement-data-fields.png\" alt=\"\" class=\"wp-image-14108\"\/><\/figure><\/div><\/p>\n\n<p>Uma vez que o visual interpreta os tipos de data por si s\u00f3, \u00e9 poss\u00edvel fornecer quaisquer campos que os dados do projeto j\u00e1 contenham. Se incluir todos os tr\u00eas (<strong>Planeado<\/strong>, <strong>Atual<\/strong>, <strong>Estimativa<\/strong>), o Gantt exibe todas as barras correspondentes. Se fornecer apenas um \u00fanico conjunto de datas, \u00e9 apresentada uma \u00fanica barra de cronologia. \n<strong>Campos de dura\u00e7\u00e3o<\/strong> tamb\u00e9m podem ser utilizados em vez de datas de fim; quando est\u00e3o presentes tanto a dura\u00e7\u00e3o como a data de fim,\no valor da dura\u00e7\u00e3o tem preced\u00eancia. Todos os campos de data devem estar num formato <strong>Formato de data e hora compat\u00edvel com o Power BI<\/strong> \npara garantir uma apresenta\u00e7\u00e3o correta.\n<\/p>\n\n\n<pre class=\"wp-block-code\"><code>\n  -- =====================================================\n  -- CAMPOS NECESS\u00c1RIOS (Dados m\u00ednimos necess\u00e1rios)\n  -- =====================================================\n  'TASK-001' AS Task ID, -- Identificador \u00fanico\n  'Requirements Analysis' AS Task Name, -- Nome de apresenta\u00e7\u00e3o\n  '2025-01-01' AS Planned\/Estimated\/Atual Start Date, -- Data de in\u00edcio\n  '2025-01-15' AS Planned\/Estimated\/Atual End Date, -- Data de fim\n\n  -- ===== CEN\u00c1RIOS DE DADOS SUPORTADOS =====\n  -- O visual detecta automaticamente os dados fornecidos:\n  --\n  -- 1. apenas planeados (linha de base):        Apenas data de in\u00edcio planeada + data de fim planeada\n  -- 2. Atual-Only (As-Built):      Apenas data de in\u00edcio real + data de fim real\n  -- 3. Planeado vs Real: Datas planeadas e reais (mostra ambas as barras)\n  -- 4. Planeado + Estimado:            Datas planeadas + estimadas (mostra a barra do plano + estimativa fina)\n  -- 5. Real + Estimado:          Datas reais + estimadas (mostra a barra real + estimativa fina)\n  -- 6. Planejado + Real + Estimado:   Todos os tr\u00eas tipos de data (mostra as tr\u00eas barras da linha do tempo)\n  -- 7. Estimated-Only:              Data de in\u00edcio estimada + data de t\u00e9rmino estimada apenas\n  --\n  -- ===== NOTAS =====\n  -- - Os campos Duration s\u00e3o opcionais e substituem os campos EndDate correspondentes quando ambos s\u00e3o fornecidos\n  -- - Os campos de data devem estar no formato de data e hora reconhecido pelo PowerBI\n<\/code><\/pre>\n\n\n<figure class=\"wp-block-image size-large is-resized\"><\/figure>\n\n\n<hr class=\"wp-block-separator has-alpha-channel-opacity\"\/>\n\n\n\n<h3 class=\"wp-block-heading\" id=\"license\">Licen\u00e7a<\/h3>\n\n\n\n<figure class=\"wp-block-image size-large\"><img loading=\"lazy\" decoding=\"async\" width=\"1024\" height=\"453\" src=\"https:\/\/www.leaplytics.de\/wp-content\/uploads\/2025\/11\/license-1024x453.png\" alt=\"Licen\u00e7a\" class=\"wp-image-14175\" srcset=\"https:\/\/www.leaplytics.de\/wp-content\/uploads\/2025\/11\/license-1024x453.png 1024w, https:\/\/www.leaplytics.de\/wp-content\/uploads\/2025\/11\/license-300x133.png 300w, https:\/\/www.leaplytics.de\/wp-content\/uploads\/2025\/11\/license-768x340.png 768w, https:\/\/www.leaplytics.de\/wp-content\/uploads\/2025\/11\/license-1536x680.png 1536w, https:\/\/www.leaplytics.de\/wp-content\/uploads\/2025\/11\/license-18x8.png 18w, https:\/\/www.leaplytics.de\/wp-content\/uploads\/2025\/11\/license-136x60.png 136w, https:\/\/www.leaplytics.de\/wp-content\/uploads\/2025\/11\/license.png 1687w\" sizes=\"auto, (max-width: 1024px) 100vw, 1024px\" \/><\/figure>\n\n\n<p>Copie o seu c\u00f3digo de licen\u00e7a e cole-o no campo Licen\u00e7a, premindo CTRL+V. Se ainda n\u00e3o tiver uma licen\u00e7a de avalia\u00e7\u00e3o, pode solicitar uma \n<a href=\"https:\/\/www.leaplytics.de\/pt\/power-bi-gantt-try-now\/\" style=\"text-decoration: underline;\">aqui<\/a>.<\/p>\n\n\n<hr class=\"wp-block-separator has-alpha-channel-opacity\"\/>\n\n\n\n<h3 class=\"wp-block-heading\" id=\"features\">Carater\u00edsticas<\/h3>\n\n\n<p>O Gr\u00e1fico de Gantt do LeapLytics fornece uma visualiza\u00e7\u00e3o de projeto de n\u00edvel empresarial com carater\u00edsticas como <strong>hierarquias de tarefas<\/strong>, <strong>acompanhamento dos progressos<\/strong>, <strong>atribui\u00e7\u00f5es de recursos<\/strong>, <strong>depend\u00eancias<\/strong>, <strong>marcos<\/strong>e <strong>navega\u00e7\u00e3o flex\u00edvel na cronologia<\/strong> que v\u00e3o desde o pormenor minucioso at\u00e9 \u00e0s vistas de uma d\u00e9cada. Interpreta automaticamente <strong>Planeado<\/strong>, <strong>Atual<\/strong>e <strong>Estimativa<\/strong> datas, apresenta barras de cronologia correspondentes e oferece <strong>estilo<\/strong> e <strong>linha de base<\/strong> assegurando a cria\u00e7\u00e3o de relat\u00f3rios profissionais e de alta clareza diretamente no Power BI.<\/p>\n\n<p> Se os seus dados estiverem dispon\u00edveis, pode configurar um Gantt totalmente funcional - incluindo tarefas, datas, depend\u00eancias, marcos, formata\u00e7\u00e3o e navega\u00e7\u00e3o - em <strong>5 minutos<\/strong>. O visual adapta-se instantaneamente aos campos fornecidos, permitindo uma configura\u00e7\u00e3o r\u00e1pida com o m\u00ednimo de esfor\u00e7o e fornecendo uma linha de tempo pronta a utilizar para equipas, gestores e partes interessadas.<\/p>\n\n\n<h4 class=\"wp-block-heading\">Hierarquia<\/h4>\n\n\n<p><div class=\"wp-block-image\">\n<figure class=\"aligncenter size-large\"><img decoding=\"async\" src=\"https:\/\/www.leaplytics.de\/wp-content\/uploads\/2025\/11\/hierarchy-arrow.png\" alt=\"\" class=\"wp-image-14095\"\/><\/figure><\/div><\/p>\n\n<p>O <strong>Hierarquia<\/strong> permite-lhe estruturar o seu projeto em tarefas principais e secund\u00e1rias, criando uma divis\u00e3o clara e intuitiva do trabalho. Ao atribuir a cada tarefa um <strong>ID da tarefa principal<\/strong>Se o gr\u00e1fico de Gantt n\u00e3o for um gr\u00e1fico de Gantt, este cria automaticamente n\u00edveis aninhados que reflectem a verdadeira estrutura do seu projeto.  Isto permite uma visibilidade de roll-up, grupos recolh\u00edveis e uma vis\u00e3o geral clara de projectos complexos, ajudando as equipas a compreender fases, pacotes de trabalho e subtarefas detalhadas num relance.<\/p>\n\n\n<pre class=\"wp-block-code\"><code>\n    'PROJ-001' AS ParentTaskID, -- Tarefa principal para a hierarquia\n  -- ===== NOTAS =====\n  -- Hierarquia: ID da tarefa para a tarefa principal\n<\/code><\/pre>\n\n\n<div class=\"wp-block-image\">\n<figure class=\"aligncenter size-large\"><img decoding=\"async\" src=\"https:\/\/www.leaplytics.de\/wp-content\/uploads\/2025\/11\/hiearchy-table.png\" alt=\"\" class=\"wp-image-14095\"\/><\/figure><\/div>\n\n\n<hr class=\"wp-block-separator has-alpha-channel-opacity\"\/>\n\n\n\n<h4 class=\"wp-block-heading\">Progresso<\/h4>\n\n\n<p><div class=\"wp-block-image\">\n<figure class=\"aligncenter size-large\"><img decoding=\"async\" src=\"https:\/\/www.leaplytics.de\/wp-content\/uploads\/2025\/11\/progress-arrows.png\" alt=\"\" class=\"wp-image-14100\"\/><\/figure><\/div><\/p>\n\n<p>O <strong>Progresso<\/strong> permite-lhe acompanhar a conclus\u00e3o da tarefa diretamente no gr\u00e1fico de Gantt. Ao fornecer um valor percentual entre <strong>0<\/strong> e <strong>100<\/strong>O indicador visual mostra claramente o avan\u00e7o de cada tarefa, permitindo uma vis\u00e3o imediata do estado do projeto. Quer uma tarefa n\u00e3o tenha sido iniciada, esteja parcialmente conclu\u00edda ou totalmente conclu\u00edda, os indicadores de progresso ajudam as equipas e as partes interessadas a monitorizar a execu\u00e7\u00e3o e a identificar \u00e1reas que possam necessitar de aten\u00e7\u00e3o.\n<\/p>\n\n\n<pre class=\"wp-block-code\"><code>\n  -- =====================================================\n  -- PROGRESS\n  -- =====================================================\n  65 AS Progress, -- Conclus\u00e3o % (0-100)\n  -- ===== NOTAS =====\n  -- - Progresso: 0 = n\u00e3o iniciado, 100 = conclu\u00eddo\n<\/code><\/pre>\n\n\n<p><div class=\"wp-block-image\">\n<figure class=\"aligncenter size-large\"><img decoding=\"async\" src=\"https:\/\/www.leaplytics.de\/wp-content\/uploads\/2025\/11\/progress-data-fields.png\" alt=\"\" class=\"wp-image-14100\"\/><\/figure><\/div><\/p>\n\n\n<hr class=\"wp-block-separator has-alpha-channel-opacity\"\/>\n\n\n\n<h4 class=\"wp-block-heading\" id=\"enhanced-data-model-structure\">Recursos<\/h4>\n\n\n<p><div class=\"wp-block-image\">\n<figure class=\"aligncenter size-large\"><img decoding=\"async\" src=\"https:\/\/www.leaplytics.de\/wp-content\/uploads\/2025\/11\/resource-overview.png\" alt=\"\" class=\"wp-image-14108\"\/><\/figure><\/div><\/p>\n\n<p>O <strong>Recursos<\/strong> permite-lhe atribuir uma ou v\u00e1rias pessoas, equipas ou fun\u00e7\u00f5es a uma tarefa. Ao fornecer um nome - ou um <strong>lista separada por v\u00edrgulas<\/strong> para v\u00e1rios recursos - o diagrama de Gantt mostra claramente quem \u00e9 respons\u00e1vel por cada atividade. Isto ajuda as equipas a compreender a distribui\u00e7\u00e3o do volume de trabalho, a identificar potenciais estrangulamentos e a melhorar a coordena\u00e7\u00e3o entre tarefas paralelas. As atribui\u00e7\u00f5es de recursos s\u00e3o apresentadas diretamente ao lado da linha de tempo para uma clareza imediata.\n<\/p>\n\n\n<pre class=\"wp-block-code\"><code>\n    'John Smith, Jane Doe' AS Resource, -- Separados por v\u00edrgulas para m\u00faltiplos\n  -- ===== NOTAS =====\n  -- - M\u00faltiplos recursos: valores separados por v\u00edrgulas num \u00fanico campo\n<\/code><\/pre>\n\n\n<p><div class=\"wp-block-image\">\n<figure class=\"aligncenter size-large\"><img decoding=\"async\" src=\"https:\/\/www.leaplytics.de\/wp-content\/uploads\/2025\/11\/resource-arrows.png\" alt=\"\" class=\"wp-image-14108\"\/><\/figure><\/div><\/p>\n\n\n<hr class=\"wp-block-separator has-alpha-channel-opacity\"\/>\n\n\n\n<h4 class=\"wp-block-heading\" id=\"enhanced-data-model-structure\">Antecessores<\/h4>\n\n\n<p><div class=\"wp-block-image\">\n<figure class=\"aligncenter size-large\"><img decoding=\"async\" src=\"https:\/\/www.leaplytics.de\/wp-content\/uploads\/2025\/11\/predecessors-arrows.png\" alt=\"\" class=\"wp-image-14116\"\/><\/figure><\/div><\/p>\n\n<p>O <strong>Antecessores<\/strong> define as depend\u00eancias de tarefas, listando um ou mais IDs de tarefas anteriores. Ao fornecer um <strong>lista separada por v\u00edrgulas<\/strong> Se o gr\u00e1fico de Gantt n\u00e3o tiver em conta a sequ\u00eancia de tarefas predecessoras, desenha automaticamente linhas de depend\u00eancia entre o fim e o in\u00edcio, tornando o fluxo l\u00f3gico do seu projeto claramente vis\u00edvel. Isto ajuda as equipas a compreender a sequ\u00eancia, a identificar atrasos e a manter um calend\u00e1rio de projeto realista e interligado.\n<\/p>\n\n\n<pre class=\"wp-block-code\"><code>\n    'TASK-005, TASK-007' AS Predecessors -- ID dos predecessores separados por v\u00edrgulas\n  -- ===== NOTAS =====\n  -- - Predecessores: IDs de tarefas separadas por v\u00edrgulas para depend\u00eancias de fim para in\u00edcio\n<\/code><\/pre>\n\n\n<p><div class=\"wp-block-image\">\n<figure class=\"aligncenter size-large\"><img decoding=\"async\" src=\"https:\/\/www.leaplytics.de\/wp-content\/uploads\/2025\/11\/predecessors-data-fields.png\" alt=\"\" class=\"wp-image-14116\"\/><\/figure><\/div><\/p>\n\n\n<hr class=\"wp-block-separator has-alpha-channel-opacity\"\/>\n\n\n\n<h3 class=\"wp-block-heading\" id=\"zoom-pan\">Zoom e panor\u00e2mica<\/h3>\n\n<p><div class=\"wp-block-image\">\n<figure class=\"aligncenter size-large\"><img decoding=\"async\" src=\"https:\/\/www.leaplytics.de\/wp-content\/uploads\/2025\/11\/zoom.gif\" alt=\"\" class=\"wp-image-14116\"\/><\/figure><\/div><\/p>\n\n<p>Pode navegar facilmente na linha de tempo utilizando os controlos de zoom e panor\u00e2mica incorporados. Manter <strong>ALT<\/strong> e utilizar o <strong>roda do rato<\/strong> para aumentar ou diminuir o zoom, ou utilizar um <strong>gesto de beliscar com dois dedos<\/strong> em dispositivos m\u00f3veis. Para deslocar, mantenha premido o bot\u00e3o <strong>bot\u00e3o esquerdo do rato<\/strong> e arraste o gr\u00e1fico para a esquerda ou para a direita, ou simplesmente coloque o dedo no ecr\u00e3 e mova-o para explorar a linha cronol\u00f3gica no telem\u00f3vel. O visual suporta tudo, desde um <strong>vis\u00e3o minuto a minuto de um \u00fanico dia<\/strong> para um <strong>vis\u00e3o de alto n\u00edvel de projectos que abrangem mais de 10 anos<\/strong>.\n<\/p>\n\n\n<h3 class=\"wp-block-heading\" id=\"troubleshooting\">Resolu\u00e7\u00e3o de problemas<\/h3>\n\n\n\n<h4 class=\"wp-block-heading\" id=\"-cross-filtering-problems-\">Problemas de filtragem cruzada<\/h4>\n\n\n\n<p><strong>A sele\u00e7\u00e3o n\u00e3o funciona com outros elementos visuais:<\/strong><\/p>\n\n\n\n<ul class=\"wp-block-list\">\n<li>Verificar se o mapeamento de dados categ\u00f3ricos est\u00e1 corretamente configurado<\/li>\n\n\n\n<li>Verificar as defini\u00e7\u00f5es de filtragem cruzada do PowerBI para o visual<\/li>\n\n\n\n<li>Assegurar que o campo TaskID \u00e9 utilizado de forma coerente em todos os visuais<\/li>\n\n\n\n<li>Funcionalidade de sele\u00e7\u00e3o de testes com relat\u00f3rio simplificado<\/li>\n<\/ul>\n\n\n\n<p><strong>O realce n\u00e3o est\u00e1 a responder:<\/strong><\/p>\n\n\n\n<ul class=\"wp-block-list\">\n<li>Verificar a estrutura de dados de realce no mapeamento categ\u00f3rico<\/li>\n\n\n\n<li>Verificar a integra\u00e7\u00e3o do gestor de sele\u00e7\u00e3o do PowerBI<\/li>\n\n\n\n<li>Teste com o visual de tabela do PowerBI para confirmar que a filtragem cruzada funciona<\/li>\n\n\n\n<li>Revis\u00e3o da sele\u00e7\u00e3o Gera\u00e7\u00e3o de ID para dados de tarefas<\/li>\n<\/ul>\n\n\n\n<h4 class=\"wp-block-heading\" id=\"-data-mapping-problems-\">Problemas de mapeamento de dados<\/h4>\n\n\n\n<p><strong>Campos n\u00e3o reconhecidos:<\/strong><\/p>\n\n\n\n<ul class=\"wp-block-list\">\n<li>Verificar se os tipos de dados dos campos correspondem aos formatos previstos (datas, n\u00fameros, texto)<\/li>\n\n\n\n<li>\u2705 Verificar se o mapeamento de campos no painel Dados corresponde aos nomes das colunas<\/li>\n\n\n\n<li>Garantir que as colunas calculadas s\u00e3o corretamente definidas no modelo de dados<\/li>\n\n\n\n<li>Testar com um conjunto de dados simples para isolar problemas de mapeamento no terreno<\/li>\n<\/ul>\n\n\n\n<p><strong>O progresso\/estado n\u00e3o est\u00e1 a ser apresentado:<\/strong><\/p>\n\n\n\n<ul class=\"wp-block-list\">\n<li>O campo Verificar progresso cont\u00e9m valores num\u00e9ricos entre 0-100<\/li>\n\n\n\n<li>O campo Verificar estado cont\u00e9m valores de estado esperados<\/li>\n\n\n\n<li>Assegurar que as barras de progresso est\u00e3o activadas no painel de formato<\/li>\n\n\n\n<li>Teste com dados de amostra contendo v\u00e1rios valores de progresso<\/li>\n<\/ul>\n\n\n\n<h4 class=\"wp-block-heading\" id=\"-hierarchical-structure-issues-\">Quest\u00f5es de estrutura hier\u00e1rquica<\/h4>\n\n\n\n<p><strong>As rela\u00e7\u00f5es entre pais e filhos n\u00e3o est\u00e3o a funcionar:<\/strong><\/p>\n\n\n\n<ul class=\"wp-block-list\">\n<li>Verificar se o campo ParentTask cont\u00e9m TaskIDs v\u00e1lidos para as tarefas principais<\/li>\n\n\n\n<li>Verificar se existem refer\u00eancias circulares pai-filho<\/li>\n\n\n\n<li>Assegurar que os n\u00edveis hier\u00e1rquicos n\u00e3o excedem os limites razo\u00e1veis<\/li>\n\n\n\n<li>Testar a funcionalidade de expans\u00e3o\/recolhimento com uma hierarquia simples<\/li>\n<\/ul>\n\n\n\n<p><strong>C\u00e1lculos de rollup incorrectos:<\/strong><\/p>\n\n\n\n<ul class=\"wp-block-list\">\n<li>Verificar a configura\u00e7\u00e3o do rollup nas defini\u00e7\u00f5es do painel de formata\u00e7\u00e3o<\/li>\n\n\n\n<li>Verificar se os dados da tarefa da crian\u00e7a est\u00e3o completos e corretos<\/li>\n\n\n\n<li>Testar a l\u00f3gica de rollup com casos de teste conhecidos<\/li>\n\n\n\n<li>Rever a l\u00f3gica de c\u00e1lculo da data para intervalos de tarefas principais<\/li>\n<\/ul>\n\n\n\n<hr class=\"wp-block-separator has-alpha-channel-opacity\"\/>\n\n\n\n<h3 class=\"wp-block-heading\" id=\"-advanced-best-practices\">Melhores pr\u00e1ticas avan\u00e7adas<\/h3>\n\n\n\n<ul class=\"wp-block-list\">\n<li><strong>Qualidade dos dados<\/strong>: Validar todas as datas, garantir que as TaskIDs s\u00e3o \u00fanicas, verificar as refer\u00eancias de depend\u00eancia<\/li>\n\n\n\n<li><strong>Otimiza\u00e7\u00e3o do desempenho<\/strong>: Limitar o tamanho do conjunto de dados, utilizar tipos de dados adequados, otimizar os c\u00e1lculos DAX<\/li>\n\n\n\n<li><strong>Conce\u00e7\u00e3o da hierarquia<\/strong>: Planear as rela\u00e7\u00f5es l\u00f3gicas entre pais e filhos, evitar o aninhamento profundo, manter uma estrutura clara<\/li>\n\n\n\n<li><strong>Modela\u00e7\u00e3o de depend\u00eancias<\/strong>: Mapear depend\u00eancias realistas, evitar refer\u00eancias circulares, utilizar tempos de atraso adequados<\/li>\n\n\n\n<li><strong>Estrat\u00e9gia de teste<\/strong>: Teste com dados de amostra, valida\u00e7\u00e3o de todas as funcionalidades, teste de desempenho com grandes conjuntos de dados<\/li>\n<\/ul>\n\n\n\n<h4 class=\"wp-block-heading\" id=\"-visual-configuration-best-practices-\"><strong>Pr\u00e1ticas recomendadas de configura\u00e7\u00e3o visual<\/strong> \u2728<\/h4>\n\n\n\n<ul class=\"wp-block-list\">\n<li><strong>Escala da linha de tempo<\/strong>: Escolher o n\u00edvel de zoom predefinido adequado, configurar intervalos de datas razo\u00e1veis, ativar o escalonamento adaptativo<\/li>\n\n\n\n<li><strong>Estrat\u00e9gia de cores<\/strong>: Utilizar esquemas de cores coerentes, mapear cores para atributos de dados significativos, garantir a conformidade com a acessibilidade<\/li>\n\n\n\n<li><strong>Otimiza\u00e7\u00e3o do layout<\/strong>: Configurar a altura adequada da barra de tarefas, otimizar o posicionamento do texto, equilibrar a densidade da informa\u00e7\u00e3o<\/li>\n\n\n\n<li><strong>Design interativo<\/strong>: Permitir uma navega\u00e7\u00e3o intuitiva, fornecer feedback visual claro, suportar a intera\u00e7\u00e3o entre o rato e o toque<\/li>\n<\/ul>\n\n\n\n\n<h4 class=\"wp-block-heading\" id=\"supported-data-sources-reference\">Refer\u00eancia das fontes de dados suportadas<\/h4>\n\n\n\n<figure class=\"wp-block-table\"><table class=\"has-fixed-layout\"><thead><tr><th><strong>Fonte de dados<\/strong><\/th><th><strong>Plataforma<\/strong><\/th><th><strong>Estado<\/strong><\/th><th><strong>Campos-chave<\/strong><\/th><th><strong>Notas de integra\u00e7\u00e3o<\/strong><\/th><\/tr><\/thead><tbody><tr><td><strong>Microsoft Project<\/strong><\/td><td>MS Project<\/td><td>\u2705 Prim\u00e1rio<\/td><td>ID da tarefa, nome, in\u00edcio, fim, depend\u00eancias<\/td><td>Exportar como Excel ou ligar atrav\u00e9s do Project Online<\/td><\/tr><tr><td><strong>primavera P6<\/strong><\/td><td>Or\u00e1culo<\/td><td>\u2705 Prim\u00e1rio<\/td><td>ID da atividade, Nome, In\u00edcio, Fim, Antecessores<\/td><td>Exportar como Excel ou importar XML<\/td><\/tr><tr><td><strong>DevOps do Azure<\/strong><\/td><td>Microsoft<\/td><td>\u2705 Prim\u00e1rio<\/td><td>ID do item de trabalho, t\u00edtulo, data de in\u00edcio, data de objetivo<\/td><td>Liga\u00e7\u00e3o API direta ou exporta\u00e7\u00e3o<\/td><\/tr><tr><td><strong>Jira<\/strong><\/td><td>Atlassian<\/td><td>\u2705 Prim\u00e1rio<\/td><td>Chave da quest\u00e3o, resumo, data de vencimento, liga\u00e7\u00f5es<\/td><td>Exporta\u00e7\u00e3o ou integra\u00e7\u00e3o de API<\/td><\/tr><tr><td><strong>Excel\/CSV<\/strong><\/td><td>Geral<\/td><td>\u2705 Prim\u00e1rio<\/td><td>Campos personalizados mapeados para requisitos de Gantt<\/td><td>Importa\u00e7\u00e3o direta do PowerBI<\/td><\/tr><tr><td><strong>Asana<\/strong><\/td><td>Asana<\/td><td>\u2705 Secund\u00e1rio<\/td><td>ID da tarefa, nome, data de in\u00edcio, data de vencimento<\/td><td>Exportar como CSV<\/td><\/tr><tr><td><strong>Mesas personalizadas<\/strong><\/td><td>Base de dados<\/td><td>\u2705 Secund\u00e1rio<\/td><td>Esquema definido pelo utilizador correspondente ao modelo de Gantt<\/td><td>Liga\u00e7\u00e3o direta \u00e0 base de dados<\/td><\/tr><\/tbody><\/table><\/figure>\n\n\n\n<p>Este visual abrangente transforma dados de projectos complexos em gr\u00e1ficos de Gantt bonitos e interactivos que mant\u00eam a qualidade profissional e suportam fluxos de trabalho de gest\u00e3o de projectos sofisticados diretamente nos dashboards do PowerBI. As partes interessadas ver\u00e3o finalmente as linhas de tempo do projeto da forma como devem ser apresentadas - claras, interactivas e formatadas profissionalmente.<\/p>","protected":false},"excerpt":{"rendered":"<p>Minimum Requirements | License |\u00a0Features | Zoom &amp; Pan | Filter | Troubleshooting Teams across industries use the LeapLytics Gantt Chart to visualize project timelines, dependencies, milestones, hierarchies, and resource allocations directly inside Power BI. The visual is fast, and built for enterprise-grade reporting. With features such as dynamic zooming, critical path display, customizable timeline &hellip; <\/p>","protected":false},"author":2,"featured_media":0,"parent":0,"menu_order":0,"comment_status":"closed","ping_status":"closed","template":"","meta":{"footnotes":""},"class_list":["post-13813","page","type-page","status-publish","hentry","latest_post"],"_links":{"self":[{"href":"https:\/\/www.leaplytics.de\/pt\/wp-json\/wp\/v2\/pages\/13813","targetHints":{"allow":["GET"]}}],"collection":[{"href":"https:\/\/www.leaplytics.de\/pt\/wp-json\/wp\/v2\/pages"}],"about":[{"href":"https:\/\/www.leaplytics.de\/pt\/wp-json\/wp\/v2\/types\/page"}],"author":[{"embeddable":true,"href":"https:\/\/www.leaplytics.de\/pt\/wp-json\/wp\/v2\/users\/2"}],"replies":[{"embeddable":true,"href":"https:\/\/www.leaplytics.de\/pt\/wp-json\/wp\/v2\/comments?post=13813"}],"version-history":[{"count":124,"href":"https:\/\/www.leaplytics.de\/pt\/wp-json\/wp\/v2\/pages\/13813\/revisions"}],"predecessor-version":[{"id":14246,"href":"https:\/\/www.leaplytics.de\/pt\/wp-json\/wp\/v2\/pages\/13813\/revisions\/14246"}],"wp:attachment":[{"href":"https:\/\/www.leaplytics.de\/pt\/wp-json\/wp\/v2\/media?parent=13813"}],"curies":[{"name":"wp","href":"https:\/\/api.w.org\/{rel}","templated":true}]}}