{"id":14429,"date":"2025-12-19T01:30:35","date_gmt":"2025-12-19T00:30:35","guid":{"rendered":"https:\/\/www.leaplytics.de\/?page_id=14429"},"modified":"2025-12-19T01:30:36","modified_gmt":"2025-12-19T00:30:36","slug":"processamento-de-documentos-financeiros-ai","status":"publish","type":"page","link":"https:\/\/www.leaplytics.de\/pt\/processamento-de-documentos-financeiros-ai\/","title":{"rendered":"Processamento de documentos financeiros IA"},"content":{"rendered":"<h2>IA para processamento de documentos financeiros: Pare de digitar. Comece a analisar.<\/h2>\n\n<p>A sua equipa financeira processa centenas ou milhares de documentos todos os meses. Facturas. Recibos. Extractos banc\u00e1rios. Relat\u00f3rios de despesas. Ordens de compra. Contratos.<\/p>\n<p>Algu\u00e9m tem de ler cada um deles. Extrair os dados. Introduzi-los no seu sistema. Verificar se est\u00e3o corretos. Fazer a correspond\u00eancia com outros documentos. Arquivar corretamente.<\/p>\n<p>Isso n\u00e3o \u00e9 trabalho financeiro. \u00c9 introdu\u00e7\u00e3o de dados. Mas leva horas todos os dias.<\/p>\n<p>A IA l\u00ea documentos mais depressa do que qualquer ser humano. Extrai dados sem gralhas. Nunca se cansa com o documento 473. E trabalha 24 horas por dia, 7 dias por semana.<\/p>\n<p>N\u00e3o se trata de substituir a sua equipa. Trata-se de os libertar do processamento de documentos para que possam fazer o verdadeiro trabalho de contabilidade.<\/p>\n\n\n<hr class=\"wp-block-separator has-alpha-channel-opacity\"\/>\n\n\n\n<h3 class=\"wp-block-heading\">O problema dos documentos em finan\u00e7as<\/h3>\n\n\n<p>Os documentos chegam em todos os formatos imagin\u00e1veis:<\/p>\n<ul>\n<li>Anexos de correio eletr\u00f3nico de centenas de fornecedores diferentes<\/li>\n<li>Documentos em papel digitalizados da sua sala de correio<\/li>\n<li>Fotografias dos recibos dos empregados<\/li>\n<li>PDFs que s\u00e3o efetivamente imagens e n\u00e3o texto pesquis\u00e1vel<\/li>\n<li>Declara\u00e7\u00f5es de v\u00e1rias p\u00e1ginas com quadros e rubricas<\/li>\n<li>Notas manuscritas nas guias de remessa<\/li>\n<\/ul>\n\n<p>Cada fornecedor formata as facturas de forma diferente. Cada banco tem o seu pr\u00f3prio esquema de extrato. Cada empregado fotografa os recibos de um \u00e2ngulo diferente.<\/p>\n<p>A sua equipa tem de tratar de tudo isso. Extrair as informa\u00e7\u00f5es essenciais. Introduzi-la no seu ERP ou sistema de contabilidade. Assegurar-se de que nada passa despercebido.<\/p>\n<p>N\u00e3o \u00e9 um trabalho dif\u00edcil. Apenas consome muito tempo. E quando o volume aumenta, s\u00e3o necess\u00e1rias mais pessoas ou mais horas de trabalho.<\/p>\n\n\n<hr class=\"wp-block-separator has-alpha-channel-opacity\"\/>\n\n\n\n<h3 class=\"wp-block-heading\">O que a IA faz pelo processamento de documentos<\/h3>\n\n\n\n<h4 class=\"wp-block-heading\">L\u00ea qualquer formato de documento<\/h4>\n\n\n<p>A IA n\u00e3o precisa de modelos. N\u00e3o precisa de dados estruturados. Ela l\u00ea:<\/p>\n<ul>\n<li><strong>PDFs:<\/strong> Imagens baseadas em texto e digitalizadas<\/li>\n<li><strong>Imagens:<\/strong> JPEG, PNG, TIFF de qualquer fonte<\/li>\n<li><strong>Emails:<\/strong> Corpo de texto, anexos, assinaturas<\/li>\n<li><strong>Fotos:<\/strong> Mesmo os recibos desfocados dos telem\u00f3veis<\/li>\n<li><strong>Documentos de v\u00e1rias p\u00e1ginas:<\/strong> Declara\u00e7\u00f5es com dezenas de p\u00e1ginas<\/li>\n<\/ul>\n\n<p>Lida com diferentes idiomas. Diferentes moedas. Diferentes formatos de data. Diferentes layouts de documentos.<\/p>\n<p>O seu fornecedor altera o modelo de fatura? A IA adapta-se automaticamente. N\u00e3o \u00e9 necess\u00e1rio reprogramar.<\/p>\n\n\n<h4 class=\"wp-block-heading\">Extrai exatamente o que precisa<\/h4>\n\n\n<p>Para facturas, a IA extrai:<\/p>\n<ul>\n<li>Nome e endere\u00e7o do fornecedor<\/li>\n<li>N\u00famero e data da fatura<\/li>\n<li>Data de vencimento e condi\u00e7\u00f5es de pagamento<\/li>\n<li>Rubricas com descri\u00e7\u00f5es e montantes<\/li>\n<li>Subtotais, impostos, montante total<\/li>\n<li>N\u00fameros de OP, se referenciados<\/li>\n<li>Dados da conta banc\u00e1ria para pagamento<\/li>\n<\/ul>\n\n<p>Para os recibos, extrai:<\/p>\n<ul>\n<li>Nome e localiza\u00e7\u00e3o do comerciante<\/li>\n<li>Data e hora<\/li>\n<li>Montante total<\/li>\n<li>Montante do imposto<\/li>\n<li>M\u00e9todo de pagamento<\/li>\n<li>Compras discriminadas<\/li>\n<\/ul>\n\n<p>No caso dos extractos banc\u00e1rios, \u00e9 poss\u00edvel:<\/p>\n<ul>\n<li>N\u00famero de conta<\/li>\n<li>Per\u00edodo de declara\u00e7\u00e3o<\/li>\n<li>Saldos iniciais e finais<\/li>\n<li>Todas as transac\u00e7\u00f5es com data, descri\u00e7\u00e3o e montante<\/li>\n<li>Taxas e encargos com juros<\/li>\n<\/ul>\n\n<p>A IA n\u00e3o se limita a encontrar texto. Compreende o significado dos dados. Sabe a diferen\u00e7a entre um n\u00famero de fatura e um n\u00famero de pedido. Entre um subtotal e um total. Entre um d\u00e9bito e um cr\u00e9dito.<\/p>\n\n\n<h4 class=\"wp-block-heading\">Valida os dados automaticamente<\/h4>\n\n\n<p>A IA n\u00e3o se limita a extrair e seguir em frente. Ela verifica:<\/p>\n\n<p><strong>Exatid\u00e3o matem\u00e1tica:<\/strong><br \/>\nOs itens de linha somam o subtotal? O subtotal mais o imposto \u00e9 igual ao total? Se n\u00e3o for, assinala o documento.<\/p>\n\n<p><strong>Correspond\u00eancia de dados mestre:<\/strong><br \/>\nEste fornecedor est\u00e1 no vosso sistema? O endere\u00e7o corresponde? O n\u00famero da conta est\u00e1 correto? Os fornecedores desconhecidos s\u00e3o assinalados para revis\u00e3o.<\/p>\n\n<p><strong>Valida\u00e7\u00e3o de refer\u00eancia:<\/strong><br \/>\nEsse n\u00famero de pedido existe? \u00c9 para este fornecedor? O montante corresponde? As incompatibilidades accionam alertas.<\/p>\n\n<p><strong>Dete\u00e7\u00e3o de duplicados:<\/strong><br \/>\nEsta fatura j\u00e1 foi apresentada anteriormente? O mesmo fornecedor, o mesmo montante, a mesma data? A IA detecta tentativas de pagamento duplicadas.<\/p>\n\n<p><strong>Controlos de razoabilidade:<\/strong><br \/>\nEste montante \u00e9 muito superior ao normal para este fornecedor? A data de vencimento j\u00e1 passou? Alguma coisa parece invulgar? A IA assinala os valores an\u00f3malos.<\/p>\n\n<p>Nada passa sem valida\u00e7\u00e3o. A sua equipa s\u00f3 v\u00ea documentos que passaram em todas as verifica\u00e7\u00f5es ou que necessitam de uma avalia\u00e7\u00e3o humana espec\u00edfica.<\/p>\n\n\n<h4 class=\"wp-block-heading\">Encaminha documentos de forma inteligente<\/h4>\n\n\n<p>Uma vez processados, os documentos t\u00eam de ir para o s\u00edtio certo:<\/p>\n\n<p><strong>Encaminhamento da aprova\u00e7\u00e3o:<\/strong><br \/>\nDespesas de marketing? Vai para o diretor de marketing. Mais de $5,000? Vai para o diretor. Despesas de capital? Vai para o diretor financeiro. A IA conhece a sua matriz de aprova\u00e7\u00e3o.<\/p>\n\n<p><strong>Atribui\u00e7\u00e3o de departamentos:<\/strong><br \/>\nCom base nos c\u00f3digos GL, centros de custo ou conte\u00fado do documento, a IA encaminha para o departamento correto para codifica\u00e7\u00e3o e aprova\u00e7\u00e3o.<\/p>\n\n<p><strong>Tratamento de excep\u00e7\u00f5es:<\/strong><br \/>\nFalha na valida\u00e7\u00e3o? Vai para a fila de especialistas de contas a pagar. Novo fornecedor? Vai para o suprimento. Montante invulgar? Vai para o controlador. Cada tipo de exce\u00e7\u00e3o tem o seu pr\u00f3prio caminho.<\/p>\n\n<p><strong>Classifica\u00e7\u00e3o de prioridades:<\/strong><br \/>\nDesconto por pagamento antecipado? Alta prioridade. Fatura em atraso? Alta prioridade. Condi\u00e7\u00f5es normais de 30 dias? Fila de espera normal. A IA d\u00e1 prioridade ao que interessa.<\/p>\n\n<p>Acabaram-se os documentos parados no correio eletr\u00f3nico de uma pessoa \u00e0 espera de uma triagem manual. Tudo flui automaticamente para onde tem de ir.<\/p>\n\n\n<h4 class=\"wp-block-heading\">Cria trilhas de auditoria automaticamente<\/h4>\n\n\n<p>Para cada documento, a IA regista:<\/p>\n<ul>\n<li>Quando foi recebido<\/li>\n<li>Que dados foram extra\u00eddos<\/li>\n<li>Que valida\u00e7\u00f5es foram efectuadas<\/li>\n<li>O que foi aprovado ou reprovado<\/li>\n<li>Quem analisou as excep\u00e7\u00f5es<\/li>\n<li>Que decis\u00f5es foram tomadas<\/li>\n<li>Quando foi lan\u00e7ado no sistema<\/li>\n<\/ul>\n\n<p>Documenta\u00e7\u00e3o completa. N\u00e3o \u00e9 necess\u00e1rio registo manual. Tudo pronto para revis\u00e3o de auditoria.<\/p>\n\n\n<hr class=\"wp-block-separator has-alpha-channel-opacity\"\/>\n\n\n\n<h3 class=\"wp-block-heading\">O que isto significa para si<\/h3>\n\n\n\n<h4 class=\"wp-block-heading\">Para diretores financeiros e l\u00edderes financeiros<\/h4>\n\n\n<p><strong>Menor custo por transa\u00e7\u00e3o:<\/strong><br \/>\nO processamento manual de uma fatura custa $10-$30, dependendo da complexidade. Com a IA, esse valor desce para $2-$5. \u00c0 escala, este valor aumenta rapidamente.<\/p>\n\n<p><strong>Gerir o crescimento sem aumentar o n\u00famero de efectivos:<\/strong><br \/>\nA sua empresa duplica o volume de transac\u00e7\u00f5es? A IA \u00e9 dimensionada instantaneamente. Sem contrata\u00e7\u00f5es. Sem forma\u00e7\u00e3o. Sem tempo de integra\u00e7\u00e3o.<\/p>\n\n<p><strong>Tempos de ciclo mais r\u00e1pidos:<\/strong><br \/>\nDocumentos processados no pr\u00f3prio dia em vez de ficarem em filas de espera durante dias. Descontos nos pagamentos efectuados mais cedo. Melhor visibilidade do fluxo de caixa.<\/p>\n\n<p><strong>Melhor qualidade dos dados:<\/strong><br \/>\nSem erros de digita\u00e7\u00e3o. N\u00e3o h\u00e1 campos em falta. Sem n\u00fameros transpostos. Dados mais limpos significam melhores relat\u00f3rios e menos correc\u00e7\u00f5es.<\/p>\n\n<p><strong>Visibilidade em tempo real:<\/strong><br \/>\nVeja exatamente o que est\u00e1 em curso. Quantas facturas aguardam aprova\u00e7\u00e3o? Qual \u00e9 a responsabilidade total? Acabou-se o registo em folhas de c\u00e1lculo.<\/p>\n\n\n<h4 class=\"wp-block-heading\">Para equipas AP\/AR<\/h4>\n\n\n<p><strong>Deixar de introduzir dados:<\/strong><br \/>\nChega de digitar a partir de PDFs. Acabou-se a dupla verifica\u00e7\u00e3o de n\u00fameros. A IA trata da extra\u00e7\u00e3o. Voc\u00ea trata das excep\u00e7\u00f5es e das decis\u00f5es.<\/p>\n\n<p><strong>Concentrar-se na resolu\u00e7\u00e3o de problemas:<\/strong><br \/>\nEm vez de processar 50 facturas normais, trata das 5 que necessitam de avalia\u00e7\u00e3o. Disputas com fornecedores. Pedidos de compra em falta. Quest\u00f5es de pre\u00e7os. As coisas interessantes.<\/p>\n\n<p><strong>Menos stress repetitivo:<\/strong><br \/>\nA digita\u00e7\u00e3o de centenas de facturas provoca um verdadeiro esfor\u00e7o f\u00edsico. A IA n\u00e3o fica com t\u00fanel c\u00e1rpico. A sua equipa fica mais saud\u00e1vel.<\/p>\n\n<p><strong>Lidar facilmente com os per\u00edodos de pico:<\/strong><br \/>\nO pico do fim do m\u00eas? Trimestre? A IA n\u00e3o abranda. N\u00e3o s\u00e3o necess\u00e1rias horas extraordin\u00e1rias. N\u00e3o \u00e9 preciso stress para ultrapassar a pilha.<\/p>\n\n<p><strong>Respostas mais r\u00e1pidas dos fornecedores:<\/strong><br \/>\n\"Onde est\u00e1 o meu pagamento?\" Pode responder instantaneamente porque tudo est\u00e1 no sistema. Nada de procurar no correio eletr\u00f3nico ou em pilhas de papel.<\/p>\n\n\n<h4 class=\"wp-block-heading\">Para toda a empresa<\/h4>\n\n\n<p><strong>Menos penaliza\u00e7\u00f5es por atraso nos pagamentos:<\/strong><br \/>\nDocumentos processados mais rapidamente significam pagamentos efectuados a tempo. Acabaram-se as taxas de atraso $50 porque uma fatura ficou no correio eletr\u00f3nico durante uma semana.<\/p>\n\n<p><strong>Mais descontos para pagamentos antecipados:<\/strong><br \/>\nOs termos \"2\/10 l\u00edquido 30\" significam poupan\u00e7as reais. A IA processa com rapidez suficiente para captar efetivamente esses descontos.<\/p>\n\n<p><strong>Melhores rela\u00e7\u00f5es com os fornecedores:<\/strong><br \/>\nUm processamento consistente e atempado torna-o um melhor cliente. Os fornecedores apreciam a previsibilidade.<\/p>\n\n<p><strong>Reembolsos mais r\u00e1pidos aos empregados:<\/strong><br \/>\nRelat\u00f3rios de despesas processados em dias, n\u00e3o em semanas. Funcion\u00e1rios mais felizes por n\u00e3o estarem \u00e0 espera do seu dinheiro.<\/p>\n\n\n<hr class=\"wp-block-separator has-alpha-channel-opacity\"\/>\n\n\n\n<h3 class=\"wp-block-heading\">Cen\u00e1rios comuns de processamento de documentos<\/h3>\n\n\n\n<h4 class=\"wp-block-heading\">Processamento de facturas<\/h4>\n\n\n<p>A fatura chega por correio eletr\u00f3nico. A IA:<\/p>\n<ol>\n<li>Extrai todos os dados das facturas em segundos<\/li>\n<li>Verifica o fornecedor em rela\u00e7\u00e3o \u00e0 lista mestre<\/li>\n<li>Corresponde ao PO se existir um<\/li>\n<li>Valida montantes e c\u00e1lculos<\/li>\n<li>Encaminhamentos para aprova\u00e7\u00e3o com base no montante e no departamento<\/li>\n<li>Cria uma entrada AP no seu sistema<\/li>\n<li>Notifica o autorizador atrav\u00e9s do seu m\u00e9todo preferido<\/li>\n<\/ol>\n\n<p>Tempo total: Menos de um minuto. Envolvimento humano: Apenas decis\u00e3o de aprova\u00e7\u00e3o.<\/p>\n\n\n<h4 class=\"wp-block-heading\">Processamento de relat\u00f3rios de despesas<\/h4>\n\n\n<p>O empregado apresenta um relat\u00f3rio de despesas com 12 recibos. A IA:<\/p>\n<ol>\n<li>L\u00ea todos os recibos, incluindo fotografias de papel amachucado<\/li>\n<li>Extrai o comerciante, a data e o montante de cada<\/li>\n<li>Verifica\u00e7\u00f5es em rela\u00e7\u00e3o \u00e0 pol\u00edtica da empresa (limites de montante, categorias permitidas)<\/li>\n<li>Assinala quaisquer itens fora da pol\u00edtica<\/li>\n<li>Preenche automaticamente o relat\u00f3rio de despesas<\/li>\n<li>Encaminhamento para o gestor para aprova\u00e7\u00e3o<\/li>\n<li>Filas de espera para pagamento de reembolsos<\/li>\n<\/ol>\n\n<p>O empregado n\u00e3o escreve nada. O gestor v\u00ea um resumo simples com todos os recibos anexados. O reembolso \u00e9 mais r\u00e1pido.<\/p>\n\n\n<h4 class=\"wp-block-heading\">Reconcilia\u00e7\u00e3o de extractos<\/h4>\n\n\n<p>Chegou o extrato banc\u00e1rio mensal. A IA:<\/p>\n<ol>\n<li>Extrai todas as transac\u00e7\u00f5es do extrato<\/li>\n<li>Corresponde a transac\u00e7\u00f5es no seu sistema<\/li>\n<li>Identifica itens sem correspond\u00eancia em ambos os lados<\/li>\n<li>Assinala transac\u00e7\u00f5es pouco habituais (montantes elevados, benefici\u00e1rios desconhecidos)<\/li>\n<li>Cria um relat\u00f3rio de reconcilia\u00e7\u00e3o que mostra o que corresponde e o que n\u00e3o corresponde<\/li>\n<li>Apresenta excep\u00e7\u00f5es para revis\u00e3o humana<\/li>\n<\/ol>\n\n<p>O que antes demorava horas, agora demora minutos. A sua equipa concentra-se apenas nos itens que n\u00e3o correspondem automaticamente.<\/p>\n\n\n<hr class=\"wp-block-separator has-alpha-channel-opacity\"\/>\n\n\n\n<h3 class=\"wp-block-heading\">O que a IA n\u00e3o pode fazer<\/h3>\n\n\n<p>Sejamos honestos quanto \u00e0s limita\u00e7\u00f5es:<\/p>\n\n<p><strong>N\u00e3o consegue lidar com situa\u00e7\u00f5es verdadeiramente \u00fanicas:<\/strong><br \/>\nFacturas normais? Perfeito. Mas aquele acordo de licenciamento \u00fanico com condi\u00e7\u00f5es de pagamento invulgares? Ainda precisa de uma revis\u00e3o humana.<\/p>\n\n<p><strong>N\u00e3o pode fazer ju\u00edzos de valor:<\/strong><br \/>\nDevemos pagar esta fatura contestada? Vale a pena manter esta rela\u00e7\u00e3o com o fornecedor? Estas s\u00e3o decis\u00f5es comerciais, n\u00e3o decis\u00f5es de processamento.<\/p>\n\n<p><strong>N\u00e3o consegue ler documentos completamente destru\u00eddos:<\/strong><br \/>\nSe um humano n\u00e3o consegue decifrar os n\u00fameros, a IA tamb\u00e9m n\u00e3o consegue. Os documentos muito danificados continuam a necessitar de interven\u00e7\u00e3o humana.<\/p>\n\n<p><strong>N\u00e3o consegue lidar com acordos verbais:<\/strong><br \/>\n\"Eu disse-lhes que pag\u00e1vamos at\u00e9 sexta-feira\" s\u00f3 interessa se estiver documentado. A IA trabalha com o que est\u00e1 escrito, n\u00e3o com o que foi dito.<\/p>\n\n<p><strong>Necessita de dados claros para a extra\u00e7\u00e3o:<\/strong><br \/>\nSe faltarem informa\u00e7\u00f5es cr\u00edticas no documento, a IA assinala o facto, mas n\u00e3o consegue inventar os dados. Algu\u00e9m ainda tem de encontrar o n\u00famero de fatura em falta.<\/p>\n\n<p>A IA lida com o processamento de rotina de forma brilhante. Tudo o resto continua a necessitar dos conhecimentos da sua equipa.<\/p>\n\n\n<hr class=\"wp-block-separator has-alpha-channel-opacity\"\/>\n\n\n\n<h3 class=\"wp-block-heading\">Come\u00e7ar a trabalhar<\/h3>\n\n\n<p>A IA para processamento de documentos funciona melhor quando se come\u00e7a a concentrar:<\/p>\n\n<p><strong>Escolha primeiro um tipo de documento:<\/strong><br \/>\nN\u00e3o tente automatizar tudo de uma vez. Comece pelo tipo de documento de maior volume. Normalmente, facturas ou recibos de despesas.<\/p>\n\n<p><strong>Comece com os seus dados mais limpos:<\/strong><br \/>\nOs fornecedores principais com formata\u00e7\u00e3o consistente s\u00e3o os mais f\u00e1ceis. Comece por ganhar, depois passe para documentos mais vari\u00e1veis.<\/p>\n\n<p><strong>Manter os humanos informados inicialmente:<\/strong><br \/>\nDeixe a IA processar, mas pe\u00e7a \u00e0 sua equipa para rever tudo primeiro. Crie confian\u00e7a no sistema. Ajuste as regras de valida\u00e7\u00e3o.<\/p>\n\n<p><strong>Medir a poupan\u00e7a de tempo:<\/strong><br \/>\nMonitorizar o tempo de processamento antes e depois. Medir as taxas de erro. Documentar a melhoria. Isto prova o valor.<\/p>\n\n<p><strong>Expandir gradualmente:<\/strong><br \/>\nQuando um tipo de documento funcionar bem, adicione outro. Desenvolva as suas capacidades de processamento autom\u00e1tico ao longo do tempo.<\/p>\n\n<p>N\u00e3o se trata de tudo ou nada. Pode come\u00e7ar em pequena escala, provar o valor e depois aumentar a escala.<\/p>\n\n\n<hr class=\"wp-block-separator has-alpha-channel-opacity\"\/>\n\n\n\n<h3 class=\"wp-block-heading\">Pronto para deixar de processar documentos manualmente?<\/h3>\n\n\n<p>Cada departamento financeiro tem diferentes volumes de documentos, formatos e fluxos de trabalho. As solu\u00e7\u00f5es padronizadas n\u00e3o funcionam.<\/p>\n<p>Analisamos os seus documentos actuais. Os seus sistemas. Os seus processos de aprova\u00e7\u00e3o. As suas necessidades de tratamento de excep\u00e7\u00f5es.<\/p>\n<p>Depois, criamos um processamento de documentos com IA que se adapta \u00e0 sua forma de trabalhar. N\u00e3o a teoria. N\u00e3o modelos gen\u00e9ricos. Os seus fluxos de trabalho espec\u00edficos.<\/p>\n<p>Come\u00e7amos com pouco. Provamos que funciona. Depois expandimos. Sem grandes investimentos iniciais. Sem interrup\u00e7\u00f5es nas opera\u00e7\u00f5es em curso.<\/p>\n\n<p><strong><a href=\"https:\/\/www.leaplytics.de\/pt\/contacto\/\">Fale connosco sobre o seu processamento de documentos<\/a><\/strong><\/p>\n\n<p><a href=\"https:\/\/www.leaplytics.de\/pt\/financas-ai\/\">Voltar \u00e0 vis\u00e3o geral da IA financeira<\/a><\/p>","protected":false},"excerpt":{"rendered":"<p>AI for Financial Document Processing: Stop Typing. Start Analyzing. Your finance team processes hundreds or thousands of documents every month. Invoices. Receipts. Bank statements. Expense reports. Purchase orders. Contracts. Someone has to read every one. Extract the data. Type it into your system. Check it&#8217;s correct. Match it to other documents. File it properly. That&#8217;s &hellip; <\/p>","protected":false},"author":2,"featured_media":0,"parent":0,"menu_order":0,"comment_status":"closed","ping_status":"closed","template":"","meta":{"footnotes":""},"class_list":["post-14429","page","type-page","status-publish","hentry","latest_post"],"_links":{"self":[{"href":"https:\/\/www.leaplytics.de\/pt\/wp-json\/wp\/v2\/pages\/14429","targetHints":{"allow":["GET"]}}],"collection":[{"href":"https:\/\/www.leaplytics.de\/pt\/wp-json\/wp\/v2\/pages"}],"about":[{"href":"https:\/\/www.leaplytics.de\/pt\/wp-json\/wp\/v2\/types\/page"}],"author":[{"embeddable":true,"href":"https:\/\/www.leaplytics.de\/pt\/wp-json\/wp\/v2\/users\/2"}],"replies":[{"embeddable":true,"href":"https:\/\/www.leaplytics.de\/pt\/wp-json\/wp\/v2\/comments?post=14429"}],"version-history":[{"count":1,"href":"https:\/\/www.leaplytics.de\/pt\/wp-json\/wp\/v2\/pages\/14429\/revisions"}],"predecessor-version":[{"id":14430,"href":"https:\/\/www.leaplytics.de\/pt\/wp-json\/wp\/v2\/pages\/14429\/revisions\/14430"}],"wp:attachment":[{"href":"https:\/\/www.leaplytics.de\/pt\/wp-json\/wp\/v2\/media?parent=14429"}],"curies":[{"name":"wp","href":"https:\/\/api.w.org\/{rel}","templated":true}]}}