{"id":14443,"date":"2025-12-19T01:44:54","date_gmt":"2025-12-19T00:44:54","guid":{"rendered":"https:\/\/www.leaplytics.de\/?page_id=14443"},"modified":"2025-12-19T01:44:55","modified_gmt":"2025-12-19T00:44:55","slug":"gestao-do-desempenho-analitica-ai","status":"publish","type":"page","link":"https:\/\/www.leaplytics.de\/pt\/gestao-do-desempenho-analitica-ai\/","title":{"rendered":"Gest\u00e3o do desempenho e an\u00e1lise IA"},"content":{"rendered":"<h2>IA para gest\u00e3o e an\u00e1lise do desempenho: Ver os problemas antes de se tornarem crises<\/h2>\n\n<p>As avalia\u00e7\u00f5es de desempenho ocorrem uma ou duas vezes por ano. Nessa altura, os problemas j\u00e1 se arrastam h\u00e1 meses. Os bons empregados j\u00e1 t\u00eam um p\u00e9 fora da porta. As lacunas de compet\u00eancias t\u00eam vindo a atrasar os projectos h\u00e1 v\u00e1rios trimestres.<\/p>\n<p>O processo de revis\u00e3o em si \u00e9 doloroso. Recolher feedback de cinco pessoas. Ler as p\u00e1ginas de coment\u00e1rios. Tentar encontrar temas. Escrever um resumo. Marcar a reuni\u00e3o. Repetir para cada membro da equipa.<\/p>\n<p>Os gestores detestam-no. Os trabalhadores n\u00e3o confiam nela. Os RH passam semanas a perseguir as pessoas para completarem as avalia\u00e7\u00f5es. E o valor real - ajudar as pessoas a melhorar - perde-se na carga administrativa.<\/p>\n<p>A IA altera esta situa\u00e7\u00e3o. Analisa o feedback em tempo real e n\u00e3o uma vez por ano. Detecta padr\u00f5es nos dados de desempenho. Identifica lacunas de compet\u00eancias antes de estas se tornarem problemas. Prev\u00ea os riscos de reten\u00e7\u00e3o antes de as pessoas se despedirem.<\/p>\n<p>A gest\u00e3o do desempenho torna-se cont\u00ednua, baseada em dados e efetivamente \u00fatil. N\u00e3o \u00e9 um ritual anual temido.<\/p>\n\n\n<hr class=\"wp-block-separator has-alpha-channel-opacity\"\/>\n\n\n\n<h3 class=\"wp-block-heading\">Porque \u00e9 que a gest\u00e3o do desempenho n\u00e3o funciona atualmente?<\/h3>\n\n\n<p>Toda a gente sabe que as avalia\u00e7\u00f5es de desempenho est\u00e3o estragadas. As empresas fazem-nas na mesma porque precisam de alguma coisa.<\/p>\n<p>Os problemas s\u00e3o \u00f3bvios. As revis\u00f5es s\u00e3o retrospectivas - quando se est\u00e1 a rever o desempenho do \u00faltimo trimestre, j\u00e1 \u00e9 not\u00edcia velha. Consomem muito tempo - os gestores gastam horas por pessoa, multiplicadas por toda a equipa. S\u00e3o subjectivas - diferentes gestores avaliam de forma diferente, criando inconsist\u00eancias.<\/p>\n<p>E s\u00e3o pouco frequentes. As revis\u00f5es anuais significam que os problemas s\u00e3o detectados com 6 a 12 meses de atraso. Algu\u00e9m est\u00e1 a ter dificuldades? N\u00e3o o saber\u00e1 at\u00e9 \u00e0 avalia\u00e7\u00e3o. Algu\u00e9m desmotivado? Quando se apercebe, j\u00e1 est\u00e1 a ser entrevistado noutro lado.<\/p>\n<p>A recolha de feedback \u00e9 dolorosa. \"Podes enviar as avalia\u00e7\u00f5es dos teus tr\u00eas colegas at\u00e9 sexta-feira?\" Lembretes. Persegui\u00e7\u00e3o. Prorroga\u00e7\u00e3o de prazos. Algumas pessoas escrevem coment\u00e1rios bem pensados. Outras escrevem-no ao telefone. A qualidade varia imenso.<\/p>\n<p>Depois, algu\u00e9m tem de dar sentido a tudo isto. Ler todos os coment\u00e1rios. Identificar os temas. Quais s\u00e3o os verdadeiros problemas? O que \u00e9 apenas ru\u00eddo? Que feedback \u00e9 contradit\u00f3rio? Isto leva horas por empregado.<\/p>\n<p>Quando chega a altura da revis\u00e3o, os gestores est\u00e3o exaustos. Os empregados est\u00e3o ansiosos. E, muitas vezes, a conversa n\u00e3o conduz a mudan\u00e7as significativas porque \u00e9 demasiada informa\u00e7\u00e3o entregue demasiado tarde.<\/p>\n<p>Isto n\u00e3o se deve ao facto de as pessoas n\u00e3o se preocuparem. \u00c9 porque o processo \u00e9 fundamentalmente manual, infrequente e retrospetivo. A IA resolve os tr\u00eas problemas.<\/p>\n\n\n<hr class=\"wp-block-separator has-alpha-channel-opacity\"\/>\n\n\n\n<h3 class=\"wp-block-heading\">O que a IA faz pela gest\u00e3o do desempenho<\/h3>\n\n\n<p>A IA n\u00e3o substitui os gestores na gest\u00e3o do desempenho. D\u00e1-lhes melhores informa\u00e7\u00f5es mais rapidamente para que possam ajudar as suas equipas. Eis como.<\/p>\n\n\n<h4 class=\"wp-block-heading\">An\u00e1lise de feedback que encontra padr\u00f5es reais<\/h4>\n\n\n<p>As avalia\u00e7\u00f5es 360 recolhem feedback de v\u00e1rias pessoas. Gestor. Pares. Por vezes, os subordinados diretos. Cada pessoa escreve par\u00e1grafos de coment\u00e1rios.<\/p>\n<p>Ler tudo isto \u00e9 aborrecido. E detetar padr\u00f5es? Ainda mais dif\u00edcil. Uma pessoa menciona vagamente \"problemas de comunica\u00e7\u00e3o\". Outra diz que \"por vezes n\u00e3o se liga \u00e0 equipa\". Outra nota que \"ocasionalmente descobrimos as coisas tarde\". Estar\u00e3o estes problemas relacionados? O mesmo problema? Problemas diferentes?<\/p>\n<p>A IA l\u00ea todos os coment\u00e1rios. Identifica automaticamente os temas.<\/p>\n<p>\"Comunica\u00e7\u00e3o\" aparece em quatro avalia\u00e7\u00f5es. A IA agrupa-as. V\u00ea que tr\u00eas pessoas mencionam especificamente a \"calendariza\u00e7\u00e3o das actualiza\u00e7\u00f5es\" e duas mencionam o \"n\u00edvel de detalhe\". O padr\u00e3o \u00e9 claro: esta pessoa precisa de comunicar as actualiza\u00e7\u00f5es do projeto de forma mais proactiva.<\/p>\n<p>Ou os spots de IA: cinco pessoas elogiam as \"compet\u00eancias t\u00e9cnicas\", mas tr\u00eas mencionam que \"poderia ser mais colaborativo\". O tema: forte colaborador individual, precisa de desenvolver o trabalho em equipa.<\/p>\n<p>A IA n\u00e3o escreve a avalia\u00e7\u00e3o por si. Mas d\u00e1-lhe padr\u00f5es claros para que n\u00e3o esteja a ler 10 p\u00e1ginas de coment\u00e1rios a tentar encontrar temas manualmente.<\/p>\n<p>Isto tamb\u00e9m se aplica a toda a organiza\u00e7\u00e3o. Algumas equipas recebem constantemente feedback sobre o volume de trabalho? Isso \u00e9 um problema de recursos. Os novos gestores est\u00e3o constantemente a ter dificuldades em delegar tarefas? Isso \u00e9 uma necessidade de forma\u00e7\u00e3o.<\/p>\n<p>Padr\u00f5es que levariam semanas de an\u00e1lise para serem detectados manualmente? A IA encontra-os imediatamente.<\/p>\n\n\n<h4 class=\"wp-block-heading\">Identifica\u00e7\u00e3o de lacunas de compet\u00eancias<\/h4>\n\n\n<p>A sua equipa precisa de determinadas compet\u00eancias. Para as suas fun\u00e7\u00f5es actuais. Para os projectos futuros. Para o rumo que a empresa est\u00e1 a tomar.<\/p>\n<p>Quem possui essas compet\u00eancias? Quem precisa de ser desenvolvido? Normalmente, trata-se de um trabalho de adivinha\u00e7\u00e3o. Os gestores t\u00eam intui\u00e7\u00f5es. Os RH sabem algumas coisas. Mas visibilidade total? Raramente.<\/p>\n<p>A IA analisa os dados de compet\u00eancias em toda a sua organiza\u00e7\u00e3o.<\/p>\n<p>Analisa os requisitos do posto de trabalho. Feedback do desempenho. Conclus\u00e3o da forma\u00e7\u00e3o. Atribui\u00e7\u00f5es de projectos. Auto-avalia\u00e7\u00f5es. Avalia\u00e7\u00f5es dos gestores. Todos os dados que j\u00e1 possui, apenas dispersos pelos sistemas.<\/p>\n<p>Identifica as lacunas: \"A sua equipa de an\u00e1lise tem fortes compet\u00eancias em SQL, mas pouca experi\u00eancia em Python. Tr\u00eas projectos futuros requerem Python. Isto \u00e9 um risco\".<\/p>\n<p>Ou: \"Cinco engenheiros seniores s\u00e3o eleg\u00edveis para fun\u00e7\u00f5es de gest\u00e3o, mas apenas dois conclu\u00edram qualquer forma\u00e7\u00e3o em lideran\u00e7a. Isto cria uma lacuna no planeamento da sucess\u00e3o.\"<\/p>\n<p>Ou: \"O feedback dos clientes menciona repetidamente \"tempos de resposta lentos\". A an\u00e1lise mostra que a sua equipa de apoio n\u00e3o recebeu forma\u00e7\u00e3o sobre o novo sistema de emiss\u00e3o de bilhetes. Isso explica o problema\".<\/p>\n<p>A IA liga os pontos que os humanos n\u00e3o conseguem ver em centenas de funcion\u00e1rios. Detecta as lacunas antes que estas causem problemas. E f\u00e1-lo continuamente, n\u00e3o uma vez por ano.<\/p>\n<p>Agora pode direcionar o desenvolvimento para onde \u00e9 importante. N\u00e3o \u00e9 uma forma\u00e7\u00e3o gen\u00e9rica que toda a gente ignora. Compet\u00eancias espec\u00edficas que ajudar\u00e3o efetivamente pessoas espec\u00edficas a fazer melhor o seu trabalho.<\/p>\n\n\n<h4 class=\"wp-block-heading\">Previs\u00e3o de risco de reten\u00e7\u00e3o<\/h4>\n\n\n<p>As pessoas n\u00e3o desistem do nada. H\u00e1 sinais. Normalmente subtis. Normalmente vis\u00edveis apenas em retrospetiva.<\/p>\n<p>O empenhamento diminui. A participa\u00e7\u00e3o nas reuni\u00f5es diminui. O feedback torna-se menos pormenorizado. As reuni\u00f5es individuais s\u00e3o adiadas. O desempenho mant\u00e9m-se aceit\u00e1vel, mas o entusiasmo desvanece-se.<\/p>\n<p>Quando os gestores se apercebem, a pessoa j\u00e1 tem outra oferta. A entrevista de sa\u00edda revela que a pessoa est\u00e1 infeliz h\u00e1 meses. \"Porque \u00e9 que ningu\u00e9m falou comigo?\"<\/p>\n<p>A IA detecta estes padr\u00f5es precocemente.<\/p>\n<p>Monitoriza os sinais de envolvimento. Tend\u00eancia de diminui\u00e7\u00e3o das respostas aos inqu\u00e9ritos. Menos perguntas nas reuni\u00f5es. Diminui\u00e7\u00e3o das revis\u00f5es de c\u00f3digo ou da colabora\u00e7\u00e3o. Aumento do uso de PTO. Mudan\u00e7a nos padr\u00f5es de comunica\u00e7\u00e3o.<\/p>\n<p>Individualmente, n\u00e3o significam nada. Juntos, formam um padr\u00e3o. A IA detecta-o e assinala-o: \"O risco de reten\u00e7\u00e3o para este colaborador aumentou. Recomendamos que o gerente fa\u00e7a um check-in\".<\/p>\n<p>N\u00e3o porque a IA sabe que a pessoa est\u00e1 \u00e0 procura de emprego. Mas porque o padr\u00e3o corresponde a pessoas que j\u00e1 sa\u00edram no passado. \u00c9 um aviso para prestar aten\u00e7\u00e3o antes que seja demasiado tarde.<\/p>\n<p>Os gestores podem ent\u00e3o ter conversas reais. \"Como est\u00e3o a correr as coisas? Como \u00e9 que o posso apoiar melhor?\" Com anteced\u00eancia suficiente para que os problemas ainda possam ser resolvidos.<\/p>\n<p>Isto n\u00e3o evita toda a rotatividade - por vezes, as pessoas saem por raz\u00f5es que n\u00e3o se podem controlar. Mas evita que se percam pessoas porque ningu\u00e9m se apercebeu que estavam com dificuldades at\u00e9 \u00e0 carta de demiss\u00e3o.<\/p>\n\n\n<h4 class=\"wp-block-heading\">Avalia\u00e7\u00e3o do desempenho Gera\u00e7\u00e3o de projectos<\/h4>\n\n\n<p>A reda\u00e7\u00e3o das avalia\u00e7\u00f5es de desempenho demora uma eternidade. Os gestores procrastinam. Os RH prolongam os prazos. A qualidade \u00e9 prejudicada porque as pessoas se apressam.<\/p>\n<p>A IA redige a revis\u00e3o com base nos dados dispon\u00edveis. Feedback recolhido. Objectivos e progressos. M\u00e9tricas de desempenho. Realiza\u00e7\u00f5es recentes. \u00c1reas de desenvolvimento identificadas.<\/p>\n<p>Gera um projeto estruturado: \"\u00c1reas de for\u00e7a: [resumo do feedback positivo com exemplos]. \u00c1reas de desenvolvimento: [resumo do feedback construtivo com padr\u00f5es]. Progresso nos objectivos: [estado de cada objetivo]. \u00c1reas de concentra\u00e7\u00e3o recomendadas: [sugest\u00f5es de desenvolvimento].\"<\/p>\n<p>O gestor rev\u00ea-o. Acrescenta observa\u00e7\u00f5es pessoais. Ajusta o tom. Inclui contexto que a IA n\u00e3o poderia saber. Torna-o pessoal.<\/p>\n<p>Mas o trabalho pesado - sintetizar todo o feedback e os dados - est\u00e1 feito. O que demorava 2 horas, agora demora 30 minutos. E a qualidade \u00e9 muitas vezes melhor porque n\u00e3o se perde nada.<\/p>\n<p>Isto n\u00e3o \u00e9 a IA a escrever cr\u00edticas. \u00c9 a IA a fazer a s\u00edntese entediante para que os gestores se possam concentrar na conversa real com o membro da sua equipa.<\/p>\n\n\n<h4 class=\"wp-block-heading\">Acompanhamento de objectivos que mant\u00e9m o desempenho vis\u00edvel<\/h4>\n\n\n<p>Os objectivos s\u00e3o definidos em janeiro. Em mar\u00e7o, s\u00e3o esquecidos. Em dezembro, as pessoas esfor\u00e7am-se por se lembrarem do que era suposto alcan\u00e7arem.<\/p>\n<p>A IA mant\u00e9m os objectivos vis\u00edveis e controlados continuamente.<\/p>\n<p>Recorda os objectivos aos empregados e gestores. Acompanha o progresso com base em actualiza\u00e7\u00f5es. Assinala os objectivos que n\u00e3o est\u00e3o a ser cumpridos: \"Este objetivo n\u00e3o mostra qualquer progresso em 6 semanas. \u00c9 necess\u00e1ria uma atualiza\u00e7\u00e3o do estado?\"<\/p>\n<p>Liga os objectivos ao trabalho real. Se o objetivo de algu\u00e9m \u00e9 \"melhorar a satisfa\u00e7\u00e3o do cliente\" e as pontua\u00e7\u00f5es dos inqu\u00e9ritos aos clientes s\u00e3o monitorizadas, a IA pode mostrar automaticamente os progressos.<\/p>\n<p>Sugere ajustamentos. \"Este objetivo \u00e9 constantemente marcado como bloqueado devido a restri\u00e7\u00f5es de recursos. Dever\u00e1 ser revisto ou aumentado?\"<\/p>\n<p>A gest\u00e3o do desempenho torna-se cont\u00ednua. N\u00e3o \u00e9 uma surpresa anual. Visibilidade permanente do desempenho das pessoas e das \u00e1reas que necessitam de apoio.<\/p>\n\n\n<hr class=\"wp-block-separator has-alpha-channel-opacity\"\/>\n\n\n\n<h3 class=\"wp-block-heading\">O que isto significa para si<\/h3>\n\n\n\n<h4 class=\"wp-block-heading\">Para diretores de RH e l\u00edderes de pessoal<\/h4>\n\n\n<ul>\n<li><strong>Decis\u00f5es de talento baseadas em dados.<\/strong> N\u00e3o \u00e9 uma intui\u00e7\u00e3o. Padr\u00f5es reais de desempenho, compet\u00eancias e envolvimento.<\/li>\n<li><strong>Alerta precoce sobre a reten\u00e7\u00e3o.<\/strong> Detetar riscos de voo antes que as pessoas desistam. \u00c9 altura de resolver os problemas enquanto podem ser resolvidos.<\/li>\n<li><strong>Programas de desenvolvimento que abordam lacunas reais.<\/strong> N\u00e3o \u00e9 uma forma\u00e7\u00e3o gen\u00e9rica. Desenvolvimento direcionado para onde \u00e9 realmente necess\u00e1rio.<\/li>\n<li><strong>Visibilidade em toda a organiza\u00e7\u00e3o.<\/strong> Que equipas est\u00e3o a prosperar? Quais est\u00e3o a ter dificuldades? Onde est\u00e3o os problemas sist\u00e9micos? Veja-o claramente.<\/li>\n<li><strong>Melhor planeamento da sucess\u00e3o.<\/strong> Saber quem est\u00e1 pronto para ser promovido. Quem precisa de ser desenvolvido. Onde a for\u00e7a do banco \u00e9 fraca.<\/li>\n<li><strong>Processo de desempenho que as pessoas n\u00e3o odeiam.<\/strong> Menos encargos administrativos. Maior concentra\u00e7\u00e3o no desenvolvimento efetivo. Melhor experi\u00eancia para todos.<\/li>\n<\/ul>\n\n\n<h4 class=\"wp-block-heading\">Para Gestores<\/h4>\n\n\n<ul>\n<li><strong>Menos tempo para a revis\u00e3o da documenta\u00e7\u00e3o.<\/strong> A IA ocupa-se da s\u00edntese. O utilizador concentra-se na conversa e no treino.<\/li>\n<li><strong>Melhor perce\u00e7\u00e3o do desempenho da equipa.<\/strong> Padr\u00f5es claros de feedback. Lacunas de compet\u00eancias vis\u00edveis. Avisos precoces sobre o empenhamento.<\/li>\n<li><strong>Detetar os problemas mais cedo.<\/strong> N\u00e3o espere pela revis\u00e3o anual para descobrir problemas. Veja-os quando ainda s\u00e3o pequenos.<\/li>\n<li><strong>Conversas de desenvolvimento mais significativas.<\/strong> Com base em dados e padr\u00f5es reais e n\u00e3o em impress\u00f5es vagas.<\/li>\n<li><strong>Objectivos que se mant\u00eam vis\u00edveis.<\/strong> N\u00e3o esquecido at\u00e9 ao momento da revis\u00e3o. Acompanhado e ajustado continuamente.<\/li>\n<\/ul>\n\n\n<h4 class=\"wp-block-heading\">Para os trabalhadores<\/h4>\n\n\n<ul>\n<li><strong>Feedback mais claro.<\/strong> N\u00e3o um monte de coment\u00e1rios desorganizados. Temas claros e \u00e1reas espec\u00edficas para trabalhar.<\/li>\n<li><strong>Desenvolvimento alinhado com as necessidades reais.<\/strong> Forma\u00e7\u00e3o que ajuda a colmatar lacunas reais de compet\u00eancias e n\u00e3o cursos gen\u00e9ricos.<\/li>\n<li><strong>Objectivos que se mant\u00eam relevantes.<\/strong> N\u00e3o \u00e9 definido uma vez e esquecido. S\u00e3o monitorizados e ajustados \u00e0 medida que as situa\u00e7\u00f5es mudam.<\/li>\n<li><strong>N\u00e3o h\u00e1 surpresas nas cr\u00edticas.<\/strong> A visibilidade cont\u00ednua significa que sabe qual \u00e9 a sua posi\u00e7\u00e3o e n\u00e3o que a descobre uma vez por ano.<\/li>\n<li><strong>Processo justo.<\/strong> An\u00e1lise consistente em toda a organiza\u00e7\u00e3o. Menos sujeita a preconceitos de gestores individuais.<\/li>\n<\/ul>\n\n\n<hr class=\"wp-block-separator has-alpha-channel-opacity\"\/>\n\n\n\n<h3 class=\"wp-block-heading\">O que a IA n\u00e3o faz<\/h3>\n\n\n<p>Sejamos muito claros quanto aos limites.<\/p>\n<p>A IA n\u00e3o toma decis\u00f5es sobre o desempenho. N\u00e3o decide as promo\u00e7\u00f5es. N\u00e3o determina a indemniza\u00e7\u00e3o. N\u00e3o despede pessoas. N\u00e3o avalia o desempenho.<\/p>\n<p>Trata-se de decis\u00f5es humanas que exigem discernimento, contexto e responsabilidade. Os gestores tomam essas decis\u00f5es. A IA fornece informa\u00e7\u00f5es para os ajudar a tomar melhores decis\u00f5es.<\/p>\n<p>A IA tamb\u00e9m n\u00e3o consegue compreender as nuances como os humanos. V\u00ea padr\u00f5es nos dados. N\u00e3o compreende que o desempenho de algu\u00e9m tenha ca\u00eddo devido a uma crise pessoal, ou que esteja a fazer trabalho extra que n\u00e3o aparece nas m\u00e9tricas.<\/p>\n<p>Os gestores continuam a precisar de ter conversas. Compreender o contexto. Usar o discernimento. Ser humano na gest\u00e3o de pessoas.<\/p>\n<p>A IA facilita essa tarefa, tratando da an\u00e1lise de dados e do trabalho administrativo. Mas n\u00e3o substitui o elemento humano da gest\u00e3o do desempenho.<\/p>\n<p>Al\u00e9m disso, a IA na gest\u00e3o do desempenho requer bons dados. Se o seu feedback n\u00e3o for bom, a an\u00e1lise da IA tamb\u00e9m n\u00e3o ser\u00e1 boa. Se os objectivos n\u00e3o forem controlados, a IA n\u00e3o pode ajudar. Se os sinais de envolvimento n\u00e3o forem captados, a previs\u00e3o da reten\u00e7\u00e3o n\u00e3o funcionar\u00e1.<\/p>\n<p>A IA amplifica o seu processo. Se o seu processo \u00e9 bom, a IA torna-o melhor. Se o seu processo estiver estragado, corrija-o primeiro.<\/p>\n\n\n<hr class=\"wp-block-separator has-alpha-channel-opacity\"\/>\n\n\n\n<h3 class=\"wp-block-heading\">Impacto no mundo real<\/h3>\n\n\n<p>O que \u00e9 que isto significa na pr\u00e1tica?<\/p>\n<p>Uma empresa implementa a IA para a gest\u00e3o do desempenho. Antes: os gestores gastavam 3-4 horas por trabalhador em revis\u00f5es anuais. Depois: 1 hora. S\u00e3o 2-3 horas poupadas por pessoa. Para um gestor com 8 subordinados diretos, s\u00e3o 16-24 horas poupadas por ciclo de avalia\u00e7\u00e3o.<\/p>\n<p>A reten\u00e7\u00e3o melhora. O sistema de alerta precoce detecta as potenciais sa\u00eddas com anteced\u00eancia suficiente para as resolver. Nem todos ficam, mas muitos problemas s\u00e3o resolvidos antes de as pessoas se despedirem.<\/p>\n<p>As despesas de desenvolvimento tornam-se mais eficazes. Em vez de dispersar o or\u00e7amento de forma\u00e7\u00e3o por cursos gen\u00e9ricos, o investimento concentra-se nas lacunas de compet\u00eancias identificadas. A conclus\u00e3o da forma\u00e7\u00e3o aumenta porque \u00e9 efetivamente relevante.<\/p>\n<p>A satisfa\u00e7\u00e3o dos trabalhadores com o processo de desempenho melhora. O feedback \u00e9 mais claro. As avalia\u00e7\u00f5es s\u00e3o menos arbitr\u00e1rias. O desenvolvimento \u00e9 mais significativo.<\/p>\n<p>Isto n\u00e3o \u00e9 te\u00f3rico. \u00c9 o que acontece quando a IA torna a gest\u00e3o do desempenho cont\u00ednua e baseada em dados, em vez de anual e subjectiva.<\/p>\n\n\n<hr class=\"wp-block-separator has-alpha-channel-opacity\"\/>\n\n\n\n<h3 class=\"wp-block-heading\">Come\u00e7ar a trabalhar<\/h3>\n\n\n<p>N\u00e3o precisa de transformar tudo de uma vez. Comece com uma pe\u00e7a.<\/p>\n<p>Para a maioria das empresas, isso \u00e9 a an\u00e1lise do feedback. No pr\u00f3ximo ciclo de avalia\u00e7\u00e3o, fa\u00e7a com que a IA analise o feedback e revele os temas. Veja quanto tempo poupa. Veja se os gestores o consideram \u00fatil.<\/p>\n<p>Ou comece com uma an\u00e1lise das lacunas de compet\u00eancias. Fa\u00e7a um levantamento dos requisitos da sua fun\u00e7\u00e3o e das compet\u00eancias actuais. Veja onde existem lacunas. Utilize isso para direcionar o desenvolvimento.<\/p>\n<p>Ou implementar o acompanhamento de objectivos. Mantenha os objectivos de desempenho vis\u00edveis e controlados continuamente, em vez de os definir e esquecer.<\/p>\n<p>Escolha um elemento. Implemente-o. Me\u00e7a o impacto. Depois, expanda.<\/p>\n<p>A gest\u00e3o do desempenho de cada empresa \u00e9 diferente. O seu processo de avalia\u00e7\u00e3o tem fases espec\u00edficas. A recolha de feedback tem determinados formatos. Os seus dados de desempenho est\u00e3o armazenados em sistemas espec\u00edficos.<\/p>\n<p>\u00c9 por isso que a IA para a gest\u00e3o do desempenho n\u00e3o \u00e9 \"plug-and-play\". Tem de se adaptar ao seu processo atual. Os seus dados actuais. A sua cultura atual.<\/p>\n\n\n<hr class=\"wp-block-separator has-alpha-channel-opacity\"\/>\n\n\n\n<h3 class=\"wp-block-heading\">A linha de fundo<\/h3>\n\n\n<p>A gest\u00e3o do desempenho deveria ajudar as pessoas a melhorar. Em vez disso, tornou-se um fardo administrativo que todos temem.<\/p>\n<p>A IA n\u00e3o substitui o elemento humano da gest\u00e3o do desempenho. Elimina as partes aborrecidas para que os humanos se possam concentrar no que realmente importa - ajudar as pessoas a crescer e a ter sucesso.<\/p>\n<p>O resultado: os gestores passam menos tempo a tratar de papelada e mais tempo a dar forma\u00e7\u00e3o. Os RH detectam os problemas antes de se tornarem crises. Os colaboradores obt\u00eam um feedback mais claro e um melhor desenvolvimento. A organiza\u00e7\u00e3o toma decis\u00f5es mais inteligentes em mat\u00e9ria de talento.<\/p>\n<p>N\u00e3o se trata de um exagero. \u00c9 o que a IA faz pela gest\u00e3o do desempenho quando implementada corretamente.<\/p>\n\n\n<hr class=\"wp-block-separator has-alpha-channel-opacity\"\/>\n\n\n\n<h3 class=\"wp-block-heading\">Pronto para tornar a gest\u00e3o do desempenho realmente \u00fatil?<\/h3>\n\n\n<p>N\u00e3o vendemos IA gen\u00e9rica de gest\u00e3o do desempenho. Analisamos o seu processo espec\u00edfico. Os seus mecanismos de feedback. Os seus sistemas de dados. As suas necessidades.<\/p>\n<p>Depois, criamos uma IA que se adapta \u00e0 forma como gere o desempenho. N\u00e3o um processo idealizado - o seu processo real.<\/p>\n<p>Sem propaganda. Sem exageros. Apenas IA pr\u00e1tica que torna a gest\u00e3o do desempenho menos dolorosa e mais eficaz.<\/p>\n\n<p><a href=\"https:\/\/www.leaplytics.de\/pt\/contacto\/\">Vamos falar sobre os seus desafios de gest\u00e3o do desempenho<\/a><\/p>\n\n<p><a href=\"https:\/\/www.leaplytics.de\/pt\/recursos-humanos-ai\/\">Voltar a Solu\u00e7\u00f5es de IA para RH<\/a><\/p>","protected":false},"excerpt":{"rendered":"<p>AI for Performance Management &#038; Analytics: See Problems Before They Become Crises Performance reviews happen once or twice a year. By then, problems have been festering for months. Good employees already have one foot out the door. Skill gaps have been slowing projects down for quarters. The review process itself is painful. Collect feedback from &hellip; <\/p>","protected":false},"author":2,"featured_media":0,"parent":0,"menu_order":0,"comment_status":"closed","ping_status":"closed","template":"","meta":{"footnotes":""},"class_list":["post-14443","page","type-page","status-publish","hentry","latest_post"],"_links":{"self":[{"href":"https:\/\/www.leaplytics.de\/pt\/wp-json\/wp\/v2\/pages\/14443","targetHints":{"allow":["GET"]}}],"collection":[{"href":"https:\/\/www.leaplytics.de\/pt\/wp-json\/wp\/v2\/pages"}],"about":[{"href":"https:\/\/www.leaplytics.de\/pt\/wp-json\/wp\/v2\/types\/page"}],"author":[{"embeddable":true,"href":"https:\/\/www.leaplytics.de\/pt\/wp-json\/wp\/v2\/users\/2"}],"replies":[{"embeddable":true,"href":"https:\/\/www.leaplytics.de\/pt\/wp-json\/wp\/v2\/comments?post=14443"}],"version-history":[{"count":1,"href":"https:\/\/www.leaplytics.de\/pt\/wp-json\/wp\/v2\/pages\/14443\/revisions"}],"predecessor-version":[{"id":14446,"href":"https:\/\/www.leaplytics.de\/pt\/wp-json\/wp\/v2\/pages\/14443\/revisions\/14446"}],"wp:attachment":[{"href":"https:\/\/www.leaplytics.de\/pt\/wp-json\/wp\/v2\/media?parent=14443"}],"curies":[{"name":"wp","href":"https:\/\/api.w.org\/{rel}","templated":true}]}}