{"id":14459,"date":"2025-12-19T01:50:48","date_gmt":"2025-12-19T00:50:48","guid":{"rendered":"https:\/\/www.leaplytics.de\/?page_id=14459"},"modified":"2025-12-19T01:50:49","modified_gmt":"2025-12-19T00:50:49","slug":"admissao-de-clientes-gestao-de-casos-ai","status":"publish","type":"page","link":"https:\/\/www.leaplytics.de\/pt\/admissao-de-clientes-gestao-de-casos-ai\/","title":{"rendered":"Rece\u00e7\u00e3o de clientes e gest\u00e3o de casos IA"},"content":{"rendered":"<h2>IA para capta\u00e7\u00e3o de clientes e gest\u00e3o de casos: Transforme automaticamente o caos em organiza\u00e7\u00e3o<\/h2>\n\n<p>Est\u00e3o constantemente a chegar novos assuntos. Emails. Chamadas telef\u00f3nicas. Formul\u00e1rios Web. Visitas guiadas. Refer\u00eancias.<\/p>\n<p>Cada um deles precisa de aten\u00e7\u00e3o. Cada uma precisa de ser compreendida, categorizada, priorizada e encaminhada para a pessoa certa.<\/p>\n<p>Quando as coisas est\u00e3o lentas, isto funciona bem. Quando as coisas se tornam agitadas, isto n\u00e3o funciona.<\/p>\n<p>Os pedidos de informa\u00e7\u00e3o ficam sem resposta. As informa\u00e7\u00f5es s\u00e3o dispersas por e-mails e notas. Os potenciais clientes n\u00e3o recebem uma resposta suficientemente r\u00e1pida. V\u00e3o para outro lado.<\/p>\n<p>A IA resolve este problema. L\u00ea todos os inqu\u00e9ritos. Percebe o que est\u00e1 em causa. Estabelece prioridades por urg\u00eancia. Organiza a informa\u00e7\u00e3o. Responde instantaneamente a perguntas de rotina.<\/p>\n<p>A sua equipa concentra-se no trabalho jur\u00eddico e n\u00e3o na triagem e organiza\u00e7\u00e3o. Os clientes obt\u00eam respostas r\u00e1pidas e profissionais desde o primeiro contacto.<\/p>\n\n\n<hr class=\"wp-block-separator has-alpha-channel-opacity\"\/>\n\n\n\n<h3 class=\"wp-block-heading\">O problema da admiss\u00e3o de clientes<\/h3>\n\n\n<p>A admiss\u00e3o de clientes parece simples. Mas n\u00e3o \u00e9.<\/p>\n<p>Cada novo assunto envolve:<\/p>\n<ul>\n<li>Compreender as necessidades do potencial cliente<\/li>\n<li>Determinar se est\u00e1 nas suas \u00e1reas de atividade<\/li>\n<li>Avalia\u00e7\u00e3o da urg\u00eancia (prescri\u00e7\u00e3o, prazos, quest\u00f5es sens\u00edveis ao fator tempo)<\/li>\n<li>Recolha de informa\u00e7\u00f5es de base (partes, cronologia, factos essenciais)<\/li>\n<li>Encaminhamento para o advogado certo<\/li>\n<li>Responder com os pr\u00f3ximos passos ou perguntas iniciais<\/li>\n<li>Marca\u00e7\u00e3o de consultas<\/li>\n<li>Execu\u00e7\u00e3o de controlos de conflitos<\/li>\n<li>Organizar tudo para o advogado que vai tratar do assunto<\/li>\n<\/ul>\n\n<p>Quando os pedidos de informa\u00e7\u00e3o chegam um de cada vez, isto funciona. Quando chegam cinco pedidos de informa\u00e7\u00e3o durante a hora de almo\u00e7o, as coisas descambam.<\/p>\n\n<p>Problemas comuns:<\/p>\n<ul>\n<li>Atrasos na resposta (o cliente j\u00e1 telefonou a outra empresa)<\/li>\n<li>Informa\u00e7\u00e3o dispersa por v\u00e1rios t\u00f3picos de correio eletr\u00f3nico<\/li>\n<li>Urg\u00eancia n\u00e3o reconhecida (prazo ultrapassado)<\/li>\n<li>Pedidos de informa\u00e7\u00e3o encaminhados para o advogado errado (perda de tempo para todos)<\/li>\n<li>Sempre as mesmas perguntas respondidas manualmente<\/li>\n<li>N\u00e3o existe uma vis\u00e3o unificada da conduta de admiss\u00e3o<\/li>\n<\/ul>\n\n<p>Resultado: Clientes perdidos. Funcion\u00e1rios frustrados. Ficheiros de casos desorganizados desde o primeiro dia.<\/p>\n\n\n<hr class=\"wp-block-separator has-alpha-channel-opacity\"\/>\n\n\n\n<h3 class=\"wp-block-heading\">O que a IA faz pela admiss\u00e3o de clientes e pela gest\u00e3o de casos<\/h3>\n\n\n<p>A IA l\u00ea cada pedido de informa\u00e7\u00e3o no momento em que este chega. Compreende a quest\u00e3o. Organiza a informa\u00e7\u00e3o. Responde de forma adequada.<\/p>\n<p>A sua equipa obt\u00e9m ficheiros de processos organizados em vez de e-mails dispersos.<\/p>\n\n\n<h4 class=\"wp-block-heading\">1. Classifica\u00e7\u00e3o autom\u00e1tica de mat\u00e9rias<\/h4>\n\n\n<p>Algu\u00e9m envia um e-mail: \"Fui despedido na semana passada e acho que foi por causa da minha idade. Tenho 58 anos. Pode ajudar-me?\"<\/p>\n\n<p>A IA classifica instantaneamente:<\/p>\n<ul>\n<li>\u00c1rea de atua\u00e7\u00e3o: Direito do Trabalho - Rescis\u00e3o sem justa causa<\/li>\n<li>Sub-categoria: Discrimina\u00e7\u00e3o em raz\u00e3o da idade<\/li>\n<li>Quest\u00f5es relacionadas: Potencial reclama\u00e7\u00e3o da EEOC, preocupa\u00e7\u00f5es com o estatuto de limita\u00e7\u00f5es<\/li>\n<li>Percurso at\u00e9: S\u00f3cio de direito do trabalho<\/li>\n<\/ul>\n\n<p>Outra pessoa envia um e-mail: \"Preciso de ajuda para rever um contrato de arrendamento comercial para o meu restaurante. O senhorio quer que eu assine at\u00e9 sexta-feira.\"<\/p>\n\n<p>A IA classifica:<\/p>\n<ul>\n<li>\u00c1rea de atua\u00e7\u00e3o: Direito Imobili\u00e1rio\/Comercial<\/li>\n<li>Sub-categoria: Revis\u00e3o do contrato de arrendamento<\/li>\n<li>Quest\u00f5es relacionadas: Sens\u00edvel ao fator tempo (prazo de sexta-feira)<\/li>\n<li>Rota para: Advogado de direito imobili\u00e1rio\/empresarial<\/li>\n<\/ul>\n\n<p>Nenhum humano l\u00ea e classifica. Isso acontece automaticamente.<\/p>\n\n\n<h4 class=\"wp-block-heading\">2. Avalia\u00e7\u00e3o da urg\u00eancia<\/h4>\n\n\n<p>Nem todos os pedidos de informa\u00e7\u00e3o s\u00e3o iguais. Alguns precisam de aten\u00e7\u00e3o imediata.<\/p>\n\n<p>A IA assinala a urg\u00eancia com base em:<\/p>\n<ul>\n<li>Mencionar prazos expl\u00edcitos (\"o julgamento \u00e9 no pr\u00f3ximo m\u00eas\", \"assinar at\u00e9 sexta-feira\")<\/li>\n<li>Quest\u00f5es relacionadas com o estatuto de limita\u00e7\u00f5es (\"o acidente foi h\u00e1 2 anos\" - o prazo para os danos pessoais est\u00e1 a aproximar-se)<\/li>\n<li>Quest\u00f5es sens\u00edveis ao fator tempo (ordens de restri\u00e7\u00e3o, despejos, acusa\u00e7\u00f5es criminais)<\/li>\n<li>Quest\u00f5es cr\u00edticas para a atividade (carta de cessa\u00e7\u00e3o de atividade, lit\u00edgio contratual que impede a atividade)<\/li>\n<\/ul>\n\n<p>Os assuntos urgentes s\u00e3o assinalados imediatamente. O advogado correto \u00e9 notificado de imediato.<\/p>\n\n<p>Exemplo de sinaliza\u00e7\u00e3o: \"Alta urg\u00eancia - Potencial quest\u00e3o de estatuto de limita\u00e7\u00f5es. Danos pessoais resultantes de um acidente ocorrido h\u00e1 2,5 anos. Recomenda-se uma consulta imediata.\"<\/p>\n\n\n<h4 class=\"wp-block-heading\">3. Estrutura\u00e7\u00e3o autom\u00e1tica da informa\u00e7\u00e3o<\/h4>\n\n\n<p>Os pedidos de informa\u00e7\u00e3o dos clientes s\u00e3o confusos. Contam a sua hist\u00f3ria em forma de narrativa. Os pormenores importantes est\u00e3o enterrados nos par\u00e1grafos.<\/p>\n\n<p>Extractos e estruturas de IA:<\/p>\n<ul>\n<li>Nome do cliente e informa\u00e7\u00f5es de contacto<\/li>\n<li>Natureza da quest\u00e3o jur\u00eddica<\/li>\n<li>Parte contr\u00e1ria (se aplic\u00e1vel)<\/li>\n<li>Principais datas e calend\u00e1rio<\/li>\n<li>Situa\u00e7\u00e3o atual<\/li>\n<li>Factores de urg\u00eancia<\/li>\n<li>Documentos mencionados ou anexados<\/li>\n<li>Ac\u00e7\u00f5es judiciais anteriores<\/li>\n<\/ul>\n\n<p>O advogado obt\u00e9m um resumo claro em vez de par\u00e1grafos de correio eletr\u00f3nico confusos.<\/p>\n\n<p><strong>Antes:<\/strong> Ler 3 par\u00e1grafos longos de uma mensagem de correio eletr\u00f3nico, tomar notas e organizar a informa\u00e7\u00e3o manualmente.<\/p>\n<p><strong>Depois:<\/strong> Rever o resumo estruturado, ver os principais factos num relance.<\/p>\n\n\n<h4 class=\"wp-block-heading\">4. Respostas imediatas a perguntas comuns<\/h4>\n\n\n<p>Os potenciais clientes fazem repetidamente as mesmas perguntas:<\/p>\n<ul>\n<li>\"Que documentos devo trazer?\"<\/li>\n<li>\"Quanto \u00e9 que cobram?\"<\/li>\n<li>\"Qual \u00e9 a vossa disponibilidade?\"<\/li>\n<li>\"Tratam de [tipo de caso]?\"<\/li>\n<li>\"O que acontece numa consulta?\"<\/li>\n<li>\"Quanto tempo \u00e9 que estes casos demoram?\"<\/li>\n<\/ul>\n\n<p>A IA responde instantaneamente, 24 horas por dia, 7 dias por semana, com as informa\u00e7\u00f5es da sua empresa.<\/p>\n\n<p>Exemplo:<\/p>\n<p><em>Correio eletr\u00f3nico recebido \u00e0s 21 horas: \"Tratam de casos de condu\u00e7\u00e3o sob o efeito do \u00e1lcool? O que devo fazer? Fui detido ontem \u00e0 noite\".<\/em><\/p>\n\n<p>A IA responde imediatamente:<\/p>\n<p>\"Obrigado por contactar a [Nome da Empresa]. Sim, tratamos de casos de condu\u00e7\u00e3o sob o efeito do \u00e1lcool. Medidas imediatas importantes: (1) N\u00e3o discutir o seu caso com ningu\u00e9m, exceto com um advogado, (2) N\u00e3o publicar nas redes sociais, (3) Preservar quaisquer provas (recibos, informa\u00e7\u00f5es de testemunhas, etc.).<\/p>\n<p>Um advogado analisar\u00e1 o seu caso amanh\u00e3 de manh\u00e3. Entretanto, aqui est\u00e3o as informa\u00e7\u00f5es sobre o que esperar: [link].<\/p>\n<p>Um membro da equipa entrar\u00e1 em contacto consigo at\u00e9 \u00e0s 10h de amanh\u00e3 para marcar uma consulta.\"<\/p>\n\n<p>O cliente recebe orienta\u00e7\u00e3o imediata. Sente-se ouvido. N\u00e3o telefona para outra empresa.<\/p>\n\n\n<h4 class=\"wp-block-heading\">5. Vis\u00e3o unificada do caso<\/h4>\n\n\n<p>As informa\u00e7\u00f5es sobre um caso prov\u00eam de v\u00e1rios canais:<\/p>\n<ul>\n<li>Envio inicial de formul\u00e1rio Web<\/li>\n<li>Correio eletr\u00f3nico de acompanhamento com documentos<\/li>\n<li>Notas de chamadas telef\u00f3nicas<\/li>\n<li>Mensagem de texto com informa\u00e7\u00f5es adicionais<\/li>\n<li>Segunda mensagem de correio eletr\u00f3nico com perguntas<\/li>\n<\/ul>\n\n<p>A IA cria um ficheiro de processo unificado. Tudo num s\u00f3 lugar. Cronol\u00f3gico. Organizado. Completo.<\/p>\n\n<p>Quando o advogado analisa o caso, v\u00ea o quadro completo. N\u00e3o \u00e9 preciso andar a vasculhar as mensagens de correio eletr\u00f3nico ou perguntar aos funcion\u00e1rios \"enviaram esses documentos?\"<\/p>\n\n\n<h4 class=\"wp-block-heading\">6. Encaminhamento e atribui\u00e7\u00e3o inteligentes<\/h4>\n\n\n<p>Diferentes advogados tratam de assuntos diferentes. Rotas de IA baseadas em:<\/p>\n<ul>\n<li>Jogo da \u00e1rea de treino<\/li>\n<li>Disponibilidade do advogado<\/li>\n<li>Complexidade do processo (advogado s\u00e9nior vs. j\u00fanior)<\/li>\n<li>Equil\u00edbrio da carga de trabalho<\/li>\n<li>Conflitos de interesses (controlo preliminar)<\/li>\n<\/ul>\n\n<p>O caso certo vai automaticamente para o advogado certo. N\u00e3o h\u00e1 triagem manual por parte dos funcion\u00e1rios.<\/p>\n\n\n<hr class=\"wp-block-separator has-alpha-channel-opacity\"\/>\n\n\n\n<h3 class=\"wp-block-heading\">O que isto significa para si<\/h3>\n\n\n\n<h4 class=\"wp-block-heading\">Para os decisores<\/h4>\n\n\n<p><strong>Maior convers\u00e3o de pedido de informa\u00e7\u00e3o em cliente.<\/strong><br \/>\nOs tempos de resposta r\u00e1pidos s\u00e3o importantes. Quando algu\u00e9m recebe uma resposta imediata e passos claros a seguir, \u00e9 mais prov\u00e1vel que escolha a sua empresa.<\/p>\n\n<p><strong>N\u00e3o h\u00e1 oportunidades perdidas.<\/strong><br \/>\nOs assuntos urgentes s\u00e3o assinalados imediatamente. Os pedidos de informa\u00e7\u00e3o n\u00e3o ficam parados nas caixas de entrada. Todos os potenciais clientes recebem aten\u00e7\u00e3o atempada.<\/p>\n\n<p><strong>Redu\u00e7\u00e3o das despesas administrativas.<\/strong><br \/>\nO pessoal passa menos tempo a classificar e-mails, a responder a chamadas sobre quest\u00f5es b\u00e1sicas e a organizar informa\u00e7\u00f5es. Mais tempo para o trabalho de fundo.<\/p>\n\n<p><strong>Melhor afeta\u00e7\u00e3o dos recursos.<\/strong><br \/>\nOs casos v\u00e3o para o advogado certo desde o in\u00edcio. N\u00e3o se perde tempo com assuntos que n\u00e3o s\u00e3o da compet\u00eancia de algu\u00e9m.<\/p>\n\n\n<h4 class=\"wp-block-heading\">Para os advogados<\/h4>\n\n\n<p><strong>Organiza\u00e7\u00e3o de ficheiros de casos desde o primeiro dia.<\/strong><br \/>\nQuando analisa um novo assunto, toda a informa\u00e7\u00e3o j\u00e1 est\u00e1 estruturada. Concentra-se na an\u00e1lise jur\u00eddica e n\u00e3o na organiza\u00e7\u00e3o de pormenores dispersos.<\/p>\n\n<p><strong>Acabou-se a sobrecarga de correio eletr\u00f3nico.<\/strong><br \/>\nV\u00ea os assuntos que precisam da sua aten\u00e7\u00e3o. As quest\u00f5es de rotina s\u00e3o tratadas. A informa\u00e7\u00e3o \u00e9 pr\u00e9-organizada.<\/p>\n\n<p><strong>Melhores primeiras impress\u00f5es.<\/strong><br \/>\nQuando telefona a um potencial cliente, j\u00e1 tem a imagem completa. Profissional, preparado, eficiente.<\/p>\n\n<p><strong>Mais tempo para o trabalho jur\u00eddico.<\/strong><br \/>\nMenos tempo na log\u00edstica de admiss\u00e3o significa mais tempo para os casos, rela\u00e7\u00f5es com os clientes e desenvolvimento do neg\u00f3cio.<\/p>\n\n\n<h4 class=\"wp-block-heading\">Para potenciais clientes<\/h4>\n\n\n<p><strong>Respostas r\u00e1pidas.<\/strong><br \/>\nSem espera de 24-48 horas para uma resposta inicial. Confirma\u00e7\u00e3o imediata. Pr\u00f3ximos passos claros. Experi\u00eancia profissional desde o primeiro contacto.<\/p>\n\n<p><strong>Disponibilidade 24\/7 para o primeiro contacto.<\/strong><br \/>\nAs emerg\u00eancias jur\u00eddicas n\u00e3o acontecem das 9 \u00e0s 17 horas. A AI responde a qualquer momento, fornece orienta\u00e7\u00e3o inicial e assegura o acompanhamento.<\/p>\n\n<p><strong>Comunica\u00e7\u00e3o clara.<\/strong><br \/>\nNada de \"j\u00e1 voltamos a contact\u00e1-lo\". Informa\u00e7\u00f5es espec\u00edficas sobre o processo, o calend\u00e1rio, os passos seguintes e o que esperar.<\/p>\n\n\n<hr class=\"wp-block-separator has-alpha-channel-opacity\"\/>\n\n\n\n<h3 class=\"wp-block-heading\">Exemplo do mundo real: Admiss\u00e3o de danos pessoais<\/h3>\n\n\n<p>Algu\u00e9m preenche um formul\u00e1rio Web \u00e0s 23 horas de s\u00e1bado:<\/p>\n<p>\"Tive um acidente de via\u00e7\u00e3o h\u00e1 3 semanas. O outro condutor passou um sinal vermelho. Fui \u00e0s urg\u00eancias e estou agora a consultar um m\u00e9dico por causa de dores nas costas. A companhia de seguros ligou-me e quer uma declara\u00e7\u00e3o. N\u00e3o sei o que fazer. Preciso de ajuda.\"<\/p>\n\n<p><strong>Sem IA:<\/strong><\/p>\n<ul>\n<li>O formul\u00e1rio fica na caixa de entrada at\u00e9 segunda-feira de manh\u00e3<\/li>\n<li>A equipa l\u00ea na segunda-feira \u00e0s 9 horas e envia para o advogado do PI<\/li>\n<li>O advogado rev\u00ea a tarde de segunda-feira e pede aos funcion\u00e1rios que telefonem ao cliente<\/li>\n<li>O pessoal tenta contactar o cliente na segunda-feira \u00e0s 16 horas, mas deixa correio de voz<\/li>\n<li>O cliente volta a telefonar na ter\u00e7a-feira e a equipa recolhe mais informa\u00e7\u00f5es<\/li>\n<li>Consulta prevista para quinta-feira<\/li>\n<li>Primeiro contacto para consulta agendada: 5 dias<\/li>\n<li>O cliente contactou 2 outras empresas durante esse per\u00edodo<\/li>\n<\/ul>\n\n<p><strong>Com IA:<\/strong><\/p>\n<ul>\n<li>A IA l\u00ea o formul\u00e1rio imediatamente (23 horas de s\u00e1bado)<\/li>\n<li>Classifica: Danos pessoais - Acidente de via\u00e7\u00e3o, Recente (o estatuto de limita\u00e7\u00f5es n\u00e3o \u00e9 uma quest\u00e3o, mas as novas provas s\u00e3o importantes)<\/li>\n<li>Sinais: Contacto com a companhia de seguros - urgente, o cliente n\u00e3o deve prestar declara\u00e7\u00f5es sem aconselhamento<\/li>\n<li>A IA envia uma resposta imediata: \"Obrigado por nos ter contactado. IMPORTANTE: N\u00e3o preste declara\u00e7\u00f5es \u00e0 companhia de seguros antes de falar com um advogado. Mandaremos algu\u00e9m contact\u00e1-lo na segunda-feira de manh\u00e3. Entretanto, eis o que deve fazer: [orienta\u00e7\u00e3o sobre a documenta\u00e7\u00e3o dos ferimentos, preserva\u00e7\u00e3o de provas, etc.]\"<\/li>\n<li>A IA cria um ficheiro de processo estruturado com todos os pormenores do formul\u00e1rio<\/li>\n<li>A IA encaminha para o advogado PI com sinal de urg\u00eancia<\/li>\n<li>O advogado v\u00ea o caso na segunda-feira \u00e0s 8 horas, telefona diretamente ao cliente \u00e0s 9 horas<\/li>\n<li>Consulta agendada para segunda-feira \u00e0 tarde ou ter\u00e7a-feira de manh\u00e3<\/li>\n<li>Do primeiro contacto \u00e0 consulta marcada: menos de 48 horas<\/li>\n<li>O cliente n\u00e3o telefonou a outras empresas porque se sente bem tratado<\/li>\n<\/ul>\n\n<p>O mesmo caso. Experi\u00eancia do cliente muito diferente. Maior probabilidade de convers\u00e3o em cliente.<\/p>\n\n\n<hr class=\"wp-block-separator has-alpha-channel-opacity\"\/>\n\n\n\n<h3 class=\"wp-block-heading\">O que a IA n\u00e3o faz<\/h3>\n\n\n<p>Sejamos claros quanto \u00e0s limita\u00e7\u00f5es.<\/p>\n\n<p><strong>A IA n\u00e3o presta aconselhamento jur\u00eddico.<\/strong><br \/>\nFornece informa\u00e7\u00f5es gerais e processos da empresa. N\u00e3o analisa situa\u00e7\u00f5es jur\u00eddicas espec\u00edficas nem faz recomenda\u00e7\u00f5es.<\/p>\n\n<p><strong>A IA n\u00e3o substitui os controlos de conflitos.<\/strong><br \/>\nPode assinalar potenciais conflitos com base nos nomes dos partidos, mas um humano tem de efetuar verifica\u00e7\u00f5es de conflitos adequadas antes do envolvimento.<\/p>\n\n<p><strong>A IA n\u00e3o toma decis\u00f5es de aceita\u00e7\u00e3o.<\/strong><br \/>\nOrganiza a informa\u00e7\u00e3o e encaminha os assuntos. O advogado decide se aceita o caso.<\/p>\n\n<p><strong>A IA n\u00e3o lida com conversas sens\u00edveis.<\/strong><br \/>\nOs clientes em dificuldades, as situa\u00e7\u00f5es complexas ou os clientes com necessidades especiais requerem aten\u00e7\u00e3o humana. A IA reconhece quando deve ser aumentada.<\/p>\n\n<p><strong>A IA n\u00e3o substitui a cria\u00e7\u00e3o de rela\u00e7\u00f5es.<\/strong><br \/>\nTrata da log\u00edstica. Os seres humanos criam confian\u00e7a, rela\u00e7\u00f5es e relacionamentos com os clientes.<\/p>\n\n<p>A IA \u00e9 o coordenador de admiss\u00e3o. Os advogados continuam a ser os advogados.<\/p>\n\n\n<hr class=\"wp-block-separator has-alpha-channel-opacity\"\/>\n\n\n\n<h3 class=\"wp-block-heading\">Como come\u00e7ar<\/h3>\n\n\n<p><strong>1. Mapeie o seu processo de admiss\u00e3o.<\/strong><br \/>\nComo \u00e9 que chegam os pedidos de informa\u00e7\u00e3o? Por correio eletr\u00f3nico? Formul\u00e1rios Web? Chamadas telef\u00f3nicas? Mensagens de texto? O que \u00e9 que lhes acontece? Quem trata do qu\u00ea?<\/p>\n\n<p><strong>2. Identificar quest\u00f5es e assuntos comuns.<\/strong><br \/>\nO que \u00e9 que os potenciais clientes perguntam repetidamente? De que informa\u00e7\u00f5es precisam sempre? Que \u00e1reas de atividade s\u00e3o mais comuns?<\/p>\n\n<p><strong>3. Documentar os seus modelos de resposta.<\/strong><br \/>\nComo \u00e9 que responde atualmente aos diferentes pedidos de informa\u00e7\u00e3o? Que informa\u00e7\u00f5es fornece? A IA utiliza isto como base.<\/p>\n\n<p><strong>4. Definir regras de encaminhamento.<\/strong><br \/>\nQue advogado se ocupa de que \u00e1reas de pr\u00e1tica? Como \u00e9 que estabelece as prioridades? Que factores determinam o encaminhamento?<\/p>\n\n<p><strong>5. Comece com um canal de admiss\u00e3o.<\/strong><br \/>\nComece com formul\u00e1rios Web ou correio eletr\u00f3nico. Acrescente outros canais quando o sistema estiver a funcionar bem.<\/p>\n\n<p><strong>6. Monitorizar e aperfei\u00e7oar.<\/strong><br \/>\nRever a forma como a IA classifica e encaminha. Fornecer feedback. O sistema melhora com a utiliza\u00e7\u00e3o.<\/p>\n\n\n<hr class=\"wp-block-separator has-alpha-channel-opacity\"\/>\n\n\n\n<h3 class=\"wp-block-heading\">Perguntas comuns<\/h3>\n\n\n<p><strong>A IA pode responder a pedidos de informa\u00e7\u00e3o por telefone?<\/strong><br \/>\nSim, com integra\u00e7\u00e3o telef\u00f3nica. A IA pode transcrever chamadas, extrair informa\u00e7\u00f5es e at\u00e9 tratar algumas chamadas atrav\u00e9s de IA de voz (embora muitas empresas prefiram um atendimento telef\u00f3nico humano).<\/p>\n\n<p><strong>E se a IA encaminha algo errado?<\/strong><br \/>\nF\u00e1cil de reatribuir. A IA aprende com as correc\u00e7\u00f5es. A precis\u00e3o do encaminhamento melhora com o tempo, \u00e0 medida que o sistema aprende os seus padr\u00f5es.<\/p>\n\n<p><strong>Este sistema funciona com o nosso atual sistema de gest\u00e3o de processos?<\/strong><br \/>\nA maioria dos sistemas de gest\u00e3o de processos jur\u00eddicos tem API. A IA pode integrar-se para criar casos automaticamente com informa\u00e7\u00f5es organizadas.<\/p>\n\n<p><strong>E quanto \u00e0 privacidade dos dados?<\/strong><br \/>\nAs informa\u00e7\u00f5es dos clientes s\u00e3o tratadas com a seguran\u00e7a adequada. O sistema de IA deve ser concebido de acordo com os requisitos legais de confidencialidade.<\/p>\n\n<p><strong>A IA pode gerir controlos de conflitos?<\/strong><br \/>\nA IA pode efetuar verifica\u00e7\u00f5es preliminares (correspond\u00eancia de nomes de partidos), mas as verifica\u00e7\u00f5es exaustivas de conflitos continuam a exigir uma an\u00e1lise humana e pesquisas adequadas na base de dados de conflitos.<\/p>\n\n<p><strong>O que acontece quando a IA n\u00e3o consegue classificar algo?<\/strong><br \/>\nAssinala a necessidade de revis\u00e3o humana. \u00c9 melhor ter um olhar humano do que encaminhar incorretamente.<\/p>\n\n\n<hr class=\"wp-block-separator has-alpha-channel-opacity\"\/>\n\n\n\n<h3 class=\"wp-block-heading\">A linha de fundo<\/h3>\n\n\n<p>A rece\u00e7\u00e3o de clientes n\u00e3o tem de ser ca\u00f3tica.<\/p>\n<p>A IA l\u00ea todos os pedidos de informa\u00e7\u00e3o, classifica-os por tipo e urg\u00eancia, estrutura a informa\u00e7\u00e3o, responde a perguntas de rotina e encaminha-os para o advogado certo.<\/p>\n<p>O resultado s\u00e3o tempos de resposta mais r\u00e1pidos, taxas de convers\u00e3o mais elevadas, custos administrativos mais baixos e ficheiros de casos organizados desde o primeiro dia.<\/p>\n<p>Sem magia. Apenas automa\u00e7\u00e3o pr\u00e1tica que melhora a experi\u00eancia do cliente e a efici\u00eancia da equipa.<\/p>\n\n\n<hr class=\"wp-block-separator has-alpha-channel-opacity\"\/>\n\n\n\n<h3 class=\"wp-block-heading\">Pronto para melhorar o seu processo de admiss\u00e3o?<\/h3>\n\n\n<p>Cada escrit\u00f3rio de advogados tem diferentes canais de admiss\u00e3o, \u00e1reas de pr\u00e1tica e fluxos de trabalho.<\/p>\n<p>N\u00e3o vendemos solu\u00e7\u00f5es de tamanho \u00fanico. Analisamos o seu processo de admiss\u00e3o espec\u00edfico. Identificamos onde a IA oferece mais valor. Criamos um sistema que corresponde \u00e0s necessidades da sua empresa.<\/p>\n<p>Vamos falar sobre os seus desafios de admiss\u00e3o e onde a IA pode ajudar.<\/p>\n\n<p><a href=\"https:\/\/www.leaplytics.de\/pt\/contacto\/\">Discutir as suas necessidades de admiss\u00e3o de clientes<\/a><\/p>\n\n<p><a href=\"https:\/\/www.leaplytics.de\/pt\/direito-legal-ai\/\">Voltar a Vis\u00e3o geral da IA jur\u00eddica<\/a><\/p>","protected":false},"excerpt":{"rendered":"<p>AI for Client Intake &#038; Case Management: Turn Chaos into Organization Automatically New matters come in constantly. Emails. Phone calls. Web forms. Walk-ins. Referrals. Each one needs attention. Each one needs to be understood, categorized, prioritized, and routed to the right person. When things are slow, this works fine. When things get busy, it breaks &hellip; <\/p>","protected":false},"author":2,"featured_media":0,"parent":0,"menu_order":0,"comment_status":"closed","ping_status":"closed","template":"","meta":{"footnotes":""},"class_list":["post-14459","page","type-page","status-publish","hentry","latest_post"],"_links":{"self":[{"href":"https:\/\/www.leaplytics.de\/pt\/wp-json\/wp\/v2\/pages\/14459","targetHints":{"allow":["GET"]}}],"collection":[{"href":"https:\/\/www.leaplytics.de\/pt\/wp-json\/wp\/v2\/pages"}],"about":[{"href":"https:\/\/www.leaplytics.de\/pt\/wp-json\/wp\/v2\/types\/page"}],"author":[{"embeddable":true,"href":"https:\/\/www.leaplytics.de\/pt\/wp-json\/wp\/v2\/users\/2"}],"replies":[{"embeddable":true,"href":"https:\/\/www.leaplytics.de\/pt\/wp-json\/wp\/v2\/comments?post=14459"}],"version-history":[{"count":1,"href":"https:\/\/www.leaplytics.de\/pt\/wp-json\/wp\/v2\/pages\/14459\/revisions"}],"predecessor-version":[{"id":14464,"href":"https:\/\/www.leaplytics.de\/pt\/wp-json\/wp\/v2\/pages\/14459\/revisions\/14464"}],"wp:attachment":[{"href":"https:\/\/www.leaplytics.de\/pt\/wp-json\/wp\/v2\/media?parent=14459"}],"curies":[{"name":"wp","href":"https:\/\/api.w.org\/{rel}","templated":true}]}}