{"id":14460,"date":"2025-12-19T01:51:00","date_gmt":"2025-12-19T00:51:00","guid":{"rendered":"https:\/\/www.leaplytics.de\/?page_id=14460"},"modified":"2025-12-19T01:51:01","modified_gmt":"2025-12-19T00:51:01","slug":"controlo-da-politica-de-conformidade-ai","status":"publish","type":"page","link":"https:\/\/www.leaplytics.de\/pt\/controlo-da-politica-de-conformidade-ai\/","title":{"rendered":"Controlo da conformidade e das pol\u00edticas IA"},"content":{"rendered":"<h2>IA para verifica\u00e7\u00e3o de conformidade e pol\u00edticas: Pare de esperar que n\u00e3o lhe tenha escapado nada<\/h2>\n\n<p>As regras est\u00e3o por todo o lado. Leis federais. Leis estaduais. Regulamentos do sector. Pol\u00edticas da empresa. Obriga\u00e7\u00f5es contratuais. Requisitos de prote\u00e7\u00e3o de dados.<\/p>\n<p>Todos os documentos t\u00eam de estar em conformidade. Todas as pol\u00edticas t\u00eam de ser actualizadas quando os regulamentos s\u00e3o alterados. Todos os contratos t\u00eam de ser verificados em rela\u00e7\u00e3o a v\u00e1rios conjuntos de regras.<\/p>\n<p>A conformidade n\u00e3o \u00e9 opcional. O custo de n\u00e3o cumprir algo \u00e9 elevado: coimas, ac\u00e7\u00f5es judiciais, investiga\u00e7\u00f5es regulamentares, danos para a reputa\u00e7\u00e3o.<\/p>\n<p>O problema? A verifica\u00e7\u00e3o da conformidade \u00e9 manual. Consome muito tempo. \u00c9 f\u00e1cil deixar passar alguma coisa quando se est\u00e1 a rever o 15\u00ba contrato do dia.<\/p>\n<p>A IA altera esta situa\u00e7\u00e3o. Verifica cada documento em rela\u00e7\u00e3o a cada regra. Detecta lacunas. Monitoriza as altera\u00e7\u00f5es regulamentares. Sugere actualiza\u00e7\u00f5es.<\/p>\n<p>O controlo da conformidade \u00e9 sistem\u00e1tico, em vez de se esperar que nada passe despercebido.<\/p>\n\n\n<hr class=\"wp-block-separator has-alpha-channel-opacity\"\/>\n\n\n\n<h3 class=\"wp-block-heading\">O problema da conformidade<\/h3>\n\n\n<p>O trabalho de conformidade \u00e9 simples mas fastidioso: verificar se os documentos cumprem as normas exigidas.<\/p>\n\n<p>Cen\u00e1rios comuns de conformidade:<\/p>\n<ul>\n<li>As pol\u00edticas de privacidade devem incluir divulga\u00e7\u00f5es espec\u00edficas do RGPD<\/li>\n<li>Os termos de servi\u00e7o devem incluir disposi\u00e7\u00f5es obrigat\u00f3rias espec\u00edficas do Estado<\/li>\n<li>Os contratos devem cumprir os regulamentos do sector (HIPAA, SOX, PCI-DSS)<\/li>\n<li>As pol\u00edticas de RH devem refletir a legisla\u00e7\u00e3o laboral em vigor<\/li>\n<li>Os r\u00f3tulos dos produtos devem cumprir os requisitos da FDA<\/li>\n<li>Os documentos financeiros devem respeitar as regras de divulga\u00e7\u00e3o<\/li>\n<li>Os materiais de marketing devem estar em conformidade com a regulamenta\u00e7\u00e3o em mat\u00e9ria de publicidade<\/li>\n<\/ul>\n\n<p>Controlo de conformidade tradicional:<\/p>\n<ul>\n<li>Atualizar as listas de verifica\u00e7\u00e3o dos requisitos<\/li>\n<li>Revis\u00e3o manual de documentos com base em listas de controlo<\/li>\n<li>Tentar manter-se a par das altera\u00e7\u00f5es regulamentares<\/li>\n<li>Atualizar documentos quando os regulamentos s\u00e3o alterados<\/li>\n<li>Espero que n\u00e3o vos tenha escapado nada<\/li>\n<li>Descobrir que lhe escapou alguma coisa quando for multado ou processado<\/li>\n<\/ul>\n\n<p>Os problemas:<\/p>\n<ul>\n<li>O controlo manual \u00e9 lento e incoerente<\/li>\n<li>Os requisitos mudam mais rapidamente do que \u00e9 poss\u00edvel acompanhar<\/li>\n<li>As diferentes jurisdi\u00e7\u00f5es t\u00eam regras diferentes<\/li>\n<li>Ningu\u00e9m consegue guardar centenas de requisitos na sua cabe\u00e7a<\/li>\n<li>A press\u00e3o para agir rapidamente leva a atalhos<\/li>\n<li>N\u00e3o h\u00e1 provas de que tenha verificado tudo<\/li>\n<\/ul>\n\n<p>Resultado: A conformidade torna-se um exerc\u00edcio de verifica\u00e7\u00e3o de caixas. At\u00e9 que algo corre mal.<\/p>\n\n\n<hr class=\"wp-block-separator has-alpha-channel-opacity\"\/>\n\n\n\n<h3 class=\"wp-block-heading\">O que a IA faz pela verifica\u00e7\u00e3o da conformidade e das pol\u00edticas<\/h3>\n\n\n<p>A IA conhece regras. L\u00ea documentos. Compara os dois. Nunca se cansa. Nunca se esquece de um requisito.<\/p>\n<p>N\u00e3o substitui a experi\u00eancia em mat\u00e9ria de conformidade. Torna a conformidade sistem\u00e1tica em vez de ad hoc.<\/p>\n\n\n<h4 class=\"wp-block-heading\">1. Controlo de conformidade automatizado<\/h4>\n\n\n<p>O utilizador fornece \u00e0 IA os seus requisitos de conformidade. A IA verifica cada documento em rela\u00e7\u00e3o a esses requisitos.<\/p>\n\n<p><strong>Exemplo: Verifica\u00e7\u00e3o da pol\u00edtica de privacidade do RGPD<\/strong><\/p>\n<p>O RGPD exige divulga\u00e7\u00f5es espec\u00edficas. A IA verifica a sua pol\u00edtica de privacidade para:<\/p>\n<ul>\n<li>Identidade e dados de contacto do respons\u00e1vel pelo tratamento de dados<\/li>\n<li>Dados de contacto do respons\u00e1vel pela prote\u00e7\u00e3o de dados (se aplic\u00e1vel)<\/li>\n<li>Objectivos do tratamento de dados<\/li>\n<li>Base jur\u00eddica do tratamento<\/li>\n<li>Interesses leg\u00edtimos (se aplic\u00e1vel)<\/li>\n<li>Destinat\u00e1rios ou categorias de destinat\u00e1rios<\/li>\n<li>Transfer\u00eancias internacionais de dados (se aplic\u00e1vel)<\/li>\n<li>Per\u00edodos de conserva\u00e7\u00e3o<\/li>\n<li>Direitos das pessoas em causa (acesso, retifica\u00e7\u00e3o, apagamento, etc.)<\/li>\n<li>Direito de retirar o consentimento<\/li>\n<li>Direito de apresentar queixa \u00e0 autoridade de controlo<\/li>\n<li>Divulga\u00e7\u00e3o de decis\u00f5es automatizadas (se aplic\u00e1vel)<\/li>\n<\/ul>\n\n<p>A IA regressa:<\/p>\n<ul>\n<li>Presente: Lista de requisitos cumpridos<\/li>\n<li>\u2717 Em falta: Lista de requisitos n\u00e3o encontrada<\/li>\n<li>Pouco claro: os requisitos podem ser abordados, mas n\u00e3o s\u00e3o claramente indicados<\/li>\n<\/ul>\n\n<p>Corrige as lacunas antes que os reguladores as encontrem.<\/p>\n\n\n<h4 class=\"wp-block-heading\">2. Verifica\u00e7\u00e3o do conte\u00fado exigido<\/h4>\n\n\n<p>Alguns documentos devem incluir uma linguagem espec\u00edfica. Palavra por palavra. A IA verifica-o.<\/p>\n\n<p><strong>Exemplo: Divulga\u00e7\u00f5es espec\u00edficas do Estado<\/strong><\/p>\n\n<p>A Calif\u00f3rnia exige uma reda\u00e7\u00e3o espec\u00edfica nos acordos de arbitragem em mat\u00e9ria de emprego. Nova Iorque exige uma linguagem espec\u00edfica nos acordos de transa\u00e7\u00e3o com cl\u00e1usulas de confidencialidade.<\/p>\n\n<p>Verifica\u00e7\u00f5es de IA:<\/p>\n<ul>\n<li>A l\u00edngua requerida est\u00e1 presente?<\/li>\n<li>\u00c9 suficientemente proeminente (se for necess\u00e1rio proemin\u00eancia)?<\/li>\n<li>Est\u00e1 a ser utilizada a vers\u00e3o atual (se a l\u00edngua tiver sido actualizada)?<\/li>\n<\/ul>\n\n<p>N\u00e3o se baseia na mem\u00f3ria ou em modelos desactualizados.<\/p>\n\n\n<h4 class=\"wp-block-heading\">3. Conformidade com v\u00e1rias jurisdi\u00e7\u00f5es<\/h4>\n\n\n<p>Estados diferentes, regras diferentes. Pa\u00edses diferentes, regras diferentes. O mesmo documento pode ter de obedecer a v\u00e1rios conjuntos de regras.<\/p>\n\n<p>A IA verifica simultaneamente todas as jurisdi\u00e7\u00f5es relevantes.<\/p>\n\n<p><strong>Exemplo: Termos de Servi\u00e7o para Servi\u00e7o Multi-Estado<\/strong><\/p>\n\n<p>A sua empresa opera na Calif\u00f3rnia, Nova Iorque e Texas. Cada estado tem requisitos espec\u00edficos para contratos com consumidores.<\/p>\n\n<p>A IA verifica os termos de servi\u00e7o contra:<\/p>\n<ul>\n<li>Leis de prote\u00e7\u00e3o do consumidor da Calif\u00f3rnia<\/li>\n<li>Requisitos da lei de renova\u00e7\u00e3o autom\u00e1tica da Calif\u00f3rnia<\/li>\n<li>Regulamentos de prote\u00e7\u00e3o do consumidor de Nova Iorque<\/li>\n<li>Disposi\u00e7\u00f5es espec\u00edficas do Estado do Texas<\/li>\n<li>Regulamenta\u00e7\u00e3o federal (FTC, etc.)<\/li>\n<\/ul>\n\n<p>Os resultados mostram o estado de conformidade por jurisdi\u00e7\u00e3o. Pode ver exatamente o que precisa de ser adicionado para cada estado.<\/p>\n\n\n<h4 class=\"wp-block-heading\">4. Controlo das altera\u00e7\u00f5es regulamentares<\/h4>\n\n\n<p>Os regulamentos mudam. Novas leis s\u00e3o aprovadas. As ag\u00eancias emitem novas orienta\u00e7\u00f5es. As decis\u00f5es judiciais criam novos requisitos.<\/p>\n\n<p>A IA monitoriza as fontes relevantes:<\/p>\n<ul>\n<li>Actualiza\u00e7\u00f5es do Registo Federal<\/li>\n<li>Altera\u00e7\u00f5es legislativas estatais<\/li>\n<li>Orienta\u00e7\u00f5es e interpreta\u00e7\u00f5es da Ag\u00eancia<\/li>\n<li>Decis\u00f5es judiciais que afectam o cumprimento<\/li>\n<li>Organismos reguladores espec\u00edficos do sector<\/li>\n<\/ul>\n\n<p>Quando algo muda e o afecta, a IA assinala-o:<\/p>\n<ul>\n<li>O que mudou<\/li>\n<li>Data efectiva<\/li>\n<li>Que documentos s\u00e3o afectados<\/li>\n<li>O que precisa de ser atualizado<\/li>\n<\/ul>\n\n<p>N\u00e3o se fica a saber que os regulamentos mudaram quando se recebe um aviso de infra\u00e7\u00e3o.<\/p>\n\n\n<h4 class=\"wp-block-heading\">5. An\u00e1lise das lacunas e sugest\u00f5es de corre\u00e7\u00e3o<\/h4>\n\n\n<p>Encontrar lacunas \u00e9 uma coisa. Outra \u00e9 saber como as colmatar.<\/p>\n\n<p>A IA n\u00e3o s\u00f3 identifica os requisitos em falta, como sugere uma linguagem para os resolver.<\/p>\n\n<p><strong>Exemplo:<\/strong><\/p>\n<p><em>Lacuna identificada: \"A pol\u00edtica de privacidade n\u00e3o especifica os per\u00edodos de conserva\u00e7\u00e3o exigidos pelo artigo 13.\u00ba, n.\u00ba 2, al\u00ednea a), do RGPD.\"<\/em><\/p>\n\n<p><em>Sugest\u00e3o de reda\u00e7\u00e3o: \"Conservamos os dados pessoais durante [especificar os per\u00edodos] ou durante o tempo necess\u00e1rio para cumprir as finalidades para as quais foram recolhidos, exceto se a lei exigir um per\u00edodo de conserva\u00e7\u00e3o mais longo.\"<\/em><\/p>\n\n<p>N\u00e3o se come\u00e7a do zero. Rev\u00ea e personaliza a linguagem sugerida.<\/p>\n\n\n<h4 class=\"wp-block-heading\">6. Controlo da vers\u00e3o da pol\u00edtica e pista de auditoria<\/h4>\n\n\n<p>Conformidade significa provar que se cumpriu. A IA cria documenta\u00e7\u00e3o:<\/p>\n<ul>\n<li>Quando cada pol\u00edtica foi verificada<\/li>\n<li>Que requisitos foram verificados<\/li>\n<li>Que lacunas foram encontradas<\/li>\n<li>Que actualiza\u00e7\u00f5es foram feitas<\/li>\n<li>Quando as actualiza\u00e7\u00f5es entraram em vigor<\/li>\n<li>Quem aprovou as altera\u00e7\u00f5es<\/li>\n<\/ul>\n\n<p>Se for auditado ou confrontado com um inqu\u00e9rito de conformidade, tem registos claros.<\/p>\n\n\n<hr class=\"wp-block-separator has-alpha-channel-opacity\"\/>\n\n\n\n<h3 class=\"wp-block-heading\">O que isto significa para si<\/h3>\n\n\n\n<h4 class=\"wp-block-heading\">Para os decisores<\/h4>\n\n\n<p><strong>Menor risco de conformidade.<\/strong><br \/>\nO controlo sistem\u00e1tico detecta as lacunas antes de estas se tornarem infrac\u00e7\u00f5es. Menos coimas. Menos problemas regulamentares. Menos ac\u00e7\u00f5es judiciais.<\/p>\n\n<p><strong>Processos prontos para auditoria.<\/strong><br \/>\nDocumenta\u00e7\u00e3o clara do que foi verificado, quando e que ac\u00e7\u00f5es foram tomadas. As entidades reguladoras v\u00eaem um programa de conformidade profissional.<\/p>\n\n<p><strong>Actualiza\u00e7\u00f5es de documentos mais r\u00e1pidas.<\/strong><br \/>\nQuando os regulamentos mudam, sabe exatamente o que precisa de ser atualizado. N\u00e3o h\u00e1 uma grande confus\u00e3o para rever tudo.<\/p>\n\n<p><strong>Conformidade consistente em toda a organiza\u00e7\u00e3o.<\/strong><br \/>\nTodos os documentos s\u00e3o verificados com o mesmo rigor. N\u00e3o h\u00e1 varia\u00e7\u00f5es em fun\u00e7\u00e3o de quem est\u00e1 ocupado ou de quem se esqueceu de verificar algo.<\/p>\n\n\n<h4 class=\"wp-block-heading\">Para advogados e equipas de conformidade<\/h4>\n\n\n<p><strong>Controlo sistem\u00e1tico em vez de mem\u00f3ria.<\/strong><br \/>\nN\u00e3o tens de te lembrar de 200 requisitos. A IA verifica-os sempre todos.<\/p>\n\n<p><strong>Provas de que fez o seu trabalho.<\/strong><br \/>\nRegistos claros de que foram efectuadas verifica\u00e7\u00f5es de conformidade. Se algo correr mal, pode demonstrar a devida dilig\u00eancia.<\/p>\n\n<p><strong>Proactivo em vez de reativo.<\/strong><br \/>\nOs problemas s\u00e3o detectados durante o desenvolvimento e n\u00e3o ap\u00f3s a publica\u00e7\u00e3o. Fica a saber das altera\u00e7\u00f5es regulamentares antes de os clientes as solicitarem.<\/p>\n\n<p><strong>Concentrar-se em julgamentos complexos.<\/strong><br \/>\nA IA trata das verifica\u00e7\u00f5es de conformidade de rotina. O utilizador concentra-se nas \u00e1reas cinzentas, na avalia\u00e7\u00e3o de riscos e nas decis\u00f5es estrat\u00e9gicas de conformidade.<\/p>\n\n\n<h4 class=\"wp-block-heading\">Para a empresa<\/h4>\n\n\n<p><strong>Avan\u00e7ar rapidamente sem quebrar as regras.<\/strong><br \/>\nA verifica\u00e7\u00e3o da conformidade n\u00e3o torna tudo mais lento. As verifica\u00e7\u00f5es autom\u00e1ticas r\u00e1pidas permitem-lhe avan\u00e7ar rapidamente em seguran\u00e7a.<\/p>\n\n<p><strong>Reduzir os custos de conformidade.<\/strong><br \/>\nMenos tempo em controlos manuais. Menos problemas de conformidade que exigem correc\u00e7\u00f5es dispendiosas. Menor risco de coimas.<\/p>\n\n<p><strong>Criar confian\u00e7a junto das partes interessadas.<\/strong><br \/>\nOs clientes, parceiros e reguladores v\u00eaem uma empresa que leva a s\u00e9rio a conformidade.<\/p>\n\n\n<hr class=\"wp-block-separator has-alpha-channel-opacity\"\/>\n\n\n\n<h3 class=\"wp-block-heading\">Exemplo do mundo real: Atualiza\u00e7\u00e3o da Pol\u00edtica de Privacidade do Website<\/h3>\n\n\n<p>A sua empresa opera nos EUA e na UE. O RGPD foi atualizado com novos requisitos.<\/p>\n\n<p><strong>Sem IA:<\/strong><\/p>\n<ul>\n<li>A equipa de conformidade toma conhecimento da atualiza\u00e7\u00e3o (eventualmente)<\/li>\n<li>Analisa os novos requisitos<\/li>\n<li>Encontra o documento atual da pol\u00edtica de privacidade<\/li>\n<li>L\u00ea a pol\u00edtica manualmente<\/li>\n<li>Tenta lembrar-se de todos os novos requisitos do RGPD<\/li>\n<li>Actualiza\u00e7\u00f5es de rascunhos<\/li>\n<li>Envia para o departamento jur\u00eddico para revis\u00e3o<\/li>\n<li>Revis\u00f5es e edi\u00e7\u00f5es jur\u00eddicas<\/li>\n<li>As actualiza\u00e7\u00f5es passam pelo processo de aprova\u00e7\u00e3o<\/li>\n<li>Equipa do s\u00edtio Web implementa altera\u00e7\u00f5es<\/li>\n<li>Tempo: 3-6 semanas<\/li>\n<li>Risco: Pode ter-se esquecido de alguma coisa<\/li>\n<\/ul>\n\n<p><strong>Com IA:<\/strong><\/p>\n<ul>\n<li>A IA detecta a atualiza\u00e7\u00e3o do RGPD (no dia em que \u00e9 anunciada)<\/li>\n<li>Bandeiras de IA: \"Os novos requisitos do RGPD afectam a sua pol\u00edtica de privacidade\"<\/li>\n<li>A IA compara a pol\u00edtica atual com os novos requisitos<\/li>\n<li>A IA gera um relat\u00f3rio: \"Faltam 3 divulga\u00e7\u00f5es obrigat\u00f3rias\" com pormenores<\/li>\n<li>A IA sugere uma l\u00edngua para cada elemento em falta<\/li>\n<li>A conformidade analisa as sugest\u00f5es da IA e personaliza-as<\/li>\n<li>O sector jur\u00eddico analisa as altera\u00e7\u00f5es propostas<\/li>\n<li>As actualiza\u00e7\u00f5es passam pelo processo de aprova\u00e7\u00e3o<\/li>\n<li>Equipa do s\u00edtio Web implementa altera\u00e7\u00f5es<\/li>\n<li>A IA verifica se a pol\u00edtica actualizada cumpre todos os requisitos<\/li>\n<li>Tempo: 3-5 dias<\/li>\n<li>Risco: Controlo exaustivo de todos os requisitos<\/li>\n<\/ul>\n\n<p>A mesma qualidade. 75% mais r\u00e1pido. Melhor documenta\u00e7\u00e3o. Maior confian\u00e7a.<\/p>\n\n\n<hr class=\"wp-block-separator has-alpha-channel-opacity\"\/>\n\n\n\n<h3 class=\"wp-block-heading\">O que a IA n\u00e3o faz<\/h3>\n\n\n<p>Sejamos claros quanto ao que a IA n\u00e3o pode fazer.<\/p>\n\n<p><strong>A IA n\u00e3o interpreta regulamentos amb\u00edguos.<\/strong><br \/>\nQuando a lei \u00e9 clara, a IA verifica a conformidade. Quando \u00e9 necess\u00e1ria uma interpreta\u00e7\u00e3o, os humanos decidem como cumprir a lei.<\/p>\n\n<p><strong>A IA n\u00e3o toma decis\u00f5es comerciais sobre o risco.<\/strong><br \/>\nIdentifica as lacunas de conformidade. O utilizador decide se deve corrigi-las imediatamente, aceitar o risco ou procurar uma abordagem diferente.<\/p>\n\n<p><strong>A IA n\u00e3o substitui a avalia\u00e7\u00e3o da conformidade.<\/strong><br \/>\nPor vezes, o cumprimento n\u00e3o \u00e9 preto no branco. A IA sinaliza o problema. Um profissional de conformidade toma a decis\u00e3o.<\/p>\n\n<p><strong>A IA n\u00e3o se mant\u00e9m actualizada automaticamente para sempre.<\/strong><br \/>\nO controlo da regulamenta\u00e7\u00e3o exige manuten\u00e7\u00e3o. \u00c9 necess\u00e1rio acrescentar novos regulamentos ao conjunto de regras da IA. Algu\u00e9m precisa de gerir isso.<\/p>\n\n<p><strong>A IA n\u00e3o o torna cumpridor.<\/strong><br \/>\nAjuda-o a verificar a conformidade. Continua a ser necess\u00e1rio colmatar as lacunas, implementar pol\u00edticas e seguir em frente.<\/p>\n\n<p>A IA \u00e9 uma ferramenta de conformidade. Os profissionais de conformidade continuam a ser essenciais.<\/p>\n\n\n<hr class=\"wp-block-separator has-alpha-channel-opacity\"\/>\n\n\n\n<h3 class=\"wp-block-heading\">Como come\u00e7ar<\/h3>\n\n\n<p><strong>1. Identifique os seus requisitos de conformidade.<\/strong><br \/>\nQue regulamentos se aplicam \u00e0 sua atividade? Quais as normas do sector que tem de cumprir? Que obriga\u00e7\u00f5es contratuais tem?<\/p>\n\n<p><strong>2. Documentar as suas actuais listas de verifica\u00e7\u00e3o de conformidade.<\/strong><br \/>\nO que \u00e9 que verifica atualmente? O que deveria estar a verificar? Tornar isso expl\u00edcito.<\/p>\n\n<p><strong>3. Estabelecer prioridades por risco.<\/strong><br \/>\nComece com \u00e1reas de conformidade de alto risco (GDPR, HIPAA, regulamentos financeiros). Adicione \u00e1reas de menor risco mais tarde.<\/p>\n\n<p><strong>4. Criar conjuntos de regras de IA.<\/strong><br \/>\nTreine a IA sobre os seus requisitos de conformidade. Quanto mais claro e espec\u00edfico for, melhor.<\/p>\n\n<p><strong>5. Teste em documentos existentes.<\/strong><br \/>\nExecute verifica\u00e7\u00f5es de conformidade de IA nas pol\u00edticas e contratos actuais. Veja o que encontra. Validar a exatid\u00e3o.<\/p>\n\n<p><strong>6. Integrar no fluxo de trabalho.<\/strong><br \/>\nTornar a verifica\u00e7\u00e3o da conformidade com a IA uma etapa normal. Projeto de documento \u2192 verifica\u00e7\u00e3o da IA \u2192 revis\u00e3o humana \u2192 aprova\u00e7\u00e3o.<\/p>\n\n<p><strong>7. Monitorizar e aperfei\u00e7oar.<\/strong><br \/>\nMonitorizar falsos positivos e falsos negativos. Aperfei\u00e7oar as regras de IA. Manter a monitoriza\u00e7\u00e3o regulamentar actualizada.<\/p>\n\n\n<hr class=\"wp-block-separator has-alpha-channel-opacity\"\/>\n\n\n\n<h3 class=\"wp-block-heading\">Perguntas comuns<\/h3>\n\n\n<p><strong>Que regulamentos podem ser verificados pela IA?<\/strong><br \/>\nQualquer regulamento com requisitos claros e documentados. GDPR, CCPA, HIPAA, SOX, regulamentos espec\u00edficos do sector. Quanto mais clara for a regra, melhor ser\u00e1 o desempenho da IA.<\/p>\n\n<p><strong>A IA pode lidar com pol\u00edticas espec\u00edficas da empresa?<\/strong><br \/>\nSim. A IA pode verificar documentos em rela\u00e7\u00e3o a pol\u00edticas internas, diretrizes de marca, normas contratuais e requisitos espec\u00edficos da empresa.<\/p>\n\n<p><strong>E quanto \u00e0 conformidade espec\u00edfica do sector?<\/strong><br \/>\nA IA pode ser treinada em regulamentos do sector (servi\u00e7os financeiros, cuidados de sa\u00fade, ind\u00fastria transformadora, etc.). Requer conhecimentos especializados no dom\u00ednio para ser configurada corretamente.<\/p>\n\n<p><strong>Qual \u00e9 a exatid\u00e3o da verifica\u00e7\u00e3o de conformidade da IA?<\/strong><br \/>\nPara requisitos expl\u00edcitos (divulga\u00e7\u00f5es espec\u00edficas, linguagem exigida): 90-95%. Para requisitos interpretativos: Inferior, requer julgamento humano. \u00c9 por isso que a revis\u00e3o humana continua a ser essencial.<\/p>\n\n<p><strong>Isto funciona para a conformidade internacional?<\/strong><br \/>\nSim. A IA pode verificar os regulamentos de v\u00e1rios pa\u00edses. Particularmente \u00fatil para empresas que operam em v\u00e1rias jurisdi\u00e7\u00f5es.<\/p>\n\n<p><strong>Como \u00e9 que a IA se mant\u00e9m actualizada em rela\u00e7\u00e3o \u00e0s altera\u00e7\u00f5es regulamentares?<\/strong><br \/>\nCombina\u00e7\u00e3o de monitoriza\u00e7\u00e3o autom\u00e1tica e revis\u00e3o por peritos. As principais altera\u00e7\u00f5es s\u00e3o assinaladas automaticamente. Os especialistas validam e actualizam os conjuntos de regras de IA.<\/p>\n\n\n<hr class=\"wp-block-separator has-alpha-channel-opacity\"\/>\n\n\n\n<h3 class=\"wp-block-heading\">A linha de fundo<\/h3>\n\n\n<p>A conformidade n\u00e3o tem de se basear na mem\u00f3ria e na esperan\u00e7a.<\/p>\n<p>A IA verifica sistematicamente os documentos em rela\u00e7\u00e3o aos requisitos regulamentares. Monitoriza as altera\u00e7\u00f5es. Assinala as lacunas. Sugere correc\u00e7\u00f5es. Documenta tudo.<\/p>\n<p>O resultado \u00e9 um menor risco de conformidade, actualiza\u00e7\u00f5es de documentos mais r\u00e1pidas, melhor prepara\u00e7\u00e3o para auditorias e equipas de conformidade a realizar trabalho estrat\u00e9gico em vez de verifica\u00e7\u00f5es manuais.<\/p>\n<p>Sem magia. Apenas uma verifica\u00e7\u00e3o sistem\u00e1tica da conformidade em grande escala.<\/p>\n\n\n<hr class=\"wp-block-separator has-alpha-channel-opacity\"\/>\n\n\n\n<h3 class=\"wp-block-heading\">Pronto para melhorar a verifica\u00e7\u00e3o da conformidade?<\/h3>\n\n\n<p>Cada organiza\u00e7\u00e3o tem diferentes requisitos de conformidade, perfis de risco e processos.<\/p>\n<p>N\u00e3o vendemos ferramentas de conformidade gen\u00e9ricas. Analisamos os seus regulamentos espec\u00edficos e desafios de conformidade. Identificamos onde a IA oferece o maior valor. Criamos sistemas de verifica\u00e7\u00e3o que se adaptam \u00e0s suas necessidades.<\/p>\n<p>Vamos falar sobre os seus requisitos de conformidade e onde a IA pode ajudar.<\/p>\n\n<p><a href=\"https:\/\/www.leaplytics.de\/pt\/contacto\/\">Discuta as suas necessidades de conformidade<\/a><\/p>\n\n<p><a href=\"https:\/\/www.leaplytics.de\/pt\/direito-legal-ai\/\">Voltar a Vis\u00e3o geral da IA jur\u00eddica<\/a><\/p>","protected":false},"excerpt":{"rendered":"<p>AI for Compliance &#038; Policy Checking: Stop Hoping You Didn&#8217;t Miss Something Rules are everywhere. Federal laws. State laws. Industry regulations. Company policies. Contractual obligations. Data protection requirements. Every document needs to comply. Every policy needs updating when regulations change. Every contract needs checking against multiple rule sets. Compliance isn&#8217;t optional. The cost of missing &hellip; <\/p>","protected":false},"author":2,"featured_media":0,"parent":0,"menu_order":0,"comment_status":"closed","ping_status":"closed","template":"","meta":{"footnotes":""},"class_list":["post-14460","page","type-page","status-publish","hentry","latest_post"],"_links":{"self":[{"href":"https:\/\/www.leaplytics.de\/pt\/wp-json\/wp\/v2\/pages\/14460","targetHints":{"allow":["GET"]}}],"collection":[{"href":"https:\/\/www.leaplytics.de\/pt\/wp-json\/wp\/v2\/pages"}],"about":[{"href":"https:\/\/www.leaplytics.de\/pt\/wp-json\/wp\/v2\/types\/page"}],"author":[{"embeddable":true,"href":"https:\/\/www.leaplytics.de\/pt\/wp-json\/wp\/v2\/users\/2"}],"replies":[{"embeddable":true,"href":"https:\/\/www.leaplytics.de\/pt\/wp-json\/wp\/v2\/comments?post=14460"}],"version-history":[{"count":1,"href":"https:\/\/www.leaplytics.de\/pt\/wp-json\/wp\/v2\/pages\/14460\/revisions"}],"predecessor-version":[{"id":14466,"href":"https:\/\/www.leaplytics.de\/pt\/wp-json\/wp\/v2\/pages\/14460\/revisions\/14466"}],"wp:attachment":[{"href":"https:\/\/www.leaplytics.de\/pt\/wp-json\/wp\/v2\/media?parent=14460"}],"curies":[{"name":"wp","href":"https:\/\/api.w.org\/{rel}","templated":true}]}}