{"id":14462,"date":"2025-12-19T01:51:26","date_gmt":"2025-12-19T00:51:26","guid":{"rendered":"https:\/\/www.leaplytics.de\/?page_id=14462"},"modified":"2025-12-19T01:51:26","modified_gmt":"2025-12-19T00:51:26","slug":"analise-de-documentos-investigacoes-de-litigios-ai","status":"publish","type":"page","link":"https:\/\/www.leaplytics.de\/pt\/analise-de-documentos-investigacoes-de-litigios-ai\/","title":{"rendered":"Revis\u00e3o de documentos Contencioso e investiga\u00e7\u00f5es IA"},"content":{"rendered":"<h2>IA para revis\u00e3o de documentos em lit\u00edgios e investiga\u00e7\u00f5es: Encontrar a agulha sem ler cada peda\u00e7o de feno<\/h2>\n\n<p>Os processos judiciais implicam documentos. Milhares deles. Por vezes, milh\u00f5es.<\/p>\n<p>Emails. Anexos. PDFs. Registos de conversa\u00e7\u00e3o. Mensagens de texto. Apresenta\u00e7\u00f5es. Folhas de c\u00e1lculo. Fotografias com texto. Contratos. Notas de reuni\u00e3o.<\/p>\n<p>Tudo precisa de ser revisto. Tudo precisa de ser classificado. Relevante ou n\u00e3o. Privilegiado ou n\u00e3o. Responsivo ou n\u00e3o. Documento quente ou ru\u00eddo.<\/p>\n<p>Isto \u00e9 eDiscovery. \u00c9 essencial. \u00c9 uma chatice. E \u00e9 caro.<\/p>\n<p>A IA muda a matem\u00e1tica. L\u00ea tudo. Classifica a pilha. Encontra padr\u00f5es. Assinala o que interessa. Resume os t\u00f3picos.<\/p>\n<p>Os seus revisores concentram-se nos documentos que realmente necessitam de avalia\u00e7\u00e3o humana. O processo avan\u00e7a mais rapidamente. Os custos mant\u00eam-se control\u00e1veis.<\/p>\n\n\n<hr class=\"wp-block-separator has-alpha-channel-opacity\"\/>\n\n\n\n<h3 class=\"wp-block-heading\">O problema da revis\u00e3o de documentos<\/h3>\n\n\n<p>Os lit\u00edgios modernos produzem grandes volumes de documentos. Um caso de m\u00e9dia dimens\u00e3o: 50.000 documentos. Um caso de grande dimens\u00e3o: milh\u00f5es.<\/p>\n<p>Todos os documentos precisam de ser vistos. \u00c9 relevante para o caso? Cont\u00e9m informa\u00e7\u00f5es privilegiadas? Responde aos pedidos de descoberta? Cont\u00e9m provas irrefut\u00e1veis?<\/p>\n\n<p>A abordagem tradicional:<\/p>\n<ul>\n<li>Contratar uma equipa de advogados especializados em contratos<\/li>\n<li>Criar protocolos de revis\u00e3o<\/li>\n<li>Formar os revisores sobre o que devem procurar<\/li>\n<li>Rever os documentos um a um<\/li>\n<li>Codificar cada documento (relevante\/n\u00e3o relevante, privilegiado\/n\u00e3o privilegiado, etc.)<\/li>\n<li>Controlo de qualidade de uma amostra para garantir a qualidade<\/li>\n<li>Repetir durante milhares de horas<\/li>\n<\/ul>\n\n<p>Custo: $50-150 por hora por revisor. Tempo: Semanas ou meses. Qualidade: Depende do cansa\u00e7o e da aten\u00e7\u00e3o do revisor.<\/p>\n<p>Perdeu algo importante? O caso pode perder-se. Incluir algo privilegiado? Acabou de renunciar ao privil\u00e9gio.<\/p>\n<p>Os riscos s\u00e3o elevados. O volume \u00e9 esmagador. Os prazos s\u00e3o apertados.<\/p>\n\n\n<hr class=\"wp-block-separator has-alpha-channel-opacity\"\/>\n\n\n\n<h3 class=\"wp-block-heading\">O que a IA faz pela revis\u00e3o de documentos<\/h3>\n\n\n<p>A IA n\u00e3o se cansa. N\u00e3o se aborrece. L\u00ea cada palavra de cada documento e aplica uma l\u00f3gica consistente.<\/p>\n<p>Eis o que acontece de facto:<\/p>\n\n\n<h4 class=\"wp-block-heading\">1. Classifica\u00e7\u00e3o autom\u00e1tica da relev\u00e2ncia<\/h4>\n\n\n<p>A IA l\u00ea o resumo do caso e os protocolos de revis\u00e3o. De seguida, l\u00ea todos os documentos.<\/p>\n<p>Para cada documento, prev\u00ea:<\/p>\n<ul>\n<li>Relevante ou n\u00e3o para o caso<\/li>\n<li>N\u00edvel de confian\u00e7a (elevado, m\u00e9dio, baixo)<\/li>\n<li>Principais temas abordados<\/li>\n<li>Porque \u00e9 que pode ser relevante<\/li>\n<\/ul>\n\n<p>N\u00e3o \u00e9 perfeito. Mas \u00e9 80-90% preciso em chamadas de relev\u00e2ncia simples. Isso significa que 80% de documentos podem ser classificados com confian\u00e7a antes mesmo de um revisor humano olhar.<\/p>\n<p>Os revisores concentram-se nos 20% em que a avalia\u00e7\u00e3o \u00e9 efetivamente necess\u00e1ria. Ou o controlo de qualidade do trabalho da IA em documentos de elevada confian\u00e7a.<\/p>\n\n\n<h4 class=\"wp-block-heading\">2. Agrupamento tem\u00e1tico<\/h4>\n\n\n<p>Os documentos n\u00e3o existem isoladamente. Fazem parte de conversas. Fazem parte de projectos. Fazem parte de decis\u00f5es.<\/p>\n<p>A IA agrupa documentos relacionados:<\/p>\n<ul>\n<li>Todas as mensagens de correio eletr\u00f3nico numa linha de discuss\u00e3o<\/li>\n<li>Todos os documentos sobre o mesmo tema<\/li>\n<li>Todas as comunica\u00e7\u00f5es entre as mesmas pessoas<\/li>\n<li>Todos os documentos do mesmo per\u00edodo de tempo sobre o mesmo acontecimento<\/li>\n<\/ul>\n\n<p>Os revisores v\u00eaem os documentos no seu contexto. Compreendem o quadro completo. Detectam liga\u00e7\u00f5es que passariam despercebidas se analisassem os documentos um a um, por ordem aleat\u00f3ria.<\/p>\n\n\n<h4 class=\"wp-block-heading\">3. Dete\u00e7\u00e3o de conte\u00fados sens\u00edveis<\/h4>\n\n\n<p>Alguns documentos requerem uma aten\u00e7\u00e3o especial:<\/p>\n<ul>\n<li>Comunica\u00e7\u00f5es potencialmente privilegiadas (para\/de um advogado, aconselhamento jur\u00eddico)<\/li>\n<li>Dados pessoais (nomes, SSNs, informa\u00e7\u00f5es de sa\u00fade, dados financeiros)<\/li>\n<li>Informa\u00e7\u00f5es comerciais confidenciais<\/li>\n<li>Documentos importantes (provas de infrac\u00e7\u00f5es ou factos importantes)<\/li>\n<li>Sinais de alerta de conformidade<\/li>\n<\/ul>\n\n<p>A IA assinala-os automaticamente. Os documentos privilegiados v\u00e3o para uma faixa de revis\u00e3o separada. Os dados pessoais s\u00e3o anotados para serem redigidos. Os documentos importantes s\u00e3o encaminhados para revisores seniores.<\/p>\n<p>Nada passa despercebido porque um revisor j\u00fanior n\u00e3o reconheceu a sua import\u00e2ncia.<\/p>\n\n\n<h4 class=\"wp-block-heading\">4. Prioriza\u00e7\u00e3o inteligente<\/h4>\n\n\n<p>Nem todos os documentos s\u00e3o igualmente importantes. A IA ajuda-o a rever pela ordem correta:<\/p>\n<ul>\n<li>Confian\u00e7a de alta relev\u00e2ncia primeiro<\/li>\n<li>Documentos das principais entidades de cust\u00f3dia em primeiro lugar<\/li>\n<li>Documentos de per\u00edodos cr\u00edticos em primeiro lugar<\/li>\n<li>Documentos assinalados como potencialmente quentes primeiro<\/li>\n<li>Documentos com conte\u00fado sens\u00edvel em primeiro lugar<\/li>\n<\/ul>\n\n<p>Descobre-se o que \u00e9 importante mais cedo. Compreende melhor o caso, mais rapidamente. Toma melhores decis\u00f5es estrat\u00e9gicas.<\/p>\n\n\n<h4 class=\"wp-block-heading\">5. Resumo de t\u00f3picos de e-mail<\/h4>\n\n\n<p>As conversas de correio eletr\u00f3nico tornam-se longas. 20, 50, 100 mensagens. Muitos \"obrigado\", \"ver abaixo\" e reencaminhamento.<\/p>\n<p>A IA l\u00ea todo o t\u00f3pico e cria um resumo:<\/p>\n<ul>\n<li>Quem est\u00e1 envolvido<\/li>\n<li>O que est\u00e1 a ser discutido<\/li>\n<li>Principais decis\u00f5es ou compromissos assumidos<\/li>\n<li>Quest\u00f5es em aberto ou pontos de a\u00e7\u00e3o<\/li>\n<li>Cronologia dos acontecimentos<\/li>\n<\/ul>\n\n<p>Os revisores compreendem o contexto em 30 segundos em vez de 10 minutos. Fazem chamadas mais relevantes.<\/p>\n\n\n<h4 class=\"wp-block-heading\">6. Pesquisa de conceitos e an\u00e1lise assistida por tecnologia (TAR)<\/h4>\n\n\n<p>Pesquisa tradicional: Encontrar documentos que contenham \"quebra de contrato\".<\/p>\n<p>Problema: Os documentos relevantes podem dizer \"violou o acordo\" ou \"n\u00e3o cumpriu as obriga\u00e7\u00f5es\".<\/p>\n\n<p>Pesquisa de conceitos com IA: Encontrar documentos sobre viola\u00e7\u00f5es de contratos, independentemente da frase exacta.<\/p>\n<p>Compreende o significado e n\u00e3o apenas as palavras-chave. Encontra documentos que n\u00e3o seriam encontrados com a pesquisa tradicional.<\/p>\n\n<p>A TAR vai mais longe: O utilizador analisa um conjunto de documentos de base. A IA aprende o que o utilizador considera relevante. Depois, prev\u00ea a relev\u00e2ncia dos restantes documentos. O feedback cont\u00ednuo torna-a mais precisa.<\/p>\n\n\n<hr class=\"wp-block-separator has-alpha-channel-opacity\"\/>\n\n\n\n<h3 class=\"wp-block-heading\">O que isto significa para si<\/h3>\n\n\n\n<h4 class=\"wp-block-heading\">Para os decisores<\/h4>\n\n\n<p><strong>Os custos de descoberta diminuem 40-70%.<\/strong><br \/>\nMenos horas facturadas pelos revisores contratuais. Uma revis\u00e3o mais r\u00e1pida significa menos despesas gerais de gest\u00e3o do projeto. Uma melhor sele\u00e7\u00e3o significa menos produ\u00e7\u00e3o excessiva.<\/p>\n\n<p><strong>Os casos s\u00e3o resolvidos mais rapidamente.<\/strong><br \/>\nCompreender melhor o caso, mais cedo. Encontrar provas importantes mais cedo. Tomar decis\u00f5es de acordo informadas mais rapidamente. Responder mais rapidamente \u00e0s descobertas.<\/p>\n\n<p><strong>Previsibilidade or\u00e7amental.<\/strong><br \/>\nOs custos da IA s\u00e3o fixos. Sabe quanto custar\u00e1 a revis\u00e3o da primeira passagem. N\u00e3o h\u00e1 surpresas com o aumento das horas dos revisores.<\/p>\n\n<p><strong>Melhores decis\u00f5es estrat\u00e9gicas.<\/strong><br \/>\nQuando se encontram documentos importantes numa fase inicial e se compreende melhor o caso, tomam-se decis\u00f5es mais inteligentes sobre acordos, apresenta\u00e7\u00e3o de mo\u00e7\u00f5es e estrat\u00e9gia de julgamento.<\/p>\n\n\n<h4 class=\"wp-block-heading\">Para os advogados<\/h4>\n\n\n<p><strong>Concentre-se na revis\u00e3o de alto valor.<\/strong><br \/>\nDeixe a IA tratar dos documentos obviamente irrelevantes. O utilizador concentra-se nos documentos que necessitam de uma decis\u00e3o jur\u00eddica.<\/p>\n\n<p><strong>Encontrar a agulha mais rapidamente.<\/strong><br \/>\nA defini\u00e7\u00e3o de prioridades e o agrupamento ajudam-no a identificar precocemente os principais documentos. O seu caso \u00e9 constru\u00eddo mais rapidamente.<\/p>\n\n<p><strong>Melhor prote\u00e7\u00e3o de privil\u00e9gios.<\/strong><br \/>\nA sinaliza\u00e7\u00e3o autom\u00e1tica apanha documentos potencialmente privilegiados. Menos riscos de ren\u00fancia de privil\u00e9gios.<\/p>\n\n<p><strong>Processo defens\u00e1vel.<\/strong><br \/>\nTodas as decis\u00f5es s\u00e3o registadas. Todas as previs\u00f5es s\u00e3o documentadas. Pode defender o seu processo de revis\u00e3o se for questionado.<\/p>\n\n\n<h4 class=\"wp-block-heading\">Para Conformidade e Investiga\u00e7\u00f5es<\/h4>\n\n\n<p><strong>Investiga\u00e7\u00f5es internas mais r\u00e1pidas.<\/strong><br \/>\nQuando surge um problema, a IA ajuda-o a rever rapidamente as comunica\u00e7\u00f5es relevantes. Compreende mais rapidamente o que aconteceu.<\/p>\n\n<p><strong>Melhor documenta\u00e7\u00e3o.<\/strong><br \/>\nRegisto claro do que foi revisto, do que foi encontrado e das decis\u00f5es tomadas. Pronto para auditoria desde o primeiro dia.<\/p>\n\n<p><strong>Manchas iniciais da edi\u00e7\u00e3o.<\/strong><br \/>\nA IA assinala potenciais problemas de conformidade em todo o conjunto de documentos. V\u00ea padr\u00f5es de comportamento preocupante.<\/p>\n\n\n<hr class=\"wp-block-separator has-alpha-channel-opacity\"\/>\n\n\n\n<h3 class=\"wp-block-heading\">Exemplo do mundo real: Disputa de emprego<\/h3>\n\n\n<p>Um trabalhador processa-o por despedimento il\u00edcito e ass\u00e9dio. A descoberta inclui 3 anos de e-mails, registos de conversas e documentos de RH. 80.000 documentos no total.<\/p>\n\n<p><strong>Sem IA:<\/strong><\/p>\n<ul>\n<li>Equipa de revis\u00e3o: 5 advogados contratados<\/li>\n<li>Prazo de revis\u00e3o: 6 semanas<\/li>\n<li>Primeiro documento quente encontrado: Semana 4<\/li>\n<li>Custo total da revis\u00e3o: $120,000<\/li>\n<li>Documentos analisados desnecessariamente: Cerca de 50 000 documentos claramente irrelevantes<\/li>\n<\/ul>\n\n<p><strong>Com IA:<\/strong><\/p>\n<ul>\n<li>A IA pr\u00e9-classifica os documentos (2 horas de processamento)<\/li>\n<li>40 000 documentos classificados como claramente n\u00e3o relevantes (elevada confian\u00e7a)<\/li>\n<li>25 000 documentos assinalados como provavelmente relevantes ou pouco claros<\/li>\n<li>15 000 documentos assinalados como potencialmente sens\u00edveis (privil\u00e9gio, documentos importantes)<\/li>\n<li>Documentos quentes com prioridade para o topo da fila de revis\u00e3o<\/li>\n<li>Equipa de revis\u00e3o: 2 advogados + 2 revisores de contratos<\/li>\n<li>Tempo de revis\u00e3o: 2,5 semanas<\/li>\n<li>Primeiro documento quente encontrado: Dia 3<\/li>\n<li>Custo total: $45,000<\/li>\n<li>Melhor compreens\u00e3o do caso, discuss\u00e3o antecipada do acordo<\/li>\n<\/ul>\n\n<p>A mesma qualidade. Poupan\u00e7a de custos 60%. Resolu\u00e7\u00e3o mais r\u00e1pida.<\/p>\n\n\n<hr class=\"wp-block-separator has-alpha-channel-opacity\"\/>\n\n\n\n<h3 class=\"wp-block-heading\">O que a IA n\u00e3o faz<\/h3>\n\n\n<p>Sejamos honestos quanto \u00e0s limita\u00e7\u00f5es.<\/p>\n\n<p><strong>A IA n\u00e3o compreende chamadas complexas de privil\u00e9gio legal.<\/strong><br \/>\nAssinala os documentos que podem ser privilegiados. A determina\u00e7\u00e3o do privil\u00e9gio continua a ser efectuada por um advogado.<\/p>\n\n<p><strong>A IA n\u00e3o substitui os revisores humanos.<\/strong><br \/>\nReduz o volume de trabalho que t\u00eam de analisar. Ajuda-os a tomar melhores decis\u00f5es. Continuam a rever e a tomar as decis\u00f5es finais.<\/p>\n\n<p><strong>A IA n\u00e3o lida perfeitamente com casos novos.<\/strong><br \/>\nLit\u00edgios normais (emprego, contratos, propriedade intelectual)? Excelente. Teorias jur\u00eddicas sem precedentes e sem dados de forma\u00e7\u00e3o? Menos \u00fatil.<\/p>\n\n<p><strong>A IA precisa de feedback para melhorar.<\/strong><br \/>\nQuanto mais se rev\u00ea e corrige as suas previs\u00f5es, mais precisas se tornam. N\u00e3o \u00e9 um programa do tipo \"definir e esquecer\".<\/p>\n\n<p><strong>A IA n\u00e3o toma decis\u00f5es estrat\u00e9gicas.<\/strong><br \/>\nDiz-lhe o que est\u00e1 nos documentos. Tu decides o que isso significa para o caso.<\/p>\n\n<p>A IA \u00e9 uma ferramenta poderosa. N\u00e3o \u00e9 um substituto para litigantes experientes.<\/p>\n\n\n<hr class=\"wp-block-separator has-alpha-channel-opacity\"\/>\n\n\n\n<h3 class=\"wp-block-heading\">Como come\u00e7ar<\/h3>\n\n\n<p><strong>1. Identificar um caso-piloto.<\/strong><br \/>\nEscolha um caso com um volume de documentos significativo (mais de 10.000 documentos), mas n\u00e3o o lit\u00edgio mais complexo. Os tipos de lit\u00edgio padr\u00e3o funcionam melhor.<\/p>\n\n<p><strong>2. Definir claramente os crit\u00e9rios de revis\u00e3o.<\/strong><br \/>\nO que \u00e9 que torna um documento relevante? O que \u00e9 que procura? Quanto mais claros forem os seus crit\u00e9rios, melhor ser\u00e1 o desempenho da IA.<\/p>\n\n<p><strong>3. Come\u00e7ar com um conjunto de sementes.<\/strong><br \/>\nRever 500-1000 documentos manualmente. Codifique-os. A IA aprende com as suas decis\u00f5es.<\/p>\n\n<p><strong>4. Deixe a IA classificar o resto.<\/strong><br \/>\nA IA prev\u00ea a relev\u00e2ncia dos restantes documentos com base no que aprendeu.<\/p>\n\n<p><strong>5. Revis\u00e3o com assist\u00eancia da IA.<\/strong><br \/>\nConcentrar-se em documentos de elevada prioridade. Controlo de qualidade de uma amostra de classifica\u00e7\u00f5es de IA. Fornecer feedback.<\/p>\n\n<p><strong>6. Aperfei\u00e7oar e alargar.<\/strong><br \/>\nA IA melhora com o feedback. Aplicar as li\u00e7\u00f5es aprendidas ao caso seguinte.<\/p>\n\n\n<hr class=\"wp-block-separator has-alpha-channel-opacity\"\/>\n\n\n\n<h3 class=\"wp-block-heading\">Perguntas comuns<\/h3>\n\n\n<p><strong>A revis\u00e3o assistida por IA \u00e9 aceite pelos tribunais?<\/strong><br \/>\nSim. Os tribunais t\u00eam aprovado repetidamente a TAR e a revis\u00e3o assistida por IA. Atualmente, \u00e9 uma pr\u00e1tica corrente em lit\u00edgios complexos.<\/p>\n\n<p><strong>E quanto \u00e0 revis\u00e3o de privil\u00e9gios?<\/strong><br \/>\nA IA pode assinalar documentos potencialmente privilegiados, mas o advogado deve tomar a decis\u00e3o final sobre o privil\u00e9gio. A maioria das equipas utiliza a IA para a sinaliza\u00e7\u00e3o na primeira passagem.<\/p>\n\n<p><strong>Consegue lidar com diferentes tipos de ficheiros?<\/strong><br \/>\nSim. E-mails, PDFs, documentos Word, Excel, imagens com texto (OCR), registos de conversa\u00e7\u00e3o e muito mais. Se o texto puder ser extra\u00eddo, a IA pode analis\u00e1-lo.<\/p>\n\n<p><strong>E quanto \u00e0s l\u00ednguas estrangeiras?<\/strong><br \/>\nA IA pode lidar com v\u00e1rios idiomas. A precis\u00e3o varia consoante a l\u00edngua. Ingl\u00eas, espanhol, franc\u00eas e alem\u00e3o funcionam melhor.<\/p>\n\n<p><strong>Como \u00e9 que se garante a qualidade?<\/strong><br \/>\nAmostragem de controlo de qualidade. Feedback cont\u00ednuo. Valida\u00e7\u00e3o em rela\u00e7\u00e3o a um conjunto de controlo. As mesmas pr\u00e1ticas de garantia de qualidade utilizadas na revis\u00e3o tradicional.<\/p>\n\n<p><strong>E quanto \u00e0 seguran\u00e7a dos dados?<\/strong><br \/>\nTrabalhamos com a sua plataforma de eDiscovery existente ou implementamos no seu ambiente seguro. Os seus documentos ficam sob o seu controlo.<\/p>\n\n\n<hr class=\"wp-block-separator has-alpha-channel-opacity\"\/>\n\n\n\n<h3 class=\"wp-block-heading\">A linha de fundo<\/h3>\n\n\n<p>A revis\u00e3o de documentos n\u00e3o tem de ser uma perda de tempo e de custos.<\/p>\n<p>A IA trata da primeira passagem. Classifica a pilha. Encontra padr\u00f5es. Assinala o que interessa. Os seus revisores concentram-se nos documentos que necessitam de avalia\u00e7\u00e3o humana.<\/p>\n<p>O resultado \u00e9 uma resolu\u00e7\u00e3o mais r\u00e1pida dos casos, custos de descoberta mais baixos, melhores decis\u00f5es estrat\u00e9gicas e revisores a fazer o trabalho que realmente requer conhecimentos especializados.<\/p>\n<p>Sem magia. Apenas automatiza\u00e7\u00e3o pr\u00e1tica que torna o lit\u00edgio mais eficiente.<\/p>\n\n\n<hr class=\"wp-block-separator has-alpha-channel-opacity\"\/>\n\n\n\n<h3 class=\"wp-block-heading\">Pronto para reduzir os custos de descoberta?<\/h3>\n\n\n<p>Cada caso \u00e9 diferente. Diferentes tipos de documentos. Quest\u00f5es diferentes. Diferentes protocolos de revis\u00e3o.<\/p>\n<p>N\u00e3o vendemos solu\u00e7\u00f5es de tamanho \u00fanico. Analisamos os seus casos espec\u00edficos e desafios de descoberta. Identificamos onde a IA oferece o maior valor. Criamos um fluxo de trabalho que se adapta ao seu processo.<\/p>\n<p>Vamos falar sobre os seus desafios de revis\u00e3o de documentos e onde a IA pode ter um impacto real.<\/p>\n\n<p><a href=\"https:\/\/www.leaplytics.de\/pt\/contacto\/\">Discuta as suas necessidades de revis\u00e3o de documentos<\/a><\/p>\n\n<p><a href=\"https:\/\/www.leaplytics.de\/pt\/direito-legal-ai\/\">Voltar a Vis\u00e3o geral da IA jur\u00eddica<\/a><\/p>","protected":false},"excerpt":{"rendered":"<p>AI for Document Review in Litigation &#038; Investigations: Find the Needle Without Reading Every Piece of Hay Legal cases mean documents. Thousands of them. Sometimes millions. Emails. Attachments. PDFs. Chat logs. Text messages. Presentations. Spreadsheets. Photos with text. Contracts. Meeting notes. All of it needs review. All of it needs classification. Relevant or not. Privileged &hellip; <\/p>","protected":false},"author":2,"featured_media":0,"parent":0,"menu_order":0,"comment_status":"closed","ping_status":"closed","template":"","meta":{"footnotes":""},"class_list":["post-14462","page","type-page","status-publish","hentry","latest_post"],"_links":{"self":[{"href":"https:\/\/www.leaplytics.de\/pt\/wp-json\/wp\/v2\/pages\/14462","targetHints":{"allow":["GET"]}}],"collection":[{"href":"https:\/\/www.leaplytics.de\/pt\/wp-json\/wp\/v2\/pages"}],"about":[{"href":"https:\/\/www.leaplytics.de\/pt\/wp-json\/wp\/v2\/types\/page"}],"author":[{"embeddable":true,"href":"https:\/\/www.leaplytics.de\/pt\/wp-json\/wp\/v2\/users\/2"}],"replies":[{"embeddable":true,"href":"https:\/\/www.leaplytics.de\/pt\/wp-json\/wp\/v2\/comments?post=14462"}],"version-history":[{"count":1,"href":"https:\/\/www.leaplytics.de\/pt\/wp-json\/wp\/v2\/pages\/14462\/revisions"}],"predecessor-version":[{"id":14471,"href":"https:\/\/www.leaplytics.de\/pt\/wp-json\/wp\/v2\/pages\/14462\/revisions\/14471"}],"wp:attachment":[{"href":"https:\/\/www.leaplytics.de\/pt\/wp-json\/wp\/v2\/media?parent=14462"}],"curies":[{"name":"wp","href":"https:\/\/api.w.org\/{rel}","templated":true}]}}