{"id":14476,"date":"2025-12-19T01:55:43","date_gmt":"2025-12-19T00:55:43","guid":{"rendered":"https:\/\/www.leaplytics.de\/?page_id=14476"},"modified":"2025-12-19T01:55:44","modified_gmt":"2025-12-19T00:55:44","slug":"gestao-de-campanhas-otimizacao-ai","status":"publish","type":"page","link":"https:\/\/www.leaplytics.de\/pt\/gestao-de-campanhas-otimizacao-ai\/","title":{"rendered":"Gest\u00e3o e otimiza\u00e7\u00e3o de campanhas IA"},"content":{"rendered":"<h2>IA para gest\u00e3o e otimiza\u00e7\u00e3o de campanhas: Pare de adivinhar o que funciona<\/h2>\n\n<p>A sua equipa de marketing realiza campanhas em todos os canais. Correio eletr\u00f3nico. Pesquisa paga. An\u00fancios em redes sociais. Conte\u00fado. Display. Eventos. Webinars.<\/p>\n<p>Cada canal tem a sua pr\u00f3pria plataforma. As suas pr\u00f3prias m\u00e9tricas. O seu pr\u00f3prio painel de controlo. E, de alguma forma, \u00e9 suposto descobrir quais as campanhas que realmente geram receitas e quais as que desperdi\u00e7am or\u00e7amento.<\/p>\n<p>Na altura em que analisa o desempenho do m\u00eas passado, este m\u00eas j\u00e1 passou a meio. Est\u00e1 a otimizar as campanhas de ontem enquanto as de hoje funcionam em piloto autom\u00e1tico.<\/p>\n<p>A IA monitoriza tudo em tempo real. Identifica o que est\u00e1 a funcionar e o que n\u00e3o est\u00e1. Optimiza o or\u00e7amento automaticamente. Prev\u00ea o desempenho da campanha antes do seu lan\u00e7amento. Os seus gastos de marketing v\u00e3o para onde geram retorno, n\u00e3o para onde sempre foram.<\/p>\n\n\n<hr class=\"wp-block-separator has-alpha-channel-opacity\"\/>\n\n\n\n<h3 class=\"wp-block-heading\">O problema: demasiadas campanhas, pouca informa\u00e7\u00e3o<\/h3>\n\n\n<p>Realiza 20 campanhas este m\u00eas. Conhece os cliques e as impress\u00f5es. Sabe o custo por clique. Talvez at\u00e9 conhe\u00e7a as convers\u00f5es.<\/p>\n<p>Mas sabe quais as campanhas que geraram receitas efectivas? Que clientes vieram de onde? Quais os canais que funcionam em conjunto? Quais os que est\u00e3o a desperdi\u00e7ar dinheiro?<\/p>\n<p>A maioria das equipas n\u00e3o o faz. Porque juntar os dados do Google Ads, Facebook, plataforma de correio eletr\u00f3nico, CRM e ferramentas de an\u00e1lise demora horas. Quando se tem uma vis\u00e3o completa, a campanha j\u00e1 terminou.<\/p>\n<p>Por isso, tomamos decis\u00f5es com base em dados incompletos. Ou em m\u00e9tricas de substitui\u00e7\u00e3o. Ou no que funcionou da \u00faltima vez. E pergunta-se porque \u00e9 que o ROI do marketing \u00e9 dif\u00edcil de provar.<\/p>\n\n\n<hr class=\"wp-block-separator has-alpha-channel-opacity\"\/>\n\n\n\n<h3 class=\"wp-block-heading\">O que a IA faz pela gest\u00e3o de campanhas<\/h3>\n\n\n<p>A IA consolida os dados das campanhas em todos os canais. Acompanha o desempenho at\u00e9 aos resultados reais. Optimiza automaticamente. Ajuda-o a gastar de forma mais inteligente.<\/p>\n\n\n<h4 class=\"wp-block-heading\">Acompanhamento do desempenho entre canais<\/h4>\n\n\n<p>Todas as suas campanhas. Todos os seus canais. Uma vis\u00e3o.<\/p>\n<p>A IA obt\u00e9m dados de:\n<ul>\n<li>Pesquisa paga (Google, Bing)<\/li>\n<li>An\u00fancios sociais (Facebook, LinkedIn, Instagram, Twitter)<\/li>\n<li>Marketing por correio eletr\u00f3nico<\/li>\n<li>Publicidade gr\u00e1fica<\/li>\n<li>Marketing de conte\u00fados<\/li>\n<li>Eventos e webinars<\/li>\n<li>Org\u00e2nica social<\/li>\n<li>SEO e pesquisa org\u00e2nica<\/li>\n<\/ul>\n<\/p>\n\n<p>Todas as campanhas controladas num \u00fanico local. As mesmas m\u00e9tricas. Os mesmos prazos. Acabaram-se os saltos entre plataformas para tentar comparar ma\u00e7\u00e3s com laranjas.<\/p>\n<p>V\u00ea-se o panorama completo. Que canais geram tr\u00e1fego? Que canais geram convers\u00f5es? Quais geram receitas? N\u00e3o apenas esta campanha, mas as tend\u00eancias ao longo do tempo.<\/p>\n\n\n<h4 class=\"wp-block-heading\">Atribui\u00e7\u00e3o e liga\u00e7\u00e3o de receitas<\/h4>\n\n\n<p>A pergunta mais dif\u00edcil do marketing: que campanhas geraram efetivamente receitas?<\/p>\n<p>A IA monitoriza os percursos dos clientes:\n<ul>\n<li>Primeiro ponto de contacto (como \u00e9 que o encontraram?)<\/li>\n<li>Toques interm\u00e9dios (o que os manteve envolvidos?)<\/li>\n<li>\u00daltimo toque (o que os fez converter?)<\/li>\n<li>Todos os pontos de contacto que influenciaram a decis\u00e3o<\/li>\n<\/ul>\n<\/p>\n\n<p>Relaciona a atividade de marketing com as receitas obtidas. N\u00e3o apenas leads ou convers\u00f5es - d\u00f3lares reais.<\/p>\n<p>V\u00ea quais s\u00e3o as campanhas que geram pipeline. Quais geram ganhos r\u00e1pidos. Que ajudam outros canais. Quais est\u00e3o a receber cr\u00e9dito pelo trabalho realizado por outros canais.<\/p>\n<p>A atribui\u00e7\u00e3o n\u00e3o \u00e9 perfeita. Os clientes n\u00e3o seguem caminhos perfeitos. Mas a atribui\u00e7\u00e3o de IA \u00e9 muito melhor do que o \u00faltimo clique ou a adivinha\u00e7\u00e3o.<\/p>\n\n\n<h4 class=\"wp-block-heading\">Recomenda\u00e7\u00f5es de otimiza\u00e7\u00e3o do or\u00e7amento<\/h4>\n\n\n<p>Disp\u00f5e de $50K para gastar neste trimestre. Como \u00e9 que o deve afetar?<\/p>\n<p>A IA analisa o desempenho:\n<ul>\n<li>Quais os canais com melhor ROI?<\/li>\n<li>Que campanhas est\u00e3o a ter um fraco desempenho?<\/li>\n<li>Onde \u00e9 que o or\u00e7amento est\u00e1 esgotado (poderia ser gasto de forma mais eficaz)?<\/li>\n<li>Onde \u00e9 que est\u00e1 a atingir rendimentos decrescentes (gastando demasiado)?<\/li>\n<\/ul>\n<\/p>\n\n<p>Recomenda altera\u00e7\u00f5es or\u00e7amentais:\n<ul>\n<li>\"Os an\u00fancios no LinkedIn geram um ROI 3x superior ao do Facebook. Transferir 30% do or\u00e7amento social para l\u00e1.\"<\/li>\n<li>\"Convers\u00e3o de e-mail de nutri\u00e7\u00e3o a uma taxa elevada, mas a atingir os limites da lista. Investir na gera\u00e7\u00e3o de contactos\".<\/li>\n<li>\"A pesquisa paga atingiu o m\u00e1ximo em palavras-chave de alta intensidade. N\u00e3o adicione mais or\u00e7amento a essas palavras.\"<\/li>\n<\/ul>\n<\/p>\n\n<p>Continua a tomar as decis\u00f5es. Mas est\u00e1 a tom\u00e1-las com base em dados de desempenho e n\u00e3o em sentimentos.<\/p>\n\n\n<h4 class=\"wp-block-heading\">Optimiza\u00e7\u00f5es automatizadas de campanhas<\/h4>\n\n\n<p>Algumas optimiza\u00e7\u00f5es n\u00e3o necessitam de decis\u00f5es humanas. S\u00f3 precisam de ser r\u00e1pidas.<\/p>\n<p>A IA trata automaticamente dos ajustes t\u00e1cticos:\n<ul>\n<li>Pausa de an\u00fancios com fraco desempenho<\/li>\n<li>Aumentar as licita\u00e7\u00f5es em palavras-chave de elevada convers\u00e3o<\/li>\n<li>Diminuir as licita\u00e7\u00f5es em palavras-chave que geram cliques mas n\u00e3o convers\u00f5es<\/li>\n<li>Transferir o or\u00e7amento dos conjuntos de an\u00fancios de baixo desempenho para os de alto desempenho<\/li>\n<li>Ajustar os tempos de envio de mensagens de correio eletr\u00f3nico com base em padr\u00f5es de taxas de abertura<\/li>\n<li>Aumentar os gastos em campanhas que atinjam os objectivos de efici\u00eancia<\/li>\n<\/ul>\n<\/p>\n\n<p>Estes ajustamentos ocorrem em tempo real. N\u00e3o dias mais tarde, quando se analisa o desempenho. A IA optimiza enquanto as campanhas decorrem.<\/p>\n<p>O utilizador define as regras e os limites. A IA executa-as dentro das mesmas. O utilizador rev\u00ea e ajusta as regras com base nos resultados.<\/p>\n\n\n<h4 class=\"wp-block-heading\">Previs\u00e3o do desempenho da campanha<\/h4>\n\n\n<p>Antes de lan\u00e7ar uma campanha, n\u00e3o gostaria de saber qual ser\u00e1 o seu desempenho?<\/p>\n<p>A IA prev\u00ea resultados com base em:\n<ul>\n<li>Campanhas anteriores semelhantes (p\u00fablico, canal, mensagem, oferta)<\/li>\n<li>Condi\u00e7\u00f5es actuais do mercado e sazonalidade<\/li>\n<li>Dimens\u00e3o e carater\u00edsticas do p\u00fablico<\/li>\n<li>Elementos criativos (linhas de assunto, texto do an\u00fancio, imagens)<\/li>\n<\/ul>\n<\/p>\n\n<p>Estima-se que: \"Com base em campanhas semelhantes, espere 18-24K impress\u00f5es, 2.3-2.8% CTR, 140-180 convers\u00f5es, $48-$62 CPA.\"<\/p>\n<p>N\u00e3o s\u00e3o previs\u00f5es perfeitas. Mas \u00e9 melhor do que lan\u00e7ar \u00e0s cegas. Se o desempenho previsto n\u00e3o atingir os seus objectivos, ajuste-o antes de gastar o or\u00e7amento.<\/p>\n\n\n<h4 class=\"wp-block-heading\">Dete\u00e7\u00e3o de cansa\u00e7o do p\u00fablico<\/h4>\n\n\n<p>Quantas vezes \u00e9 que se pode mostrar o mesmo an\u00fancio \u00e0s mesmas pessoas antes que elas se desliguem?<\/p>\n<p>A IA est\u00e1 atenta aos sinais de fadiga:\n<ul>\n<li>CTR a diminuir ao longo do tempo com o mesmo p\u00fablico<\/li>\n<li>A taxa de convers\u00e3o est\u00e1 a cair mesmo quando os cliques se mant\u00eam est\u00e1veis<\/li>\n<li>Frequ\u00eancia demasiado elevada (a mesma pessoa v\u00ea o an\u00fancio mais de 10 vezes)<\/li>\n<li>Aumento do envolvimento negativo (ocultar an\u00fancio, anular subscri\u00e7\u00e3o, marcar como spam)<\/li>\n<\/ul>\n<\/p>\n\n<p>Quando o cansa\u00e7o se instala, a IA assinala-o. \u00c9 altura de atualizar a criatividade, mudar a mensagem ou dar uma pausa ao p\u00fablico.<\/p>\n<p>Evita que se esgotem os melhores p\u00fablicos atrav\u00e9s de um excesso de marketing.<\/p>\n\n\n<h4 class=\"wp-block-heading\">Avalia\u00e7\u00e3o comparativa da concorr\u00eancia<\/h4>\n\n\n<p>O seu desempenho \u00e9 bom ou mau? \u00c9 dif\u00edcil dizer sem contexto.<\/p>\n<p>A IA compara as suas m\u00e9tricas com:\n<ul>\n<li>O seu pr\u00f3prio desempenho hist\u00f3rico<\/li>\n<li>Refer\u00eancias do sector<\/li>\n<li>Empresas similares<\/li>\n<li>Cen\u00e1rio concorrencial (quando vis\u00edvel)<\/li>\n<\/ul>\n<\/p>\n\n<p>Est\u00e1 a ver: \"O seu CTR do LinkedIn \u00e9 1.8%. A m\u00e9dia do sector \u00e9 de 0,9%. Est\u00e1 a ter um bom desempenho. Mas a sua taxa de convers\u00e3o \u00e9 2.1% vs. 3.5% da m\u00e9dia da ind\u00fastria. O problema est\u00e1 na sua p\u00e1gina de destino ou oferta, n\u00e3o nos seus an\u00fancios.\"<\/p>\n<p>Esse contexto ajuda-o a saber onde otimizar. N\u00e3o perca tempo a melhorar o que j\u00e1 \u00e9 bom. Corrija o que est\u00e1 realmente estragado.<\/p>\n\n\n<hr class=\"wp-block-separator has-alpha-channel-opacity\"\/>\n\n\n\n<h3 class=\"wp-block-heading\">O que isto significa para si<\/h3>\n\n\n\n<h4 class=\"wp-block-heading\">Para CMOs<\/h4>\n\n\n<p>ROI claro sobre as despesas de marketing. Sabe quais as campanhas que geram receitas. Sabe onde investir mais e onde cortar.<\/p>\n<p>Decis\u00f5es or\u00e7amentais baseadas em dados, n\u00e3o em pol\u00edticas. Quando os dirigentes perguntam \"Por que estamos a gastar nisto?\", \u00e9 preciso ter n\u00fameros.<\/p>\n<p>Ciclos de otimiza\u00e7\u00e3o mais r\u00e1pidos. N\u00e3o espere at\u00e9 ao final do trimestre para analisar o desempenho. A IA optimiza continuamente enquanto as campanhas decorrem.<\/p>\n<p>Investimento de marketing justific\u00e1vel. Quando se consegue relacionar as despesas com as receitas, \u00e9 mais f\u00e1cil obter a aprova\u00e7\u00e3o do or\u00e7amento. O marketing deixa de ser um centro de custos e come\u00e7a a ser um motor de crescimento.<\/p>\n\n\n<h4 class=\"wp-block-heading\">Para gestores de marketing<\/h4>\n\n\n<p>Uma vis\u00e3o de todas as campanhas. Deixe de iniciar sess\u00e3o em 7 plataformas diferentes para ver o que est\u00e1 a acontecer. Um painel de controlo, todos os seus dados.<\/p>\n<p>Sabe-se o que est\u00e1 a funcionar em tempo real. N\u00e3o semanas mais tarde. Pode ajustar-se rapidamente quando algo n\u00e3o est\u00e1 a funcionar.<\/p>\n<p>Menos tempo para a elabora\u00e7\u00e3o de relat\u00f3rios, mais tempo para a estrat\u00e9gia. A IA gera os relat\u00f3rios de desempenho. O utilizador analisa-os e decide o que fazer com eles.<\/p>\n<p>Fazem-se mais testes porque a otimiza\u00e7\u00e3o \u00e9 mais f\u00e1cil. Mais testes significam uma melhor aprendizagem sobre o que \u00e9 importante para o seu p\u00fablico.<\/p>\n\n\n<h4 class=\"wp-block-heading\">Para a empresa<\/h4>\n\n\n<p>Maior ROI de marketing. O or\u00e7amento vai para canais e campanhas que funcionam. Menos gastos desperdi\u00e7ados com produtos de fraco desempenho.<\/p>\n<p>Custos de aquisi\u00e7\u00e3o de clientes mais previs\u00edveis. Quando se sabe qual o desempenho esperado, \u00e9 poss\u00edvel planear o crescimento com mais precis\u00e3o.<\/p>\n<p>Dimensionamento eficiente. Quando encontra campanhas que funcionam, pode escal\u00e1-las com confian\u00e7a. Quando deixam de funcionar, \u00e9 poss\u00edvel detect\u00e1-las rapidamente.<\/p>\n\n\n<hr class=\"wp-block-separator has-alpha-channel-opacity\"\/>\n\n\n\n<h3 class=\"wp-block-heading\">Exemplos reais de IA de otimiza\u00e7\u00e3o de campanhas<\/h3>\n\n\n\n<h4 class=\"wp-block-heading\">Exemplo 1: Empresa de com\u00e9rcio eletr\u00f3nico<\/h4>\n\n\n<p>Um retalhista online publicou an\u00fancios no Facebook, Google e Instagram. Gastou $200K\/m\u00eas. N\u00e3o foi poss\u00edvel saber qual plataforma gerou vendas reais em vez de apenas cliques.<\/p>\n<p><strong>O que mudou:<\/strong> A IA monitorizou os percursos dos clientes desde o primeiro clique no an\u00fancio at\u00e9 \u00e0 compra. Ligou os gastos com an\u00fancios \u00e0s receitas por canal.<\/p>\n<p><strong>Resultado:<\/strong> Descobriu-se que o Instagram gerava notoriedade, mas raramente convers\u00f5es de \u00faltimo clique. A pesquisa no Google gerava convers\u00f5es no fundo do funil. Altera\u00e7\u00e3o da afeta\u00e7\u00e3o do or\u00e7amento - menos Instagram, mais Google. Mesmo gasto total, 27% mais receita.<\/p>\n\n\n<h4 class=\"wp-block-heading\">Exemplo 2: Empresa B2B SaaS<\/h4>\n\n\n<p>Uma empresa SaaS geria an\u00fancios no LinkedIn, mas geria-os manualmente. Verificava o desempenho uma vez por semana e fazia ajustes \u00e0s sextas-feiras.<\/p>\n<p><strong>O que mudou:<\/strong> A IA monitorizou campanhas continuamente. Pausou automaticamente os an\u00fancios com fraco desempenho. Transferiu o or\u00e7amento para os melhores desempenhos em tempo real.<\/p>\n<p><strong>Resultado:<\/strong> O custo por lead desceu 34% porque os que tinham um mau desempenho eram imediatamente interrompidos em vez de ficarem a funcionar durante toda a semana. O or\u00e7amento foi continuamente para os vencedores, e n\u00e3o apenas ap\u00f3s as revis\u00f5es de sexta-feira.<\/p>\n\n\n<h4 class=\"wp-block-heading\">Exemplo 3: Empresa de servi\u00e7os profissionais<\/h4>\n\n\n<p>Uma empresa de consultoria gastou em marketing de conte\u00fados, eventos e an\u00fancios pagos. A dire\u00e7\u00e3o questionou o ROI do marketing. O diretor de marketing n\u00e3o conseguiu provar quais as actividades que geraram novos clientes.<\/p>\n<p><strong>O que mudou:<\/strong> A IA monitorizou todos os contactos de marketing at\u00e9 aos neg\u00f3cios fechados. Ligou os downloads de conte\u00fados, a participa\u00e7\u00e3o em eventos e os cliques em an\u00fancios a contratos efetivamente assinados.<\/p>\n<p><strong>Resultado:<\/strong> Provou que o conte\u00fado + eventos tinham um ROI 3x superior ao dos an\u00fancios pagos isoladamente. Aumento do or\u00e7amento para conte\u00fados e eventos. Elimin\u00e1mos os canais pagos com fraco desempenho. O ROI global de marketing melhorou 45%.<\/p>\n\n\n<hr class=\"wp-block-separator has-alpha-channel-opacity\"\/>\n\n\n\n<h3 class=\"wp-block-heading\">O que a IA n\u00e3o faz<\/h3>\n\n\n<p>Sejamos honestos quanto aos limites.<\/p>\n<p>A IA n\u00e3o cria a sua estrat\u00e9gia de marketing. N\u00e3o conhece o seu posicionamento, a sua marca ou o que o diferencia. Isso \u00e9 trabalho humano.<\/p>\n<p>A IA n\u00e3o pode corrigir m\u00e1s campanhas. Se a sua oferta n\u00e3o for convincente, ou se a sua criatividade for fraca, ou se a sua segmenta\u00e7\u00e3o n\u00e3o for adequada, a IA dir-lhe-\u00e1 que n\u00e3o est\u00e1 a funcionar, mas n\u00e3o a far\u00e1 funcionar. Continua a ser necess\u00e1rio ter boas bases de marketing.<\/p>\n<p>A otimiza\u00e7\u00e3o por IA funciona dentro dos par\u00e2metros definidos pelo utilizador. Se testar apenas pequenas varia\u00e7\u00f5es, s\u00f3 obt\u00e9m melhorias incrementais. Os grandes avan\u00e7os continuam a exigir criatividade humana e pensamento estrat\u00e9gico.<\/p>\n<p>E a atribui\u00e7\u00e3o nunca \u00e9 perfeita. Os clientes n\u00e3o seguem caminhos lineares. Alguns pontos de contacto n\u00e3o podem ser monitorizados (boca a boca, conversas offline, dark social). A IA d\u00e1-lhe a melhor vis\u00e3o poss\u00edvel, mas n\u00e3o \u00e9 completa.<\/p>\n\n\n<hr class=\"wp-block-separator has-alpha-channel-opacity\"\/>\n\n\n\n<h3 class=\"wp-block-heading\">Como come\u00e7ar<\/h3>\n\n\n<p>N\u00e3o tente otimizar tudo de uma vez. Comece por onde ter\u00e1 o maior impacto:\n<ul>\n<li><strong>Comece pela consolida\u00e7\u00e3o de dados.<\/strong> Ligue as suas plataformas de campanha. Tenha todos os dados num \u00fanico local. O simples facto de ver tudo em conjunto revela informa\u00e7\u00f5es.<\/li>\n<li><strong>Acompanhar um canal de ponta a ponta.<\/strong> Escolha o canal que mais gasta. Acompanhe desde a impress\u00e3o at\u00e9 \u00e0s receitas. Veja como \u00e9 realmente o desempenho do funil completo.<\/li>\n<li><strong>Teste a otimiza\u00e7\u00e3o automatizada numa campanha.<\/strong> Deixe a IA otimizar uma campanha de teste. Compare o desempenho com o controlo optimizado manualmente. Me\u00e7a a diferen\u00e7a.<\/li>\n<li><strong>Analisar um trimestre historicamente.<\/strong> Alimentar a IA com dados de campanhas anteriores. Pergunte \"O que dever\u00edamos ter feito de diferente?\" Aprenda com os padr\u00f5es que lhe escaparam.<\/li>\n<li><strong>Configurar alertas de desempenho.<\/strong> Deixe que a IA o notifique quando as campanhas ultrapassarem ou n\u00e3o atingirem os limites. Detecte problemas rapidamente.<\/li>\n<\/ul>\n<\/p>\n\n<p>Come\u00e7ar em pequena escala. Prove o seu valor. Expanda para mais canais e campanhas \u00e0 medida que v\u00ea resultados.<\/p>\n\n\n<hr class=\"wp-block-separator has-alpha-channel-opacity\"\/>\n\n\n\n<h3 class=\"wp-block-heading\">A linha de fundo<\/h3>\n\n\n<p>A otimiza\u00e7\u00e3o de campanhas \u00e9 o reconhecimento de padr\u00f5es \u00e0 escala. Que mensagens funcionam? Que audi\u00eancias respondem? Qual \u00e9 o timing ideal? Que canais geram resultados?<\/p>\n<p>Os humanos n\u00e3o conseguem monitorizar dezenas de campanhas em v\u00e1rios canais em tempo real. A IA consegue.<\/p>\n<p>A sua equipa de marketing continua a definir a estrat\u00e9gia. Continua a criar campanhas. Continua a tomar grandes decis\u00f5es sobre o posicionamento e a afeta\u00e7\u00e3o do or\u00e7amento.<\/p>\n<p>Mas n\u00e3o est\u00e3o a voar \u00e0s cegas. T\u00eam dados sobre o que est\u00e1 a funcionar e o que n\u00e3o est\u00e1 - em tempo real, n\u00e3o semanas depois. Optimizam continuamente em vez de trimestralmente.<\/p>\n<p>Isto significa menos gastos desperdi\u00e7ados, um ROI mais elevado e um marketing que realmente impulsiona o crescimento.<\/p>\n\n\n<hr class=\"wp-block-separator has-alpha-channel-opacity\"\/>\n\n\n\n<h3 class=\"wp-block-heading\">Quer um melhor ROI de marketing?<\/h3>\n\n\n<p>Cada empresa tem campanhas diferentes. Diferentes canais. Diferentes formas de medir o sucesso.<\/p>\n<p>N\u00e3o vendemos ferramentas de campanha gen\u00e9ricas. Analisamos o seu marketing mix. Identificamos onde a IA pode efetivamente melhorar o desempenho. Ligamos os seus dados para que possa ver o quadro completo.<\/p>\n<p>Depois, definimos uma otimiza\u00e7\u00e3o que funciona para a sua equipa e para os seus canais. Obt\u00e9m-se um melhor desempenho sem alterar a forma como se trabalha.<\/p>\n<p>Nada de exageros. N\u00e3o h\u00e1 promessas de que a IA ir\u00e1 multiplicar os seus resultados de um dia para o outro. Apenas melhores dados, otimiza\u00e7\u00e3o mais r\u00e1pida e gastos de marketing que v\u00e3o para onde funcionam.<\/p>\n\n<p><a href=\"https:\/\/www.leaplytics.de\/pt\/contacto\/\">Vamos falar sobre as suas campanhas de marketing<\/a><\/p>\n\n<p><a href=\"https:\/\/www.leaplytics.de\/pt\/marketing-vendas-ai\/\">Voltar a IA de marketing e vendas<\/a><\/p>","protected":false},"excerpt":{"rendered":"<p>AI for Campaign Management &#038; Optimization: Stop Guessing What Works Your marketing team runs campaigns across channels. Email. Paid search. Social ads. Content. Display. Events. Webinars. Each channel has its own platform. Its own metrics. Its own dashboard. And somehow you&#8217;re supposed to figure out which campaigns actually drive revenue and which are wasting budget. &hellip; <\/p>","protected":false},"author":2,"featured_media":0,"parent":0,"menu_order":0,"comment_status":"closed","ping_status":"closed","template":"","meta":{"footnotes":""},"class_list":["post-14476","page","type-page","status-publish","hentry","latest_post"],"_links":{"self":[{"href":"https:\/\/www.leaplytics.de\/pt\/wp-json\/wp\/v2\/pages\/14476","targetHints":{"allow":["GET"]}}],"collection":[{"href":"https:\/\/www.leaplytics.de\/pt\/wp-json\/wp\/v2\/pages"}],"about":[{"href":"https:\/\/www.leaplytics.de\/pt\/wp-json\/wp\/v2\/types\/page"}],"author":[{"embeddable":true,"href":"https:\/\/www.leaplytics.de\/pt\/wp-json\/wp\/v2\/users\/2"}],"replies":[{"embeddable":true,"href":"https:\/\/www.leaplytics.de\/pt\/wp-json\/wp\/v2\/comments?post=14476"}],"version-history":[{"count":1,"href":"https:\/\/www.leaplytics.de\/pt\/wp-json\/wp\/v2\/pages\/14476\/revisions"}],"predecessor-version":[{"id":14490,"href":"https:\/\/www.leaplytics.de\/pt\/wp-json\/wp\/v2\/pages\/14476\/revisions\/14490"}],"wp:attachment":[{"href":"https:\/\/www.leaplytics.de\/pt\/wp-json\/wp\/v2\/media?parent=14476"}],"curies":[{"name":"wp","href":"https:\/\/api.w.org\/{rel}","templated":true}]}}