{"id":14477,"date":"2025-12-19T01:55:31","date_gmt":"2025-12-19T00:55:31","guid":{"rendered":"https:\/\/www.leaplytics.de\/?page_id=14477"},"modified":"2025-12-19T01:55:31","modified_gmt":"2025-12-19T00:55:31","slug":"criacao-de-conteudos-personalizacao-ai","status":"publish","type":"page","link":"https:\/\/www.leaplytics.de\/pt\/criacao-de-conteudos-personalizacao-ai\/","title":{"rendered":"IA de cria\u00e7\u00e3o e personaliza\u00e7\u00e3o de conte\u00fados"},"content":{"rendered":"<h2>IA para cria\u00e7\u00e3o e personaliza\u00e7\u00e3o de conte\u00fados: Deixar de come\u00e7ar com p\u00e1ginas em branco<\/h2>\n\n<p>A sua equipa de marketing precisa de mais conte\u00fado. Emails. An\u00fancios. Publica\u00e7\u00f5es em redes sociais. P\u00e1ginas de destino. Descri\u00e7\u00f5es de produtos. Publica\u00e7\u00f5es em blogues. Estudos de caso.<\/p>\n<p>E n\u00e3o pode ser gen\u00e9rico. Todos os segmentos esperam mensagens que falem com eles. Cada canal precisa do seu pr\u00f3prio formato. Cada campanha precisa de m\u00faltiplas varia\u00e7\u00f5es para ser testada.<\/p>\n<p>Est\u00e1 a pedir aos humanos que escrevam mais depressa. Mas h\u00e1 um limite para a rapidez com que algu\u00e9m pode escrever a partir do zero.<\/p>\n<p>A IA n\u00e3o substitui os seus escritores. D\u00e1-lhes um ponto de partida. Gera varia\u00e7\u00f5es em escala. Personaliza as mensagens automaticamente. A sua equipa passa mais rapidamente de uma p\u00e1gina em branco para um conte\u00fado aperfei\u00e7oado.<\/p>\n\n\n<hr class=\"wp-block-separator has-alpha-channel-opacity\"\/>\n\n\n\n<h3 class=\"wp-block-heading\">O problema: Demasiado conte\u00fado, pouco tempo<\/h3>\n\n\n<p>Todos os canais de marketing precisam de ser alimentados. Os subscritores de correio eletr\u00f3nico esperam mensagens regulares. As redes sociais precisam de publica\u00e7\u00f5es di\u00e1rias. As campanhas publicit\u00e1rias precisam de novos criativos. As vendas precisam de novos materiais de apoio.<\/p>\n<p>Os conte\u00fados gen\u00e9ricos j\u00e1 n\u00e3o funcionam. O seu p\u00fablico espera relev\u00e2ncia. Diferentes sectores precisam de \u00e2ngulos diferentes. Pap\u00e9is diferentes preocupam-se com coisas diferentes.<\/p>\n<p>Por isso, \u00e9 preciso mais conte\u00fado. E ele precisa de ser personalizado. E precisa de ser bom. E \u00e9 preciso que seja para ontem.<\/p>\n<p>A sua equipa est\u00e1 sobrecarregada. Ou produz menos conte\u00fado e perde oportunidades, ou produz conte\u00fado gen\u00e9rico e v\u00ea o envolvimento cair. Nenhuma das op\u00e7\u00f5es \u00e9 boa.<\/p>\n\n\n<hr class=\"wp-block-separator has-alpha-channel-opacity\"\/>\n\n\n\n<h3 class=\"wp-block-heading\">O que a IA faz pela cria\u00e7\u00e3o de conte\u00fados<\/h3>\n\n\n<p>A IA n\u00e3o escreve o texto final. Escreve primeiros rascunhos. Gera op\u00e7\u00f5es. Trata do trabalho pesado para que a sua equipa se possa concentrar na estrat\u00e9gia e no aperfei\u00e7oamento.<\/p>\n\n\n<h4 class=\"wp-block-heading\">Gera\u00e7\u00e3o de projectos<\/h4>\n\n\n<p>D\u00ea um resumo \u00e0 IA. Diga-lhe o que precisa. E-mail a anunciar uma nova funcionalidade. Publica\u00e7\u00e3o nas redes sociais sobre um estudo de caso. Descri\u00e7\u00e3o do produto para compradores t\u00e9cnicos.<\/p>\n<p>A IA escreve um rascunho em segundos. N\u00e3o \u00e9 perfeito. N\u00e3o \u00e9 final. Mas um verdadeiro ponto de partida que est\u00e1 a 70% do caminho.<\/p>\n<p>O seu redator edita em vez de come\u00e7ar do zero. Essa \u00e9 a diferen\u00e7a entre 30 minutos e 2 horas por artigo.<\/p>\n\n<p><strong>O que \u00e9 que ele projecta:<\/strong>\n<ul>\n<li>C\u00f3pia de correio eletr\u00f3nico (linhas de assunto, corpo, CTAs)<\/li>\n<li>Publica\u00e7\u00f5es nas redes sociais (LinkedIn, Twitter, Facebook)<\/li>\n<li>Texto do an\u00fancio (t\u00edtulos, descri\u00e7\u00f5es, varia\u00e7\u00f5es)<\/li>\n<li>Descri\u00e7\u00f5es dos produtos<\/li>\n<li>Texto da p\u00e1gina de destino<\/li>\n<li>Esbo\u00e7os de publica\u00e7\u00f5es em blogues e primeiros rascunhos<\/li>\n<li>Gui\u00f5es de v\u00eddeo<\/li>\n<li>Modelos de correio eletr\u00f3nico de vendas<\/li>\n<\/ul>\n<\/p>\n\n\n<h4 class=\"wp-block-heading\">Cria\u00e7\u00e3o de varia\u00e7\u00f5es \u00e0 escala<\/h4>\n\n\n<p>Os testes A\/B requerem varia\u00e7\u00f5es. Diferentes t\u00edtulos. Diferentes \u00e2ngulos. Diferentes CTAs.<\/p>\n<p>Escrever 10 varia\u00e7\u00f5es de linhas de assunto \u00e0 m\u00e3o demora tempo. A IA gera-as em segundos.<\/p>\n<p>Precisa de um texto publicit\u00e1rio para diferentes p\u00fablicos? D\u00ea \u00e0 IA uma mensagem de base e pe\u00e7a vers\u00f5es dirigidas a diferentes sectores, fun\u00e7\u00f5es ou pontos problem\u00e1ticos. Obt\u00e9m imediatamente 5, 10, 20 varia\u00e7\u00f5es.<\/p>\n<p>A sua equipa escolhe os melhores. Testa-os. Aprende o que funciona. Repete. Muito mais r\u00e1pido do que escrever cada varia\u00e7\u00e3o manualmente.<\/p>\n\n\n<h4 class=\"wp-block-heading\">Personaliza\u00e7\u00e3o de mensagens<\/h4>\n\n\n<p>Os e-mails gen\u00e9ricos s\u00e3o ignorados. As pessoas esperam mensagens que pare\u00e7am relevantes para a sua situa\u00e7\u00e3o.<\/p>\n<p>A IA personaliza em grande escala:\n<ul>\n<li>C\u00f3pia diferente para diferentes sectores (cuidados de sa\u00fade vs. ind\u00fastria transformadora vs. finan\u00e7as)<\/li>\n<li>Diferentes pontos problem\u00e1ticos para diferentes fun\u00e7\u00f5es (os CFO preocupam-se com o ROI, os gestores operacionais preocupam-se com a efici\u00eancia)<\/li>\n<li>Tom diferente para empresas de diferentes dimens\u00f5es (empresas vs. PME)<\/li>\n<li>Diferente urg\u00eancia com base na fase de compra (consciencializa\u00e7\u00e3o vs. considera\u00e7\u00e3o vs. decis\u00e3o)<\/li>\n<\/ul>\n<\/p>\n\n<p>O utilizador escreve um quadro de mensagens. A IA gera vers\u00f5es personalizadas para cada segmento. Todos recebem uma c\u00f3pia que fala com eles.<\/p>\n\n\n<h4 class=\"wp-block-heading\">Otimiza\u00e7\u00e3o da linha de assunto e do t\u00edtulo<\/h4>\n\n\n<p>As linhas de assunto determinam se as mensagens de correio eletr\u00f3nico s\u00e3o abertas. Os t\u00edtulos determinam se os an\u00fancios s\u00e3o clicados.<\/p>\n<p>A IA analisa o que funcionou antes - as suas campanhas anteriores, refer\u00eancias do sector, f\u00f3rmulas comprovadas. Sugere linhas de assunto e t\u00edtulos optimizados para o desempenho.<\/p>\n<p>N\u00e3o s\u00e3o suposi\u00e7\u00f5es. Sugest\u00f5es baseadas em padr\u00f5es de dados sobre o que chama a aten\u00e7\u00e3o e gera cliques.<\/p>\n<p>A decis\u00e3o final continua a ser sua. Mas come\u00e7a com op\u00e7\u00f5es que comprovadamente funcionam e n\u00e3o com tiros no escuro.<\/p>\n\n\n<h4 class=\"wp-block-heading\">Consist\u00eancia da voz da marca<\/h4>\n\n\n<p>Todas as marcas t\u00eam uma voz. Profissional, mas sem ser abafado. Amig\u00e1vel, mas n\u00e3o demasiado informal. Confiante, mas n\u00e3o arrogante.<\/p>\n<p>Manter essa voz em dezenas de conte\u00fados, escritos por pessoas diferentes, \u00e9 dif\u00edcil.<\/p>\n<p>Treine a IA com o seu conte\u00fado existente. Mostre-lhe as suas melhores pe\u00e7as. Ela aprende o seu tom, o seu estilo, o seu vocabul\u00e1rio.<\/p>\n<p>Agora, cada rascunho corresponde \u00e0 voz da sua marca. Escritores diferentes, tipos de conte\u00fado diferentes - voz consistente em todo o processo.<\/p>\n\n\n<h4 class=\"wp-block-heading\">Reutiliza\u00e7\u00e3o de conte\u00fados<\/h4>\n\n\n<p>Escreve uma publica\u00e7\u00e3o num blogue. Pode ser um post no LinkedIn. Pode ser um t\u00f3pico do Twitter. Pode ser um conte\u00fado de correio eletr\u00f3nico. Pode ser um gui\u00e3o para um v\u00eddeo.<\/p>\n<p>A IA redirecciona automaticamente os conte\u00fados:\n<ul>\n<li>Transformar o formato longo em formato curto<\/li>\n<li>Transformar posts de blogues em snippets sociais<\/li>\n<li>Converter estudos de casos em gr\u00e1ficos de or\u00e7amentos de clientes<\/li>\n<li>Transcri\u00e7\u00f5es de webinars em publica\u00e7\u00f5es de blogues e conte\u00fados sociais<\/li>\n<\/ul>\n<\/p>\n\n<p>Criar uma vez, distribuir em todo o lado. Sem ter de reescrever tudo manualmente.<\/p>\n\n\n<hr class=\"wp-block-separator has-alpha-channel-opacity\"\/>\n\n\n\n<h3 class=\"wp-block-heading\">O que isto significa para si<\/h3>\n\n\n\n<h4 class=\"wp-block-heading\">Para CMOs<\/h4>\n\n\n<p>A sua equipa produz mais conte\u00fados sem aumentar o n\u00famero de funcion\u00e1rios. As campanhas s\u00e3o lan\u00e7adas mais rapidamente porque a cria\u00e7\u00e3o de conte\u00fados n\u00e3o \u00e9 um obst\u00e1culo.<\/p>\n<p>A voz da marca mant\u00e9m-se consistente em grande escala. Quer esteja a publicar 10 artigos por semana ou 100, tudo soa a si.<\/p>\n<p>Os testes melhoram porque gerar varia\u00e7\u00f5es \u00e9 barato. Mais testes significam melhores dados sobre o que \u00e9 mais eficaz.<\/p>\n<p>O ROI do conte\u00fado aumenta porque a personaliza\u00e7\u00e3o promove o envolvimento. As explos\u00f5es gen\u00e9ricas s\u00e3o substitu\u00eddas por mensagens direcionadas que convertem.<\/p>\n\n\n<h4 class=\"wp-block-heading\">Para criadores de conte\u00fados e profissionais de marketing<\/h4>\n\n\n<p>Acabou-se a paralisia da p\u00e1gina em branco. Come\u00e7a-se com um rascunho, n\u00e3o com nada. Edite e aperfei\u00e7oe em vez de ficar a olhar para ecr\u00e3s vazios.<\/p>\n<p>Menos tempo em conte\u00fados de rotina. O e-mail n\u00famero 50 n\u00e3o demora tanto tempo como o e-mail n\u00famero 1. A IA lida com o boilerplate para que voc\u00ea se concentre na estrat\u00e9gia e em pe\u00e7as de alto valor.<\/p>\n<p>Mais tempo para o trabalho criativo. Menos varia\u00e7\u00f5es, mais reflex\u00e3o sobre o posicionamento e as mensagens que interessam.<\/p>\n<p>Torna-se um editor e estratega em vez de apenas um escritor. \u00c9 um trabalho de maior valor.<\/p>\n\n\n<h4 class=\"wp-block-heading\">Para a empresa<\/h4>\n\n\n<p>Tempo de coloca\u00e7\u00e3o no mercado mais r\u00e1pido. As campanhas s\u00e3o lan\u00e7adas quando devem ser lan\u00e7adas, n\u00e3o quando o conte\u00fado est\u00e1 finalmente pronto.<\/p>\n<p>Melhores taxas de envolvimento porque as mensagens parecem relevantes. A personaliza\u00e7\u00e3o j\u00e1 n\u00e3o \u00e9 algo agrad\u00e1vel de se ter, \u00e9 algo que se espera. A IA torna-a escal\u00e1vel.<\/p>\n<p>Custo mais baixo por artigo. A IA n\u00e3o substitui os redactores, mas significa que cada redator produz mais. Isso \u00e9 efici\u00eancia.<\/p>\n\n\n<hr class=\"wp-block-separator has-alpha-channel-opacity\"\/>\n\n\n\n<h3 class=\"wp-block-heading\">Exemplos reais de IA de conte\u00fados<\/h3>\n\n\n\n<h4 class=\"wp-block-heading\">Exemplo 1: Empresa de com\u00e9rcio eletr\u00f3nico<\/h4>\n\n\n<p>Um retalhista online tinha 5.000 produtos. Muitos tinham descri\u00e7\u00f5es m\u00ednimas. Escrever um texto \u00fanico e atraente para cada um deles era imposs\u00edvel com uma equipa de conte\u00fado de duas pessoas.<\/p>\n<p><strong>O que mudou:<\/strong> A IA gerou descri\u00e7\u00f5es de produtos com base nos atributos do produto e nas diretrizes da categoria. A equipa de conte\u00fados reviu e aperfei\u00e7oou as melhores descri\u00e7\u00f5es e aprovou as boas descri\u00e7\u00f5es tal como est\u00e3o.<\/p>\n<p><strong>Resultado:<\/strong> Pass\u00e1mos de 30% de produtos com descri\u00e7\u00f5es de qualidade para 95% em 6 semanas. O tr\u00e1fego SEO aumentou 35% porque os produtos eram detect\u00e1veis. A convers\u00e3o melhorou porque os compradores tinham as informa\u00e7\u00f5es de que precisavam.<\/p>\n\n\n<h4 class=\"wp-block-heading\">Exemplo 2: Empresa B2B SaaS<\/h4>\n\n\n<p>Uma empresa de SaaS enviou a mesma sequ\u00eancia de cria\u00e7\u00e3o de correio eletr\u00f3nico a toda a gente. O marketing sabia que os diferentes sectores tinham diferentes pontos problem\u00e1ticos, mas n\u00e3o tinha tempo para escrever sequ\u00eancias personalizadas.<\/p>\n<p><strong>O que mudou:<\/strong> A IA gerou varia\u00e7\u00f5es de e-mail personalizadas para 5 sectores-alvo. A mesma mensagem principal, diferentes pontos problem\u00e1ticos e exemplos relevantes para cada sector.<\/p>\n<p><strong>Resultado:<\/strong> As taxas de abertura de correio eletr\u00f3nico aumentaram 22%. As taxas de cliques aumentaram 31%. Os pedidos de demonstra\u00e7\u00e3o de cria\u00e7\u00e3o de e-mail aumentaram 40% porque as mensagens eram relevantes.<\/p>\n\n\n<h4 class=\"wp-block-heading\">Exemplo 3: Ag\u00eancia de marketing<\/h4>\n\n\n<p>Uma ag\u00eancia geria as redes sociais de 20 clientes. Cada um deles necessitava de publica\u00e7\u00f5es di\u00e1rias. Os redactores gastaram 80% de tempo em conte\u00fados sociais de rotina, 20% em campanhas estrat\u00e9gicas e criativas.<\/p>\n<p><strong>O que mudou:<\/strong> A IA gerou os primeiros rascunhos de publica\u00e7\u00f5es sociais com base em calend\u00e1rios de conte\u00fados e diretrizes da marca. Os redactores reviram e aperfei\u00e7oaram em vez de escreverem de raiz.<\/p>\n<p><strong>Resultado:<\/strong> A divis\u00e3o do tempo passou para 30% de conte\u00fados de rotina, 70% de estrat\u00e9gia e criatividade. A satisfa\u00e7\u00e3o do cliente aumentou porque a ag\u00eancia forneceu mais valor estrat\u00e9gico e n\u00e3o apenas a produ\u00e7\u00e3o de conte\u00fados.<\/p>\n\n\n<hr class=\"wp-block-separator has-alpha-channel-opacity\"\/>\n\n\n\n<h3 class=\"wp-block-heading\">O que a IA n\u00e3o faz<\/h3>\n\n\n<p>Sejamos claros quanto ao que a IA n\u00e3o pode substituir.<\/p>\n<p>A IA n\u00e3o compreende a sua estrat\u00e9gia. N\u00e3o conhece o seu posicionamento. N\u00e3o sabe o que o diferencia dos seus concorrentes ou que mensagem ir\u00e1 repercutir-se no seu mercado espec\u00edfico neste momento.<\/p>\n<p>Os conte\u00fados gerados por IA necessitam de revis\u00e3o humana. Sempre. Sem excep\u00e7\u00f5es. A IA por vezes engana-se nos factos. Por vezes, n\u00e3o percebe as nuances. Por vezes, gera conte\u00fados perfeitamente gramaticais que n\u00e3o dizem nada de significativo.<\/p>\n<p>A voz da sua marca vem da IA que aprende com o seu conte\u00fado - mas ainda \u00e9 preciso que algu\u00e9m a ensine e a corrija quando se desvia. A IA ajuda os escritores, mas n\u00e3o substitui o julgamento.<\/p>\n<p>E o conte\u00fado de IA n\u00e3o \u00e9 m\u00e1gico. Um mau posicionamento com conte\u00fado de IA continua a ser um mau posicionamento, mas mais r\u00e1pido. Se a sua mensagem principal n\u00e3o ressoar, a IA n\u00e3o vai resolver isso. A estrat\u00e9gia vem em primeiro lugar.<\/p>\n\n\n<hr class=\"wp-block-separator has-alpha-channel-opacity\"\/>\n\n\n\n<h3 class=\"wp-block-heading\">Como come\u00e7ar<\/h3>\n\n\n<p>N\u00e3o tente automatizar tudo de uma vez. Comece por onde a IA pode ajudar mais:\n<ul>\n<li><strong>Comece com conte\u00fados de rotina.<\/strong> Rascunhos de e-mail. Publica\u00e7\u00f5es em redes sociais. Descri\u00e7\u00f5es de produtos. Conte\u00fados que seguem modelos. Deixe a IA tratar dos primeiros rascunhos.<\/li>\n<li><strong>Gera\u00e7\u00e3o de varia\u00e7\u00f5es de teste.<\/strong> Utilize a IA para criar varia\u00e7\u00f5es de linhas de assunto ou op\u00e7\u00f5es de texto de an\u00fancios. Veja se poupa tempo e produz resultados \u00fateis.<\/li>\n<li><strong>Treine a sua voz.<\/strong> Alimente a IA com os seus melhores conte\u00fados. Deixe-a aprender o seu estilo. Verifique se os rascunhos soam a si.<\/li>\n<li><strong>Estabelecer processos de revis\u00e3o.<\/strong> Todos os projectos de IA s\u00e3o revistos por humanos. Sem excep\u00e7\u00f5es. Inclua isso no fluxo de trabalho desde o primeiro dia.<\/li>\n<li><strong>Medir a qualidade e a velocidade.<\/strong> Monitorizar o tempo que a IA poupa. Controlar a qualidade do conte\u00fado final. Ajuste o seu processo com base no que funciona.<\/li>\n<\/ul>\n<\/p>\n\n<p>O objetivo n\u00e3o \u00e9 eliminar os escritores. O objetivo \u00e9 eliminar o bloqueio do escritor e o trabalho pesado repetitivo. Comece com pouco, me\u00e7a os resultados, dimensione o que funciona.<\/p>\n\n\n<hr class=\"wp-block-separator has-alpha-channel-opacity\"\/>\n\n\n\n<h3 class=\"wp-block-heading\">A linha de fundo<\/h3>\n\n\n<p>A cria\u00e7\u00e3o de conte\u00fados \u00e9 parte criatividade, parte trabalho de produ\u00e7\u00e3o. A IA trata do trabalho de produ\u00e7\u00e3o para que os humanos se possam concentrar na criatividade e na estrat\u00e9gia.<\/p>\n<p>A sua equipa continua a ser a dona da mensagem. Continua a aperfei\u00e7oar o texto. Continua a tomar decis\u00f5es estrat\u00e9gicas sobre o posicionamento e o tom.<\/p>\n<p>J\u00e1 n\u00e3o partem de p\u00e1ginas em branco. J\u00e1 n\u00e3o passam horas a escrever a 47\u00aa descri\u00e7\u00e3o de produto ou a 8\u00aa varia\u00e7\u00e3o de correio eletr\u00f3nico.<\/p>\n<p>Isso significa mais conte\u00fado, campanhas mais r\u00e1pidas, melhor personaliza\u00e7\u00e3o e redactores a fazer um trabalho que realmente requer criatividade humana.<\/p>\n\n\n<hr class=\"wp-block-separator has-alpha-channel-opacity\"\/>\n\n\n\n<h3 class=\"wp-block-heading\">Quer criar conte\u00fados mais rapidamente?<\/h3>\n\n\n<p>Cada empresa tem necessidades de conte\u00fado diferentes. Diferentes vozes de marca. P\u00fablicos diferentes. Volumes diferentes.<\/p>\n<p>N\u00e3o vendemos ferramentas de conte\u00fado de tamanho \u00fanico. Analisamos o seu processo de conte\u00fados. Identificamos os pontos de estrangulamento. Implementamos a IA onde ela realmente economiza tempo sem sacrificar a qualidade.<\/p>\n<p>Depois, damos forma\u00e7\u00e3o ao sistema sobre a voz da sua marca e definimos fluxos de trabalho de revis\u00e3o que funcionam para a sua equipa. Os seus redactores mant\u00eam o controlo. Eles apenas trabalham mais r\u00e1pido.<\/p>\n<p>Nada de propaganda. N\u00e3o h\u00e1 promessas de que a IA escrever\u00e1 tudo por si. Apenas ferramentas pr\u00e1ticas que tornam a cria\u00e7\u00e3o de conte\u00fados menos dolorosa.<\/p>\n\n<p><a href=\"https:\/\/www.leaplytics.de\/pt\/contacto\/\">Vamos falar sobre o seu processo de conte\u00fado<\/a><\/p>\n\n<p><a href=\"https:\/\/www.leaplytics.de\/pt\/marketing-vendas-ai\/\">Voltar a IA de marketing e vendas<\/a><\/p>","protected":false},"excerpt":{"rendered":"<p>AI for Content Creation &#038; Personalization: Stop Starting from Blank Pages Your marketing team needs more content. Emails. Ads. Social posts. Landing pages. Product descriptions. Blog posts. Case studies. And it can&#8217;t be generic. Every segment expects messages that speak to them. Every channel needs its own format. Every campaign needs multiple variations for testing. &hellip; <\/p>","protected":false},"author":2,"featured_media":0,"parent":0,"menu_order":0,"comment_status":"closed","ping_status":"closed","template":"","meta":{"footnotes":""},"class_list":["post-14477","page","type-page","status-publish","hentry","latest_post"],"_links":{"self":[{"href":"https:\/\/www.leaplytics.de\/pt\/wp-json\/wp\/v2\/pages\/14477","targetHints":{"allow":["GET"]}}],"collection":[{"href":"https:\/\/www.leaplytics.de\/pt\/wp-json\/wp\/v2\/pages"}],"about":[{"href":"https:\/\/www.leaplytics.de\/pt\/wp-json\/wp\/v2\/types\/page"}],"author":[{"embeddable":true,"href":"https:\/\/www.leaplytics.de\/pt\/wp-json\/wp\/v2\/users\/2"}],"replies":[{"embeddable":true,"href":"https:\/\/www.leaplytics.de\/pt\/wp-json\/wp\/v2\/comments?post=14477"}],"version-history":[{"count":1,"href":"https:\/\/www.leaplytics.de\/pt\/wp-json\/wp\/v2\/pages\/14477\/revisions"}],"predecessor-version":[{"id":14488,"href":"https:\/\/www.leaplytics.de\/pt\/wp-json\/wp\/v2\/pages\/14477\/revisions\/14488"}],"wp:attachment":[{"href":"https:\/\/www.leaplytics.de\/pt\/wp-json\/wp\/v2\/media?parent=14477"}],"curies":[{"name":"wp","href":"https:\/\/api.w.org\/{rel}","templated":true}]}}