{"id":14480,"date":"2025-12-19T01:54:58","date_gmt":"2025-12-19T00:54:58","guid":{"rendered":"https:\/\/www.leaplytics.de\/?page_id=14480"},"modified":"2025-12-19T01:54:58","modified_gmt":"2025-12-19T00:54:58","slug":"previsao-de-pipeline-de-vendas-ai","status":"publish","type":"page","link":"https:\/\/www.leaplytics.de\/pt\/previsao-de-pipeline-de-vendas-ai\/","title":{"rendered":"IA de previs\u00e3o e pipeline de vendas"},"content":{"rendered":"<h2>IA para o pipeline e a previs\u00e3o de vendas: Pare de adivinhar o que vai fechar<\/h2>\n\n<p>Todos os trimestres, o mesmo jogo. A dire\u00e7\u00e3o de vendas pede uma previs\u00e3o. Os representantes dizem que os neg\u00f3cios v\u00e3o fechar. A dire\u00e7\u00e3o ajusta para baixo porque os representantes s\u00e3o sempre optimistas. Os neg\u00f3cios escorregam. A previs\u00e3o muda semanalmente.<\/p>\n<p>Ningu\u00e9m sabe o que \u00e9 que vai realmente fechar. N\u00e3o porque os vendedores mintam. Porque \u00e9 dif\u00edcil prever os resultados do neg\u00f3cio quando se est\u00e1 a confiar no instinto e nas notas do CRM.<\/p>\n<p>A IA n\u00e3o adivinha. Analisa as carater\u00edsticas do neg\u00f3cio e os padr\u00f5es hist\u00f3ricos. Prev\u00ea a probabilidade de fecho com base em dados. Assinala os neg\u00f3cios em risco antes de morrerem. Diz-lhe quais os neg\u00f3cios que precisam de aten\u00e7\u00e3o e quais os que se fechar\u00e3o sozinhos.<\/p>\n<p>A sua previs\u00e3o deixa de ser um desejo. Come\u00e7a a basear-se na realidade.<\/p>\n\n\n<hr class=\"wp-block-separator has-alpha-channel-opacity\"\/>\n\n\n\n<h3 class=\"wp-block-heading\">O problema: condutas cheias de talvez<\/h3>\n\n\n<p>O seu CRM mostra 50 neg\u00f3cios abertos. Os representantes dizem que 30 ser\u00e3o fechados neste trimestre. O historial diz que 12 v\u00e3o mesmo fechar. Mas quais 12? Ningu\u00e9m sabe.<\/p>\n<p>Os neg\u00f3cios ficam demasiado tempo nas fases de prepara\u00e7\u00e3o. Alguns avan\u00e7am. Alguns ficam parados e morrem. Alguns surpreendem-no e fecham rapidamente. Na maioria das vezes, n\u00e3o se sabe qual \u00e9 qual at\u00e9 ao fim.<\/p>\n<p>Os diretores de vendas passam horas a fio a analisar a carteira de encomendas. \"Qual \u00e9 o ponto da situa\u00e7\u00e3o?\" \"Quando \u00e9 que vai fechar?\" \"Qual \u00e9 o risco?\" As mesmas perguntas, respostas diferentes todas as semanas.<\/p>\n<p>A previs\u00e3o que d\u00e1 \u00e0 lideran\u00e7a \u00e9 um palpite educado. Por vezes, est\u00e1 perto. Muitas vezes, n\u00e3o. O fim do trimestre torna-se numa luta para atingir o n\u00famero.<\/p>\n<p>N\u00e3o porque a sua equipa de vendas seja m\u00e1. Porque os humanos n\u00e3o s\u00e3o bons a prever resultados probabil\u00edsticos em dezenas de vari\u00e1veis. A IA \u00e9.<\/p>\n\n\n<hr class=\"wp-block-separator has-alpha-channel-opacity\"\/>\n\n\n\n<h3 class=\"wp-block-heading\">O que a IA faz pelo pipeline e pela previs\u00e3o de vendas<\/h3>\n\n\n<p>A IA n\u00e3o substitui o julgamento das vendas. Ela fornece dados para melhorar esse julgamento. Eis como:<\/p>\n\n\n<h4 class=\"wp-block-heading\">Pontua\u00e7\u00e3o de probabilidade de neg\u00f3cio<\/h4>\n\n\n<p>Cada neg\u00f3cio recebe uma pontua\u00e7\u00e3o de probabilidade de fecho com base em:\n<ul>\n<li>Carater\u00edsticas da transa\u00e7\u00e3o (dimens\u00e3o, tipo, complexidade)<\/li>\n<li>Fase de vendas e tempo na fase<\/li>\n<li>N\u00edvel de envolvimento (atividade dos intervenientes, respostas por correio eletr\u00f3nico, frequ\u00eancia das reuni\u00f5es)<\/li>\n<li>Padr\u00f5es hist\u00f3ricos (que neg\u00f3cios como este foram efetivamente fechados?)<\/li>\n<li>Factores de concorr\u00eancia (fornecedor \u00fanico ou acordo de concorr\u00eancia?)<\/li>\n<\/ul>\n<\/p>\n\n<p>A IA compara cada neg\u00f3cio com milhares de neg\u00f3cios anteriores. Os neg\u00f3cios com carater\u00edsticas semelhantes que foram fechados obt\u00eam pontua\u00e7\u00f5es mais elevadas. Os neg\u00f3cios que correspondem a padr\u00f5es de neg\u00f3cios perdidos obt\u00eam pontua\u00e7\u00f5es mais baixas.<\/p>\n<p>Isto n\u00e3o \u00e9 intui\u00e7\u00e3o. \u00c9 uma correspond\u00eancia de padr\u00f5es baseada nos seus dados reais de ganhos\/perdas.<\/p>\n<p>O representante diz que h\u00e1 90% de hip\u00f3teses de fechar, a IA diz 40%? Olha com mais aten\u00e7\u00e3o. H\u00e1 algo de errado. Ou o representante est\u00e1 a omitir sinais de aviso, ou h\u00e1 um contexto que a IA n\u00e3o tem. Seja como for, investigue antes que o neg\u00f3cio morra.<\/p>\n\n\n<h4 class=\"wp-block-heading\">Identifica\u00e7\u00e3o de neg\u00f3cios em risco<\/h4>\n\n\n<p>Os neg\u00f3cios morrem lentamente e depois de uma s\u00f3 vez. Os sinais de alerta aparecem semanas antes de um neg\u00f3cio morrer oficialmente:\n<ul>\n<li>Nenhuma atividade em mais de 14 dias<\/li>\n<li>O campe\u00e3o deixou de responder<\/li>\n<li>As reuni\u00f5es s\u00e3o repetidamente adiadas<\/li>\n<li>O prazo de decis\u00e3o continua a deslizar<\/li>\n<li>As partes interessadas que se empenharam cedo ficaram caladas<\/li>\n<li>Acordo que se mant\u00e9m na mesma fase durante demasiado tempo<\/li>\n<\/ul>\n<\/p>\n\n<p>A IA est\u00e1 atenta a estes padr\u00f5es. Quando v\u00e1rios sinais de aviso aparecem em conjunto, assinala o neg\u00f3cio como estando em risco.<\/p>\n<p>O diretor de vendas v\u00ea a bandeira. Pergunta ao representante o que est\u00e1 a acontecer. Muitas vezes, o representante diz: \"Ah, sim, eu deveria acompanhar isso\". Por vezes, diz: \"Est\u00e1 tudo bem.\" Mas, pelo menos, sabe que deve estar atento.<\/p>\n<p>N\u00e3o se pode salvar todas as ofertas. Mas pode tentar salvar neg\u00f3cios antes que eles morram completamente. Isso s\u00f3 funciona se souber que est\u00e3o em risco.<\/p>\n\n\n<h4 class=\"wp-block-heading\">Melhoria da exatid\u00e3o das previs\u00f5es<\/h4>\n\n\n<p>A sua previs\u00e3o \u00e9 a soma das probabilidades de neg\u00f3cio. Se as suas estimativas de probabilidade estiverem erradas, a sua previs\u00e3o est\u00e1 errada.<\/p>\n<p>A IA cria uma previs\u00e3o com base em:\n<ul>\n<li>Probabilidades de transac\u00e7\u00f5es individuais (baseadas em dados, n\u00e3o em estimativas de representantes)<\/li>\n<li>Taxas de fecho hist\u00f3ricas por fase, representante, tipo de neg\u00f3cio<\/li>\n<li>Padr\u00f5es de sazonalidade na sua atividade<\/li>\n<li>Tend\u00eancias de dura\u00e7\u00e3o do ciclo de vendas<\/li>\n<\/ul>\n<\/p>\n\n<p>N\u00e3o se limita a dizer um n\u00famero. D\u00e1-lhe intervalos. \"O mais prov\u00e1vel \u00e9 $X, mas pode ser t\u00e3o baixo quanto $Y ou t\u00e3o alto quanto $Z.\" Isso \u00e9 uma previs\u00e3o honesta.<\/p>\n<p>Com o tempo, v\u00ea quais os neg\u00f3cios que a IA previu bem e quais os que n\u00e3o previu. O utilizador ajusta-se. O modelo aprende. A precis\u00e3o melhora.<\/p>\n<p>As previs\u00f5es nunca ser\u00e3o perfeitas. Mas pode ter previs\u00f5es que acertam mais vezes do que erram. Isso \u00e9 melhor do que a maioria das equipas de vendas tem atualmente.<\/p>\n\n\n<h4 class=\"wp-block-heading\">Recomenda\u00e7\u00f5es para a pr\u00f3xima melhor a\u00e7\u00e3o<\/h4>\n\n\n<p>Todos os representantes t\u00eam mais neg\u00f3cios do que podem trabalhar ativamente. Em quais \u00e9 que se devem concentrar hoje?<\/p>\n<p>A IA estabelece prioridades:\n<ul>\n<li>Neg\u00f3cios em risco que necessitam de aten\u00e7\u00e3o imediata<\/li>\n<li>Neg\u00f3cios com elevada probabilidade de fecho que est\u00e3o prontos a avan\u00e7ar<\/li>\n<li>Negocia\u00e7\u00f5es em que determinadas ac\u00e7\u00f5es (acompanhamento de uma parte interessada, envio de uma proposta) aumentaram historicamente as taxas de fecho<\/li>\n<li>Neg\u00f3cios parados que precisam de um empurr\u00e3ozinho<\/li>\n<\/ul>\n<\/p>\n\n<p>O representante inicia sess\u00e3o e v\u00ea uma lista de prioridades do que deve fazer. Nem tudo. As 5-7 ac\u00e7\u00f5es com maior probabilidade de fazer avan\u00e7ar os neg\u00f3cios.<\/p>\n<p>N\u00e3o est\u00e3o a seguir ordens da IA. Est\u00e3o a receber sugest\u00f5es baseadas em dados sobre onde \u00e9 melhor gastar o seu tempo. Continuam a usar o seu discernimento. Apenas disp\u00f5em de melhor informa\u00e7\u00e3o.<\/p>\n\n\n<h4 class=\"wp-block-heading\">An\u00e1lise de padr\u00f5es de ganhos\/perdas<\/h4>\n\n\n<p>Porque \u00e9 que os neg\u00f3cios s\u00e3o fechados? Porque \u00e9 que se perdem?<\/p>\n<p>A IA analisa os neg\u00f3cios fechados - ganhos e perdidos:\n<ul>\n<li>Que carater\u00edsticas partilham os neg\u00f3cios ganhos?<\/li>\n<li>Quanto tempo demoram normalmente os neg\u00f3cios vencedores?<\/li>\n<li>Que actividades est\u00e3o relacionadas com as vit\u00f3rias?<\/li>\n<li>O que \u00e9 que os neg\u00f3cios perdidos t\u00eam de diferente?<\/li>\n<li>Existem padr\u00f5es por sector, dimens\u00e3o da transa\u00e7\u00e3o ou concorrente?<\/li>\n<\/ul>\n<\/p>\n\n<p>Estes padr\u00f5es transformam-se em conhecimentos:\n<ul>\n<li>\"Os neg\u00f3cios com mais de 3 partes interessadas fecham a uma taxa duas vezes superior \u00e0 dos neg\u00f3cios com uma \u00fanica parte interessada\"<\/li>\n<li>\"Quando envolvemos o departamento jur\u00eddico antes da semana 4, a taxa de fecho cai 30%\"<\/li>\n<li>\"As ofertas que incluem um piloto convertem 80% do tempo\"<\/li>\n<\/ul>\n<\/p>\n\n<p>Aprende-se o que \u00e9 que realmente leva \u00e0s vit\u00f3rias. Depois, orienta os representantes para que fa\u00e7am mais do que funciona e menos do que n\u00e3o funciona. Esta \u00e9 a gest\u00e3o de vendas baseada em dados.<\/p>\n\n\n<h4 class=\"wp-block-heading\">Monitoriza\u00e7\u00e3o do estado das condutas<\/h4>\n\n\n<p>O seu pipeline \u00e9 saud\u00e1vel ou est\u00e1 cheio de lixo? \u00c9 dif\u00edcil dizer quando se olha apenas para o n\u00famero de neg\u00f3cios e o valor total.<\/p>\n<p>A IA avalia o estado das condutas:\n<ul>\n<li>Qual \u00e9 o valor realista? (Valor do neg\u00f3cio ponderado pelas pontua\u00e7\u00f5es de probabilidade da IA)<\/li>\n<li>O gasoduto est\u00e1 a crescer ou a diminuir?<\/li>\n<li>Os neg\u00f3cios est\u00e3o a passar pelas fases a uma velocidade normal?<\/li>\n<li>A cobertura das condutas \u00e9 suficiente para atingir os objectivos? (Valor realista vs. quota)<\/li>\n<li>Que fases t\u00eam estrangulamentos?<\/li>\n<\/ul>\n<\/p>\n\n<p>Os l\u00edderes de vendas v\u00eaem pain\u00e9is de sa\u00fade do pipeline. N\u00e3o s\u00e3o m\u00e9tricas de vaidade. Indicadores reais de que a equipa vai atingir os n\u00fameros.<\/p>\n<p>Se o pipeline parecer fraco, \u00e9 poss\u00edvel saber com anteced\u00eancia. Pode adicionar recursos \u00e0 gera\u00e7\u00e3o de leads ou ajustar os objectivos antes que seja tarde demais.<\/p>\n\n\n<hr class=\"wp-block-separator has-alpha-channel-opacity\"\/>\n\n\n\n<h3 class=\"wp-block-heading\">O que isto significa para si<\/h3>\n\n\n\n<h4 class=\"wp-block-heading\">Para diretores de vendas<\/h4>\n\n\n<p>Previs\u00f5es em que pode confiar. N\u00e3o s\u00e3o perfeitas, mas s\u00e3o muito melhores do que suposi\u00e7\u00f5es de representantes. D\u00e1 n\u00fameros de lideran\u00e7a baseados em dados, n\u00e3o em esperan\u00e7a.<\/p>\n<p>A visibilidade do pipeline melhora. V\u00ea imediatamente os neg\u00f3cios em risco. Sabe onde deve ser treinado. Sabe quais os neg\u00f3cios que necessitam de envolvimento s\u00e9nior.<\/p>\n<p>A afeta\u00e7\u00e3o de recursos torna-se mais inteligente. Sabe quais os neg\u00f3cios que s\u00e3o reais e quais os que s\u00e3o sonhos. O esfor\u00e7o da equipa \u00e9 canalizado para as oportunidades que podem ser ganhas.<\/p>\n<p>Treina-se com base em padr\u00f5es. \"Eis o que os vencedores fazem de diferente.\" Isso \u00e9 mais eficaz do que conselhos gen\u00e9ricos de vendas.<\/p>\n\n\n<h4 class=\"wp-block-heading\">Para representantes de vendas<\/h4>\n\n\n<p>Sabe em que neg\u00f3cios se deve concentrar. J\u00e1 n\u00e3o precisa de se dispersar por 50 oportunidades. Trabalhe naquelas que t\u00eam maior probabilidade de serem fechadas.<\/p>\n<p>Apanha-se os problemas cedo. O neg\u00f3cio est\u00e1 a ir por \u00e1gua abaixo? V\u00ea os sinais de aviso antes de estar morto. Pode corrigir o rumo.<\/p>\n<p>Recebe orienta\u00e7\u00e3o sobre os pr\u00f3ximos passos. N\u00e3o s\u00e3o ordens, mas dados sobre o que normalmente funciona em neg\u00f3cios como o seu. Toma melhores decis\u00f5es.<\/p>\n<p>Menos tempo a atualizar o CRM s\u00f3 por atualizar. A IA torna-se mais inteligente quanto mais dados tem, mas est\u00e1 a utilizar esses dados para o ajudar a vender, n\u00e3o apenas para fazer relat\u00f3rios.<\/p>\n\n\n<h4 class=\"wp-block-heading\">Para a empresa<\/h4>\n\n\n<p>Receitas previs\u00edveis. Quando as previs\u00f5es s\u00e3o exactas, \u00e9 poss\u00edvel planear. Contrata\u00e7\u00e3o. Invent\u00e1rio. Gastos com marketing. Tudo com base em projec\u00e7\u00f5es de receitas fi\u00e1veis.<\/p>\n<p>Ciclos de vendas mais curtos. Quando os representantes se concentram nas actividades certas no momento certo, os neg\u00f3cios s\u00e3o fechados mais rapidamente.<\/p>\n<p>Taxas de sucesso mais elevadas. Quando se compreende o que faz com que os neg\u00f3cios sejam fechados, \u00e9 poss\u00edvel fazer mais do mesmo. E isso aumenta com o tempo.<\/p>\n<p>Menos surpresas no final do trimestre. Sabe-se com semanas de anteced\u00eancia se o n\u00famero vai ser atingido. Sem p\u00e2nico de \u00faltima hora. Sem d\u00e9fices inesperados.<\/p>\n\n\n<hr class=\"wp-block-separator has-alpha-channel-opacity\"\/>\n\n\n\n<h3 class=\"wp-block-heading\">Exemplos reais de IA para previs\u00e3o de vendas<\/h3>\n\n\n\n<h4 class=\"wp-block-heading\">Exemplo 1: Empresa de software B2B<\/h4>\n\n\n<p>Uma empresa de software de m\u00e9dia dimens\u00e3o tinha uma precis\u00e3o de previs\u00e3o de 35%. Cada trimestre era uma surpresa. Os l\u00edderes de vendas n\u00e3o conseguiam planear porque n\u00e3o sabiam qual seria a receita real.<\/p>\n<p><strong>O que mudou:<\/strong> A IA analisou 3 anos de dados de neg\u00f3cios. Criou modelos de probabilidade com base em padr\u00f5es de fecho reais. Forneceu pontua\u00e7\u00f5es de neg\u00f3cios baseadas em dados em vez de estimativas de representantes.<\/p>\n<p><strong>Resultado:<\/strong> A exatid\u00e3o das previs\u00f5es melhorou para 82% em dois trimestres. A lideran\u00e7a podia planear com confian\u00e7a. Menos exerc\u00edcios de inc\u00eandio no final do trimestre porque sabiam o n\u00famero com semanas de anteced\u00eancia.<\/p>\n\n\n<h4 class=\"wp-block-heading\">Exemplo 2: Empresa transformadora<\/h4>\n\n\n<p>Uma empresa de fabrico tinha ciclos de vendas longos (6-12 meses). Os neg\u00f3cios pareciam bons durante meses e depois morriam de repente. Ningu\u00e9m sabia porqu\u00ea.<\/p>\n<p><strong>O que mudou:<\/strong> A IA identificou que os neg\u00f3cios sem contacto com as partes interessadas durante mais de 21 dias tinham 72% de hip\u00f3teses de acabar por perder. O sistema assinalou automaticamente os neg\u00f3cios em risco.<\/p>\n<p><strong>Resultado:<\/strong> Os gestores de vendas intervieram de forma proactiva nos neg\u00f3cios assinalados. A taxa de ganhos aumentou 18% porque os neg\u00f3cios em risco receberam aten\u00e7\u00e3o antes de morrerem. O ciclo de vendas diminuiu porque os neg\u00f3cios estagnados foram desbloqueados mais rapidamente.<\/p>\n\n\n<h4 class=\"wp-block-heading\">Exemplo 3: Empresa de servi\u00e7os profissionais<\/h4>\n\n\n<p>Uma empresa de consultoria n\u00e3o conseguia saber quais as propostas que seriam fechadas. A taxa de sucesso era inferior a 30%. As equipas de or\u00e7amenta\u00e7\u00e3o despendiam um enorme esfor\u00e7o em propostas que n\u00e3o davam em nada.<\/p>\n<p><strong>O que mudou:<\/strong> A IA analisou as propostas ganhas e perdidas. Descobriu que os neg\u00f3cios em que o cliente tinha um or\u00e7amento j\u00e1 aprovado fechavam a 65%. Os neg\u00f3cios em que o cliente disse \"explorando op\u00e7\u00f5es\" fecharam em 12%.<\/p>\n<p><strong>Resultado:<\/strong> A empresa come\u00e7ou a qualificar-se mais antes de investir em propostas. Concentrou o esfor\u00e7o de proposta em oportunidades bem qualificadas. A taxa de vit\u00f3rias aumentou para 48% porque deixaram de perseguir as m\u00e1s oportunidades.<\/p>\n\n\n<hr class=\"wp-block-separator has-alpha-channel-opacity\"\/>\n\n\n\n<h3 class=\"wp-block-heading\">O que a IA n\u00e3o faz<\/h3>\n\n\n<p>Sejamos claros quanto aos limites.<\/p>\n<p>A IA n\u00e3o pode fechar neg\u00f3cios por si. N\u00e3o pode ter as conversas dif\u00edceis. N\u00e3o pode negociar. N\u00e3o pode criar rela\u00e7\u00f5es com os compradores. Isso continua a ser trabalho humano.<\/p>\n<p>As previs\u00f5es da IA s\u00e3o probabilidades, n\u00e3o certezas. Um neg\u00f3cio com uma pontua\u00e7\u00e3o de 70% ainda tem 30% de hip\u00f3teses de perder. N\u00e3o trate as pontua\u00e7\u00f5es da IA como garantias.<\/p>\n<p>A IA n\u00e3o conhece o contexto que n\u00e3o est\u00e1 no CRM. Se um representante conhece pessoalmente o CEO, ou ouviu dizer que o or\u00e7amento foi cortado, ou tem outro contexto - isso \u00e9 importante. A IA + o julgamento humano \u00e9 melhor do que qualquer um deles isoladamente.<\/p>\n<p>E a IA n\u00e3o pode corrigir um processo de vendas falhado. Se os seus representantes n\u00e3o se qualificam corretamente, ou se o seu produto n\u00e3o se adequa ao mercado, ou se os seus pre\u00e7os est\u00e3o errados - a IA mostra-lhe o problema, mas tem de o resolver.<\/p>\n\n\n<hr class=\"wp-block-separator has-alpha-channel-opacity\"\/>\n\n\n\n<h3 class=\"wp-block-heading\">Como come\u00e7ar<\/h3>\n\n\n<p>N\u00e3o precisa de transformar todo o seu processo de vendas em IA de uma s\u00f3 vez. Comece por onde for mais \u00fatil:\n<ul>\n<li><strong>Comece com a pontua\u00e7\u00e3o do neg\u00f3cio.<\/strong> Implementar pontua\u00e7\u00f5es de probabilidade de IA. Comparar as pontua\u00e7\u00f5es da IA com as estimativas dos representantes. Ver qual \u00e9 mais exacta ao longo de 3 meses.<\/li>\n<li><strong>Acompanhar os neg\u00f3cios em risco.<\/strong> Deixar a IA assinalar os neg\u00f3cios que correspondem a padr\u00f5es de risco. Veja se a interven\u00e7\u00e3o salva algum deles.<\/li>\n<li><strong>Analisar um padr\u00e3o de ganhos e perdas.<\/strong> Escolha uma vari\u00e1vel (dimens\u00e3o do neg\u00f3cio, sector, n\u00famero de intervenientes) e veja se a IA encontra padr\u00f5es que n\u00e3o conhecia.<\/li>\n<li><strong>Testar a exatid\u00e3o das previs\u00f5es.<\/strong> Execute a previs\u00e3o da IA em paralelo com o seu processo normal. Compare o que est\u00e1 mais pr\u00f3ximo dos resultados reais.<\/li>\n<li><strong>Aperfei\u00e7oar com base nos resultados.<\/strong> A IA melhora com o feedback. Quando as transac\u00e7\u00f5es s\u00e3o fechadas ou perdidas, d\u00ea esse feedback. O modelo aprende.<\/li>\n<\/ul>\n<\/p>\n\n<p>Come\u00e7ar em pequena escala. Medir a exatid\u00e3o. Dimensione o que funciona. O objetivo \u00e9 obter melhores previs\u00f5es, n\u00e3o previs\u00f5es perfeitas.<\/p>\n\n\n<hr class=\"wp-block-separator has-alpha-channel-opacity\"\/>\n\n\n\n<h3 class=\"wp-block-heading\">A linha de fundo<\/h3>\n\n\n<p>A previs\u00e3o de vendas \u00e9 o reconhecimento de padr\u00f5es. Como \u00e9 que s\u00e3o os neg\u00f3cios que fecham? Como \u00e9 que s\u00e3o os neg\u00f3cios que morrem? Que actividades fazem avan\u00e7ar os neg\u00f3cios?<\/p>\n<p>Os humanos n\u00e3o conseguem detetar padr\u00f5es em centenas de neg\u00f3cios com dezenas de vari\u00e1veis. A IA consegue.<\/p>\n<p>A sua equipa de vendas continua a ser a dona das rela\u00e7\u00f5es e das conversas. Continua a fechar neg\u00f3cios. Continuam a usar o seu discernimento para decidir quais os neg\u00f3cios a fechar.<\/p>\n<p>Mas j\u00e1 n\u00e3o est\u00e3o a voar \u00e0s cegas. T\u00eam dados sobre que neg\u00f3cios s\u00e3o reais, quais est\u00e3o em risco e que ac\u00e7\u00f5es funcionam historicamente. Essa \u00e9 a diferen\u00e7a entre adivinhar e saber.<\/p>\n\n\n<hr class=\"wp-block-separator has-alpha-channel-opacity\"\/>\n\n\n\n<h3 class=\"wp-block-heading\">Quer previs\u00f5es mais exactas?<\/h3>\n\n\n<p>Cada equipa de vendas tem padr\u00f5es de neg\u00f3cio diferentes. Ciclos de vendas diferentes. Diferentes factores que prev\u00eaem vit\u00f3rias e derrotas.<\/p>\n<p>N\u00e3o vendemos ferramentas de previs\u00e3o de tamanho \u00fanico. Analisamos os dados do seu neg\u00f3cio. Identificamos quais os factores que realmente prev\u00eaem os resultados do seu neg\u00f3cio. Criamos modelos que correspondem \u00e0 sua realidade.<\/p>\n<p>Depois integramos com o seu CRM para que os representantes e gestores vejam as previs\u00f5es onde trabalham. A sua equipa obt\u00e9m melhores dados sem alterar o seu processo.<\/p>\n<p>Nada de propaganda. Sem promessas de previs\u00f5es perfeitas. Apenas melhores previs\u00f5es para que possa tomar melhores decis\u00f5es e fechar mais neg\u00f3cios.<\/p>\n\n<p><a href=\"https:\/\/www.leaplytics.de\/pt\/contacto\/\">Vamos falar sobre o seu pipeline de vendas<\/a><\/p>\n\n<p><a href=\"https:\/\/www.leaplytics.de\/pt\/marketing-vendas-ai\/\">Voltar a IA de marketing e vendas<\/a><\/p>","protected":false},"excerpt":{"rendered":"<p>AI for Sales Pipeline &#038; Forecasting: Stop Guessing What Will Close Every quarter, the same game. Sales leadership asks for a forecast. Reps say deals will close. Management adjusts down because reps are always optimistic. Deals slip. The forecast changes weekly. Nobody knows what&#8217;s really going to close. Not because salespeople lie. Because predicting deal &hellip; <\/p>","protected":false},"author":2,"featured_media":0,"parent":0,"menu_order":0,"comment_status":"closed","ping_status":"closed","template":"","meta":{"footnotes":""},"class_list":["post-14480","page","type-page","status-publish","hentry","latest_post"],"_links":{"self":[{"href":"https:\/\/www.leaplytics.de\/pt\/wp-json\/wp\/v2\/pages\/14480","targetHints":{"allow":["GET"]}}],"collection":[{"href":"https:\/\/www.leaplytics.de\/pt\/wp-json\/wp\/v2\/pages"}],"about":[{"href":"https:\/\/www.leaplytics.de\/pt\/wp-json\/wp\/v2\/types\/page"}],"author":[{"embeddable":true,"href":"https:\/\/www.leaplytics.de\/pt\/wp-json\/wp\/v2\/users\/2"}],"replies":[{"embeddable":true,"href":"https:\/\/www.leaplytics.de\/pt\/wp-json\/wp\/v2\/comments?post=14480"}],"version-history":[{"count":1,"href":"https:\/\/www.leaplytics.de\/pt\/wp-json\/wp\/v2\/pages\/14480\/revisions"}],"predecessor-version":[{"id":14481,"href":"https:\/\/www.leaplytics.de\/pt\/wp-json\/wp\/v2\/pages\/14480\/revisions\/14481"}],"wp:attachment":[{"href":"https:\/\/www.leaplytics.de\/pt\/wp-json\/wp\/v2\/media?parent=14480"}],"curies":[{"name":"wp","href":"https:\/\/api.w.org\/{rel}","templated":true}]}}