{"id":14511,"date":"2025-12-19T02:02:31","date_gmt":"2025-12-19T01:02:31","guid":{"rendered":"https:\/\/www.leaplytics.de\/?page_id=14511"},"modified":"2025-12-19T02:02:32","modified_gmt":"2025-12-19T01:02:32","slug":"requisicao-de-compra-encomenda-ai","status":"publish","type":"page","link":"https:\/\/www.leaplytics.de\/pt\/requisicao-de-compra-encomenda-ai\/","title":{"rendered":"Requisi\u00e7\u00e3o de compra e encomenda AI"},"content":{"rendered":"<h2>IA para requisi\u00e7\u00f5es de compra e encomendas: Acelerar o processo de compra<\/h2>\n\n<p>As requisi\u00e7\u00f5es de compra e as encomendas devem ser simples. Algu\u00e9m precisa de algo. Fazem o pedido. O pedido \u00e9 aprovado. A encomenda \u00e9 efectuada. Est\u00e1 feito.<\/p>\n<p>Mas n\u00e3o \u00e9 simples. As requisi\u00e7\u00f5es ficam nas caixas de entrada \u00e0 espera de aprova\u00e7\u00e3o. Os compradores processam manualmente as encomendas de rotina. As pessoas n\u00e3o sabem a que fornecedor recorrer. As encomendas v\u00e3o para fornecedores n\u00e3o contratados porque o processo de aprova\u00e7\u00e3o \u00e9 demasiado lento.<\/p>\n<p>O resultado? Equipas de compras enterradas em trabalho transacional. Despesas irregulares porque as pessoas contornam o sistema. Fuga de contratos porque as encomendas n\u00e3o seguem os termos negociados.<\/p>\n<p>A IA resolve este problema. Processa automaticamente as requisi\u00e7\u00f5es normais. Encaminha as aprova\u00e7\u00f5es de forma inteligente. Assegura que as encomendas seguem os termos contratados. Torna o processo t\u00e3o r\u00e1pido que as pessoas o utilizam efetivamente.<\/p>\n\n\n<hr class=\"wp-block-separator has-alpha-channel-opacity\"\/>\n\n\n\n<h3 class=\"wp-block-heading\">Porque \u00e9 que os processos Purchase-to-Pay s\u00e3o lentos<\/h3>\n\n\n<p>Os processos de requisi\u00e7\u00e3o de encomendas est\u00e3o avariados na maioria das empresas. N\u00e3o porque as equipas de compras sejam m\u00e1s no seu trabalho. \u00c9 porque o processo exige demasiado trabalho manual.<\/p>\n<p>Algu\u00e9m submete uma requisi\u00e7\u00e3o. Um comprador tem de a rever. Verificar se ela segue a pol\u00edtica. Determinar quem deve aprov\u00e1-la. Encaminh\u00e1-la para o aprovador correto. Aguardar a aprova\u00e7\u00e3o. Em seguida, criar manualmente um pedido de compra. Selecionar um fornecedor. Introduzir novamente todos os detalhes.<\/p>\n<p>Para encomendas normais e de rotina. Sempre.<\/p>\n<p>Os compradores passam horas a processar requisi\u00e7\u00f5es que seguem os mesmos padr\u00f5es. Material de escrit\u00f3rio. Componentes standard. Servi\u00e7os recorrentes. Encomendas que n\u00e3o necessitam de conhecimentos humanos, mas que os recebem na mesma porque o processo requer um manuseamento manual.<\/p>\n<p>Quando o processo \u00e9 lento, as pessoas contornam-no. Compram diretamente aos fornecedores. Utilizam cart\u00f5es de cr\u00e9dito pessoais. Saltam as aprova\u00e7\u00f5es. As despesas irregulares n\u00e3o s\u00e3o maliciosas - s\u00e3o pessoas a tentar fazer o seu trabalho.<\/p>\n<p>E o aprovisionamento perde o controlo. Os fornecedores contratados n\u00e3o obt\u00eam o volume que lhes foi prometido. Os termos negociados n\u00e3o s\u00e3o utilizados. A visibilidade dos gastos desaparece.<\/p>\n\n\n<hr class=\"wp-block-separator has-alpha-channel-opacity\"\/>\n\n\n\n<h3 class=\"wp-block-heading\">O que a IA faz pela requisi\u00e7\u00e3o de compra e encomenda<\/h3>\n\n\n<p>A IA n\u00e3o se limita a acelerar o processo de requisi\u00e7\u00e3o. Torna-o inteligente. Eis como.<\/p>\n\n\n<h4 class=\"wp-block-heading\">Processa automaticamente as requisi\u00e7\u00f5es<\/h4>\n\n\n<p>A IA recebe uma requisi\u00e7\u00e3o. Analisa o que est\u00e1 a ser pedido.<\/p>\n<p>Este \u00e9 um item padr\u00e3o? A IA reconhece-o a partir de encomendas anteriores. Valida o pedido em rela\u00e7\u00e3o \u00e0 pol\u00edtica. Verifica a disponibilidade or\u00e7amental. Confirma que as informa\u00e7\u00f5es necess\u00e1rias est\u00e3o completas.<\/p>\n<p>Se tudo estiver correto, a IA encaminha-o automaticamente para aprova\u00e7\u00e3o. N\u00e3o \u00e9 necess\u00e1ria qualquer interven\u00e7\u00e3o do comprador para os pedidos de rotina.<\/p>\n<p>Se algo estiver errado, a IA assinala problemas espec\u00edficos:<\/p>\n<ul>\n<li>Centro de custo ou c\u00f3digo GL em falta<\/li>\n<li>Excesso de or\u00e7amento que requer aprova\u00e7\u00e3o especial<\/li>\n<li>O item n\u00e3o corresponde \u00e0s categorias aprovadas<\/li>\n<li>Documenta\u00e7\u00e3o necess\u00e1ria n\u00e3o anexada<\/li>\n<li>Especifica\u00e7\u00f5es pouco claras que precisam de ser clarificadas<\/li>\n<\/ul>\n<p>O requerente recebe imediatamente um feedback claro. N\u00e3o \u00e9 uma rejei\u00e7\u00e3o gen\u00e9rica. Problemas espec\u00edficos a corrigir.<\/p>\n<p>As requisi\u00e7\u00f5es padr\u00e3o passam pelo sistema em minutos. As requisi\u00e7\u00f5es complexas s\u00e3o encaminhadas para os compradores com contexto sobre o que precisa de ser revisto.<\/p>\n\n\n<h4 class=\"wp-block-heading\">Encaminha as aprova\u00e7\u00f5es de forma inteligente<\/h4>\n\n\n<p>Os fluxos de trabalho de aprova\u00e7\u00e3o s\u00e3o complexos. Aprovadores diferentes para montantes diferentes. Caminhos diferentes para categorias diferentes. Diferentes regras para diferentes departamentos.<\/p>\n<p>As pessoas ficam confusas. As requisi\u00e7\u00f5es v\u00e3o para o aprovador errado. S\u00e3o devolvidas. Atrasadas enquanto as pessoas descobrem quem deve efetivamente aprovar.<\/p>\n<p>A IA conhece as regras de aprova\u00e7\u00e3o:<\/p>\n<ul>\n<li><strong>Encaminhamento baseado na quantidade:<\/strong> Menos de $1,000 vai para um aprovador. Mais de $10,000 precisa de aprova\u00e7\u00e3o adicional.<\/li>\n<li><strong>Encaminhamento baseado em categorias:<\/strong> As aquisi\u00e7\u00f5es inform\u00e1ticas necessitam de aprova\u00e7\u00e3o inform\u00e1tica. O equipamento de capital necessita de uma an\u00e1lise financeira.<\/li>\n<li><strong>Regras do departamento:<\/strong> Os diferentes departamentos t\u00eam diferentes n\u00edveis de delega\u00e7\u00e3o e cadeias de aprova\u00e7\u00e3o.<\/li>\n<li><strong>Excep\u00e7\u00f5es pol\u00edticas:<\/strong> Artigos n\u00e3o inclu\u00eddos no cat\u00e1logo. Fornecedores n\u00e3o contratados. Requisitos especiais de aprova\u00e7\u00e3o.<\/li>\n<li><strong>L\u00f3gica de substitui\u00e7\u00e3o:<\/strong> O aprovador principal n\u00e3o est\u00e1 dispon\u00edvel? Encaminhar automaticamente para o suplente designado.<\/li>\n<\/ul>\n<p>Cada requisi\u00e7\u00e3o vai para o aprovador certo \u00e0 primeira vez. Sem confus\u00e3o. Sem atrasos enquanto as pessoas verificam quem deve aprovar o qu\u00ea.<\/p>\n<p>E os aprovadores? Eles recebem o contexto de cada pedido. O que est\u00e1 a ser pedido. Porqu\u00ea. Estado do or\u00e7amento. Conformidade com o contrato. Se o pedido \u00e9 de rotina ou se precisa de ser examinado. Podem aprovar rapidamente quando necess\u00e1rio.<\/p>\n\n\n<h4 class=\"wp-block-heading\">Sugere fornecedores preferenciais<\/h4>\n\n\n<p>Algu\u00e9m pede material de escrit\u00f3rio. A que fornecedor deve recorrer?<\/p>\n<p>A sua empresa tem tr\u00eas fornecedores de material de escrit\u00f3rio contratados. Cada um tem pre\u00e7os diferentes para artigos diferentes. Tempos de entrega diferentes. Pedidos m\u00ednimos diferentes.<\/p>\n<p>Os compradores sabem-no. Eles negociaram os contratos. Mas os requisitantes n\u00e3o sabem. E os compradores n\u00e3o querem procurar manualmente qual \u00e9 o melhor fornecedor para cada encomenda.<\/p>\n<p>A IA recomenda automaticamente os fornecedores:<\/p>\n<ul>\n<li><strong>Melhor pre\u00e7o:<\/strong> Compara os pre\u00e7os contratados entre fornecedores para os itens solicitados.<\/li>\n<li><strong>Velocidade de entrega:<\/strong> Factores de urg\u00eancia e prazos de entrega dos fornecedores.<\/li>\n<li><strong>Oportunidade de consolida\u00e7\u00e3o:<\/strong> Se existirem outras encomendas em aberto, sugerir uma combina\u00e7\u00e3o para satisfazer os requisitos m\u00ednimos de encomenda.<\/li>\n<li><strong>Cumprimento dos contratos:<\/strong> D\u00e1 prioridade aos fornecedores que t\u00eam compromissos de volume a cumprir.<\/li>\n<li><strong>Desempenho anterior:<\/strong> Considera a fiabilidade da entrega e o historial de qualidade.<\/li>\n<\/ul>\n<p>A ordem de compra vai para o fornecedor que lhe oferece o melhor valor. N\u00e3o de forma aleat\u00f3ria. N\u00e3o para quem o requisitante por acaso conhece. Para o fornecedor contratado com as melhores condi\u00e7\u00f5es para essa encomenda espec\u00edfica.<\/p>\n<p>O cumprimento dos contratos aumenta. Os termos negociados s\u00e3o efetivamente utilizados. Os fornecedores cumprem os compromissos de volume porque as encomendas chegam onde devem chegar.<\/p>\n\n\n<h4 class=\"wp-block-heading\">Valida ordens em rela\u00e7\u00e3o a contratos<\/h4>\n\n\n<p>Os contratos s\u00e3o negociados por uma raz\u00e3o. Melhores pre\u00e7os. Termos acordados. Descontos por volume. Mas se as encomendas n\u00e3o corresponderem aos termos do contrato, perde os benef\u00edcios.<\/p>\n<p>A IA valida todas as encomendas em rela\u00e7\u00e3o aos termos do contrato:<\/p>\n<ul>\n<li><strong>Valida\u00e7\u00e3o do pre\u00e7o:<\/strong> \u00c9 este o pre\u00e7o contratado? Se n\u00e3o for, assinale-o e explique a varia\u00e7\u00e3o.<\/li>\n<li><strong>Cumprimento do prazo:<\/strong> Estamos a encomendar dentro das quantidades m\u00ednimas\/m\u00e1ximas acordadas?<\/li>\n<li><strong>Verifica\u00e7\u00e3o de desconto:<\/strong> Os descontos contratados est\u00e3o a ser aplicados? As quebras de volume foram calculadas corretamente?<\/li>\n<li><strong>Correspond\u00eancia de produtos:<\/strong> Trata-se de um artigo contratado ou de um substituto semelhante a um pre\u00e7o diferente?<\/li>\n<li><strong>Condi\u00e7\u00f5es de pagamento:<\/strong> Estamos a utilizar as condi\u00e7\u00f5es de pagamento negociadas ou condi\u00e7\u00f5es diferentes?<\/li>\n<\/ul>\n<p>Se uma encomenda n\u00e3o corresponder ao contrato, a IA assinala-o antes de o pedido ser emitido.<\/p>\n<p>Talvez o pre\u00e7o seja superior ao contratado. Talvez o fornecedor tenha \"acidentalmente\" retirado um desconto. Talvez algu\u00e9m esteja a encomendar um artigo n\u00e3o contratado quando existe uma alternativa contratada.<\/p>\n<p>Apanhamo-lo antes de o pagar. N\u00e3o durante a reconcilia\u00e7\u00e3o das facturas, quando j\u00e1 \u00e9 demasiado tarde.<\/p>\n<p>N\u00e3o se trata de desconfiar dos fornecedores. Trata-se de garantir que as condi\u00e7\u00f5es que negociou s\u00e3o efetivamente aplicadas a todas as encomendas.<\/p>\n\n\n<h4 class=\"wp-block-heading\">Acompanha o estado das encomendas de forma proactiva<\/h4>\n\n\n<p>As encomendas s\u00e3o feitas. Depois come\u00e7am as perguntas. \"Onde est\u00e1 a minha encomenda?\" \"Quando \u00e9 que chega?\" \"O fornecedor confirmou-a?\"<\/p>\n<p>Os compradores colocam constantemente estas quest\u00f5es. Verificam os sistemas. Telefonam aos fornecedores. Enviam e-mails. As actualiza\u00e7\u00f5es de estado s\u00e3o um trabalho a tempo inteiro.<\/p>\n<p>A IA monitoriza automaticamente o estado das encomendas:<\/p>\n<ul>\n<li><strong>Confirma\u00e7\u00e3o do fornecedor:<\/strong> O fornecedor aceitou a encomenda? Aceitou a data de entrega? Assinalou alguma discrep\u00e2ncia?<\/li>\n<li><strong>Acompanhamento da produ\u00e7\u00e3o\/expedi\u00e7\u00e3o:<\/strong> A encomenda est\u00e1 dentro do prazo? J\u00e1 foi expedida? Onde \u00e9 que se encontra em tr\u00e2nsito?<\/li>\n<li><strong>Controlo da entrega:<\/strong> Aproxima-se a data prevista de entrega. Chegou? Foi recebido no invent\u00e1rio?<\/li>\n<li><strong>Alertas de exce\u00e7\u00e3o:<\/strong> Atrasos. Encomendas em atraso. Problemas de qualidade assinalados na rece\u00e7\u00e3o. Discrep\u00e2ncias de quantidade.<\/li>\n<li><strong>Comunica\u00e7\u00e3o proactiva:<\/strong> Actualiza os requisitantes automaticamente. S\u00f3 encaminha para os compradores quando \u00e9 necess\u00e1ria uma interven\u00e7\u00e3o.<\/li>\n<\/ul>\n<p>Os requisitantes obt\u00eam actualiza\u00e7\u00f5es de estado sem pedir. Os compradores concentram-se nas excep\u00e7\u00f5es e n\u00e3o nas verifica\u00e7\u00f5es de estado de rotina.<\/p>\n<p>Uma encomenda est\u00e1 atrasada? A IA alerta o requerente e o comprador antes de algu\u00e9m ter de perguntar. Fornece o contexto - porque \u00e9 que est\u00e1 atrasada, nova data prevista, se existem alternativas.<\/p>\n<p>Os problemas s\u00e3o resolvidos de forma proactiva. N\u00e3o s\u00e3o descobertos quando algu\u00e9m pergunta: \"Ei, onde est\u00e1 a encomenda que fiz h\u00e1 tr\u00eas semanas?\"<\/p>\n\n\n<hr class=\"wp-block-separator has-alpha-channel-opacity\"\/>\n\n\n\n<h3 class=\"wp-block-heading\">O que isto significa para si<\/h3>\n\n\n\n<h4 class=\"wp-block-heading\">Para CPOs e l\u00edderes de compras<\/h4>\n\n\n<p>Obt\u00e9m controlo e visibilidade sobre todo o processo de compra at\u00e9 \u00e0 encomenda.<\/p>\n<ul>\n<li><strong>Maior cumprimento dos contratos:<\/strong> As encomendas chegam aos fornecedores contratados. As condi\u00e7\u00f5es negociadas s\u00e3o utilizadas. Os compromissos de volume s\u00e3o cumpridos.<\/li>\n<li><strong>Menos despesas irregulares:<\/strong> Quando o processo de aprova\u00e7\u00e3o \u00e9 r\u00e1pido, as pessoas utilizam-no em vez de o contornarem.<\/li>\n<li><strong>Ciclos de aquisi\u00e7\u00e3o mais r\u00e1pidos:<\/strong> Encomendas standard processadas em minutos, n\u00e3o em dias. Necessidades comerciais satisfeitas mais rapidamente.<\/li>\n<li><strong>Melhor afeta\u00e7\u00e3o dos recursos:<\/strong> Os compradores trabalham em compras e negocia\u00e7\u00f5es complexas e n\u00e3o no processamento de encomendas de rotina.<\/li>\n<li><strong>Visibilidade das despesas:<\/strong> Todas as encomendas passam pelo sistema. Visibilidade total do que est\u00e1 a ser comprado e a quem.<\/li>\n<\/ul>\n\n\n<h4 class=\"wp-block-heading\">Para gestores de aquisi\u00e7\u00f5es e compradores<\/h4>\n\n\n<p>Deixamos de ser um centro de processamento de requisi\u00e7\u00f5es e passamos a ser uma fun\u00e7\u00e3o estrat\u00e9gica.<\/p>\n<ul>\n<li><strong>Deixar de processar encomendas de rotina:<\/strong> As requisi\u00e7\u00f5es standard fluem automaticamente. O utilizador trata apenas do que necessita de conhecimento especializado.<\/li>\n<li><strong>Concentrar-se nas compras complexas:<\/strong> Tempo de negocia\u00e7\u00e3o. Gest\u00e3o das rela\u00e7\u00f5es com os fornecedores. Fornecimento estrat\u00e9gico.<\/li>\n<li><strong>Melhor utiliza\u00e7\u00e3o dos contratos:<\/strong> As encomendas v\u00e3o automaticamente para os fornecedores certos nas condi\u00e7\u00f5es certas.<\/li>\n<li><strong>Menos verifica\u00e7\u00e3o do estado:<\/strong> O acompanhamento automatizado trata das quest\u00f5es de rotina. O utilizador concentra-se nas excep\u00e7\u00f5es.<\/li>\n<li><strong>Carga de trabalho clara:<\/strong> Saiba o que precisa da sua aten\u00e7\u00e3o. O que \u00e9 rotina \u00e9 tratado automaticamente.<\/li>\n<\/ul>\n\n\n<h4 class=\"wp-block-heading\">Para requerentes e utilizadores profissionais<\/h4>\n\n\n<p>Obt\u00e9m o que precisa, mais rapidamente e com menos complica\u00e7\u00f5es.<\/p>\n<ul>\n<li><strong>Encomendas mais r\u00e1pidas:<\/strong> Requisi\u00e7\u00f5es padr\u00e3o aprovadas e encomendadas em minutos. Acabaram-se os dias de espera para os artigos de rotina.<\/li>\n<li><strong>Estado de limpeza:<\/strong> Saiba onde est\u00e1 a sua encomenda sem perguntar. Actualiza\u00e7\u00f5es proactivas sobre a entrega.<\/li>\n<li><strong>Processo f\u00e1cil:<\/strong> Orienta\u00e7\u00e3o clara sobre o que \u00e9 necess\u00e1rio. Feedback imediato se algo estiver errado.<\/li>\n<li><strong>Melhor servi\u00e7o:<\/strong> Fornecedores preferidos sugeridos automaticamente. Melhores prazos e condi\u00e7\u00f5es de entrega.<\/li>\n<li><strong>Acabaram-se as solu\u00e7\u00f5es alternativas:<\/strong> O processo de aprova\u00e7\u00e3o \u00e9 suficientemente r\u00e1pido para que n\u00e3o seja necess\u00e1rio contorn\u00e1-lo.<\/li>\n<\/ul>\n\n\n<hr class=\"wp-block-separator has-alpha-channel-opacity\"\/>\n\n\n\n<h3 class=\"wp-block-heading\">O que a IA n\u00e3o faz<\/h3>\n\n\n<p>Vamos ser claros sobre o que isto n\u00e3o \u00e9.<\/p>\n<p>A IA n\u00e3o aprova compras. S\u00e3o os humanos que aprovam. A IA apenas encaminha os pedidos para o aprovador correto com as informa\u00e7\u00f5es corretas.<\/p>\n<p>A IA n\u00e3o substitui o julgamento do comprador para compras complexas. Novos fornecedores. Artigos n\u00e3o normalizados. Equipamento de capital. Compras estrat\u00e9gicas. Estas necessitam de conhecimentos humanos.<\/p>\n<p>A IA n\u00e3o elimina todo o trabalho manual. Algumas requisi\u00e7\u00f5es s\u00e3o complexas. Algumas encomendas necessitam de um tratamento especial. Algumas situa\u00e7\u00f5es requerem um julgamento humano sobre o risco, a qualidade ou a sele\u00e7\u00e3o de fornecedores.<\/p>\n<p>O que a IA faz \u00e9 lidar com a rotina. As encomendas normalizadas que seguem padr\u00f5es. O 80% de requisi\u00e7\u00f5es que n\u00e3o necessitam de conhecimentos humanos mas que, historicamente, os recebiam na mesma porque o processo exigia um tratamento manual.<\/p>\n<p>Os seus compradores continuam a tomar decis\u00f5es. Apenas tomam decis\u00f5es sobre coisas que precisam efetivamente dos seus conhecimentos.<\/p>\n\n\n<hr class=\"wp-block-separator has-alpha-channel-opacity\"\/>\n\n\n\n<h3 class=\"wp-block-heading\">Resultados reais da IA para requisi\u00e7\u00f5es e encomendas<\/h3>\n\n\n<p>Eis o que isto parece na pr\u00e1tica:<\/p>\n\n<p><strong>70-80% das requisi\u00e7\u00f5es processadas automaticamente:<\/strong> As encomendas normais s\u00e3o efectuadas sem interven\u00e7\u00e3o do comprador. Os compradores concentram-se nos 20-30% que necessitam de conhecimentos especializados.<\/p>\n\n<p><strong>Redu\u00e7\u00e3o do tempo de ciclo de aprova\u00e7\u00e3o em 50-70%:<\/strong> As requisi\u00e7\u00f5es v\u00e3o imediatamente para o aprovador correto. Sem confus\u00e3o, sem atrasos, sem idas e vindas.<\/p>\n\n<p><strong>O cumprimento do contrato aumenta 15-30%:<\/strong> As encomendas chegam automaticamente aos fornecedores contratados nas condi\u00e7\u00f5es contratadas. As despesas irreflectidas diminuem.<\/p>\n\n<p><strong>Capacidade de compra libertada:<\/strong> Horas por dia recuperadas do processamento de encomendas de rotina. Tempo reafectado ao sourcing estrat\u00e9gico e \u00e0s negocia\u00e7\u00f5es.<\/p>\n\n<p><strong>Melhor experi\u00eancia do utilizador:<\/strong> Suficientemente r\u00e1pido para que as pessoas utilizem o sistema em vez de encontrarem solu\u00e7\u00f5es alternativas. Uma maior ado\u00e7\u00e3o significa uma melhor visibilidade das despesas.<\/p>\n\n<p>N\u00e3o se trata de reduzir o n\u00famero de efectivos das aquisi\u00e7\u00f5es. Trata-se de permitir que as aquisi\u00e7\u00f5es fa\u00e7am um trabalho mais estrat\u00e9gico com os mesmos recursos.<\/p>\n\n\n<hr class=\"wp-block-separator has-alpha-channel-opacity\"\/>\n\n\n\n<h3 class=\"wp-block-heading\">Pronto para acelerar o seu processo de compra por encomenda?<\/h3>\n\n\n<p>O processo de requisi\u00e7\u00e3o e de encomenda de cada empresa \u00e9 diferente. Os seus fluxos de trabalho de aprova\u00e7\u00e3o reflectem a sua estrutura organizacional. A sua base de fornecedores tem carater\u00edsticas \u00fanicas. As suas categorias t\u00eam requisitos diferentes.<\/p>\n<p>N\u00e3o vendemos automatiza\u00e7\u00e3o gen\u00e9rica de aquisi\u00e7\u00f5es. Analisamos o seu processo espec\u00edfico de requisi\u00e7\u00e3o para encomenda. Identificamos quais as encomendas que podem ser automatizadas e quais as que necessitam de conhecimentos humanos. Criamos sistemas que correspondem \u00e0 forma como a sua organiza\u00e7\u00e3o funciona efetivamente.<\/p>\n<p>N\u00e3o h\u00e1 promessas de que tudo ser\u00e1 automatizado. Apenas uma IA pr\u00e1tica que trata das encomendas de rotina para que os seus compradores se possam concentrar nas aquisi\u00e7\u00f5es estrat\u00e9gicas.<\/p>\n\n<p><a href=\"https:\/\/www.leaplytics.de\/pt\/contacto\/\">Vamos falar sobre o seu processo de requisi\u00e7\u00e3o<\/a><\/p>\n\n<p><a href=\"https:\/\/www.leaplytics.de\/pt\/sourcing-aquisicao-ai\/\">Voltar a IA de aprovisionamento e aquisi\u00e7\u00e3o<\/a><\/p>","protected":false},"excerpt":{"rendered":"<p>AI for Purchase Requisition &#038; Ordering: Speed Up the Buying Process Purchase requisitions and ordering should be simple. Someone needs something. They request it. It gets approved. The order goes out. Done. But it&#8217;s not simple. Requisitions sit in inboxes waiting for approval. Buyers manually process routine orders. People don&#8217;t know which supplier to use. &hellip; <\/p>","protected":false},"author":2,"featured_media":0,"parent":0,"menu_order":0,"comment_status":"closed","ping_status":"closed","template":"","meta":{"footnotes":""},"class_list":["post-14511","page","type-page","status-publish","hentry","latest_post"],"_links":{"self":[{"href":"https:\/\/www.leaplytics.de\/pt\/wp-json\/wp\/v2\/pages\/14511","targetHints":{"allow":["GET"]}}],"collection":[{"href":"https:\/\/www.leaplytics.de\/pt\/wp-json\/wp\/v2\/pages"}],"about":[{"href":"https:\/\/www.leaplytics.de\/pt\/wp-json\/wp\/v2\/types\/page"}],"author":[{"embeddable":true,"href":"https:\/\/www.leaplytics.de\/pt\/wp-json\/wp\/v2\/users\/2"}],"replies":[{"embeddable":true,"href":"https:\/\/www.leaplytics.de\/pt\/wp-json\/wp\/v2\/comments?post=14511"}],"version-history":[{"count":1,"href":"https:\/\/www.leaplytics.de\/pt\/wp-json\/wp\/v2\/pages\/14511\/revisions"}],"predecessor-version":[{"id":14518,"href":"https:\/\/www.leaplytics.de\/pt\/wp-json\/wp\/v2\/pages\/14511\/revisions\/14518"}],"wp:attachment":[{"href":"https:\/\/www.leaplytics.de\/pt\/wp-json\/wp\/v2\/media?parent=14511"}],"curies":[{"name":"wp","href":"https:\/\/api.w.org\/{rel}","templated":true}]}}