{"id":14514,"date":"2025-12-19T02:03:17","date_gmt":"2025-12-19T01:03:17","guid":{"rendered":"https:\/\/www.leaplytics.de\/?page_id=14514"},"modified":"2025-12-19T02:03:17","modified_gmt":"2025-12-19T01:03:17","slug":"desempenho-dos-fornecedores-gestao-de-riscos-ai","status":"publish","type":"page","link":"https:\/\/www.leaplytics.de\/pt\/desempenho-dos-fornecedores-gestao-de-riscos-ai\/","title":{"rendered":"Desempenho do fornecedor e gest\u00e3o de riscos IA"},"content":{"rendered":"<h2>IA para desempenho de fornecedores e gest\u00e3o de riscos: Conhe\u00e7a seus fornecedores antes que eles causem problemas<\/h2>\n\n<p>A sua empresa depende dos fornecedores. Eles fornecem os materiais de que necessita. Os componentes com que constr\u00f3i. Os servi\u00e7os que mant\u00eam as opera\u00e7\u00f5es a funcionar.<\/p>\n<p>Quando os fornecedores t\u00eam um bom desempenho, n\u00e3o se pensa neles. Quando eles falham, tudo p\u00e1ra.<\/p>\n<p>Os atrasos nas entregas atrasam a produ\u00e7\u00e3o. Problemas de qualidade geram retrabalho e reclama\u00e7\u00f5es dos clientes. Problemas financeiros causam interrup\u00e7\u00f5es no fornecimento. As viola\u00e7\u00f5es de conformidade criam exposi\u00e7\u00e3o legal. Os pequenos problemas dos fornecedores tornam-se grandes problemas para a empresa.<\/p>\n<p>Mas a maioria das empresas n\u00e3o monitoriza sistematicamente o desempenho dos fornecedores. N\u00e3o porque n\u00e3o se preocupem. Porque \u00e9 imposs\u00edvel monitorizar manualmente centenas de fornecedores.<\/p>\n<p>Apercebe-se dos problemas depois de eles o afectarem. O atraso na entrega que p\u00e1ra a produ\u00e7\u00e3o. O problema de qualidade que atinge os clientes. A fal\u00eancia do fornecedor que o deixa \u00e0 procura de alternativas.<\/p>\n<p>A IA altera esta situa\u00e7\u00e3o. Monitoriza continuamente o desempenho dos fornecedores. Segue os sinais de risco de v\u00e1rias fontes. Alerta-o para os problemas antes que estes afectem as opera\u00e7\u00f5es. Transforma o combate reativo aos inc\u00eandios numa gest\u00e3o proactiva dos riscos.<\/p>\n\n\n<hr class=\"wp-block-separator has-alpha-channel-opacity\"\/>\n\n\n\n<h3 class=\"wp-block-heading\">Porque \u00e9 que a gest\u00e3o do desempenho dos fornecedores falha<\/h3>\n\n\n<p>A maioria das empresas tem alguma forma de controlo do desempenho dos fornecedores. Quadros de pontua\u00e7\u00e3o. Revis\u00f5es trimestrais da atividade. Avalia\u00e7\u00f5es anuais.<\/p>\n<p>Mas estes s\u00e3o retrospectivos e peri\u00f3dicos. Dizem-nos o que aconteceu no \u00faltimo trimestre. N\u00e3o nos dizem o que est\u00e1 a acontecer agora ou que problemas est\u00e3o para vir.<\/p>\n<p>O desempenho de um fornecedor em termos de entregas parece bom na revis\u00e3o trimestral. Mas, nas \u00faltimas tr\u00eas semanas, falhou metade das suas entregas. Ningu\u00e9m d\u00e1 por isso at\u00e9 a produ\u00e7\u00e3o ser afetada.<\/p>\n<p>As finan\u00e7as de um fornecedor pareciam estar bem na revis\u00e3o anual. Mas acabou de perder o seu maior cliente. Quando se fica a saber, eles est\u00e3o em apuros e a sua cadeia de abastecimento tamb\u00e9m.<\/p>\n<p>E isso \u00e9 para os fornecedores cr\u00edticos, onde s\u00e3o efectuadas an\u00e1lises formais. Para os restantes 80% da sua base de fornecedores? S\u00e3o monitorizados apenas quando os problemas se tornam \u00f3bvios.<\/p>\n<p>A monitoriza\u00e7\u00e3o manual n\u00e3o \u00e9 escal\u00e1vel. N\u00e3o \u00e9 poss\u00edvel acompanhar o desempenho de entrega de 300 fornecedores. N\u00e3o pode monitorizar as not\u00edcias financeiras de todas as empresas a quem compra. N\u00e3o \u00e9 poss\u00edvel verificar continuamente o estado de conformidade.<\/p>\n<p>Por isso, monitoriza-se os grandes fornecedores e espera-se que os outros n\u00e3o causem problemas. A esperan\u00e7a n\u00e3o \u00e9 uma estrat\u00e9gia de gest\u00e3o de riscos.<\/p>\n\n\n<hr class=\"wp-block-separator has-alpha-channel-opacity\"\/>\n\n\n\n<h3 class=\"wp-block-heading\">O que a IA faz pelo desempenho do fornecedor e pela gest\u00e3o de riscos<\/h3>\n\n\n<p>A IA n\u00e3o se limita a seguir o desempenho dos fornecedores. Prev\u00ea problemas. Eis como.<\/p>\n\n\n<h4 class=\"wp-block-heading\">Monitoriza continuamente o desempenho dos fornecedores<\/h4>\n\n\n<p>A IA monitoriza os dados de desempenho dos fornecedores em tempo real. N\u00e3o s\u00e3o revis\u00f5es trimestrais. Monitoriza\u00e7\u00e3o cont\u00ednua de todas as transac\u00e7\u00f5es.<\/p>\n\n<p><strong>Acompanhamento da entrega atempada:<\/strong><\/p>\n<ul>\n<li>Todas as encomendas. Cada entrega. Foi pontual? Cedo? Atrasada? Por quanto?<\/li>\n<li>Desempenho de entrega por fornecedor, por categoria, por per\u00edodo de tempo.<\/li>\n<li>Tend\u00eancias: O desempenho est\u00e1 a melhorar ou a diminuir?<\/li>\n<li>Variabilidade: Desempenho consistente ou imprevis\u00edvel?<\/li>\n<li>Compromissos: Desempenho efetivo vs. n\u00edveis de servi\u00e7o contratados.<\/li>\n<\/ul>\n<p>O desempenho global de um fornecedor pode ser aceit\u00e1vel, mas o seu desempenho em itens cr\u00edticos \u00e9 fraco. A IA v\u00ea isso. A m\u00e9dia de um fornecedor mostra 95% dentro do prazo, mas o desempenho recente caiu para 80%. A IA detecta a tend\u00eancia.<\/p>\n\n<p><strong>M\u00e9tricas de qualidade:<\/strong><\/p>\n<ul>\n<li>Taxas de defeitos. Taxas de devolu\u00e7\u00e3o. Requisitos de retrabalho.<\/li>\n<li>Incidentes de qualidade por gravidade e frequ\u00eancia.<\/li>\n<li>Conformidade com as especifica\u00e7\u00f5es e normas.<\/li>\n<li>Reclama\u00e7\u00f5es de clientes relacionadas com problemas de fornecedores.<\/li>\n<li>Custos de qualidade: inspe\u00e7\u00e3o, retrabalho, devolu\u00e7\u00f5es, pedidos de garantia.<\/li>\n<\/ul>\n<p>Os problemas de qualidade revelam frequentemente padr\u00f5es antes de se tornarem \u00f3bvios. As taxas de defeitos aumentam lentamente. Linhas de produtos espec\u00edficas com problemas. A IA identifica estes padr\u00f5es numa fase inicial.<\/p>\n\n<p><strong>Capacidade de resposta e servi\u00e7o:<\/strong><\/p>\n<ul>\n<li>Tempo de resposta a pedidos de informa\u00e7\u00e3o e problemas.<\/li>\n<li>Rapidez e efic\u00e1cia na resolu\u00e7\u00e3o de problemas.<\/li>\n<li>Flexibilidade no tratamento de altera\u00e7\u00f5es ou pedidos urgentes.<\/li>\n<li>Qualidade da comunica\u00e7\u00e3o e proactividade.<\/li>\n<li>Apoio t\u00e9cnico e conhecimentos especializados.<\/li>\n<\/ul>\n\n<p><strong>Desempenho comercial:<\/strong><\/p>\n<ul>\n<li>Exatid\u00e3o das facturas. Problemas e erros de fatura\u00e7\u00e3o.<\/li>\n<li>Coer\u00eancia dos pre\u00e7os com os contratos.<\/li>\n<li>Cumprimento das condi\u00e7\u00f5es de pagamento.<\/li>\n<li>Prazo de entrega dos or\u00e7amentos e competitividade.<\/li>\n<\/ul>\n<p>A IA n\u00e3o se limita a recolher dados. Analisa-os. Mostra tend\u00eancias. Compara fornecedores. Assinala a degrada\u00e7\u00e3o do desempenho antes que se torne cr\u00edtica.<\/p>\n\n\n<h4 class=\"wp-block-heading\">Pontua as rela\u00e7\u00f5es com os fornecedores<\/h4>\n\n\n<p>Tem centenas de fornecedores. Quais s\u00e3o os que merecem aten\u00e7\u00e3o? Quais t\u00eam um bom desempenho? Quais necessitam de discuss\u00f5es de melhoria?<\/p>\n<p>A IA classifica cada fornecedor em v\u00e1rias dimens\u00f5es:<\/p>\n\n<p><strong>Pontua\u00e7\u00e3o de desempenho:<\/strong><\/p>\n<ul>\n<li>Combina\u00e7\u00e3o ponderada de m\u00e9tricas de entrega, qualidade, capacidade de resposta e comerciais.<\/li>\n<li>Ajustado em fun\u00e7\u00e3o da import\u00e2ncia: Os fornecedores cr\u00edticos foram objeto de uma classifica\u00e7\u00e3o mais rigorosa.<\/li>\n<li>Em compara\u00e7\u00e3o com os compromissos contratados e o desempenho dos seus pares.<\/li>\n<\/ul>\n\n<p><strong>Pontua\u00e7\u00e3o de risco:<\/strong><\/p>\n<ul>\n<li>Risco financeiro. Risco de conformidade. Risco operacional. Risco geogr\u00e1fico.<\/li>\n<li>Depend\u00eancias de fonte \u00fanica. Risco de concentra\u00e7\u00e3o.<\/li>\n<li>Factores externos: geopol\u00edticos, regulamentares, condi\u00e7\u00f5es de mercado.<\/li>\n<\/ul>\n\n<p><strong>Pontua\u00e7\u00e3o de valor:<\/strong><\/p>\n<ul>\n<li>Competitividade em termos de custos. Contribui\u00e7\u00e3o para a inova\u00e7\u00e3o. Valor estrat\u00e9gico.<\/li>\n<li>Facilidade de fazer neg\u00f3cios. Flexibilidade e abordagem de parceria.<\/li>\n<li>Valor total para al\u00e9m do pre\u00e7o.<\/li>\n<\/ul>\n\n<p><strong>Classifica\u00e7\u00e3o geral do fornecedor:<\/strong><\/p>\n<ul>\n<li>Vis\u00e3o combinada do desempenho, risco e valor.<\/li>\n<li>Segmenta\u00e7\u00e3o: parceiros estrat\u00e9gicos, fornecedores preferenciais, fornecedores aceit\u00e1veis, fornecedores em risco.<\/li>\n<li>Recomenda\u00e7\u00f5es de a\u00e7\u00e3o baseadas na classifica\u00e7\u00e3o e nas tend\u00eancias.<\/li>\n<\/ul>\n<p>Obt\u00e9m uma lista de fornecedores priorit\u00e1rios. Quem precisa de uma discuss\u00e3o sobre o desempenho? Quem merece mais neg\u00f3cios? Quem precisa de um plano de transi\u00e7\u00e3o?<\/p>\n<p>N\u00e3o com base na intui\u00e7\u00e3o ou em quem se queixou mais alto. Baseado em dados abrangentes e objectivos.<\/p>\n\n\n<h4 class=\"wp-block-heading\">Detecta sinais de risco precocemente<\/h4>\n\n\n<p>Os problemas dos fornecedores n\u00e3o aparecem de repente. H\u00e1 sinais de aviso. A IA est\u00e1 atenta a eles.<\/p>\n\n<p><strong>Sinais de risco financeiro:<\/strong><\/p>\n<ul>\n<li>Descida da nota\u00e7\u00e3o de cr\u00e9dito. Deteriora\u00e7\u00e3o das demonstra\u00e7\u00f5es financeiras.<\/li>\n<li>Problemas de pagamento: atrasos nos pagamentos aos seus fornecedores, penhoras fiscais, senten\u00e7as judiciais.<\/li>\n<li>Perdas importantes de clientes. Concentra\u00e7\u00e3o ou diminui\u00e7\u00e3o das receitas.<\/li>\n<li>Despedimentos, encerramento de instala\u00e7\u00f5es, an\u00fancios de reestrutura\u00e7\u00e3o.<\/li>\n<li>Mudan\u00e7as de propriedade, rota\u00e7\u00e3o da dire\u00e7\u00e3o, pedidos de fal\u00eancia.<\/li>\n<\/ul>\n\n<p><strong>Sinais de risco operacional:<\/strong><\/p>\n<ul>\n<li>Degrada\u00e7\u00e3o do desempenho de entrega. Aumento dos prazos de entrega.<\/li>\n<li>Aumento da frequ\u00eancia ou da gravidade dos problemas de qualidade.<\/li>\n<li>Restri\u00e7\u00f5es de capacidade. Problemas de produ\u00e7\u00e3o.<\/li>\n<li>Sa\u00edda de pessoal-chave. Problemas laborais ou greves.<\/li>\n<li>Quest\u00f5es da cadeia de abastecimento que afectam os seus fornecedores.<\/li>\n<\/ul>\n\n<p><strong>Risco de conformidade e reputa\u00e7\u00e3o:<\/strong><\/p>\n<ul>\n<li>Infrac\u00e7\u00f5es \u00e0 regulamenta\u00e7\u00e3o. Incidentes de seguran\u00e7a. Quest\u00f5es ambientais.<\/li>\n<li>Problemas jur\u00eddicos: ac\u00e7\u00f5es judiciais, inqu\u00e9ritos, multas.<\/li>\n<li>Cobertura noticiosa negativa. Mudan\u00e7as de opini\u00e3o nas redes sociais.<\/li>\n<li>Queixas de clientes. Mudan\u00e7as na reputa\u00e7\u00e3o do sector.<\/li>\n<li>Caducidade da certifica\u00e7\u00e3o. Problemas com seguros ou licen\u00e7as.<\/li>\n<\/ul>\n\n<p><strong>Risco externo e de mercado:<\/strong><\/p>\n<ul>\n<li>Quest\u00f5es geopol\u00edticas que afectam a localiza\u00e7\u00e3o dos fornecedores.<\/li>\n<li>Cat\u00e1strofes naturais, fen\u00f3menos meteorol\u00f3gicos, problemas de infra-estruturas.<\/li>\n<li>Altera\u00e7\u00f5es regulamentares que afectam as opera\u00e7\u00f5es dos fornecedores.<\/li>\n<li>Perturba\u00e7\u00f5es do mercado no sector do fornecedor.<\/li>\n<li>Volatilidade dos pre\u00e7os dos produtos de base que afecta os custos dos fornecedores.<\/li>\n<\/ul>\n<p>A IA monitoriza not\u00edcias, bases de dados financeiras, registos regulamentares, relat\u00f3rios do sector e dados internos de desempenho. Liga sinais que n\u00e3o seriam detectados isoladamente.<\/p>\n<p>Um fornecedor tem pequenos atrasos na entrega. Isso \u00e9 um sinal. O mesmo fornecedor acaba de despedir 10% de pessoal. Esse \u00e9 outro sinal. Em conjunto, sugerem a emerg\u00eancia de um problema maior.<\/p>\n<p>Recebe um aviso pr\u00e9vio. \u00c9 altura de diversificar as fontes de abastecimento. Criar reservas de invent\u00e1rio. Criar alternativas. Gerir o risco de forma proactiva em vez de reagir a crises.<\/p>\n\n\n<h4 class=\"wp-block-heading\">Prev\u00ea interrup\u00e7\u00f5es no fornecimento<\/h4>\n\n\n<p>Alguns problemas dos fornecedores s\u00e3o previs\u00edveis. A IA identifica padr\u00f5es que precedem as perturba\u00e7\u00f5es.<\/p>\n\n<p><strong>Padr\u00f5es de degrada\u00e7\u00e3o do desempenho:<\/strong><\/p>\n<p>Desempenho de entrega em decl\u00ednio. Qualidade em queda. Prolongamento dos prazos de entrega. Estes padr\u00f5es precedem frequentemente problemas maiores.<\/p>\n<p>A IA aprende quais os padr\u00f5es que se correlacionam com as perturba\u00e7\u00f5es. Assinala os fornecedores que apresentam estes padr\u00f5es antes de a perturba\u00e7\u00e3o ocorrer.<\/p>\n\n<p><strong>Acumula\u00e7\u00e3o de factores de risco:<\/strong><\/p>\n<p>O aparecimento simult\u00e2neo de v\u00e1rios sinais de risco aumenta a probabilidade de perturba\u00e7\u00e3o.<\/p>\n<p>Stress financeiro + problemas operacionais + recess\u00e3o do sector = elevada probabilidade de falha do fornecedor. A IA quantifica este risco.<\/p>\n\n<p><strong>Controlo de factores externos:<\/strong><\/p>\n<p>Padr\u00f5es clim\u00e1ticos que afectam as colheitas dos fornecedores agr\u00edcolas. Prazos regulamentares que criam restri\u00e7\u00f5es de capacidade. Congestionamento dos portos que afecta os prazos de entrega.<\/p>\n<p>A IA monitoriza factores externos que prev\u00eaem perturba\u00e7\u00f5es na cadeia de abastecimento. N\u00e3o na perfei\u00e7\u00e3o, mas com anteced\u00eancia suficiente para se preparar.<\/p>\n\n<p><strong>An\u00e1lise da capacidade e da procura:<\/strong><\/p>\n<p>Fornecedor com capacidade de 90%. Procura crescente no sector. O seu volume est\u00e1 a aumentar. A matem\u00e1tica prev\u00ea problemas de capacidade.<\/p>\n<p>A IA modela a capacidade do fornecedor em fun\u00e7\u00e3o da procura. Assinala situa\u00e7\u00f5es em que \u00e9 prov\u00e1vel que a oferta seja limitada.<\/p>\n<p>A previs\u00e3o de perturba\u00e7\u00f5es n\u00e3o \u00e9 perfeita. Mas mesmo uma precis\u00e3o de 70% com aviso pr\u00e9vio \u00e9 valiosa. N\u00e3o \u00e9 poss\u00edvel evitar todas as perturba\u00e7\u00f5es. Mas pode preparar-se para as que v\u00ea chegar.<\/p>\n\n\n<h4 class=\"wp-block-heading\">Monitoriza o estado de conformidade<\/h4>\n\n\n<p>Os fornecedores t\u00eam requisitos de conformidade. Certifica\u00e7\u00f5es. Seguros. Documenta\u00e7\u00e3o. Registos de seguran\u00e7a. Licen\u00e7as ambientais.<\/p>\n<p>Estes expiram. Os fornecedores esquecem-se de renovar. Ou n\u00e3o o informam quando h\u00e1 problemas.<\/p>\n<p>A IA monitoriza o estado de conformidade:<\/p>\n\n<p><strong>Documenta\u00e7\u00e3o necess\u00e1ria:<\/strong><\/p>\n<ul>\n<li>Certificados de seguro. Montantes de cobertura e datas de expira\u00e7\u00e3o.<\/li>\n<li>Certifica\u00e7\u00f5es de qualidade (ISO, espec\u00edficas do sector). Estado atual e datas de renova\u00e7\u00e3o.<\/li>\n<li>Certifica\u00e7\u00f5es de seguran\u00e7a e resultados de auditorias.<\/li>\n<li>Declara\u00e7\u00f5es financeiras e informa\u00e7\u00f5es sobre o cr\u00e9dito.<\/li>\n<li>Licen\u00e7as, autoriza\u00e7\u00f5es, registos.<\/li>\n<\/ul>\n\n<p><strong>Conformidade regulamentar:<\/strong><\/p>\n<ul>\n<li>Cumprimento da regulamenta\u00e7\u00e3o do sector. Resultados da inspe\u00e7\u00e3o.<\/li>\n<li>Conformidade ambiental. Emiss\u00f5es, res\u00edduos, relat\u00f3rios.<\/li>\n<li>Regulamenta\u00e7\u00e3o em mat\u00e9ria de trabalho e seguran\u00e7a. Constata\u00e7\u00f5es de auditoria.<\/li>\n<li>Conformidade das importa\u00e7\u00f5es\/exporta\u00e7\u00f5es. Restri\u00e7\u00f5es comerciais.<\/li>\n<li>Conformidade da privacidade e seguran\u00e7a dos dados para fornecedores de TI.<\/li>\n<\/ul>\n\n<p><strong>Cumprimento contratual:<\/strong><\/p>\n<ul>\n<li>Certifica\u00e7\u00f5es exigidas nos termos do contrato.<\/li>\n<li>Requisitos de comunica\u00e7\u00e3o. Direitos de auditoria.<\/li>\n<li>Compromissos em mat\u00e9ria de diversidade e sustentabilidade.<\/li>\n<li>Reconhecimento e ades\u00e3o ao c\u00f3digo de conduta.<\/li>\n<\/ul>\n<p>A IA controla o que \u00e9 necess\u00e1rio. Monitoriza o estado. Alerta antes das expira\u00e7\u00f5es. Sinaliza problemas de conformidade.<\/p>\n<p>O seguro expirou h\u00e1 tr\u00eas meses e ningu\u00e9m reparou? A IA detecta-o. A certifica\u00e7\u00e3o n\u00e3o foi renovada? Alerta enviado antes que se torne um problema.<\/p>\n<p>O controlo da conformidade n\u00e3o \u00e9 excitante. Mas a n\u00e3o conformidade \u00e9 dispendiosa. Exposi\u00e7\u00e3o legal. Constata\u00e7\u00f5es de auditoria. Viola\u00e7\u00f5es de contratos com clientes. A IA evita estes problemas.<\/p>\n\n\n<hr class=\"wp-block-separator has-alpha-channel-opacity\"\/>\n\n\n\n<h3 class=\"wp-block-heading\">O que isto significa para si<\/h3>\n\n\n\n<h4 class=\"wp-block-heading\">Para CPOs e l\u00edderes de compras<\/h4>\n\n\n<p>Passa-se de uma gest\u00e3o reactiva para uma gest\u00e3o proactiva do risco do fornecedor.<\/p>\n<ul>\n<li><strong>Gest\u00e3o proactiva dos riscos:<\/strong> Problemas assinalados antes de perturbarem as opera\u00e7\u00f5es. Tempo para se preparar, em vez de se mexer.<\/li>\n<li><strong>Responsabilidade do fornecedor com dados:<\/strong> Discuss\u00f5es sobre o desempenho apoiadas por m\u00e9tricas objectivas. Expectativas claras e medi\u00e7\u00e3o.<\/li>\n<li><strong>Cadeia de abastecimento protegida:<\/strong> Sistema de alerta precoce para problemas com os fornecedores. Redu\u00e7\u00e3o do impacto das perturba\u00e7\u00f5es.<\/li>\n<li><strong>Melhoria cont\u00ednua:<\/strong> O acompanhamento sistem\u00e1tico do desempenho conduz \u00e0 melhoria do fornecedor ao longo do tempo.<\/li>\n<li><strong>Gest\u00e3o estrat\u00e9gica de fornecedores:<\/strong> Saber quais os fornecedores que merecem investimento e parceria. Quais precisam de melhorar o desempenho. Quais precisam de ser substitu\u00eddos.<\/li>\n<\/ul>\n\n\n<h4 class=\"wp-block-heading\">Para gestores de aquisi\u00e7\u00f5es e compradores<\/h4>\n\n\n<p>Sabe quais os fornecedores a vigiar e tem provas para conversas dif\u00edceis.<\/p>\n<ul>\n<li><strong>Saber quais os fornecedores a vigiar:<\/strong> Lista de prioridades baseada no desempenho e no risco. Concentre a aten\u00e7\u00e3o onde \u00e9 importante.<\/li>\n<li><strong>Provas para as conversa\u00e7\u00f5es com os fornecedores:<\/strong> Debates sobre o desempenho com base em dados. Quest\u00f5es espec\u00edficas com m\u00e9tricas claras.<\/li>\n<li><strong>Alerta precoce de problemas:<\/strong> Resolver os problemas antes que se tornem cr\u00edticos. Gest\u00e3o proactiva.<\/li>\n<li><strong>Acompanhamento simplificado do desempenho:<\/strong> Acabaram-se os scorecards manuais. Recolha e an\u00e1lise de dados automatizadas.<\/li>\n<li><strong>Verifica\u00e7\u00e3o da conformidade:<\/strong> Conhecer o estado de conformidade do fornecedor sem ter de seguir manualmente os documentos.<\/li>\n<\/ul>\n\n\n<h4 class=\"wp-block-heading\">Para Opera\u00e7\u00f5es e Cadeia de Fornecimento<\/h4>\n\n\n<p>Obt\u00e9m um fornecimento fi\u00e1vel com menos interrup\u00e7\u00f5es.<\/p>\n<ul>\n<li><strong>Menos interrup\u00e7\u00f5es no fornecimento:<\/strong> O alerta precoce permite a prepara\u00e7\u00e3o. Invent\u00e1rio de prote\u00e7\u00e3o, fontes alternativas, planos de emerg\u00eancia.<\/li>\n<li><strong>Melhor qualidade dos fornecedores:<\/strong> A monitoriza\u00e7\u00e3o e o feedback cont\u00ednuos promovem a melhoria. Problemas detectados precocemente.<\/li>\n<li><strong>Redu\u00e7\u00e3o da exposi\u00e7\u00e3o ao risco:<\/strong> Falhas financeiras, viola\u00e7\u00f5es de conformidade, problemas operacionais detectados antes de o afectarem.<\/li>\n<li><strong>Fornecimento previs\u00edvel:<\/strong> Melhor visibilidade da capacidade e do risco dos fornecedores. Menos surpresas.<\/li>\n<li><strong>Resolu\u00e7\u00e3o mais r\u00e1pida de problemas:<\/strong> Problemas identificados e escalonados imediatamente. Menos tempo a descobrir problemas.<\/li>\n<\/ul>\n\n\n<hr class=\"wp-block-separator has-alpha-channel-opacity\"\/>\n\n\n\n<h3 class=\"wp-block-heading\">O que a IA n\u00e3o faz<\/h3>\n\n\n<p>Sejamos claros quanto aos limites.<\/p>\n<p>A IA proporciona visibilidade e alerta precoce. N\u00e3o gere as rela\u00e7\u00f5es com os fornecedores. Isso continua a ser trabalho humano.<\/p>\n<p>A IA n\u00e3o consegue prever todas as perturba\u00e7\u00f5es. Alguns problemas surgem subitamente sem sinais de aviso. Alguns factores de risco n\u00e3o aparecem nas fontes de dados que a IA monitoriza.<\/p>\n<p>A IA n\u00e3o pode tomar decis\u00f5es estrat\u00e9gicas sobre as rela\u00e7\u00f5es com os fornecedores. A decis\u00e3o de trabalhar com um fornecedor para melhorar o desempenho ou de o substituir depende de outros factores para al\u00e9m dos dados: import\u00e2ncia estrat\u00e9gica, historial da rela\u00e7\u00e3o, alternativas dispon\u00edveis, estrat\u00e9gia empresarial.<\/p>\n<p>O que a IA faz \u00e9 tornar os problemas vis\u00edveis numa fase inicial. Fornecer dados objectivos de desempenho. Seguir os sinais de risco de v\u00e1rias fontes. Criar tempo e informa\u00e7\u00e3o para melhores decis\u00f5es.<\/p>\n<p>A sua equipa de compras continua a gerir as rela\u00e7\u00f5es com os fornecedores. Continua a tomar decis\u00f5es estrat\u00e9gicas. Apenas o fazem com melhor informa\u00e7\u00e3o e aviso pr\u00e9vio em vez de rea\u00e7\u00e3o ap\u00f3s o facto.<\/p>\n\n\n<hr class=\"wp-block-separator has-alpha-channel-opacity\"\/>\n\n\n\n<h3 class=\"wp-block-heading\">Resultados reais da IA de gest\u00e3o de risco e desempenho de fornecedores<\/h3>\n\n\n<p>Eis o que isto parece na pr\u00e1tica:<\/p>\n\n<p><strong>Preven\u00e7\u00e3o de perturba\u00e7\u00f5es:<\/strong> O alerta precoce permite a prepara\u00e7\u00e3o. As perturba\u00e7\u00f5es que teriam parado a produ\u00e7\u00e3o causam, em vez disso, pequenos atrasos porque as alternativas estavam preparadas.<\/p>\n\n<p><strong>Melhoria do desempenho:<\/strong> A monitoriza\u00e7\u00e3o cont\u00ednua e as discuss\u00f5es baseadas em dados impulsionam a melhoria dos fornecedores. Melhoria t\u00edpica do desempenho de entrega de 5-10 pontos percentuais.<\/p>\n\n<p><strong>Evitar o risco:<\/strong> Falhas financeiras, viola\u00e7\u00f5es de conformidade e crises de qualidade detectadas precocemente. Os problemas s\u00e3o tratados antes de se tornarem cr\u00edticos.<\/p>\n\n<p><strong>Poupan\u00e7a de tempo:<\/strong> O controlo automatizado do desempenho substitui os scorecards manuais. Os compradores passam o tempo a gerir excep\u00e7\u00f5es e n\u00e3o a recolher dados.<\/p>\n\n<p><strong>Melhores rela\u00e7\u00f5es com os fornecedores:<\/strong> Os dados objectivos eliminam as emo\u00e7\u00f5es das discuss\u00f5es sobre o desempenho. Os fornecedores respeitam a medi\u00e7\u00e3o e respondem aos factos.<\/p>\n\n<p>N\u00e3o se trata de eliminar todos os riscos para os fornecedores. O risco existe. Mas o risco gerido \u00e9 diferente do risco n\u00e3o gerido. A visibilidade e o alerta precoce transformam a gest\u00e3o do risco de reactiva em proactiva.<\/p>\n\n\n<hr class=\"wp-block-separator has-alpha-channel-opacity\"\/>\n\n\n\n<h3 class=\"wp-block-heading\">Pronto para obter o controlo do risco do fornecedor?<\/h3>\n\n\n<p>A base de fornecedores de cada empresa \u00e9 diferente. Diferentes fornecedores. Riscos diferentes. Diferentes m\u00e9tricas de desempenho que s\u00e3o importantes para as suas opera\u00e7\u00f5es.<\/p>\n<p>N\u00e3o vendemos sistemas gen\u00e9ricos de gest\u00e3o de fornecedores. Analisamos a sua base de fornecedores espec\u00edfica e os factores de risco. Identificamos os indicadores de desempenho importantes para a sua empresa. Criamos monitoriza\u00e7\u00e3o e alertas que correspondem \u00e0 sua toler\u00e2ncia ao risco e \u00e0s suas necessidades operacionais.<\/p>\n<p>N\u00e3o h\u00e1 promessas de que a IA ir\u00e1 prever todos os problemas. Apenas ferramentas pr\u00e1ticas que tornam o desempenho dos fornecedores vis\u00edvel e fornecem um alerta precoce sobre os riscos antes de se tornarem crises.<\/p>\n\n<p><a href=\"https:\/\/www.leaplytics.de\/pt\/contacto\/\">Vamos falar sobre a gest\u00e3o de riscos do seu fornecedor<\/a><\/p>\n\n<p><a href=\"https:\/\/www.leaplytics.de\/pt\/sourcing-aquisicao-ai\/\">Voltar a IA de aprovisionamento e aquisi\u00e7\u00e3o<\/a><\/p>","protected":false},"excerpt":{"rendered":"<p>IA para desempenho de fornecedores e gest\u00e3o de riscos: Conhe\u00e7a os seus fornecedores antes que eles causem problemas O seu neg\u00f3cio depende dos fornecedores. Eles entregam os materiais de que voc\u00ea precisa. Os componentes com que constr\u00f3i. Os servi\u00e7os que mant\u00eam as opera\u00e7\u00f5es em funcionamento. Quando os fornecedores t\u00eam um bom desempenho, n\u00e3o se pensa neles. Quando eles falham, tudo p\u00e1ra. As entregas atrasadas atrasam a produ\u00e7\u00e3o. A qualidade ... <\/p>","protected":false},"author":2,"featured_media":0,"parent":0,"menu_order":0,"comment_status":"closed","ping_status":"closed","template":"","meta":{"footnotes":""},"class_list":["post-14514","page","type-page","status-publish","hentry","latest_post"],"_links":{"self":[{"href":"https:\/\/www.leaplytics.de\/pt\/wp-json\/wp\/v2\/pages\/14514","targetHints":{"allow":["GET"]}}],"collection":[{"href":"https:\/\/www.leaplytics.de\/pt\/wp-json\/wp\/v2\/pages"}],"about":[{"href":"https:\/\/www.leaplytics.de\/pt\/wp-json\/wp\/v2\/types\/page"}],"author":[{"embeddable":true,"href":"https:\/\/www.leaplytics.de\/pt\/wp-json\/wp\/v2\/users\/2"}],"replies":[{"embeddable":true,"href":"https:\/\/www.leaplytics.de\/pt\/wp-json\/wp\/v2\/comments?post=14514"}],"version-history":[{"count":1,"href":"https:\/\/www.leaplytics.de\/pt\/wp-json\/wp\/v2\/pages\/14514\/revisions"}],"predecessor-version":[{"id":14523,"href":"https:\/\/www.leaplytics.de\/pt\/wp-json\/wp\/v2\/pages\/14514\/revisions\/14523"}],"wp:attachment":[{"href":"https:\/\/www.leaplytics.de\/pt\/wp-json\/wp\/v2\/media?parent=14514"}],"curies":[{"name":"wp","href":"https:\/\/api.w.org\/{rel}","templated":true}]}}