{"id":2170,"date":"2021-06-21T21:09:50","date_gmt":"2021-06-21T19:09:50","guid":{"rendered":"https:\/\/www.leaplytics.de\/?page_id=2170"},"modified":"2023-02-09T15:48:24","modified_gmt":"2023-02-09T14:48:24","slug":"imagens-de-semaforos-para-biometria-de-potencia","status":"publish","type":"page","link":"https:\/\/www.leaplytics.de\/pt\/pagina-inicial\/gestao-de-projectos-visuais-personalizados-microsoft-powerbi\/imagens-de-semaforos-para-biometria-de-potencia\/","title":{"rendered":"Visual de Sem\u00e1foro para o Microsoft Power BI"},"content":{"rendered":"<p><img loading=\"lazy\" decoding=\"async\" width=\"150\" height=\"37\" class=\"wp-image-8358\" style=\"width: 150px;\" src=\"https:\/\/www.leaplytics.de\/wp-content\/uploads\/2022\/05\/PBI-Certified.png\" alt=\"\" srcset=\"https:\/\/www.leaplytics.de\/wp-content\/uploads\/2022\/05\/PBI-Certified.png 152w, https:\/\/www.leaplytics.de\/wp-content\/uploads\/2022\/05\/PBI-Certified-150x37.png 150w\" sizes=\"auto, (max-width: 150px) 100vw, 150px\" \/><\/p>\n\n\n\n<p>O \"Traffic Light\" \u00e9 um visual personaliz\u00e1vel do Microsoft Power BI que oferece alertas visuais para todos os seus indicadores-chave de desempenho. Com carater\u00edsticas como o alinhamento horizontal e vertical e um sistema de um\/dois\/tr\u00eas sem\u00e1foros, este visual pode ser adaptado \u00e0s suas necessidades de relat\u00f3rios, proporcionando-lhe um melhor controlo sobre os seus KPIs!<\/p>\n\n\n\n<div style=\"height:10px\" aria-hidden=\"true\" class=\"wp-block-spacer\"><\/div>\n\n\n\n<figure class=\"wp-block-image size-full\"><img loading=\"lazy\" decoding=\"async\" width=\"1140\" height=\"641\" src=\"https:\/\/www.leaplytics.de\/wp-content\/uploads\/2022\/04\/First_Slice_Traffic_Light_PowerBI.png\" alt=\"Visual de Sem\u00e1foro para o Microsoft Power BI\" class=\"wp-image-6582\" srcset=\"https:\/\/www.leaplytics.de\/wp-content\/uploads\/2022\/04\/First_Slice_Traffic_Light_PowerBI.png 1140w, https:\/\/www.leaplytics.de\/wp-content\/uploads\/2022\/04\/First_Slice_Traffic_Light_PowerBI-300x169.png 300w, https:\/\/www.leaplytics.de\/wp-content\/uploads\/2022\/04\/First_Slice_Traffic_Light_PowerBI-1024x576.png 1024w, https:\/\/www.leaplytics.de\/wp-content\/uploads\/2022\/04\/First_Slice_Traffic_Light_PowerBI-768x432.png 768w, https:\/\/www.leaplytics.de\/wp-content\/uploads\/2022\/04\/First_Slice_Traffic_Light_PowerBI-107x60.png 107w\" sizes=\"auto, (max-width: 1140px) 100vw, 1140px\" \/><\/figure>\n\n\n\n<div style=\"height:50px\" aria-hidden=\"true\" class=\"wp-block-spacer\"><\/div>\n\n\n\n<h3 class=\"has-text-align-center wp-block-heading\" id=\"benefits\">Benef\u00edcios<\/h3>\n\n\n\n<h5 class=\"wp-block-heading\" id=\"decision-maker\">Tomador de decis\u00f5es<\/h5>\n\n\n\n<p>Como decisor, precisa de relat\u00f3rios claros e significativos que lhe permitam ver num relance onde o seu tempo e aten\u00e7\u00e3o s\u00e3o necess\u00e1rios. O nosso Traffic Light Visual para Microsoft Power BI torna isto poss\u00edvel, fornecendo alertas imediatos quando os valores chave est\u00e3o fora dos intervalos toler\u00e1veis.<\/p>\n\n\n\n<p class=\"has-text-align-left\"><em>Identifique rapidamente as \u00e1reas que podem exigir a sua aten\u00e7\u00e3o ou melhoria, permitindo-lhe tomar decis\u00f5es mais informadas e atempadas. Isto ajud\u00e1-lo-\u00e1 a otimizar o desempenho da sua organiza\u00e7\u00e3o e, em \u00faltima an\u00e1lise, a obter melhores resultados.<\/em><\/p>\n\n\n\n<h5 class=\"wp-block-heading\" id=\"department-manager-consultant\">Diretor de departamento \/ Consultor<\/h5>\n\n\n\n<p>Como gestor ou consultor, n\u00e3o necessita de quaisquer conhecimentos de programa\u00e7\u00e3o para utilizar o Traffic Light Visual for Microsoft Power BI. Todas as implementa\u00e7\u00f5es complexas j\u00e1 est\u00e3o feitas por si, pelo que pode come\u00e7ar a utiliz\u00e1-lo de imediato. Basta definir os intervalos de valores cr\u00edticos e personalizar o design de acordo com as suas necessidades empresariais. <\/p>\n\n\n\n<p><em>A nossa extens\u00e3o integra-se perfeitamente nos seus dashboards, poupando-lhe tempo e melhorando o significado dos seus relat\u00f3rios. Impressione os seus clientes ou supervisores com o visual Traffic Light para Power BI.<\/em><\/p>\n\n\n\n<h5 class=\"wp-block-heading\" id=\"engineer-developer\">Engenheiro \/ Programador<\/h5>\n\n\n\n<p>Se estiver a criar dashboards de BI, deixe-nos ajud\u00e1-lo a concluir o seu projeto com \u00eaxito. O nosso visual Traffic Light para Power BI oferece uma l\u00f3gica flex\u00edvel e um design totalmente personaliz\u00e1vel, permitindo-lhe impressionar os seus clientes com dashboards impressionantes e profissionais. Poupe tempo e energia com o nosso visual e tire partido do nosso apoio pessoal e direto para quaisquer quest\u00f5es ou preocupa\u00e7\u00f5es que possa ter.<\/p>\n\n\n\n<p><em>Uma comunica\u00e7\u00e3o clara e um manuseamento f\u00e1cil melhoram o seu servi\u00e7o e facilitam o seu trabalho.<\/em><\/p>\n\n\n\n<div style=\"height:50px\" aria-hidden=\"true\" class=\"wp-block-spacer\"><\/div>\n\n\n\n<div class=\"wp-block-group alignfull has-black-color has-text-color has-background has-link-color wp-elements-d994ed8cdde441663adf95149c771378\" style=\"background-color:#eeeeee\"><div class=\"wp-block-group__inner-container is-layout-flow wp-block-group-is-layout-flow\">\n<div style=\"height:50px\" aria-hidden=\"true\" class=\"wp-block-spacer\"><\/div>\n\n\n\n<h3 class=\"has-text-align-center wp-block-heading\">Carater\u00edsticas<\/h3>\n\n\n\n<div style=\"height:50px\" aria-hidden=\"true\" class=\"wp-block-spacer\"><\/div>\n\n\n\n<div class=\"wp-block-columns is-layout-flex wp-container-core-columns-is-layout-1 wp-block-columns-is-layout-flex\">\n<div class=\"wp-block-column is-layout-flow wp-block-column-is-layout-flow\">\n<div class=\"wp-block-media-text alignwide is-stacked-on-mobile\" style=\"grid-template-columns:15% auto\"><figure class=\"wp-block-media-text__media\"><img loading=\"lazy\" decoding=\"async\" width=\"1024\" height=\"1024\" src=\"https:\/\/www.leaplytics.de\/wp-content\/uploads\/2022\/05\/Light-System-1024x1024.png\" alt=\"\" class=\"wp-image-7708 size-full\" srcset=\"https:\/\/www.leaplytics.de\/wp-content\/uploads\/2022\/05\/Light-System-1024x1024.png 1024w, https:\/\/www.leaplytics.de\/wp-content\/uploads\/2022\/05\/Light-System-300x300.png 300w, https:\/\/www.leaplytics.de\/wp-content\/uploads\/2022\/05\/Light-System-150x150.png 150w, https:\/\/www.leaplytics.de\/wp-content\/uploads\/2022\/05\/Light-System-768x768.png 768w, https:\/\/www.leaplytics.de\/wp-content\/uploads\/2022\/05\/Light-System-1536x1536.png 1536w, https:\/\/www.leaplytics.de\/wp-content\/uploads\/2022\/05\/Light-System-2048x2048.png 2048w, https:\/\/www.leaplytics.de\/wp-content\/uploads\/2022\/05\/Light-System-370x370.png 370w, https:\/\/www.leaplytics.de\/wp-content\/uploads\/2022\/05\/Light-System-60x60.png 60w, https:\/\/www.leaplytics.de\/wp-content\/uploads\/2022\/05\/Light-System-600x600.png 600w, https:\/\/www.leaplytics.de\/wp-content\/uploads\/2022\/05\/Light-System-100x100.png 100w\" sizes=\"auto, (max-width: 1024px) 100vw, 1024px\" \/><\/figure><div class=\"wp-block-media-text__content\">\n<p style=\"font-size:22px\"><strong>Sistema de luz<\/strong><\/p>\n\n\n\n<p>Escolha entre um sistema de uma, duas ou tr\u00eas luzes.<\/p>\n<\/div><\/div>\n<\/div>\n\n\n\n<div class=\"wp-block-column is-layout-flow wp-block-column-is-layout-flow\">\n<div class=\"wp-block-media-text alignwide is-stacked-on-mobile\" style=\"grid-template-columns:15% auto\"><figure class=\"wp-block-media-text__media\"><img loading=\"lazy\" decoding=\"async\" width=\"1024\" height=\"1024\" src=\"https:\/\/www.leaplytics.de\/wp-content\/uploads\/2022\/05\/Alignment-1024x1024.png\" alt=\"\" class=\"wp-image-7709 size-full\" srcset=\"https:\/\/www.leaplytics.de\/wp-content\/uploads\/2022\/05\/Alignment-1024x1024.png 1024w, https:\/\/www.leaplytics.de\/wp-content\/uploads\/2022\/05\/Alignment-300x300.png 300w, https:\/\/www.leaplytics.de\/wp-content\/uploads\/2022\/05\/Alignment-150x150.png 150w, https:\/\/www.leaplytics.de\/wp-content\/uploads\/2022\/05\/Alignment-768x768.png 768w, https:\/\/www.leaplytics.de\/wp-content\/uploads\/2022\/05\/Alignment-1536x1536.png 1536w, https:\/\/www.leaplytics.de\/wp-content\/uploads\/2022\/05\/Alignment-2048x2048.png 2048w, https:\/\/www.leaplytics.de\/wp-content\/uploads\/2022\/05\/Alignment-370x370.png 370w, https:\/\/www.leaplytics.de\/wp-content\/uploads\/2022\/05\/Alignment-60x60.png 60w, https:\/\/www.leaplytics.de\/wp-content\/uploads\/2022\/05\/Alignment-600x600.png 600w, https:\/\/www.leaplytics.de\/wp-content\/uploads\/2022\/05\/Alignment-100x100.png 100w\" sizes=\"auto, (max-width: 1024px) 100vw, 1024px\" \/><\/figure><div class=\"wp-block-media-text__content\">\n<p style=\"font-size:22px\"><strong>Alinhamento<\/strong><\/p>\n\n\n\n<p>Utilizar o Visual em alinhamento vertical ou horizontal.<\/p>\n<\/div><\/div>\n<\/div>\n<\/div>\n\n\n\n<div style=\"height:50px\" aria-hidden=\"true\" class=\"wp-block-spacer\"><\/div>\n\n\n\n<div class=\"wp-block-columns is-layout-flex wp-container-core-columns-is-layout-2 wp-block-columns-is-layout-flex\">\n<div class=\"wp-block-column is-layout-flow wp-block-column-is-layout-flow\">\n<div class=\"wp-block-media-text alignwide is-stacked-on-mobile\" style=\"grid-template-columns:15% auto\"><figure class=\"wp-block-media-text__media\"><img loading=\"lazy\" decoding=\"async\" width=\"1024\" height=\"1024\" src=\"https:\/\/www.leaplytics.de\/wp-content\/uploads\/2022\/05\/Color-Settings-1024x1024.png\" alt=\"\" class=\"wp-image-7710 size-full\" srcset=\"https:\/\/www.leaplytics.de\/wp-content\/uploads\/2022\/05\/Color-Settings-1024x1024.png 1024w, https:\/\/www.leaplytics.de\/wp-content\/uploads\/2022\/05\/Color-Settings-300x300.png 300w, https:\/\/www.leaplytics.de\/wp-content\/uploads\/2022\/05\/Color-Settings-150x150.png 150w, https:\/\/www.leaplytics.de\/wp-content\/uploads\/2022\/05\/Color-Settings-768x768.png 768w, https:\/\/www.leaplytics.de\/wp-content\/uploads\/2022\/05\/Color-Settings-1536x1536.png 1536w, https:\/\/www.leaplytics.de\/wp-content\/uploads\/2022\/05\/Color-Settings-2048x2048.png 2048w, https:\/\/www.leaplytics.de\/wp-content\/uploads\/2022\/05\/Color-Settings-370x370.png 370w, https:\/\/www.leaplytics.de\/wp-content\/uploads\/2022\/05\/Color-Settings-60x60.png 60w, https:\/\/www.leaplytics.de\/wp-content\/uploads\/2022\/05\/Color-Settings-600x600.png 600w, https:\/\/www.leaplytics.de\/wp-content\/uploads\/2022\/05\/Color-Settings-100x100.png 100w\" sizes=\"auto, (max-width: 1024px) 100vw, 1024px\" \/><\/figure><div class=\"wp-block-media-text__content\">\n<p style=\"font-size:22px\"><strong>Defini\u00e7\u00f5es de cor<\/strong><\/p>\n\n\n\n<p>Altere a cor de todos os itens gr\u00e1ficos para corresponder \u00e0s suas normas de IC.<\/p>\n<\/div><\/div>\n<\/div>\n\n\n\n<div class=\"wp-block-column is-layout-flow wp-block-column-is-layout-flow\">\n<div class=\"wp-block-media-text alignwide is-stacked-on-mobile\" style=\"grid-template-columns:15% auto\"><figure class=\"wp-block-media-text__media\"><img loading=\"lazy\" decoding=\"async\" width=\"1021\" height=\"1024\" src=\"https:\/\/www.leaplytics.de\/wp-content\/uploads\/2022\/05\/Text-Settings-1021x1024.png\" alt=\"\" class=\"wp-image-7711 size-full\" srcset=\"https:\/\/www.leaplytics.de\/wp-content\/uploads\/2022\/05\/Text-Settings-1021x1024.png 1021w, https:\/\/www.leaplytics.de\/wp-content\/uploads\/2022\/05\/Text-Settings-300x300.png 300w, https:\/\/www.leaplytics.de\/wp-content\/uploads\/2022\/05\/Text-Settings-150x150.png 150w, https:\/\/www.leaplytics.de\/wp-content\/uploads\/2022\/05\/Text-Settings-768x771.png 768w, https:\/\/www.leaplytics.de\/wp-content\/uploads\/2022\/05\/Text-Settings-1531x1536.png 1531w, https:\/\/www.leaplytics.de\/wp-content\/uploads\/2022\/05\/Text-Settings-2041x2048.png 2041w, https:\/\/www.leaplytics.de\/wp-content\/uploads\/2022\/05\/Text-Settings-370x370.png 370w, https:\/\/www.leaplytics.de\/wp-content\/uploads\/2022\/05\/Text-Settings-60x60.png 60w, https:\/\/www.leaplytics.de\/wp-content\/uploads\/2022\/05\/Text-Settings-600x602.png 600w, https:\/\/www.leaplytics.de\/wp-content\/uploads\/2022\/05\/Text-Settings-100x100.png 100w\" sizes=\"auto, (max-width: 1021px) 100vw, 1021px\" \/><\/figure><div class=\"wp-block-media-text__content\">\n<p style=\"font-size:22px\"><strong>Defini\u00e7\u00f5es de texto<\/strong><\/p>\n\n\n\n<p>Utilize as defini\u00e7\u00f5es de texto para adaptar o aspeto do texto \u00e0s suas necessidades individuais. <\/p>\n<\/div><\/div>\n<\/div>\n<\/div>\n\n\n\n<div style=\"height:50px\" aria-hidden=\"true\" class=\"wp-block-spacer\"><\/div>\n\n\n\n<div class=\"wp-block-columns is-layout-flex wp-container-core-columns-is-layout-3 wp-block-columns-is-layout-flex\">\n<div class=\"wp-block-column is-layout-flow wp-block-column-is-layout-flow\">\n<div class=\"wp-block-media-text alignwide is-stacked-on-mobile\" style=\"grid-template-columns:15% auto\"><figure class=\"wp-block-media-text__media\"><img loading=\"lazy\" decoding=\"async\" width=\"1024\" height=\"1024\" src=\"https:\/\/www.leaplytics.de\/wp-content\/uploads\/2022\/06\/Certification-1-1024x1024.png\" alt=\"\" class=\"wp-image-8453 size-full\" srcset=\"https:\/\/www.leaplytics.de\/wp-content\/uploads\/2022\/06\/Certification-1-1024x1024.png 1024w, https:\/\/www.leaplytics.de\/wp-content\/uploads\/2022\/06\/Certification-1-300x300.png 300w, https:\/\/www.leaplytics.de\/wp-content\/uploads\/2022\/06\/Certification-1-150x150.png 150w, https:\/\/www.leaplytics.de\/wp-content\/uploads\/2022\/06\/Certification-1-768x768.png 768w, https:\/\/www.leaplytics.de\/wp-content\/uploads\/2022\/06\/Certification-1-1536x1536.png 1536w, https:\/\/www.leaplytics.de\/wp-content\/uploads\/2022\/06\/Certification-1-2048x2048.png 2048w, https:\/\/www.leaplytics.de\/wp-content\/uploads\/2022\/06\/Certification-1-370x370.png 370w, https:\/\/www.leaplytics.de\/wp-content\/uploads\/2022\/06\/Certification-1-60x60.png 60w\" sizes=\"auto, (max-width: 1024px) 100vw, 1024px\" \/><\/figure><div class=\"wp-block-media-text__content\">\n<p style=\"font-size:22px\"><strong>Certificado PBI<\/strong><\/p>\n\n\n\n<p>Este visual cumpre as mais elevadas normas de seguran\u00e7a da Microsoft e suporta a exporta\u00e7\u00e3o para PDF e PowerPoint.<\/p>\n<\/div><\/div>\n<\/div>\n\n\n\n<div class=\"wp-block-column is-layout-flow wp-block-column-is-layout-flow\"><\/div>\n<\/div>\n\n\n\n<div style=\"height:50px\" aria-hidden=\"true\" class=\"wp-block-spacer\"><\/div>\n<\/div><\/div>\n\n\n\n<div style=\"height:75px\" aria-hidden=\"true\" class=\"wp-block-spacer\"><\/div>\n\n\n\n<figure class=\"wp-block-embed is-type-video is-provider-youtube wp-block-embed-youtube wp-embed-aspect-16-9 wp-has-aspect-ratio\"><div class=\"wp-block-embed__wrapper\" align=\"center\">\n<iframe loading=\"lazy\" title=\"Power BI - Visual de KPI de sem\u00e1foro\" width=\"770\" height=\"433\" src=\"https:\/\/www.youtube.com\/embed\/Ss6B1O-qtnA?feature=oembed\" frameborder=\"0\" allow=\"accelerometer; autoplay; clipboard-write; encrypted-media; gyroscope; picture-in-picture; web-share\" allowfullscreen><\/iframe>\n<\/div><\/figure>\n\n\n\n<div style=\"height:45px\" aria-hidden=\"true\" class=\"wp-block-spacer\"><\/div>\n\n\n\n<h3 class=\"has-text-align-center wp-block-heading\">Obter agora!<\/h3>\n\n\n\n<div style=\"height:50px\" aria-hidden=\"true\" class=\"wp-block-spacer\"><\/div>\n\n\n\n<div class=\"wp-block-columns alignwide is-layout-flex wp-container-core-columns-is-layout-4 wp-block-columns-is-layout-flex\">\n<div class=\"wp-block-column has-text-color has-background has-link-color wp-elements-6226b2130b508035f3b09a7442aec556 is-layout-flow wp-block-column-is-layout-flow\" style=\"color:#000000;background-color:#eeeeee;padding-top:2em;padding-right:2em;padding-bottom:2em;padding-left:2em\">\n<h2 class=\"wp-block-heading\" id=\"single\" style=\"font-size:40px\"><strong>Vers\u00e3o de teste<\/strong><\/h2>\n\n\n\n<div style=\"height:10px\" aria-hidden=\"true\" class=\"wp-block-spacer\"><\/div>\n\n\n\n<p class=\"has-normal-font-size\" style=\"line-height:1.5\">A vers\u00e3o TRIAL do LeapLytics - Traffic Light \u00e9 gratuita para utiliza\u00e7\u00e3o durante quatro semanas em qualquer servidor e em qualquer empresa. Teste agora se a nossa solu\u00e7\u00e3o satisfaz as suas necessidades.<\/p>\n\n\n\n<div style=\"height:10px\" aria-hidden=\"true\" class=\"wp-block-spacer\"><\/div>\n\n\n\n<hr class=\"wp-block-separator has-text-color has-css-opacity has-background is-style-wide\" style=\"background-color:#000000;color:#000000\"\/>\n\n\n\n<div style=\"height:10px\" aria-hidden=\"true\" class=\"wp-block-spacer\"><\/div>\n\n\n\n<p><i class=\"fas fa-check\"><\/i> Sistema de tr\u00eas luzes<\/p>\n\n\n\n<p><i class=\"fas fa-check\"><\/i>  Sistema de duas luzes<\/p>\n\n\n\n<p><i class=\"fas fa-check\"><\/i> Sistema One Light<\/p>\n\n\n\n<p><i class=\"fas fa-check\"><\/i> Alinhamento vertical<\/p>\n\n\n\n<p><i class=\"fas fa-check\"><\/i> Alinhamento horizontal<\/p>\n\n\n\n<p><i class=\"fas fa-check\"><\/i> Defini\u00e7\u00f5es de fronteira<\/p>\n\n\n\n<p><i class=\"fas fa-check\"><\/i> Defini\u00e7\u00f5es de texto<\/p>\n\n\n\n<p><i class=\"fas fa-check\"><\/i> Defini\u00e7\u00f5es de cor<\/p>\n\n\n\n<div class=\"wp-block-buttons alignfull is-horizontal is-content-justification-center is-layout-flex wp-container-core-buttons-is-layout-1 wp-block-buttons-is-layout-flex\">\n<div class=\"wp-block-button\"><a class=\"wp-block-button__link has-white-color has-text-color wp-element-button\" href=\"https:\/\/appsource.microsoft.com\/en-en\/product\/power-bi-visuals\/leaplyticsgmbh1633373694058.leaplytics_traffic_light\" target=\"_blank\" rel=\"noreferrer noopener\">Descarregar GRATUITAMENTE<\/a><\/div>\n\n\n\n<div class=\"wp-block-button\"><a class=\"wp-block-button__link has-white-color has-text-color wp-element-button\" href=\"https:\/\/www.leaplytics.de\/pt\/ensaio-de-potencia-bi-do-semaforo\/\">Solicitar teste<\/a><\/div>\n<\/div>\n<\/div>\n\n\n\n<div class=\"wp-block-column has-text-color has-background has-link-color wp-elements-60bfb23c4dfc59182e0371e21c3f4f32 is-layout-flow wp-block-column-is-layout-flow\" style=\"color:#000000;background-color:#f2c80f;padding-top:2em;padding-right:2em;padding-bottom:2em;padding-left:2em\">\n<h2 class=\"wp-block-heading\" id=\"family\" style=\"font-size:40px\"><strong>Vers\u00e3o PRO<\/strong><\/h2>\n\n\n\n<div style=\"height:10px\" aria-hidden=\"true\" class=\"wp-block-spacer\"><\/div>\n\n\n\n<p class=\"has-normal-font-size\" style=\"line-height:1.5\">A vers\u00e3o PRO do LeapLytics - Traffic Light liberta todo o poder deste visual. Uma licen\u00e7a por servidor e empresa - Um pre\u00e7o por ano. <\/p>\n\n\n\n<div style=\"height:10px\" aria-hidden=\"true\" class=\"wp-block-spacer\"><\/div>\n\n\n\n<hr class=\"wp-block-separator has-text-color has-black-color has-css-opacity has-black-background-color has-background is-style-wide\"\/>\n\n\n\n<div style=\"height:10px\" aria-hidden=\"true\" class=\"wp-block-spacer\"><\/div>\n\n\n\n<p><i class=\"fas fa-check\"><\/i>   Sistema de tr\u00eas luzes<\/p>\n\n\n\n<p><i class=\"fas fa-check\"><\/i>   Sistema de duas luzes<\/p>\n\n\n\n<p><i class=\"fas fa-check\"><\/i> Sistema One Light<\/p>\n\n\n\n<p><i class=\"fas fa-check\"><\/i> Alinhamento vertical<\/p>\n\n\n\n<p><i class=\"fas fa-check\"><\/i> Alinhamento horizontal<\/p>\n\n\n\n<p><i class=\"fas fa-check\"><\/i> Defini\u00e7\u00f5es de fronteira<\/p>\n\n\n\n<p><i class=\"fas fa-check\"><\/i> Defini\u00e7\u00f5es de texto<\/p>\n\n\n\n<p><i class=\"fas fa-check\"><\/i> Defini\u00e7\u00f5es de cor<\/p>\n\n\n\n<div class=\"wp-block-buttons alignfull is-horizontal is-content-justification-center is-layout-flex wp-container-core-buttons-is-layout-2 wp-block-buttons-is-layout-flex\">\n<div class=\"wp-block-button\"><a class=\"wp-block-button__link has-white-color has-text-color wp-element-button\" href=\"https:\/\/shop.leaplytics.de\/product\/power-bi-traffic-light\/\">Obter a vers\u00e3o PRO<\/a><\/div>\n<\/div>\n<\/div>\n<\/div>\n\n\n\n<h3 class=\"has-text-align-center wp-block-heading\">Tutoriais<\/h3>\n\n\n\n<figure class=\"wp-block-embed is-type-wp-embed is-provider-leaplytics wp-block-embed-leaplytics\"><div class=\"wp-block-embed__wrapper\">\n<blockquote class=\"wp-embedded-content\" data-secret=\"cwg50Zk5fq\"><a href=\"https:\/\/www.leaplytics.de\/pt\/introducao-ao-semaforo-power-bi\/\">Introdu\u00e7\u00e3o - Sem\u00e1foro<\/a><\/blockquote><iframe loading=\"lazy\" class=\"wp-embedded-content\" sandbox=\"allow-scripts\" security=\"restricted\" style=\"position: absolute; clip: rect(1px, 1px, 1px, 1px);\" title=\"&quot;Introdu\u00e7\u00e3o - Sem\u00e1foro&quot; - LeapLytics\" src=\"https:\/\/www.leaplytics.de\/getting-started-traffic-light-power-bi\/embed\/#?secret=JIdoTDIlqE#?secret=cwg50Zk5fq\" data-secret=\"cwg50Zk5fq\" width=\"600\" height=\"338\" frameborder=\"0\" marginwidth=\"0\" marginheight=\"0\" scrolling=\"no\"><\/iframe>\n<\/div><\/figure>\n\n\n\n<figure class=\"wp-block-embed is-type-wp-embed is-provider-leaplytics wp-block-embed-leaplytics\"><div class=\"wp-block-embed__wrapper\">\n<blockquote class=\"wp-embedded-content\" data-secret=\"UYaIRF2azY\"><a href=\"https:\/\/www.leaplytics.de\/pt\/opcoes-de-formato-semaforo-power-bi\/\">Op\u00e7\u00f5es de formato - Sem\u00e1foro<\/a><\/blockquote><iframe loading=\"lazy\" class=\"wp-embedded-content\" sandbox=\"allow-scripts\" security=\"restricted\" style=\"position: absolute; clip: rect(1px, 1px, 1px, 1px);\" title=\"&quot;Op\u00e7\u00f5es de formato - Sem\u00e1foro&quot; - LeapLytics\" src=\"https:\/\/www.leaplytics.de\/format-options-traffic-light-power-bi\/embed\/#?secret=AAuzBxTRft#?secret=UYaIRF2azY\" data-secret=\"UYaIRF2azY\" width=\"600\" height=\"338\" frameborder=\"0\" marginwidth=\"0\" marginheight=\"0\" scrolling=\"no\"><\/iframe>\n<\/div><\/figure>\n\n\n\n<div style=\"height:100px\" aria-hidden=\"true\" class=\"wp-block-spacer\"><\/div>\n\n\n\n<h3 class=\"has-text-align-center wp-block-heading\">Documenta\u00e7\u00e3o:<\/h3>\n\n\n<div class=\"_df_book df-lite\" id=\"df_2352\"  _slug=\"traffic-light-power-bi\" data-title=\"traffic-light-power-bi\" wpoptions=\"true\" thumb=\"https:\/\/www.leaplytics.de\/wp-content\/uploads\/2020\/10\/Three-Traffic-Lights-e1613769321194.png\" thumbtype=\"\" ><\/div><script class=\"df-shortcode-script\" nowprocket type=\"application\/javascript\">window.option_df_2352 = {\"outline\":[],\"autoEnableOutline\":\"false\",\"autoEnableThumbnail\":\"false\",\"overwritePDFOutline\":\"false\",\"direction\":\"1\",\"pageSize\":\"0\",\"source\":\"https:\\\/\\\/www.leaplytics.de\\\/wp-content\\\/uploads\\\/2021\\\/11\\\/Traffic-Light-PowerBI-User-Documentation_1.0.pdf\",\"wpOptions\":\"true\"}; if(window.DFLIP && window.DFLIP.parseBooks){window.DFLIP.parseBooks();}<\/script>\n\n\n\n<div style=\"height:50px\" aria-hidden=\"true\" class=\"wp-block-spacer\"><\/div>\n\n\n\n<div class=\"wp-block-buttons is-content-justification-center is-layout-flex wp-container-core-buttons-is-layout-3 wp-block-buttons-is-layout-flex\">\n<div class=\"wp-block-button aligncenter has-custom-font-size\" style=\"font-size:16px\"><a class=\"wp-block-button__link wp-element-button\" href=\"https:\/\/www.leaplytics.de\/wp-content\/uploads\/2021\/11\/Traffic-Light-PowerBI-User-Documentation_1.0.pdf\" target=\"_blank\" rel=\"noreferrer noopener\">Descarregar documenta\u00e7\u00e3o<\/a><\/div>\n<\/div>\n\n\n\n<p class=\"has-text-align-right\"><a href=\"#\">Voltar ao topo \u25b2<\/a><\/p>","protected":false},"excerpt":{"rendered":"<p>Acompanhar o estado e os marcos do seu projeto com esta solu\u00e7\u00e3o visual de sem\u00e1foro! Este \u00e9 o principal objetivo deste Visual Personalizado de Sem\u00e1foro para o Microsoft Power BI. O \"Sem\u00e1foro\" \u00e9 um visual Power BI altamente personaliz\u00e1vel para monitorizar os seus KPIs. M\u00faltiplas defini\u00e7\u00f5es, como o alinhamento horizontal e vertical ou um sistema de dois\/tr\u00eas sem\u00e1foros, adaptam este visual \u00e0s suas necessidades de relat\u00f3rio.<br \/>\nEste visual pode tamb\u00e9m ser utilizado para monitorizar e indicar limiares para todo o tipo de medidas f\u00edsicas, indicadores de qualidade e diverg\u00eancias em geral. Deste modo, pode ser aplicado a um vasto n\u00famero de casos de utiliza\u00e7\u00e3o, que ocorrem em diferentes empresas.<\/p>","protected":false},"author":1,"featured_media":0,"parent":2301,"menu_order":1,"comment_status":"closed","ping_status":"closed","template":"","meta":{"footnotes":""},"class_list":["post-2170","page","type-page","status-publish","hentry","latest_post"],"_links":{"self":[{"href":"https:\/\/www.leaplytics.de\/pt\/wp-json\/wp\/v2\/pages\/2170","targetHints":{"allow":["GET"]}}],"collection":[{"href":"https:\/\/www.leaplytics.de\/pt\/wp-json\/wp\/v2\/pages"}],"about":[{"href":"https:\/\/www.leaplytics.de\/pt\/wp-json\/wp\/v2\/types\/page"}],"author":[{"embeddable":true,"href":"https:\/\/www.leaplytics.de\/pt\/wp-json\/wp\/v2\/users\/1"}],"replies":[{"embeddable":true,"href":"https:\/\/www.leaplytics.de\/pt\/wp-json\/wp\/v2\/comments?post=2170"}],"version-history":[{"count":0,"href":"https:\/\/www.leaplytics.de\/pt\/wp-json\/wp\/v2\/pages\/2170\/revisions"}],"up":[{"embeddable":true,"href":"https:\/\/www.leaplytics.de\/pt\/wp-json\/wp\/v2\/pages\/2301"}],"wp:attachment":[{"href":"https:\/\/www.leaplytics.de\/pt\/wp-json\/wp\/v2\/media?parent=2170"}],"curies":[{"name":"wp","href":"https:\/\/api.w.org\/{rel}","templated":true}]}}