{"id":23,"date":"2020-10-13T23:19:51","date_gmt":"2020-10-13T21:19:51","guid":{"rendered":"https:\/\/www.blytics.de\/?page_id=23"},"modified":"2025-04-15T20:00:36","modified_gmt":"2025-04-15T18:00:36","slug":"sobre","status":"publish","type":"page","link":"https:\/\/www.leaplytics.de\/pt\/sobre\/","title":{"rendered":"As origens do LeapLytics"},"content":{"rendered":"<p>Esta \u00e9 uma hist\u00f3ria sobre dois amigos de Frankfurt, na Alemanha. Est\u00e1vamos no ano 2020. T\u00ednhamos trabalhado em v\u00e1rias fun\u00e7\u00f5es de projeto, tais como l\u00edder de projeto, PMO estrat\u00e9gico e operacional. E apercebemo-nos de que n\u00e3o estava dispon\u00edvel uma verdadeira solu\u00e7\u00e3o de an\u00e1lise e elabora\u00e7\u00e3o de relat\u00f3rios de gest\u00e3o de projectos, que se adequasse \u00e0s necessidades de v\u00e1rias fun\u00e7\u00f5es de gest\u00e3o de projectos. Por isso, come\u00e7\u00e1mos a dar um salto na gest\u00e3o de projectos com novas ideias para solu\u00e7\u00f5es anal\u00edticas.<\/p>\n\n\n\n<p>Cri\u00e1mos a LeapLytics com a vis\u00e3o de dar vida \u00e0 an\u00e1lise relacionada com a gest\u00e3o de projectos. Desde o in\u00edcio, ficou claro que um relat\u00f3rio integrado n\u00e3o poderia ser fornecido com solu\u00e7\u00f5es de relat\u00f3rio aut\u00f3nomas, mas sim com uma abordagem integrada. Os relat\u00f3rios de projectos devem ser poss\u00edveis com solu\u00e7\u00f5es j\u00e1 existentes em empresas e grupos.<\/p>\n\n\n\n<p>Atualmente, a LeapLytics \u00e9 sin\u00f3nimo de solu\u00e7\u00f5es de elabora\u00e7\u00e3o de relat\u00f3rios novas e inovadoras, que se adaptam a diferentes n\u00edveis de integra\u00e7\u00e3o: desde extens\u00f5es a integrar nos seus pain\u00e9is de controlo, passando por pain\u00e9is de controlo prontos a utilizar para determinados casos de utiliza\u00e7\u00e3o, at\u00e9 \u00e0 consultoria individual para a elabora\u00e7\u00e3o de relat\u00f3rios e modela\u00e7\u00e3o de dados.<\/p>\n\n\n\n<p>Enquanto fundadores, estamos empenhados em fornecer solu\u00e7\u00f5es profissionais de elabora\u00e7\u00e3o de relat\u00f3rios no \u00e2mbito dos seus produtos e da sua abordagem de consultoria.<\/p>\n\n\n\n<figure class=\"wp-block-gallery has-nested-images columns-default is-cropped wp-block-gallery-1 is-layout-flex wp-block-gallery-is-layout-flex\">\n<figure class=\"wp-block-image size-large\"><a href=\"https:\/\/www.linkedin.com\/in\/stefanpreusler\/\"><img loading=\"lazy\" decoding=\"async\" width=\"768\" height=\"1024\" data-id=\"480\" src=\"https:\/\/www.leaplytics.de\/wp-content\/uploads\/2020\/11\/stefan-v2-2-768x1024.jpeg\" alt=\"\" class=\"wp-image-480\" srcset=\"https:\/\/www.leaplytics.de\/wp-content\/uploads\/2020\/11\/stefan-v2-2-768x1024.jpeg 768w, https:\/\/www.leaplytics.de\/wp-content\/uploads\/2020\/11\/stefan-v2-2-scaled-600x800.jpeg 600w, https:\/\/www.leaplytics.de\/wp-content\/uploads\/2020\/11\/stefan-v2-2-225x300.jpeg 225w, https:\/\/www.leaplytics.de\/wp-content\/uploads\/2020\/11\/stefan-v2-2-1152x1536.jpeg 1152w, https:\/\/www.leaplytics.de\/wp-content\/uploads\/2020\/11\/stefan-v2-2-1536x2048.jpeg 1536w, https:\/\/www.leaplytics.de\/wp-content\/uploads\/2020\/11\/stefan-v2-2-45x60.jpeg 45w, https:\/\/www.leaplytics.de\/wp-content\/uploads\/2020\/11\/stefan-v2-2-scaled.jpeg 1920w\" sizes=\"auto, (max-width: 768px) 100vw, 768px\" \/><\/a><figcaption class=\"wp-element-caption\">Stefan Preusler<\/figcaption><\/figure>\n\n\n\n<figure class=\"wp-block-image size-large\"><a href=\"https:\/\/www.linkedin.com\/in\/dominik-galsheimer-3233461b9\/\"><img loading=\"lazy\" decoding=\"async\" width=\"851\" height=\"1024\" data-id=\"488\" src=\"https:\/\/www.leaplytics.de\/wp-content\/uploads\/2020\/11\/Dominik_About-scaled-e1604523139831-851x1024.jpg\" alt=\"\" class=\"wp-image-488\" srcset=\"https:\/\/www.leaplytics.de\/wp-content\/uploads\/2020\/11\/Dominik_About-scaled-e1604523139831-851x1024.jpg 851w, https:\/\/www.leaplytics.de\/wp-content\/uploads\/2020\/11\/Dominik_About-scaled-e1604523139831-600x722.jpg 600w, https:\/\/www.leaplytics.de\/wp-content\/uploads\/2020\/11\/Dominik_About-scaled-e1604523139831-249x300.jpg 249w, https:\/\/www.leaplytics.de\/wp-content\/uploads\/2020\/11\/Dominik_About-scaled-e1604523139831-768x924.jpg 768w, https:\/\/www.leaplytics.de\/wp-content\/uploads\/2020\/11\/Dominik_About-scaled-e1604523139831-1277x1536.jpg 1277w, https:\/\/www.leaplytics.de\/wp-content\/uploads\/2020\/11\/Dominik_About-scaled-e1604523139831-1702x2048.jpg 1702w, https:\/\/www.leaplytics.de\/wp-content\/uploads\/2020\/11\/Dominik_About-scaled-e1604523139831-50x60.jpg 50w, https:\/\/www.leaplytics.de\/wp-content\/uploads\/2020\/11\/Dominik_About-scaled-e1604523139831.jpg 1920w\" sizes=\"auto, (max-width: 851px) 100vw, 851px\" \/><\/a><figcaption class=\"wp-element-caption\">Dominik Galsheimer<\/figcaption><\/figure>\n<\/figure>","protected":false},"excerpt":{"rendered":"<p>A LeapLytics \u00e9 sin\u00f3nimo de solu\u00e7\u00f5es de reporting novas e inovadoras, que se adaptam a diferentes n\u00edveis de integra\u00e7\u00e3o<\/p>","protected":false},"author":1,"featured_media":3395,"parent":0,"menu_order":0,"comment_status":"closed","ping_status":"closed","template":"","meta":{"footnotes":""},"class_list":["post-23","page","type-page","status-publish","has-post-thumbnail","hentry","latest_post"],"_links":{"self":[{"href":"https:\/\/www.leaplytics.de\/pt\/wp-json\/wp\/v2\/pages\/23","targetHints":{"allow":["GET"]}}],"collection":[{"href":"https:\/\/www.leaplytics.de\/pt\/wp-json\/wp\/v2\/pages"}],"about":[{"href":"https:\/\/www.leaplytics.de\/pt\/wp-json\/wp\/v2\/types\/page"}],"author":[{"embeddable":true,"href":"https:\/\/www.leaplytics.de\/pt\/wp-json\/wp\/v2\/users\/1"}],"replies":[{"embeddable":true,"href":"https:\/\/www.leaplytics.de\/pt\/wp-json\/wp\/v2\/comments?post=23"}],"version-history":[{"count":15,"href":"https:\/\/www.leaplytics.de\/pt\/wp-json\/wp\/v2\/pages\/23\/revisions"}],"predecessor-version":[{"id":13709,"href":"https:\/\/www.leaplytics.de\/pt\/wp-json\/wp\/v2\/pages\/23\/revisions\/13709"}],"wp:featuredmedia":[{"embeddable":true,"href":"https:\/\/www.leaplytics.de\/pt\/wp-json\/wp\/v2\/media\/3395"}],"wp:attachment":[{"href":"https:\/\/www.leaplytics.de\/pt\/wp-json\/wp\/v2\/media?parent=23"}],"curies":[{"name":"wp","href":"https:\/\/api.w.org\/{rel}","templated":true}]}}