{"id":2301,"date":"2021-09-10T23:49:33","date_gmt":"2021-09-10T21:49:33","guid":{"rendered":"https:\/\/www.leaplytics.de\/?page_id=2301"},"modified":"2022-05-08T00:34:51","modified_gmt":"2022-05-07T22:34:51","slug":"gestao-de-projectos-visuais-personalizados-microsoft-powerbi","status":"publish","type":"page","link":"https:\/\/www.leaplytics.de\/pt\/pagina-inicial\/gestao-de-projectos-visuais-personalizados-microsoft-powerbi\/","title":{"rendered":"Visuais personalizados de gest\u00e3o de projectos para o Microsoft Power BI"},"content":{"rendered":"<p><strong>Eficiente e relacionado com a atividade<\/strong> \u00e9 a marca registada da LeapLytics e o Valor Acrescentado das nossas solu\u00e7\u00f5es.<\/p>\n<p>Os nossos visuais personalizados de gest\u00e3o de projectos para o Microsoft Power BI s\u00e3o oficialmente aprovados pela Microsoft e incorporam as suas solu\u00e7\u00f5es individuais. Utilize as diferentes possibilidades para melhorar o seu dashboard e implementar as suas ideias. As extens\u00f5es seguem uma estrutura clara e s\u00e3o constru\u00eddas com o foco no utilizador, de forma a torn\u00e1-lo o mais intuitivo poss\u00edvel sem abdicar de funcionalidades importantes.<\/p>\n<p>Por conseguinte, uma documenta\u00e7\u00e3o exaustiva com uma descri\u00e7\u00e3o pormenorizada dos poss\u00edveis casos de utiliza\u00e7\u00e3o acelera a utiliza\u00e7\u00e3o e a aplica\u00e7\u00e3o.<\/p>\n<p>Veja abaixo os visuais dispon\u00edveis e explore a funcionalidade clicando nas imagens.<\/p>\n<p>\u00a0<\/p>\n\n\n<div class=\"wp-block-media-text alignwide is-stacked-on-mobile\" style=\"grid-template-columns:43% auto\"><figure class=\"wp-block-media-text__media\"><a href=\"https:\/\/www.leaplytics.de\/pt\/pagina-inicial\/project-management-visuals-ms-powerbi\/imagens-de-semaforos-para-biometria-de-potencia\/\"><img loading=\"lazy\" decoding=\"async\" width=\"287\" height=\"300\" src=\"https:\/\/www.leaplytics.de\/wp-content\/uploads\/2021\/11\/TrafficLight300pixel.png\" alt=\"\" class=\"wp-image-2361 size-full\" srcset=\"https:\/\/www.leaplytics.de\/wp-content\/uploads\/2021\/11\/TrafficLight300pixel.png 287w, https:\/\/www.leaplytics.de\/wp-content\/uploads\/2021\/11\/TrafficLight300pixel-57x60.png 57w\" sizes=\"auto, (max-width: 287px) 100vw, 287px\" \/><\/a><\/figure><div class=\"wp-block-media-text__content\">\n<p class=\"has-large-font-size\">Sem\u00e1foro Visual personalizado<\/p>\n<\/div><\/div>\n\n\n\n<p><\/p>","protected":false},"excerpt":{"rendered":"<p>A efici\u00eancia e a rela\u00e7\u00e3o com o neg\u00f3cio s\u00e3o a marca registada da LeapLytics e o valor acrescentado das nossas solu\u00e7\u00f5es.\u00a0<\/p>","protected":false},"author":1,"featured_media":0,"parent":111,"menu_order":0,"comment_status":"closed","ping_status":"closed","template":"","meta":{"footnotes":""},"class_list":["post-2301","page","type-page","status-publish","hentry","latest_post"],"_links":{"self":[{"href":"https:\/\/www.leaplytics.de\/pt\/wp-json\/wp\/v2\/pages\/2301","targetHints":{"allow":["GET"]}}],"collection":[{"href":"https:\/\/www.leaplytics.de\/pt\/wp-json\/wp\/v2\/pages"}],"about":[{"href":"https:\/\/www.leaplytics.de\/pt\/wp-json\/wp\/v2\/types\/page"}],"author":[{"embeddable":true,"href":"https:\/\/www.leaplytics.de\/pt\/wp-json\/wp\/v2\/users\/1"}],"replies":[{"embeddable":true,"href":"https:\/\/www.leaplytics.de\/pt\/wp-json\/wp\/v2\/comments?post=2301"}],"version-history":[{"count":0,"href":"https:\/\/www.leaplytics.de\/pt\/wp-json\/wp\/v2\/pages\/2301\/revisions"}],"up":[{"embeddable":true,"href":"https:\/\/www.leaplytics.de\/pt\/wp-json\/wp\/v2\/pages\/111"}],"wp:attachment":[{"href":"https:\/\/www.leaplytics.de\/pt\/wp-json\/wp\/v2\/media?parent=2301"}],"curies":[{"name":"wp","href":"https:\/\/api.w.org\/{rel}","templated":true}]}}