{"id":368,"date":"2020-10-20T21:17:49","date_gmt":"2020-10-20T19:17:49","guid":{"rendered":"https:\/\/www.leaplytics.de\/?page_id=368"},"modified":"2020-10-20T21:32:37","modified_gmt":"2020-10-20T19:32:37","slug":"impressao","status":"publish","type":"page","link":"https:\/\/www.leaplytics.de\/pt\/impressao\/","title":{"rendered":"Impress\u00e3o"},"content":{"rendered":"<p>Angaben gem\u00e4\u00df \u00a7 5 TMG<\/p><p>LeapLytics GmbH<br \/>Stefan Preusler &amp; Dominik Galsheimer<br \/>Teutonenweg 18<br \/>63128 Dietzenbach<br \/>Alemanha<br \/><\/p><p><b>Vertreten durch:<\/b> Stefan Preusler &amp; Dominik Galsheimer<br \/><\/p><p><b>Contacto:<\/b><br\/>E-Mail: <img decoding=\"async\" class=\"dsgvoaio_emailpng\" src=\"https:\/\/www.leaplytics.de\/wp-content\/dsgvo-all-in-one-wp-pro\/sserdaliame.png\"><br\/><\/p><p><b>Registo de entrada:<\/b><br\/>Registo do registo: Registo Civil: Amtsgericht Offenbach am Main<br\/>N\u00famero de registo: HRB 53774<br\/><\/p><p><b>Umsatzsteuer-ID:<\/b> DE344747402<\/p><b>Controlo de sa\u00edda<\/b><br \/><b>Haftung f\u00fcr Links:<\/b><p>O nosso an\u00fancio cont\u00e9m links para sites externos, sobre os quais n\u00e3o temos qualquer influ\u00eancia. Por conseguinte, n\u00e3o podemos fornecer qualquer indemniza\u00e7\u00e3o por estes conte\u00fados gratuitos. Para os conte\u00fados das p\u00e1ginas com verlink \u00e9 obrigat\u00f3rio o contacto com o respetivo propriet\u00e1rio ou fornecedor das p\u00e1ginas. As p\u00e1ginas com links foram colocadas no ponto de partida da liga\u00e7\u00e3o para a prote\u00e7\u00e3o de direitos leg\u00edtimos. Rechtswidrige Inhalte waren zum Zeitpunkt der Verlinkung nicht erkennbar. Eine permanente inhaltliche Kontrolle der verlinkten Seiten ist jedoch ohne konkrete Anhaltspunkte einer Rechtsverletzung nicht zumutbar. Se forem detectadas les\u00f5es de direitos autorais, n\u00f3s forneceremos links espec\u00edficos.<\/p><b>Haftung f\u00fcr Inhalt:<\/b><p>Os conte\u00fados das nossas p\u00e1ginas foram elaborados com maior precis\u00e3o. Para a riqueza, integridade e atualidade dos conte\u00fados, n\u00e3o podemos, no entanto, exigir qualquer remunera\u00e7\u00e3o. Als Diensteanbieter sind wir gem\u00e4\u00df \u00a7 7 Abs.1 TMG f\u00fcr eigene Inhalte auf diesen Seiten nach den allgemeinen Gesetzen verantwortlich. De acordo com o \u00a7 8 bis 10 TMG sind wir als Diensteanbieter jedoch nicht verpflichtet, \u00fcbermittelte oder gespeicherte fremde Informationen zu \u00fcberwachen oder nach Umst\u00e4nden zu forschen, die auf eine rechtswidrige T\u00e4tigkeit hinweisen. As restri\u00e7\u00f5es para a obten\u00e7\u00e3o ou a manuten\u00e7\u00e3o de informa\u00e7\u00f5es de acordo com as disposi\u00e7\u00f5es gerais n\u00e3o s\u00e3o permitidas. A indemniza\u00e7\u00e3o em causa \u00e9, no entanto, apenas aplic\u00e1vel a partir do momento em que \u00e9 conhecida uma viola\u00e7\u00e3o de direitos. Se formos informados de que existem processos de indemniza\u00e7\u00e3o por danos irrevers\u00edveis, n\u00e3o nos referimos a estas informa\u00e7\u00f5es.<\/p><b>Urheberrecht<\/b><br \/><p>Os textos e trabalhos escritos por este autor, nesta p\u00e1gina, est\u00e3o em conformidade com a lei alem\u00e3 de direitos de ur\u00e2nio. A verifica\u00e7\u00e3o, a reda\u00e7\u00e3o, a reprodu\u00e7\u00e3o e qualquer outra forma de verifica\u00e7\u00e3o, independentemente das disposi\u00e7\u00f5es do direito de ur\u00e2nio, dependem da responsabilidade legal dos respectivos autores e revendedores. Os downloads e as c\u00f3pias desta p\u00e1gina s\u00e3o apenas para uso privado e n\u00e3o comercial. Se as informa\u00e7\u00f5es contidas nesta p\u00e1gina n\u00e3o tiverem sido fornecidas pelo utilizador, os direitos de autor ser\u00e3o tidos em conta. Insbesondere werden Inhalte Dritter als solche gekennzeichnet. Se, por outro lado, se sentir incomodado com uma viola\u00e7\u00e3o dos direitos de urna, damos-lhe uma dica importante. Se forem detectadas les\u00f5es de direitos autorais, n\u00f3s forneceremos informa\u00e7\u00f5es adicionais.<\/p>","protected":false},"excerpt":{"rendered":"","protected":false},"author":1,"featured_media":0,"parent":0,"menu_order":0,"comment_status":"closed","ping_status":"closed","template":"","meta":{"footnotes":""},"class_list":["post-368","page","type-page","status-publish","hentry","latest_post"],"_links":{"self":[{"href":"https:\/\/www.leaplytics.de\/pt\/wp-json\/wp\/v2\/pages\/368","targetHints":{"allow":["GET"]}}],"collection":[{"href":"https:\/\/www.leaplytics.de\/pt\/wp-json\/wp\/v2\/pages"}],"about":[{"href":"https:\/\/www.leaplytics.de\/pt\/wp-json\/wp\/v2\/types\/page"}],"author":[{"embeddable":true,"href":"https:\/\/www.leaplytics.de\/pt\/wp-json\/wp\/v2\/users\/1"}],"replies":[{"embeddable":true,"href":"https:\/\/www.leaplytics.de\/pt\/wp-json\/wp\/v2\/comments?post=368"}],"version-history":[{"count":0,"href":"https:\/\/www.leaplytics.de\/pt\/wp-json\/wp\/v2\/pages\/368\/revisions"}],"wp:attachment":[{"href":"https:\/\/www.leaplytics.de\/pt\/wp-json\/wp\/v2\/media?parent=368"}],"curies":[{"name":"wp","href":"https:\/\/api.w.org\/{rel}","templated":true}]}}