{"id":699,"date":"2020-12-07T20:33:50","date_gmt":"2020-12-07T19:33:50","guid":{"rendered":"https:\/\/www.leaplytics.de\/?page_id=699"},"modified":"2024-11-04T10:02:48","modified_gmt":"2024-11-04T09:02:48","slug":"extensao-da-matriz-de-risco-para-o-qliksense","status":"publish","type":"page","link":"https:\/\/www.leaplytics.de\/pt\/pagina-inicial\/extensoes-do-qlik-sense\/extensao-da-matriz-de-risco-para-o-qliksense\/","title":{"rendered":"Extens\u00e3o da matriz de risco para Qlik Sense"},"content":{"rendered":"<p>Obtenha uma vis\u00e3o n\u00edtida dos seus perfis de risco com a Matriz de Risco \/ Mapa de Calor para Qlik Sense! Esta extens\u00e3o foi criada para visualizar perfis, que s\u00e3o medidos numa matriz de dois KPIs e diferentes categorias. \u00c9 capaz de visualizar v\u00e1rios indicadores por campo. Pode selecionar livre e dinamicamente todas as express\u00f5es entre uma matriz 3\u00d73 e 5\u00d75. V\u00e1rias defini\u00e7\u00f5es, tais como cores personalizadas, limites flex\u00edveis e defini\u00e7\u00f5es de texto, adaptam esta extens\u00e3o \u00e0s suas necessidades de relat\u00f3rio.<\/p>\n\n\n\n<div style=\"height:10px\" aria-hidden=\"true\" class=\"wp-block-spacer\"><\/div>\n\n\n<div class=\"wp-block-image\">\n<figure class=\"aligncenter size-large\"><img loading=\"lazy\" decoding=\"async\" width=\"1024\" height=\"576\" src=\"https:\/\/www.leaplytics.de\/wp-content\/uploads\/2022\/04\/First_Slice_Risk_Map_QlikSense_stone-1024x576.png\" alt=\"\" class=\"wp-image-6471\" srcset=\"https:\/\/www.leaplytics.de\/wp-content\/uploads\/2022\/04\/First_Slice_Risk_Map_QlikSense_stone-1024x576.png 1024w, https:\/\/www.leaplytics.de\/wp-content\/uploads\/2022\/04\/First_Slice_Risk_Map_QlikSense_stone-300x169.png 300w, https:\/\/www.leaplytics.de\/wp-content\/uploads\/2022\/04\/First_Slice_Risk_Map_QlikSense_stone-768x432.png 768w, https:\/\/www.leaplytics.de\/wp-content\/uploads\/2022\/04\/First_Slice_Risk_Map_QlikSense_stone-107x60.png 107w, https:\/\/www.leaplytics.de\/wp-content\/uploads\/2022\/04\/First_Slice_Risk_Map_QlikSense_stone.png 1140w\" sizes=\"auto, (max-width: 1024px) 100vw, 1024px\" \/><\/figure><\/div>\n\n\n<div style=\"height:100px\" aria-hidden=\"true\" class=\"wp-block-spacer\"><\/div>\n\n\n\n<h3 class=\"wp-block-heading has-text-align-center\">Obter agora!<\/h3>\n\n\n\n<div style=\"height:50px\" aria-hidden=\"true\" class=\"wp-block-spacer\"><\/div>\n\n\n\n<div class=\"wp-block-columns alignwide is-layout-flex wp-container-core-columns-is-layout-1 wp-block-columns-is-layout-flex\">\n<div class=\"wp-block-column has-text-color has-background has-link-color wp-elements-dfea0d1df7d7210c16180380cb297c35 is-layout-flow wp-block-column-is-layout-flow\" style=\"color:#000000;background-color:#eeeeee;padding-top:2em;padding-right:2em;padding-bottom:2em;padding-left:2em\">\n<h2 class=\"wp-block-heading\" id=\"single\" style=\"font-size:40px\"><strong>Vers\u00e3o GRATUITA<\/strong><\/h2>\n\n\n\n<div style=\"height:10px\" aria-hidden=\"true\" class=\"wp-block-spacer\"><\/div>\n\n\n\n<p class=\"has-normal-font-size\" style=\"line-height:1.5\">A Vers\u00e3o GRATUITA do LeapLytics - Matriz de Risco \u00e9 gratuita para uso por quatro semanas em qualquer servidor e em qualquer empresa. Teste agora se nossa solu\u00e7\u00e3o atende \u00e0s suas necessidades.<\/p>\n\n\n\n<div style=\"height:10px\" aria-hidden=\"true\" class=\"wp-block-spacer\"><\/div>\n\n\n\n<hr class=\"wp-block-separator has-text-color has-css-opacity has-background is-style-wide\" style=\"background-color:#000000;color:#000000\"\/>\n\n\n\n<div style=\"height:10px\" aria-hidden=\"true\" class=\"wp-block-spacer\"><\/div>\n\n\n\n<p><i class=\"fas fa-check\"><\/i> Marca de \u00e1gua removida<\/p>\n\n\n\n<p><i class=\"fas fa-check\"><\/i> Tamanho da grelha individual<\/p>\n\n\n\n<p><i class=\"fas fa-check\"><\/i> Esquema de cores definido pelo utilizador<\/p>\n\n\n\n<p><i class=\"fas fa-check\"><\/i> Inversor de cor<\/p>\n\n\n\n<p><i class=\"fas fa-check\"><\/i> Defini\u00e7\u00f5es de fronteira<\/p>\n\n\n\n<p><i class=\"fas fa-check\"><\/i> Defini\u00e7\u00f5es do eixo<\/p>\n\n\n\n<p><i class=\"fas fa-check\"><\/i> Defini\u00e7\u00f5es do indicador<\/p>\n\n\n\n<p><i class=\"fas fa-check\"><\/i> Defini\u00e7\u00f5es de texto<\/p>\n\n\n\n<p><i class=\"fas fa-check\"><\/i> Defini\u00e7\u00f5es de cor<\/p>\n\n\n\n<p><i class=\"fas fa-check\"><\/i> Navega\u00e7\u00f5es e ac\u00e7\u00f5es<\/p>\n\n\n\n<p><i class=\"fas fa-check\"><\/i> Imprim\u00edvel*<\/p>\n\n\n\n<div class=\"wp-block-buttons alignfull is-horizontal is-content-justification-center is-layout-flex wp-container-core-buttons-is-layout-1 wp-block-buttons-is-layout-flex\">\n<div class=\"wp-block-button\"><a class=\"wp-block-button__link has-white-color has-text-color wp-element-button\" href=\"https:\/\/developer.qlik.com\/garden\/5fd6531adae7960011eb30ec\" target=\"_blank\" rel=\"noreferrer noopener\">Obter a vers\u00e3o GRATUITA<\/a><\/div>\n<\/div>\n<\/div>\n\n\n\n<div class=\"wp-block-column has-text-color has-background has-link-color wp-elements-6ae2b82b5852519cfb4d42d032a83f17 is-layout-flow wp-block-column-is-layout-flow\" style=\"color:#000000;background-color:#98bd00;padding-top:2em;padding-right:2em;padding-bottom:2em;padding-left:2em\">\n<h2 class=\"wp-block-heading\" id=\"family\" style=\"font-size:40px\"><strong>Vers\u00e3o PRO<\/strong><\/h2>\n\n\n\n<div style=\"height:10px\" aria-hidden=\"true\" class=\"wp-block-spacer\"><\/div>\n\n\n\n<p class=\"has-normal-font-size\" style=\"line-height:1.5\">A vers\u00e3o PRO do LeapLytics - Risk Matrix liberta todo o poder deste visual. Uma licen\u00e7a por servidor e empresa - Um pre\u00e7o por ano.<\/p>\n\n\n\n<div style=\"height:10px\" aria-hidden=\"true\" class=\"wp-block-spacer\"><\/div>\n\n\n\n<hr class=\"wp-block-separator has-text-color has-black-color has-css-opacity has-black-background-color has-background is-style-wide\"\/>\n\n\n\n<div style=\"height:10px\" aria-hidden=\"true\" class=\"wp-block-spacer\"><\/div>\n\n\n\n<p><i class=\"fas fa-check\"><\/i>  Marca de \u00e1gua removida<\/p>\n\n\n\n<p><i class=\"fas fa-check\"><\/i>  Tamanho da grelha individual<\/p>\n\n\n\n<p><i class=\"fas fa-check\"><\/i>  Esquema de cores definido pelo utilizador<\/p>\n\n\n\n<p><i class=\"fas fa-check\"><\/i>  Inversor de cor<\/p>\n\n\n\n<p><i class=\"fas fa-check\"><\/i>  Defini\u00e7\u00f5es de fronteira<\/p>\n\n\n\n<p><i class=\"fas fa-check\"><\/i>  Defini\u00e7\u00f5es do eixo<\/p>\n\n\n\n<p><i class=\"fas fa-check\"><\/i>  Defini\u00e7\u00f5es do indicador<\/p>\n\n\n\n<p><i class=\"fas fa-check\"><\/i>  Defini\u00e7\u00f5es de texto<\/p>\n\n\n\n<p><i class=\"fas fa-check\"><\/i>  Defini\u00e7\u00f5es de cor<\/p>\n\n\n\n<p><i class=\"fas fa-check\"><\/i>  Navega\u00e7\u00f5es e ac\u00e7\u00f5es<\/p>\n\n\n\n<p><i class=\"fas fa-check\"><\/i>  Imprim\u00edvel*<\/p>\n\n\n\n<div class=\"wp-block-buttons alignfull is-horizontal is-content-justification-center is-layout-flex wp-container-core-buttons-is-layout-2 wp-block-buttons-is-layout-flex\">\n<div class=\"wp-block-button\"><a class=\"wp-block-button__link has-white-color has-text-color wp-element-button\" href=\"https:\/\/shop.leaplytics.de\/product\/power-bi-risk-heatmap\/\">Obter a vers\u00e3o PRO<\/a><\/div>\n<\/div>\n<\/div>\n<\/div>\n\n\n\n<p>* ver <a href=\"https:\/\/community.qlik.com\/t5\/Knowledge\/Qlik-Sense-Enterprise-SaaS-Third-party-extensions-cannot-be\/ta-p\/1755264\">Limita\u00e7\u00f5es do QlikSense <\/a><\/p>\n\n\n\n<div style=\"height:100px\" aria-hidden=\"true\" class=\"wp-block-spacer\"><\/div>\n\n\n\n<h3 class=\"wp-block-heading has-text-align-center\">Documenta\u00e7\u00e3o<\/h3>\n\n\n\n<div style=\"height:50px\" aria-hidden=\"true\" class=\"wp-block-spacer\"><\/div>\n\n\n<div class=\"_df_book df-lite\" id=\"df_726\"  _slug=\"risk-heatmap\" data-title=\"risk-heatmap\" wpoptions=\"true\" thumb=\"https:\/\/www.leaplytics.de\/wp-content\/uploads\/2020\/12\/Risk-Map-picture.jpg\" thumbtype=\"\" ><\/div><script class=\"df-shortcode-script\" nowprocket type=\"application\/javascript\">window.option_df_726 = {\"outline\":[],\"autoEnableOutline\":\"false\",\"autoEnableThumbnail\":\"false\",\"overwritePDFOutline\":\"false\",\"backgroundImage\":\"https:\\\/\\\/www.leaplytics.de\\\/wp-content\\\/uploads\\\/2020\\\/10\\\/mathew-schwartz-sb7RUrRMaC4-unsplash-scaled.jpg\",\"direction\":\"1\",\"pageSize\":\"0\",\"source\":\"https:\\\/\\\/www.leaplytics.de\\\/wp-content\\\/uploads\\\/2022\\\/02\\\/Risk-Heatmap-Qlik-Sense-User-Documentation_Pro_1.4.0.0.pdf\",\"wpOptions\":\"true\"}; if(window.DFLIP && window.DFLIP.parseBooks){window.DFLIP.parseBooks();}<\/script>\n\n\n\n<div style=\"height:50px\" aria-hidden=\"true\" class=\"wp-block-spacer\"><\/div>\n\n\n\n<div class=\"wp-block-buttons is-content-justification-center is-layout-flex wp-container-core-buttons-is-layout-3 wp-block-buttons-is-layout-flex\">\n<div class=\"wp-block-button\"><a class=\"wp-block-button__link wp-element-button\" href=\"https:\/\/www.leaplytics.de\/wp-content\/uploads\/2022\/02\/Risk-Heatmap-Qlik-Sense-User-Documentation_Pro_1.4.0.0.pdf\" target=\"_blank\" rel=\"noreferrer noopener\">Descarregar documenta\u00e7\u00e3o<\/a><\/div>\n<\/div>\n\n\n\n<div style=\"height:50px\" aria-hidden=\"true\" class=\"wp-block-spacer\"><\/div>\n\n\n\n<p>Subscreva aqui para receber actualiza\u00e7\u00f5es e lan\u00e7amentos exclusivos: <a href=\"https:\/\/www.leaplytics.de\/pt\/subscrever_produto\/\">Assinatura<\/a><\/p>\n\n\n\n<hr class=\"wp-block-separator has-css-opacity is-style-default\"\/>\n\n\n\n<h2 class=\"wp-block-heading\" id=\"introduction-risk-heatmap-extension-for-qlik-sense\">Introdu\u00e7\u00e3o Extens\u00e3o da matriz de risco para Qlik Sense<\/h2>\n\n\n\n<p>Obtenha uma vis\u00e3o n\u00edtida de seus perfis de risco com a Matriz de risco para Qlik Sense! A extens\u00e3o foi criada para visualizar perfis, que s\u00e3o medidos em uma matriz de dois KPIs e diferentes categorias. Ela \u00e9 capaz de visualizar v\u00e1rios indicadores por campo. Pode selecionar livre e dinamicamente todas as express\u00f5es entre uma matriz 3\u00d73 e 5\u00d75. V\u00e1rias defini\u00e7\u00f5es, tais como cores personalizadas, limites flex\u00edveis e defini\u00e7\u00f5es de texto, adaptam esta extens\u00e3o \u00e0s suas necessidades de relat\u00f3rio.<\/p>\n\n\n<div class=\"wp-block-image is-style-default\">\n<figure class=\"alignright size-full\"><img loading=\"lazy\" decoding=\"async\" width=\"912\" height=\"775\" src=\"https:\/\/www.leaplytics.de\/wp-content\/uploads\/2022\/02\/settings.gif\" alt=\"Mapa de calor de risco para Qlik Sense\" class=\"wp-image-3060\"\/><figcaption class=\"wp-element-caption\">Vasta gama de op\u00e7\u00f5es de configura\u00e7\u00e3o<\/figcaption><\/figure><\/div>\n\n\n<p>Esta extens\u00e3o pode tamb\u00e9m ser utilizada para monitorizar e indicar limiares para todos os tipos de medidas f\u00edsicas, indicadores de qualidade e diverg\u00eancias em geral. Deste modo, pode ser aplicada a um vasto n\u00famero de casos de utiliza\u00e7\u00e3o, que ocorrem em diferentes empresas. A listagem seguinte mostra uma sele\u00e7\u00e3o de poss\u00edveis casos de utiliza\u00e7\u00e3o, que j\u00e1 foram implementados:<\/p>\n\n\n\n<p><strong>Gest\u00e3o de projectos<\/strong>: Visualizar perfis de risco e oportunidade para um projeto, programa ou carteira<\/p>\n\n\n\n<p><strong>TI<\/strong>: Indicar as aplica\u00e7\u00f5es que se encontram na \u00e1rea verde, amarela ou vermelha do estado (desempenho, sa\u00fade)<\/p>\n\n\n\n<hr class=\"wp-block-separator has-css-opacity\"\/>\n\n\n\n<h3 class=\"wp-block-heading\" id=\"getting-started-with-our-risk-heatmap-for-qlik-sense\">Introdu\u00e7\u00e3o \u00e0 nossa matriz de risco para Qlik Sense<\/h3>\n\n\n<p>Aberto <a href=\"https:\/\/www.qlik.com\/de-de\/products\/qlik-sense\" target=\"_blank\" rel=\"noopener\">Qlik Sense<\/a> e a aplica\u00e7\u00e3o relevante, onde pretende utilizar a extens\u00e3o \"Matriz de risco\". Abra a sua folha de c\u00e1lculo no modo de edi\u00e7\u00e3o e encontrar\u00e1 a extens\u00e3o na sec\u00e7\u00e3o \"Objectos personalizados\". Arraste e largue a extens\u00e3o para qualquer \u00e1rea do seu painel de controlo (<em>Pode alterar o aspeto da extens\u00e3o mais tarde nas defini\u00e7\u00f5es avan\u00e7adas).<\/em><\/p>\n\n<div class=\"wp-block-image\">\n<figure class=\"alignright size-full\"><img decoding=\"async\" src=\"https:\/\/www.leaplytics.de\/wp-content\/uploads\/2022\/02\/drag-drop.gif\" alt=\"Defini\u00e7\u00f5es e configura\u00e7\u00e3o iniciais para o mapa de calor de risco Qlik Sense\" class=\"wp-image-3060\"\/><figcaption class=\"wp-element-caption\">Vasta gama de op\u00e7\u00f5es de configura\u00e7\u00e3o<\/figcaption><\/figure><\/div>\n\n<p>Depois de ter colocado uma inst\u00e2ncia da extens\u00e3o no seu painel de controlo, o seguinte painel de propriedades aparecer\u00e1 no lado direito. O painel de propriedades est\u00e1 dividido nas seguintes sec\u00e7\u00f5es:\u00a0 \u00a0 \u00a0 \u00a0 \u00a0 \u00a0 \u00a0 \u00a0 \u00a0 \u00a0 \u00a0 \u00a0 \u00a0 \u00a0 \u00a0 \u00a0 \u00a0 \u00a0 \u00a0 \u00a0 \u00a0 \u00a0 \u00a0 \u00a0 \u00a0 \u00a0 \u00a0 \u00a0 \u00a0 \u00a0 \u00a0 \u00a0 \u00a0 \u00a0 \u00a0 \u00a0 \u00a0 \u00a0 \u00a0 \u00a0 \u00a0 \u00a0 \u00a0 \u00a0 \u00a0 \u00a0 \u00a0\u00a0<\/p>\n<ul>\n<li>Medidas<\/li>\n<li>Dimens\u00f5es<\/li>\n<li>Intervalos (disposi\u00e7\u00e3o geral da matriz)<\/li>\n<li>Defini\u00e7\u00f5es da grelha (tudo o que est\u00e1 dentro da matriz)<\/li>\n<li>Defini\u00e7\u00f5es dos eixos (tudo o que est\u00e1 \u00e0 volta da matriz)<\/li>\n<li>Defini\u00e7\u00f5es do indicador (tudo o que diz respeito ao conte\u00fado da matriz)<\/li>\n<li>Sobre \u00a0\u00a0\u00a0\u00a0\u00a0\u00a0\u00a0\u00a0\u00a0\u00a0\u00a0\u00a0\u00a0\u00a0 \u00a0\u00a0\u00a0\u00a0\u00a0\u00a0\u00a0\u00a0\u00a0\u00a0\u00a0\u00a0\u00a0\u00a0\u00a0\u00a0\u00a0\u00a0\u00a0\u00a0\u00a0\u00a0\u00a0\u00a0\u00a0\u00a0\u00a0\u00a0\u00a0<\/li>\n<\/ul>\n<p>A seguir, aprender\u00e1 a utilizar a extens\u00e3o \"Risk Matrix\" do LeapLytics e a personaliz\u00e1-la de acordo com as suas necessidades, utilizando corretamente as propriedades.\u00a0 \u00a0<\/p>\n\n\n<hr class=\"wp-block-separator has-css-opacity\"\/>\n\n\n\n<h3 class=\"wp-block-heading\" id=\"measures\">Medidas<\/h3>\n\n\n<div class=\"wp-block-image\">\n<figure class=\"alignright size-large is-resized\"><img loading=\"lazy\" decoding=\"async\" width=\"245\" height=\"329\" src=\"https:\/\/www.leaplytics.de\/wp-content\/uploads\/2020\/11\/measures.png\" alt=\"Descri\u00e7\u00e3o da medida para Mapa de calor de risco Qlik Sense\" class=\"wp-image-512\" style=\"width:236px;height:317px\" srcset=\"https:\/\/www.leaplytics.de\/wp-content\/uploads\/2020\/11\/measures.png 245w, https:\/\/www.leaplytics.de\/wp-content\/uploads\/2020\/11\/measures-223x300.png 223w, https:\/\/www.leaplytics.de\/wp-content\/uploads\/2020\/11\/measures-45x60.png 45w\" sizes=\"auto, (max-width: 245px) 100vw, 245px\" \/><\/figure><\/div>\n\n<p>A medida define o valor para os dois KPIs relevantes da matriz. O primeiro KPI define os KPIs do eixo X e o segundo KPI define o KPI do eixo Y. Eles podem ser alternados individualmente. A matriz est\u00e1 \u00e0 espera de valores no intervalo entre 1 e 5 (matriz de 5 campos) ou 1 e 3 (matriz de 3 campos). Tamb\u00e9m s\u00e3o poss\u00edveis decimais, se forem \u00fateis. Os valores podem ser retirados diretamente do modelo de dados, se um pr\u00e9-sistema j\u00e1 estiver a capturar e a calcular o intervalo. Se o modelo de dados incluir qualquer tipo de unidades, as categorias podem ser criadas individualmente no formul\u00e1rio.<\/p>\n<p>Pode adicionar uma medida como esta:<\/p>\n<ul>\n<li>Clique no bot\u00e3o \"Adicionar medida\" no painel de propriedades na sec\u00e7\u00e3o \"Medida\" ou clique no bot\u00e3o \"Adicionar medida\" na janela da extens\u00e3o no seu painel de controlo<\/li>\n<li>Escolha uma medida na lista pendente e clique nela<\/li>\n<li>(Opcional): Escolha a agrega\u00e7\u00e3o correta para as suas necessidades (Soma, M\u00e9dia, M\u00ednimo, M\u00e1ximo, etc.) ou defina uma f\u00f3rmula individual.<\/li>\n<\/ul>\n<p>Ao utilizar f\u00f3rmulas individuais, os exemplos seguintes podem ser tomados como orienta\u00e7\u00e3o:<\/p>\n\n\n<figure class=\"wp-block-image size-large\"><img loading=\"lazy\" decoding=\"async\" width=\"744\" height=\"255\" src=\"https:\/\/www.leaplytics.de\/wp-content\/uploads\/2020\/12\/heatmap_use_cases.png\" alt=\"\" class=\"wp-image-749\" srcset=\"https:\/\/www.leaplytics.de\/wp-content\/uploads\/2020\/12\/heatmap_use_cases.png 744w, https:\/\/www.leaplytics.de\/wp-content\/uploads\/2020\/12\/heatmap_use_cases-600x206.png 600w, https:\/\/www.leaplytics.de\/wp-content\/uploads\/2020\/12\/heatmap_use_cases-300x103.png 300w, https:\/\/www.leaplytics.de\/wp-content\/uploads\/2020\/12\/heatmap_use_cases-175x60.png 175w\" sizes=\"auto, (max-width: 744px) 100vw, 744px\" \/><\/figure>\n\n\n\n<hr class=\"wp-block-separator has-css-opacity\"\/>\n\n\n\n<h3 class=\"wp-block-heading\" id=\"dimensions\">Dimens\u00f5es<\/h3>\n\n\n<p>Utilize a dimens\u00e3o para dar aos indicadores um nome marcante. Pode ser, por exemplo, um ID ou um nome curto (1-2 palavras). N\u00e3o se recomendam nomes ou descri\u00e7\u00f5es mais longos, uma vez que o espa\u00e7o da pr\u00f3pria matriz \u00e9 limitado.<\/p>\n\n\n<hr class=\"wp-block-separator has-css-opacity\"\/>\n\n\n\n<h3 class=\"wp-block-heading\" id=\"advanced-settings\">Defini\u00e7\u00f5es avan\u00e7adas<\/h3>\n\n\n\n<p>Nas Defini\u00e7\u00f5es da matriz, pode fazer v\u00e1rias selec\u00e7\u00f5es.<\/p>\n\n\n\n<p><strong>Defini\u00e7\u00f5es da matriz: <\/strong>Primeiro, pode fixar o r\u00e1cio de aspeto. Isto mant\u00e9m a visualiza\u00e7\u00e3o num estado quadrado. Al\u00e9m disso, pode definir o tamanho das direc\u00e7\u00f5es x e y individualmente, utilizando o cursor. Se os seus dados estiverem fora destes intervalos, receber\u00e1 uma indica\u00e7\u00e3o visual na extens\u00e3o! Al\u00e9m disso, pode inverter as cores com um clique. Finalmente, pode definir a largura do contorno ou desactiv\u00e1-lo completamente.<\/p>\n\n\n\n<p><strong>Defini\u00e7\u00f5es da grelha<\/strong>: Utilize as Defini\u00e7\u00f5es da grelha para configurar a pr\u00f3pria matriz, por exemplo, o tamanho ou a configura\u00e7\u00e3o dos limites. Tamb\u00e9m \u00e9 poss\u00edvel inverter o c\u00f3digo de cores, de modo a que uma categoria superior tenha a cor \"verde\" e uma categoria inferior passe a vermelho. Tamb\u00e9m \u00e9 poss\u00edvel desativar a tabela com valores detalhados.<\/p>\n\n\n\n<p><strong>Defini\u00e7\u00f5es do eixo:<\/strong> As defini\u00e7\u00f5es do eixo permitem-lhe configurar a moldura de acordo com as suas necessidades. Pode optar por desativar os textos, os eixos ou a indica\u00e7\u00e3o de alto\/baixo.<\/p>\n\n\n\n<p><strong>Defini\u00e7\u00f5es do indicador:<\/strong> Utilize as defini\u00e7\u00f5es dos indicadores para alterar o tamanho e o aspeto dos indicadores na Grelha.<\/p>\n\n\n<div class=\"wp-block-image\">\n<figure class=\"aligncenter size-full\"><img loading=\"lazy\" decoding=\"async\" width=\"912\" height=\"775\" src=\"https:\/\/www.leaplytics.de\/wp-content\/uploads\/2022\/02\/settings.gif\" alt=\"V\u00e1rias configura\u00e7\u00f5es para o mapa de calor de risco Qlik Sense\" class=\"wp-image-3060\"\/><\/figure><\/div>\n\n\n<hr class=\"wp-block-separator has-css-opacity\"\/>\n\n\n\n<h3 class=\"wp-block-heading\" id=\"navigation-action\">Navega\u00e7\u00e3o e a\u00e7\u00e3o<\/h3>\n\n\n\n<p>Voc\u00ea pode aplicar Navigation &amp; Actions \u00e0 sua extens\u00e3o para navegar para Qlik Sense Sheets, sites, etc. \u00c9 poss\u00edvel ativar \"A\u00e7\u00f5es\" com o bot\u00e3o correspondente. \"Risk Matrix\" oferece suporte a dois tipos diferentes de navega\u00e7\u00e3o:<\/p>\n\n\n\n<ul class=\"wp-block-list\">\n<li><strong>Bot\u00e3o:<\/strong> Selecione \"Bot\u00e3o\" para adicionar um bot\u00e3o por baixo do \u00edcone do sem\u00e1foro. \u00c9 poss\u00edvel renomear o bot\u00e3o usando o campo \"Texto do bot\u00e3o\". Digite uma URL para um site ou Qlik Sense Sheet para o qual deseja navegar*. \u00c9 poss\u00edvel abrir o URL na mesma janela ou em uma guia separada usando a caixa de sele\u00e7\u00e3o \"Abrir na mesma janela\".<\/li>\n<\/ul>\n\n\n\n<ul class=\"wp-block-list\">\n<li><strong>Objeto:<\/strong> Como alternativa, pode escolher \"Objeto\" para tornar todo o objeto clic\u00e1vel (<em>O campo \"Button Text\" (Texto do bot\u00e3o) ficar\u00e1 oculto<\/em>). Digite uma URL para um site ou Qlik Sense Sheet para o qual deseja navegar*. Voc\u00ea pode abrir a URL na mesma janela ou em uma guia separada usando a caixa de sele\u00e7\u00e3o \"Abrir na mesma janela\".<\/li>\n<\/ul>\n\n\n\n<p>*Os URLs t\u00eam sempre de come\u00e7ar por \"http:\/\/www.\" ou \"https:\/\/www.\".<\/p>\n\n\n<div class=\"wp-block-image\">\n<figure class=\"aligncenter size-large\"><img loading=\"lazy\" decoding=\"async\" width=\"246\" height=\"464\" src=\"https:\/\/www.leaplytics.de\/wp-content\/uploads\/2021\/04\/Milestone_navigation-1.jpg\" alt=\"Configura\u00e7\u00f5es de navega\u00e7\u00e3o e a\u00e7\u00f5es para o mapa de calor de risco Qlik Sense\" class=\"wp-image-1739\" srcset=\"https:\/\/www.leaplytics.de\/wp-content\/uploads\/2021\/04\/Milestone_navigation-1.jpg 246w, https:\/\/www.leaplytics.de\/wp-content\/uploads\/2021\/04\/Milestone_navigation-1-159x300.jpg 159w, https:\/\/www.leaplytics.de\/wp-content\/uploads\/2021\/04\/Milestone_navigation-1-32x60.jpg 32w\" sizes=\"auto, (max-width: 246px) 100vw, 246px\" \/><\/figure><\/div>\n\n\n<hr class=\"wp-block-separator has-css-opacity\"\/>\n\n\n<h3>Sobre nossa Matriz de Risco para Qlik Sense<\/h3>\n\n\n<\/p>\n<p>Esta extens\u00e3o do Qlik Sense foi desenvolvida por <a href=\"https:\/\/www.leaplytics.de\/pt\/\">LeapLytics<\/a>. A sec\u00e7\u00e3o Sobre apresenta informa\u00e7\u00f5es relativas a esta extens\u00e3o.<\/p>\n<p>\n\n\n\n<\/p>\n<p><strong>Vers\u00e3o:<\/strong> Mostra a vers\u00e3o instalada desta extens\u00e3o<\/p>\n<p>\n\n\n\n<\/p>\n<p><strong>Licen\u00e7a v\u00e1lida at\u00e9:<\/strong> Mostra a data de expira\u00e7\u00e3o da licen\u00e7a<\/p>\n<p>\n\n\n\n<\/p>\n<p><strong>Licen\u00e7a v\u00e1lida no servidor:<\/strong> Mostra em que ID de servidor esta extens\u00e3o pode ser utilizada\n\n\n\n<hr class=\"wp-block-separator has-css-opacity\"\/>\n\n\n<h3>Hist\u00f3rico da vers\u00e3o<\/h3>\n\n\n<figure class=\"wp-block-table is-style-stripes\"><table><tbody><tr><td class=\"has-text-align-center\" data-align=\"center\"><strong>Vers\u00e3o<\/strong><\/td><td class=\"has-text-align-center\" data-align=\"center\"><strong>Data<\/strong><\/td><td class=\"has-text-align-left\" data-align=\"left\"><strong>Conte\u00fado<\/strong><\/td><\/tr><tr><td class=\"has-text-align-center\" data-align=\"center\">1.4<\/td><td class=\"has-text-align-center\" data-align=\"center\">14.02.2022<\/td><td class=\"has-text-align-left\" data-align=\"left\">Nova utiliza\u00e7\u00e3o da API<\/td><\/tr><tr><td class=\"has-text-align-center\" data-align=\"center\">1.3<\/td><td class=\"has-text-align-center\" data-align=\"center\">13.12.2021<\/td><td class=\"has-text-align-left\" data-align=\"left\">Atualiza\u00e7\u00e3o da matriz de risco<\/td><\/tr><tr><td class=\"has-text-align-center\" data-align=\"center\">1.2<\/td><td class=\"has-text-align-center\" data-align=\"center\">26.04.2021<\/td><td class=\"has-text-align-left\" data-align=\"left\">Navega\u00e7\u00e3o e ac\u00e7\u00f5es adicionadas,<br>Mais de 9 riscos suportados<br>tabela de indicadores com desloca\u00e7\u00e3o<\/td><\/tr><tr><td class=\"has-text-align-center\" data-align=\"center\">1.1<\/td><td class=\"has-text-align-center\" data-align=\"center\">28.01.2021<\/td><td class=\"has-text-align-left\" data-align=\"left\">Assinatura<br>funcionalidade para<br>actualiza\u00e7\u00f5es de vers\u00f5es &amp;<br>painel de propriedades melhoradas<\/td><\/tr><tr><td class=\"has-text-align-center\" data-align=\"center\">1.0<\/td><td class=\"has-text-align-center\" data-align=\"center\">13.11.2020<\/td><td class=\"has-text-align-left\" data-align=\"left\">Vers\u00e3o inicial<\/td><\/tr><\/tbody><\/table><\/figure>\n\n\n\n<hr class=\"wp-block-separator has-css-opacity\"\/>\n\n\n\n<p><\/p>\n\n\n\n<div class=\"wp-block-columns are-vertically-aligned-center is-layout-flex wp-container-core-columns-is-layout-2 wp-block-columns-is-layout-flex\">\n<div class=\"wp-block-column is-vertically-aligned-center is-layout-flow wp-block-column-is-layout-flow\" style=\"flex-basis:100%\">\n<p><\/p>\n<\/div>\n<\/div>\n\n\n\n<p><\/p>","protected":false},"excerpt":{"rendered":"<p>Obtenha uma vis\u00e3o n\u00edtida dos seus perfis de risco com o Risk Heatmap para o QilkSense! A extens\u00e3o foi criada para visualizar perfis, que s\u00e3o medidos em uma matriz de dois KPIs e diferentes categorias. \u00c9 capaz de visualizar v\u00e1rios indicadores (at\u00e9 4 na vers\u00e3o gratuita) por campo. V\u00e1rias defini\u00e7\u00f5es, tais como uma f\u00e1cil altern\u00e2ncia entre uma matriz de 3\u00d73 e 5\u00d75 campos, defini\u00e7\u00f5es de margens e de texto, adaptam esta extens\u00e3o \u00e0s suas necessidades de relat\u00f3rio. <\/p>\n<p>Esta extens\u00e3o pode tamb\u00e9m ser utilizada para monitorizar e indicar limiares para todos os tipos de medidas f\u00edsicas, indicadores de qualidade e diverg\u00eancias em geral. Desta forma, pode ser aplicada a um vasto n\u00famero de casos de utiliza\u00e7\u00e3o, que ocorrem em diferentes empresas.<\/p>","protected":false},"author":1,"featured_media":0,"parent":227,"menu_order":1,"comment_status":"closed","ping_status":"closed","template":"","meta":{"footnotes":""},"class_list":["post-699","page","type-page","status-publish","hentry","latest_post"],"_links":{"self":[{"href":"https:\/\/www.leaplytics.de\/pt\/wp-json\/wp\/v2\/pages\/699","targetHints":{"allow":["GET"]}}],"collection":[{"href":"https:\/\/www.leaplytics.de\/pt\/wp-json\/wp\/v2\/pages"}],"about":[{"href":"https:\/\/www.leaplytics.de\/pt\/wp-json\/wp\/v2\/types\/page"}],"author":[{"embeddable":true,"href":"https:\/\/www.leaplytics.de\/pt\/wp-json\/wp\/v2\/users\/1"}],"replies":[{"embeddable":true,"href":"https:\/\/www.leaplytics.de\/pt\/wp-json\/wp\/v2\/comments?post=699"}],"version-history":[{"count":5,"href":"https:\/\/www.leaplytics.de\/pt\/wp-json\/wp\/v2\/pages\/699\/revisions"}],"predecessor-version":[{"id":13676,"href":"https:\/\/www.leaplytics.de\/pt\/wp-json\/wp\/v2\/pages\/699\/revisions\/13676"}],"up":[{"embeddable":true,"href":"https:\/\/www.leaplytics.de\/pt\/wp-json\/wp\/v2\/pages\/227"}],"wp:attachment":[{"href":"https:\/\/www.leaplytics.de\/pt\/wp-json\/wp\/v2\/media?parent=699"}],"curies":[{"name":"wp","href":"https:\/\/api.w.org\/{rel}","templated":true}]}}