{"id":8499,"date":"2022-06-13T21:38:40","date_gmt":"2022-06-13T19:38:40","guid":{"rendered":"https:\/\/www.leaplytics.de\/?page_id=8499"},"modified":"2024-10-29T11:53:22","modified_gmt":"2024-10-29T10:53:22","slug":"discretizacao-para-a-matriz-de-risco-heatmap-power-bi","status":"publish","type":"page","link":"https:\/\/www.leaplytics.de\/pt\/discretizacao-para-a-matriz-de-risco-heatmap-power-bi\/","title":{"rendered":"Discretiza\u00e7\u00e3o e transforma\u00e7\u00e3o"},"content":{"rendered":"<p>O nosso Mapa de Calor \/ Matriz de Riscos requer valores de 1 a 10, mas o que fazer se os seus dados forem cont\u00ednuos e n\u00e3o estiverem neste intervalo? Ou se as express\u00f5es dos seus riscos consistirem em palavras? Abaixo est\u00e3o quatro solu\u00e7\u00f5es com binning, quintis, limites personalizados e mapeamento de palavras para n\u00fameros.<\/p>\n\n\n\n<h2 class=\"wp-block-heading\" id=\"binning\">Binning<\/h2>\n\n\n\n<p>Nesta abordagem de solu\u00e7\u00e3o, todos os valores cont\u00ednuos do conjunto de dados s\u00e3o divididos em cinco compartimentos. Tenha em aten\u00e7\u00e3o que o tamanho do compartimento \u00e9 sempre o mesmo.<\/p>\n\n\n\n<p><em>Exemplo: Os seus valores est\u00e3o entre 0 e 100: S\u00e3o criadas as seguintes posi\u00e7\u00f5es:<\/em><\/p>\n\n\n\n<ul class=\"wp-block-list\">\n<li><em>0 a 20<\/em><\/li>\n\n\n\n<li><em>21 a 40<\/em><\/li>\n\n\n\n<li><em>41 a 60<\/em><\/li>\n\n\n\n<li><em>61 a 80<\/em><\/li>\n\n\n\n<li><em>81 a 100<\/em><\/li>\n<\/ul>\n\n\n\n<p><em><strong>Por conseguinte, n\u00e3o \u00e9 tida em conta a quantidade de riscos existentes nos contentores individuais.<\/strong> Os intervalos de dados s\u00e3o apenas divididos de forma igual.<\/em><\/p>\n\n\n\n<div class=\"wp-block-columns is-layout-flex wp-container-core-columns-is-layout-1 wp-block-columns-is-layout-flex\">\n<div class=\"wp-block-column is-layout-flow wp-block-column-is-layout-flow\" style=\"flex-basis:66.66%\">\n<figure class=\"wp-block-image size-full\"><img loading=\"lazy\" decoding=\"async\" width=\"400\" height=\"606\" src=\"https:\/\/www.leaplytics.de\/wp-content\/uploads\/2022\/06\/grafik-4.png\" alt=\"\" class=\"wp-image-8500\" srcset=\"https:\/\/www.leaplytics.de\/wp-content\/uploads\/2022\/06\/grafik-4.png 400w, https:\/\/www.leaplytics.de\/wp-content\/uploads\/2022\/06\/grafik-4-198x300.png 198w, https:\/\/www.leaplytics.de\/wp-content\/uploads\/2022\/06\/grafik-4-40x60.png 40w\" sizes=\"auto, (max-width: 400px) 100vw, 400px\" \/><\/figure>\n<\/div>\n\n\n\n<div class=\"wp-block-column is-layout-flow wp-block-column-is-layout-flow\" style=\"flex-basis:33.33%\">\n<p>Na barra lateral, comece por clicar com o bot\u00e3o direito do rato no campo que pretende transformar. No nosso exemplo, o campo \"Exemplo de impacto\".<\/p>\n\n\n\n<p>Em seguida, selecione \"Novo grupo\" com um clique no bot\u00e3o esquerdo do rato. Abre-se a janela \"Grupos\".<\/p>\n<\/div>\n<\/div>\n\n\n\n<div class=\"wp-block-columns is-layout-flex wp-container-core-columns-is-layout-2 wp-block-columns-is-layout-flex\">\n<div class=\"wp-block-column is-layout-flow wp-block-column-is-layout-flow\" style=\"flex-basis:33.33%\">\n<p>Aqui seleciona a op\u00e7\u00e3o \"Number of bins\" (n\u00famero de caixas) para o \"Bin type\" (tipo de caixa). No canto inferior esquerdo, introduza o valor \"10\" como \"Bin Count\". De seguida, calcula automaticamente a largura das caixas em \"Tamanho da caixa\".<\/p>\n\n\n\n<p>Por fim, clique em \"OK\".<\/p>\n<\/div>\n\n\n\n<div class=\"wp-block-column is-layout-flow wp-block-column-is-layout-flow\" style=\"flex-basis:66.66%\">\n<figure class=\"wp-block-image size-full\"><img loading=\"lazy\" decoding=\"async\" width=\"806\" height=\"635\" src=\"https:\/\/www.leaplytics.de\/wp-content\/uploads\/2022\/06\/grafik-5.png\" alt=\"\" class=\"wp-image-8501\" srcset=\"https:\/\/www.leaplytics.de\/wp-content\/uploads\/2022\/06\/grafik-5.png 806w, https:\/\/www.leaplytics.de\/wp-content\/uploads\/2022\/06\/grafik-5-300x236.png 300w, https:\/\/www.leaplytics.de\/wp-content\/uploads\/2022\/06\/grafik-5-768x605.png 768w, https:\/\/www.leaplytics.de\/wp-content\/uploads\/2022\/06\/grafik-5-76x60.png 76w\" sizes=\"auto, (max-width: 806px) 100vw, 806px\" \/><\/figure>\n<\/div>\n<\/div>\n\n\n\n<div class=\"wp-block-columns is-layout-flex wp-container-core-columns-is-layout-3 wp-block-columns-is-layout-flex\">\n<div class=\"wp-block-column is-layout-flow wp-block-column-is-layout-flow\" style=\"flex-basis:66.66%\">\n<figure class=\"wp-block-image size-full\"><img loading=\"lazy\" decoding=\"async\" width=\"402\" height=\"664\" src=\"https:\/\/www.leaplytics.de\/wp-content\/uploads\/2022\/06\/grafik-6.png\" alt=\"\" class=\"wp-image-8503\" srcset=\"https:\/\/www.leaplytics.de\/wp-content\/uploads\/2022\/06\/grafik-6.png 402w, https:\/\/www.leaplytics.de\/wp-content\/uploads\/2022\/06\/grafik-6-182x300.png 182w, https:\/\/www.leaplytics.de\/wp-content\/uploads\/2022\/06\/grafik-6-36x60.png 36w\" sizes=\"auto, (max-width: 402px) 100vw, 402px\" \/><\/figure>\n<\/div>\n\n\n\n<div class=\"wp-block-column is-layout-flow wp-block-column-is-layout-flow\" style=\"flex-basis:33.33%\">\n<p>Na \u00faltima etapa, clique novamente no campo rec\u00e9m-criado na barra lateral.<\/p>\n\n\n\n<p>Agora, a janela \"Grupos\" aparece novamente.<\/p>\n<\/div>\n<\/div>\n\n\n\n<div class=\"wp-block-columns is-layout-flex wp-container-core-columns-is-layout-4 wp-block-columns-is-layout-flex\">\n<div class=\"wp-block-column is-layout-flow wp-block-column-is-layout-flow\" style=\"flex-basis:33.33%\">\n<p>Aqui seleciona o tipo de grupo \"Lista\" em vez de \"Bin\". Os valores n\u00e3o agrupados aparecem na caixa da esquerda.<\/p>\n\n\n\n<p>Agora, comece e selecione cada valor e mova-o para a coluna da direita atrav\u00e9s do bot\u00e3o \"Agrupar\".<\/p>\n<\/div>\n\n\n\n<div class=\"wp-block-column is-layout-flow wp-block-column-is-layout-flow\" style=\"flex-basis:66.66%\">\n<figure class=\"wp-block-image size-full\"><img loading=\"lazy\" decoding=\"async\" width=\"796\" height=\"631\" src=\"https:\/\/www.leaplytics.de\/wp-content\/uploads\/2022\/06\/grafik-7.png\" alt=\"\" class=\"wp-image-8504\" srcset=\"https:\/\/www.leaplytics.de\/wp-content\/uploads\/2022\/06\/grafik-7.png 796w, https:\/\/www.leaplytics.de\/wp-content\/uploads\/2022\/06\/grafik-7-300x238.png 300w, https:\/\/www.leaplytics.de\/wp-content\/uploads\/2022\/06\/grafik-7-768x609.png 768w, https:\/\/www.leaplytics.de\/wp-content\/uploads\/2022\/06\/grafik-7-76x60.png 76w\" sizes=\"auto, (max-width: 796px) 100vw, 796px\" \/><\/figure>\n<\/div>\n<\/div>\n\n\n\n<div class=\"wp-block-columns is-layout-flex wp-container-core-columns-is-layout-5 wp-block-columns-is-layout-flex\">\n<div class=\"wp-block-column is-layout-flow wp-block-column-is-layout-flow\" style=\"flex-basis:66.66%\">\n<figure class=\"wp-block-image size-full\"><img loading=\"lazy\" decoding=\"async\" width=\"797\" height=\"631\" src=\"https:\/\/www.leaplytics.de\/wp-content\/uploads\/2022\/06\/grafik-8.png\" alt=\"\" class=\"wp-image-8505\" srcset=\"https:\/\/www.leaplytics.de\/wp-content\/uploads\/2022\/06\/grafik-8.png 797w, https:\/\/www.leaplytics.de\/wp-content\/uploads\/2022\/06\/grafik-8-300x238.png 300w, https:\/\/www.leaplytics.de\/wp-content\/uploads\/2022\/06\/grafik-8-768x608.png 768w, https:\/\/www.leaplytics.de\/wp-content\/uploads\/2022\/06\/grafik-8-76x60.png 76w\" sizes=\"auto, (max-width: 797px) 100vw, 797px\" \/><\/figure>\n<\/div>\n\n\n\n<div class=\"wp-block-column is-layout-flow wp-block-column-is-layout-flow\" style=\"flex-basis:33.33%\">\n<p>Est\u00e1 quase pronto! Atribui agora os valores de 1 a 10 aos dez valores, fazendo duplo clique em cada supergrupo e inserindo os valores. Por fim, clica em \"OK\".<\/p>\n<\/div>\n<\/div>\n\n\n\n<div class=\"wp-block-columns is-layout-flex wp-container-core-columns-is-layout-6 wp-block-columns-is-layout-flex\">\n<div class=\"wp-block-column is-layout-flow wp-block-column-is-layout-flow\" style=\"flex-basis:33.33%\">\n<p>Pronto! Transformou os dados e pode agora arrast\u00e1-los para um eixo na nossa matriz de risco.<\/p>\n<\/div>\n\n\n\n<div class=\"wp-block-column is-layout-flow wp-block-column-is-layout-flow\" style=\"flex-basis:66.66%\">\n<figure class=\"wp-block-image size-full\"><img loading=\"lazy\" decoding=\"async\" width=\"416\" height=\"634\" src=\"https:\/\/www.leaplytics.de\/wp-content\/uploads\/2022\/06\/grafik-9.png\" alt=\"\" class=\"wp-image-8506\" srcset=\"https:\/\/www.leaplytics.de\/wp-content\/uploads\/2022\/06\/grafik-9.png 416w, https:\/\/www.leaplytics.de\/wp-content\/uploads\/2022\/06\/grafik-9-197x300.png 197w, https:\/\/www.leaplytics.de\/wp-content\/uploads\/2022\/06\/grafik-9-39x60.png 39w\" sizes=\"auto, (max-width: 416px) 100vw, 416px\" \/><\/figure>\n<\/div>\n<\/div>\n\n\n\n<h2 class=\"wp-block-heading\" id=\"quintiles\">Quintiles<\/h2>\n\n\n\n<div class=\"wp-block-columns is-layout-flex wp-container-core-columns-is-layout-7 wp-block-columns-is-layout-flex\">\n<div class=\"wp-block-column is-layout-flow wp-block-column-is-layout-flow\" style=\"flex-basis:66.66%\">\n<figure class=\"wp-block-image size-full\"><img loading=\"lazy\" decoding=\"async\" width=\"393\" height=\"677\" src=\"https:\/\/www.leaplytics.de\/wp-content\/uploads\/2022\/06\/grafik-11.png\" alt=\"\" class=\"wp-image-8541\" srcset=\"https:\/\/www.leaplytics.de\/wp-content\/uploads\/2022\/06\/grafik-11.png 393w, https:\/\/www.leaplytics.de\/wp-content\/uploads\/2022\/06\/grafik-11-174x300.png 174w, https:\/\/www.leaplytics.de\/wp-content\/uploads\/2022\/06\/grafik-11-35x60.png 35w\" sizes=\"auto, (max-width: 393px) 100vw, 393px\" \/><\/figure>\n<\/div>\n\n\n\n<div class=\"wp-block-column is-layout-flow wp-block-column-is-layout-flow\" style=\"flex-basis:33.33%\">\n<p>Primeiro, clicamos novamente com o bot\u00e3o direito do rato no campo que queremos discretizar. No nosso exemplo, \u00e9 \"Exemplo de impacto\". Em seguida, seleccionamos \"Nova medida\". O editor DAX abre-se por cima do painel de controlo.<\/p>\n<\/div>\n<\/div>\n\n\n\n<p>Agora adicionamos o seguinte c\u00f3digo, personalizado para a tabela e a coluna desejada no seu conjunto de dados. Importante - este \u00e9 um exemplo para quintis. Pode adapt\u00e1-lo para percentis, se necess\u00e1rio:<\/p>\n\n\n\n<pre class=\"wp-block-code\"><code>Quantil =\nvar FirstQuantile = CALCULATE(PERCENTILE.INC(Table[Column], .2), ALL(Table[Column]))\nvar SecondQuantile = CALCULATE(PERCENTILE.INC(Table[Column], .4), ALL(Table[Column]))\nvar TerceiroQuantil = CALCULATE(PERCENTILE.INC(Tabela[Coluna], .6), ALL(Tabela[Coluna]))\nvar FourthQuantile = CALCULATE(PERCENTILE.INC(Table[Column], .8), ALL(Table[Column]))\nvar ThisVal = Min(Tabela[Coluna])\nreturn\nIF(HASONEVALUE(Tabela[Coluna]),\n\t\tIF(ThisVal  FirstQuantile &amp;&amp; ThisVal  SecondQuantile &amp;&amp; ThisVal  ThirdQuantile &amp;&amp; ThisVal &lt;= FourthQuantile, 4,\n\t\t\t\t5)\n\t\t\t)\n\t\t)\n) )<\/code><\/pre>\n\n\n\n<div class=\"wp-block-columns is-layout-flex wp-container-core-columns-is-layout-8 wp-block-columns-is-layout-flex\">\n<div class=\"wp-block-column is-layout-flow wp-block-column-is-layout-flow\" style=\"flex-basis:33.33%\">\n<p>Pronto! Assim, discretiz\u00e1mos e obtivemos os valores de 1 a 5. Podemos agora utilizar este campo para a nossa matriz de risco!<\/p>\n<\/div>\n\n\n\n<div class=\"wp-block-column is-layout-flow wp-block-column-is-layout-flow\" style=\"flex-basis:66.66%\">\n<figure class=\"wp-block-image size-full\"><img loading=\"lazy\" decoding=\"async\" width=\"244\" height=\"493\" src=\"https:\/\/www.leaplytics.de\/wp-content\/uploads\/2022\/06\/grafik-12.png\" alt=\"\" class=\"wp-image-8542\" srcset=\"https:\/\/www.leaplytics.de\/wp-content\/uploads\/2022\/06\/grafik-12.png 244w, https:\/\/www.leaplytics.de\/wp-content\/uploads\/2022\/06\/grafik-12-148x300.png 148w, https:\/\/www.leaplytics.de\/wp-content\/uploads\/2022\/06\/grafik-12-30x60.png 30w\" sizes=\"auto, (max-width: 244px) 100vw, 244px\" \/><\/figure>\n<\/div>\n<\/div>\n\n\n\n<h2 class=\"wp-block-heading\" id=\"custom-thresholds\">Limiares personalizados<\/h2>\n\n\n\n<div class=\"wp-block-columns is-layout-flex wp-container-core-columns-is-layout-9 wp-block-columns-is-layout-flex\">\n<div class=\"wp-block-column is-layout-flow wp-block-column-is-layout-flow\" style=\"flex-basis:66.66%\">\n<figure class=\"wp-block-image size-full\"><img loading=\"lazy\" decoding=\"async\" width=\"393\" height=\"677\" src=\"https:\/\/www.leaplytics.de\/wp-content\/uploads\/2022\/06\/grafik-11.png\" alt=\"\" class=\"wp-image-8541\" srcset=\"https:\/\/www.leaplytics.de\/wp-content\/uploads\/2022\/06\/grafik-11.png 393w, https:\/\/www.leaplytics.de\/wp-content\/uploads\/2022\/06\/grafik-11-174x300.png 174w, https:\/\/www.leaplytics.de\/wp-content\/uploads\/2022\/06\/grafik-11-35x60.png 35w\" sizes=\"auto, (max-width: 393px) 100vw, 393px\" \/><\/figure>\n<\/div>\n\n\n\n<div class=\"wp-block-column is-layout-flow wp-block-column-is-layout-flow\" style=\"flex-basis:33.33%\">\n<p>Primeiro, clicamos novamente com o bot\u00e3o direito do rato no campo que queremos discretizar. No nosso exemplo, \u00e9 \"Exemplo de impacto\". Em seguida, seleccionamos \"Nova medida\". O editor DAX abre-se por cima do painel de controlo.<\/p>\n<\/div>\n<\/div>\n\n\n\n<p>Agora adicionamos o seguinte c\u00f3digo, personalizado para a tabela e a coluna desejada no seu conjunto de dados:<\/p>\n\n\n\n<pre class=\"wp-block-code\"><code>Limiares_personalizados =\nvar FirstThreshold = your_first_threshold_value_here\nvar SecondThreshold = your_second_threshold_value_here\nvar ThirdThreshold = your_third_threshold_value_here\nvar FourthThreshold = your_fourth_threshold_value_here\nvar ThisVal = Min(Tabela[Coluna])\nreturn\nIF(HASONEVALUE(Tabela[Coluna]),\n\t\tIF(ThisVal  FirstThreshold &amp;&amp; ThisVal  SecondThreshold &amp;&amp; ThisVal  ThirdThreshold &amp;&amp; ThisVal &lt;= FourthThreshold, 4,\n\t\t\t\t5)\n\t\t\t)\n\t\t)\n) )<\/code><\/pre>\n\n\n\n<h2 class=\"wp-block-heading\" id=\"words-to-numbers\">Palavras para n\u00fameros<\/h2>\n\n\n\n<div class=\"wp-block-columns is-layout-flex wp-container-core-columns-is-layout-10 wp-block-columns-is-layout-flex\">\n<div class=\"wp-block-column is-layout-flow wp-block-column-is-layout-flow\" style=\"flex-basis:66.66%\">\n<figure class=\"wp-block-image size-full\"><img loading=\"lazy\" decoding=\"async\" width=\"627\" height=\"439\" src=\"https:\/\/www.leaplytics.de\/wp-content\/uploads\/2022\/06\/grafik-17.png\" alt=\"\" class=\"wp-image-8963\" srcset=\"https:\/\/www.leaplytics.de\/wp-content\/uploads\/2022\/06\/grafik-17.png 627w, https:\/\/www.leaplytics.de\/wp-content\/uploads\/2022\/06\/grafik-17-300x210.png 300w, https:\/\/www.leaplytics.de\/wp-content\/uploads\/2022\/06\/grafik-17-86x60.png 86w\" sizes=\"auto, (max-width: 627px) 100vw, 627px\" \/><\/figure>\n<\/div>\n\n\n\n<div class=\"wp-block-column is-layout-flow wp-block-column-is-layout-flow\" style=\"flex-basis:33.33%\">\n<p>Primeiro, clique em \"Transformar dados\" no menu. Isto abre o Power Query Editor.<\/p>\n<\/div>\n<\/div>\n\n\n\n<div class=\"wp-block-columns is-layout-flex wp-container-core-columns-is-layout-11 wp-block-columns-is-layout-flex\">\n<div class=\"wp-block-column is-layout-flow wp-block-column-is-layout-flow\" style=\"flex-basis:33.33%\">\n<p>Selecione a coluna que pretende transformar. Neste exemplo, \u00e9 a coluna \"Texto de probabilidade\". Em seguida, clique em \"Coluna de exemplos\" no canto superior esquerdo e selecione \"Da sele\u00e7\u00e3o\".<\/p>\n<\/div>\n\n\n\n<div class=\"wp-block-column is-layout-flow wp-block-column-is-layout-flow\" style=\"flex-basis:66.66%\">\n<figure class=\"wp-block-image size-full\"><img loading=\"lazy\" decoding=\"async\" width=\"627\" height=\"268\" src=\"https:\/\/www.leaplytics.de\/wp-content\/uploads\/2022\/06\/grafik-18.png\" alt=\"\" class=\"wp-image-8964\" srcset=\"https:\/\/www.leaplytics.de\/wp-content\/uploads\/2022\/06\/grafik-18.png 627w, https:\/\/www.leaplytics.de\/wp-content\/uploads\/2022\/06\/grafik-18-300x128.png 300w, https:\/\/www.leaplytics.de\/wp-content\/uploads\/2022\/06\/grafik-18-140x60.png 140w\" sizes=\"auto, (max-width: 627px) 100vw, 627px\" \/><\/figure>\n<\/div>\n<\/div>\n\n\n\n<div class=\"wp-block-columns is-layout-flex wp-container-core-columns-is-layout-12 wp-block-columns-is-layout-flex\">\n<div class=\"wp-block-column is-layout-flow wp-block-column-is-layout-flow\" style=\"flex-basis:66.66%\">\n<figure class=\"wp-block-image size-full\"><img loading=\"lazy\" decoding=\"async\" width=\"627\" height=\"268\" src=\"https:\/\/www.leaplytics.de\/wp-content\/uploads\/2022\/06\/grafik-19.png\" alt=\"\" class=\"wp-image-8965\" srcset=\"https:\/\/www.leaplytics.de\/wp-content\/uploads\/2022\/06\/grafik-19.png 627w, https:\/\/www.leaplytics.de\/wp-content\/uploads\/2022\/06\/grafik-19-300x128.png 300w, https:\/\/www.leaplytics.de\/wp-content\/uploads\/2022\/06\/grafik-19-140x60.png 140w\" sizes=\"auto, (max-width: 627px) 100vw, 627px\" \/><\/figure>\n<\/div>\n\n\n\n<div class=\"wp-block-column is-layout-flow wp-block-column-is-layout-flow\" style=\"flex-basis:33.33%\">\n<p>\u00c9 adicionada uma nova coluna. Clique na primeira c\u00e9lula da nova coluna e insira o valor num\u00e9rico pretendido. No nosso exemplo, \"Remoto\" (express\u00e3o mais baixa) corresponde ao valor \"1\".&nbsp; <em><strong>N\u00e3o \u00e9 necess\u00e1rio alterar todos os valores individualmente. O Power BI reconhece os n\u00fameros e mapeia-os automaticamente de acordo com <\/strong><\/em><strong>dois<\/strong><em><strong> exemplos vossos.<\/strong><\/em><\/p>\n<\/div>\n<\/div>\n\n\n\n<div class=\"wp-block-columns is-layout-flex wp-container-core-columns-is-layout-13 wp-block-columns-is-layout-flex\">\n<div class=\"wp-block-column is-layout-flow wp-block-column-is-layout-flow\" style=\"flex-basis:33.33%\">\n<p>Repete-se isto para todas as express\u00f5es do conjunto de dados ...<\/p>\n<\/div>\n\n\n\n<div class=\"wp-block-column is-layout-flow wp-block-column-is-layout-flow\" style=\"flex-basis:66.66%\">\n<figure class=\"wp-block-image size-full\"><img loading=\"lazy\" decoding=\"async\" width=\"627\" height=\"317\" src=\"https:\/\/www.leaplytics.de\/wp-content\/uploads\/2022\/06\/grafik-20.png\" alt=\"\" class=\"wp-image-8966\" srcset=\"https:\/\/www.leaplytics.de\/wp-content\/uploads\/2022\/06\/grafik-20.png 627w, https:\/\/www.leaplytics.de\/wp-content\/uploads\/2022\/06\/grafik-20-300x152.png 300w, https:\/\/www.leaplytics.de\/wp-content\/uploads\/2022\/06\/grafik-20-119x60.png 119w\" sizes=\"auto, (max-width: 627px) 100vw, 627px\" \/><\/figure>\n<\/div>\n<\/div>\n\n\n\n<div class=\"wp-block-columns is-layout-flex wp-container-core-columns-is-layout-14 wp-block-columns-is-layout-flex\">\n<div class=\"wp-block-column is-layout-flow wp-block-column-is-layout-flow\" style=\"flex-basis:66.66%\">\n<figure class=\"wp-block-image size-full\"><img loading=\"lazy\" decoding=\"async\" width=\"627\" height=\"315\" src=\"https:\/\/www.leaplytics.de\/wp-content\/uploads\/2022\/06\/grafik-21.png\" alt=\"\" class=\"wp-image-8969\" srcset=\"https:\/\/www.leaplytics.de\/wp-content\/uploads\/2022\/06\/grafik-21.png 627w, https:\/\/www.leaplytics.de\/wp-content\/uploads\/2022\/06\/grafik-21-300x151.png 300w, https:\/\/www.leaplytics.de\/wp-content\/uploads\/2022\/06\/grafik-21-119x60.png 119w\" sizes=\"auto, (max-width: 627px) 100vw, 627px\" \/><\/figure>\n<\/div>\n\n\n\n<div class=\"wp-block-column is-layout-flow wp-block-column-is-layout-flow\" style=\"flex-basis:33.33%\">\n<p>Depois de ter mapeado a sua \u00faltima express\u00e3o, clique finalmente em \"OK\" . E j\u00e1 est\u00e1: Uma coluna transformada para \"Probability\" (Probabilidade). Repete-se o mesmo com \"Impacto\" e obt\u00e9m-se o formato de dados necess\u00e1rio. Escolhemos esta l\u00f3gica de 1 a 10, porque cada pessoa tem uma reda\u00e7\u00e3o diferente para as cinco categorias.<\/p>\n<\/div>\n<\/div>","protected":false},"excerpt":{"rendered":"<p>Our Risk Heatmap \/ Matrix requires 1 to 10 as values, but what to do if your data is continuous and not in this interval? Or if the expressions of your risks consist of words? Below are four solutions with binning, quintiles, custom thresholds and words to numbers mapping. Binning In this solution approach, all &hellip; <\/p>","protected":false},"author":2,"featured_media":0,"parent":0,"menu_order":0,"comment_status":"closed","ping_status":"closed","template":"","meta":{"footnotes":""},"class_list":["post-8499","page","type-page","status-publish","hentry","latest_post"],"_links":{"self":[{"href":"https:\/\/www.leaplytics.de\/pt\/wp-json\/wp\/v2\/pages\/8499","targetHints":{"allow":["GET"]}}],"collection":[{"href":"https:\/\/www.leaplytics.de\/pt\/wp-json\/wp\/v2\/pages"}],"about":[{"href":"https:\/\/www.leaplytics.de\/pt\/wp-json\/wp\/v2\/types\/page"}],"author":[{"embeddable":true,"href":"https:\/\/www.leaplytics.de\/pt\/wp-json\/wp\/v2\/users\/2"}],"replies":[{"embeddable":true,"href":"https:\/\/www.leaplytics.de\/pt\/wp-json\/wp\/v2\/comments?post=8499"}],"version-history":[{"count":2,"href":"https:\/\/www.leaplytics.de\/pt\/wp-json\/wp\/v2\/pages\/8499\/revisions"}],"predecessor-version":[{"id":13647,"href":"https:\/\/www.leaplytics.de\/pt\/wp-json\/wp\/v2\/pages\/8499\/revisions\/13647"}],"wp:attachment":[{"href":"https:\/\/www.leaplytics.de\/pt\/wp-json\/wp\/v2\/media?parent=8499"}],"curies":[{"name":"wp","href":"https:\/\/api.w.org\/{rel}","templated":true}]}}