{"id":8802,"date":"2022-06-21T15:46:12","date_gmt":"2022-06-21T13:46:12","guid":{"rendered":"https:\/\/www.leaplytics.de\/?page_id=8802"},"modified":"2022-06-21T15:46:13","modified_gmt":"2022-06-21T13:46:13","slug":"demonstracao","status":"publish","type":"page","link":"https:\/\/www.leaplytics.de\/pt\/demonstracao\/","title":{"rendered":"Marcar uma demonstra\u00e7\u00e3o"},"content":{"rendered":"<p>Tem d\u00favidas ou gostaria de ver demonstradas as capacidades das nossas visualiza\u00e7\u00f5es? Ent\u00e3o marque uma reuni\u00e3o connosco agora!<\/p>\n<p>Aguardamos com expetativa a chamada na Web consigo.<\/p>\n<p><!-- Start of Meetings Embed Script --><\/p>\n<div class=\"meetings-iframe-container\" data-src=\"https:\/\/meetings-eu1.hubspot.com\/stefan-preusler?embed=true\"><\/div>\n<p><script type=\"text\/javascript\" src=\"https:\/\/static.hsappstatic.net\/MeetingsEmbed\/ex\/MeetingsEmbedCode.js\"><\/script><br \/>\n<!-- End of Meetings Embed Script --><\/p>","protected":false},"excerpt":{"rendered":"<p>Tem d\u00favidas ou gostaria de ver demonstradas as capacidades das nossas visualiza\u00e7\u00f5es? Ent\u00e3o marque uma reuni\u00e3o connosco agora! Aguardamos ansiosamente a chamada na Web consigo.<\/p>","protected":false},"author":2,"featured_media":0,"parent":0,"menu_order":0,"comment_status":"closed","ping_status":"closed","template":"","meta":{"footnotes":""},"class_list":["post-8802","page","type-page","status-publish","hentry","latest_post"],"_links":{"self":[{"href":"https:\/\/www.leaplytics.de\/pt\/wp-json\/wp\/v2\/pages\/8802","targetHints":{"allow":["GET"]}}],"collection":[{"href":"https:\/\/www.leaplytics.de\/pt\/wp-json\/wp\/v2\/pages"}],"about":[{"href":"https:\/\/www.leaplytics.de\/pt\/wp-json\/wp\/v2\/types\/page"}],"author":[{"embeddable":true,"href":"https:\/\/www.leaplytics.de\/pt\/wp-json\/wp\/v2\/users\/2"}],"replies":[{"embeddable":true,"href":"https:\/\/www.leaplytics.de\/pt\/wp-json\/wp\/v2\/comments?post=8802"}],"version-history":[{"count":0,"href":"https:\/\/www.leaplytics.de\/pt\/wp-json\/wp\/v2\/pages\/8802\/revisions"}],"wp:attachment":[{"href":"https:\/\/www.leaplytics.de\/pt\/wp-json\/wp\/v2\/media?parent=8802"}],"curies":[{"name":"wp","href":"https:\/\/api.w.org\/{rel}","templated":true}]}}