{"id":9171,"date":"2022-07-25T14:37:58","date_gmt":"2022-07-25T12:37:58","guid":{"rendered":"https:\/\/www.leaplytics.de\/?page_id=9171"},"modified":"2025-12-11T17:22:50","modified_gmt":"2025-12-11T16:22:50","slug":"introducao-matriz-de-mapa-de-calor-de-risco-power-bi","status":"publish","type":"page","link":"https:\/\/www.leaplytics.de\/pt\/introducao-matriz-de-mapa-de-calor-de-risco-power-bi\/","title":{"rendered":"Introdu\u00e7\u00e3o - Matriz de risco \/ Mapa de calor"},"content":{"rendered":"<h3 class=\"wp-block-heading\">O caminho mais r\u00e1pido para o sucesso<\/h3>\n\n\n\n<p>\u00c9 f\u00e1cil. Est\u00e1 interessado na nossa Matriz de Risco? Aqui partilhamos consigo tudo o que precisa para come\u00e7ar o mais rapidamente poss\u00edvel. Em primeiro lugar, ficar\u00e1 a conhecer os requisitos dos dados. Segue-se uma vis\u00e3o geral de todas as fun\u00e7\u00f5es da Matriz de Risco com pequenos v\u00eddeos do YouTube.<\/p>\n\n\n\n<h3 class=\"wp-block-heading\">Como preparar os seus dados<\/h3>\n\n\n\n<div class=\"wp-block-columns is-layout-flex wp-container-core-columns-is-layout-1 wp-block-columns-is-layout-flex\">\n<div class=\"wp-block-column is-layout-flow wp-block-column-is-layout-flow\" style=\"flex-basis:66.66%\">\n<figure class=\"wp-block-image size-large\"><img loading=\"lazy\" decoding=\"async\" width=\"1024\" height=\"434\" src=\"https:\/\/www.leaplytics.de\/wp-content\/uploads\/2022\/07\/grafik-12-1024x434.png\" alt=\"\" class=\"wp-image-9172\" srcset=\"https:\/\/www.leaplytics.de\/wp-content\/uploads\/2022\/07\/grafik-12-1024x434.png 1024w, https:\/\/www.leaplytics.de\/wp-content\/uploads\/2022\/07\/grafik-12-300x127.png 300w, https:\/\/www.leaplytics.de\/wp-content\/uploads\/2022\/07\/grafik-12-768x325.png 768w, https:\/\/www.leaplytics.de\/wp-content\/uploads\/2022\/07\/grafik-12-142x60.png 142w, https:\/\/www.leaplytics.de\/wp-content\/uploads\/2022\/07\/grafik-12.png 1074w\" sizes=\"auto, (max-width: 1024px) 100vw, 1024px\" \/><\/figure>\n<\/div>\n\n\n\n<div class=\"wp-block-column is-layout-flow wp-block-column-is-layout-flow\" style=\"flex-basis:33.33%\">\n<p>A nossa matriz de risco requer n\u00fameros inteiros no intervalo de 1 a 10 para as duas dimens\u00f5es poss\u00edveis.<\/p>\n\n\n\n<p>Se este n\u00e3o for o caso nos seus dados, cri\u00e1mos uma <a href=\"https:\/\/www.leaplytics.de\/pt\/discretizacao-para-a-matriz-de-risco-heatmap-power-bi\/\">subp\u00e1gina com instru\u00e7\u00f5es para transformar cadeias de caracteres e outros valores num\u00e9ricos<\/a>.<\/p>\n\n\n\n<figure class=\"wp-block-embed is-type-wp-embed is-provider-leaplytics wp-block-embed-leaplytics\"><div class=\"wp-block-embed__wrapper\">\n<blockquote class=\"wp-embedded-content\" data-secret=\"7mXanV1i1h\"><a href=\"https:\/\/www.leaplytics.de\/pt\/discretizacao-para-a-matriz-de-risco-heatmap-power-bi\/\">Discretiza\u00e7\u00e3o e transforma\u00e7\u00e3o<\/a><\/blockquote><iframe loading=\"lazy\" class=\"wp-embedded-content\" sandbox=\"allow-scripts\" security=\"restricted\" style=\"position: absolute; visibility: hidden;\" title=\"&quot;Discretiza\u00e7\u00e3o e transforma\u00e7\u00e3o&quot; - LeapLytics\" src=\"https:\/\/www.leaplytics.de\/discretization-for-risk-heatmap-matrix-power-bi\/embed\/#?secret=kmJhx9MjAJ#?secret=7mXanV1i1h\" data-secret=\"7mXanV1i1h\" width=\"600\" height=\"338\" frameborder=\"0\" marginwidth=\"0\" marginheight=\"0\" scrolling=\"no\"><\/iframe>\n<\/div><\/figure>\n<\/div>\n<\/div>\n\n\n\n<h3 class=\"wp-block-heading has-text-align-left\">Descarregar Visual<\/h3>\n\n\n\n<figure class=\"wp-block-embed is-type-video is-provider-youtube wp-block-embed-youtube wp-embed-aspect-16-9 wp-has-aspect-ratio\"><div class=\"wp-block-embed__wrapper\">\n<iframe loading=\"lazy\" title=\"Transferir Tutorial - Matriz de Risco LeapLytics para Power BI\" width=\"770\" height=\"433\" src=\"https:\/\/www.youtube.com\/embed\/_n9x8k2_gMY?feature=oembed\" frameborder=\"0\" allow=\"accelerometer; autoplay; clipboard-write; encrypted-media; gyroscope; picture-in-picture; web-share\" referrerpolicy=\"strict-origin-when-cross-origin\" allowfullscreen><\/iframe>\n<\/div><figcaption class=\"wp-element-caption\">Neste pequeno v\u00eddeo, mostramos-lhe como descarregar a visualiza\u00e7\u00e3o do Microsoft AppSource para os seus relat\u00f3rios.<\/figcaption><\/figure>\n\n\n\n<h3 class=\"wp-block-heading has-text-align-left\">Carregamento de dados e licen\u00e7a<\/h3>\n\n\n\n<figure class=\"wp-block-embed aligncenter is-type-video is-provider-youtube wp-block-embed-youtube wp-embed-aspect-16-9 wp-has-aspect-ratio\"><div class=\"wp-block-embed__wrapper\">\n<iframe loading=\"lazy\" title=\"Importa\u00e7\u00e3o de dados e ativa\u00e7\u00e3o da licen\u00e7a - Matriz de risco LeapLytics para Power BI\" width=\"770\" height=\"433\" src=\"https:\/\/www.youtube.com\/embed\/nK7rkWzEH74?start=26&#038;feature=oembed\" frameborder=\"0\" allow=\"accelerometer; autoplay; clipboard-write; encrypted-media; gyroscope; picture-in-picture; web-share\" referrerpolicy=\"strict-origin-when-cross-origin\" allowfullscreen><\/iframe>\n<\/div><\/figure>\n\n\n<div class=\"wp-block-image\">\n<figure class=\"aligncenter size-full\"><img loading=\"lazy\" decoding=\"async\" width=\"1024\" height=\"453\" src=\"https:\/\/www.leaplytics.de\/wp-content\/uploads\/2025\/12\/grafik.png\" alt=\"\" class=\"wp-image-14315\" srcset=\"https:\/\/www.leaplytics.de\/wp-content\/uploads\/2025\/12\/grafik.png 1024w, https:\/\/www.leaplytics.de\/wp-content\/uploads\/2025\/12\/grafik-300x133.png 300w, https:\/\/www.leaplytics.de\/wp-content\/uploads\/2025\/12\/grafik-768x340.png 768w, https:\/\/www.leaplytics.de\/wp-content\/uploads\/2025\/12\/grafik-18x8.png 18w, https:\/\/www.leaplytics.de\/wp-content\/uploads\/2025\/12\/grafik-136x60.png 136w\" sizes=\"auto, (max-width: 1024px) 100vw, 1024px\" \/><\/figure><\/div>\n\n\n<div class=\"wp-block-columns is-layout-flex wp-container-core-columns-is-layout-2 wp-block-columns-is-layout-flex\">\n<div class=\"wp-block-column is-layout-flow wp-block-column-is-layout-flow\" style=\"flex-basis:33.33%\">\n<p>Depois de ter preparado os seus dados e convertido a express\u00e3o dos riscos para o intervalo de valores de 1 a 10, pode agora ligar os dados \u00e0 visualiza\u00e7\u00e3o.<\/p>\n\n\n\n<p>Inicialmente, s\u00e3o necess\u00e1rios tr\u00eas campos:<\/p>\n\n\n\n<ul class=\"wp-block-list\">\n<li>ID do risco (A identifica\u00e7\u00e3o que o seu risco recebe na matriz)<\/li>\n\n\n\n<li>Eixo horizontal (A dimens\u00e3o a ser tra\u00e7ada no eixo horizontal)<\/li>\n\n\n\n<li>Eixo vertical (dimens\u00e3o vertical)<\/li>\n<\/ul>\n\n\n\n<p>Evite as agrega\u00e7\u00f5es \"Contagem\", \"Contagem (distinta)\", \"Desvio padr\u00e3o\", \"Vari\u00e2ncia\" e \"Mediana\" para os eixos, uma vez que estas apenas geram um \u00edndice total!<\/p>\n<\/div>\n\n\n\n<div class=\"wp-block-column is-layout-flow wp-block-column-is-layout-flow\" style=\"flex-basis:66.66%\"><div class=\"wp-block-image\">\n<figure class=\"aligncenter size-full\"><img loading=\"lazy\" decoding=\"async\" width=\"185\" height=\"529\" src=\"https:\/\/www.leaplytics.de\/wp-content\/uploads\/2022\/08\/grafik-13.png\" alt=\"\" class=\"wp-image-9406\" srcset=\"https:\/\/www.leaplytics.de\/wp-content\/uploads\/2022\/08\/grafik-13.png 185w, https:\/\/www.leaplytics.de\/wp-content\/uploads\/2022\/08\/grafik-13-105x300.png 105w, https:\/\/www.leaplytics.de\/wp-content\/uploads\/2022\/08\/grafik-13-21x60.png 21w\" sizes=\"auto, (max-width: 185px) 100vw, 185px\" \/><\/figure><\/div><\/div>\n<\/div>\n\n\n\n<h4 class=\"wp-block-heading\">Cores personalizadas<\/h4>\n\n\n\n<p>No Windows, basta manter premido o bot\u00e3o <strong>ALT<\/strong> e clicar com o bot\u00e3o esquerdo do rato num mosaico. Assim que o fizer, aparecer\u00e1 o modo de edi\u00e7\u00e3o de cores.<\/p>\n\n\n\n<figure class=\"wp-block-image size-full\"><img loading=\"lazy\" decoding=\"async\" width=\"383\" height=\"328\" src=\"https:\/\/www.leaplytics.de\/wp-content\/uploads\/2025\/10\/grafik-1.png\" alt=\"\" class=\"wp-image-14039\" srcset=\"https:\/\/www.leaplytics.de\/wp-content\/uploads\/2025\/10\/grafik-1.png 383w, https:\/\/www.leaplytics.de\/wp-content\/uploads\/2025\/10\/grafik-1-300x257.png 300w, https:\/\/www.leaplytics.de\/wp-content\/uploads\/2025\/10\/grafik-1-14x12.png 14w, https:\/\/www.leaplytics.de\/wp-content\/uploads\/2025\/10\/grafik-1-70x60.png 70w\" sizes=\"auto, (max-width: 383px) 100vw, 383px\" \/><\/figure>\n\n\n\n<p> Clique no ret\u00e2ngulo colorido e escolha a sua cor preferida. Depois de a selecionar, clique em <strong>\"Aplicar\".<\/strong><\/p>\n\n\n\n<div style=\"height:27px\" aria-hidden=\"true\" class=\"wp-block-spacer\"><\/div>\n\n\n\n<h4 class=\"wp-block-heading\">Defini\u00e7\u00f5es da grelha<\/h4>\n\n\n\n<figure class=\"wp-block-embed is-type-video is-provider-youtube wp-block-embed-youtube wp-embed-aspect-16-9 wp-has-aspect-ratio\"><div class=\"wp-block-embed__wrapper\">\n<iframe loading=\"lazy\" title=\"Defini\u00e7\u00f5es da grelha - Matriz de risco LeapLytics para Power BI\" width=\"770\" height=\"433\" src=\"https:\/\/www.youtube.com\/embed\/oqx7gLN2kMs?feature=oembed\" frameborder=\"0\" allow=\"accelerometer; autoplay; clipboard-write; encrypted-media; gyroscope; picture-in-picture; web-share\" referrerpolicy=\"strict-origin-when-cross-origin\" allowfullscreen><\/iframe>\n<\/div><figcaption class=\"wp-element-caption\">Este \u00e9 o nosso v\u00eddeo de instru\u00e7\u00f5es sobre como personalizar as defini\u00e7\u00f5es da grelha de acordo com as suas necessidades.<\/figcaption><\/figure>\n\n\n\n<h4 class=\"wp-block-heading\">Defini\u00e7\u00f5es do eixo<\/h4>\n\n\n\n<figure class=\"wp-block-embed is-type-video is-provider-youtube wp-block-embed-youtube wp-embed-aspect-16-9 wp-has-aspect-ratio\"><div class=\"wp-block-embed__wrapper\">\n<iframe loading=\"lazy\" title=\"Defini\u00e7\u00f5es dos eixos - Matriz de risco LeapLytics para Power BI\" width=\"770\" height=\"433\" src=\"https:\/\/www.youtube.com\/embed\/0-rcR5c84_k?feature=oembed\" frameborder=\"0\" allow=\"accelerometer; autoplay; clipboard-write; encrypted-media; gyroscope; picture-in-picture; web-share\" referrerpolicy=\"strict-origin-when-cross-origin\" allowfullscreen><\/iframe>\n<\/div><figcaption class=\"wp-element-caption\">Neste pequeno v\u00eddeo, exploramos diferentes defini\u00e7\u00f5es de eixo.<\/figcaption><\/figure>\n\n\n\n<div style=\"height:27px\" aria-hidden=\"true\" class=\"wp-block-spacer\"><\/div>\n\n\n\n<h4 class=\"wp-block-heading\">Defini\u00e7\u00f5es do indicador<\/h4>\n\n\n\n<figure class=\"wp-block-embed is-type-video is-provider-youtube wp-block-embed-youtube wp-embed-aspect-16-9 wp-has-aspect-ratio\"><div class=\"wp-block-embed__wrapper\">\n<iframe loading=\"lazy\" title=\"Defini\u00e7\u00f5es do indicador - Matriz de risco LeapLytics para Power BI\" width=\"770\" height=\"433\" src=\"https:\/\/www.youtube.com\/embed\/pv5HGyIsiK0?feature=oembed\" frameborder=\"0\" allow=\"accelerometer; autoplay; clipboard-write; encrypted-media; gyroscope; picture-in-picture; web-share\" referrerpolicy=\"strict-origin-when-cross-origin\" allowfullscreen><\/iframe>\n<\/div><figcaption class=\"wp-element-caption\">Tem curiosidade em conhecer as possibilidades das nossas v\u00e1rias defini\u00e7\u00f5es de indicadores? Veja o nosso v\u00eddeo para saber mais.<\/figcaption><\/figure>\n\n\n\n<div style=\"height:27px\" aria-hidden=\"true\" class=\"wp-block-spacer\"><\/div>\n\n\n\n<h4 class=\"wp-block-heading\">Formata\u00e7\u00e3o condicional<\/h4>\n\n\n\n<figure class=\"wp-block-embed is-type-video is-provider-youtube wp-block-embed-youtube wp-embed-aspect-16-9 wp-has-aspect-ratio\"><div class=\"wp-block-embed__wrapper\">\n<iframe loading=\"lazy\" title=\"Formata\u00e7\u00e3o condicional de indicadores - Matriz de risco LeapLytics para Power BI\" width=\"770\" height=\"433\" src=\"https:\/\/www.youtube.com\/embed\/2MNtkeeb6ZI?feature=oembed\" frameborder=\"0\" allow=\"accelerometer; autoplay; clipboard-write; encrypted-media; gyroscope; picture-in-picture; web-share\" referrerpolicy=\"strict-origin-when-cross-origin\" allowfullscreen><\/iframe>\n<\/div><figcaption class=\"wp-element-caption\">Est\u00e1 interessado em adicionar uma dimens\u00e3o extra \u00e0 sua matriz de risco? Ent\u00e3o, este v\u00eddeo \u00e9 ideal para si!<\/figcaption><\/figure>\n\n\n\n<div style=\"height:27px\" aria-hidden=\"true\" class=\"wp-block-spacer\"><\/div>\n\n\n\n<h4 class=\"wp-block-heading\">Dicas de ferramentas<\/h4>\n\n\n\n<figure class=\"wp-block-embed is-type-video is-provider-youtube wp-block-embed-youtube wp-embed-aspect-16-9 wp-has-aspect-ratio\"><div class=\"wp-block-embed__wrapper\">\n<iframe loading=\"lazy\" title=\"Op\u00e7\u00e3o de Dica de Ferramenta - Matriz de Risco LeapLytics para Power BI\" width=\"770\" height=\"433\" src=\"https:\/\/www.youtube.com\/embed\/HsGGM3QmWuU?feature=oembed\" frameborder=\"0\" allow=\"accelerometer; autoplay; clipboard-write; encrypted-media; gyroscope; picture-in-picture; web-share\" referrerpolicy=\"strict-origin-when-cross-origin\" allowfullscreen><\/iframe>\n<\/div><figcaption class=\"wp-element-caption\">Neste v\u00eddeo, mostramos como utilizar as dicas de ferramenta padr\u00e3o e as dicas de ferramenta de tela. Isto fornece mais informa\u00e7\u00f5es sobre o seu risco ao passar o rato.<\/figcaption><\/figure>\n\n\n\n<div style=\"height:27px\" aria-hidden=\"true\" class=\"wp-block-spacer\"><\/div>\n\n\n\n<h4 class=\"wp-block-heading\">Perfura\u00e7\u00e3o<\/h4>\n\n\n\n<figure class=\"wp-block-embed is-type-video is-provider-youtube wp-block-embed-youtube wp-embed-aspect-16-9 wp-has-aspect-ratio\"><div class=\"wp-block-embed__wrapper\">\n<iframe loading=\"lazy\" title=\"Op\u00e7\u00e3o de pesquisa - Matriz de Risco LeapLytics para Power BI\" width=\"770\" height=\"433\" src=\"https:\/\/www.youtube.com\/embed\/0Kp7p_2AuSI?list=PLILJBdWmJP3Jegh_31AsIIaf5Y7mxjq4H\" frameborder=\"0\" allow=\"accelerometer; autoplay; clipboard-write; encrypted-media; gyroscope; picture-in-picture; web-share\" referrerpolicy=\"strict-origin-when-cross-origin\" allowfullscreen><\/iframe>\n<\/div><figcaption class=\"wp-element-caption\">Se pretende aprofundar um risco espec\u00edfico atrav\u00e9s da matriz de risco, ent\u00e3o esta \u00e9 a sua op\u00e7\u00e3o.<\/figcaption><\/figure>\n\n\n\n<div style=\"height:27px\" aria-hidden=\"true\" class=\"wp-block-spacer\"><\/div>\n\n\n\n<h4 class=\"wp-block-heading\">Historial ou risco inerente\/residual<\/h4>\n\n\n\n<figure class=\"wp-block-embed is-type-video is-provider-youtube wp-block-embed-youtube wp-embed-aspect-16-9 wp-has-aspect-ratio\"><div class=\"wp-block-embed__wrapper\">\n<iframe loading=\"lazy\" title=\"Progresso do Risco - Matriz de Risco LeapLytics para Power BI\" width=\"770\" height=\"433\" src=\"https:\/\/www.youtube.com\/embed\/LrpK0XZtXrM?feature=oembed\" frameborder=\"0\" allow=\"accelerometer; autoplay; clipboard-write; encrypted-media; gyroscope; picture-in-picture; web-share\" referrerpolicy=\"strict-origin-when-cross-origin\" allowfullscreen><\/iframe>\n<\/div><figcaption class=\"wp-element-caption\">Finalmente, apresentamos-lhe a funcionalidade de hist\u00f3rico na nossa matriz de risco!<\/figcaption><\/figure>\n\n\n\n<div style=\"height:27px\" aria-hidden=\"true\" class=\"wp-block-spacer\"><\/div>\n\n\n\n<p>Agora est\u00e1 pronto para utilizar o nosso Mapa de Riscos e melhorar os seus relat\u00f3rios! Abaixo, listamos instru\u00e7\u00f5es mais detalhadas para todas as outras personaliza\u00e7\u00f5es:<\/p>\n\n\n\n<figure class=\"wp-block-embed is-type-wp-embed is-provider-leaplytics wp-block-embed-leaplytics\"><div class=\"wp-block-embed__wrapper\">\n<blockquote class=\"wp-embedded-content\" data-secret=\"pgdTKCl3D2\"><a href=\"https:\/\/www.leaplytics.de\/pt\/texto-sobreposto-para-matriz-de-mapa-de-calor-de-risco-power-bi\/\">Sobreposi\u00e7\u00e3o de texto<\/a><\/blockquote><iframe loading=\"lazy\" class=\"wp-embedded-content\" sandbox=\"allow-scripts\" security=\"restricted\" style=\"position: absolute; visibility: hidden;\" title=\"&quot;Texto sobreposto&quot; - LeapLytics\" src=\"https:\/\/www.leaplytics.de\/overlapping-text-for-risk-heatmap-matrix-power-bi\/embed\/#?secret=MOdhCvhh48#?secret=pgdTKCl3D2\" data-secret=\"pgdTKCl3D2\" width=\"600\" height=\"338\" frameborder=\"0\" marginwidth=\"0\" marginheight=\"0\" scrolling=\"no\"><\/iframe>\n<\/div><\/figure>\n\n\n\n<figure class=\"wp-block-embed is-type-wp-embed is-provider-leaplytics wp-block-embed-leaplytics\"><div class=\"wp-block-embed__wrapper\">\n<blockquote class=\"wp-embedded-content\" data-secret=\"K6ho5QUDYx\"><a href=\"https:\/\/www.leaplytics.de\/pt\/como-ativar-a-licenca-do-microsoft-power-bi\/\">Como: Ativar a licen\u00e7a no Microsoft Power BI<\/a><\/blockquote><iframe loading=\"lazy\" class=\"wp-embedded-content\" sandbox=\"allow-scripts\" security=\"restricted\" style=\"position: absolute; visibility: hidden;\" title=\"&quot;Como ativar a licen\u00e7a no Microsoft Power BI&quot; - LeapLytics\" src=\"https:\/\/www.leaplytics.de\/how-to-activate-license-microsoft-power-bi\/embed\/#?secret=7RloTinAc5#?secret=K6ho5QUDYx\" data-secret=\"K6ho5QUDYx\" width=\"600\" height=\"338\" frameborder=\"0\" marginwidth=\"0\" marginheight=\"0\" scrolling=\"no\"><\/iframe>\n<\/div><\/figure>\n\n\n\n<p><\/p>","protected":false},"excerpt":{"rendered":"<p>O caminho mais r\u00e1pido para o sucesso \u00c9 f\u00e1cil. Est\u00e1 interessado na nossa Matriz de Risco? Aqui partilhamos consigo tudo o que precisa para come\u00e7ar o mais rapidamente poss\u00edvel. Em primeiro lugar, ficar\u00e1 a conhecer os requisitos dos dados. Em seguida, apresentamos uma vis\u00e3o geral de todas as fun\u00e7\u00f5es da Matriz de Risco com pequenos v\u00eddeos do YouTube ... <\/p>","protected":false},"author":2,"featured_media":0,"parent":0,"menu_order":0,"comment_status":"closed","ping_status":"closed","template":"","meta":{"footnotes":""},"class_list":["post-9171","page","type-page","status-publish","hentry","latest_post"],"_links":{"self":[{"href":"https:\/\/www.leaplytics.de\/pt\/wp-json\/wp\/v2\/pages\/9171","targetHints":{"allow":["GET"]}}],"collection":[{"href":"https:\/\/www.leaplytics.de\/pt\/wp-json\/wp\/v2\/pages"}],"about":[{"href":"https:\/\/www.leaplytics.de\/pt\/wp-json\/wp\/v2\/types\/page"}],"author":[{"embeddable":true,"href":"https:\/\/www.leaplytics.de\/pt\/wp-json\/wp\/v2\/users\/2"}],"replies":[{"embeddable":true,"href":"https:\/\/www.leaplytics.de\/pt\/wp-json\/wp\/v2\/comments?post=9171"}],"version-history":[{"count":33,"href":"https:\/\/www.leaplytics.de\/pt\/wp-json\/wp\/v2\/pages\/9171\/revisions"}],"predecessor-version":[{"id":14317,"href":"https:\/\/www.leaplytics.de\/pt\/wp-json\/wp\/v2\/pages\/9171\/revisions\/14317"}],"wp:attachment":[{"href":"https:\/\/www.leaplytics.de\/pt\/wp-json\/wp\/v2\/media?parent=9171"}],"curies":[{"name":"wp","href":"https:\/\/api.w.org\/{rel}","templated":true}]}}