{"id":9336,"date":"2022-08-01T20:19:06","date_gmt":"2022-08-01T18:19:06","guid":{"rendered":"https:\/\/www.leaplytics.de\/?page_id=9336"},"modified":"2022-08-01T20:19:06","modified_gmt":"2022-08-01T18:19:06","slug":"opcoes-de-formato-semaforo-power-bi","status":"publish","type":"page","link":"https:\/\/www.leaplytics.de\/pt\/opcoes-de-formato-semaforo-power-bi\/","title":{"rendered":"Op\u00e7\u00f5es de formato - Sem\u00e1foro"},"content":{"rendered":"<h3 class=\"wp-block-heading\">1. Formato da hora<\/h3>\n\n\n<div class=\"wp-block-image\">\n<figure class=\"alignleft size-full\"><img loading=\"lazy\" decoding=\"async\" width=\"197\" height=\"238\" src=\"https:\/\/www.leaplytics.de\/wp-content\/uploads\/2022\/08\/grafik-7.png\" alt=\"\" class=\"wp-image-9337\" srcset=\"https:\/\/www.leaplytics.de\/wp-content\/uploads\/2022\/08\/grafik-7.png 197w, https:\/\/www.leaplytics.de\/wp-content\/uploads\/2022\/08\/grafik-7-50x60.png 50w\" sizes=\"auto, (max-width: 197px) 100vw, 197px\" \/><\/figure><\/div>\n\n\n<p>A sec\u00e7\u00e3o \"Formato de tempo\" \u00e9 uma sec\u00e7\u00e3o opcional. Nesta sec\u00e7\u00e3o, pode selecionar um formato de tempo ou de intervalo, que \u00e9 utilizado para calcular os intervalos e o texto de sa\u00edda junto ao s\u00edmbolo do sem\u00e1foro. Certifique-se de que seleciona o formato de tempo de acordo com os campos de introdu\u00e7\u00e3o de intervalos.<\/p>\n\n\n\n<div style=\"height:16px\" aria-hidden=\"true\" class=\"wp-block-spacer\"><\/div>\n\n\n\n<h3 class=\"wp-block-heading\">2. Sistema de ilumina\u00e7\u00e3o<\/h3>\n\n\n<div class=\"wp-block-image\">\n<figure class=\"alignleft size-full\"><img loading=\"lazy\" decoding=\"async\" width=\"199\" height=\"187\" src=\"https:\/\/www.leaplytics.de\/wp-content\/uploads\/2022\/08\/grafik-8.png\" alt=\"\" class=\"wp-image-9338\" srcset=\"https:\/\/www.leaplytics.de\/wp-content\/uploads\/2022\/08\/grafik-8.png 199w, https:\/\/www.leaplytics.de\/wp-content\/uploads\/2022\/08\/grafik-8-64x60.png 64w\" sizes=\"auto, (max-width: 199px) 100vw, 199px\" \/><\/figure><\/div>\n\n\n<p>Na sec\u00e7\u00e3o \"Sistema de luzes\", pode escolher entre um sistema de uma, duas ou tr\u00eas luzes.<\/p>\n\n\n\n<p><strong>Sistema de tr\u00eas luzes:<\/strong> O verde, o amarelo e o vermelho t\u00eam cada um o seu pr\u00f3prio c\u00edrculo.<\/p>\n\n\n\n<p><strong>Sistema de duas luzes:<\/strong> O verde e o vermelho t\u00eam cada um o seu pr\u00f3prio c\u00edrculo. A luz amarela n\u00e3o \u00e9 suportada.<\/p>\n\n\n\n<p><strong>Sistema de uma luz:<\/strong> O verde, o amarelo e o vermelho t\u00eam o mesmo c\u00edrculo.<\/p>\n\n\n\n<div style=\"height:0px\" aria-hidden=\"true\" class=\"wp-block-spacer\"><\/div>\n\n\n\n<h3 class=\"wp-block-heading\">3. Alinhamento<\/h3>\n\n\n<div class=\"wp-block-image\">\n<figure class=\"alignleft size-full\"><img loading=\"lazy\" decoding=\"async\" width=\"198\" height=\"167\" src=\"https:\/\/www.leaplytics.de\/wp-content\/uploads\/2022\/08\/grafik-9.png\" alt=\"\" class=\"wp-image-9339\" srcset=\"https:\/\/www.leaplytics.de\/wp-content\/uploads\/2022\/08\/grafik-9.png 198w, https:\/\/www.leaplytics.de\/wp-content\/uploads\/2022\/08\/grafik-9-71x60.png 71w\" sizes=\"auto, (max-width: 198px) 100vw, 198px\" \/><\/figure><\/div>\n\n\n<p>Na sec\u00e7\u00e3o \"Alinhamento\", pode escolher entre o alinhamento vertical e horizontal para o seu sem\u00e1foro visual. Todas as defini\u00e7\u00f5es existentes est\u00e3o dispon\u00edveis para ambos os alinhamentos.<\/p>\n\n\n\n<div style=\"height:0px\" aria-hidden=\"true\" class=\"wp-block-spacer\"><\/div>\n\n\n\n<h3 class=\"wp-block-heading\">4. Defini\u00e7\u00f5es de fronteira<\/h3>\n\n\n<div class=\"wp-block-image\">\n<figure class=\"alignleft size-full\"><img loading=\"lazy\" decoding=\"async\" width=\"198\" height=\"211\" src=\"https:\/\/www.leaplytics.de\/wp-content\/uploads\/2022\/08\/grafik-10.png\" alt=\"\" class=\"wp-image-9344\" srcset=\"https:\/\/www.leaplytics.de\/wp-content\/uploads\/2022\/08\/grafik-10.png 198w, https:\/\/www.leaplytics.de\/wp-content\/uploads\/2022\/08\/grafik-10-56x60.png 56w\" sizes=\"auto, (max-width: 198px) 100vw, 198px\" \/><\/figure><\/div>\n\n\n<p>Na sec\u00e7\u00e3o \"Defini\u00e7\u00f5es de margem\", pode alterar a visibilidade da margem exterior do sem\u00e1foro, bem como as sombras interiores do sem\u00e1foro.<\/p>\n\n\n\n<div style=\"height:0px\" aria-hidden=\"true\" class=\"wp-block-spacer\"><\/div>\n\n\n\n<h3 class=\"wp-block-heading\">5. Defini\u00e7\u00f5es de texto<\/h3>\n\n\n<div class=\"wp-block-image\">\n<figure class=\"alignleft size-full\"><img loading=\"lazy\" decoding=\"async\" width=\"196\" height=\"403\" src=\"https:\/\/www.leaplytics.de\/wp-content\/uploads\/2022\/08\/grafik-11.png\" alt=\"\" class=\"wp-image-9346\" srcset=\"https:\/\/www.leaplytics.de\/wp-content\/uploads\/2022\/08\/grafik-11.png 196w, https:\/\/www.leaplytics.de\/wp-content\/uploads\/2022\/08\/grafik-11-146x300.png 146w, https:\/\/www.leaplytics.de\/wp-content\/uploads\/2022\/08\/grafik-11-29x60.png 29w\" sizes=\"auto, (max-width: 196px) 100vw, 196px\" \/><\/figure><\/div>\n\n\n<p>Este visual de sem\u00e1foro oferece uma vasta gama de defini\u00e7\u00f5es de texto. Pode ativar e desativar um elemento de texto, que \u00e9 apresentado na mesma janela que o sem\u00e1foro. Quando o texto est\u00e1 vis\u00edvel, pode alterar o estilo do texto, o tamanho do texto, a posi\u00e7\u00e3o do texto e a fam\u00edlia de letras, de acordo com as suas necessidades individuais<\/p>\n\n\n\n<div style=\"height:0px\" aria-hidden=\"true\" class=\"wp-block-spacer\"><\/div>\n\n\n\n<h3 class=\"wp-block-heading\">6. Defini\u00e7\u00f5es de cor<\/h3>\n\n\n<div class=\"wp-block-image\">\n<figure class=\"alignleft size-full\"><img loading=\"lazy\" decoding=\"async\" width=\"198\" height=\"482\" src=\"https:\/\/www.leaplytics.de\/wp-content\/uploads\/2022\/08\/grafik-12.png\" alt=\"\" class=\"wp-image-9349\" srcset=\"https:\/\/www.leaplytics.de\/wp-content\/uploads\/2022\/08\/grafik-12.png 198w, https:\/\/www.leaplytics.de\/wp-content\/uploads\/2022\/08\/grafik-12-123x300.png 123w, https:\/\/www.leaplytics.de\/wp-content\/uploads\/2022\/08\/grafik-12-25x60.png 25w\" sizes=\"auto, (max-width: 198px) 100vw, 198px\" \/><\/figure><\/div>\n\n\n<p>Na sec\u00e7\u00e3o \"Color Setting\", pode alterar a cor de cada parte deste visual. Basta clicar no menu suspenso e selecionar uma cor entre as cores predefinidas do tema ou utilizar os c\u00f3digos rgb e hexadecimais para definir a cor por si pr\u00f3prio<\/p>","protected":false},"excerpt":{"rendered":"<p>1. Formato de tempo A sec\u00e7\u00e3o \"Formato de tempo\" \u00e9 uma sec\u00e7\u00e3o opcional. Nesta sec\u00e7\u00e3o, pode selecionar um formato de tempo ou de intervalo, que \u00e9 utilizado para calcular os intervalos e o texto de sa\u00edda junto ao s\u00edmbolo do sem\u00e1foro. Certifique-se de que seleciona o formato de tempo de acordo com os campos de introdu\u00e7\u00e3o de intervalos. 2. Sem\u00e1foro ... <\/p>","protected":false},"author":2,"featured_media":0,"parent":0,"menu_order":0,"comment_status":"closed","ping_status":"closed","template":"","meta":{"footnotes":""},"class_list":["post-9336","page","type-page","status-publish","hentry","latest_post"],"_links":{"self":[{"href":"https:\/\/www.leaplytics.de\/pt\/wp-json\/wp\/v2\/pages\/9336","targetHints":{"allow":["GET"]}}],"collection":[{"href":"https:\/\/www.leaplytics.de\/pt\/wp-json\/wp\/v2\/pages"}],"about":[{"href":"https:\/\/www.leaplytics.de\/pt\/wp-json\/wp\/v2\/types\/page"}],"author":[{"embeddable":true,"href":"https:\/\/www.leaplytics.de\/pt\/wp-json\/wp\/v2\/users\/2"}],"replies":[{"embeddable":true,"href":"https:\/\/www.leaplytics.de\/pt\/wp-json\/wp\/v2\/comments?post=9336"}],"version-history":[{"count":0,"href":"https:\/\/www.leaplytics.de\/pt\/wp-json\/wp\/v2\/pages\/9336\/revisions"}],"wp:attachment":[{"href":"https:\/\/www.leaplytics.de\/pt\/wp-json\/wp\/v2\/media?parent=9336"}],"curies":[{"name":"wp","href":"https:\/\/api.w.org\/{rel}","templated":true}]}}