{"id":11926,"date":"2023-07-18T10:22:34","date_gmt":"2023-07-18T08:22:34","guid":{"rendered":"https:\/\/www.leaplytics.de\/?page_id=11926"},"modified":"2024-10-29T12:39:50","modified_gmt":"2024-10-29T11:39:50","slug":"visualizador-de-markdown-para-power-bi","status":"publish","type":"page","link":"https:\/\/www.leaplytics.de\/pt_br\/visualizador-de-markdown-para-power-bi\/","title":{"rendered":"Visualizador de Markdown para o Power BI"},"content":{"rendered":"<p>Apresentamos o visual personalizado Markdown-to-HTML para o Power BI: conte a hist\u00f3ria de seus dados com um editor de texto completo em seu painel de dados! Eleve as informa\u00e7\u00f5es relevantes por meio de texto formatado em sua experi\u00eancia de visualiza\u00e7\u00e3o de dados!<\/p>\n\n\n\n<p>Temos o prazer de apresentar uma solu\u00e7\u00e3o revolucion\u00e1ria que permite que os usu\u00e1rios do Power BI integrem perfeitamente textos formatados em seus relat\u00f3rios e pain\u00e9is.<\/p>\n\n\n\n<h3 class=\"wp-block-heading has-text-align-left\">Benef\u00edcios<\/h3>\n\n\n\n<h5 class=\"wp-block-heading\">Liberte o poder do Markdown<\/h5>\n\n\n\n<p>A linguagem de marca\u00e7\u00e3o amplamente adotada, com recursos de formata\u00e7\u00e3o de texto simples e expressivos, permite criar t\u00edtulos, listas, links e outros elementos de texto formatados diretamente nas suas visualiza\u00e7\u00f5es de dados!<\/p>\n\n\n\n<h5 class=\"wp-block-heading\">Criar narrativas visuais atraentes<\/h5>\n\n\n\n<p>O Markdown-to-HTML Custom Visual permite que voc\u00ea crie narrativas cativantes em sua hist\u00f3ria de dados, combinando perfeitamente texto formatado com suas visualiza\u00e7\u00f5es. Voc\u00ea pode fornecer explica\u00e7\u00f5es detalhadas, insights e documenta\u00e7\u00e3o de apoio junto com seus dados, aumentando a clareza e o impacto da sua mensagem.<\/p>\n\n\n\n<h5 class=\"wp-block-heading\">Integra\u00e7\u00e3o simplificada<\/h5>\n\n\n\n<p>Nosso visual personalizado se integra perfeitamente ao seu ambiente do Power BI, garantindo uma experi\u00eancia f\u00e1cil de usar. Basta inserir seu c\u00f3digo Markdown ou conectar-se a uma fonte de dados que contenha conte\u00fado Markdown, e nosso visual cuidar\u00e1 do resto.<\/p>\n\n\n\n<h5 class=\"wp-block-heading\">Personalize para combinar com seu estilo<\/h5>\n\n\n\n<p>Nosso visual personalizado Markdown-to-HTML oferece amplas op\u00e7\u00f5es de personaliza\u00e7\u00e3o para incorporar a identidade exclusiva de sua marca. Adapte a apar\u00eancia do visual, como fontes, cores e planos de fundo, para alinhar-se \u00e0 sua marca ou ao tema do relat\u00f3rio, a fim de apresentar de forma coesa e profissional a identidade de sua organiza\u00e7\u00e3o.<\/p>\n\n\n\n<h5 class=\"wp-block-heading\">Promova a colabora\u00e7\u00e3o e o compartilhamento de conhecimento<\/h5>\n\n\n\n<p>Promova a colabora\u00e7\u00e3o, o compartilhamento de conhecimento e fluxos de trabalho simplificados em sua organiza\u00e7\u00e3o com esse formato popular de colabora\u00e7\u00e3o e compartilhamento de conhecimento.<\/p>\n\n\n\n<p>Eleve o n\u00edvel de sua visualiza\u00e7\u00e3o de dados com nosso visual personalizado Markdown-to-HTML para Power BI. Apresente seus insights e an\u00e1lises de uma maneira visualmente impressionante e envolvente que cativa seu p\u00fablico. Seja voc\u00ea um analista de dados, profissional de neg\u00f3cios ou executivo, esse visual foi projetado para ajud\u00e1-lo a comunicar ideias complexas sem esfor\u00e7o e causar um impacto duradouro.<\/p>\n\n\n\n<p>Pronto para transformar seus relat\u00f3rios e dashboards do Power BI? Fa\u00e7a o download do nosso Markdown-to-HTML Custom Visual hoje mesmo e desbloqueie um mundo de possibilidades din\u00e2micas de formata\u00e7\u00e3o de texto.<\/p>\n\n\n\n<p><em>Capacite suas apresenta\u00e7\u00f5es de dados com a combina\u00e7\u00e3o perfeita de est\u00e9tica visual e conte\u00fado informativo. Experimente o futuro da narrativa de dados com o Markdown e o Power BI.<\/em><\/p>\n\n\n\n<p><\/p>\n\n\n\n<h3 class=\"wp-block-heading\">Solicite sua licen\u00e7a de teste<\/h3>\n\n\n<div class=\"wpforms-container wpforms-container-full\" id=\"wpforms-11888\"><form id=\"wpforms-form-11888\" class=\"wpforms-validate wpforms-form wpforms-ajax-form\" data-formid=\"11888\" method=\"post\" enctype=\"multipart\/form-data\" action=\"\/pt_br\/wp-json\/wp\/v2\/pages\/11926\" data-token=\"a7b6840c56f0e27e58a8eb6487a5a9ac\" data-token-time=\"1775817179\" data-trp-original-action=\"\/pt_br\/wp-json\/wp\/v2\/pages\/11926\"><noscript class=\"wpforms-error-noscript\">Ative o JavaScript em seu navegador para preencher este formul\u00e1rio.<\/noscript><div class=\"wpforms-field-container\"><div id=\"wpforms-11888-field_0-container\" class=\"wpforms-field wpforms-field-name\" data-field-id=\"0\"><label class=\"wpforms-field-label\">Nome <span class=\"wpforms-required-label\">*<\/span><\/label><div class=\"wpforms-field-row wpforms-field-medium\"><div class=\"wpforms-field-row-block wpforms-first wpforms-one-half\"><input type=\"text\" id=\"wpforms-11888-field_0\" class=\"wpforms-field-name-first wpforms-field-required\" name=\"wpforms[fields][0][first]\" required><label for=\"wpforms-11888-field_0\" class=\"wpforms-field-sublabel after\">Nome<\/label><\/div><div class=\"wpforms-field-row-block wpforms-one-half\"><input type=\"text\" id=\"wpforms-11888-field_0-last\" class=\"wpforms-field-name-last wpforms-field-required\" name=\"wpforms[fields][0][last]\" required><label for=\"wpforms-11888-field_0-last\" class=\"wpforms-field-sublabel after\">Sobrenome<\/label><\/div><\/div><\/div><div id=\"wpforms-11888-field_1-container\" class=\"wpforms-field wpforms-field-email\" data-field-id=\"1\"><label class=\"wpforms-field-label\" for=\"wpforms-11888-field_1\">E-mail comercial <span class=\"wpforms-required-label\">*<\/span><\/label><input type=\"email\" id=\"wpforms-11888-field_1\" class=\"wpforms-field-medium wpforms-field-required\" data-rule-restricted-email=\"1\" name=\"wpforms[fields][1]\" spellcheck=\"false\" required><\/div><div id=\"wpforms-11888-field_4-container\" class=\"wpforms-field wpforms-field-text\" data-field-id=\"4\"><label class=\"wpforms-field-label\" for=\"wpforms-11888-field_4\">Empresa <span class=\"wpforms-required-label\">*<\/span><\/label><input type=\"text\" id=\"wpforms-11888-field_4\" class=\"wpforms-field-medium wpforms-field-required\" name=\"wpforms[fields][4]\" required><\/div><div id=\"wpforms-11888-field_3-container\" class=\"wpforms-field wpforms-field-gdpr-checkbox\" data-field-id=\"3\"><label class=\"wpforms-field-label\">Acordo GDPR <span class=\"wpforms-required-label\">*<\/span><\/label><ul id=\"wpforms-11888-field_3\" class=\"wpforms-field-required\"><li class=\"choice-1\"><input type=\"checkbox\" id=\"wpforms-11888-field_3_1\" name=\"wpforms[fields][3][]\" value=\"I consent to having this website store my submitted information so they can respond to my inquiry.\" required><label class=\"wpforms-field-label-inline\" for=\"wpforms-11888-field_3_1\">Autorizo que este site armazene minhas informa\u00e7\u00f5es enviadas para que possam responder \u00e0 minha consulta.<\/label><\/li><\/ul><\/div><\/div><!-- .wpforms-field-container --><div class=\"wpforms-recaptcha-container wpforms-is-recaptcha wpforms-is-recaptcha-type-v3\" ><input type=\"hidden\" name=\"wpforms[recaptcha]\" value=\"\"><\/div><div class=\"wpforms-submit-container\" ><input type=\"hidden\" name=\"wpforms[id]\" value=\"11888\"><input type=\"hidden\" name=\"page_title\" value=\"\"><input type=\"hidden\" name=\"page_url\" value=\"https:\/\/www.leaplytics.de\/pt_br\/wp-json\/wp\/v2\/pages\/11926\"><input type=\"hidden\" name=\"url_referer\" value=\"\"><button type=\"submit\" name=\"wpforms[submit]\" id=\"wpforms-submit-11888\" class=\"wpforms-submit\" data-alt-text=\"Sending...\" data-submit-text=\"Submit\" aria-live=\"assertive\" value=\"wpforms-submit\">Enviar<\/button><img loading=\"lazy\" decoding=\"async\" src=\"https:\/\/www.leaplytics.de\/wp-content\/plugins\/wpforms-lite\/assets\/images\/submit-spin.svg\" class=\"wpforms-submit-spinner\" style=\"display: none;\" width=\"26\" height=\"26\" alt=\"Carregando\"><\/div><input type=\"hidden\" name=\"trp-form-language\" value=\"pt_br\"\/><\/form><\/div>  <!-- .wpforms-container -->\n\n\n\n<div style=\"height:50px\" aria-hidden=\"true\" class=\"wp-block-spacer\"><\/div>\n\n\n\n<h3 class=\"wp-block-heading has-text-align-left\" id=\"tutorial\">Primeiros passos<\/h3>\n\n\n\n<p><em>Como posso come\u00e7ar?<\/em> Solicite uma licen\u00e7a de avalia\u00e7\u00e3o acima. E quando voc\u00ea receber um c\u00f3digo de licen\u00e7a? Basta clicar abaixo para iniciar nosso tutorial.<\/p>\n\n\n\n<figure class=\"wp-block-embed is-type-wp-embed is-provider-leaplytics wp-block-embed-leaplytics\"><div class=\"wp-block-embed__wrapper\">\n<blockquote class=\"wp-embedded-content\" data-secret=\"IL8vEweSWi\"><a href=\"https:\/\/www.leaplytics.de\/pt_br\/introducao-ao-visualizador-de-markdown-power-bi\/\">Primeiros passos - Visualizador de Markdown<\/a><\/blockquote><iframe loading=\"lazy\" class=\"wp-embedded-content\" sandbox=\"allow-scripts\" security=\"restricted\" style=\"position: absolute; clip: rect(1px, 1px, 1px, 1px);\" title=\"&quot;Introdu\u00e7\u00e3o - Visualizador de Markdown&quot; - LeapLytics\" src=\"https:\/\/www.leaplytics.de\/getting-started-markdown-viewer-power-bi\/embed\/#?secret=huMdA44Ho4#?secret=IL8vEweSWi\" data-secret=\"IL8vEweSWi\" width=\"600\" height=\"338\" frameborder=\"0\" marginwidth=\"0\" marginheight=\"0\" scrolling=\"no\"><\/iframe>\n<\/div><\/figure>","protected":false},"excerpt":{"rendered":"<p>Apresentamos o visual personalizado Markdown-to-HTML para o Power BI: conte a hist\u00f3ria de seus dados com um editor de texto completo em seu painel de dados! Eleve as informa\u00e7\u00f5es relevantes por meio de texto formatado em sua experi\u00eancia de visualiza\u00e7\u00e3o de dados! Temos o prazer de apresentar uma solu\u00e7\u00e3o revolucion\u00e1ria que permite que os usu\u00e1rios do Power BI integrem perfeitamente textos formatados em seus relat\u00f3rios e ... <\/p>","protected":false},"author":2,"featured_media":0,"parent":0,"menu_order":0,"comment_status":"closed","ping_status":"closed","template":"","meta":{"footnotes":""},"class_list":["post-11926","page","type-page","status-publish","hentry","latest_post"],"_links":{"self":[{"href":"https:\/\/www.leaplytics.de\/pt_br\/wp-json\/wp\/v2\/pages\/11926","targetHints":{"allow":["GET"]}}],"collection":[{"href":"https:\/\/www.leaplytics.de\/pt_br\/wp-json\/wp\/v2\/pages"}],"about":[{"href":"https:\/\/www.leaplytics.de\/pt_br\/wp-json\/wp\/v2\/types\/page"}],"author":[{"embeddable":true,"href":"https:\/\/www.leaplytics.de\/pt_br\/wp-json\/wp\/v2\/users\/2"}],"replies":[{"embeddable":true,"href":"https:\/\/www.leaplytics.de\/pt_br\/wp-json\/wp\/v2\/comments?post=11926"}],"version-history":[{"count":3,"href":"https:\/\/www.leaplytics.de\/pt_br\/wp-json\/wp\/v2\/pages\/11926\/revisions"}],"predecessor-version":[{"id":13652,"href":"https:\/\/www.leaplytics.de\/pt_br\/wp-json\/wp\/v2\/pages\/11926\/revisions\/13652"}],"wp:attachment":[{"href":"https:\/\/www.leaplytics.de\/pt_br\/wp-json\/wp\/v2\/media?parent=11926"}],"curies":[{"name":"wp","href":"https:\/\/api.w.org\/{rel}","templated":true}]}}