{"id":12944,"date":"2023-12-18T23:03:40","date_gmt":"2023-12-18T22:03:40","guid":{"rendered":"https:\/\/www.leaplytics.de\/?page_id=12944"},"modified":"2023-12-18T23:03:40","modified_gmt":"2023-12-18T22:03:40","slug":"gerenciamento-de-riscos-da-ehs-power-bi-para-os-setores-de-mineracao-e-petroleo","status":"publish","type":"page","link":"https:\/\/www.leaplytics.de\/pt_br\/gerenciamento-de-riscos-da-ehs-power-bi-para-os-setores-de-mineracao-e-petroleo\/","title":{"rendered":"Power BI de gerenciamento de riscos de EHS para os setores de minera\u00e7\u00e3o e petr\u00f3leo"},"content":{"rendered":"<h3 class=\"wp-block-heading\">Introdu\u00e7\u00e3o<\/h3>\n\n\n\n<p>Setores como o de minera\u00e7\u00e3o e o de petr\u00f3leo s\u00e3o cruciais para a economia global, fornecendo recursos e energia. No entanto, eles enfrentam desafios em termos de riscos ambientais, de sa\u00fade e de seguran\u00e7a (EHS). Atualmente, as empresas consideram o s\u00f3lido gerenciamento de riscos de EHS fundamental para o sucesso. Este artigo analisa como a nossa Matriz de Riscos do Power BI pode aprimorar o gerenciamento de riscos de EHS.<\/p>\n\n\n\n<h3 class=\"wp-block-heading\"><strong>Entendendo o gerenciamento de riscos de EHS<\/strong><\/h3>\n\n\n\n<p>Na minera\u00e7\u00e3o e no petr\u00f3leo, as principais preocupa\u00e7\u00f5es s\u00e3o os riscos ambientais, de sa\u00fade e de seguran\u00e7a. Entre eles, est\u00e3o a perturba\u00e7\u00e3o do habitat, a polui\u00e7\u00e3o, os acidentes e as quest\u00f5es legais. O gerenciamento rigoroso dos riscos de EHS \u00e9 vital para opera\u00e7\u00f5es sustent\u00e1veis e bem-sucedidas.<\/p>\n\n\n\n<h3 class=\"wp-block-heading\"><strong>Matriz de risco do Power BI<\/strong><\/h3>\n\n\n\n<p>A Matriz de Riscos \u00e9 uma ferramenta poderosa para lidar com os riscos de EHS com o Power BI. Veja como ela ajuda:<\/p>\n\n\n\n<ol class=\"wp-block-list\">\n<li><strong>Identifica\u00e7\u00e3o de riscos:<\/strong> Coleta dados para identificar riscos de seguran\u00e7a, conformidade ou sa\u00fade.<\/li>\n\n\n\n<li><strong>Visualiza\u00e7\u00e3o:<\/strong> Categoriza os riscos, ajudando os tomadores de decis\u00e3o a ver os problemas urgentes.<\/li>\n\n\n\n<li><strong>Monitoramento de desempenho:<\/strong> Mant\u00e9m os dados de EHS atualizados para o gerenciamento proativo de riscos.<\/li>\n\n\n\n<li><strong>Pain\u00e9is interativos: <\/strong>Exiba m\u00e9tricas de risco, incidentes e tend\u00eancias em tempo real para facilitar o acompanhamento do desempenho.<\/li>\n<\/ol>\n\n\n\n<div class=\"wp-block-buttons is-layout-flex wp-block-buttons-is-layout-flex\" id=\"https:\/\/www.leaplytics.de\/frontpage\/project-management-custom-visuals-microsoft-powerbi\/risk-heatmap-custom-visual-for-power-bi\/\">\n<div class=\"wp-block-button has-custom-width wp-block-button__width-75 has-custom-font-size is-style-fill\" style=\"font-size:18px\"><a class=\"wp-block-button__link has-background wp-element-button\" href=\"https:\/\/www.leaplytics.de\/pt_br\/pagina-inicial\/gerenciamento-de-projetos-visuais-personalizados-microsoft-powerbi\/visual-personalizado-de-mapa-de-calor-de-risco-para-power-bi\/\" style=\"background-color:#22316d\" rel=\"https:\/\/www.leaplytics.de\/frontpage\/project-management-custom-visuals-microsoft-powerbi\/risk-heatmap-custom-visual-for-power-bi\/\">Confira nossa \"Matriz de risco\" visual personalizada para o Power BI aqui!<\/a><\/div>\n<\/div>\n\n\n\n<p><\/p>\n\n\n\n<h3 class=\"wp-block-heading\"><strong>Aumento do desempenho por meio do gerenciamento de riscos de EHS<\/strong><\/h3>\n\n\n\n<p>O gerenciamento eficaz de riscos de EHS melhora o desempenho:<\/p>\n\n\n\n<ul class=\"wp-block-list\">\n<li><strong>Efici\u00eancia operacional:<\/strong> Reduz os acidentes, as falhas de equipamentos e os incidentes ambientais. Isso melhora a efici\u00eancia e reduz o tempo de inatividade.<\/li>\n\n\n\n<li><strong>Economia de custos:<\/strong> Minimiza os incidentes, reduzindo multas, taxas legais e custos de limpeza.<\/li>\n\n\n\n<li><strong>Sustentabilidade e reputa\u00e7\u00e3o:<\/strong> Demonstra compromisso com a sustentabilidade. Isso melhora a reputa\u00e7\u00e3o e o apelo para investidores e clientes.<\/li>\n\n\n\n<li><strong>Conformidade:<\/strong> Segue as regras de EHS, mantendo um bom relacionamento com os \u00f3rg\u00e3os reguladores e evitando penalidades.<\/li>\n\n\n\n<li><strong>Bem-estar dos funcion\u00e1rios:<\/strong> Prioriza a seguran\u00e7a e a sa\u00fade do empregador. Assim, aumenta a motiva\u00e7\u00e3o e a produtividade, reduzindo a rotatividade e o absente\u00edsmo.<\/li>\n<\/ul>\n\n\n\n<h3 class=\"wp-block-heading\"><strong>Conclus\u00e3o<\/strong><\/h3>\n\n\n\n<p>O gerenciamento de riscos de EHS \u00e9 vital para opera\u00e7\u00f5es excelentes. Nossa Matriz de Riscos no Power BI \u00e9 uma \u00f3tima ferramenta para gerenciar riscos de forma eficaz. O gerenciamento de riscos de EHS ajuda as empresas a ter um melhor desempenho e a reduzir custos. Ele tamb\u00e9m as ajuda a cumprir as regulamenta\u00e7\u00f5es e a criar uma cultura de sustentabilidade e seguran\u00e7a. Para enfrentar os desafios atuais, o gerenciamento de riscos de EHS por meio do Power BI \u00e9 a chave para o sucesso.<\/p>","protected":false},"excerpt":{"rendered":"<p>Introdu\u00e7\u00e3o Setores como o de minera\u00e7\u00e3o e o de petr\u00f3leo s\u00e3o fundamentais para a economia global, fornecendo recursos e energia. No entanto, eles enfrentam desafios em termos de riscos ambientais, de sa\u00fade e de seguran\u00e7a (EHS). Atualmente, as empresas consideram o s\u00f3lido gerenciamento de riscos de EHS fundamental para o sucesso. Este artigo analisa como a nossa Matriz de Riscos do Power BI pode aprimorar o gerenciamento de riscos de EHS. Entendendo os riscos de EHS ... <\/p>","protected":false},"author":55,"featured_media":12952,"parent":0,"menu_order":0,"comment_status":"closed","ping_status":"closed","template":"","meta":{"footnotes":""},"class_list":["post-12944","page","type-page","status-publish","has-post-thumbnail","hentry","latest_post"],"_links":{"self":[{"href":"https:\/\/www.leaplytics.de\/pt_br\/wp-json\/wp\/v2\/pages\/12944","targetHints":{"allow":["GET"]}}],"collection":[{"href":"https:\/\/www.leaplytics.de\/pt_br\/wp-json\/wp\/v2\/pages"}],"about":[{"href":"https:\/\/www.leaplytics.de\/pt_br\/wp-json\/wp\/v2\/types\/page"}],"author":[{"embeddable":true,"href":"https:\/\/www.leaplytics.de\/pt_br\/wp-json\/wp\/v2\/users\/55"}],"replies":[{"embeddable":true,"href":"https:\/\/www.leaplytics.de\/pt_br\/wp-json\/wp\/v2\/comments?post=12944"}],"version-history":[{"count":0,"href":"https:\/\/www.leaplytics.de\/pt_br\/wp-json\/wp\/v2\/pages\/12944\/revisions"}],"wp:featuredmedia":[{"embeddable":true,"href":"https:\/\/www.leaplytics.de\/pt_br\/wp-json\/wp\/v2\/media\/12952"}],"wp:attachment":[{"href":"https:\/\/www.leaplytics.de\/pt_br\/wp-json\/wp\/v2\/media?parent=12944"}],"curies":[{"name":"wp","href":"https:\/\/api.w.org\/{rel}","templated":true}]}}