{"id":12961,"date":"2023-12-18T23:03:43","date_gmt":"2023-12-18T22:03:43","guid":{"rendered":"https:\/\/www.leaplytics.de\/?page_id=12961"},"modified":"2024-01-02T12:05:32","modified_gmt":"2024-01-02T11:05:32","slug":"identificacao-de-riscos-de-biocombustao-de-energia-nos-setores-de-transporte-de-cruzeiros-da-aviacao","status":"publish","type":"page","link":"https:\/\/www.leaplytics.de\/pt_br\/identificacao-de-riscos-de-biocombustao-de-energia-nos-setores-de-transporte-de-cruzeiros-da-aviacao\/","title":{"rendered":"Power BI: Identifica\u00e7\u00e3o de perigos nos setores de avia\u00e7\u00e3o, cruzeiros e transporte"},"content":{"rendered":"<h2 class=\"wp-block-heading has-medium-font-size\"><strong>Introdu\u00e7\u00e3o<\/strong><\/h2>\n\n\n\n<p>Na avia\u00e7\u00e3o, nos cruzeiros e no transporte, a identifica\u00e7\u00e3o de perigos e o gerenciamento de riscos s\u00e3o cruciais. Nossa Risk Matrix no Power BI surge como uma ferramenta valiosa para essa finalidade.<\/p>\n\n\n\n<p>A ferramenta \u00e9 excelente na identifica\u00e7\u00e3o de perigos e na simplifica\u00e7\u00e3o da apresenta\u00e7\u00e3o de dados para reconhecimento r\u00e1pido. Esse recurso permite a a\u00e7\u00e3o imediata, aumentando a seguran\u00e7a nas opera\u00e7\u00f5es.<\/p>\n\n\n\n<h2 class=\"wp-block-heading has-medium-font-size\"><strong>Navegando pelos perigos da avia\u00e7\u00e3o<\/strong><\/h2>\n\n\n\n<p>Na avia\u00e7\u00e3o, os riscos comuns incluem problemas com a pista de pouso ou ataques de p\u00e1ssaros. Os KPIs incluem a frequ\u00eancia de quase acidentes e a efic\u00e1cia do treinamento de seguran\u00e7a. Por exemplo, a confiabilidade do sistema de comunica\u00e7\u00e3o \u00e9 crucial.<\/p>\n\n\n\n<h2 class=\"wp-block-heading has-medium-font-size\"><strong>Garantia de seguran\u00e7a nas opera\u00e7\u00f5es de cruzeiros<\/strong><\/h2>\n\n\n\n<p>No caso de cruzeiros, os riscos podem envolver colis\u00f5es de navios ou emerg\u00eancias de sa\u00fade. Os KPIs incluem o rastreamento dos tempos de resposta a emerg\u00eancias e suprimentos m\u00e9dicos adequados. Portanto, garantir a seguran\u00e7a dos passageiros \u00e9 fundamental.<\/p>\n\n\n\n<h2 class=\"wp-block-heading has-medium-font-size\"><strong>Prote\u00e7\u00e3o das opera\u00e7\u00f5es de transporte<\/strong><\/h2>\n\n\n\n<p>No setor de transportes, os perigos podem incluir acidentes ou interrup\u00e7\u00f5es na cadeia de suprimentos. Os KPIs s\u00e3o as taxas de acidentes, o cumprimento do cronograma de manuten\u00e7\u00e3o e a efici\u00eancia dos planos de conting\u00eancia. Por exemplo, \u00e9 fundamental acompanhar a efic\u00e1cia dos programas de treinamento de motoristas.<\/p>\n\n\n\n<h2 class=\"wp-block-heading has-medium-font-size\"><strong>Matriz de risco para o Power BI<\/strong><\/h2>\n\n\n\n<p>Veja como a Matriz de Riscos refina seu gerenciamento de riscos:<\/p>\n\n\n\n<p><strong>Eixo de probabilidade:<\/strong> Esse eixo analisa a probabilidade de ocorr\u00eancia de um risco, de baixa a alta. Ele ajuda a entender a probabilidade de ocorr\u00eancia de riscos potenciais nesses setores.<\/p>\n\n\n\n<p><strong>Eixo de impacto:<\/strong> Esse eixo analisa a gravidade de um risco, categorizado como baixo, m\u00e9dio ou alto. Ele ajuda as organiza\u00e7\u00f5es de avia\u00e7\u00e3o, cruzeiros e transporte a analisar o grau de dano que um risco pode causar.<\/p>\n\n\n\n<p>A combina\u00e7\u00e3o da probabilidade e do impacto d\u00e1 a cada risco uma pontua\u00e7\u00e3o. Isso ajuda a classificar os riscos com base em sua gravidade. O gerenciamento antecipado dos riscos de alta prioridade minimiza as amea\u00e7as e as interrup\u00e7\u00f5es nas opera\u00e7\u00f5es.<\/p>\n\n\n\n<p>Com a Matriz de Risco, as organiza\u00e7\u00f5es desses setores podem:<\/p>\n\n\n\n<ol class=\"wp-block-list\">\n<li><strong>Criar pain\u00e9is:<\/strong> Crie pain\u00e9is de controle em tempo real que mostrem m\u00e9tricas de seguran\u00e7a, incidentes e tend\u00eancias. Isso facilita para os gerentes de risco verem como est\u00e1 a seguran\u00e7a.<\/li>\n\n\n\n<li><strong>Visualize os dados de risco:<\/strong> Use tabelas e gr\u00e1ficos para mostrar as pontua\u00e7\u00f5es dos riscos da Matriz de Riscos. Isso ajuda a entender a gravidade dos riscos identificados.<\/li>\n\n\n\n<li><strong>Monitoramento:<\/strong> Use o Power BI para verificar se voc\u00ea atende \u00e0s normas de seguran\u00e7a. Encontre tamb\u00e9m \u00e1reas que precisam de mais medidas de seguran\u00e7a na avia\u00e7\u00e3o, em cruzeiros e no transporte.<\/li>\n\n\n\n<li><strong>Identificar tend\u00eancias: <\/strong>D\u00ea uma olhada nos seus dados de risco. Com a Risk Matrix, voc\u00ea pode entender os motivos dos acidentes e reconhecer os problemas de seguran\u00e7a em andamento. Isso permite a tomada de decis\u00f5es informadas para a melhoria cont\u00ednua da seguran\u00e7a.<\/li>\n<\/ol>\n\n\n\n<div class=\"wp-block-buttons is-layout-flex wp-block-buttons-is-layout-flex\">\n<div class=\"wp-block-button has-custom-font-size\" style=\"font-size:18px\"><a class=\"wp-block-button__link has-background wp-element-button\" href=\"https:\/\/www.leaplytics.de\/pt_br\/pagina-inicial\/gerenciamento-de-projetos-visuais-personalizados-microsoft-powerbi\/visual-personalizado-de-mapa-de-calor-de-risco-para-power-bi\/\" style=\"background-color:#22316d\" rel=\"https:\/\/www.leaplytics.de\/frontpage\/project-management-custom-visuals-microsoft-powerbi\/risk-heatmap-custom-visual-for-power-bi\/\">Confira nossa \"Matriz de risco\" visual personalizada para o Power BI aqui!<\/a><\/div>\n<\/div>\n\n\n\n<figure class=\"wp-block-image size-full\"><img loading=\"lazy\" decoding=\"async\" width=\"1024\" height=\"576\" src=\"https:\/\/www.leaplytics.de\/wp-content\/uploads\/2023\/12\/Risk-Matrix.jpg\" alt=\"\" class=\"wp-image-12965\" srcset=\"https:\/\/www.leaplytics.de\/wp-content\/uploads\/2023\/12\/Risk-Matrix.jpg 1024w, https:\/\/www.leaplytics.de\/wp-content\/uploads\/2023\/12\/Risk-Matrix-300x169.jpg 300w, https:\/\/www.leaplytics.de\/wp-content\/uploads\/2023\/12\/Risk-Matrix-768x432.jpg 768w, https:\/\/www.leaplytics.de\/wp-content\/uploads\/2023\/12\/Risk-Matrix-107x60.jpg 107w\" sizes=\"auto, (max-width: 1024px) 100vw, 1024px\" \/><\/figure>\n\n\n\n<h2 class=\"wp-block-heading has-medium-font-size\"><strong>Conclus\u00e3o<\/strong><\/h2>\n\n\n\n<p>A Matriz de Riscos para o Power BI oferece insights valiosos sobre os cen\u00e1rios de risco. Ela ajuda a focar nos recursos e a melhorar a seguran\u00e7a. A ferramenta capacita os profissionais a tomar decis\u00f5es informadas e a lidar com seus riscos.<\/p>\n\n\n\n<p>A Risk Matrix \u00e9 um ativo significativo para os setores de avia\u00e7\u00e3o, cruzeiros e transportes. Tornando a identifica\u00e7\u00e3o e o gerenciamento de riscos mais acess\u00edveis e eficientes. Dessa forma, as empresas podem manter opera\u00e7\u00f5es seguras e tranquilas nesses setores vitais.<\/p>","protected":false},"excerpt":{"rendered":"<p>Introdu\u00e7\u00e3o Na avia\u00e7\u00e3o, nos cruzeiros e no transporte, a identifica\u00e7\u00e3o de perigos e o gerenciamento de riscos s\u00e3o cruciais. Nossa Risk Matrix no Power BI surge como uma ferramenta valiosa para essa finalidade. A ferramenta \u00e9 excelente na identifica\u00e7\u00e3o de perigos e na simplifica\u00e7\u00e3o da apresenta\u00e7\u00e3o de dados para reconhecimento r\u00e1pido. Esse recurso permite a a\u00e7\u00e3o imediata, aumentando a seguran\u00e7a nas opera\u00e7\u00f5es. Navegando pelos perigos da avia\u00e7\u00e3o Na avia\u00e7\u00e3o, \u00e9 comum ... <\/p>","protected":false},"author":55,"featured_media":12962,"parent":0,"menu_order":0,"comment_status":"closed","ping_status":"closed","template":"","meta":{"footnotes":""},"class_list":["post-12961","page","type-page","status-publish","has-post-thumbnail","hentry","latest_post"],"_links":{"self":[{"href":"https:\/\/www.leaplytics.de\/pt_br\/wp-json\/wp\/v2\/pages\/12961","targetHints":{"allow":["GET"]}}],"collection":[{"href":"https:\/\/www.leaplytics.de\/pt_br\/wp-json\/wp\/v2\/pages"}],"about":[{"href":"https:\/\/www.leaplytics.de\/pt_br\/wp-json\/wp\/v2\/types\/page"}],"author":[{"embeddable":true,"href":"https:\/\/www.leaplytics.de\/pt_br\/wp-json\/wp\/v2\/users\/55"}],"replies":[{"embeddable":true,"href":"https:\/\/www.leaplytics.de\/pt_br\/wp-json\/wp\/v2\/comments?post=12961"}],"version-history":[{"count":0,"href":"https:\/\/www.leaplytics.de\/pt_br\/wp-json\/wp\/v2\/pages\/12961\/revisions"}],"wp:featuredmedia":[{"embeddable":true,"href":"https:\/\/www.leaplytics.de\/pt_br\/wp-json\/wp\/v2\/media\/12962"}],"wp:attachment":[{"href":"https:\/\/www.leaplytics.de\/pt_br\/wp-json\/wp\/v2\/media?parent=12961"}],"curies":[{"name":"wp","href":"https:\/\/api.w.org\/{rel}","templated":true}]}}