{"id":13004,"date":"2023-12-18T23:06:58","date_gmt":"2023-12-18T22:06:58","guid":{"rendered":"https:\/\/www.leaplytics.de\/?page_id=13004"},"modified":"2024-04-09T20:48:32","modified_gmt":"2024-04-09T18:48:32","slug":"topicos-de-power-bi","status":"publish","type":"page","link":"https:\/\/www.leaplytics.de\/pt_br\/topicos-de-power-bi\/","title":{"rendered":"T\u00f3picos do Power BI"},"content":{"rendered":"<p><a href=\"https:\/\/www.leaplytics.de\/pt_br\/gerenciamento-de-riscos-da-ehs-power-bi-para-os-setores-de-mineracao-e-petroleo\/\">Gerenciamento de riscos de EHS no Power BI<\/a><\/p>\n\n\n\n<p><a href=\"https:\/\/www.leaplytics.de\/pt_br\/identificacao-de-riscos-de-biocombustao-de-energia-nos-setores-de-transporte-de-cruzeiros-da-aviacao\/\">Identifica\u00e7\u00e3o de perigos nos setores de avia\u00e7\u00e3o, cruzeiros e transporte no Power BI<\/a><\/p>\n\n\n\n<p><a href=\"https:\/\/www.leaplytics.de\/pt_br\/matriz-de-risco-osha-em-biotecnologia\/\">Matriz de risco da OSHA no Power BI<\/a><\/p>\n\n\n\n<p><a href=\"https:\/\/www.leaplytics.de\/pt_br\/matriz-de-risco-da-esg-com-o-microsoft-power-bi\/\">Matriz de risco ESG no Power BI<\/a><\/p>\n\n\n\n<p><a href=\"https:\/\/www.leaplytics.de\/pt_br\/gerenciamento-da-garantia-de-qualidade-do-fornecedor-com-power-bi\/\">Garantia de qualidade\/gerenciamento de fornecedores com o Power BI<\/a><\/p>\n\n\n\n<p><a href=\"https:\/\/www.leaplytics.de\/pt_br\/gerenciamento-de-riscos-de-seguranca-cibernetica-da-power-bi\/\">Power BI: Gerenciamento de riscos de seguran\u00e7a cibern\u00e9tica<\/a><\/p>\n\n\n\n<p><a href=\"https:\/\/www.leaplytics.de\/pt_br\/gerenciamento-de-riscos-financeiros-da-power-bi\/\">Power BI: Gerenciamento de riscos financeiros no setor de servi\u00e7os financeiros<\/a><\/p>\n\n\n\n<p><a href=\"https:\/\/www.leaplytics.de\/pt_br\/deixe-a-power-bi-dar-um-salto-em-seu-gerenciamento-de-projetos\/\">Deixe o Power BI dar um salto em seu gerenciamento de projetos<\/a><\/p>\n\n\n\n<p><a href=\"https:\/\/www.leaplytics.de\/pt_br\/visualizadores-de-texto-para-power-bi\/\">Visuais do visualizador de texto para o Power BI<\/a><\/p>\n\n\n\n<p><a href=\"https:\/\/www.leaplytics.de\/pt_br\/matriz-de-oportunidades-para-biotecnologia\/\">Matriz de oportunidades para o Power BI<\/a><\/p>","protected":false},"excerpt":{"rendered":"<p>Gerenciamento de riscos de EHS no Power BI Identifica\u00e7\u00e3o de perigos nos setores de avia\u00e7\u00e3o, cruzeiros e transportes no Power BI Matriz de riscos OSHA no Power BI Matriz de riscos ESG no Power BI Garantia\/gerenciamento da qualidade do fornecedor com o Power BI Power BI: Gerenciamento de riscos de seguran\u00e7a cibern\u00e9tica Power BI: Gerenciamento de riscos financeiros no setor de servi\u00e7os financeiros Deixe o Power BI ... <\/p>","protected":false},"author":2,"featured_media":0,"parent":0,"menu_order":0,"comment_status":"closed","ping_status":"closed","template":"","meta":{"footnotes":""},"class_list":["post-13004","page","type-page","status-publish","hentry","latest_post"],"_links":{"self":[{"href":"https:\/\/www.leaplytics.de\/pt_br\/wp-json\/wp\/v2\/pages\/13004","targetHints":{"allow":["GET"]}}],"collection":[{"href":"https:\/\/www.leaplytics.de\/pt_br\/wp-json\/wp\/v2\/pages"}],"about":[{"href":"https:\/\/www.leaplytics.de\/pt_br\/wp-json\/wp\/v2\/types\/page"}],"author":[{"embeddable":true,"href":"https:\/\/www.leaplytics.de\/pt_br\/wp-json\/wp\/v2\/users\/2"}],"replies":[{"embeddable":true,"href":"https:\/\/www.leaplytics.de\/pt_br\/wp-json\/wp\/v2\/comments?post=13004"}],"version-history":[{"count":4,"href":"https:\/\/www.leaplytics.de\/pt_br\/wp-json\/wp\/v2\/pages\/13004\/revisions"}],"predecessor-version":[{"id":13338,"href":"https:\/\/www.leaplytics.de\/pt_br\/wp-json\/wp\/v2\/pages\/13004\/revisions\/13338"}],"wp:attachment":[{"href":"https:\/\/www.leaplytics.de\/pt_br\/wp-json\/wp\/v2\/media?parent=13004"}],"curies":[{"name":"wp","href":"https:\/\/api.w.org\/{rel}","templated":true}]}}