{"id":13065,"date":"2024-01-02T13:16:49","date_gmt":"2024-01-02T12:16:49","guid":{"rendered":"https:\/\/www.leaplytics.de\/?page_id=13065"},"modified":"2024-01-02T13:16:50","modified_gmt":"2024-01-02T12:16:50","slug":"gerenciamento-de-riscos-de-seguranca-cibernetica-da-power-bi","status":"publish","type":"page","link":"https:\/\/www.leaplytics.de\/pt_br\/gerenciamento-de-riscos-de-seguranca-cibernetica-da-power-bi\/","title":{"rendered":"Power BI: Gerenciamento de riscos de seguran\u00e7a cibern\u00e9tica"},"content":{"rendered":"<h3 class=\"wp-block-heading has-medium-font-size\">Introdu\u00e7\u00e3o<\/h3>\n\n\n\n<p>No atual mundo digital em ritmo acelerado, o gerenciamento dos riscos de seguran\u00e7a cibern\u00e9tica \u00e9 crucial. Este artigo analisa os principais insights sobre o gerenciamento de riscos de seguran\u00e7a cibern\u00e9tica. Enfatizamos a necessidade de as organiza\u00e7\u00f5es adotarem estrat\u00e9gias de gerenciamento de riscos no Power BI.<\/p>\n\n\n\n<h3 class=\"wp-block-heading has-medium-font-size\">Compreens\u00e3o e otimiza\u00e7\u00e3o das estrat\u00e9gias de seguran\u00e7a cibern\u00e9tica<\/h3>\n\n\n\n<p>Em todo o mundo, as organiza\u00e7\u00f5es investem em iniciativas de seguran\u00e7a cibern\u00e9tica para atenuar os riscos e reduzir os custos, evitando viola\u00e7\u00f5es de dados e tempo de inatividade n\u00e3o planejado. Um aspecto fundamental \u00e9 entender os tipos de riscos enfrentados. Isso permite que as empresas criem estrat\u00e9gias eficazes de gerenciamento de riscos.<\/p>\n\n\n\n<p><strong>Etapa 1 - Classifica\u00e7\u00e3o granular de riscos: <\/strong><br>O gerenciamento eficaz de riscos envolve a classifica\u00e7\u00e3o dos riscos com precis\u00e3o. Essa abordagem granular permite que as organiza\u00e7\u00f5es identifiquem e classifiquem as poss\u00edveis amea\u00e7as.<\/p>\n\n\n\n<p><strong>Etapa 2 - Detec\u00e7\u00e3o proativa de riscos: <\/strong><br>Uma abordagem proativa para a detec\u00e7\u00e3o de riscos \u00e9 fundamental. As organiza\u00e7\u00f5es precisam identificar poss\u00edveis amea\u00e7as antes que elas aumentem, aprimorando a prepara\u00e7\u00e3o para a seguran\u00e7a.<\/p>\n\n\n\n<p><strong>Etapa 3 - Mitiga\u00e7\u00e3o eficiente de riscos: <\/strong><br>A mitiga\u00e7\u00e3o eficiente de riscos avalia os riscos com base na probabilidade e no impacto. A aloca\u00e7\u00e3o adequada de recursos minimiza a probabilidade de ocorr\u00eancias e otimiza o gerenciamento de riscos.<\/p>\n\n\n\n<h3 class=\"wp-block-heading has-medium-font-size\">Indicadores-chave de desempenho (KPIs) em seguran\u00e7a cibern\u00e9tica<\/h3>\n\n\n\n<p>A integra\u00e7\u00e3o de KPIs ao gerenciamento de riscos de seguran\u00e7a cibern\u00e9tica fornece insights acion\u00e1veis:<\/p>\n\n\n\n<ul class=\"wp-block-list\">\n<li> Resposta r\u00e1pida a incidentes: A a\u00e7\u00e3o instant\u00e2nea quando h\u00e1 um problema \u00e9 fundamental para manter as coisas sob controle. (KPI: <strong>Tempo de resposta<\/strong>)<\/li>\n<\/ul>\n\n\n\n<ul class=\"wp-block-list\">\n<li> Identifica\u00e7\u00e3o de vulnerabilidades: A r\u00e1pida identifica\u00e7\u00e3o e a resolu\u00e7\u00e3o de pontos fracos garantem uma seguran\u00e7a digital aprimorada. (KPI: <strong>Riscos identificados<\/strong>\/mitigado)<\/li>\n<\/ul>\n\n\n\n<ul class=\"wp-block-list\">\n<li>Verifica\u00e7\u00e3o das solu\u00e7\u00f5es de risco: O monitoramento da efic\u00e1cia dos planos de mitiga\u00e7\u00e3o de riscos garante a melhoria cont\u00ednua. (KPI: <strong>Riscos ocorridos<\/strong>Impacto do risco [financeiro])<\/li>\n<\/ul>\n\n\n\n<h3 class=\"wp-block-heading has-medium-font-size\">Matriz de risco para o Power BI<\/h3>\n\n\n\n<figure class=\"wp-block-image size-full\"><img loading=\"lazy\" decoding=\"async\" width=\"1024\" height=\"576\" src=\"https:\/\/www.leaplytics.de\/wp-content\/uploads\/2024\/01\/Risk-Matrix.jpg\" alt=\"\" class=\"wp-image-13066\" srcset=\"https:\/\/www.leaplytics.de\/wp-content\/uploads\/2024\/01\/Risk-Matrix.jpg 1024w, https:\/\/www.leaplytics.de\/wp-content\/uploads\/2024\/01\/Risk-Matrix-300x169.jpg 300w, https:\/\/www.leaplytics.de\/wp-content\/uploads\/2024\/01\/Risk-Matrix-768x432.jpg 768w, https:\/\/www.leaplytics.de\/wp-content\/uploads\/2024\/01\/Risk-Matrix-107x60.jpg 107w\" sizes=\"auto, (max-width: 1024px) 100vw, 1024px\" \/><\/figure>\n\n\n\n<p>Como a matriz de risco no Power BI avalia os riscos:<\/p>\n\n\n\n<p>Compreender a probabilidade e o impacto potencial de um risco ajuda a criar um scorecard de riscos.  Ao combinar essas dimens\u00f5es, as organiza\u00e7\u00f5es podem priorizar os riscos graves.<\/p>\n\n\n\n<p>Na forma de nossa Matriz de Risco para o Power BI, fornecemos as seguintes solu\u00e7\u00f5es:<\/p>\n\n\n\n<ul class=\"wp-block-list\">\n<li> Pain\u00e9is em tempo real: Podemos criar pain\u00e9is que exibem informa\u00e7\u00f5es de seguran\u00e7a em tempo real. Isso nos ajuda a saber como as coisas est\u00e3o seguras a qualquer momento.<\/li>\n<\/ul>\n\n\n\n<ul class=\"wp-block-list\">\n<li>Visualiza\u00e7\u00e3o de dados de risco: A matriz e os gr\u00e1ficos integrados mostram as medidas de risco. Isso facilita a compreens\u00e3o de todos quanto \u00e0 gravidade dos riscos.<\/li>\n<\/ul>\n\n\n\n<ul class=\"wp-block-list\">\n<li> Monitoramento e identifica\u00e7\u00e3o de tend\u00eancias: Podemos usar a Matriz de Risco para verificar se estamos seguindo as regras de seguran\u00e7a. Ela nos ajuda a encontrar \u00e1reas que precisam de mais medidas de seguran\u00e7a e a entender as tend\u00eancias para melhorar a seguran\u00e7a.<\/li>\n<\/ul>\n\n\n\n<div class=\"wp-block-buttons is-layout-flex wp-block-buttons-is-layout-flex\">\n<div class=\"wp-block-button has-custom-font-size\" style=\"font-size:18px\"><a class=\"wp-block-button__link has-background wp-element-button\" href=\"https:\/\/www.leaplytics.de\/pt_br\/pagina-inicial\/gerenciamento-de-projetos-visuais-personalizados-microsoft-powerbi\/visual-personalizado-de-mapa-de-calor-de-risco-para-power-bi\/\" style=\"background-color:#22316d\" rel=\"https:\/\/www.leaplytics.de\/frontpage\/project-management-custom-visuals-microsoft-powerbi\/risk-heatmap-custom-visual-for-power-bi\/\">Confira nossa \"Matriz de risco\" visual personalizada para o Power BI aqui!<\/a><\/div>\n<\/div>\n\n\n\n<p><\/p>\n\n\n\n<h3 class=\"wp-block-heading has-medium-font-size\">Conclus\u00e3o<\/h3>\n\n\n\n<p>Diante da evolu\u00e7\u00e3o das amea\u00e7as digitais, as organiza\u00e7\u00f5es precisam de estrat\u00e9gias ideais de gerenciamento de riscos. Compreender as dimens\u00f5es dos riscos \u00e9 iminente. A ado\u00e7\u00e3o de uma abordagem proativa para atenuar as amea\u00e7as fortalece a seguran\u00e7a cibern\u00e9tica das empresas. O foco est\u00e1 na simplifica\u00e7\u00e3o dos processos para uma abordagem inteligente e eficaz da seguran\u00e7a cibern\u00e9tica.<\/p>","protected":false},"excerpt":{"rendered":"<p>Introdu\u00e7\u00e3o No atual mundo digital em ritmo acelerado, o gerenciamento dos riscos de seguran\u00e7a cibern\u00e9tica \u00e9 crucial. Este artigo analisa os principais insights sobre o gerenciamento de riscos de seguran\u00e7a cibern\u00e9tica. Enfatizamos a necessidade de as organiza\u00e7\u00f5es adotarem estrat\u00e9gias de gerenciamento de riscos no Power BI. Entendendo e otimizando as estrat\u00e9gias de seguran\u00e7a cibern\u00e9tica As organiza\u00e7\u00f5es investem globalmente em iniciativas de seguran\u00e7a cibern\u00e9tica para mitigar os riscos e reduzir os custos, impedindo que os dados ... <\/p>","protected":false},"author":55,"featured_media":13070,"parent":0,"menu_order":0,"comment_status":"closed","ping_status":"closed","template":"","meta":{"footnotes":""},"class_list":["post-13065","page","type-page","status-publish","has-post-thumbnail","hentry","latest_post"],"_links":{"self":[{"href":"https:\/\/www.leaplytics.de\/pt_br\/wp-json\/wp\/v2\/pages\/13065","targetHints":{"allow":["GET"]}}],"collection":[{"href":"https:\/\/www.leaplytics.de\/pt_br\/wp-json\/wp\/v2\/pages"}],"about":[{"href":"https:\/\/www.leaplytics.de\/pt_br\/wp-json\/wp\/v2\/types\/page"}],"author":[{"embeddable":true,"href":"https:\/\/www.leaplytics.de\/pt_br\/wp-json\/wp\/v2\/users\/55"}],"replies":[{"embeddable":true,"href":"https:\/\/www.leaplytics.de\/pt_br\/wp-json\/wp\/v2\/comments?post=13065"}],"version-history":[{"count":0,"href":"https:\/\/www.leaplytics.de\/pt_br\/wp-json\/wp\/v2\/pages\/13065\/revisions"}],"wp:featuredmedia":[{"embeddable":true,"href":"https:\/\/www.leaplytics.de\/pt_br\/wp-json\/wp\/v2\/media\/13070"}],"wp:attachment":[{"href":"https:\/\/www.leaplytics.de\/pt_br\/wp-json\/wp\/v2\/media?parent=13065"}],"curies":[{"name":"wp","href":"https:\/\/api.w.org\/{rel}","templated":true}]}}