{"id":13103,"date":"2024-01-22T16:06:43","date_gmt":"2024-01-22T15:06:43","guid":{"rendered":"https:\/\/www.leaplytics.de\/?page_id=13103"},"modified":"2024-01-22T16:06:43","modified_gmt":"2024-01-22T15:06:43","slug":"changelog-matriz-de-risco-power-bi","status":"publish","type":"page","link":"https:\/\/www.leaplytics.de\/pt_br\/changelog-matriz-de-risco-power-bi\/","title":{"rendered":"Registro de altera\u00e7\u00f5es - Matriz de risco do Power BI"},"content":{"rendered":"<p>23\/09 - Cores de ladrilhos personalizados: A interface da web agora est\u00e1 dispon\u00edvel on-line em <a href=\"https:\/\/www.leaplytics.de\/pt_br\/custom-colors\/\" target=\"_blank\" rel=\"noreferrer noopener\">https:\/\/www.leaplytics.de\/custom-colors\/<\/a>.<\/p>\n\n\n\n<p>23\/07 - Formata\u00e7\u00e3o condicional: Personalize a cor dos riscos com base em determinadas condi\u00e7\u00f5es (por exemplo, departamento, prioridade ou status)<\/p>\n\n\n\n<p>23\/06 - R\u00f3tulos de eixo: Foi adicionado o suporte a caracteres especiais.<\/p>\n\n\n\n<p>23\/05 - N\u00famero m\u00e1ximo de riscos por telha: Aumentado para 100.<\/p>\n\n\n\n<p>23\/05 - Sele\u00e7\u00e3o m\u00faltipla de riscos dispon\u00edvel.<\/p>\n\n\n\n<p>23\/03 - Detalhamento da otimiza\u00e7\u00e3o de riscos: Clique com o bot\u00e3o direito do mouse em um risco para navegar at\u00e9 uma p\u00e1gina espec\u00edfica.<\/p>","protected":false},"excerpt":{"rendered":"<p>09\/23 &#8211; Custom Tile Colors: The web interface is now available online at https:\/\/www.leaplytics.de\/custom-colors\/. 07\/23 &#8211; Conditional formatting: Customize the color of risks based on certain conditions (e.g. department, priority or status) 06\/23 &#8211; Axis Labels: Support for special characters has been added. 05\/23 &#8211; Maximum Number of Risks per Tile: Increased to 100. 05\/23 &hellip; <\/p>","protected":false},"author":2,"featured_media":0,"parent":0,"menu_order":0,"comment_status":"closed","ping_status":"closed","template":"","meta":{"footnotes":""},"class_list":["post-13103","page","type-page","status-publish","hentry","latest_post"],"_links":{"self":[{"href":"https:\/\/www.leaplytics.de\/pt_br\/wp-json\/wp\/v2\/pages\/13103","targetHints":{"allow":["GET"]}}],"collection":[{"href":"https:\/\/www.leaplytics.de\/pt_br\/wp-json\/wp\/v2\/pages"}],"about":[{"href":"https:\/\/www.leaplytics.de\/pt_br\/wp-json\/wp\/v2\/types\/page"}],"author":[{"embeddable":true,"href":"https:\/\/www.leaplytics.de\/pt_br\/wp-json\/wp\/v2\/users\/2"}],"replies":[{"embeddable":true,"href":"https:\/\/www.leaplytics.de\/pt_br\/wp-json\/wp\/v2\/comments?post=13103"}],"version-history":[{"count":2,"href":"https:\/\/www.leaplytics.de\/pt_br\/wp-json\/wp\/v2\/pages\/13103\/revisions"}],"predecessor-version":[{"id":13441,"href":"https:\/\/www.leaplytics.de\/pt_br\/wp-json\/wp\/v2\/pages\/13103\/revisions\/13441"}],"wp:attachment":[{"href":"https:\/\/www.leaplytics.de\/pt_br\/wp-json\/wp\/v2\/media?parent=13103"}],"curies":[{"name":"wp","href":"https:\/\/api.w.org\/{rel}","templated":true}]}}