{"id":13130,"date":"2024-02-19T14:11:39","date_gmt":"2024-02-19T13:11:39","guid":{"rendered":"https:\/\/www.leaplytics.de\/?page_id=13130"},"modified":"2024-02-20T10:03:59","modified_gmt":"2024-02-20T09:03:59","slug":"deixe-a-power-bi-dar-um-salto-em-seu-gerenciamento-de-projetos","status":"publish","type":"page","link":"https:\/\/www.leaplytics.de\/pt_br\/deixe-a-power-bi-dar-um-salto-em-seu-gerenciamento-de-projetos\/","title":{"rendered":"Deixe o Power BI dar um salto em seu gerenciamento de projetos"},"content":{"rendered":"<p>No cen\u00e1rio din\u00e2mico do gerenciamento de projetos, em que a precis\u00e3o e a previs\u00e3o s\u00e3o fundamentais, o aproveitamento da tecnologia \u00e9 crucial. O Microsoft Power BI surgiu como um divisor de \u00e1guas. O Power BI oferece aos gerentes de projeto uma plataforma din\u00e2mica para aprimorar seus processos de tomada de decis\u00e3o.<\/p>\n\n\n\n<p>Neste guia abrangente, exploraremos como o Power BI pode elevar o n\u00edvel de cada fase<sup>1 <\/sup>do gerenciamento de projetos. Falamos sobre os aspectos fundamentais de um painel de gerenciamento de projetos eficiente.<\/p>\n\n\n\n<h3 class=\"wp-block-heading\" style=\"font-size:30px\">Fase de planejamento do projeto<\/h3>\n\n\n\n<p class=\"has-medium-font-size\">1. <strong>Definir o problema real:<\/strong><\/p>\n\n\n\n<p>Antes de mergulhar no projeto, \u00e9 fundamental identificar o problema que voc\u00ea est\u00e1 tentando resolver. O Power BI auxilia nessa tarefa, ajudando voc\u00ea a analisar dados hist\u00f3ricos, identificar padr\u00f5es e descobrir problemas subjacentes. Visualize os fatores de sucesso e fracasso de projetos anteriores para tomar decis\u00f5es informadas.<\/p>\n\n\n\n<p class=\"has-medium-font-size\">2. <strong>Identificar as partes interessadas:<\/strong><\/p>\n\n\n\n<p>Os recursos do Power BI se estendem ao gerenciamento das partes interessadas. Crie recursos visuais que destaquem as v\u00e1rias fun\u00e7\u00f5es ou indiv\u00edduos afetados pelo projeto. Use organogramas interativos para mostrar suas contribui\u00e7\u00f5es e expectativas. Assim, garantimos o alinhamento desde o in\u00edcio.<\/p>\n\n\n\n<p class=\"has-medium-font-size\">3. <strong>Definir os objetivos do projeto:<\/strong><\/p>\n\n\n\n<p>A elabora\u00e7\u00e3o de metas expl\u00edcitas e gerenci\u00e1veis \u00e9 um desafio. As expectativas e as metas das partes interessadas tamb\u00e9m podem mudar durante o projeto. A flexibilidade do Power BI permite que voc\u00ea adapte os objetivos \u00e0 medida que coleta mais informa\u00e7\u00f5es. Por exemplo, crie recursos visuais que atualizem os objetivos com base em dados em tempo real.<\/p>\n\n\n\n<p class=\"has-medium-font-size\">4. <strong>Determinar o escopo, os recursos e as principais tarefas:<\/strong><\/p>\n\n\n\n<p>Visualize o escopo e as tarefas do projeto, estime cronogramas e custos. Isso ajuda a garantir que voc\u00ea tenha uma compreens\u00e3o clara dos requisitos de recursos. Use o Power BI para dividir atividades complexas com uma estrutura de divis\u00e3o de trabalho (WBS).<\/p>\n\n\n\n<p class=\"has-medium-font-size\">5. <strong>Prepare-se para compensa\u00e7\u00f5es:<\/strong><\/p>\n\n\n\n<p>O Power BI ajuda a estabelecer um equil\u00edbrio entre tempo, custo e qualidade. Integre seus dados para criar recursos visuais que mostrem como as varia\u00e7\u00f5es nessas vari\u00e1veis afetam os resultados do projeto. Essa transpar\u00eancia facilita a tomada de decis\u00f5es informadas e o alinhamento das partes interessadas.<\/p>\n\n\n\n<h3 class=\"wp-block-heading\" style=\"font-size:30px\">Fase de constru\u00e7\u00e3o do projeto<\/h3>\n\n\n\n<p class=\"has-medium-font-size\">6. <strong>Monte sua equipe:<\/strong><\/p>\n\n\n\n<p>Aproveite o Power BI para avaliar as habilidades necess\u00e1rias e visualizar a composi\u00e7\u00e3o da equipe. Use recursos visuais para identificar lacunas de habilidades, planejar o treinamento e equipar sua equipe para o sucesso.<\/p>\n\n\n\n<p class=\"has-medium-font-size\">7. <strong>Planejar atribui\u00e7\u00f5es:<\/strong><\/p>\n\n\n\n<p>Crie recursos visuais que facilitem a comunica\u00e7\u00e3o transparente dentro da equipe. Visualize tarefas, habilidades necess\u00e1rias e conjuntos de habilidades individuais, garantindo uma din\u00e2mica de equipe coesa.<\/p>\n\n\n\n<p class=\"has-medium-font-size\">8. <strong>Criar o cronograma:<\/strong><\/p>\n\n\n\n<p>Os recursos do Power BI se estendem \u00e0 programa\u00e7\u00e3o de projetos por meio de gr\u00e1ficos de Gantt. Desenvolva recursos visuais que ilustrem cronogramas, identifiquem caminhos cr\u00edticos e se alinhem a prazos fixos. Mantenha um cronograma realista dentro das restri\u00e7\u00f5es.<\/p>\n\n\n\n<p class=\"has-medium-font-size\">9. <strong>Realize uma reuni\u00e3o inicial:<\/strong><\/p>\n\n\n\n<p>A maioria dos recursos visuais do Power BI pode ser exportada para o MS PowerPoint. Durante a reuni\u00e3o inicial, use os recursos visuais do Power BI para explicar o plano, os objetivos e o cronograma do projeto. Incentive os membros da equipe a fornecer informa\u00e7\u00f5es, promovendo a colabora\u00e7\u00e3o e o entendimento compartilhado.<\/p>\n\n\n\n<p class=\"has-medium-font-size\">10. <strong>Desenvolver um or\u00e7amento:<\/strong><\/p>\n\n\n\n<p>Use o Power BI para criar um or\u00e7amento abrangente. Visualize os custos em todas as categorias, busque a opini\u00e3o das partes interessadas e mantenha a flexibilidade dentro das limita\u00e7\u00f5es or\u00e7ament\u00e1rias.<\/p>\n\n\n\n<h3 class=\"wp-block-heading\" style=\"font-size:30px\">Fase de implementa\u00e7\u00e3o do projeto<\/h3>\n\n\n\n<p class=\"has-medium-font-size\">11. <strong>Monitorar e controlar o processo e o or\u00e7amento:<\/strong><\/p>\n\n\n\n<p>Instale recursos visuais de monitoramento de projetos no Power BI, como a nossa Matriz de Riscos do Power BI. A visualiza\u00e7\u00e3o dos riscos juntamente com o progresso do projeto permite uma vis\u00e3o hol\u00edstica dos poss\u00edveis desafios. Veja como:<\/p>\n\n\n\n<p><strong>Avalia\u00e7\u00e3o de probabilidade e impacto de risco:<\/strong> A Risk Matrix for Power BI auxilia na avalia\u00e7\u00e3o do impacto e da probabilidade de cada risco. Use c\u00e9lulas codificadas por cores para representar a gravidade dos riscos. Isso permite a r\u00e1pida identifica\u00e7\u00e3o de \u00e1reas de alto impacto.<\/p>\n\n\n\n<p><strong>Rastreamento de or\u00e7amento em tempo real:<\/strong> Combine os recursos visuais de controle or\u00e7ament\u00e1rio com a Matriz de Riscos. Atribua implica\u00e7\u00f5es or\u00e7ament\u00e1rias a cada risco identificado, fornecendo uma vis\u00e3o geral abrangente dos poss\u00edveis impactos financeiros. \u00c0 medida que os riscos evoluem, os visuais do or\u00e7amento s\u00e3o atualizados em tempo real, garantindo um monitoramento financeiro preciso.<\/p>\n\n\n\n<p><strong>Perfura\u00e7\u00e3o para an\u00e1lise detalhada:<\/strong> Avance a Risk Matrix por meio de funcionalidades de detalhamento. O aprofundamento em um risco espec\u00edfico pode incluir uma an\u00e1lise detalhada, exibindo as implica\u00e7\u00f5es financeiras relevantes e as estrat\u00e9gias de mitiga\u00e7\u00e3o necess\u00e1rias.<\/p>\n\n\n\n<div class=\"wp-block-buttons is-layout-flex wp-block-buttons-is-layout-flex\">\n<div class=\"wp-block-button has-custom-font-size\" style=\"font-size:18px\"><a class=\"wp-block-button__link has-background wp-element-button\" href=\"https:\/\/www.leaplytics.de\/pt_br\/pagina-inicial\/gerenciamento-de-projetos-visuais-personalizados-microsoft-powerbi\/visual-personalizado-de-mapa-de-calor-de-risco-para-power-bi\/\" style=\"background-color:#22316d\">Confira nossa \"Matriz de risco\" visual personalizada para o Power BI aqui!<\/a><\/div>\n<\/div>\n\n\n\n<p><\/p>\n\n\n\n<p class=\"has-medium-font-size\">12. <strong>Resposta flex\u00edvel a mudan\u00e7as:<\/strong><\/p>\n\n\n\n<p>Os recursos de dados em tempo real do Power BI permitem que voc\u00ea responda prontamente \u00e0s mudan\u00e7as. Visualize os dados para identificar poss\u00edveis problemas, permitindo a tomada de decis\u00f5es proativas e corre\u00e7\u00f5es de curso.<\/p>\n\n\n\n<p class=\"has-medium-font-size\">13. <strong>Relat\u00f3rio de progresso:<\/strong><\/p>\n\n\n\n<p>Crie recursos visuais para que as partes interessadas forne\u00e7am atualiza\u00e7\u00f5es regulares e relat\u00f3rios de status. A exporta\u00e7\u00e3o de recursos visuais para o PowerPoint facilitar\u00e1 as reuni\u00f5es regulares de status. O Power BI permite que voc\u00ea personalize relat\u00f3rios com base nas prefer\u00eancias das partes interessadas, promovendo a transpar\u00eancia e a confian\u00e7a.<\/p>\n\n\n\n<p class=\"has-medium-font-size\">14. <strong>Realize reuni\u00f5es semanais com a equipe:<\/strong><\/p>\n\n\n\n<p>Use o Power BI para estruturar reuni\u00f5es de equipe em torno de m\u00e9tricas importantes. Visualize dados de desempenho, discuta metas n\u00e3o atingidas e comemore os sucessos. A ferramenta ajuda a manter o foco nas atividades essenciais e mant\u00e9m a equipe alinhada.<\/p>\n\n\n\n<p class=\"has-medium-font-size\">15. <strong>Gerenciar problemas:<\/strong><\/p>\n\n\n\n<p>Os recursos visuais do Power BI podem ajudar a identificar e gerenciar problemas emergentes. Observe a din\u00e2mica da equipe e as m\u00e9tricas do projeto para resolver os problemas antes que eles aumentem. Aqui, a Matriz de Riscos ajuda a rastrear e abordar os riscos para evitar resultados adversos.<\/p>\n\n\n\n<h3 class=\"wp-block-heading\" style=\"font-size:30px\">Fase de encerramento do projeto<\/h3>\n\n\n\n<p class=\"has-medium-font-size\">16. <strong>Avaliar o desempenho do projeto:<\/strong><\/p>\n\n\n\n<p>Use o Power BI para comparar o progresso do projeto com o escopo definido inicialmente. Visualize as m\u00e9tricas de desempenho para iniciar discuss\u00f5es com as partes interessadas sobre a conclus\u00e3o e o sucesso do projeto. Al\u00e9m disso, compare as m\u00e9tricas do projeto com os sucessos ou fracassos de projetos anteriores.<\/p>\n\n\n\n<p class=\"has-medium-font-size\">17. <strong>Fechar o projeto:<\/strong><\/p>\n\n\n\n<p>Visualize as etapas envolvidas na conclus\u00e3o do projeto. O Power BI ajuda a documentar e comunicar os processos de encerramento do projeto. Assim, garantimos uma transi\u00e7\u00e3o suave dos resultados.<\/p>\n\n\n\n<h3 class=\"wp-block-heading\" style=\"font-size:30px\">An\u00e1lise<\/h3>\n\n\n\n<p>Integre o Power BI em cada fase do projeto para criar um painel de projeto abrangente e din\u00e2mico. Nem todos os recursos visuais s\u00e3o obrigat\u00f3rios, mas a aplica\u00e7\u00e3o do Power BI o ajudar\u00e1 a manter o controle do projeto em todas as fases. Capacite sua equipe com insights acion\u00e1veis, promova a colabora\u00e7\u00e3o e navegue pelas complexidades do gerenciamento de projetos. O sucesso do projeto n\u00e3o \u00e9 mais apenas uma meta, com o Power BI \u00e9 uma jornada visualizada.<\/p>\n\n\n\n<p><\/p>\n\n\n\n<hr class=\"wp-block-separator has-alpha-channel-opacity\"\/>\n\n\n\n<p class=\"has-small-font-size\"><sup>1<\/sup> As fases do projeto neste artigo s\u00e3o baseadas no artigo a seguir: <a href=\"https:\/\/hbr.org\/2016\/11\/the-four-phases-of-project-management\">Harvard Business Review. (2016, 3 de novembro). <em>As quatro fases do gerenciamento de projetos<\/em>.<\/a><\/p>","protected":false},"excerpt":{"rendered":"<p>No cen\u00e1rio din\u00e2mico do gerenciamento de projetos, em que a precis\u00e3o e a previs\u00e3o s\u00e3o fundamentais, o aproveitamento da tecnologia \u00e9 crucial. O Microsoft Power BI surgiu como um divisor de \u00e1guas. O Power BI oferece aos gerentes de projeto uma plataforma din\u00e2mica para aprimorar seus processos de tomada de decis\u00e3o. Neste guia abrangente, exploraremos como o Power BI pode elevar o n\u00edvel de cada fase1 do projeto... <\/p>","protected":false},"author":55,"featured_media":13133,"parent":0,"menu_order":0,"comment_status":"closed","ping_status":"closed","template":"","meta":{"footnotes":"[]"},"class_list":["post-13130","page","type-page","status-publish","has-post-thumbnail","hentry","latest_post"],"_links":{"self":[{"href":"https:\/\/www.leaplytics.de\/pt_br\/wp-json\/wp\/v2\/pages\/13130","targetHints":{"allow":["GET"]}}],"collection":[{"href":"https:\/\/www.leaplytics.de\/pt_br\/wp-json\/wp\/v2\/pages"}],"about":[{"href":"https:\/\/www.leaplytics.de\/pt_br\/wp-json\/wp\/v2\/types\/page"}],"author":[{"embeddable":true,"href":"https:\/\/www.leaplytics.de\/pt_br\/wp-json\/wp\/v2\/users\/55"}],"replies":[{"embeddable":true,"href":"https:\/\/www.leaplytics.de\/pt_br\/wp-json\/wp\/v2\/comments?post=13130"}],"version-history":[{"count":7,"href":"https:\/\/www.leaplytics.de\/pt_br\/wp-json\/wp\/v2\/pages\/13130\/revisions"}],"predecessor-version":[{"id":13144,"href":"https:\/\/www.leaplytics.de\/pt_br\/wp-json\/wp\/v2\/pages\/13130\/revisions\/13144"}],"wp:featuredmedia":[{"embeddable":true,"href":"https:\/\/www.leaplytics.de\/pt_br\/wp-json\/wp\/v2\/media\/13133"}],"wp:attachment":[{"href":"https:\/\/www.leaplytics.de\/pt_br\/wp-json\/wp\/v2\/media?parent=13130"}],"curies":[{"name":"wp","href":"https:\/\/api.w.org\/{rel}","templated":true}]}}