{"id":13717,"date":"2025-05-12T15:34:59","date_gmt":"2025-05-12T13:34:59","guid":{"rendered":"https:\/\/www.leaplytics.de\/?page_id=13717"},"modified":"2025-05-12T15:35:01","modified_gmt":"2025-05-12T13:35:01","slug":"depoimentos","status":"publish","type":"page","link":"https:\/\/www.leaplytics.de\/pt_br\/depoimentos\/","title":{"rendered":"Depoimentos"},"content":{"rendered":"<p><em>&#8220;<strong>Estamos usando o visual LeapLytics Risk Matrix \/ Heatmap no Power BI h\u00e1 mais de um ano.<\/strong><br>Ele se tornou uma ferramenta indispens\u00e1vel para a nossa equipe. Seu design intuitivo e seus recursos personaliz\u00e1veis nos permitem visualizar e priorizar os riscos de forma eficaz, possibilitando que nos concentremos nas \u00e1reas mais cr\u00edticas. A capacidade de adaptar a matriz \u00e0s nossas necessidades espec\u00edficas melhorou significativamente nossos processos de avalia\u00e7\u00e3o de riscos. Recomendo fortemente esse plug-in para qualquer equipe que queira aprimorar seus recursos de gerenciamento de riscos no Power BI.\"<\/em> (An\u00f4nimo)<\/p>\n\n\n\n<p><em>&#8220;<strong>Mudan\u00e7a de jogo<\/strong> - Esse aplicativo economizou centenas de horas de desenvolvimento, horas de resolu\u00e7\u00e3o de problemas e quaisquer outras dores de cabe\u00e7a que acompanham a cria\u00e7\u00e3o de um aplicativo desde o in\u00edcio. Esse aplicativo foi muito f\u00e1cil de conectar a um aplicativo que est\u00e1vamos desenvolvendo, al\u00e9m de ser visualmente atraente e f\u00e1cil de usar. Recomendo fortemente a qualquer pessoa que queira economizar horas de desenvolvimento e tempo para obter algo que j\u00e1 foi testado em batalha!\"<\/em> (An\u00f4nimo)<\/p>\n\n\n\n<p><em>\"O visual da Matriz de Risco na plataforma Power BI tem sido usado como um <strong>ferramenta estrat\u00e9gica<\/strong> para gerenciar atividades de manuten\u00e7\u00e3o cr\u00edticas, fornecendo uma visualiza\u00e7\u00e3o r\u00e1pida e eficaz dos riscos associados a cada ativo. A matriz mapeia visualmente a criticidade do ativo com base em seu n\u00edvel de impacto e probabilidade de falha, apoiando diretamente a prioriza\u00e7\u00e3o de a\u00e7\u00f5es corretivas e preventivas. <br>Esse recurso ajuda a identificar os itens de manuten\u00e7\u00e3o com maior relev\u00e2ncia operacional, contribuindo para uma gest\u00e3o mais assertiva de recursos, equipes e prazos, principalmente em cen\u00e1rios complexos, como paradas ou interven\u00e7\u00f5es emergenciais. Al\u00e9m disso, sua interface interativa e personaliz\u00e1vel permite atualiza\u00e7\u00f5es e simula\u00e7\u00f5es em tempo real, tornando o processo de tomada de decis\u00e3o mais r\u00e1pido e orientado por dados.<br>O uso desse visual tamb\u00e9m fortalece a governan\u00e7a da manuten\u00e7\u00e3o baseada em riscos, alinhando os esfor\u00e7os t\u00e9cnicos com as metas estrat\u00e9gicas da organiza\u00e7\u00e3o para a confiabilidade e disponibilidade dos ativos.\"<\/em> (CENIBRA)<\/p>\n\n\n\n<p><em>&#8220;<strong>Visual fant\u00e1stico<\/strong> - Tenho experimentado esse visual em v\u00e1rios relat\u00f3rios e ele \u00e9 muito f\u00e1cil de usar, mas muito poderoso. A representa\u00e7\u00e3o visual dos riscos dentro dessa matriz me poupou in\u00fameras horas, pois posso direcionar minha aten\u00e7\u00e3o para as se\u00e7\u00f5es que est\u00e3o sinalizadas como de alto impacto. A Leaplytics tamb\u00e9m \u00e9 muito receptiva por e-mail. Eu recomendo muito esse plug-in da Leaplytics.\"<\/em> (An\u00f4nimo)<\/p>\n\n\n\n<p><em>&#8220;<strong>Eu costumava gostar de mapas de calor, agora eu os adoro<\/strong> - Eu sempre tive problemas ao tentar criar um mapa de calor. Este tem um grande poder de contar hist\u00f3rias e \u00e9 muito f\u00e1cil de usar.\"<\/em> (Raphael de Taranto)<\/p>\n\n\n\n<p><em>&#8220;<strong>Excelente aplicativo<\/strong> - Este \u00e9 um aplicativo indispens\u00e1vel se voc\u00ea trabalha com riscos. \u00c9 f\u00e1cil de instalar e altamente configur\u00e1vel para atender \u00e0s suas necessidades.\"<\/em> (Roy Varghese)<\/p>\n\n\n\n<p><em>&#8220;<strong>\u00d3timo painel de controle para relat\u00f3rios de risco<\/strong> - O painel oferece um excelente visual dos riscos e n\u00f3s o incorporamos em muitos pain\u00e9is de relat\u00f3rios de riscos corporativos. A LeapLytics continua aprimorando os recursos do painel, incluindo a capacidade de codificar por cores os pontos. Recomendo enfaticamente esse plug-in de aplicativo de mapa de calor de risco para aprimorar os pain\u00e9is do Power BI. A capacidade de resposta \u00e0s perguntas e o suporte tamb\u00e9m s\u00e3o um ponto positivo.\"<\/em> (Becky Sterrett)<\/p>\n\n\n\n<p><em>&#8220;<strong>\u00d3timo mapa de calor de risco<\/strong> - A ferramenta de mapa de calor de riscos tem sido muito \u00fatil para comunicar os riscos corporativos e os n\u00edveis de risco \u00e0s partes interessadas. F\u00e1cil de usar e com bom visual.\"<\/em> (An\u00f4nimo)<\/p>\n\n\n\n<p class=\"has-text-align-left\"><em>&#8220;<strong>Essa ferramenta \u00e9 f\u00e1cil de usar<\/strong> e apresenta efetivamente as pontua\u00e7\u00f5es de risco em um formato claro e de f\u00e1cil compreens\u00e3o.\"<\/em> (Scott Nicol)<\/p>\n\n\n\n<p><em>&#8220;<strong>\u00d3tima ferramenta<\/strong> - Essa ferramenta tem sido fundamental em nosso esfor\u00e7o cont\u00ednuo para simplificar nosso processo de pontua\u00e7\u00e3o de risco. Oferece um \u00f3timo visual para avaliar rapidamente o perfil de risco.\"<\/em> (An\u00f4nimo)<\/p>\n\n\n\n<p><em>&#8220;<strong>Matriz de risco<\/strong> - Fiquei muito feliz ao encontrar essa ferramenta e com a forma como ela tem funcionado do ponto de vista do Gerenciamento de Riscos\/relat\u00f3rios - \u00e9 uma \u00f3tima maneira de visualizar e analisar os registros de riscos com foco nos riscos principais\/elevados. Tamb\u00e9m foi fant\u00e1stico lidar com a equipe, que forneceu suporte e se envolveu comigo sobre como eu a utilizo e como melhorar.\"<\/em> (An\u00f4nimo)<\/p>\n\n\n\n<p><em>&#8220;<strong>Ele funciona exatamente como esperado e anunciado.<\/strong> - Adquiri uma licen\u00e7a para este aplicativo h\u00e1 quase 9 meses, instalei-o em v\u00e1rios relat\u00f3rios que est\u00e3o sendo usados por centenas de pessoas em todo o mundo e s\u00f3 tive feedback positivo dos usu\u00e1rios.\"<\/em> (Small, Roy)<\/p>\n\n\n\n<p><em>&#8220;<strong>Uma \u00f3tima ferramenta para visualizar o hist\u00f3rico de sua matriz de risco<\/strong> - Uma das melhores ferramentas especiais para gerenciar o registro da matriz de risco e exibi-lo de forma profissional Eu projetei essa ferramenta e a apresentei \u00e0 ger\u00eancia 1- Excelente design 2- Flexibilidade 3- F\u00e1cil de usar 4- Recomendo aproveit\u00e1-la Na verdade, era isso que eu estava procurando Obrigado, Stefan Preusler Obrigado, equipe da LeapLytics GmbH\"<\/em> (\u0645\u062d\u064a\u064a \u0627\u0644\u062f\u064a\u0646)<\/p>\n\n\n\n<p><em>&#8220;<strong>Vale muito a pena<\/strong> - Tudo o que quer\u00edamos alcan\u00e7ar com uma matriz de risco, conseguimos implementar com essa visualiza\u00e7\u00e3o. Valeu muito a pena.\"<\/em> (An\u00f4nimo)<\/p>\n\n\n\n<p><em>&#8220;<strong>\u00d3tima solu\u00e7\u00e3o para auditores!<\/strong> - O objeto visual atende perfeitamente \u00e0s demandas e aos requisitos de uma matriz de risco para auditores\" (David L\u00f3pez Morales)<\/em><\/p>\n\n\n\n<p><em>&#8220;<strong>Bom visual<\/strong> para apoiar as conversas sobre riscos\".<\/em> (Elleke Bosworth)<\/p>\n\n\n\n<p><em>&#8220;<strong>\u00d3timo visual<\/strong> - Eu estava procurando uma solu\u00e7\u00e3o funcional para visualizar meus riscos. Esse visual funciona muito bem para mim e est\u00e1 pronto para ser usado em poucos minutos. A interatividade funciona bem e parece \"de verdade\".\"<\/em> (An\u00f4nimo)<\/p>\n\n\n\n<p><em>&#8220;<strong>\u00d3tima ferramenta visual de risco<\/strong> - Ferramenta incr\u00edvel para visualizar o mapa de calor de riscos, muito eficaz e f\u00e1cil de acessar\"<\/em> (An\u00f4nimo)<\/p>\n\n\n\n<p><em>&#8220;<strong>Ferramenta indispens\u00e1vel para o gerenciamento de riscos<\/strong> - Essa ferramenta \u00e9 f\u00e1cil de usar e apresenta com efic\u00e1cia as pontua\u00e7\u00f5es de risco em um formato claro e de f\u00e1cil compreens\u00e3o.\"<\/em> (An\u00f4nimo)<\/p>\n\n\n\n<p><em>&#8220;<strong>Ferramenta de gerenciamento de riscos muito \u00fatil<\/strong> - Considero o Risk Heatmap muito \u00fatil em nosso processo de gerenciamento de riscos. Ele ajuda a visualizar o risco de uma forma f\u00e1cil e compreens\u00edvel para a diretoria e para o restante da empresa. Tamb\u00e9m \u00e9 f\u00e1cil de usar e voc\u00ea entende rapidamente como as configura\u00e7\u00f5es funcionam.\"<\/em> (An\u00f4nimo)<\/p>\n\n\n\n<p><em>&#8220;<strong>Excelente complemento!<\/strong> - Estamos usando o mapa de calor do LeapLytics h\u00e1 um ano. \u00c9 f\u00e1cil de usar, tem uma boa rela\u00e7\u00e3o custo-benef\u00edcio e o visual fica \u00f3timo em nosso painel de risco.\"<\/em> (An\u00f4nimo)<\/p>\n\n\n\n<p><em>&#8220;<strong>Perfeito<\/strong> - \u00c9 muito bom, vers\u00e1til e pr\u00e1tico.\"<\/em> (Cynthia Mercedes Anaya Manrique)<\/p>\n\n\n\n<p><em>&#8220;<strong>Excelente visual e resposta<\/strong> - Oferece o visual de que precis\u00e1vamos e a resposta \u00e0s nossas perguntas foi r\u00e1pida e \u00fatil.\"<\/em> (An\u00f4nimo)<\/p>\n\n\n\n<p><em>&#8220;<strong>S\u00f3lido <\/strong>- Visual s\u00f3lido\"<\/em> (An\u00f4nimo)<\/p>","protected":false},"excerpt":{"rendered":"<p>\"Estamos usando o visual LeapLytics Risk Matrix \/ Heatmap no Power BI h\u00e1 mais de um ano e ele se tornou uma ferramenta indispens\u00e1vel para nossa equipe. Seu design intuitivo e seus recursos personaliz\u00e1veis nos permitem visualizar e priorizar os riscos de forma eficaz, permitindo que nos concentremos nas \u00e1reas mais cr\u00edticas. A capacidade de personalizar a matriz ... <\/p>","protected":false},"author":2,"featured_media":0,"parent":0,"menu_order":0,"comment_status":"closed","ping_status":"closed","template":"","meta":{"footnotes":""},"class_list":["post-13717","page","type-page","status-publish","hentry","latest_post"],"_links":{"self":[{"href":"https:\/\/www.leaplytics.de\/pt_br\/wp-json\/wp\/v2\/pages\/13717","targetHints":{"allow":["GET"]}}],"collection":[{"href":"https:\/\/www.leaplytics.de\/pt_br\/wp-json\/wp\/v2\/pages"}],"about":[{"href":"https:\/\/www.leaplytics.de\/pt_br\/wp-json\/wp\/v2\/types\/page"}],"author":[{"embeddable":true,"href":"https:\/\/www.leaplytics.de\/pt_br\/wp-json\/wp\/v2\/users\/2"}],"replies":[{"embeddable":true,"href":"https:\/\/www.leaplytics.de\/pt_br\/wp-json\/wp\/v2\/comments?post=13717"}],"version-history":[{"count":5,"href":"https:\/\/www.leaplytics.de\/pt_br\/wp-json\/wp\/v2\/pages\/13717\/revisions"}],"predecessor-version":[{"id":13725,"href":"https:\/\/www.leaplytics.de\/pt_br\/wp-json\/wp\/v2\/pages\/13717\/revisions\/13725"}],"wp:attachment":[{"href":"https:\/\/www.leaplytics.de\/pt_br\/wp-json\/wp\/v2\/media?parent=13717"}],"curies":[{"name":"wp","href":"https:\/\/api.w.org\/{rel}","templated":true}]}}