{"id":13808,"date":"2025-07-14T10:32:30","date_gmt":"2025-07-14T08:32:30","guid":{"rendered":"https:\/\/www.leaplytics.de\/?page_id=13808"},"modified":"2025-07-14T10:32:31","modified_gmt":"2025-07-14T08:32:31","slug":"gantt-leaplytics-power-bi","status":"publish","type":"page","link":"https:\/\/www.leaplytics.de\/pt_br\/gantt-leaplytics-power-bi\/","title":{"rendered":"Gantt LeapLytics - Power BI"},"content":{"rendered":"<p>\u00c9 simples. N\u00f3s o capacitamos a dar vida \u00e0s linhas do tempo e aos cronogramas de seus projetos diretamente no Power BI. Nosso gr\u00e1fico de Gantt Leaplytics transforma dados complexos de projetos em visualiza\u00e7\u00f5es profissionais, interativas e abrangentes de linhas do tempo. Exiba cronogramas de projetos do Microsoft Project, Primavera P6, Jira, Asana e Azure DevOps exatamente como pretendido.<\/p>\n<blockquote>\n<p>\"Finalmente, um gr\u00e1fico de Gantt que realmente funciona no Power BI! A possibilidade de exibir os cronogramas de nossos projetos com depend\u00eancias e acompanhamento do progresso diretamente em nossos pain\u00e9is executivos, em vez de capturas de tela est\u00e1ticas, transformou nossas apresenta\u00e7\u00f5es de projetos.\"<br \/>- <strong>Johnson M., gerente de intelig\u00eancia de neg\u00f3cios<\/strong> <em>(Setor de constru\u00e7\u00e3o)<\/em><\/p>\n<\/blockquote>\n<h2 id=\"what-s-in-it-for-you-\">O que voc\u00ea ganha com isso?<\/h2>\n<p>Desbloqueie a visualiza\u00e7\u00e3o profissional de projetos para seus pain\u00e9is do Power BI:<\/p>\n<p><strong>Visualize os projetos com beleza:<\/strong> Transforme dados brutos de projetos do Microsoft Project, Primavera P6, Jira, Asana e Azure DevOps em gr\u00e1ficos de Gantt renderizados profissionalmente.<\/p>\n<p><strong>Eliminar o trabalho manual:<\/strong> N\u00e3o \u00e9 mais necess\u00e1rio exportar capturas de tela ou criar manualmente gr\u00e1ficos de linha do tempo. Seus dados de projeto existentes s\u00e3o exibidos como gr\u00e1ficos de Gantt interativos.<\/p>\n<p><strong>Impressionar as partes interessadas:<\/strong> Apresentar pain\u00e9is de projetos profissionais que mantenham a credibilidade em reuni\u00f5es executivas e apresenta\u00e7\u00f5es para as partes interessadas.<\/p>\n<p><strong>Economize tempo:<\/strong> Pare de gastar horas na cria\u00e7\u00e3o manual de linhas do tempo. Conecte os dados do seu projeto e veja as listas de tarefas se transformarem em visualiza\u00e7\u00f5es de Gantt abrangentes.<\/p>\n<blockquote>\n<p>\"Costum\u00e1vamos passar 12 horas por semana criando relat\u00f3rios de linha do tempo em nossas ferramentas de gerenciamento de projetos. Agora, tudo \u00e9 exibido automaticamente como belos gr\u00e1ficos de Gantt interativos. Nossos relat\u00f3rios de status do projeto voltaram a ter um aspecto profissional.\"<br \/>- <strong>Rodriguez A., diretor de an\u00e1lise<\/strong> <em>(Tecnologia para o setor de sa\u00fade)<\/em><\/p>\n<\/blockquote>\n<h2 id=\"how-you-can-benefit\">Como voc\u00ea pode se beneficiar<\/h2>\n<p>Usu\u00e1rios que adotaram nosso relat\u00f3rio visual Leaplytics Gantt Chart:<\/p>\n<p><strong>Elimina\u00e7\u00e3o de pesadelos na linha do tempo:<\/strong> N\u00e3o h\u00e1 mais cria\u00e7\u00e3o manual de gr\u00e1ficos ou capturas de tela de linhas do tempo est\u00e1ticas em apresenta\u00e7\u00f5es.<\/p>\n<p><strong>Aumento da ado\u00e7\u00e3o do painel:<\/strong> As partes interessadas se envolvem mais com gr\u00e1ficos de Gantt interativos que podem ser explorados e compreendidos.<\/p>\n<p><strong>Credibilidade profissional aprimorada:<\/strong> As apresenta\u00e7\u00f5es executivas t\u00eam uma apar\u00eancia refinada e mant\u00eam sua reputa\u00e7\u00e3o como profissional de dados.<\/p>\n<p><strong>Visualiza\u00e7\u00f5es de projeto unificadas:<\/strong> Exiba dados de projetos de v\u00e1rias plataformas empresariais em um gr\u00e1fico de Gantt coeso e interativo do Power BI.<\/p>\n<h2 id=\"key-features\">Principais recursos<\/h2>\n<p><strong>Suporte a v\u00e1rias plataformas:<\/strong> \u00c9 compat\u00edvel com Microsoft Project, Primavera P6, Jira, Asana, Azure DevOps e qualquer dado tabular de projeto.<\/p>\n<p><strong>Mecanismo avan\u00e7ado de linha do tempo:<\/strong><\/p>\n<ul>\n<li>Posicionamento inteligente de tarefas e dimensionamento de datas<\/li>\n<li>Gerenciamento inteligente de tarefas hier\u00e1rquicas para projetos complexos<\/li>\n<\/ul>\n<p><strong>Visualiza\u00e7\u00e3o profissional de projetos:<\/strong> <\/p>\n<ul>\n<li>Renderiza barras de tarefas, depend\u00eancias, marcos e acompanhamento de progresso adequados que respeitam os temas do Power BI<\/li>\n<li>Navega\u00e7\u00e3o interativa na linha do tempo com recursos de zoom e panor\u00e2mica<\/li>\n<\/ul>\n<p><strong>Recursos do Enterprise Project:<\/strong><\/p>\n<ul>\n<li>Depend\u00eancias de tarefas com setas de relacionamento<\/li>\n<li>Acompanhamento do progresso e status de conclus\u00e3o<\/li>\n<li>Visualiza\u00e7\u00e3o de atribui\u00e7\u00e3o de recursos<\/li>\n<li>An\u00e1lise do caminho cr\u00edtico<\/li>\n<\/ul>\n<p><strong>Desempenho otimizado:<\/strong> Renderiza\u00e7\u00e3o eficiente para grandes conjuntos de dados de projetos com mais de 1.000 tarefas e redes de depend\u00eancia complexas.<\/p>\n<p><strong>Integra\u00e7\u00e3o perfeita com o Power BI:<\/strong> Funciona como qualquer outro visual do Power BI, respeitando filtros, segmenta\u00e7\u00f5es e filtragem cruzada.<\/p>\n<p><strong>Configura\u00e7\u00e3o intuitiva:<\/strong> Painel de formato simples com sele\u00e7\u00f5es suspensas para campos de tarefas, datas e op\u00e7\u00f5es de visualiza\u00e7\u00e3o.<\/p>\n<p><strong>Pronto para a empresa:<\/strong> Sistema de licenciamento robusto projetado para implanta\u00e7\u00e3o corporativa com recursos avan\u00e7ados de gerenciamento de projetos.<\/p>\n<h2 id=\"your-team-will-thank-you\">Sua equipe vai agradecer<\/h2>\n<p><em>Cansado de capturas de tela est\u00e1ticas de projetos em apresenta\u00e7\u00f5es executivas?<\/em> Voc\u00ea j\u00e1 teve dificuldades para explicar o status do projeto usando relat\u00f3rios de tabela enfadonhos quando os participantes precisam ver as linhas do tempo? Nosso gr\u00e1fico de Gantt do Leaplytics oferece a solu\u00e7\u00e3o que voc\u00ea estava esperando. \u00c9 o visual que n\u00f3s, como profissionais de gerenciamento de projetos, sempre desejamos que existisse quando tentamos comunicar o status do projeto de forma eficaz.<\/p>\n<blockquote>\n<p>\"A possibilidade de exibir nossos sprints de DevOps do Azure e as depend\u00eancias do projeto com a visualiza\u00e7\u00e3o adequada de Gantt revolucionou a forma como apresentamos o status do projeto aos executivos. A linha do tempo \u00e9 interativa e a configura\u00e7\u00e3o foi incrivelmente f\u00e1cil.\"<br \/>- <strong>Chen L., analista l\u00edder de dados<\/strong> <em>(Desenvolvimento de software)<\/em><\/p>\n<\/blockquote>\n<h2 id=\"letter-from-the-ceo\">Carta do CEO<\/h2>\n<p>Ol\u00e1 a todos.<\/p>\n<p>Eu sou Stefan, CEO da LeapLytics.<\/p>\n<p>A visualiza\u00e7\u00e3o de projetos no Power BI tem sido um problema persistente h\u00e1 anos. As organiza\u00e7\u00f5es investem pesadamente em plataformas como Microsoft Project, Primavera P6, Jira e Azure DevOps para gerenciar cronogramas e depend\u00eancias de projetos complexos. Mas quando esses dados de projeto entram no Power BI, eles se tornam tabelas ileg\u00edveis ou exigem a cria\u00e7\u00e3o manual de gr\u00e1ficos.<\/p>\n<p>Essa desconex\u00e3o entre ferramentas sofisticadas de gerenciamento de projetos e relat\u00f3rios b\u00e1sicos de projetos do Power BI tem frustrado in\u00fameros gerentes de projetos em apresenta\u00e7\u00f5es executivas. Isso prejudica a credibilidade e torna as valiosas percep\u00e7\u00f5es do projeto praticamente invis\u00edveis nos pain\u00e9is.<\/p>\n<p>Os recursos visuais tradicionais de BI simplesmente n\u00e3o foram projetados para a realidade complexa do gerenciamento de projetos moderno, em que as tarefas t\u00eam depend\u00eancias, acompanhamento do progresso, atribui\u00e7\u00f5es de recursos e restri\u00e7\u00f5es de cronograma. \u00c9 a\u00ed que come\u00e7a a frustra\u00e7\u00e3o.<\/p>\n<p>Nosso visual Leaplytics Gantt Chart para Power BI resolve esse problema fundamental. Acreditamos que os dados do seu projeto devem ser comunicados de forma clara e profissional em todos os lugares, inclusive nos pain\u00e9is do Power BI.<\/p>\n<p>Trata-se de preservar o investimento que voc\u00ea fez em planejamento sofisticado de projetos e apresent\u00e1-lo com a clareza visual que os participantes esperam. Projetamos esse visual para lidar com a complexidade dos dados reais do projeto e, ao mesmo tempo, manter a configura\u00e7\u00e3o simples.<\/p>\n<p>Essa \u00e9 a nossa contribui\u00e7\u00e3o para eliminar o pesadelo da visualiza\u00e7\u00e3o de projetos que tem atormentado os usu\u00e1rios do Power BI por muito tempo.<\/p>\n<p>Sauda\u00e7\u00f5es,<br \/><strong>Stefan Preusler<\/strong><br \/>Cofundador e CEO, LeapLytics GmbH<\/p>\n<hr>\n<h2 id=\"ready-to-transform-your-project-visualization-\">Pronto para transformar a visualiza\u00e7\u00e3o de seu projeto?<\/h2>\n<p><a href=\"https:\/\/www.leaplytics.de\/pt_br\/\"><strong>Solicitar uma licen\u00e7a de teste<\/strong><\/a><\/p>\n<h2 id=\"getting-started\">Primeiros passos<\/h2>\n<p>Recebeu sua licen\u00e7a ou quer apenas saber mais?<br \/>Clique abaixo para acessar nosso guia completo:<\/p>\n<p><a href=\"https:\/\/www.leaplytics.de\/pt_br\/getting-started-gantt-chart-power-bi\/?utm_source=extension&amp;utm_medium=power-bi&amp;utm_campaign=gantt-chart\"><strong>Primeiros passos - Gr\u00e1fico visual de Gantt do Leaplytics para Power BI<\/strong><\/a><\/p>\n<hr>\n<p><em>Transforme os dados do seu projeto em visualiza\u00e7\u00f5es profissionais de linhas do tempo que as partes interessadas realmente entendam.<\/em> <\/p>","protected":false},"excerpt":{"rendered":"<p>It&#39;s straightforward. We empower you to bring your project timelines and schedules to life directly within Power BI. Our Leaplytics Gantt Chart visual transforms complex project data into professional, interactive, and comprehensive timeline visualizations. Display project schedules from Microsoft Project, Primavera P6, Jira, Asana, and Azure DevOps exactly as intended. &quot;Finally, a Gantt chart that &hellip; <\/p>","protected":false},"author":2,"featured_media":0,"parent":0,"menu_order":0,"comment_status":"closed","ping_status":"closed","template":"","meta":{"footnotes":""},"class_list":["post-13808","page","type-page","status-publish","hentry","latest_post"],"_links":{"self":[{"href":"https:\/\/www.leaplytics.de\/pt_br\/wp-json\/wp\/v2\/pages\/13808","targetHints":{"allow":["GET"]}}],"collection":[{"href":"https:\/\/www.leaplytics.de\/pt_br\/wp-json\/wp\/v2\/pages"}],"about":[{"href":"https:\/\/www.leaplytics.de\/pt_br\/wp-json\/wp\/v2\/types\/page"}],"author":[{"embeddable":true,"href":"https:\/\/www.leaplytics.de\/pt_br\/wp-json\/wp\/v2\/users\/2"}],"replies":[{"embeddable":true,"href":"https:\/\/www.leaplytics.de\/pt_br\/wp-json\/wp\/v2\/comments?post=13808"}],"version-history":[{"count":1,"href":"https:\/\/www.leaplytics.de\/pt_br\/wp-json\/wp\/v2\/pages\/13808\/revisions"}],"predecessor-version":[{"id":13809,"href":"https:\/\/www.leaplytics.de\/pt_br\/wp-json\/wp\/v2\/pages\/13808\/revisions\/13809"}],"wp:attachment":[{"href":"https:\/\/www.leaplytics.de\/pt_br\/wp-json\/wp\/v2\/media?parent=13808"}],"curies":[{"name":"wp","href":"https:\/\/api.w.org\/{rel}","templated":true}]}}