{"id":13813,"date":"2025-07-14T10:52:57","date_gmt":"2025-07-14T08:52:57","guid":{"rendered":"https:\/\/www.leaplytics.de\/?page_id=13813"},"modified":"2025-11-08T21:23:14","modified_gmt":"2025-11-08T20:23:14","slug":"introducao-ao-gantt","status":"publish","type":"page","link":"https:\/\/www.leaplytics.de\/pt_br\/introducao-ao-gantt\/","title":{"rendered":"Primeiros passos - Gantt"},"content":{"rendered":"<p><a href=\"#minimum-requirement\">Requisitos m\u00ednimos<\/a> | <a href=\"#license\">Licen\u00e7a<\/a> |\u00a0<a href=\"#features\">Recursos<\/a> | <a href=\"#zoom-pan\">Zoom e panor\u00e2mica<\/a> | <a href=\"#filter\">Filtro<\/a> | <a href=\"#troubleshooting\">Solu\u00e7\u00e3o de problemas<\/a><\/p>\n\n<p>As equipes de todos os setores usam o Gr\u00e1fico de Gantt do LeapLytics para visualizar cronogramas de projetos, depend\u00eancias, marcos, hierarquias e aloca\u00e7\u00f5es de recursos diretamente no Power BI. O visual \u00e9 r\u00e1pido e foi desenvolvido para relat\u00f3rios de n\u00edvel empresarial. Com recursos como zoom din\u00e2mico, exibi\u00e7\u00e3o de caminho cr\u00edtico, estilo de linha do tempo personaliz\u00e1vel, setas de depend\u00eancia, tipos de marcos, linhas de base e suporte total \u00e0 hierarquia, os usu\u00e1rios obt\u00eam uma vis\u00e3o geral imediata e confi\u00e1vel de cada projeto.<\/p>\n\n<p><div class=\"wp-block-image\">\n<figure class=\"aligncenter size-large\"><img loading=\"lazy\" decoding=\"async\" width=\"1024\" height=\"466\" src=\"https:\/\/www.leaplytics.de\/wp-content\/uploads\/2025\/11\/resource-1024x466.png\" alt=\"\" class=\"wp-image-14108\" srcset=\"https:\/\/www.leaplytics.de\/wp-content\/uploads\/2025\/11\/resource-1024x466.png 1024w, https:\/\/www.leaplytics.de\/wp-content\/uploads\/2025\/11\/resource-300x137.png 300w, https:\/\/www.leaplytics.de\/wp-content\/uploads\/2025\/11\/resource-768x350.png 768w, https:\/\/www.leaplytics.de\/wp-content\/uploads\/2025\/11\/resource-18x8.png 18w, https:\/\/www.leaplytics.de\/wp-content\/uploads\/2025\/11\/resource-132x60.png 132w, https:\/\/www.leaplytics.de\/wp-content\/uploads\/2025\/11\/resource.png 1463w\" sizes=\"auto, (max-width: 1024px) 100vw, 1024px\" \/><\/figure><\/div><\/p>\n\n<p>Se os dados do seu projeto estiverem dispon\u00edveis, voc\u00ea poder\u00e1 configurar e operacionalizar totalmente o gr\u00e1fico de Gantt do LeapLytics em <strong>menos de 5 minutos<\/strong>. Voc\u00ea ter\u00e1 um Gantt funcional, incluindo tarefas, datas, depend\u00eancias, marcos e formata\u00e7\u00e3o - pronto para apresenta\u00e7\u00e3o, an\u00e1lise e relat\u00f3rio das partes interessadas.<\/p>\n\n\n\n<h3 class=\"wp-block-heading\" id=\"enhanced-data-model-structure\">Requisitos m\u00ednimos<\/h3>\n\n\n<p><div class=\"wp-block-image\">\n<figure class=\"aligncenter size-large\"><img decoding=\"async\" src=\"https:\/\/www.leaplytics.de\/wp-content\/uploads\/2025\/11\/minimum-requirement-arrows.png\" alt=\"\" class=\"wp-image-14108\"\/><\/figure><\/div><\/p>\n\n\n<blockquote class=\"wp-block-quote is-layout-flow wp-block-quote-is-layout-flow\">\n<p><strong>\u26a0\ufe0f Importante:<\/strong> Seus dados devem seguir uma estrutura tabular, com cada linha representando uma tarefa e colunas contendo as propriedades da tarefa.<\/p>\n<\/blockquote>\n\n\n<p>O visual requer apenas um conjunto m\u00ednimo de campos para produzir uma linha do tempo totalmente funcional.  Cada tarefa deve incluir um <strong>ID da tarefa<\/strong>, um <strong>Nome da tarefa<\/strong>e um par de datas que definem sua dura\u00e7\u00e3o.\nEssas datas podem ser <strong>Planejado<\/strong>, <strong>Real<\/strong>ou <strong>Estimativa<\/strong>-O visual detecta automaticamente o tipo de dados que voc\u00ea fornece e ajusta a linha do tempo de acordo. Com essa flexibilidade, o Gantt pode representar cronogramas simples apenas de planejamento, cronogramas completos e cronogramas de trabalho. <strong>planejado versus real<\/strong> compara\u00e7\u00f5es ou cen\u00e1rios avan\u00e7ados que combinam <strong>planejado<\/strong>, <strong>real<\/strong>e <strong>estimado<\/strong> linhas do tempo em paralelo.<\/p>\n\n<p><div class=\"wp-block-image\">\n<figure class=\"aligncenter size-large\"><img decoding=\"async\" src=\"https:\/\/www.leaplytics.de\/wp-content\/uploads\/2025\/11\/minimum-requirement-data-fields.png\" alt=\"\" class=\"wp-image-14108\"\/><\/figure><\/div><\/p>\n\n<p>Como o visual interpreta os tipos de data por conta pr\u00f3pria, voc\u00ea pode fornecer os campos que os dados do seu projeto j\u00e1 cont\u00eam. Se voc\u00ea incluir todos os tr\u00eas (<strong>Planejado<\/strong>, <strong>Real<\/strong>, <strong>Estimativa<\/strong>), o Gantt exibir\u00e1 todas as barras correspondentes. Se voc\u00ea fornecer apenas um \u00fanico conjunto de datas, ele renderizar\u00e1 uma \u00fanica barra de linha do tempo. \n<strong>Campos de dura\u00e7\u00e3o<\/strong> tamb\u00e9m podem ser usados em vez de datas de t\u00e9rmino; quando a dura\u00e7\u00e3o e a data de t\u00e9rmino estiverem presentes,\no valor da dura\u00e7\u00e3o tem preced\u00eancia. Todos os campos de data devem estar em um <strong>Formato de data e hora compat\u00edvel com o Power BI<\/strong> \npara garantir a renderiza\u00e7\u00e3o correta.\n<\/p>\n\n\n<pre class=\"wp-block-code\"><code>\n  -- =====================================================\n  -- CAMPOS NECESS\u00c1RIOS (dados m\u00ednimos necess\u00e1rios)\n  -- =====================================================\n  'TASK-001' AS Task ID, -- Identificador exclusivo\n  'Requirements Analysis' AS Task Name, -- Nome de exibi\u00e7\u00e3o\n  '2025-01-01' AS Planned\/Estimated\/Actual Start Date, -- Data de in\u00edcio\n  '2025-01-15' AS Planned\/Estimated\/Actual End Date, -- Data final\n\n  -- ===== CEN\u00c1RIOS DE DADOS SUPORTADOS =====\n  -- O visual detecta automaticamente quais dados voc\u00ea fornece:\n  --\n  -- 1. somente planejados (linha de base):        Apenas data de in\u00edcio planejada + data de t\u00e9rmino planejada\n  -- 2. Real (As-Built):      Somente data de in\u00edcio real + data de t\u00e9rmino real\n  -- 3. planejado vs. real: datas planejadas e reais (mostra as duas barras)\n  -- 4. Plan + Estimated (planejado + estimado):            Datas planejadas + estimadas (mostra a barra planejada + estimativa fina)\n  -- 5. Real + Estimado:          Datas reais + estimadas (mostra a barra real + estimativa fina)\n  -- 6. Planejado + Real + Estimado:   Todos os tr\u00eas tipos de data (mostra todas as tr\u00eas barras da linha do tempo)\n  -- 7. Estimated-Only (somente estimado):              Estimated Start Date (data de in\u00edcio estimada) + Estimated End Date (data de t\u00e9rmino estimada) apenas\n  --\n  -- ===== NOTAS =====\n  -- Os campos Duration s\u00e3o opcionais e substituem os campos EndDate correspondentes quando ambos s\u00e3o fornecidos.\n  -- - Os campos de data devem estar no formato de data e hora reconhecido pelo PowerBI\n<\/code><\/pre>\n\n\n<figure class=\"wp-block-image size-large is-resized\"><\/figure>\n\n\n<hr class=\"wp-block-separator has-alpha-channel-opacity\"\/>\n\n\n\n<h3 class=\"wp-block-heading\" id=\"license\">Licen\u00e7a<\/h3>\n\n\n\n<figure class=\"wp-block-image size-large\"><img loading=\"lazy\" decoding=\"async\" width=\"1024\" height=\"453\" src=\"https:\/\/www.leaplytics.de\/wp-content\/uploads\/2025\/11\/license-1024x453.png\" alt=\"Licen\u00e7a\" class=\"wp-image-14175\" srcset=\"https:\/\/www.leaplytics.de\/wp-content\/uploads\/2025\/11\/license-1024x453.png 1024w, https:\/\/www.leaplytics.de\/wp-content\/uploads\/2025\/11\/license-300x133.png 300w, https:\/\/www.leaplytics.de\/wp-content\/uploads\/2025\/11\/license-768x340.png 768w, https:\/\/www.leaplytics.de\/wp-content\/uploads\/2025\/11\/license-1536x680.png 1536w, https:\/\/www.leaplytics.de\/wp-content\/uploads\/2025\/11\/license-18x8.png 18w, https:\/\/www.leaplytics.de\/wp-content\/uploads\/2025\/11\/license-136x60.png 136w, https:\/\/www.leaplytics.de\/wp-content\/uploads\/2025\/11\/license.png 1687w\" sizes=\"auto, (max-width: 1024px) 100vw, 1024px\" \/><\/figure>\n\n\n<p>Copie seu c\u00f3digo de licen\u00e7a e cole-o no campo Licen\u00e7a pressionando CTRL+V. Se voc\u00ea ainda n\u00e3o tiver uma licen\u00e7a de avalia\u00e7\u00e3o, poder\u00e1 solicitar uma \n<a href=\"https:\/\/www.leaplytics.de\/pt_br\/power-bi-gantt-experimente-agora\/\" style=\"text-decoration: underline;\">aqui<\/a>.<\/p>\n\n\n<hr class=\"wp-block-separator has-alpha-channel-opacity\"\/>\n\n\n\n<h3 class=\"wp-block-heading\" id=\"features\">Recursos<\/h3>\n\n\n<p>O gr\u00e1fico de Gantt do LeapLytics oferece visualiza\u00e7\u00e3o de projetos de n\u00edvel empresarial com recursos como <strong>hierarquias de tarefas<\/strong>, <strong>acompanhamento do progresso<\/strong>, <strong>atribui\u00e7\u00f5es de recursos<\/strong>, <strong>depend\u00eancias<\/strong>, <strong>marcos<\/strong>e <strong>navega\u00e7\u00e3o flex\u00edvel na linha do tempo<\/strong> variando de detalhes em n\u00edvel de minuto a visualiza\u00e7\u00f5es de uma d\u00e9cada. Ele interpreta automaticamente <strong>Planejado<\/strong>, <strong>Real<\/strong>e <strong>Estimativa<\/strong> datas, exibe barras de linha do tempo correspondentes e oferece <strong>estilo<\/strong> e <strong>linha de base<\/strong> garantindo a gera\u00e7\u00e3o de relat\u00f3rios profissionais e de alta clareza diretamente no Power BI.<\/p>\n\n<p> Se seus dados estiverem dispon\u00edveis, voc\u00ea poder\u00e1 configurar um Gantt totalmente funcional - incluindo tarefas, datas, depend\u00eancias, marcos, formata\u00e7\u00e3o e navega\u00e7\u00e3o - em menos de <strong>5 minutos<\/strong>. O visual se adapta instantaneamente aos campos que voc\u00ea fornece, permitindo uma configura\u00e7\u00e3o r\u00e1pida com o m\u00ednimo de esfor\u00e7o e fornecendo uma linha do tempo pronta para uso para equipes, gerentes e partes interessadas.<\/p>\n\n\n<h4 class=\"wp-block-heading\">Hierarquia<\/h4>\n\n\n<p><div class=\"wp-block-image\">\n<figure class=\"aligncenter size-large\"><img decoding=\"async\" src=\"https:\/\/www.leaplytics.de\/wp-content\/uploads\/2025\/11\/hierarchy-arrow.png\" alt=\"\" class=\"wp-image-14095\"\/><\/figure><\/div><\/p>\n\n<p>O <strong>Hierarquia<\/strong> permite que voc\u00ea estruture seu projeto em tarefas pai e filho, criando uma divis\u00e3o clara e intuitiva do trabalho. Ao atribuir a cada tarefa um <strong>ID da tarefa principal<\/strong>Quando o gr\u00e1fico de Gantt \u00e9 usado, ele cria automaticamente n\u00edveis aninhados que refletem a verdadeira estrutura do projeto.  Isso permite visibilidade de roll-up, grupos recolh\u00edveis e uma vis\u00e3o geral clara de projetos complexos, ajudando as equipes a entender fases, pacotes de trabalho e subtarefas detalhadas em um relance.<\/p>\n\n\n<pre class=\"wp-block-code\"><code>\n    'PROJ-001' AS ParentTaskID, -- Tarefa pai para a hierarquia\n  -- ===== NOTAS =====\n  -- Hierarquia: ID da tarefa para a tarefa pai\n<\/code><\/pre>\n\n\n<div class=\"wp-block-image\">\n<figure class=\"aligncenter size-large\"><img decoding=\"async\" src=\"https:\/\/www.leaplytics.de\/wp-content\/uploads\/2025\/11\/hiearchy-table.png\" alt=\"\" class=\"wp-image-14095\"\/><\/figure><\/div>\n\n\n<hr class=\"wp-block-separator has-alpha-channel-opacity\"\/>\n\n\n\n<h4 class=\"wp-block-heading\">Progresso<\/h4>\n\n\n<p><div class=\"wp-block-image\">\n<figure class=\"aligncenter size-large\"><img decoding=\"async\" src=\"https:\/\/www.leaplytics.de\/wp-content\/uploads\/2025\/11\/progress-arrows.png\" alt=\"\" class=\"wp-image-14100\"\/><\/figure><\/div><\/p>\n\n<p>O <strong>Progresso<\/strong> permite que voc\u00ea acompanhe a conclus\u00e3o da tarefa diretamente no gr\u00e1fico de Gantt. Ao fornecer um valor percentual entre <strong>0<\/strong> e <strong>100<\/strong>Quando a tarefa \u00e9 iniciada, o visual exibe claramente o avan\u00e7o de cada tarefa, permitindo uma vis\u00e3o imediata do status do projeto. Independentemente de uma tarefa n\u00e3o ter sido iniciada, estar parcialmente conclu\u00edda ou totalmente conclu\u00edda, os indicadores de progresso ajudam as equipes e as partes interessadas a monitorar a execu\u00e7\u00e3o e a identificar as \u00e1reas que podem exigir aten\u00e7\u00e3o.\n<\/p>\n\n\n<pre class=\"wp-block-code\"><code>\n  -- =====================================================\n  -- PROGRESS\n  -- =====================================================\n  65 AS Progress, -- Conclus\u00e3o % (0-100)\n  -- ===== NOTAS =====\n  -- Progresso: 0 = n\u00e3o iniciado, 100 = conclu\u00eddo\n<\/code><\/pre>\n\n\n<p><div class=\"wp-block-image\">\n<figure class=\"aligncenter size-large\"><img decoding=\"async\" src=\"https:\/\/www.leaplytics.de\/wp-content\/uploads\/2025\/11\/progress-data-fields.png\" alt=\"\" class=\"wp-image-14100\"\/><\/figure><\/div><\/p>\n\n\n<hr class=\"wp-block-separator has-alpha-channel-opacity\"\/>\n\n\n\n<h4 class=\"wp-block-heading\" id=\"enhanced-data-model-structure\">Recursos<\/h4>\n\n\n<p><div class=\"wp-block-image\">\n<figure class=\"aligncenter size-large\"><img decoding=\"async\" src=\"https:\/\/www.leaplytics.de\/wp-content\/uploads\/2025\/11\/resource-overview.png\" alt=\"\" class=\"wp-image-14108\"\/><\/figure><\/div><\/p>\n\n<p>O <strong>Recursos<\/strong> permite atribuir uma ou v\u00e1rias pessoas, equipes ou fun\u00e7\u00f5es a uma tarefa. Ao fornecer um nome - ou um <strong>lista separada por v\u00edrgulas<\/strong> para v\u00e1rios recursos - o gr\u00e1fico de Gantt mostra claramente quem \u00e9 respons\u00e1vel por cada atividade. Isso ajuda as equipes a entender a distribui\u00e7\u00e3o da carga de trabalho, identificar poss\u00edveis gargalos e melhorar a coordena\u00e7\u00e3o entre tarefas paralelas. As atribui\u00e7\u00f5es de recursos s\u00e3o exibidas diretamente ao lado da linha do tempo para clareza imediata.\n<\/p>\n\n\n<pre class=\"wp-block-code\"><code>\n    'John Smith, Jane Doe' AS Resource, -- Separado por v\u00edrgulas para m\u00faltiplos\n  -- ===== NOTAS =====\n  -- - V\u00e1rios recursos: valores separados por v\u00edrgula em um \u00fanico campo\n<\/code><\/pre>\n\n\n<p><div class=\"wp-block-image\">\n<figure class=\"aligncenter size-large\"><img decoding=\"async\" src=\"https:\/\/www.leaplytics.de\/wp-content\/uploads\/2025\/11\/resource-arrows.png\" alt=\"\" class=\"wp-image-14108\"\/><\/figure><\/div><\/p>\n\n\n<hr class=\"wp-block-separator has-alpha-channel-opacity\"\/>\n\n\n\n<h4 class=\"wp-block-heading\" id=\"enhanced-data-model-structure\">Antecessores<\/h4>\n\n\n<p><div class=\"wp-block-image\">\n<figure class=\"aligncenter size-large\"><img decoding=\"async\" src=\"https:\/\/www.leaplytics.de\/wp-content\/uploads\/2025\/11\/predecessors-arrows.png\" alt=\"\" class=\"wp-image-14116\"\/><\/figure><\/div><\/p>\n\n<p>O <strong>Antecessores<\/strong> define depend\u00eancias de tarefas listando um ou mais IDs de tarefas anteriores. Ao fornecer um <strong>lista separada por v\u00edrgulas<\/strong> Se o gr\u00e1fico de Gantt n\u00e3o tiver a capacidade de identificar as tarefas predecessoras, ele desenhar\u00e1 automaticamente as linhas de depend\u00eancia do in\u00edcio ao fim, tornando o fluxo l\u00f3gico do seu projeto claramente vis\u00edvel. Isso ajuda as equipes a entender o sequenciamento, identificar atrasos e manter um cronograma de projeto realista e conectado.\n<\/p>\n\n\n<pre class=\"wp-block-code\"><code>\n    'TASK-005, TASK-007' AS Predecessors -- IDs de predecessores separados por v\u00edrgula\n  -- ===== NOTAS =====\n  -- Predecessores: IDs de tarefas separadas por v\u00edrgula para depend\u00eancias de t\u00e9rmino para in\u00edcio\n<\/code><\/pre>\n\n\n<p><div class=\"wp-block-image\">\n<figure class=\"aligncenter size-large\"><img decoding=\"async\" src=\"https:\/\/www.leaplytics.de\/wp-content\/uploads\/2025\/11\/predecessors-data-fields.png\" alt=\"\" class=\"wp-image-14116\"\/><\/figure><\/div><\/p>\n\n\n<hr class=\"wp-block-separator has-alpha-channel-opacity\"\/>\n\n\n\n<h3 class=\"wp-block-heading\" id=\"zoom-pan\">Zoom e panor\u00e2mica<\/h3>\n\n<p><div class=\"wp-block-image\">\n<figure class=\"aligncenter size-large\"><img decoding=\"async\" src=\"https:\/\/www.leaplytics.de\/wp-content\/uploads\/2025\/11\/zoom.gif\" alt=\"\" class=\"wp-image-14116\"\/><\/figure><\/div><\/p>\n\n<p>Voc\u00ea pode navegar facilmente pela linha do tempo usando os controles integrados de zoom e panor\u00e2mica. Manter <strong>ALT<\/strong> e usar o <strong>roda do mouse<\/strong> para aumentar ou diminuir o zoom, ou use um <strong>gesto de pin\u00e7a com dois dedos<\/strong> em dispositivos m\u00f3veis. Para fazer uma panor\u00e2mica, mantenha pressionado o bot\u00e3o <strong>bot\u00e3o esquerdo do mouse<\/strong> e arraste o gr\u00e1fico para a esquerda ou para a direita, ou simplesmente coloque o dedo na tela e mova-o para explorar a linha do tempo no celular. O visual suporta tudo, desde um <strong>visualiza\u00e7\u00e3o minuto a minuto de um \u00fanico dia<\/strong> para um <strong>vis\u00e3o de projeto de alto n\u00edvel abrangendo mais de 10 anos<\/strong>.\n<\/p>\n\n\n<h3 class=\"wp-block-heading\" id=\"troubleshooting\">Solu\u00e7\u00e3o de problemas<\/h3>\n\n\n\n<h4 class=\"wp-block-heading\" id=\"-cross-filtering-problems-\">Problemas de filtragem cruzada<\/h4>\n\n\n\n<p><strong>A sele\u00e7\u00e3o n\u00e3o funciona com outros recursos visuais:<\/strong><\/p>\n\n\n\n<ul class=\"wp-block-list\">\n<li>Verificar se o mapeamento de dados categ\u00f3ricos est\u00e1 configurado corretamente<\/li>\n\n\n\n<li>Verificar as configura\u00e7\u00f5es de filtragem cruzada do PowerBI para o visual<\/li>\n\n\n\n<li>Assegurar que o campo TaskID seja usado de forma consistente em todos os recursos visuais<\/li>\n\n\n\n<li>Funcionalidade de sele\u00e7\u00e3o de testes com relat\u00f3rio simplificado<\/li>\n<\/ul>\n\n\n\n<p><strong>O destaque n\u00e3o est\u00e1 respondendo:<\/strong><\/p>\n\n\n\n<ul class=\"wp-block-list\">\n<li>Verificar a estrutura de dados de destaque no mapeamento categ\u00f3rico<\/li>\n\n\n\n<li>Verificar a integra\u00e7\u00e3o do gerenciador de sele\u00e7\u00e3o do PowerBI<\/li>\n\n\n\n<li>Teste com o visual de tabela do PowerBI para confirmar que a filtragem cruzada funciona<\/li>\n\n\n\n<li>Revis\u00e3o da gera\u00e7\u00e3o de IDs de sele\u00e7\u00e3o para dados de tarefas<\/li>\n<\/ul>\n\n\n\n<h4 class=\"wp-block-heading\" id=\"-data-mapping-problems-\">Problemas de mapeamento de dados<\/h4>\n\n\n\n<p><strong>Campos n\u00e3o reconhecidos:<\/strong><\/p>\n\n\n\n<ul class=\"wp-block-list\">\n<li>Verificar se os tipos de dados do campo correspondem aos formatos esperados (datas, n\u00fameros, texto)<\/li>\n\n\n\n<li>Verificar se o mapeamento de campo no painel Dados corresponde aos nomes das colunas<\/li>\n\n\n\n<li>Garantir que as colunas calculadas sejam definidas corretamente no modelo de dados<\/li>\n\n\n\n<li>Teste com um conjunto de dados simples para isolar problemas de mapeamento de campo<\/li>\n<\/ul>\n\n\n\n<p><strong>O progresso\/status n\u00e3o est\u00e1 sendo exibido:<\/strong><\/p>\n\n\n\n<ul class=\"wp-block-list\">\n<li>O campo Verify Progress (Verificar progresso) cont\u00e9m valores num\u00e9ricos entre 0-100<\/li>\n\n\n\n<li>O campo Check Status cont\u00e9m valores de status esperados<\/li>\n\n\n\n<li>Garantir que as barras de progresso estejam ativadas no painel de formato<\/li>\n\n\n\n<li>Teste com dados de amostra contendo v\u00e1rios valores de progresso<\/li>\n<\/ul>\n\n\n\n<h4 class=\"wp-block-heading\" id=\"-hierarchical-structure-issues-\">Problemas de estrutura hier\u00e1rquica<\/h4>\n\n\n\n<p><strong>As rela\u00e7\u00f5es entre pais e filhos n\u00e3o est\u00e3o funcionando:<\/strong><\/p>\n\n\n\n<ul class=\"wp-block-list\">\n<li>Verificar se o campo ParentTask cont\u00e9m TaskIDs v\u00e1lidos para as tarefas principais<\/li>\n\n\n\n<li>Verificar se h\u00e1 refer\u00eancias circulares pai-filho<\/li>\n\n\n\n<li>Assegurar que os n\u00edveis hier\u00e1rquicos n\u00e3o excedam os limites razo\u00e1veis<\/li>\n\n\n\n<li>Teste a funcionalidade de expans\u00e3o\/recolhimento com uma hierarquia simples<\/li>\n<\/ul>\n\n\n\n<p><strong>C\u00e1lculos de rollup incorretos:<\/strong><\/p>\n\n\n\n<ul class=\"wp-block-list\">\n<li>Verificar a configura\u00e7\u00e3o de rollup nas configura\u00e7\u00f5es do painel de formato<\/li>\n\n\n\n<li>Verificar se os dados da tarefa da crian\u00e7a est\u00e3o completos e precisos<\/li>\n\n\n\n<li>Testar a l\u00f3gica de rollup com casos de teste conhecidos<\/li>\n\n\n\n<li>Revisar a l\u00f3gica de c\u00e1lculo de data para intervalos de tarefas pai<\/li>\n<\/ul>\n\n\n\n<hr class=\"wp-block-separator has-alpha-channel-opacity\"\/>\n\n\n\n<h3 class=\"wp-block-heading\" id=\"-advanced-best-practices\">Pr\u00e1ticas recomendadas avan\u00e7adas<\/h3>\n\n\n\n<ul class=\"wp-block-list\">\n<li><strong>Qualidade dos dados<\/strong>: Validar todas as datas, garantir que os TaskIDs sejam exclusivos, verificar as refer\u00eancias de depend\u00eancia<\/li>\n\n\n\n<li><strong>Otimiza\u00e7\u00e3o de desempenho<\/strong>: Limitar o tamanho do conjunto de dados, usar tipos de dados apropriados, otimizar os c\u00e1lculos DAX<\/li>\n\n\n\n<li><strong>Design de hierarquia<\/strong>: Planejar rela\u00e7\u00f5es l\u00f3gicas entre pai e filho, evitar aninhamento profundo, manter uma estrutura clara<\/li>\n\n\n\n<li><strong>Modelagem de depend\u00eancia<\/strong>: Mapear depend\u00eancias realistas, evitar refer\u00eancias circulares, usar tempos de atraso adequados<\/li>\n\n\n\n<li><strong>Estrat\u00e9gia de teste<\/strong>: Teste com dados de amostra, valida\u00e7\u00e3o de todos os recursos, teste de desempenho com grandes conjuntos de dados<\/li>\n<\/ul>\n\n\n\n<h4 class=\"wp-block-heading\" id=\"-visual-configuration-best-practices-\"><strong>Pr\u00e1ticas recomendadas de configura\u00e7\u00e3o visual<\/strong> \u2728<\/h4>\n\n\n\n<ul class=\"wp-block-list\">\n<li><strong>Dimensionamento da linha do tempo<\/strong>: Escolha o n\u00edvel de zoom padr\u00e3o apropriado, configure intervalos de datas razo\u00e1veis, ative a escala adapt\u00e1vel<\/li>\n\n\n\n<li><strong>Estrat\u00e9gia de cores<\/strong>: Use esquemas de cores consistentes, mapeie as cores para atributos de dados significativos, garanta a conformidade com a acessibilidade<\/li>\n\n\n\n<li><strong>Otimiza\u00e7\u00e3o de layout<\/strong>: Configure as alturas apropriadas da barra de tarefas, otimize o posicionamento do texto, equilibre a densidade das informa\u00e7\u00f5es<\/li>\n\n\n\n<li><strong>Design interativo<\/strong>: Permita a navega\u00e7\u00e3o intuitiva, forne\u00e7a feedback visual claro, ofere\u00e7a suporte \u00e0 intera\u00e7\u00e3o com o mouse e com o toque<\/li>\n<\/ul>\n\n\n\n\n<h4 class=\"wp-block-heading\" id=\"supported-data-sources-reference\">Refer\u00eancia de fontes de dados suportadas<\/h4>\n\n\n\n<figure class=\"wp-block-table\"><table class=\"has-fixed-layout\"><thead><tr><th><strong>Fonte de dados<\/strong><\/th><th><strong>Plataforma<\/strong><\/th><th><strong>Status<\/strong><\/th><th><strong>Campos-chave<\/strong><\/th><th><strong>Notas de integra\u00e7\u00e3o<\/strong><\/th><\/tr><\/thead><tbody><tr><td><strong>Microsoft Project<\/strong><\/td><td>MS Project<\/td><td>\u2705 Prim\u00e1rio<\/td><td>ID da tarefa, nome, in\u00edcio, t\u00e9rmino, depend\u00eancias<\/td><td>Exportar como Excel ou conectar-se via Project Online<\/td><\/tr><tr><td><strong>Primavera P6<\/strong><\/td><td>Or\u00e1culo<\/td><td>\u2705 Prim\u00e1rio<\/td><td>ID da atividade, nome, in\u00edcio, t\u00e9rmino, predecessores<\/td><td>Exporta\u00e7\u00e3o como Excel ou importa\u00e7\u00e3o de XML<\/td><\/tr><tr><td><strong>DevOps do Azure<\/strong><\/td><td>Microsoft<\/td><td>\u2705 Prim\u00e1rio<\/td><td>ID do item de trabalho, t\u00edtulo, data de in\u00edcio, data de destino<\/td><td>Conex\u00e3o API direta ou exporta\u00e7\u00e3o<\/td><\/tr><tr><td><strong>Jira<\/strong><\/td><td>Atlassian<\/td><td>\u2705 Prim\u00e1rio<\/td><td>Chave do problema, resumo, data de vencimento, links<\/td><td>Exporta\u00e7\u00e3o ou integra\u00e7\u00e3o de API<\/td><\/tr><tr><td><strong>Excel\/CSV<\/strong><\/td><td>Geral<\/td><td>\u2705 Prim\u00e1rio<\/td><td>Campos personalizados mapeados para os requisitos de Gantt<\/td><td>Importa\u00e7\u00e3o direta do PowerBI<\/td><\/tr><tr><td><strong>Asana<\/strong><\/td><td>Asana<\/td><td>\u2705 Secund\u00e1rio<\/td><td>ID da tarefa, nome, data de in\u00edcio, data de vencimento<\/td><td>Exportar como CSV<\/td><\/tr><tr><td><strong>Mesas personalizadas<\/strong><\/td><td>Banco de dados<\/td><td>\u2705 Secund\u00e1rio<\/td><td>Esquema definido pelo usu\u00e1rio que corresponde ao modelo de Gantt<\/td><td>Conex\u00e3o direta com o banco de dados<\/td><\/tr><\/tbody><\/table><\/figure>\n\n\n\n<p>Esse visual abrangente transforma dados complexos de projetos em gr\u00e1ficos de Gantt bonitos e interativos que mant\u00eam a qualidade profissional e oferecem suporte a fluxos de trabalho sofisticados de gerenciamento de projetos diretamente nos pain\u00e9is do PowerBI. Suas partes interessadas finalmente ver\u00e3o os cronogramas do projeto da forma como devem ser exibidos - claros, interativos e formatados profissionalmente.<\/p>","protected":false},"excerpt":{"rendered":"<p>Minimum Requirements | License |\u00a0Features | Zoom &amp; Pan | Filter | Troubleshooting Teams across industries use the LeapLytics Gantt Chart to visualize project timelines, dependencies, milestones, hierarchies, and resource allocations directly inside Power BI. The visual is fast, and built for enterprise-grade reporting. With features such as dynamic zooming, critical path display, customizable timeline &hellip; <\/p>","protected":false},"author":2,"featured_media":0,"parent":0,"menu_order":0,"comment_status":"closed","ping_status":"closed","template":"","meta":{"footnotes":""},"class_list":["post-13813","page","type-page","status-publish","hentry","latest_post"],"_links":{"self":[{"href":"https:\/\/www.leaplytics.de\/pt_br\/wp-json\/wp\/v2\/pages\/13813","targetHints":{"allow":["GET"]}}],"collection":[{"href":"https:\/\/www.leaplytics.de\/pt_br\/wp-json\/wp\/v2\/pages"}],"about":[{"href":"https:\/\/www.leaplytics.de\/pt_br\/wp-json\/wp\/v2\/types\/page"}],"author":[{"embeddable":true,"href":"https:\/\/www.leaplytics.de\/pt_br\/wp-json\/wp\/v2\/users\/2"}],"replies":[{"embeddable":true,"href":"https:\/\/www.leaplytics.de\/pt_br\/wp-json\/wp\/v2\/comments?post=13813"}],"version-history":[{"count":124,"href":"https:\/\/www.leaplytics.de\/pt_br\/wp-json\/wp\/v2\/pages\/13813\/revisions"}],"predecessor-version":[{"id":14246,"href":"https:\/\/www.leaplytics.de\/pt_br\/wp-json\/wp\/v2\/pages\/13813\/revisions\/14246"}],"wp:attachment":[{"href":"https:\/\/www.leaplytics.de\/pt_br\/wp-json\/wp\/v2\/media?parent=13813"}],"curies":[{"name":"wp","href":"https:\/\/api.w.org\/{rel}","templated":true}]}}