{"id":14429,"date":"2025-12-19T01:30:35","date_gmt":"2025-12-19T00:30:35","guid":{"rendered":"https:\/\/www.leaplytics.de\/?page_id=14429"},"modified":"2025-12-19T01:30:36","modified_gmt":"2025-12-19T00:30:36","slug":"processamento-de-documentos-financeiros-ai","status":"publish","type":"page","link":"https:\/\/www.leaplytics.de\/pt_br\/processamento-de-documentos-financeiros-ai\/","title":{"rendered":"IA de processamento de documentos financeiros"},"content":{"rendered":"<h2>IA para processamento de documentos financeiros: Pare de digitar. Comece a analisar.<\/h2>\n\n<p>Sua equipe financeira processa centenas ou milhares de documentos todos os meses. Faturas. Recibos. Extratos banc\u00e1rios. Relat\u00f3rios de despesas. Pedidos de compra. Contratos.<\/p>\n<p>Algu\u00e9m precisa ler cada um deles. Extrair os dados. Digit\u00e1-los em seu sistema. Verificar se est\u00e3o corretos. Combine-os com outros documentos. Arquiv\u00e1-los adequadamente.<\/p>\n<p>Isso n\u00e3o \u00e9 trabalho financeiro. \u00c9 entrada de dados. Mas isso leva horas todos os dias.<\/p>\n<p>A IA l\u00ea documentos mais rapidamente do que qualquer ser humano. Ela extrai dados sem erros de digita\u00e7\u00e3o. Nunca se cansa com o documento 473. E funciona 24 horas por dia, 7 dias por semana.<\/p>\n<p>N\u00e3o se trata de substituir a sua equipe. Trata-se de liber\u00e1-los do processamento de documentos para que possam fazer o trabalho real de contabilidade.<\/p>\n\n\n<hr class=\"wp-block-separator has-alpha-channel-opacity\"\/>\n\n\n\n<h3 class=\"wp-block-heading\">O problema dos documentos em finan\u00e7as<\/h3>\n\n\n<p>Os documentos chegam em todos os formatos imagin\u00e1veis:<\/p>\n<ul>\n<li>Anexos de e-mail de centenas de fornecedores diferentes<\/li>\n<li>Documentos em papel digitalizados de sua sala de correspond\u00eancia<\/li>\n<li>Fotos dos recibos dos funcion\u00e1rios<\/li>\n<li>PDFs que s\u00e3o, na verdade, imagens, e n\u00e3o texto pesquis\u00e1vel<\/li>\n<li>Declara\u00e7\u00f5es de v\u00e1rias p\u00e1ginas com tabelas e itens de linha<\/li>\n<li>Anota\u00e7\u00f5es manuscritas em recibos de entrega<\/li>\n<\/ul>\n\n<p>Cada fornecedor formata as faturas de maneira diferente. Cada banco tem seu pr\u00f3prio layout de extrato. Cada funcion\u00e1rio fotografa os recibos de um \u00e2ngulo diferente.<\/p>\n<p>Sua equipe precisa lidar com tudo isso. Extrair as principais informa\u00e7\u00f5es. Coloc\u00e1-las em seu ERP ou sistema de contabilidade. Certifique-se de que nada passe despercebido.<\/p>\n<p>N\u00e3o \u00e9 um trabalho desafiador. Apenas consome muito tempo. E quando o volume aumenta, voc\u00ea precisa de mais pessoas ou trabalha mais horas.<\/p>\n\n\n<hr class=\"wp-block-separator has-alpha-channel-opacity\"\/>\n\n\n\n<h3 class=\"wp-block-heading\">O que a IA faz pelo processamento de documentos<\/h3>\n\n\n\n<h4 class=\"wp-block-heading\">L\u00ea qualquer formato de documento<\/h4>\n\n\n<p>A IA n\u00e3o precisa de modelos. N\u00e3o precisa de dados estruturados. Ela l\u00ea:<\/p>\n<ul>\n<li><strong>PDFs:<\/strong> Imagens digitalizadas e baseadas em texto<\/li>\n<li><strong>Imagens:<\/strong> JPEG, PNG, TIFF de qualquer fonte<\/li>\n<li><strong>E-mails:<\/strong> Corpo do texto, anexos, assinaturas<\/li>\n<li><strong>Fotos:<\/strong> At\u00e9 mesmo recibos borrados de telefones<\/li>\n<li><strong>Documentos com v\u00e1rias p\u00e1ginas:<\/strong> Declara\u00e7\u00f5es com dezenas de p\u00e1ginas<\/li>\n<\/ul>\n\n<p>Ele lida com diferentes idiomas. Moedas diferentes. Diferentes formatos de data. Diferentes layouts de documentos.<\/p>\n<p>Seu fornecedor mudou o modelo de fatura? A IA se adapta automaticamente. N\u00e3o \u00e9 necess\u00e1rio reprogramar.<\/p>\n\n\n<h4 class=\"wp-block-heading\">Extrai exatamente o que voc\u00ea precisa<\/h4>\n\n\n<p>Para faturas, a IA extrai:<\/p>\n<ul>\n<li>Nome e endere\u00e7o do fornecedor<\/li>\n<li>N\u00famero e data da fatura<\/li>\n<li>Data de vencimento e condi\u00e7\u00f5es de pagamento<\/li>\n<li>Itens de linha com descri\u00e7\u00f5es e valores<\/li>\n<li>Subtotais, impostos, valor total<\/li>\n<li>N\u00fameros de pedido, se referenciados<\/li>\n<li>Detalhes da conta banc\u00e1ria para pagamento<\/li>\n<\/ul>\n\n<p>Para recibos, ele extrai:<\/p>\n<ul>\n<li>Nome e localiza\u00e7\u00e3o do comerciante<\/li>\n<li>Data e hora<\/li>\n<li>Valor total<\/li>\n<li>Valor do imposto<\/li>\n<li>M\u00e9todo de pagamento<\/li>\n<li>Compras discriminadas<\/li>\n<\/ul>\n\n<p>Para os extratos banc\u00e1rios, ele fica:<\/p>\n<ul>\n<li>N\u00famero da conta<\/li>\n<li>Per\u00edodo da declara\u00e7\u00e3o<\/li>\n<li>Saldos iniciais e finais<\/li>\n<li>Todas as transa\u00e7\u00f5es com data, descri\u00e7\u00e3o e valor<\/li>\n<li>Taxas e encargos de juros<\/li>\n<\/ul>\n\n<p>A IA n\u00e3o apenas encontra o texto. Ela entende o que os dados significam. Ela sabe a diferen\u00e7a entre um n\u00famero de fatura e um n\u00famero de pedido. Entre um subtotal e um total. Entre um d\u00e9bito e um cr\u00e9dito.<\/p>\n\n\n<h4 class=\"wp-block-heading\">Valida os dados automaticamente<\/h4>\n\n\n<p>A IA n\u00e3o apenas extrai e segue em frente. Ela verifica:<\/p>\n\n<p><strong>Precis\u00e3o matem\u00e1tica:<\/strong><br \/>\nOs itens de linha somam o subtotal? O subtotal mais o imposto \u00e9 igual ao total? Se n\u00e3o for, isso sinaliza o documento.<\/p>\n\n<p><strong>Correspond\u00eancia de dados mestre:<\/strong><br \/>\nEsse fornecedor est\u00e1 em seu sistema? O endere\u00e7o corresponde? O n\u00famero da conta est\u00e1 correto? Os fornecedores desconhecidos s\u00e3o marcados para revis\u00e3o.<\/p>\n\n<p><strong>Valida\u00e7\u00e3o de refer\u00eancia:<\/strong><br \/>\nEsse n\u00famero de pedido existe? Ele \u00e9 para esse fornecedor? O valor corresponde? As incompatibilidades disparam alertas.<\/p>\n\n<p><strong>Detec\u00e7\u00e3o de duplicatas:<\/strong><br \/>\nEssa fatura j\u00e1 foi enviada antes? Mesmo fornecedor, mesmo valor, mesma data? O AI detecta tentativas de pagamento duplicadas.<\/p>\n\n<p><strong>Verifica\u00e7\u00f5es de razoabilidade:<\/strong><br \/>\nEsse valor \u00e9 muito maior do que o normal para esse fornecedor? A data de vencimento est\u00e1 no passado? H\u00e1 algo que parece incomum? A IA sinaliza os valores at\u00edpicos.<\/p>\n\n<p>Nada passa sem valida\u00e7\u00e3o. Sua equipe s\u00f3 v\u00ea documentos que passaram em todas as verifica\u00e7\u00f5es ou que precisam de julgamento humano espec\u00edfico.<\/p>\n\n\n<h4 class=\"wp-block-heading\">Encaminha documentos de forma inteligente<\/h4>\n\n\n<p>Depois de processados, os documentos precisam ir para o lugar certo:<\/p>\n\n<p><strong>Roteamento de aprova\u00e7\u00e3o:<\/strong><br \/>\nDespesas de marketing? Vai para o gerente de marketing. Mais de $5.000? Vai para o diretor. Despesas de capital? Vai para o CFO. A IA conhece sua matriz de aprova\u00e7\u00e3o.<\/p>\n\n<p><strong>Aloca\u00e7\u00e3o do departamento:<\/strong><br \/>\nCom base nos c\u00f3digos GL, centros de custo ou conte\u00fado do documento, a IA encaminha para o departamento certo para codifica\u00e7\u00e3o e aprova\u00e7\u00e3o.<\/p>\n\n<p><strong>Tratamento de exce\u00e7\u00f5es:<\/strong><br \/>\nFalha na valida\u00e7\u00e3o? Vai para a fila de especialistas em AP. Novo fornecedor? Vai para o setor de compras. Valor incomum? Vai para o controlador. Cada tipo de exce\u00e7\u00e3o tem seu pr\u00f3prio caminho.<\/p>\n\n<p><strong>Classifica\u00e7\u00e3o de prioridades:<\/strong><br \/>\nH\u00e1 desconto para pagamento antecipado? Alta prioridade. Fatura vencida? Alta prioridade. Termos padr\u00e3o de 30 dias? Fila normal. A IA prioriza o que \u00e9 importante.<\/p>\n\n<p>N\u00e3o h\u00e1 mais documentos parados no e-mail de uma pessoa aguardando classifica\u00e7\u00e3o manual. Tudo flui automaticamente para onde precisa ir.<\/p>\n\n\n<h4 class=\"wp-block-heading\">Cria trilhas de auditoria automaticamente<\/h4>\n\n\n<p>Para cada documento, a IA registra:<\/p>\n<ul>\n<li>Quando foi recebido<\/li>\n<li>Quais dados foram extra\u00eddos<\/li>\n<li>Quais valida\u00e7\u00f5es foram realizadas<\/li>\n<li>O que foi aprovado ou reprovado<\/li>\n<li>Quem analisou as exce\u00e7\u00f5es<\/li>\n<li>Quais decis\u00f5es foram tomadas<\/li>\n<li>Quando foi postado no sistema<\/li>\n<\/ul>\n\n<p>Documenta\u00e7\u00e3o completa. N\u00e3o h\u00e1 necessidade de registro manual. Tudo pronto para revis\u00e3o de auditoria.<\/p>\n\n\n<hr class=\"wp-block-separator has-alpha-channel-opacity\"\/>\n\n\n\n<h3 class=\"wp-block-heading\">O que isso significa para voc\u00ea<\/h3>\n\n\n\n<h4 class=\"wp-block-heading\">Para CFOs e l\u00edderes financeiros<\/h4>\n\n\n<p><strong>Menor custo por transa\u00e7\u00e3o:<\/strong><br \/>\nO processamento manual de uma fatura custa $10-$30, dependendo da complexidade. Com a IA, esse custo cai para $2-$5. Em escala, isso aumenta rapidamente.<\/p>\n\n<p><strong>Lidar com o crescimento sem aumentar o n\u00famero de funcion\u00e1rios:<\/strong><br \/>\nSua empresa dobra o volume de transa\u00e7\u00f5es? A IA \u00e9 dimensionada instantaneamente. Sem contrata\u00e7\u00e3o. Sem treinamento. Sem tempo de integra\u00e7\u00e3o.<\/p>\n\n<p><strong>Tempos de ciclo mais r\u00e1pidos:<\/strong><br \/>\nDocumentos processados no mesmo dia em vez de ficarem em filas por dias. Descontos de pagamento antecipados capturados. Melhor visibilidade do fluxo de caixa.<\/p>\n\n<p><strong>Melhor qualidade dos dados:<\/strong><br \/>\nSem erros de digita\u00e7\u00e3o. Nenhum campo faltando. Sem n\u00fameros transpostos. Dados mais limpos significam melhores relat\u00f3rios e menos corre\u00e7\u00f5es.<\/p>\n\n<p><strong>Visibilidade em tempo real:<\/strong><br \/>\nVeja exatamente o que est\u00e1 no pipeline. Quantas faturas est\u00e3o aguardando aprova\u00e7\u00e3o? Qual \u00e9 o passivo total? N\u00e3o h\u00e1 mais controle em planilhas.<\/p>\n\n\n<h4 class=\"wp-block-heading\">Para equipes de AP\/AR<\/h4>\n\n\n<p><strong>Pare de fazer a entrada de dados:<\/strong><br \/>\nN\u00e3o \u00e9 mais necess\u00e1rio digitar a partir de PDFs. N\u00e3o h\u00e1 mais necessidade de checagem dupla de n\u00fameros. A IA cuida da extra\u00e7\u00e3o. Voc\u00ea lida com as exce\u00e7\u00f5es e decis\u00f5es.<\/p>\n\n<p><strong>Concentre-se na solu\u00e7\u00e3o de problemas:<\/strong><br \/>\nEm vez de processar 50 faturas padr\u00e3o, voc\u00ea lida com as 5 que precisam de julgamento. Disputas com fornecedores. Pedidos de compra ausentes. Perguntas sobre pre\u00e7os. As coisas interessantes.<\/p>\n\n<p><strong>Menos estresse repetitivo:<\/strong><br \/>\nA digita\u00e7\u00e3o de centenas de faturas causa um esfor\u00e7o f\u00edsico real. A IA n\u00e3o fica com t\u00fanel do carpo. Sua equipe fica mais saud\u00e1vel.<\/p>\n\n<p><strong>Lide facilmente com os per\u00edodos de pico:<\/strong><br \/>\nAumento no final do m\u00eas? Aumento no final do trimestre? A IA n\u00e3o diminui a velocidade. N\u00e3o s\u00e3o necess\u00e1rias horas extras. N\u00e3o h\u00e1 estresse para acabar com a pilha.<\/p>\n\n<p><strong>Respostas mais r\u00e1pidas do fornecedor:<\/strong><br \/>\n\"Onde est\u00e1 meu pagamento?\" Voc\u00ea pode responder instantaneamente porque tudo est\u00e1 no sistema. Nada de procurar em e-mails ou pilhas de papel.<\/p>\n\n\n<h4 class=\"wp-block-heading\">Para toda a empresa<\/h4>\n\n\n<p><strong>Menos multas por atraso de pagamento:<\/strong><br \/>\nDocumentos processados mais rapidamente significam pagamentos feitos no prazo. N\u00e3o h\u00e1 mais taxas de atraso $50 porque uma fatura ficou parada no e-mail por uma semana.<\/p>\n\n<p><strong>Mais descontos para pagamentos antecipados:<\/strong><br \/>\nOs termos \"2\/10 l\u00edquido 30\" significam economia real. A IA processa com rapidez suficiente para realmente capturar esses descontos.<\/p>\n\n<p><strong>Melhores relacionamentos com os fornecedores:<\/strong><br \/>\nO processamento consistente e pontual faz de voc\u00ea um cliente melhor. Os fornecedores apreciam a previsibilidade.<\/p>\n\n<p><strong>Reembolsos mais r\u00e1pidos para os funcion\u00e1rios:<\/strong><br \/>\nRelat\u00f3rios de despesas processados em dias, n\u00e3o em semanas. Funcion\u00e1rios mais felizes por n\u00e3o estarem esperando por seu dinheiro.<\/p>\n\n\n<hr class=\"wp-block-separator has-alpha-channel-opacity\"\/>\n\n\n\n<h3 class=\"wp-block-heading\">Cen\u00e1rios comuns de processamento de documentos<\/h3>\n\n\n\n<h4 class=\"wp-block-heading\">Processamento de faturas<\/h4>\n\n\n<p>A fatura chega por e-mail. A IA:<\/p>\n<ol>\n<li>Extrai todos os dados da fatura em segundos<\/li>\n<li>Verifica o fornecedor em rela\u00e7\u00e3o \u00e0 lista mestre<\/li>\n<li>Corresponde ao PO se houver um<\/li>\n<li>Valida valores e c\u00e1lculos<\/li>\n<li>Roteiros para aprova\u00e7\u00e3o com base no valor e no departamento<\/li>\n<li>Cria uma entrada de AP em seu sistema<\/li>\n<li>Notifica o aprovador por meio de seu m\u00e9todo preferido<\/li>\n<\/ol>\n\n<p>Tempo total: Menos de um minuto. Envolvimento humano: Apenas decis\u00e3o de aprova\u00e7\u00e3o.<\/p>\n\n\n<h4 class=\"wp-block-heading\">Processamento de relat\u00f3rios de despesas<\/h4>\n\n\n<p>O funcion\u00e1rio envia um relat\u00f3rio de despesas com 12 recibos. A IA:<\/p>\n<ol>\n<li>L\u00ea todos os recibos, inclusive fotos de pap\u00e9is amassados<\/li>\n<li>Extrai o comerciante, a data e o valor de cada<\/li>\n<li>Verifica\u00e7\u00f5es em rela\u00e7\u00e3o \u00e0 pol\u00edtica da empresa (limites de valor, categorias permitidas)<\/li>\n<li>Sinaliza qualquer item fora da pol\u00edtica<\/li>\n<li>Preenche automaticamente o relat\u00f3rio de despesas<\/li>\n<li>Encaminhamento ao gerente para aprova\u00e7\u00e3o<\/li>\n<li>Filas para pagamento de reembolso<\/li>\n<\/ol>\n\n<p>O funcion\u00e1rio n\u00e3o digita nada. O gerente v\u00ea um resumo claro com todos os recibos anexados. O reembolso \u00e9 mais r\u00e1pido.<\/p>\n\n\n<h4 class=\"wp-block-heading\">Reconcilia\u00e7\u00e3o de extratos<\/h4>\n\n\n<p>Chegou o extrato banc\u00e1rio mensal. A IA:<\/p>\n<ol>\n<li>Extrai todas as transa\u00e7\u00f5es do extrato<\/li>\n<li>Corresponde a transa\u00e7\u00f5es em seu sistema<\/li>\n<li>Identifica itens n\u00e3o correspondentes em ambos os lados<\/li>\n<li>Sinaliza transa\u00e7\u00f5es incomuns (grandes quantias, benefici\u00e1rios desconhecidos)<\/li>\n<li>Cria um relat\u00f3rio de reconcilia\u00e7\u00e3o mostrando o que corresponde e o que n\u00e3o corresponde<\/li>\n<li>Apresenta exce\u00e7\u00f5es para revis\u00e3o humana<\/li>\n<\/ol>\n\n<p>O que antes levava horas agora leva minutos. Sua equipe se concentra apenas nos itens que n\u00e3o correspondem automaticamente.<\/p>\n\n\n<hr class=\"wp-block-separator has-alpha-channel-opacity\"\/>\n\n\n\n<h3 class=\"wp-block-heading\">O que a IA n\u00e3o pode fazer<\/h3>\n\n\n<p>Vamos ser honestos com rela\u00e7\u00e3o \u00e0s limita\u00e7\u00f5es:<\/p>\n\n<p><strong>Ele n\u00e3o consegue lidar com situa\u00e7\u00f5es realmente \u00fanicas:<\/strong><br \/>\nFaturas padr\u00e3o? Perfeitas. Mas aquele contrato de licenciamento \u00fanico com condi\u00e7\u00f5es de pagamento incomuns? Ainda precisa de revis\u00e3o humana.<\/p>\n\n<p><strong>Ele n\u00e3o pode fazer julgamentos:<\/strong><br \/>\nDevemos pagar essa fatura contestada? Vale a pena manter esse relacionamento com o fornecedor? Essas s\u00e3o decis\u00f5es comerciais, n\u00e3o decis\u00f5es de processamento.<\/p>\n\n<p><strong>N\u00e3o \u00e9 poss\u00edvel ler documentos completamente destru\u00eddos:<\/strong><br \/>\nSe um ser humano n\u00e3o conseguir distinguir os n\u00fameros, a IA tamb\u00e9m n\u00e3o conseguir\u00e1. Documentos muito danificados ainda precisam de interven\u00e7\u00e3o humana.<\/p>\n\n<p><strong>Ele n\u00e3o consegue lidar com acordos verbais:<\/strong><br \/>\n\"Eu disse a eles que pagar\u00edamos at\u00e9 sexta-feira\" s\u00f3 \u00e9 importante se estiver documentado. A IA trabalha com o que est\u00e1 escrito, n\u00e3o com o que foi dito.<\/p>\n\n<p><strong>Ele precisa de dados claros para extrair:<\/strong><br \/>\nSe faltarem informa\u00e7\u00f5es essenciais no documento, a IA sinalizar\u00e1 o fato, mas n\u00e3o poder\u00e1 inventar os dados. Algu\u00e9m ainda ter\u00e1 que encontrar o n\u00famero da fatura que est\u00e1 faltando.<\/p>\n\n<p>A IA lida com o processamento de rotina de forma brilhante. Todo o resto ainda precisa do conhecimento da sua equipe.<\/p>\n\n\n<hr class=\"wp-block-separator has-alpha-channel-opacity\"\/>\n\n\n\n<h3 class=\"wp-block-heading\">Primeiros passos<\/h3>\n\n\n<p>A IA para processamento de documentos funciona melhor quando voc\u00ea come\u00e7a com foco:<\/p>\n\n<p><strong>Escolha um tipo de documento primeiro:<\/strong><br \/>\nN\u00e3o tente automatizar tudo de uma vez. Comece com seu tipo de documento de maior volume. Normalmente, faturas ou recibos de despesas.<\/p>\n\n<p><strong>Comece com seus dados mais limpos:<\/strong><br \/>\nOs principais fornecedores com formata\u00e7\u00e3o consistente s\u00e3o os mais f\u00e1ceis. Obtenha vit\u00f3rias primeiro, depois expanda para documentos mais vari\u00e1veis.<\/p>\n\n<p><strong>Mantenha os humanos informados inicialmente:<\/strong><br \/>\nDeixe a IA processar, mas pe\u00e7a \u00e0 sua equipe para revisar tudo primeiro. Crie confian\u00e7a no sistema. Ajuste as regras de valida\u00e7\u00e3o.<\/p>\n\n<p><strong>Me\u00e7a a economia de tempo:<\/strong><br \/>\nAcompanhe o tempo de processamento antes e depois. Me\u00e7a as taxas de erro. Documente a melhoria. Isso prova o valor.<\/p>\n\n<p><strong>Expandir gradualmente:<\/strong><br \/>\nQuando um tipo de documento funcionar bem, adicione outro. Desenvolva seus recursos de processamento automatizado ao longo do tempo.<\/p>\n\n<p>Isso n\u00e3o \u00e9 tudo ou nada. Voc\u00ea pode come\u00e7ar pequeno, provar o valor e depois aumentar a escala.<\/p>\n\n\n<hr class=\"wp-block-separator has-alpha-channel-opacity\"\/>\n\n\n\n<h3 class=\"wp-block-heading\">Pronto para parar de processar documentos manualmente?<\/h3>\n\n\n<p>Cada departamento financeiro tem diferentes volumes de documentos, formatos e fluxos de trabalho. Solu\u00e7\u00f5es padronizadas n\u00e3o funcionam.<\/p>\n<p>Analisamos seus documentos reais. Seus sistemas. Seus processos de aprova\u00e7\u00e3o. Suas necessidades de tratamento de exce\u00e7\u00f5es.<\/p>\n<p>Em seguida, criamos um processamento de documentos com IA que se adapta \u00e0 forma como voc\u00ea realmente trabalha. N\u00e3o em teoria. N\u00e3o modelos gen\u00e9ricos. Seus fluxos de trabalho espec\u00edficos.<\/p>\n<p>Come\u00e7amos com pouco. Provamos que funciona. Depois, expandimos. Sem grandes investimentos iniciais. Sem interrup\u00e7\u00e3o das opera\u00e7\u00f5es em andamento.<\/p>\n\n<p><strong><a href=\"https:\/\/www.leaplytics.de\/pt_br\/contato\/\">Fale conosco sobre seu processamento de documentos<\/a><\/strong><\/p>\n\n<p><a href=\"https:\/\/www.leaplytics.de\/pt_br\/financas-ai\/\">Voltar para Vis\u00e3o geral da IA financeira<\/a><\/p>","protected":false},"excerpt":{"rendered":"<p>AI for Financial Document Processing: Stop Typing. Start Analyzing. Your finance team processes hundreds or thousands of documents every month. Invoices. Receipts. Bank statements. Expense reports. Purchase orders. Contracts. Someone has to read every one. Extract the data. Type it into your system. Check it&#8217;s correct. Match it to other documents. File it properly. That&#8217;s &hellip; <\/p>","protected":false},"author":2,"featured_media":0,"parent":0,"menu_order":0,"comment_status":"closed","ping_status":"closed","template":"","meta":{"footnotes":""},"class_list":["post-14429","page","type-page","status-publish","hentry","latest_post"],"_links":{"self":[{"href":"https:\/\/www.leaplytics.de\/pt_br\/wp-json\/wp\/v2\/pages\/14429","targetHints":{"allow":["GET"]}}],"collection":[{"href":"https:\/\/www.leaplytics.de\/pt_br\/wp-json\/wp\/v2\/pages"}],"about":[{"href":"https:\/\/www.leaplytics.de\/pt_br\/wp-json\/wp\/v2\/types\/page"}],"author":[{"embeddable":true,"href":"https:\/\/www.leaplytics.de\/pt_br\/wp-json\/wp\/v2\/users\/2"}],"replies":[{"embeddable":true,"href":"https:\/\/www.leaplytics.de\/pt_br\/wp-json\/wp\/v2\/comments?post=14429"}],"version-history":[{"count":1,"href":"https:\/\/www.leaplytics.de\/pt_br\/wp-json\/wp\/v2\/pages\/14429\/revisions"}],"predecessor-version":[{"id":14430,"href":"https:\/\/www.leaplytics.de\/pt_br\/wp-json\/wp\/v2\/pages\/14429\/revisions\/14430"}],"wp:attachment":[{"href":"https:\/\/www.leaplytics.de\/pt_br\/wp-json\/wp\/v2\/media?parent=14429"}],"curies":[{"name":"wp","href":"https:\/\/api.w.org\/{rel}","templated":true}]}}